{"id":3804,"date":"2025-09-20T08:17:13","date_gmt":"2025-09-20T00:17:13","guid":{"rendered":"https:\/\/www.tairuiauto.com\/?post_type=product&#038;p=3804"},"modified":"2025-09-20T08:16:22","modified_gmt":"2025-09-20T00:16:22","slug":"1-8m-automatic-unloading-tricycle","status":"publish","type":"product","link":"https:\/\/www.tairuiauto.com\/fr\/product\/1-8m-automatic-unloading-tricycle\/","title":{"rendered":"1.8m d\u00e9chargement automatique tricycle"},"content":{"rendered":"<h3 data-start=\"238\" data-end=\"263\">Description du produit<\/h3>\n<p data-start=\"264\" data-end=\"753\">\u00a0\u00c9quip\u00e9 d'un moteur 60V 1200W et d'une fonction de d\u00e9chargement automatique, ce <em data-start=\"495\" data-end=\"527\">tricycle \u00e9lectrique auto-dumping<\/em> est id\u00e9al pour les chantiers de construction, la collecte de d\u00e9chets, l'agriculture et la logistique lourde.<\/p>\n<table style=\"border-collapse: collapse; width: 71.5191%; height: 653px;\" border=\"0\" width=\"686\" cellspacing=\"0\" cellpadding=\"0\">\n<tbody>\n<tr style=\"height: 20.00pt;\">\n<td class=\"et3\" style=\"height: 20pt; width: 39.3342%;\" width=\"334\" height=\"33\">Mod\u00e8le<\/td>\n<td class=\"et3\" style=\"width: 60.5425%;\" width=\"352\">1.8m d\u00e9chargement automatique Tricyc<\/td>\n<\/tr>\n<tr style=\"height: 20.00pt;\">\n<td class=\"et4\" style=\"height: 20pt; width: 39.3342%;\" width=\"334\" height=\"33\">Taille globale<\/td>\n<td class=\"et4\" style=\"width: 60.5425%;\" width=\"352\">3330mm * 1298mm * 1440mm<\/td>\n<\/tr>\n<tr style=\"height: 20.00pt;\">\n<td class=\"et4\" style=\"height: 20pt; width: 39.3342%;\" width=\"334\" height=\"33\">instrument<\/td>\n<td class=\"et4\" style=\"width: 60.5425%;\" width=\"352\">Instrument \u00e9lectronique avec tableau de bord<\/td>\n<\/tr>\n<tr style=\"height: 20.00pt;\">\n<td class=\"et4\" style=\"height: 20pt; width: 39.3342%;\" width=\"334\" height=\"33\">contr\u00f4leur<\/td>\n<td class=\"et4\" style=\"width: 60.5425%;\" width=\"352\">24 tubes<\/td>\n<\/tr>\n<tr style=\"height: 20.00pt;\">\n<td class=\"et4\" style=\"height: 20pt; width: 39.3342%;\" width=\"334\" height=\"33\">essieu arri\u00e8re<\/td>\n<td class=\"et4\" style=\"width: 60.5425%;\" width=\"352\">Essieu arri\u00e8re s\u00e9par\u00e9<\/td>\n<\/tr>\n<tr style=\"height: 20.00pt;\">\n<td class=\"et4\" style=\"height: 20pt; width: 39.3342%;\" width=\"334\" height=\"33\">Frein avant<\/td>\n<td class=\"et4\" style=\"width: 60.5425%;\" width=\"352\">43 amortissement \/ frein avant 110<\/td>\n<\/tr>\n<tr style=\"height: 20.00pt;\">\n<td class=\"et4\" style=\"height: 20pt; width: 39.3342%;\" width=\"334\" height=\"33\">Frein arri\u00e8re<\/td>\n<td class=\"et4\" style=\"width: 60.5425%;\" width=\"352\">180 frein \u00e0 tambour<\/td>\n<\/tr>\n<tr style=\"height: 20.00pt;\">\n<td class=\"et4\" style=\"height: 20pt; width: 39.3342%;\" width=\"334\" height=\"33\">Gradabilit\u00e9<\/td>\n<td class=\"et4\" style=\"width: 60.5425%;\" width=\"352\">15\u00b0<\/td>\n<\/tr>\n<tr style=\"height: 20.00pt;\">\n<td class=\"et4\" style=\"height: 20pt; width: 39.3342%;\" width=\"334\" height=\"33\">Phare<\/td>\n<td class=\"et4\" style=\"width: 60.5425%;\" width=\"352\">Ordinaire bulbe grande<\/td>\n<\/tr>\n<tr style=\"height: 20.00pt;\">\n<td class=\"et4\" style=\"height: 20pt; width: 39.3342%;\" width=\"334\" height=\"33\">Charger<\/td>\n<td class=\"et4\" style=\"width: 60.5425%;\" width=\"352\">275 kg<\/td>\n<\/tr>\n<tr style=\"height: 20.00pt;\">\n<td class=\"et4\" style=\"height: 20pt; width: 39.3342%;\" width=\"334\" height=\"33\">bordure<\/td>\n<td class=\"et4\" style=\"width: 60.5425%;\" width=\"352\">Roue de fer<\/td>\n<\/tr>\n<tr style=\"height: 20.00pt;\">\n<td class=\"et4\" style=\"height: 20pt; width: 39.3342%;\" width=\"334\" height=\"33\">E-moteur<\/td>\n<td class=\"et4\" style=\"width: 60.5425%;\" width=\"352\">60V 1200W vitesse variable<\/td>\n<\/tr>\n<tr style=\"height: 31.00pt;\">\n<td class=\"et4\" style=\"height: 31pt; width: 39.3342%;\" width=\"334\" height=\"51\">Suspension avant<\/td>\n<td class=\"et4\" style=\"width: 60.5425%;\" width=\"352\">Amortisseur avec hydraulique<\/td>\n<\/tr>\n<tr style=\"height: 20.00pt;\">\n<td class=\"et4\" style=\"height: 20pt; width: 39.3342%;\" width=\"334\" height=\"33\">Suspension arri\u00e8re<\/td>\n<td class=\"et4\" style=\"width: 60.5425%;\" width=\"352\">Absorption arri\u00e8re du ressort en plaque d'acier renforc\u00e9<\/td>\n<\/tr>\n<tr style=\"height: 20.00pt;\">\n<td class=\"et4\" style=\"height: 20pt; width: 39.3342%;\" width=\"334\" height=\"33\">Vitesse maximale<\/td>\n<td class=\"et4\" style=\"width: 60.5425%;\" width=\"352\">45 Km\/h<\/td>\n<\/tr>\n<tr style=\"height: 20.00pt;\">\n<td class=\"et4\" style=\"height: 20pt; width: 39.3342%;\" width=\"334\" height=\"33\">Pneumatiques (F\/R)<\/td>\n<td class=\"et4\" style=\"width: 60.5425%;\" width=\"352\">Roue avant 4.00-12 \/ Roue arri\u00e8re 4.50-12<\/td>\n<\/tr>\n<tr style=\"height: 34.00pt;\">\n<td class=\"et4\" style=\"height: 34pt; width: 39.3342%;\" width=\"334\" height=\"56\">Kilom\u00e9trage par charge<\/td>\n<td class=\"et4\" style=\"width: 60.5425%;\" width=\"352\">60<\/td>\n<\/tr>\n<tr style=\"height: 20.00pt;\">\n<td class=\"et4\" style=\"height: 20pt; width: 39.3342%;\" width=\"334\" height=\"33\">Batterie<\/td>\n<td class=\"et4\" style=\"width: 60.5425%;\" width=\"352\">Batterie d'eau 60V120A<\/td>\n<\/tr>\n<tr style=\"height: 20.00pt;\">\n<td class=\"et4\" style=\"height: 20pt; width: 39.3342%;\" width=\"334\" height=\"33\">Temps de charge<\/td>\n<td class=\"et4\" style=\"width: 60.5425%;\" width=\"352\">8-10 heures<\/td>\n<\/tr>\n<\/tbody>\n<\/table>\n<p>&nbsp;<\/p>\n<hr \/>\n<p>&nbsp;<\/p>\n<h3 data-start=\"755\" data-end=\"779\">Points de vente cl\u00e9s<\/h3>\n<ol data-start=\"780\" data-end=\"1238\">\n<li data-start=\"780\" data-end=\"895\">\n<p data-start=\"783\" data-end=\"895\"><strong data-start=\"783\" data-end=\"813\">Syst\u00e8me de d\u00e9chargement automatique<\/strong> \u2013 La fonctionnalit\u00e9 unique d\u2019auto-dumping permet d\u2019\u00e9conomiser du temps et de la main-d\u2019\u0153uvre dans les op\u00e9rations logistiques.<\/p>\n<\/li>\n<li data-start=\"896\" data-end=\"993\">\n<p data-start=\"899\" data-end=\"993\"><strong data-start=\"899\" data-end=\"927\">Moteur puissant 60V 1200W<\/strong> Assure des performances fiables sur les pentes et les routes lourdes.<\/p>\n<\/li>\n<li data-start=\"994\" data-end=\"1113\">\n<p data-start=\"997\" data-end=\"1113\"><strong data-start=\"997\" data-end=\"1026\">Haute efficacit\u00e9 Endurance<\/strong> \u2013 Avec une autonomie de 60 km par charge, ce <em data-start=\"1063\" data-end=\"1081\">cargo e-tricycle<\/em> Soutient les op\u00e9rations de journ\u00e9e enti\u00e8re.<\/p>\n<\/li>\n<li data-start=\"1114\" data-end=\"1238\">\n<p data-start=\"1117\" data-end=\"1238\"><strong data-start=\"1117\" data-end=\"1145\">Alternative \u00e9cologique<\/strong> \u2013 \u00c9missions z\u00e9ro <em data-start=\"1162\" data-end=\"1186\">\u00e9lectrique \u00e0 trois roues<\/em> r\u00e9duit les co\u00fbts d'exploitation et l'impact environnemental.<\/p>\n<\/li>\n<\/ol>\n<h3 data-start=\"4923\" data-end=\"4947\"><\/h3>\n<hr \/>\n<p>&nbsp;<\/p>\n<h3 data-start=\"1240\" data-end=\"1271\">Avantages diff\u00e9renci\u00e9s<\/h3>\n<ol data-start=\"1272\" data-end=\"1745\">\n<li data-start=\"1272\" data-end=\"1394\">\n<p data-start=\"1275\" data-end=\"1394\"><strong data-start=\"1275\" data-end=\"1309\">Stabilit\u00e9 de la suspension hydraulique<\/strong> \u2013 Protection de la course et de la charge en douceur avec des amortisseurs hydrauliques et en acier.<\/p>\n<\/li>\n<li data-start=\"1395\" data-end=\"1495\">\n<p data-start=\"1398\" data-end=\"1495\"><strong data-start=\"1398\" data-end=\"1423\">Conception de charge utile forte<\/strong> \u2013 Porte jusqu\u2019\u00e0 275 kg avec roues en fer renforc\u00e9 et cadre durable.<\/p>\n<\/li>\n<li data-start=\"1496\" data-end=\"1617\">\n<p data-start=\"1499\" data-end=\"1617\"><strong data-start=\"1499\" data-end=\"1527\">Caract\u00e9ristiques de s\u00e9curit\u00e9 fiables<\/strong> \u2013 \u00c9quip\u00e9 de freins amortisseurs avant et de freins \u00e0 tambour arri\u00e8re pour un arr\u00eat s\u00fbr.<\/p>\n<\/li>\n<li data-start=\"1618\" data-end=\"1745\">\n<p data-start=\"1621\" data-end=\"1745\"><strong data-start=\"1621\" data-end=\"1650\">Qualit\u00e9 de construction standard de l'UE<\/strong> Performance certifi\u00e9e garantissant la conformit\u00e9 aux exigences internationales en mati\u00e8re de v\u00e9hicules de fret.<\/p>\n<\/li>\n<\/ol>\n<h3 data-start=\"4923\" data-end=\"4947\"><\/h3>\n<hr \/>\n<p>&nbsp;<\/p>\n<h3 data-start=\"2003\" data-end=\"2029\">Param\u00e8tres techniques<\/h3>\n<ul data-start=\"2030\" data-end=\"2294\">\n<li data-start=\"2030\" data-end=\"2054\">\n<p data-start=\"2032\" data-end=\"2054\">Contr\u00f4leur: 24 tubes<\/p>\n<\/li>\n<li data-start=\"2055\" data-end=\"2080\">\n<p data-start=\"2057\" data-end=\"2080\">Essieu arri\u00e8re: Essieu divis\u00e9<\/p>\n<\/li>\n<li data-start=\"2081\" data-end=\"2135\">\n<p data-start=\"2083\" data-end=\"2135\">Frein avant: 43 amortissement \/ frein avant 110<\/p>\n<\/li>\n<li data-start=\"2136\" data-end=\"2166\">\n<p data-start=\"2138\" data-end=\"2166\">Fren arri\u00e8re: 180 frein \u00e0 tambour<\/p>\n<\/li>\n<li data-start=\"2167\" data-end=\"2206\">\n<p data-start=\"2169\" data-end=\"2206\">Pneus: Avant 4.00-12 \/ Arri\u00e8re 4.50-12<\/p>\n<\/li>\n<li data-start=\"2207\" data-end=\"2232\">\n<p data-start=\"2209\" data-end=\"2232\">Capacit\u00e9 d'escalade: 15\u00b0<\/p>\n<\/li>\n<li data-start=\"2233\" data-end=\"2264\">\n<p data-start=\"2235\" data-end=\"2264\">Lumi\u00e8res: Ampoule grande standard<\/p>\n<\/li>\n<li data-start=\"2265\" data-end=\"2294\">\n<p data-start=\"2267\" data-end=\"2294\">Temps de charge: 8-10 heures<\/p>\n<\/li>\n<\/ul>\n<h3 data-start=\"2296\" data-end=\"2311\">Mat\u00e9riaux<\/h3>\n<p data-start=\"2312\" data-end=\"2379\">Chassis en acier renforc\u00e9, roues en fer et suspension lourde.<\/p>\n<h3 data-start=\"2381\" data-end=\"2397\">Apparence<\/h3>\n<p data-start=\"2398\" data-end=\"2492\">Con\u00e7u avec une structure robuste, optimis\u00e9 pour le transport de marchandises avec capacit\u00e9 d'auto-dumping.<\/p>\n<h3 data-start=\"2494\" data-end=\"2506\">Conception<\/h3>\n<p data-start=\"2507\" data-end=\"2584\">Utilit\u00e9 ax\u00e9e 1.8m large corps et lit de charge avec syst\u00e8me de levage automatique.<\/p>\n<h3 data-start=\"2586\" data-end=\"2609\">personnalisation OEM<\/h3>\n<p data-start=\"2610\" data-end=\"2678\">Disponible avec des mises \u00e0 niveau optionnelles de marque, de peinture et de conception de carrosserie.<\/p>\n<h3 data-start=\"2680\" data-end=\"2701\">Contr\u00f4le qualit\u00e9<\/h3>\n<p data-start=\"2702\" data-end=\"2790\">Fabriqu\u00e9 sous une inspection stricte, test\u00e9 \u00e0 l'endurance et certifi\u00e9 \u00e0 l'\u00e9chelle internationale.<\/p>\n<h3 data-start=\"2792\" data-end=\"2817\">Service apr\u00e8s-vente<\/h3>\n<p data-start=\"2818\" data-end=\"2890\">Comprend le support technique, la fourniture de pi\u00e8ces d\u00e9tach\u00e9es et les services de garantie.<\/p>\n<h3 data-start=\"2892\" data-end=\"2916\">Champs d'application<\/h3>\n<ul data-start=\"2917\" data-end=\"3044\">\n<li data-start=\"2917\" data-end=\"2948\">\n<p data-start=\"2919\" data-end=\"2948\">Logistique du chantier de construction<\/p>\n<\/li>\n<li data-start=\"2949\" data-end=\"2991\">\n<p data-start=\"2951\" data-end=\"2991\">Approvisionnement agricole et traitement des d\u00e9chets<\/p>\n<\/li>\n<li data-start=\"2992\" data-end=\"3017\">\n<p data-start=\"2994\" data-end=\"3017\">Gestion des d\u00e9chets urbains<\/p>\n<\/li>\n<li data-start=\"3018\" data-end=\"3044\">\n<p data-start=\"3020\" data-end=\"3044\">Distribution en gros<\/p>\n<\/li>\n<\/ul>\n<h3 data-start=\"3046\" data-end=\"3066\">M\u00e9thode de paiement<\/h3>\n<p data-start=\"3067\" data-end=\"3116\">T \/ T, L \/ C et r\u00e8glement commercial mondial accept\u00e9.<\/p>\n<h3 data-start=\"4923\" data-end=\"4947\">\u00a0 \u00a0 \u00a0 \u00a0 \u00a0 <img fetchpriority=\"high\" decoding=\"async\" class=\"alignnone size-medium wp-image-3808\" src=\"https:\/\/www.tairuiauto.com\/wp-content\/uploads\/2025\/09\/3-17-300x300.jpg\" alt=\"\" width=\"300\" height=\"300\" srcset=\"\" sizes=\"(max-width: 300px) 100vw, 300px\" data-srcset=\"\" \/>\u00a0 \u00a0 \u00a0 \u00a0 \u00a0\u00a0 <img decoding=\"async\" class=\"alignnone size-medium wp-image-3807\" src=\"https:\/\/www.tairuiauto.com\/wp-content\/uploads\/2025\/09\/2-18-300x300.jpg\" alt=\"\" width=\"300\" height=\"300\" srcset=\"\" sizes=\"(max-width: 300px) 100vw, 300px\" data-srcset=\"\" \/>\u00a0 \u00a0 \u00a0 \u00a0 \u00a0\u00a0 <img decoding=\"async\" class=\"alignnone size-medium wp-image-3809\" src=\"https:\/\/www.tairuiauto.com\/wp-content\/uploads\/2025\/09\/4-16-300x300.jpg\" alt=\"\" width=\"300\" height=\"300\" srcset=\"\" sizes=\"(max-width: 300px) 100vw, 300px\" data-srcset=\"\" \/><\/h3>\n<hr \/>\n<p>&nbsp;<\/p>\n<h3 data-start=\"3118\" data-end=\"3127\">FAQ (questions fr\u00e9quentes)<\/h3>\n<p data-start=\"3128\" data-end=\"3261\"><strong data-start=\"3128\" data-end=\"3191\">Q1: Qu'est-ce qui le rend diff\u00e9rent des tricycles de fret r\u00e9guliers?<\/strong><br data-start=\"3191\" data-end=\"3194\" \/>A1: Il a une fonction de d\u00e9chargement automatique pour une efficacit\u00e9 plus \u00e9lev\u00e9e.<\/p>\n<p data-start=\"3263\" data-end=\"3341\"><strong data-start=\"3263\" data-end=\"3304\">Q2: Quelle est l'endurance par charge?<\/strong><br data-start=\"3304\" data-end=\"3307\" \/>A2 : Environ 60 km par charge compl\u00e8te.<\/p>\n<p data-start=\"3343\" data-end=\"3399\"><strong data-start=\"3343\" data-end=\"3379\">Q3: Combien de temps prend la charge?<\/strong><br data-start=\"3379\" data-end=\"3382\" \/>A3 : 8 \u00e0 10 heures.<\/p>\n<p data-start=\"3401\" data-end=\"3466\"><strong data-start=\"3401\" data-end=\"3429\">Q4: Peut-il grimper les pentes?<\/strong><br data-start=\"3429\" data-end=\"3432\" \/>A4: Oui, il peut grimper jusqu'\u00e0 15\u00b0.<\/p>","protected":false},"excerpt":{"rendered":"<p>Le <strong data-start=\"268\" data-end=\"305\">1.8m d\u00e9chargement automatique tricycle<\/strong> est une solution de fret \u00e9lectrique puissante et innovante con\u00e7ue pour les entreprises qui ont besoin de chargement et de d\u00e9chargement rapides. \u00c9quip\u00e9 d'un moteur 60V 1200W et d'une fonction de d\u00e9chargement automatique, ce <em data-start=\"495\" data-end=\"527\">tricycle \u00e9lectrique auto-dumping<\/em> est id\u00e9al pour les chantiers de construction, la collecte de d\u00e9chets, l'agriculture et la logistique lourde. Sa capacit\u00e9 de charge utile de 275 kg et son endurance de 60 km en font un remplacement fiable pour les petits camions \u00e0 carburant dans la distribution urbaine et rurale.<\/p>","protected":false},"featured_media":3806,"comment_status":"open","ping_status":"closed","template":"","meta":[],"product_brand":[],"product_cat":[78],"product_tag":[],"class_list":{"0":"post-3804","1":"product","2":"type-product","3":"status-publish","4":"has-post-thumbnail","6":"product_cat-electric-tricycle","8":"first","9":"instock","10":"shipping-taxable","11":"product-type-simple"},"_links":{"self":[{"href":"https:\/\/www.tairuiauto.com\/fr\/wp-json\/wp\/v2\/product\/3804","targetHints":{"allow":["GET"]}}],"collection":[{"href":"https:\/\/www.tairuiauto.com\/fr\/wp-json\/wp\/v2\/product"}],"about":[{"href":"https:\/\/www.tairuiauto.com\/fr\/wp-json\/wp\/v2\/types\/product"}],"replies":[{"embeddable":true,"href":"https:\/\/www.tairuiauto.com\/fr\/wp-json\/wp\/v2\/comments?post=3804"}],"wp:featuredmedia":[{"embeddable":true,"href":"https:\/\/www.tairuiauto.com\/fr\/wp-json\/wp\/v2\/media\/3806"}],"wp:attachment":[{"href":"https:\/\/www.tairuiauto.com\/fr\/wp-json\/wp\/v2\/media?parent=3804"}],"wp:term":[{"taxonomy":"product_brand","embeddable":true,"href":"https:\/\/www.tairuiauto.com\/fr\/wp-json\/wp\/v2\/product_brand?post=3804"},{"taxonomy":"product_cat","embeddable":true,"href":"https:\/\/www.tairuiauto.com\/fr\/wp-json\/wp\/v2\/product_cat?post=3804"},{"taxonomy":"product_tag","embeddable":true,"href":"https:\/\/www.tairuiauto.com\/fr\/wp-json\/wp\/v2\/product_tag?post=3804"}],"curies":[{"name":"WP","href":"https:\/\/api.w.org\/{rel}","templated":true}]}}