{"id":3849,"date":"2025-09-23T10:00:41","date_gmt":"2025-09-23T02:00:41","guid":{"rendered":"https:\/\/www.tairuiauto.com\/?post_type=product&#038;p=3849"},"modified":"2025-09-24T09:16:17","modified_gmt":"2025-09-24T01:16:17","slug":"1500w-motor-tuk-tuk","status":"publish","type":"product","link":"https:\/\/www.tairuiauto.com\/fr\/product\/1500w-motor-tuk-tuk\/","title":{"rendered":"1500W moteur tuk tuk"},"content":{"rendered":"<h3 data-start=\"419\" data-end=\"444\">Description du produit<\/h3>\n<p data-start=\"445\" data-end=\"1008\">\u00a0Construit avec un puissant moteur AC 60V1500W et un contr\u00f4leur adaptatif, ce tuk tuk \u00e9lectrique offre une acc\u00e9l\u00e9ration douce, une excellente capacit\u00e9 d'escalade et une longue autonomie de conduite, ce qui le rend id\u00e9al pour le transport de passagers urbains et semi-urbains.<\/p>\n<table style=\"border-collapse: collapse; width: 75.1719%; height: 689px;\" border=\"0\" width=\"720\" cellspacing=\"0\" cellpadding=\"0\">\n<tbody>\n<tr style=\"height: 20.00pt;\">\n<td class=\"et4\" style=\"height: 20.00pt; width: 159.05pt;\" width=\"265\" height=\"33\">Mod\u00e8le<\/td>\n<td class=\"et4\" style=\"width: 273.40pt;\" width=\"455\">1500W moteur Tuk Tuk<\/td>\n<\/tr>\n<tr style=\"height: 20.00pt;\">\n<td class=\"et5\" style=\"height: 20.00pt; width: 159.05pt;\" width=\"265\" height=\"33\">Taille globale<\/td>\n<td class=\"et5\" style=\"width: 273.40pt;\" width=\"455\">2750 * 1300 * 2000mm<\/td>\n<\/tr>\n<tr style=\"height: 20.00pt;\">\n<td class=\"et5\" style=\"height: 20.00pt; width: 159.05pt;\" width=\"265\" height=\"33\">compteurs<\/td>\n<td class=\"et5\" style=\"width: 273.40pt;\" width=\"455\">\u00c9lectrique avec tableau de bord<\/td>\n<\/tr>\n<tr style=\"height: 33.00pt;\">\n<td class=\"et5\" style=\"height: 33.00pt; width: 159.05pt;\" width=\"265\" height=\"55\">contr\u00f4leur<\/td>\n<td class=\"et5\" style=\"width: 273.40pt;\" width=\"455\">60\/72V4000wAdaptable, adapt\u00e9 \u00e0 la limite sup\u00e9rieure de tension de batterie de phosphate de lithium-fer 93v, limite inf\u00e9rieure 63v<\/td>\n<\/tr>\n<tr style=\"height: 20.00pt;\">\n<td class=\"et5\" style=\"height: 20.00pt; width: 159.05pt;\" width=\"265\" height=\"33\">essieu arri\u00e8re<\/td>\n<td class=\"et5\" style=\"width: 273.40pt;\" width=\"455\">Frein \u00e0 moyeu d'huile, bielle de cage \u00e0 billes d'automobile<\/td>\n<\/tr>\n<tr style=\"height: 20.00pt;\">\n<td class=\"et5\" style=\"height: 20.00pt; width: 159.05pt;\" width=\"265\" height=\"33\">Frein avant<\/td>\n<td class=\"et5\" style=\"width: 273.40pt;\" width=\"455\">Fren \u00e0 disque de diam\u00e8tre 180mm<\/td>\n<\/tr>\n<tr style=\"height: 20.00pt;\">\n<td class=\"et5\" style=\"height: 20.00pt; width: 159.05pt;\" width=\"265\" height=\"33\">Frein arri\u00e8re<\/td>\n<td class=\"et5\" style=\"width: 273.40pt;\" width=\"455\">frein \u00e0 tambour hydraulique de diam\u00e8tre 220mm<\/td>\n<\/tr>\n<tr style=\"height: 20.00pt;\">\n<td class=\"et5\" style=\"height: 20.00pt; width: 159.05pt;\" width=\"265\" height=\"33\">Gradabilit\u00e9<\/td>\n<td class=\"et5\" style=\"width: 273.40pt;\" width=\"455\">25\u00b0<\/td>\n<\/tr>\n<tr style=\"height: 20.00pt;\">\n<td class=\"et5\" style=\"height: 20.00pt; width: 159.05pt;\" width=\"265\" height=\"33\">Phare<\/td>\n<td class=\"et5\" style=\"width: 273.40pt;\" width=\"455\">Normale<\/td>\n<\/tr>\n<tr style=\"height: 20.00pt;\">\n<td class=\"et5\" style=\"height: 20.00pt; width: 159.05pt;\" width=\"265\" height=\"33\">Capacit\u00e9 de chargement<\/td>\n<td class=\"et5\" style=\"width: 273.40pt;\" width=\"455\">D 3 personnes<\/td>\n<\/tr>\n<tr style=\"height: 20.00pt;\">\n<td class=\"et5\" style=\"height: 20.00pt; width: 159.05pt;\" width=\"265\" height=\"33\">autre option<\/td>\n<td class=\"et5\" style=\"width: 273.40pt;\" width=\"455\">Fren \u00e0 pied Fren \u00e0 main en un<\/td>\n<\/tr>\n<tr style=\"height: 20.00pt;\">\n<td class=\"et5\" style=\"height: 20.00pt; width: 159.05pt;\" width=\"265\" height=\"33\">bordure<\/td>\n<td class=\"et5\" style=\"width: 273.40pt;\" width=\"455\">Roues de fer<\/td>\n<\/tr>\n<tr style=\"height: 20.00pt;\">\n<td class=\"et5\" style=\"height: 20.00pt; width: 159.05pt;\" width=\"265\" height=\"33\">E-moteur<\/td>\n<td class=\"et5\" style=\"width: 273.40pt;\" width=\"455\">AC-60V1500W<\/td>\n<\/tr>\n<tr style=\"height: 20.00pt;\">\n<td class=\"et5\" style=\"height: 20.00pt; width: 159.05pt;\" width=\"265\" height=\"33\">Suspension avant<\/td>\n<td class=\"et5\" style=\"width: 273.40pt;\" width=\"455\">Fourche avant amortissante \u00e0 double \u00e9paule<\/td>\n<\/tr>\n<tr style=\"height: 20.00pt;\">\n<td class=\"et5\" style=\"height: 20.00pt; width: 159.05pt;\" width=\"265\" height=\"33\">Suspension arri\u00e8re<\/td>\n<td class=\"et5\" style=\"width: 273.40pt;\" width=\"455\">Pendue ind\u00e9pendance<\/td>\n<\/tr>\n<tr style=\"height: 20.00pt;\">\n<td class=\"et5\" style=\"height: 20.00pt; width: 159.05pt;\" width=\"265\" height=\"33\">Vitesse maximale<\/td>\n<td class=\"et5\" style=\"width: 273.40pt;\" width=\"455\">55 Km\/h<\/td>\n<\/tr>\n<tr style=\"height: 20.00pt;\">\n<td class=\"et5\" style=\"height: 20.00pt; width: 159.05pt;\" width=\"265\" height=\"33\">Pneus (F\/R)<\/td>\n<td class=\"et5\" style=\"width: 273.40pt;\" width=\"455\">4.00-10<\/td>\n<\/tr>\n<tr style=\"height: 20.00pt;\">\n<td class=\"et5\" style=\"height: 20.00pt; width: 159.05pt;\" width=\"265\" height=\"33\">Kilom\u00e9trage par charge<\/td>\n<td class=\"et5\" style=\"width: 273.40pt;\" width=\"455\">140 kilom\u00e8tres<\/td>\n<\/tr>\n<tr style=\"height: 20.00pt;\">\n<td class=\"et5\" style=\"height: 20.00pt; width: 159.05pt;\" width=\"265\" height=\"33\">Batterie<\/td>\n<td class=\"et5\" style=\"width: 273.40pt;\" width=\"455\">60v \/ 72v150AH<\/td>\n<\/tr>\n<tr style=\"height: 20.00pt;\">\n<td class=\"et5\" style=\"height: 20.00pt; width: 159.05pt;\" width=\"265\" height=\"33\">Temps de charge<\/td>\n<td class=\"et5\" style=\"width: 273.40pt;\" width=\"455\">8-10h<\/td>\n<\/tr>\n<tr style=\"height: 20.00pt;\">\n<td class=\"et5\" style=\"height: 20.00pt; width: 159.05pt;\" width=\"265\" height=\"33\">Chargement dans 40HQ<\/td>\n<td class=\"et5\" style=\"width: 273.40pt;\" width=\"455\">27sets \/ 40HQ CKD<\/td>\n<\/tr>\n<\/tbody>\n<\/table>\n<p>&nbsp;<\/p>\n<hr \/>\n<p>&nbsp;<\/p>\n<h3 data-start=\"1010\" data-end=\"1041\">Caract\u00e9ristiques cl\u00e9s &amp; Avantages<\/h3>\n<ol data-start=\"1042\" data-end=\"1641\">\n<li data-start=\"1042\" data-end=\"1176\">\n<p data-start=\"1045\" data-end=\"1176\"><strong data-start=\"1045\" data-end=\"1069\">Moteur puissant 1500W<\/strong> Offre des performances fiables avec une forte capacit\u00e9 d\u2019escalade (jusqu\u2019\u00e0 25\u00b0) et une vitesse maximale de 55 km\/h.<\/p>\n<\/li>\n<li data-start=\"1177\" data-end=\"1335\">\n<p data-start=\"1180\" data-end=\"1335\"><strong data-start=\"1180\" data-end=\"1198\">Port\u00e9e \u00e9tendue<\/strong> \u2013 \u00c9quip\u00e9 d\u2019une batterie de haute capacit\u00e9 60V72V150Ah, ce <strong data-start=\"1257\" data-end=\"1280\">1500W moteur tuk tuk<\/strong> atteint une autonomie allant jusqu'\u00e0 140 km sur une seule charge.<\/p>\n<\/li>\n<li data-start=\"1336\" data-end=\"1487\">\n<p data-start=\"1339\" data-end=\"1487\"><strong data-start=\"1339\" data-end=\"1360\">Confort des passagers<\/strong> La conception des si\u00e8ges spacieux peut accueillir le conducteur et trois passagers, assurant le confort sur les trajets quotidiens et les courts voyages.<\/p>\n<\/li>\n<li data-start=\"1488\" data-end=\"1641\">\n<p data-start=\"1491\" data-end=\"1641\"><strong data-start=\"1491\" data-end=\"1524\">\u00c9conomique &amp; Ecologique<\/strong> Offre des co\u00fbts de fonctionnement plus bas que les rickshaws \u00e0 carburant tout en contribuant \u00e0 r\u00e9duire la pollution environnementale.<\/p>\n<\/li>\n<\/ol>\n<p>&nbsp;<\/p>\n<hr \/>\n<p>&nbsp;<\/p>\n<h3 data-start=\"1643\" data-end=\"1674\">Avantages diff\u00e9renci\u00e9s<\/h3>\n<ol data-start=\"1675\" data-end=\"2239\">\n<li data-start=\"1675\" data-end=\"1828\">\n<p data-start=\"1678\" data-end=\"1828\"><strong data-start=\"1678\" data-end=\"1708\">Syst\u00e8me de contr\u00f4leur avanc\u00e9<\/strong> Le contr\u00f4leur adaptatif 60\/72V4000W compatible avec les batteries au phosphate de lithium-fer assure une gestion flexible de l'\u00e9nergie.<\/p>\n<\/li>\n<li data-start=\"1829\" data-end=\"1962\">\n<p data-start=\"1832\" data-end=\"1962\"><strong data-start=\"1832\" data-end=\"1859\">S\u00e9curit\u00e9 de freinage sup\u00e9rieure<\/strong> \u2013 Caract\u00e9ristiques 180mm frein \u00e0 disque avant et 220mm frein \u00e0 tambour hydraulique arri\u00e8re pour une puissance d'arr\u00eat fiable.<\/p>\n<\/li>\n<li data-start=\"1963\" data-end=\"2092\">\n<p data-start=\"1966\" data-end=\"2092\"><strong data-start=\"1966\" data-end=\"1990\">Construction durable<\/strong> \u2013 Construit avec roues en fer, suspension renforc\u00e9e et essieu arri\u00e8re moyeu huile pour une durabilit\u00e9 durable.<\/p>\n<\/li>\n<li data-start=\"2093\" data-end=\"2239\">\n<p data-start=\"2096\" data-end=\"2239\"><strong data-start=\"2096\" data-end=\"2121\">Application multiusage<\/strong> \u2013 Le <strong data-start=\"2128\" data-end=\"2151\">1500W moteur tuk tuk<\/strong> convient aux services de taxi, au transport de passagers de dernier kilom\u00e8tre et aux op\u00e9rations touristiques.<\/p>\n<\/li>\n<\/ol>\n<p>&nbsp;<\/p>\n<hr \/>\n<p>&nbsp;<\/p>\n<h3 data-start=\"2241\" data-end=\"2269\">Sp\u00e9cifications du produit<\/h3>\n<ul data-start=\"2270\" data-end=\"2871\">\n<li data-start=\"2270\" data-end=\"2304\">\n<p data-start=\"2272\" data-end=\"2304\"><strong data-start=\"2272\" data-end=\"2282\">Mod\u00e8le :<\/strong> 1500W moteur Tuk Tuk<\/p>\n<\/li>\n<li data-start=\"2305\" data-end=\"2342\">\n<p data-start=\"2307\" data-end=\"2342\"><strong data-start=\"2307\" data-end=\"2322\">Dimensions :<\/strong> 2750<em data-start=\"2327\" data-end=\"2333\">1300<\/em>2000 mm<\/p>\n<\/li>\n<li data-start=\"2343\" data-end=\"2370\">\n<p data-start=\"2345\" data-end=\"2370\"><strong data-start=\"2345\" data-end=\"2355\">Moteur :<\/strong> AC 60V 1500W<\/p>\n<\/li>\n<li data-start=\"2371\" data-end=\"2422\">\n<p data-start=\"2373\" data-end=\"2422\"><strong data-start=\"2373\" data-end=\"2388\">Contr\u00f4leur :<\/strong> Contr\u00f4leur adaptatif 60\/72V4000W<\/p>\n<\/li>\n<li data-start=\"2423\" data-end=\"2455\">\n<p data-start=\"2425\" data-end=\"2455\"><strong data-start=\"2425\" data-end=\"2437\">Batterie :<\/strong> 60V \/ 72V 150Ah<\/p>\n<\/li>\n<li data-start=\"2456\" data-end=\"2494\">\n<p data-start=\"2458\" data-end=\"2494\"><strong data-start=\"2458\" data-end=\"2479\">Plage par charge:<\/strong> Jusqu'\u00e0 140 km<\/p>\n<\/li>\n<li data-start=\"2495\" data-end=\"2521\">\n<p data-start=\"2497\" data-end=\"2521\"><strong data-start=\"2497\" data-end=\"2511\">Vitesse maximale:<\/strong> 55 km\/h<\/p>\n<\/li>\n<li data-start=\"2522\" data-end=\"2571\">\n<p data-start=\"2524\" data-end=\"2571\"><strong data-start=\"2524\" data-end=\"2547\">Capacit\u00e9 de passagers:<\/strong> Chauffeur 3 passagers<\/p>\n<\/li>\n<li data-start=\"2572\" data-end=\"2652\">\n<p data-start=\"2574\" data-end=\"2652\"><strong data-start=\"2574\" data-end=\"2593\">Syst\u00e8me de freinage:<\/strong> Fren \u00e0 disque avant 180mm \/ frein \u00e0 tambour hydraulique arri\u00e8re 220mm<\/p>\n<\/li>\n<li data-start=\"2653\" data-end=\"2696\">\n<p data-start=\"2655\" data-end=\"2696\"><strong data-start=\"2655\" data-end=\"2672\">Gradabilit\u00e9 :<\/strong> Capacit\u00e9 d'escalade de 25\u00b0<\/p>\n<\/li>\n<li data-start=\"2697\" data-end=\"2784\">\n<p data-start=\"2699\" data-end=\"2784\"><strong data-start=\"2699\" data-end=\"2714\">Suspension :<\/strong> Double \u00e9paule bras basculeur fourche avant \/ suspension arri\u00e8re ind\u00e9pendante<\/p>\n<\/li>\n<li data-start=\"2785\" data-end=\"2820\">\n<p data-start=\"2787\" data-end=\"2820\"><strong data-start=\"2787\" data-end=\"2797\">Pneumatiques :<\/strong> 4.00-10 avant &amp; arri\u00e8re<\/p>\n<\/li>\n<li data-start=\"2821\" data-end=\"2871\">\n<p data-start=\"2823\" data-end=\"2871\"><strong data-start=\"2823\" data-end=\"2837\">Tableau de bord :<\/strong> \u00c9lectrique avec affichage num\u00e9rique<\/p>\n<\/li>\n<\/ul>\n<p>&nbsp;<\/p>\n<h3 data-start=\"2873\" data-end=\"2899\">Param\u00e8tres techniques<\/h3>\n<ul data-start=\"2900\" data-end=\"3154\">\n<li data-start=\"2900\" data-end=\"2973\">\n<p data-start=\"2902\" data-end=\"2973\"><strong data-start=\"2902\" data-end=\"2916\">Essieu arri\u00e8re:<\/strong> Frein \u00e0 moyeu \u00e0 huile avec bielle de cage \u00e0 billes automobile<\/p>\n<\/li>\n<li data-start=\"2974\" data-end=\"3039\">\n<p data-start=\"2976\" data-end=\"3039\"><strong data-start=\"2976\" data-end=\"2990\">Phare:<\/strong> \u00c9clairage standard pour un fonctionnement nocturne s\u00fbr<\/p>\n<\/li>\n<li data-start=\"3040\" data-end=\"3073\">\n<p data-start=\"3042\" data-end=\"3073\"><strong data-start=\"3042\" data-end=\"3060\">Temps de charge :<\/strong> 8 \u00e0 10 heures<\/p>\n<\/li>\n<li data-start=\"3074\" data-end=\"3115\">\n<p data-start=\"3076\" data-end=\"3115\"><strong data-start=\"3076\" data-end=\"3096\">Chargement dans 40HQ:<\/strong> 27 ensembles CKD\/40HQ<\/p>\n<\/li>\n<li data-start=\"3116\" data-end=\"3154\">\n<p data-start=\"3118\" data-end=\"3154\"><strong data-start=\"3118\" data-end=\"3135\">Dur\u00e9e de la batterie:<\/strong> Jusqu'\u00e0 800 cycles<\/p>\n<\/li>\n<\/ul>\n<p>&nbsp;<\/p>\n<h3 data-start=\"3156\" data-end=\"3170\">Mat\u00e9riel<\/h3>\n<ul data-start=\"3171\" data-end=\"3332\">\n<li data-start=\"3171\" data-end=\"3216\">\n<p data-start=\"3173\" data-end=\"3216\"><strong data-start=\"3173\" data-end=\"3183\">Cadre :<\/strong> Acier renforc\u00e9 haute r\u00e9sistance<\/p>\n<\/li>\n<li data-start=\"3217\" data-end=\"3255\">\n<p data-start=\"3219\" data-end=\"3255\"><strong data-start=\"3219\" data-end=\"3230\">Roues :<\/strong> Roues en fer lourdes<\/p>\n<\/li>\n<li data-start=\"3256\" data-end=\"3332\">\n<p data-start=\"3258\" data-end=\"3332\"><strong data-start=\"3258\" data-end=\"3270\">Batterie :<\/strong> Options lithium ou plomb-acide selon la personnalisation OEM<\/p>\n<\/li>\n<\/ul>\n<p>&nbsp;<\/p>\n<h3 data-start=\"3334\" data-end=\"3350\">Apparence<\/h3>\n<p data-start=\"3351\" data-end=\"3534\">Avec un design audacieux, une forme a\u00e9rodynamique et des couleurs de peinture personnalisables, le <strong data-start=\"3425\" data-end=\"3448\">1500W moteur tuk tuk<\/strong> pr\u00e9sente un look moderne et professionnel adapt\u00e9 aux flottes de taxis et aux services touristiques.<\/p>\n<p data-start=\"3351\" data-end=\"3534\">\n<h3 data-start=\"3536\" data-end=\"3548\">Conception<\/h3>\n<p data-start=\"3549\" data-end=\"3746\">Le design ergonomique offre une entr\u00e9e et une sortie faciles, des si\u00e8ges passagers larges et des phares strat\u00e9giquement plac\u00e9s pour la s\u00e9curit\u00e9. Le toit renforc\u00e9 offre une protection suppl\u00e9mentaire contre les intemp\u00e9ries pour les passagers.<\/p>\n<p data-start=\"3549\" data-end=\"3746\">\n<h3 data-start=\"3748\" data-end=\"3771\">personnalisation OEM<\/h3>\n<ul data-start=\"3772\" data-end=\"3957\">\n<li data-start=\"3772\" data-end=\"3822\">\n<p data-start=\"3774\" data-end=\"3822\">Impression de marques et de logos pour les op\u00e9rateurs de flottes<\/p>\n<\/li>\n<li data-start=\"3823\" data-end=\"3868\">\n<p data-start=\"3825\" data-end=\"3868\">Mise \u00e0 niveau facultative de la batterie lithium-ion<\/p>\n<\/li>\n<li data-start=\"3869\" data-end=\"3909\">\n<p data-start=\"3871\" data-end=\"3909\">Configurations \u00e0 double porte disponibles<\/p>\n<\/li>\n<li data-start=\"3910\" data-end=\"3957\">\n<p data-start=\"3912\" data-end=\"3957\">Modifications de la disposition des si\u00e8ges sur demande<\/p>\n<\/li>\n<\/ul>\n<p>&nbsp;<\/p>\n<h3 data-start=\"3959\" data-end=\"3980\">Contr\u00f4le qualit\u00e9<\/h3>\n<ul data-start=\"3981\" data-end=\"4199\">\n<li data-start=\"3981\" data-end=\"4022\">\n<p data-start=\"3983\" data-end=\"4022\">Normes de fabrication certifi\u00e9es ISO<\/p>\n<\/li>\n<li data-start=\"4023\" data-end=\"4089\">\n<p data-start=\"4025\" data-end=\"4089\">Inspection \u00e0 100% du moteur, du contr\u00f4leur et de la batterie avant exp\u00e9dition<\/p>\n<\/li>\n<li data-start=\"4090\" data-end=\"4143\">\n<p data-start=\"4092\" data-end=\"4143\">Essais de frein et de suspension pour assurer la s\u00e9curit\u00e9<\/p>\n<\/li>\n<li data-start=\"4144\" data-end=\"4199\">\n<p data-start=\"4146\" data-end=\"4199\">Emballage CKD\/CKD pour une durabilit\u00e9 \u00e0 l'exportation internationale<\/p>\n<\/li>\n<\/ul>\n<p>&nbsp;<\/p>\n<h3 data-start=\"4201\" data-end=\"4226\">Support apr\u00e8s-vente<\/h3>\n<ul data-start=\"4227\" data-end=\"4394\">\n<li data-start=\"4227\" data-end=\"4274\">\n<p data-start=\"4229\" data-end=\"4274\">Garantie compl\u00e8te sur le moteur et la batterie<\/p>\n<\/li>\n<li data-start=\"4275\" data-end=\"4318\">\n<p data-start=\"4277\" data-end=\"4318\">Fourniture de pi\u00e8ces d\u00e9tach\u00e9es pour les clients mondiaux<\/p>\n<\/li>\n<li data-start=\"4319\" data-end=\"4360\">\n<p data-start=\"4321\" data-end=\"4360\">Formation technique et support \u00e0 distance<\/p>\n<\/li>\n<li data-start=\"4361\" data-end=\"4394\">\n<p data-start=\"4363\" data-end=\"4394\">Guides de maintenance \u00e0 vie<\/p>\n<\/li>\n<\/ul>\n<p>&nbsp;<\/p>\n<h3 data-start=\"4396\" data-end=\"4420\">Champs d'application<\/h3>\n<ul data-start=\"4421\" data-end=\"4592\">\n<li data-start=\"4421\" data-end=\"4454\">\n<p data-start=\"4423\" data-end=\"4454\">Services de taxi urbains et ruraux<\/p>\n<\/li>\n<li data-start=\"4455\" data-end=\"4497\">\n<p data-start=\"4457\" data-end=\"4497\">Transport touristique et visite de la ville<\/p>\n<\/li>\n<li data-start=\"4498\" data-end=\"4531\">\n<p data-start=\"4500\" data-end=\"4531\">Services de mobilit\u00e9 partag\u00e9e<\/p>\n<\/li>\n<li data-start=\"4532\" data-end=\"4592\">\n<p data-start=\"4534\" data-end=\"4592\">Travail familial et adaptation du fret (sur demande OEM)<\/p>\n<\/li>\n<\/ul>\n<p>&nbsp;<\/p>\n<h3 data-start=\"4594\" data-end=\"4614\">M\u00e9thode de paiement<\/h3>\n<ul data-start=\"4615\" data-end=\"4699\">\n<li data-start=\"4615\" data-end=\"4664\">\n<p data-start=\"4617\" data-end=\"4664\">T\/T, L\/C, PayPal et Western Union disponibles<\/p>\n<\/li>\n<li data-start=\"4665\" data-end=\"4699\">\n<p data-start=\"4667\" data-end=\"4699\">Conditions flexibles pour les commandes en vrac<\/p>\n<\/li>\n<\/ul>\n<p>&nbsp;<\/p>\n<p><img fetchpriority=\"high\" decoding=\"async\" class=\"alignnone size-medium wp-image-3864\" src=\"https:\/\/www.tairuiauto.com\/wp-content\/uploads\/2025\/09\/6-13-300x225.jpg\" alt=\"\" width=\"300\" height=\"225\" srcset=\"\" sizes=\"(max-width: 300px) 100vw, 300px\" data-srcset=\"\" \/> \u00a0<img decoding=\"async\" class=\"alignnone size-medium wp-image-3863\" src=\"https:\/\/www.tairuiauto.com\/wp-content\/uploads\/2025\/09\/5-18-300x225.jpg\" alt=\"\" width=\"300\" height=\"225\" srcset=\"\" sizes=\"(max-width: 300px) 100vw, 300px\" data-srcset=\"\" \/> \u00a0 <img decoding=\"async\" class=\"alignnone wp-image-3862\" src=\"https:\/\/www.tairuiauto.com\/wp-content\/uploads\/2025\/09\/4-17-225x300.jpg\" alt=\"\" width=\"180\" height=\"240\" srcset=\"\" sizes=\"(max-width: 180px) 100vw, 180px\" data-srcset=\"\" \/>\u00a0 \u00a0 <img loading=\"lazy\" decoding=\"async\" class=\"alignnone size-medium wp-image-3860\" src=\"https:\/\/www.tairuiauto.com\/wp-content\/uploads\/2025\/09\/2-21-300x225.jpg\" alt=\"\" width=\"300\" height=\"225\" srcset=\"\" sizes=\"(max-width: 300px) 100vw, 300px\" data-srcset=\"\" \/><\/p>\n<hr \/>\n<p>&nbsp;<\/p>\n<h3 data-start=\"4701\" data-end=\"4710\">FAQ (questions fr\u00e9quentes)<\/h3>\n<p data-start=\"4711\" data-end=\"4835\"><strong data-start=\"4711\" data-end=\"4772\">Q1: Quelle est la vitesse maximale du tuk tuk moteur 1500W?<\/strong><br data-start=\"4772\" data-end=\"4775\" \/>A1 : Il peut atteindre jusqu'\u00e0 55 km\/h, id\u00e9al pour les d\u00e9placements urbains.<\/p>\n<p data-start=\"4837\" data-end=\"4935\"><strong data-start=\"4837\" data-end=\"4878\">Q2: Combien de passagers peut-il transporter?<\/strong><br data-start=\"4878\" data-end=\"4881\" \/>A2: Il peut accueillir le conducteur et trois passagers.<\/p>\n<p data-start=\"4937\" data-end=\"5064\"><strong data-start=\"4937\" data-end=\"4986\">Q3: Puis-je mettre \u00e0 niveau la batterie au lithium-ion?<\/strong><br data-start=\"4986\" data-end=\"4989\" \/>A3: Oui, les options OEM permettent des mises \u00e0 niveau de batteries lithium-ion pour une port\u00e9e plus longue.<\/p>\n<p data-start=\"5066\" data-end=\"5168\"><strong data-start=\"5066\" data-end=\"5100\">Q4: Quel est le temps de charge?<\/strong><br data-start=\"5100\" data-end=\"5103\" \/>A4: Le temps de charge standard est de 8 \u00e0 10 heures pour une charge compl\u00e8te.<\/p>\n<p data-start=\"5170\" data-end=\"5321\"><strong data-start=\"5170\" data-end=\"5221\">Q5: Ce v\u00e9hicule convient-il aux r\u00e9gions collin\u00e9es?<\/strong><br data-start=\"5221\" data-end=\"5224\" \/>A5 : Oui, avec une capacit\u00e9 d\u2019escalade de 25\u00b0, il g\u00e8re efficacement les zones semi-urbaines et rurales collin\u00e9es.<\/p>","protected":false},"excerpt":{"rendered":"<p>Le <strong data-start=\"449\" data-end=\"472\">1500W moteur tuk tuk<\/strong> est un v\u00e9hicule \u00e9lectrique moderne con\u00e7u pour remplacer les rickshaws traditionnels \u00e0 carburant par une solution plus propre et plus rentable. Construit avec un puissant moteur AC 60V1500W et un contr\u00f4leur adaptatif, ce tuk tuk \u00e9lectrique offre une acc\u00e9l\u00e9ration douce, une excellente capacit\u00e9 d'escalade et une longue autonomie de conduite, ce qui le rend id\u00e9al pour le transport de passagers urbains et semi-urbains. Sa structure robuste, son syst\u00e8me de freinage efficace et sa disposition confortable en font l\u2019un des rickshaws \u00e9lectriques les plus comp\u00e9titifs disponibles pour un usage commercial.<\/p>","protected":false},"featured_media":3859,"comment_status":"open","ping_status":"closed","template":"","meta":[],"product_brand":[],"product_cat":[78],"product_tag":[],"class_list":{"0":"post-3849","1":"product","2":"type-product","3":"status-publish","4":"has-post-thumbnail","6":"product_cat-electric-tricycle","8":"first","9":"instock","10":"shipping-taxable","11":"product-type-simple"},"_links":{"self":[{"href":"https:\/\/www.tairuiauto.com\/fr\/wp-json\/wp\/v2\/product\/3849","targetHints":{"allow":["GET"]}}],"collection":[{"href":"https:\/\/www.tairuiauto.com\/fr\/wp-json\/wp\/v2\/product"}],"about":[{"href":"https:\/\/www.tairuiauto.com\/fr\/wp-json\/wp\/v2\/types\/product"}],"replies":[{"embeddable":true,"href":"https:\/\/www.tairuiauto.com\/fr\/wp-json\/wp\/v2\/comments?post=3849"}],"wp:featuredmedia":[{"embeddable":true,"href":"https:\/\/www.tairuiauto.com\/fr\/wp-json\/wp\/v2\/media\/3859"}],"wp:attachment":[{"href":"https:\/\/www.tairuiauto.com\/fr\/wp-json\/wp\/v2\/media?parent=3849"}],"wp:term":[{"taxonomy":"product_brand","embeddable":true,"href":"https:\/\/www.tairuiauto.com\/fr\/wp-json\/wp\/v2\/product_brand?post=3849"},{"taxonomy":"product_cat","embeddable":true,"href":"https:\/\/www.tairuiauto.com\/fr\/wp-json\/wp\/v2\/product_cat?post=3849"},{"taxonomy":"product_tag","embeddable":true,"href":"https:\/\/www.tairuiauto.com\/fr\/wp-json\/wp\/v2\/product_tag?post=3849"}],"curies":[{"name":"WP","href":"https:\/\/api.w.org\/{rel}","templated":true}]}}