{"id":3869,"date":"2025-09-24T09:10:28","date_gmt":"2025-09-24T01:10:28","guid":{"rendered":"https:\/\/www.tairuiauto.com\/?post_type=product&#038;p=3869"},"modified":"2025-09-24T09:02:59","modified_gmt":"2025-09-24T01:02:59","slug":"3000w-motor-tuk-tuk","status":"publish","type":"product","link":"https:\/\/www.tairuiauto.com\/fr\/product\/3000w-motor-tuk-tuk\/","title":{"rendered":"3000W moteur tuk tuk"},"content":{"rendered":"<h3 data-start=\"430\" data-end=\"455\">Description du produit<\/h3>\n<p data-start=\"456\" data-end=\"1046\">Avec son puissant moteur AC 60V 4000W, syst\u00e8me de contr\u00f4leur avanc\u00e9 et suspension ind\u00e9pendante, ce tuk tuk \u00e9lectrique est con\u00e7u pour le confort et les performances.<\/p>\n<table style=\"border-collapse: collapse; width: 74.2693%; height: 699px;\" border=\"0\" width=\"729\" cellspacing=\"0\" cellpadding=\"0\">\n<tbody>\n<tr style=\"height: 20.00pt;\">\n<td class=\"et3\" style=\"height: 20pt; width: 41.5677%;\" width=\"344\" height=\"33\">Mod\u00e8le<\/td>\n<td class=\"et3\" style=\"width: 58.3135%;\" width=\"385\">3000W moteur tuk tuk<\/td>\n<\/tr>\n<tr style=\"height: 20.00pt;\">\n<td class=\"et4\" style=\"height: 20pt; width: 41.5677%;\" width=\"344\" height=\"33\">Dimensions globales du v\u00e9hicule (mm)<\/td>\n<td class=\"et4\" style=\"width: 58.3135%;\" width=\"385\">2750*1300*2000<\/td>\n<\/tr>\n<tr style=\"height: 20.00pt;\">\n<td class=\"et4\" style=\"height: 20pt; width: 41.5677%;\" width=\"344\" height=\"33\">tableau de bord<\/td>\n<td class=\"et4\" style=\"width: 58.3135%;\" width=\"385\">\u00c9lectrique avec tableau de bord<\/td>\n<\/tr>\n<tr style=\"height: 20.00pt;\">\n<td class=\"et4\" style=\"height: 20pt; width: 41.5677%;\" width=\"344\" height=\"33\">contr\u00f4leur moteur<\/td>\n<td class=\"et4\" style=\"width: 58.3135%;\" width=\"385\">60\/72V 4000w adaptable, adapt\u00e9 \u00e0 la limite sup\u00e9rieure de tension de batterie de phosphate de lithium et de fer 93v, limite inf\u00e9rieure 63v<\/td>\n<\/tr>\n<tr style=\"height: 20.00pt;\">\n<td class=\"et4\" style=\"height: 20pt; width: 41.5677%;\" width=\"344\" height=\"33\">essieu arri\u00e8re<\/td>\n<td class=\"et4\" style=\"width: 58.3135%;\" width=\"385\">Frein bain d'huile, tige de joint \u00e0 bille automobile<\/td>\n<\/tr>\n<tr style=\"height: 20.00pt;\">\n<td class=\"et4\" style=\"height: 20pt; width: 41.5677%;\" width=\"344\" height=\"33\">Frein avant<\/td>\n<td class=\"et4\" style=\"width: 58.3135%;\" width=\"385\">Fren \u00e0 disque de diam\u00e8tre 180mm<\/td>\n<\/tr>\n<tr style=\"height: 20.00pt;\">\n<td class=\"et4\" style=\"height: 20pt; width: 41.5677%;\" width=\"344\" height=\"33\">frein arri\u00e8re<\/td>\n<td class=\"et4\" style=\"width: 58.3135%;\" width=\"385\">Fren \u00e0 disque de diam\u00e8tre 220mm<\/td>\n<\/tr>\n<tr style=\"height: 20.00pt;\">\n<td class=\"et4\" style=\"height: 20pt; width: 41.5677%;\" width=\"344\" height=\"33\">Angle d'escalade<\/td>\n<td class=\"et4\" style=\"width: 58.3135%;\" width=\"385\">35\u00b0<\/td>\n<\/tr>\n<tr style=\"height: 20.00pt;\">\n<td class=\"et4\" style=\"height: 20pt; width: 41.5677%;\" width=\"344\" height=\"33\">Phares avant<\/td>\n<td class=\"et4\" style=\"width: 58.3135%;\" width=\"385\">LED<\/td>\n<\/tr>\n<tr style=\"height: 20.00pt;\">\n<td class=\"et4\" style=\"height: 20pt; width: 41.5677%;\" width=\"344\" height=\"33\">Capacit\u00e9 de chargement<\/td>\n<td class=\"et4\" style=\"width: 58.3135%;\" width=\"385\">1 3personnes<\/td>\n<\/tr>\n<tr style=\"height: 27.00pt;\">\n<td class=\"et4\" style=\"height: 27pt; width: 41.5677%;\" width=\"344\" height=\"45\">autres facultatifs<\/td>\n<td class=\"et4\" style=\"width: 58.3135%;\" width=\"385\">Frein de stationnement manuel, Radio Bluetooth, Charge USB, Double-Porte<\/td>\n<\/tr>\n<tr style=\"height: 20.00pt;\">\n<td class=\"et4\" style=\"height: 20pt; width: 41.5677%;\" width=\"344\" height=\"33\">moyeu roue<\/td>\n<td class=\"et4\" style=\"width: 58.3135%;\" width=\"385\">moyeu roue<\/td>\n<\/tr>\n<tr style=\"height: 20.00pt;\">\n<td class=\"et4\" style=\"height: 20pt; width: 41.5677%;\" width=\"344\" height=\"33\">moteur<\/td>\n<td class=\"et4\" style=\"width: 58.3135%;\" width=\"385\">Moteur AC 60V 4000W<\/td>\n<\/tr>\n<tr style=\"height: 20.00pt;\">\n<td class=\"et4\" style=\"height: 20pt; width: 41.5677%;\" width=\"344\" height=\"33\">Amortisseur avant<\/td>\n<td class=\"et4\" style=\"width: 58.3135%;\" width=\"385\">Fourche avant amortisseur t\u00e9lescopique \u00e0 double \u00e9paule<\/td>\n<\/tr>\n<tr style=\"height: 20.00pt;\">\n<td class=\"et4\" style=\"height: 20pt; width: 41.5677%;\" width=\"344\" height=\"33\">Suspension arri\u00e8re<\/td>\n<td class=\"et4\" style=\"width: 58.3135%;\" width=\"385\">suspension ind\u00e9pendante<\/td>\n<\/tr>\n<tr style=\"height: 20.00pt;\">\n<td class=\"et4\" style=\"height: 20pt; width: 41.5677%;\" width=\"344\" height=\"33\">vitesse maximale<\/td>\n<td class=\"et4\" style=\"width: 58.3135%;\" width=\"385\">55 Km\/h<\/td>\n<\/tr>\n<tr style=\"height: 20.00pt;\">\n<td class=\"et4\" style=\"height: 20pt; width: 41.5677%;\" width=\"344\" height=\"33\">Pneumatiques avant et arri\u00e8re<\/td>\n<td class=\"et4\" style=\"width: 58.3135%;\" width=\"385\">F 400-10\/R 400-10<\/td>\n<\/tr>\n<tr style=\"height: 20.00pt;\">\n<td class=\"et4\" style=\"height: 20pt; width: 41.5677%;\" width=\"344\" height=\"33\">endurance<\/td>\n<td class=\"et4\" style=\"width: 58.3135%;\" width=\"385\">140 \u00e0 165km<\/td>\n<\/tr>\n<tr style=\"height: 20.00pt;\">\n<td class=\"et4\" style=\"height: 20pt; width: 41.5677%;\" width=\"344\" height=\"33\">Batterie<\/td>\n<td class=\"et4\" style=\"width: 58.3135%;\" width=\"385\">Batterie lithium-ion 60v150AH<\/td>\n<\/tr>\n<tr style=\"height: 20.00pt;\">\n<td class=\"et4\" style=\"height: 20pt; width: 41.5677%;\" width=\"344\" height=\"33\">temps de charge<\/td>\n<td class=\"et4\" style=\"width: 58.3135%;\" width=\"385\">8-10h<\/td>\n<\/tr>\n<tr style=\"height: 20.00pt;\">\n<td class=\"et4\" style=\"height: 20pt; width: 41.5677%;\" width=\"344\" height=\"33\">Chargement dans 40HQ<\/td>\n<td class=\"et4\" style=\"width: 58.3135%;\" width=\"385\">SKD 27\/CKD 40<\/td>\n<\/tr>\n<tr style=\"height: 20.00pt;\">\n<td class=\"et4\" style=\"height: 20pt; width: 41.5677%;\" width=\"344\" height=\"33\">Chargement dans 40HQ<\/td>\n<td class=\"et4\" style=\"width: 58.3135%;\" width=\"385\">27sets \/ 40HQ CKD<\/td>\n<\/tr>\n<\/tbody>\n<\/table>\n<p>&nbsp;<\/p>\n<hr \/>\n<p>&nbsp;<\/p>\n<h3 data-start=\"1048\" data-end=\"1083\">Caract\u00e9ristiques cl\u00e9s &amp; Points de vente<\/h3>\n<ol data-start=\"1084\" data-end=\"1653\">\n<li data-start=\"1084\" data-end=\"1207\">\n<p data-start=\"1087\" data-end=\"1207\"><strong data-start=\"1087\" data-end=\"1113\">Moteur haute puissance 3000W<\/strong> Assure une excellente acc\u00e9l\u00e9ration, une capacit\u00e9 d\u2019escalade (jusqu\u2019\u00e0 35\u00b0) et un contr\u00f4le fiable de la vitesse.<\/p>\n<\/li>\n<li data-start=\"1208\" data-end=\"1350\">\n<p data-start=\"1211\" data-end=\"1350\"><strong data-start=\"1211\" data-end=\"1237\">Batterie \u00e0 port\u00e9e \u00e9tendue<\/strong> \u00c9quip\u00e9 d'une batterie lithium-ion 60V 150Ah, offrant 140-165 km par charge pour le fonctionnement \u00e0 longue distance.<\/p>\n<\/li>\n<li data-start=\"1351\" data-end=\"1497\">\n<p data-start=\"1354\" data-end=\"1497\"><strong data-start=\"1354\" data-end=\"1385\">Suspension orient\u00e9e confort<\/strong> \u2013 Deux amortisseurs t\u00e9lescopiques \u00e0 l\u2019avant et une suspension arri\u00e8re ind\u00e9pendante assurent une conduite douce et stable.<\/p>\n<\/li>\n<li data-start=\"1498\" data-end=\"1653\">\n<p data-start=\"1501\" data-end=\"1653\"><strong data-start=\"1501\" data-end=\"1519\">Caract\u00e9ristiques intelligentes<\/strong> \u2013 Des options comme la radio Bluetooth, la charge USB, le frein de stationnement manuel et la conception \u00e0 double porte am\u00e9liorent l\u2019exp\u00e9rience du conducteur et du passager.<\/p>\n<\/li>\n<\/ol>\n<p>&nbsp;<\/p>\n<hr \/>\n<p>&nbsp;<\/p>\n<h3 data-start=\"1655\" data-end=\"1686\">Avantages diff\u00e9renci\u00e9s<\/h3>\n<ol data-start=\"1687\" data-end=\"2240\">\n<li data-start=\"1687\" data-end=\"1820\">\n<p data-start=\"1690\" data-end=\"1820\"><strong data-start=\"1690\" data-end=\"1717\">Syst\u00e8me de freinage sup\u00e9rieur<\/strong> Les freins \u00e0 disque avant de 180 mm et arri\u00e8re de 220 mm garantissent une s\u00e9curit\u00e9 maximale et une distance de freinage plus courte.<\/p>\n<\/li>\n<li data-start=\"1821\" data-end=\"1939\">\n<p data-start=\"1824\" data-end=\"1939\"><strong data-start=\"1824\" data-end=\"1849\">Qualit\u00e9 de construction durable<\/strong> \u2013 Le ch\u00e2ssis en acier renforc\u00e9 et le corps r\u00e9sistant aux intemp\u00e9ries assurent une long\u00e9vit\u00e9 en cas d\u2019utilisation intensive.<\/p>\n<\/li>\n<li data-start=\"1940\" data-end=\"2084\">\n<p data-start=\"1943\" data-end=\"2084\"><strong data-start=\"1943\" data-end=\"1976\">Transport de passagers efficace<\/strong> \u2013 Avec 1 3 places assises, ce <strong data-start=\"2011\" data-end=\"2034\">3000W moteur tuk tuk<\/strong> est id\u00e9al pour les services de taxi urbains et ruraux.<\/p>\n<\/li>\n<li data-start=\"2085\" data-end=\"2240\">\n<p data-start=\"2088\" data-end=\"2240\"><strong data-start=\"2088\" data-end=\"2114\">Op\u00e9ration \u00e9cologique<\/strong> \u2013 Compar\u00e9 aux rickshaws \u00e0 carburant, ce tuk tuk \u00e9lectrique r\u00e9duit le CO \u2082  r\u00e9duit consid\u00e9rablement les d\u00e9penses en carburant.<\/p>\n<\/li>\n<\/ol>\n<p>&nbsp;<\/p>\n<hr \/>\n<p>&nbsp;<\/p>\n<h3 data-start=\"2242\" data-end=\"2270\">Sp\u00e9cifications du produit<\/h3>\n<ul data-start=\"2271\" data-end=\"2845\">\n<li data-start=\"2271\" data-end=\"2305\">\n<p data-start=\"2273\" data-end=\"2305\"><strong data-start=\"2273\" data-end=\"2283\">Mod\u00e8le :<\/strong> 3000W moteur Tuk Tuk<\/p>\n<\/li>\n<li data-start=\"2344\" data-end=\"2371\">\n<p data-start=\"2346\" data-end=\"2371\"><strong data-start=\"2346\" data-end=\"2356\">Moteur :<\/strong> AC 60V 4000W<\/p>\n<\/li>\n<li data-start=\"2372\" data-end=\"2410\">\n<p data-start=\"2374\" data-end=\"2410\"><strong data-start=\"2374\" data-end=\"2386\">Batterie :<\/strong> 60V 150Ah lithium-ion<\/p>\n<\/li>\n<li data-start=\"2411\" data-end=\"2447\">\n<p data-start=\"2413\" data-end=\"2447\"><strong data-start=\"2413\" data-end=\"2434\">Plage par charge:<\/strong> 140 \u00e0 165 km<\/p>\n<\/li>\n<li data-start=\"2448\" data-end=\"2474\">\n<p data-start=\"2450\" data-end=\"2474\"><strong data-start=\"2450\" data-end=\"2464\">Vitesse maximale:<\/strong> 55 km\/h<\/p>\n<\/li>\n<li data-start=\"2475\" data-end=\"2522\">\n<p data-start=\"2477\" data-end=\"2522\"><strong data-start=\"2477\" data-end=\"2498\">Capacit\u00e9 de si\u00e8ge:<\/strong> Chauffeur 3 passagers<\/p>\n<\/li>\n<li data-start=\"2523\" data-end=\"2575\">\n<p data-start=\"2525\" data-end=\"2575\"><strong data-start=\"2525\" data-end=\"2540\">Contr\u00f4leur :<\/strong> Contr\u00f4leur adaptatif 60\/72V 4000W<\/p>\n<\/li>\n<li data-start=\"2576\" data-end=\"2606\">\n<p data-start=\"2578\" data-end=\"2606\"><strong data-start=\"2578\" data-end=\"2600\">Capacit\u00e9 d'escalade:<\/strong> 35\u00b0<\/p>\n<\/li>\n<li data-start=\"2607\" data-end=\"2677\">\n<p data-start=\"2609\" data-end=\"2677\"><strong data-start=\"2609\" data-end=\"2628\">Syst\u00e8me de freinage:<\/strong> Fren \u00e0 disque avant 180mm \/ Fren \u00e0 disque arri\u00e8re 220mm<\/p>\n<\/li>\n<li data-start=\"2678\" data-end=\"2712\">\n<p data-start=\"2680\" data-end=\"2712\"><strong data-start=\"2680\" data-end=\"2690\">Pneumatiques :<\/strong> F 400-10 \/ R 400-10<\/p>\n<\/li>\n<li data-start=\"2713\" data-end=\"2769\">\n<p data-start=\"2715\" data-end=\"2769\"><strong data-start=\"2715\" data-end=\"2729\">Tableau de bord :<\/strong> \u00c9lectrique avec \u00e9cran multifonction<\/p>\n<\/li>\n<li data-start=\"2770\" data-end=\"2845\">\n<p data-start=\"2772\" data-end=\"2845\"><strong data-start=\"2772\" data-end=\"2785\">Facultatif :<\/strong> Frein de stationnement, Radio Bluetooth, Charge USB, Double porte<\/p>\n<\/li>\n<\/ul>\n<p>&nbsp;<\/p>\n<h3 data-start=\"2847\" data-end=\"2873\">Param\u00e8tres techniques<\/h3>\n<ul data-start=\"2874\" data-end=\"3161\">\n<li data-start=\"2874\" data-end=\"2931\">\n<p data-start=\"2876\" data-end=\"2931\"><strong data-start=\"2876\" data-end=\"2897\">Suspension avant:<\/strong> Doubles amortisseurs t\u00e9lescopiques<\/p>\n<\/li>\n<li data-start=\"2932\" data-end=\"2986\">\n<p data-start=\"2934\" data-end=\"2986\"><strong data-start=\"2934\" data-end=\"2954\">Suspension arri\u00e8re:<\/strong> Syst\u00e8me de suspension ind\u00e9pendant<\/p>\n<\/li>\n<li data-start=\"2987\" data-end=\"3032\">\n<p data-start=\"2989\" data-end=\"3032\"><strong data-start=\"2989\" data-end=\"3009\">Syst\u00e8me d'\u00e9clairage:<\/strong> Phares avant LED<\/p>\n<\/li>\n<li data-start=\"3033\" data-end=\"3066\">\n<p data-start=\"3035\" data-end=\"3066\"><strong data-start=\"3035\" data-end=\"3053\">Temps de charge :<\/strong> 8 \u00e0 10 heures<\/p>\n<\/li>\n<li data-start=\"3067\" data-end=\"3117\">\n<p data-start=\"3069\" data-end=\"3117\"><strong data-start=\"3069\" data-end=\"3089\">Chargement dans 40HQ:<\/strong> SKD 27 ensembles \/ CKD 40 ensembles<\/p>\n<\/li>\n<li data-start=\"3118\" data-end=\"3161\">\n<p data-start=\"3120\" data-end=\"3161\"><strong data-start=\"3120\" data-end=\"3143\">Cycle de vie de la batterie:<\/strong> 800 \u00e0 1000 cycles<\/p>\n<\/li>\n<\/ul>\n<p><img fetchpriority=\"high\" decoding=\"async\" class=\"alignnone size-medium wp-image-3871\" src=\"https:\/\/www.tairuiauto.com\/wp-content\/uploads\/2025\/09\/20250515055704ef8cc-300x300.png\" alt=\"\" width=\"300\" height=\"300\" srcset=\"\" sizes=\"(max-width: 300px) 100vw, 300px\" data-srcset=\"\" \/>\u00a0 \u00a0 \u00a0 \u00a0 \u00a0 \u00a0 \u00a0 \u00a0 \u00a0 \u00a0\u00a0 <img decoding=\"async\" class=\"alignnone size-medium wp-image-3872\" src=\"https:\/\/www.tairuiauto.com\/wp-content\/uploads\/2025\/09\/202505150556328c900-300x300.png\" alt=\"\" width=\"300\" height=\"300\" srcset=\"\" sizes=\"(max-width: 300px) 100vw, 300px\" data-srcset=\"\" \/>\u00a0 \u00a0 \u00a0 \u00a0 \u00a0 \u00a0 \u00a0 \u00a0<img decoding=\"async\" class=\"alignnone size-medium wp-image-3873\" src=\"https:\/\/www.tairuiauto.com\/wp-content\/uploads\/2025\/09\/20250515055607895a7-300x300.png\" alt=\"\" width=\"300\" height=\"300\" srcset=\"\" sizes=\"(max-width: 300px) 100vw, 300px\" data-srcset=\"\" \/><\/p>\n<h3 data-start=\"3163\" data-end=\"3177\">Mat\u00e9riel<\/h3>\n<ul data-start=\"3178\" data-end=\"3411\">\n<li data-start=\"3178\" data-end=\"3235\">\n<p data-start=\"3180\" data-end=\"3235\"><strong data-start=\"3180\" data-end=\"3190\">Cadre :<\/strong> Acier haute r\u00e9sistance avec rev\u00eatement anti-rouille<\/p>\n<\/li>\n<li data-start=\"3236\" data-end=\"3296\">\n<p data-start=\"3238\" data-end=\"3296\"><strong data-start=\"3238\" data-end=\"3254\">Panneaux de corps:<\/strong> Panneaux ABS durables et m\u00e9talliques renforc\u00e9s<\/p>\n<\/li>\n<li data-start=\"3297\" data-end=\"3333\">\n<p data-start=\"3299\" data-end=\"3333\"><strong data-start=\"3299\" data-end=\"3310\">Roues :<\/strong> Moyeux en fer lourds<\/p>\n<\/li>\n<li data-start=\"3334\" data-end=\"3411\">\n<p data-start=\"3336\" data-end=\"3411\"><strong data-start=\"3336\" data-end=\"3348\">Batterie :<\/strong> Lithium-ion avanc\u00e9 pour une dur\u00e9e de vie prolong\u00e9e et une efficacit\u00e9 \u00e9nerg\u00e9tique<\/p>\n<\/li>\n<\/ul>\n<p>&nbsp;<\/p>\n<h3 data-start=\"3413\" data-end=\"3429\">Apparence<\/h3>\n<p data-start=\"3430\" data-end=\"3599\">Le <strong data-start=\"3434\" data-end=\"3457\">3000W moteur tuk tuk<\/strong> poss\u00e8de une carrosserie a\u00e9rodynamique moderne, une fa\u00e7ade avant \u00e9l\u00e9gante avec des lumi\u00e8res LED et des couleurs personnalisables pour r\u00e9pondre aux exigences de la marque ou de la flotte.<\/p>\n<h3 data-start=\"3601\" data-end=\"3613\">Conception<\/h3>\n<p data-start=\"3614\" data-end=\"3831\">Avec un tableau de bord centr\u00e9 sur le conducteur, des si\u00e8ges ergonomiques et un large espace pour les passagers, ce tuk tuk \u00e9lectrique assure le confort \u00e0 chaque trajet. L'option double porte offre une s\u00e9curit\u00e9 et une commodit\u00e9 suppl\u00e9mentaires aux op\u00e9rateurs commerciaux.<\/p>\n<h3 data-start=\"3833\" data-end=\"3856\">personnalisation OEM<\/h3>\n<ul data-start=\"3857\" data-end=\"4026\">\n<li data-start=\"3857\" data-end=\"3894\">\n<p data-start=\"3859\" data-end=\"3894\">Impression personnalis\u00e9e et logo<\/p>\n<\/li>\n<li data-start=\"3895\" data-end=\"3934\">\n<p data-start=\"3897\" data-end=\"3934\">Choix du type et de la capacit\u00e9 de la batterie<\/p>\n<\/li>\n<li data-start=\"3935\" data-end=\"3979\">\n<p data-start=\"3937\" data-end=\"3979\">Modification suppl\u00e9mentaire du si\u00e8ge ou de la cargaison<\/p>\n<\/li>\n<li data-start=\"3980\" data-end=\"4026\">\n<p data-start=\"3982\" data-end=\"4026\">Installation optionnelle du syst\u00e8me de divertissement<\/p>\n<\/li>\n<\/ul>\n<p>&nbsp;<\/p>\n<h3 data-start=\"4028\" data-end=\"4049\">Contr\u00f4le qualit\u00e9<\/h3>\n<ul data-start=\"4050\" data-end=\"4235\">\n<li data-start=\"4050\" data-end=\"4103\">\n<p data-start=\"4052\" data-end=\"4103\">100% moteur et contr\u00f4leur d'essai avant la livraison<\/p>\n<\/li>\n<li data-start=\"4104\" data-end=\"4146\">\n<p data-start=\"4106\" data-end=\"4146\">V\u00e9rification de la durabilit\u00e9 des freins et des suspensions<\/p>\n<\/li>\n<li data-start=\"4147\" data-end=\"4188\">\n<p data-start=\"4149\" data-end=\"4188\">Certifi\u00e9 selon les normes ISO et CCC<\/p>\n<\/li>\n<li data-start=\"4189\" data-end=\"4235\">\n<p data-start=\"4191\" data-end=\"4235\">Emballage CKD\/SKD pour une exp\u00e9dition mondiale s\u00fbre<\/p>\n<\/li>\n<\/ul>\n<p>&nbsp;<\/p>\n<h3 data-start=\"4237\" data-end=\"4262\">Service apr\u00e8s-vente<\/h3>\n<ul data-start=\"4263\" data-end=\"4446\">\n<li data-start=\"4263\" data-end=\"4309\">\n<p data-start=\"4265\" data-end=\"4309\">Garantie sur le moteur, la batterie et le contr\u00f4leur<\/p>\n<\/li>\n<li data-start=\"4310\" data-end=\"4356\">\n<p data-start=\"4312\" data-end=\"4356\">Disponibilit\u00e9 de pi\u00e8ces d\u00e9tach\u00e9es pour les acheteurs mondiaux<\/p>\n<\/li>\n<li data-start=\"4357\" data-end=\"4404\">\n<p data-start=\"4359\" data-end=\"4404\">Assistance technique \u00e0 distance et formation vid\u00e9o<\/p>\n<\/li>\n<li data-start=\"4405\" data-end=\"4446\">\n<p data-start=\"4407\" data-end=\"4446\">Consultation \u00e0 vie pour la maintenance<\/p>\n<\/li>\n<\/ul>\n<p>&nbsp;<\/p>\n<h3 data-start=\"4448\" data-end=\"4472\">Champs d'application<\/h3>\n<ul data-start=\"4473\" data-end=\"4631\">\n<li data-start=\"4473\" data-end=\"4505\">\n<p data-start=\"4475\" data-end=\"4505\">Service de taxi urbain pour passagers<\/p>\n<\/li>\n<li data-start=\"4506\" data-end=\"4532\">\n<p data-start=\"4508\" data-end=\"4532\">Transport touristique en ville<\/p>\n<\/li>\n<li data-start=\"4533\" data-end=\"4576\">\n<p data-start=\"4535\" data-end=\"4576\">Mobilit\u00e9 partag\u00e9e et flottes de transport<\/p>\n<\/li>\n<li data-start=\"4577\" data-end=\"4631\">\n<p data-start=\"4579\" data-end=\"4631\">Les d\u00e9placements en famille ou priv\u00e9s dans des villes respectueuses de l'environnement<\/p>\n<\/li>\n<\/ul>\n<p>&nbsp;<\/p>\n<h3 data-start=\"4633\" data-end=\"4653\">M\u00e9thode de paiement<\/h3>\n<ul data-start=\"4654\" data-end=\"4753\">\n<li data-start=\"4654\" data-end=\"4693\">\n<p data-start=\"4656\" data-end=\"4693\">T\/T, L\/C, Western Union et PayPal<\/p>\n<\/li>\n<li data-start=\"4694\" data-end=\"4753\">\n<p data-start=\"4696\" data-end=\"4753\">Conditions de paiement flexibles pour les distributeurs et les commandes en vrac<\/p>\n<\/li>\n<\/ul>\n<p>&nbsp;<\/p>\n<hr \/>\n<p>&nbsp;<\/p>\n<h3 data-start=\"4755\" data-end=\"4764\">FAQ (questions fr\u00e9quentes)<\/h3>\n<p data-start=\"4765\" data-end=\"4917\"><strong data-start=\"4765\" data-end=\"4837\">Q1: Quelle est la gamme du tuk tuk moteur 3000W sur une seule charge?<\/strong><br data-start=\"4837\" data-end=\"4840\" \/>A1: Il peut parcourir entre 140 et 165 km selon les conditions routi\u00e8res et de charge.<\/p>\n<p data-start=\"4919\" data-end=\"5029\"><strong data-start=\"4919\" data-end=\"4960\">Q2: Combien de passagers peut-il transporter?<\/strong><br data-start=\"4960\" data-end=\"4963\" \/>A2: Le v\u00e9hicule peut transporter 1 conducteur et 3 passagers confortablement.<\/p>\n<p data-start=\"5031\" data-end=\"5179\"><strong data-start=\"5031\" data-end=\"5091\">Q3: Le tuk tuk moteur 3000W convient-il aux zones collinaires?<\/strong><br data-start=\"5091\" data-end=\"5094\" \/>A3: Oui, il a une capacit\u00e9 d'escalade allant jusqu'\u00e0 35\u00b0, ce qui le rend id\u00e9al pour les terrains collinaires.<\/p>\n<p data-start=\"5181\" data-end=\"5309\"><strong data-start=\"5181\" data-end=\"5239\">Q4: Combien de temps faut-il pour charger compl\u00e8tement la batterie?<\/strong><br data-start=\"5239\" data-end=\"5242\" \/>A4: La charge n\u00e9cessite environ 8 \u00e0 10 heures \u00e0 l'aide d'un chargeur standard.<\/p>\n<p data-start=\"5311\" data-end=\"5440\"><strong data-start=\"5311\" data-end=\"5361\">Q5: Puis-je commander des couleurs personnalis\u00e9es ou une marque?<\/strong><br data-start=\"5361\" data-end=\"5364\" \/>A5: Oui, la personnalisation OEM est disponible pour les op\u00e9rateurs de flotte et les revendeurs.<\/p>","protected":false},"excerpt":{"rendered":"<p>Le <strong data-start=\"460\" data-end=\"483\">3000W moteur tuk tuk<\/strong> repr\u00e9sente la prochaine g\u00e9n\u00e9ration de v\u00e9hicules \u00e9lectriques. Avec son puissant moteur AC 60V 4000W, syst\u00e8me de contr\u00f4leur avanc\u00e9 et suspension ind\u00e9pendante, ce tuk tuk \u00e9lectrique est con\u00e7u pour le confort et les performances. Offrant une vitesse maximale de 55 km\/h et une autonomie impressionnante allant jusqu'\u00e0 165 km par charge, il surpasse les rickshaws traditionnels \u00e0 carburant tout en garantissant des co\u00fbts d'exploitation bas. Sa cabine spacieuse, son cadre durable et ses caract\u00e9ristiques modernes en font un choix id\u00e9al pour le transport de passagers, les services de mobilit\u00e9 partag\u00e9e et les navettes urbaines.<\/p>","protected":false},"featured_media":3870,"comment_status":"open","ping_status":"closed","template":"","meta":[],"product_brand":[],"product_cat":[78],"product_tag":[],"class_list":{"0":"post-3869","1":"product","2":"type-product","3":"status-publish","4":"has-post-thumbnail","6":"product_cat-electric-tricycle","8":"first","9":"instock","10":"shipping-taxable","11":"product-type-simple"},"_links":{"self":[{"href":"https:\/\/www.tairuiauto.com\/fr\/wp-json\/wp\/v2\/product\/3869","targetHints":{"allow":["GET"]}}],"collection":[{"href":"https:\/\/www.tairuiauto.com\/fr\/wp-json\/wp\/v2\/product"}],"about":[{"href":"https:\/\/www.tairuiauto.com\/fr\/wp-json\/wp\/v2\/types\/product"}],"replies":[{"embeddable":true,"href":"https:\/\/www.tairuiauto.com\/fr\/wp-json\/wp\/v2\/comments?post=3869"}],"wp:featuredmedia":[{"embeddable":true,"href":"https:\/\/www.tairuiauto.com\/fr\/wp-json\/wp\/v2\/media\/3870"}],"wp:attachment":[{"href":"https:\/\/www.tairuiauto.com\/fr\/wp-json\/wp\/v2\/media?parent=3869"}],"wp:term":[{"taxonomy":"product_brand","embeddable":true,"href":"https:\/\/www.tairuiauto.com\/fr\/wp-json\/wp\/v2\/product_brand?post=3869"},{"taxonomy":"product_cat","embeddable":true,"href":"https:\/\/www.tairuiauto.com\/fr\/wp-json\/wp\/v2\/product_cat?post=3869"},{"taxonomy":"product_tag","embeddable":true,"href":"https:\/\/www.tairuiauto.com\/fr\/wp-json\/wp\/v2\/product_tag?post=3869"}],"curies":[{"name":"WP","href":"https:\/\/api.w.org\/{rel}","templated":true}]}}