{"id":3895,"date":"2026-01-24T09:58:13","date_gmt":"2026-01-24T01:58:13","guid":{"rendered":"https:\/\/www.tairuiauto.com\/?post_type=product&#038;p=3895"},"modified":"2026-01-27T11:07:04","modified_gmt":"2026-01-27T03:07:04","slug":"4000w-motor-tuk-tuk","status":"publish","type":"product","link":"https:\/\/www.tairuiauto.com\/fr\/product\/4000w-motor-tuk-tuk\/","title":{"rendered":"Mini passager \u00e9lectrique Tuk Tuk"},"content":{"rendered":"<h2 style=\"padding-left: 40px;\" data-start=\"441\" data-end=\"460\">Aper\u00e7u du produit<\/h2>\n<p style=\"padding-left: 40px;\" data-start=\"462\" data-end=\"749\">Ce mini tuk tuk \u00e9lectrique est con\u00e7u pour les navettes urbaines, les transports de quartier et les services de passagers de petits groupes. Ses dimensions compactes, son syst\u00e8me de suspension stable et sa configuration \u00e9lectrique adaptable le rendent parfaitement adapt\u00e9 aux environnements urbains denses et aux march\u00e9s en d\u00e9veloppement.<\/p>\n<table style=\"border-collapse: collapse; width: 75.2766%; height: 715px; margin-left: 40px;\" border=\"0\" width=\"823\" cellspacing=\"0\" cellpadding=\"0\">\n<tbody style=\"padding-left: 40px;\">\n<tr style=\"height: 20pt; padding-left: 40px;\">\n<td class=\"et3\" style=\"height: 20pt; width: 39.8593%; padding-left: 40px;\" width=\"427\" height=\"33\">Mod\u00e8le<\/td>\n<td class=\"et3\" style=\"width: 60.0234%; padding-left: 40px;\" width=\"396\">Mini passager \u00e9lectrique Tuk Tuk<\/td>\n<\/tr>\n<tr style=\"height: 20pt; padding-left: 40px;\">\n<td class=\"et4\" style=\"height: 20pt; width: 39.8593%; padding-left: 40px;\" width=\"427\" height=\"33\">Taille globale<\/td>\n<td class=\"et4\" style=\"width: 60.0234%; padding-left: 40px;\" width=\"396\">2750 * 1300 * 2000mm<\/td>\n<\/tr>\n<tr style=\"height: 20pt; padding-left: 40px;\">\n<td class=\"et4\" style=\"height: 20pt; width: 39.8593%; padding-left: 40px;\" width=\"427\" height=\"33\">compteurs<\/td>\n<td class=\"et4\" style=\"width: 60.0234%; padding-left: 40px;\" width=\"396\">\u00c9lectrique avec tableau de bord<\/td>\n<\/tr>\n<tr style=\"height: 34pt; padding-left: 40px;\">\n<td class=\"et4\" style=\"height: 34pt; width: 39.8593%; padding-left: 40px;\" width=\"427\" height=\"56\">contr\u00f4leur<\/td>\n<td class=\"et4\" style=\"width: 60.0234%; padding-left: 40px;\" width=\"396\">60\/72V4000wAdaptable, adapt\u00e9 \u00e0 la limite sup\u00e9rieure de tension de batterie de phosphate de lithium-fer 93v, limite inf\u00e9rieure 63v<\/td>\n<\/tr>\n<tr style=\"height: 20pt; padding-left: 40px;\">\n<td class=\"et4\" style=\"height: 20pt; width: 39.8593%; padding-left: 40px;\" width=\"427\" height=\"33\">essieu arri\u00e8re<\/td>\n<td class=\"et4\" style=\"width: 60.0234%; padding-left: 40px;\" width=\"396\">Frein \u00e0 moyeu d'huile, bielle de cage \u00e0 billes d'automobile<\/td>\n<\/tr>\n<tr style=\"height: 20pt; padding-left: 40px;\">\n<td class=\"et4\" style=\"height: 20pt; width: 39.8593%; padding-left: 40px;\" width=\"427\" height=\"33\">Frein avant<\/td>\n<td class=\"et4\" style=\"width: 60.0234%; padding-left: 40px;\" width=\"396\">Fren \u00e0 disque de diam\u00e8tre 180mm<\/td>\n<\/tr>\n<tr style=\"height: 20pt; padding-left: 40px;\">\n<td class=\"et4\" style=\"height: 20pt; width: 39.8593%; padding-left: 40px;\" width=\"427\" height=\"33\">Frein arri\u00e8re<\/td>\n<td class=\"et4\" style=\"width: 60.0234%; padding-left: 40px;\" width=\"396\">frein \u00e0 tambour hydraulique de diam\u00e8tre 220mm<\/td>\n<\/tr>\n<tr style=\"height: 20pt; padding-left: 40px;\">\n<td class=\"et4\" style=\"height: 20pt; width: 39.8593%; padding-left: 40px;\" width=\"427\" height=\"33\">Gradabilit\u00e9<\/td>\n<td class=\"et4\" style=\"width: 60.0234%; padding-left: 40px;\" width=\"396\">25\u00b0<\/td>\n<\/tr>\n<tr style=\"height: 20pt; padding-left: 40px;\">\n<td class=\"et5\" style=\"height: 20pt; width: 39.8593%; padding-left: 40px;\" width=\"427\" height=\"33\">Phare<\/td>\n<td class=\"et4\" style=\"width: 60.0234%; padding-left: 40px;\" width=\"396\">Normale, ampoule ordinaire grande, optionalLED<\/td>\n<\/tr>\n<tr style=\"height: 20pt; padding-left: 40px;\">\n<td class=\"et4\" style=\"height: 20pt; width: 39.8593%; padding-left: 40px;\" width=\"427\" height=\"33\">Capacit\u00e9 de chargement<\/td>\n<td class=\"et4\" style=\"width: 60.0234%; padding-left: 40px;\" width=\"396\">D 3 personnes<\/td>\n<\/tr>\n<tr style=\"height: 20pt; padding-left: 40px;\">\n<td class=\"et4\" style=\"height: 20pt; width: 39.8593%; padding-left: 40px;\" width=\"427\" height=\"33\">autre option<\/td>\n<td class=\"et4\" style=\"width: 60.0234%; padding-left: 40px;\" width=\"396\">Fren \u00e0 pied Fren \u00e0 main en un<\/td>\n<\/tr>\n<tr style=\"height: 20pt; padding-left: 40px;\">\n<td class=\"et4\" style=\"height: 20pt; width: 39.8593%; padding-left: 40px;\" width=\"427\" height=\"33\">Article<\/td>\n<td class=\"et4\" style=\"width: 60.0234%; padding-left: 40px;\" width=\"396\">Sp\u00e9cifications<\/td>\n<\/tr>\n<tr style=\"height: 20pt; padding-left: 40px;\">\n<td class=\"et4\" style=\"height: 20pt; width: 39.8593%; padding-left: 40px;\" width=\"427\" height=\"33\">bordure<\/td>\n<td class=\"et4\" style=\"width: 60.0234%; padding-left: 40px;\" width=\"396\">Roues de fer<\/td>\n<\/tr>\n<tr style=\"height: 20pt; padding-left: 40px;\">\n<td class=\"et4\" style=\"height: 20pt; width: 39.8593%; padding-left: 40px;\" width=\"427\" height=\"33\">E-moteur<\/td>\n<td class=\"et4\" style=\"width: 60.0234%; padding-left: 40px;\" width=\"396\">AC-60V4000W<\/td>\n<\/tr>\n<tr style=\"height: 20pt; padding-left: 40px;\">\n<td class=\"et4\" style=\"height: 20pt; width: 39.8593%; padding-left: 40px;\" width=\"427\" height=\"33\">Suspension avant<\/td>\n<td class=\"et4\" style=\"width: 60.0234%; padding-left: 40px;\" width=\"396\">Fourche avant amortissante \u00e0 double \u00e9paule<\/td>\n<\/tr>\n<tr style=\"height: 20pt; padding-left: 40px;\">\n<td class=\"et4\" style=\"height: 20pt; width: 39.8593%; padding-left: 40px;\" width=\"427\" height=\"33\">Suspension arri\u00e8re<\/td>\n<td class=\"et4\" style=\"width: 60.0234%; padding-left: 40px;\" width=\"396\">Pendue ind\u00e9pendance<\/td>\n<\/tr>\n<tr style=\"height: 20pt; padding-left: 40px;\">\n<td class=\"et4\" style=\"height: 20pt; width: 39.8593%; padding-left: 40px;\" width=\"427\" height=\"33\">Vitesse maximale<\/td>\n<td class=\"et4\" style=\"width: 60.0234%; padding-left: 40px;\" width=\"396\">55 Km\/h<\/td>\n<\/tr>\n<tr style=\"height: 20pt; padding-left: 40px;\">\n<td class=\"et4\" style=\"height: 20pt; width: 39.8593%; padding-left: 40px;\" width=\"427\" height=\"33\">Pneus (F\/R)<\/td>\n<td class=\"et4\" style=\"width: 60.0234%; padding-left: 40px;\" width=\"396\">4.00-10<\/td>\n<\/tr>\n<tr style=\"height: 20pt; padding-left: 40px;\">\n<td class=\"et4\" style=\"height: 20pt; width: 39.8593%; padding-left: 40px;\" width=\"427\" height=\"33\">Kilom\u00e9trage par charge<\/td>\n<td class=\"et4\" style=\"width: 60.0234%; padding-left: 40px;\" width=\"396\">140 kilom\u00e8tres<\/td>\n<\/tr>\n<tr style=\"height: 20pt; padding-left: 40px;\">\n<td class=\"et4\" style=\"height: 20pt; width: 39.8593%; padding-left: 40px;\" width=\"427\" height=\"33\">Batterie<\/td>\n<td class=\"et4\" style=\"width: 60.0234%; padding-left: 40px;\" width=\"396\">60v \/ 72v150AH<\/td>\n<\/tr>\n<tr style=\"height: 20pt; padding-left: 40px;\">\n<td class=\"et4\" style=\"height: 20pt; width: 39.8593%; padding-left: 40px;\" width=\"427\" height=\"33\">Temps de charge<\/td>\n<td class=\"et4\" style=\"width: 60.0234%; padding-left: 40px;\" width=\"396\">8-10h<\/td>\n<\/tr>\n<tr style=\"height: 20pt; padding-left: 40px;\">\n<td class=\"et4\" style=\"height: 20pt; width: 39.8593%; padding-left: 40px;\" width=\"427\" height=\"33\">Chargement dans 40HQ<\/td>\n<td class=\"et4\" style=\"width: 60.0234%; padding-left: 40px;\" width=\"396\">27sets \/ 40HQ CKD<\/td>\n<\/tr>\n<\/tbody>\n<\/table>\n<hr style=\"padding-left: 40px;\" data-start=\"751\" data-end=\"754\" \/>\n<h2 style=\"padding-left: 40px;\" data-start=\"756\" data-end=\"778\">Description du produit<\/h2>\n<h3 style=\"padding-left: 40px;\" data-start=\"780\" data-end=\"802\">Cat\u00e9gorie de produit<\/h3>\n<p style=\"padding-left: 40px;\" data-start=\"803\" data-end=\"889\">V\u00e9hicule \u00e9lectrique de transport de passagers Tuk Tuk \/ \u00e9lectrique \u00e0 trois roues \/ urbain<\/p>\n<h3 style=\"padding-left: 40px;\" data-start=\"891\" data-end=\"916\">Description du produit<\/h3>\n<p style=\"padding-left: 40px;\" data-start=\"918\" data-end=\"1101\">Le <strong data-start=\"922\" data-end=\"957\">Mini passager \u00e9lectrique Tuk Tuk<\/strong> poss\u00e8de une taille globale de <strong data-start=\"986\" data-end=\"1011\">2750 \u00d7 1300 \u00d7 2000 mm<\/strong>\u00e9quilibrant l'espace int\u00e9rieur des passagers avec une excellente man\u0153uvrabilit\u00e9 sur des routes urbaines \u00e9troites.<\/p>\n<p style=\"padding-left: 40px;\" data-start=\"1103\" data-end=\"1404\">Il est aliment\u00e9 par un <strong data-start=\"1123\" data-end=\"1154\">Moteur \u00e9lectrique AC 60V\/4000W<\/strong>, jumel\u00e9 avec un <strong data-start=\"1170\" data-end=\"1200\">Contr\u00f4leur adaptatif 60\/72V<\/strong> compatible avec les syst\u00e8mes de batteries au phosphate de lithium et de fer. Le contr\u00f4leur fonctionne dans une gamme de tension de <strong data-start=\"1307\" data-end=\"1318\">63V\u201393V<\/strong>garantissant une livraison d'\u00e9nergie stable et efficace sous des conditions de charge et de route variables.<\/p>\n<p style=\"padding-left: 40px;\" data-start=\"1406\" data-end=\"1709\">L'\u00e9nergie est fournie par un <strong data-start=\"1430\" data-end=\"1458\">Batterie 60V ou 72V 150Ah<\/strong>, fournissant un <strong data-start=\"1472\" data-end=\"1516\">autonomie de conduite jusqu'\u00e0 140 km par charge<\/strong>Le temps de charge est approximativement <strong data-start=\"1553\" data-end=\"1567\">8 \u00e0 10 heures<\/strong>ce qui le rend adapt\u00e9 \u00e0 la recharge de nuit ou de d\u00e9p\u00f4t. Le v\u00e9hicule atteint un <strong data-start=\"1643\" data-end=\"1671\">vitesse maximale de 55 km\/h<\/strong>id\u00e9al pour le transport urbain de passagers.<\/p>\n<p style=\"padding-left: 40px;\" data-start=\"1406\" data-end=\"1709\"><img fetchpriority=\"high\" decoding=\"async\" class=\"alignnone size-medium wp-image-3864\" src=\"https:\/\/www.tairuiauto.com\/wp-content\/uploads\/2025\/09\/6-13-300x225.jpg\" alt=\"\" width=\"300\" height=\"225\" srcset=\"\" sizes=\"(max-width: 300px) 100vw, 300px\" data-srcset=\"\" \/> \u00a0<img decoding=\"async\" class=\"alignnone size-medium wp-image-3863\" src=\"https:\/\/www.tairuiauto.com\/wp-content\/uploads\/2025\/09\/5-18-300x225.jpg\" alt=\"\" width=\"300\" height=\"225\" srcset=\"\" sizes=\"(max-width: 300px) 100vw, 300px\" data-srcset=\"\" \/> \u00a0 <img decoding=\"async\" class=\"alignnone size-medium wp-image-3860\" src=\"https:\/\/www.tairuiauto.com\/wp-content\/uploads\/2025\/09\/2-21-300x225.jpg\" alt=\"\" width=\"300\" height=\"225\" srcset=\"\" sizes=\"(max-width: 300px) 100vw, 300px\" data-srcset=\"\" \/><\/p>\n<p style=\"padding-left: 40px;\" data-start=\"1711\" data-end=\"2108\">Le syst\u00e8me de freinage se compose d'un <strong data-start=\"1744\" data-end=\"1771\">Fren \u00e0 disque avant 180 mm<\/strong> et un <strong data-start=\"1778\" data-end=\"1814\">220 mm frein \u00e0 tambour hydraulique arri\u00e8re<\/strong>offrant des performances d'arr\u00eat fiables. L'essieu arri\u00e8re adopte un <strong data-start=\"1880\" data-end=\"1944\">frein moyeu \u00e0 huile avec bielle de cage \u00e0 billes de qualit\u00e9 automobile<\/strong>am\u00e9liorant la durabilit\u00e9 et la stabilit\u00e9 op\u00e9rationnelle. Le v\u00e9hicule fournit un <strong data-start=\"2017\" data-end=\"2046\">gradabilit\u00e9 jusqu'\u00e0 25\u00b0<\/strong>permettant des performances fiables sur les pentes et sur des terrains in\u00e9gaux.<\/p>\n<p style=\"padding-left: 40px;\" data-start=\"2110\" data-end=\"2472\">Pour le confort et la stabilit\u00e9 de la conduite, la suspension avant utilise un <strong data-start=\"2179\" data-end=\"2236\">fourche avant amortissante \u00e0 double \u00e9paule<\/strong>tandis que l'arri\u00e8re dispose d'un <strong data-start=\"2265\" data-end=\"2306\">syst\u00e8me de suspension suspendu ind\u00e9pendant<\/strong>r\u00e9duisant efficacement les vibrations pendant le fonctionnement. Le v\u00e9hicule est \u00e9quip\u00e9 de <strong data-start=\"2386\" data-end=\"2403\">4.00-10 pneus<\/strong> et <strong data-start=\"2408\" data-end=\"2423\">roues de fer<\/strong>Assurant la durabilit\u00e9 dans un usage commercial quotidien.<\/p>\n<p style=\"padding-left: 40px;\" data-start=\"2474\" data-end=\"2849\">La capacit\u00e9 de passagers est configur\u00e9e pour <strong data-start=\"2511\" data-end=\"2536\">chauffeur 3 passagers<\/strong>ce qui le rend adapt\u00e9 au transport de petits groupes. L'\u00e9quipement standard comprend un <strong data-start=\"2615\" data-end=\"2639\">tableau de bord \u00e9lectrique<\/strong>tandis que les options d'\u00e9clairage incluent <strong data-start=\"2672\" data-end=\"2725\">ampoules grandes standard avec phares LED en option<\/strong>Les fonctionnalit\u00e9s suppl\u00e9mentaires comprennent un <strong data-start=\"2757\" data-end=\"2802\">syst\u00e8me combin\u00e9 de frein \u00e0 pied et de frein \u00e0 main<\/strong>Am\u00e9liorer la commodit\u00e9 op\u00e9rationnelle et la s\u00e9curit\u00e9.<\/p>\n<p style=\"padding-left: 40px;\" data-start=\"2851\" data-end=\"2977\">Pour une efficacit\u00e9 logistique, le v\u00e9hicule est livr\u00e9 en <strong data-start=\"2904\" data-end=\"2916\">Formulaire CKD<\/strong>avec une capacit\u00e9 de chargement de <strong data-start=\"2945\" data-end=\"2976\">27 unit\u00e9s par conteneur 40HQ<\/strong>.<\/p>\n<hr style=\"padding-left: 40px;\" data-start=\"2979\" data-end=\"2982\" \/>\n<h2 style=\"padding-left: 40px;\" data-start=\"2984\" data-end=\"3012\">Caract\u00e9ristiques cl\u00e9s &amp; Avantages<\/h2>\n<h3 style=\"padding-left: 40px;\" data-start=\"3014\" data-end=\"3028\">Caract\u00e9ristiques<\/h3>\n<ul>\n<li style=\"list-style-type: none;\">\n<ul data-start=\"3029\" data-end=\"3246\">\n<li data-start=\"3029\" data-end=\"3064\">\n<p data-start=\"3031\" data-end=\"3064\">Moteur \u00e9lectrique 60V\/72V 4000W AC<\/p>\n<\/li>\n<li data-start=\"3065\" data-end=\"3116\">\n<p data-start=\"3067\" data-end=\"3116\">Contr\u00f4leur adaptatif pour syst\u00e8mes de batteries au lithium<\/p>\n<\/li>\n<li data-start=\"3117\" data-end=\"3163\">\n<p data-start=\"3119\" data-end=\"3163\">Freinage \u00e0 tambour hydraulique \u00e0 disque avant et arri\u00e8re<\/p>\n<\/li>\n<li data-start=\"3164\" data-end=\"3195\">\n<p data-start=\"3166\" data-end=\"3195\">Suspension arri\u00e8re ind\u00e9pendante<\/p>\n<\/li>\n<li data-start=\"3196\" data-end=\"3246\">\n<p data-start=\"3198\" data-end=\"3246\">Taille compacte avec capacit\u00e9 pratique pour les passagers<\/p>\n<\/li>\n<\/ul>\n<\/li>\n<\/ul>\n<h3 style=\"padding-left: 40px;\" data-start=\"3248\" data-end=\"3264\">Avantages<\/h3>\n<ul>\n<li style=\"list-style-type: none;\">\n<ul data-start=\"3265\" data-end=\"3421\">\n<li data-start=\"3265\" data-end=\"3304\">\n<p data-start=\"3267\" data-end=\"3304\">Rendement puissant pour les routes urbaines<\/p>\n<\/li>\n<li data-start=\"3305\" data-end=\"3344\">\n<p data-start=\"3307\" data-end=\"3344\">Qualit\u00e9 de conduite stable et confortable<\/p>\n<\/li>\n<li data-start=\"3345\" data-end=\"3378\">\n<p data-start=\"3347\" data-end=\"3378\">Longue autonomie par charge<\/p>\n<\/li>\n<li data-start=\"3379\" data-end=\"3421\">\n<p data-start=\"3381\" data-end=\"3421\">Exp\u00e9dition CKD efficace pour les commandes en vrac<\/p>\n<\/li>\n<\/ul>\n<\/li>\n<\/ul>\n<h3 style=\"padding-left: 40px;\" data-start=\"3423\" data-end=\"3443\">Avantages pour l'acheteur<\/h3>\n<ul>\n<li style=\"list-style-type: none;\">\n<ul data-start=\"3444\" data-end=\"3624\">\n<li data-start=\"3444\" data-end=\"3487\">\n<p data-start=\"3446\" data-end=\"3487\">R\u00e9duction des co\u00fbts d'exploitation et d'entretien<\/p>\n<\/li>\n<li data-start=\"3488\" data-end=\"3530\">\n<p data-start=\"3490\" data-end=\"3530\">Maniabilit\u00e9 facile dans les villes bond\u00e9es<\/p>\n<\/li>\n<li data-start=\"3531\" data-end=\"3567\">\n<p data-start=\"3533\" data-end=\"3567\">Options flexibles de tension de batterie<\/p>\n<\/li>\n<li data-start=\"3568\" data-end=\"3624\">\n<p data-start=\"3570\" data-end=\"3624\">Efficacit\u00e9 de transport \u00e9lev\u00e9e pour les petits groupes de passagers<\/p>\n<\/li>\n<\/ul>\n<\/li>\n<\/ul>\n<h3 style=\"padding-left: 40px;\" data-start=\"3626\" data-end=\"3640\">La preuve<\/h3>\n<ul>\n<li style=\"list-style-type: none;\">\n<ul data-start=\"3641\" data-end=\"3769\">\n<li data-start=\"3641\" data-end=\"3691\">\n<p data-start=\"3643\" data-end=\"3691\">Configuration du moteur AC et du contr\u00f4leur adaptatif<\/p>\n<\/li>\n<li data-start=\"3692\" data-end=\"3732\">\n<p data-start=\"3694\" data-end=\"3732\">Conception \u00e9prouv\u00e9e de freinage et de suspension<\/p>\n<\/li>\n<li data-start=\"3733\" data-end=\"3769\">\n<p data-start=\"3735\" data-end=\"3769\">Sp\u00e9cification de la batterie \u00e0 longue port\u00e9e<\/p>\n<\/li>\n<\/ul>\n<\/li>\n<\/ul>\n<hr style=\"padding-left: 40px;\" data-start=\"3771\" data-end=\"3774\" \/>\n<h2 style=\"padding-left: 40px;\" data-start=\"3776\" data-end=\"3800\">Sc\u00e9narios d'application<\/h2>\n<ul>\n<li style=\"list-style-type: none;\">\n<ul data-start=\"3802\" data-end=\"4001\">\n<li data-start=\"3802\" data-end=\"3846\">\n<p data-start=\"3804\" data-end=\"3846\">Transport urbain de passagers courtes distances<\/p>\n<\/li>\n<li data-start=\"3847\" data-end=\"3887\">\n<p data-start=\"3849\" data-end=\"3887\">Communaut\u00e9 et quartier<\/p>\n<\/li>\n<li data-start=\"3888\" data-end=\"3914\">\n<p data-start=\"3890\" data-end=\"3914\">Services de navette locaux<\/p>\n<\/li>\n<li data-start=\"3915\" data-end=\"3953\">\n<p data-start=\"3917\" data-end=\"3953\">Transport \u00e0 courte distance dans la zone touristique<\/p>\n<\/li>\n<li data-start=\"3954\" data-end=\"4001\">\n<p data-start=\"3956\" data-end=\"4001\">Op\u00e9rations commerciales de passagers \u00e0 petite \u00e9chelle<\/p>\n<\/li>\n<\/ul>\n<\/li>\n<\/ul>\n<hr style=\"padding-left: 40px;\" data-start=\"4003\" data-end=\"4006\" \/>\n<h2 style=\"padding-left: 40px;\" data-start=\"4008\" data-end=\"4058\">Pourquoi choisir ce Mini Tuk Tuk \u00e9lectrique<\/h2>\n<p style=\"padding-left: 40px;\" data-start=\"4060\" data-end=\"4333\">Ce mod\u00e8le combine des dimensions compactes, des performances \u00e9nerg\u00e9tiques fiables et une capacit\u00e9 de passagers pratique dans une plate-forme \u00e9lectrique rentable. C\u2019est un choix id\u00e9al pour les op\u00e9rateurs qui recherchent une solution fiable et efficace pour le transport urbain de passagers et la mobilit\u00e9 du dernier kilom\u00e8tre.<\/p>\n<hr style=\"padding-left: 40px;\" data-start=\"4335\" data-end=\"4338\" \/>\n<h2 style=\"padding-left: 40px;\" data-start=\"4340\" data-end=\"4363\">Emballage &amp; Livraison<\/h2>\n<ul>\n<li style=\"list-style-type: none;\">\n<ul data-start=\"4365\" data-end=\"4549\">\n<li data-start=\"4365\" data-end=\"4391\">\n<p data-start=\"4367\" data-end=\"4391\"><strong data-start=\"4367\" data-end=\"4385\">Formulaire de livraison :<\/strong> CKD<\/p>\n<\/li>\n<li data-start=\"4392\" data-end=\"4433\">\n<p data-start=\"4394\" data-end=\"4433\"><strong data-start=\"4394\" data-end=\"4415\">Capacit\u00e9 de chargement:<\/strong> 27 unit\u00e9s \/ 40HQ<\/p>\n<\/li>\n<li data-start=\"4434\" data-end=\"4481\">\n<p data-start=\"4436\" data-end=\"4481\"><strong data-start=\"4436\" data-end=\"4455\">M\u00e9thode d'emballage:<\/strong> Emballage standard \u00e0 l'exportation<\/p>\n<\/li>\n<li data-start=\"4482\" data-end=\"4549\">\n<p data-start=\"4484\" data-end=\"4549\"><strong data-start=\"4484\" data-end=\"4502\">Personnalisation :<\/strong> Options d'\u00e9clairage et de configuration disponibles<\/p>\n<\/li>\n<\/ul>\n<\/li>\n<\/ul>\n<hr style=\"padding-left: 40px;\" data-start=\"4551\" data-end=\"4554\" \/>\n<h2 style=\"padding-left: 40px;\" data-start=\"4556\" data-end=\"4562\">FAQ (questions fr\u00e9quentes)<\/h2>\n<p style=\"padding-left: 40px;\" data-start=\"4564\" data-end=\"4671\"><strong data-start=\"4564\" data-end=\"4619\">Q1: Quelle est la capacit\u00e9 de passagers de ce tuk tuk?<\/strong><br data-start=\"4619\" data-end=\"4622\" \/>Il est configur\u00e9 pour <strong data-start=\"4643\" data-end=\"4670\">1 conducteur 3 passagers<\/strong>.<\/p>\n<p style=\"padding-left: 40px;\" data-start=\"4673\" data-end=\"4818\"><strong data-start=\"4673\" data-end=\"4726\">Q2: Quelle est la port\u00e9e maximale par charge?<\/strong><br data-start=\"4726\" data-end=\"4729\" \/>Le v\u00e9hicule peut atteindre <strong data-start=\"4751\" data-end=\"4778\">jusqu'\u00e0 140 km par charge<\/strong>en fonction de la charge et des conditions routi\u00e8res.<\/p>\n<p style=\"padding-left: 40px;\" data-start=\"4820\" data-end=\"4920\"><strong data-start=\"4820\" data-end=\"4859\">Q3: Quel type de moteur utilise-t-il?<\/strong><br data-start=\"4859\" data-end=\"4862\" \/>Il est \u00e9quip\u00e9 d'un <strong data-start=\"4884\" data-end=\"4919\">Moteur \u00e9lectrique 60V\/72V 4000W AC<\/strong>.<\/p>\n<p style=\"padding-left: 40px;\" data-start=\"4922\" data-end=\"5035\"><strong data-start=\"4922\" data-end=\"4958\">Q4: Quel syst\u00e8me de freinage est utilis\u00e9?<\/strong><br data-start=\"4958\" data-end=\"4961\" \/>Le v\u00e9hicule comporte un <strong data-start=\"4984\" data-end=\"5034\">frein \u00e0 disque avant et frein \u00e0 tambour hydraulique arri\u00e8re<\/strong>.<\/p>\n<p style=\"padding-left: 40px;\" data-start=\"5037\" data-end=\"5143\"><strong data-start=\"5037\" data-end=\"5072\">Q5: Comment le v\u00e9hicule est-il exp\u00e9di\u00e9?<\/strong><br data-start=\"5072\" data-end=\"5075\" \/>Il est exp\u00e9di\u00e9 en <strong data-start=\"5092\" data-end=\"5104\">Formulaire CKD<\/strong>avec <strong data-start=\"5111\" data-end=\"5142\">27 unit\u00e9s par conteneur 40HQ<\/strong>.<\/p>\n<hr style=\"padding-left: 40px;\" data-start=\"4575\" data-end=\"4578\" \/>\n<p style=\"padding-left: 40px;\" data-start=\"5103\" data-end=\"5230\">","protected":false},"excerpt":{"rendered":"<p>Le <strong data-start=\"142\" data-end=\"177\">Mini passager \u00e9lectrique Tuk Tuk<\/strong> est un v\u00e9hicule \u00e9lectrique compact mais puissant \u00e0 trois roues con\u00e7u pour le transport urbain de passagers. Avec un moteur AC robuste, un syst\u00e8me de freinage fiable et une longue autonomie de conduite, il offre une solution pratique et \u00e9cologique pour la mobilit\u00e9 urbaine sur de courtes \u00e0 moyennes distances.<\/p>","protected":false},"featured_media":5391,"comment_status":"open","ping_status":"closed","template":"","meta":[],"product_brand":[],"product_cat":[78],"product_tag":[],"class_list":{"0":"post-3895","1":"product","2":"type-product","3":"status-publish","4":"has-post-thumbnail","6":"product_cat-electric-tricycle","8":"first","9":"instock","10":"shipping-taxable","11":"product-type-simple"},"_links":{"self":[{"href":"https:\/\/www.tairuiauto.com\/fr\/wp-json\/wp\/v2\/product\/3895","targetHints":{"allow":["GET"]}}],"collection":[{"href":"https:\/\/www.tairuiauto.com\/fr\/wp-json\/wp\/v2\/product"}],"about":[{"href":"https:\/\/www.tairuiauto.com\/fr\/wp-json\/wp\/v2\/types\/product"}],"replies":[{"embeddable":true,"href":"https:\/\/www.tairuiauto.com\/fr\/wp-json\/wp\/v2\/comments?post=3895"}],"wp:featuredmedia":[{"embeddable":true,"href":"https:\/\/www.tairuiauto.com\/fr\/wp-json\/wp\/v2\/media\/5391"}],"wp:attachment":[{"href":"https:\/\/www.tairuiauto.com\/fr\/wp-json\/wp\/v2\/media?parent=3895"}],"wp:term":[{"taxonomy":"product_brand","embeddable":true,"href":"https:\/\/www.tairuiauto.com\/fr\/wp-json\/wp\/v2\/product_brand?post=3895"},{"taxonomy":"product_cat","embeddable":true,"href":"https:\/\/www.tairuiauto.com\/fr\/wp-json\/wp\/v2\/product_cat?post=3895"},{"taxonomy":"product_tag","embeddable":true,"href":"https:\/\/www.tairuiauto.com\/fr\/wp-json\/wp\/v2\/product_tag?post=3895"}],"curies":[{"name":"WP","href":"https:\/\/api.w.org\/{rel}","templated":true}]}}