{"id":3948,"date":"2025-10-09T09:10:17","date_gmt":"2025-10-09T01:10:17","guid":{"rendered":"https:\/\/www.tairuiauto.com\/?post_type=product&#038;p=3948"},"modified":"2025-10-10T08:21:24","modified_gmt":"2025-10-10T00:21:24","slug":"7-seater-passenger-tuk","status":"publish","type":"product","link":"https:\/\/www.tairuiauto.com\/fr\/product\/7-seater-passenger-tuk\/","title":{"rendered":"Tuk passager 7 places"},"content":{"rendered":"<h3 data-start=\"364\" data-end=\"389\">Description du produit<\/h3>\n<p data-start=\"390\" data-end=\"885\">\u00a0Il convient aux entreprises de transport de passagers, aux navettes familiales et aux services de trajet partag\u00e9, ce qui en fait l'un des rickshaws \u00e9lectriques les plus pratiques sur le march\u00e9 aujourd'hui.<\/p>\n<table style=\"border-collapse: collapse; width: 71.3822%; height: 544px;\" border=\"0\" width=\"716\" cellspacing=\"0\" cellpadding=\"0\">\n<tbody>\n<tr style=\"height: 20.00pt;\">\n<td class=\"et3\" style=\"height: 20pt; width: 41.0383%;\" width=\"337\" height=\"33\">Mod\u00e8le<\/td>\n<td class=\"et3\" style=\"width: 58.9617%;\" width=\"379\">Tricycle passagers 7 places<\/td>\n<\/tr>\n<tr style=\"height: 20.00pt;\">\n<td class=\"et4\" style=\"height: 20pt; width: 41.0383%;\" width=\"337\" height=\"33\">Taille globale<\/td>\n<td class=\"et4\" style=\"width: 58.9617%;\" width=\"379\">2920mm * 1200mm * 1820mm<\/td>\n<\/tr>\n<tr style=\"height: 20.00pt;\">\n<td class=\"et4\" style=\"height: 20pt; width: 41.0383%;\" width=\"337\" height=\"33\">instrument<\/td>\n<td class=\"et4\" style=\"width: 58.9617%;\" width=\"379\">Instrument \u00e9lectronique avec tableau de bord<\/td>\n<\/tr>\n<tr style=\"height: 20.00pt;\">\n<td class=\"et4\" style=\"height: 20pt; width: 41.0383%;\" width=\"337\" height=\"33\">contr\u00f4leur<\/td>\n<td class=\"et4\" style=\"width: 58.9617%;\" width=\"379\">30 tubes<\/td>\n<\/tr>\n<tr style=\"height: 20.00pt;\">\n<td class=\"et4\" style=\"height: 20pt; width: 41.0383%;\" width=\"337\" height=\"33\">essieu arri\u00e8re<\/td>\n<td class=\"et4\" style=\"width: 58.9617%;\" width=\"379\">Essieu arri\u00e8re int\u00e9gr\u00e9<\/td>\n<\/tr>\n<tr style=\"height: 20.00pt;\">\n<td class=\"et4\" style=\"height: 20pt; width: 41.0383%;\" width=\"337\" height=\"33\">Frein arri\u00e8re<\/td>\n<td class=\"et4\" style=\"width: 58.9617%;\" width=\"379\">180 frein \u00e0 tambour<\/td>\n<\/tr>\n<tr style=\"height: 20.00pt;\">\n<td class=\"et4\" style=\"height: 20pt; width: 41.0383%;\" width=\"337\" height=\"33\">Angle de gradabilit\u00e9<\/td>\n<td class=\"et4\" style=\"width: 58.9617%;\" width=\"379\">15\u00b0<\/td>\n<\/tr>\n<tr style=\"height: 20.00pt;\">\n<td class=\"et4\" style=\"height: 20pt; width: 41.0383%;\" width=\"337\" height=\"33\">Phare<\/td>\n<td class=\"et4\" style=\"width: 58.9617%;\" width=\"379\">LED<\/td>\n<\/tr>\n<tr style=\"height: 20.00pt;\">\n<td class=\"et4\" style=\"height: 20pt; width: 41.0383%;\" width=\"337\" height=\"33\">Capacit\u00e9 de chargement<\/td>\n<td class=\"et4\" style=\"width: 58.9617%;\" width=\"379\">D 2 3 personnes<\/td>\n<\/tr>\n<tr style=\"height: 20.00pt;\">\n<td class=\"et4\" style=\"height: 20pt; width: 41.0383%;\" width=\"337\" height=\"33\">bordure<\/td>\n<td class=\"et4\" style=\"width: 58.9617%;\" width=\"379\">Roue de fer<\/td>\n<\/tr>\n<tr style=\"height: 20.00pt;\">\n<td class=\"et4\" style=\"height: 20pt; width: 41.0383%;\" width=\"337\" height=\"33\">E-moteur<\/td>\n<td class=\"et4\" style=\"width: 58.9617%;\" width=\"379\">60V 1500W<\/td>\n<\/tr>\n<tr style=\"height: 20.00pt;\">\n<td class=\"et4\" style=\"height: 20pt; width: 41.0383%;\" width=\"337\" height=\"33\">Amortisseur devant<\/td>\n<td class=\"et4\" style=\"width: 58.9617%;\" width=\"379\">Amortisseur hydraulique cylindre en aluminium<\/td>\n<\/tr>\n<tr style=\"height: 20.00pt;\">\n<td class=\"et4\" style=\"height: 20pt; width: 41.0383%;\" width=\"337\" height=\"33\">Suspension arri\u00e8re<\/td>\n<td class=\"et4\" style=\"width: 58.9617%;\" width=\"379\">Augmenter l'absorption des chocs du ressort de feuille<\/td>\n<\/tr>\n<tr style=\"height: 20.00pt;\">\n<td class=\"et4\" style=\"height: 20pt; width: 41.0383%;\" width=\"337\" height=\"33\">Vitesse maximale<\/td>\n<td class=\"et4\" style=\"width: 58.9617%;\" width=\"379\">35 km\/h<\/td>\n<\/tr>\n<tr style=\"height: 20.00pt;\">\n<td class=\"et4\" style=\"height: 20pt; width: 41.0383%;\" width=\"337\" height=\"33\">Pneumatiques (F\/R)<\/td>\n<td class=\"et4\" style=\"width: 58.9617%;\" width=\"379\">4.00-12\/4.00-12<\/td>\n<\/tr>\n<tr style=\"height: 20.00pt;\">\n<td class=\"et4\" style=\"height: 20pt; width: 41.0383%;\" width=\"337\" height=\"33\">Kilom\u00e9trage par charge<\/td>\n<td class=\"et4\" style=\"width: 58.9617%;\" width=\"379\">65\/75<\/td>\n<\/tr>\n<tr style=\"height: 20.00pt;\">\n<td class=\"et4\" style=\"height: 20pt; width: 41.0383%;\" width=\"337\" height=\"33\">Batterie<\/td>\n<td class=\"et4\" style=\"width: 58.9617%;\" width=\"379\">60v52A batterie sans entretien plomb-acide<\/td>\n<\/tr>\n<tr style=\"height: 20.00pt;\">\n<td class=\"et4\" style=\"height: 20pt; width: 41.0383%;\" width=\"337\" height=\"33\">Temps de charge<\/td>\n<td class=\"et4\" style=\"width: 58.9617%;\" width=\"379\">8-10 heures<\/td>\n<\/tr>\n<\/tbody>\n<\/table>\n<h3 data-start=\"887\" data-end=\"918\"><\/h3>\n<p>&nbsp;<\/p>\n<hr \/>\n<p>&nbsp;<\/p>\n<h3 data-start=\"887\" data-end=\"918\">Caract\u00e9ristiques cl\u00e9s &amp; Avantages<\/h3>\n<ol data-start=\"919\" data-end=\"1651\">\n<li data-start=\"919\" data-end=\"1095\">\n<p data-start=\"922\" data-end=\"1095\"><strong data-start=\"922\" data-end=\"949\">Capacit\u00e9 passagers \u00e9lev\u00e9e<\/strong> \u2013 Le tricycle de 7 places peut accueillir jusqu\u2019\u00e0 7 passagers (disposition D 2 3), ce qui en fait une option id\u00e9ale pour le transport de passagers commerciaux.<\/p>\n<\/li>\n<li data-start=\"1096\" data-end=\"1281\">\n<p data-start=\"1099\" data-end=\"1281\"><strong data-start=\"1099\" data-end=\"1125\">Forte puissance et port\u00e9e<\/strong> \u00c9quip\u00e9 d\u2019un moteur 60V1500W et d\u2019une batterie plomb-acide 60V52Ah, ce trike \u00e9lectrique offre une autonomie de conduite allant jusqu\u2019\u00e0 75 km sur une seule charge.<\/p>\n<\/li>\n<li data-start=\"1282\" data-end=\"1486\">\n<p data-start=\"1285\" data-end=\"1486\"><strong data-start=\"1285\" data-end=\"1307\">S\u00e9curit\u00e9 et confort<\/strong> Dot\u00e9 d'amortisseurs hydrauliques cylindres en aluminium \u00e0 l'avant et de suspension \u00e0 ressort \u00e0 feuille renforc\u00e9e \u00e0 l'arri\u00e8re, il assure une conduite douce pour le conducteur et les passagers.<\/p>\n<\/li>\n<li data-start=\"1487\" data-end=\"1651\">\n<p data-start=\"1490\" data-end=\"1651\"><strong data-start=\"1490\" data-end=\"1518\">Alternative \u00e9cologique<\/strong> Ce rickshaw \u00e9lectrique offre une solution de transport \u00e9cologique, r\u00e9duisant les \u00e9missions et les co\u00fbts op\u00e9rationnels par rapport aux tuk tuks \u00e0 base de carburant.<\/p>\n<\/li>\n<\/ol>\n<p><img fetchpriority=\"high\" decoding=\"async\" class=\"size-medium wp-image-3949 aligncenter\" src=\"https:\/\/www.tairuiauto.com\/wp-content\/uploads\/2025\/10\/three-wheeled-taxi7a281-300x300.webp\" alt=\"\" width=\"300\" height=\"300\" srcset=\"https:\/\/www.tairuiauto.com\/wp-content\/uploads\/2025\/10\/three-wheeled-taxi7a281-300x300.webp 300w, https:\/\/www.tairuiauto.com\/wp-content\/uploads\/2025\/10\/three-wheeled-taxi7a281-150x150.webp 150w, https:\/\/www.tairuiauto.com\/wp-content\/uploads\/2025\/10\/three-wheeled-taxi7a281-768x768.webp 768w, https:\/\/www.tairuiauto.com\/wp-content\/uploads\/2025\/10\/three-wheeled-taxi7a281-12x12.webp 12w, https:\/\/www.tairuiauto.com\/wp-content\/uploads\/2025\/10\/three-wheeled-taxi7a281-600x600.webp 600w, https:\/\/www.tairuiauto.com\/wp-content\/uploads\/2025\/10\/three-wheeled-taxi7a281-100x100.webp 100w, https:\/\/www.tairuiauto.com\/wp-content\/uploads\/2025\/10\/three-wheeled-taxi7a281.webp 800w\" sizes=\"(max-width: 300px) 100vw, 300px\" \/><\/p>\n<hr \/>\n<p>&nbsp;<\/p>\n<h3 data-start=\"1653\" data-end=\"1684\">Avantages diff\u00e9renci\u00e9s<\/h3>\n<ol data-start=\"1685\" data-end=\"2304\">\n<li data-start=\"1685\" data-end=\"1852\">\n<p data-start=\"1688\" data-end=\"1852\"><strong data-start=\"1688\" data-end=\"1725\">Optimis\u00e9 pour le transport de passagers<\/strong> Contrairement aux tuk tuks, les <strong data-start=\"1758\" data-end=\"1789\">Tricycle passagers 7 places<\/strong> est construit sp\u00e9cifiquement pour maximiser l'espace d'assise et le confort.<\/p>\n<\/li>\n<li data-start=\"1853\" data-end=\"1987\">\n<p data-start=\"1856\" data-end=\"1987\"><strong data-start=\"1856\" data-end=\"1880\">Durabilit\u00e9 dans le design<\/strong> Avec des roues en fer, des phares LED et un cadre en acier r\u00e9sistant, il r\u00e9siste \u00e0 une utilisation commerciale fr\u00e9quente.<\/p>\n<\/li>\n<li data-start=\"1988\" data-end=\"2127\">\n<p data-start=\"1991\" data-end=\"2127\"><strong data-start=\"1991\" data-end=\"2012\">Efficacit\u00e9 \u00e9nerg\u00e9tique<\/strong> \u2013 Le syst\u00e8me de batterie supporte jusqu\u2019\u00e0 8-10 heures de fonctionnement, assurant de longs turns de travail sans interruption.<\/p>\n<\/li>\n<li data-start=\"2128\" data-end=\"2304\">\n<p data-start=\"2131\" data-end=\"2304\"><strong data-start=\"2131\" data-end=\"2157\">Applications polyvalentes<\/strong> Que ce soit pour les services de taxi locaux, le transport de passagers ruraux ou les promenades touristiques, ce trike \u00e9lectrique de passagers s\u2019adapte \u00e0 de multiples besoins d\u2019entreprise.<\/p>\n<\/li>\n<\/ol>\n<p>&nbsp;<\/p>\n<hr \/>\n<p>&nbsp;<\/p>\n<h3 data-start=\"2928\" data-end=\"2954\">Param\u00e8tres techniques<\/h3>\n<ul data-start=\"2955\" data-end=\"3212\">\n<li data-start=\"2955\" data-end=\"2986\">\n<p data-start=\"2957\" data-end=\"2986\"><strong data-start=\"2957\" data-end=\"2972\">Type de roue:<\/strong> Roues de fer<\/p>\n<\/li>\n<li data-start=\"2987\" data-end=\"3026\">\n<p data-start=\"2989\" data-end=\"3026\"><strong data-start=\"2989\" data-end=\"3003\">Essieu arri\u00e8re:<\/strong> Essieu arri\u00e8re int\u00e9gr\u00e9<\/p>\n<\/li>\n<li data-start=\"3027\" data-end=\"3080\">\n<p data-start=\"3029\" data-end=\"3080\"><strong data-start=\"3029\" data-end=\"3043\">Tableau de bord :<\/strong> Instrument \u00e9lectronique avec affichage<\/p>\n<\/li>\n<li data-start=\"3081\" data-end=\"3114\">\n<p data-start=\"3083\" data-end=\"3114\"><strong data-start=\"3083\" data-end=\"3100\">Dur\u00e9e de la batterie:<\/strong> 600 cycles<\/p>\n<\/li>\n<li data-start=\"3115\" data-end=\"3163\">\n<p data-start=\"3117\" data-end=\"3163\"><strong data-start=\"3117\" data-end=\"3138\">D\u00e9gagement au sol:<\/strong> Optimis\u00e9 pour une utilisation en ville<\/p>\n<\/li>\n<li data-start=\"3164\" data-end=\"3212\">\n<p data-start=\"3166\" data-end=\"3212\"><strong data-start=\"3166\" data-end=\"3184\">Options de couleur :<\/strong> Personnalisable sur demande<\/p>\n<\/li>\n<\/ul>\n<h3 data-start=\"3214\" data-end=\"3228\"><\/h3>\n<h3 data-start=\"3214\" data-end=\"3228\">Mat\u00e9riel<\/h3>\n<ul data-start=\"3229\" data-end=\"3372\">\n<li data-start=\"3229\" data-end=\"3269\">\n<p data-start=\"3231\" data-end=\"3269\"><strong data-start=\"3231\" data-end=\"3241\">Cadre :<\/strong> Cadre en acier haute r\u00e9sistance<\/p>\n<\/li>\n<li data-start=\"3270\" data-end=\"3317\">\n<p data-start=\"3272\" data-end=\"3317\"><strong data-start=\"3272\" data-end=\"3286\">jante de roue:<\/strong> Mat\u00e9riel en fer pour la durabilit\u00e9<\/p>\n<\/li>\n<li data-start=\"3318\" data-end=\"3372\">\n<p data-start=\"3320\" data-end=\"3372\"><strong data-start=\"3320\" data-end=\"3332\">Batterie :<\/strong> Technologie sans entretien plomb-acide<\/p>\n<\/li>\n<\/ul>\n<h3 data-start=\"3374\" data-end=\"3390\"><\/h3>\n<h3 data-start=\"3374\" data-end=\"3390\">Apparence<\/h3>\n<p data-start=\"3391\" data-end=\"3610\">Le tricycle est livr\u00e9 dans un design moderne avec une cabine spacieuse et une couverture de toit \u00e9tendue, offrant une protection contre l'ombre et les intemp\u00e9ries. Les phares LED ajoutent un aspect contemporain tout en assurant la visibilit\u00e9 pendant les op\u00e9rations nocturnes.<\/p>\n<h3 data-start=\"3612\" data-end=\"3624\"><\/h3>\n<h3 data-start=\"3612\" data-end=\"3624\">Conception<\/h3>\n<p data-start=\"3625\" data-end=\"3859\">Con\u00e7u en tenant compte de l'ergonomie et du confort des passagers, le <strong data-start=\"3689\" data-end=\"3720\">Tricycle passagers 7 places<\/strong> dispose d'un large si\u00e8ge, d'une entr\u00e9e\/sortie facile et d'un ch\u00e2ssis robuste adapt\u00e9 \u00e0 un fonctionnement \u00e0 long terme dans des environnements urbains et semi-urbains.<\/p>\n<h3 data-start=\"3861\" data-end=\"3884\"><\/h3>\n<h3 data-start=\"3861\" data-end=\"3884\">personnalisation OEM<\/h3>\n<p data-start=\"3885\" data-end=\"3913\">Les options disponibles incluent :<\/p>\n<ul data-start=\"3914\" data-end=\"4061\">\n<li data-start=\"3914\" data-end=\"3937\">\n<p data-start=\"3916\" data-end=\"3937\">Couleurs de peinture personnalis\u00e9es<\/p>\n<\/li>\n<li data-start=\"3938\" data-end=\"3977\">\n<p data-start=\"3940\" data-end=\"3977\">Autocollants de marque pour les op\u00e9rateurs de flotte<\/p>\n<\/li>\n<li data-start=\"3978\" data-end=\"4033\">\n<p data-start=\"3980\" data-end=\"4033\">Mise \u00e0 niveau de la capacit\u00e9 de la batterie (option Lithium disponible)<\/p>\n<\/li>\n<li data-start=\"4034\" data-end=\"4061\">\n<p data-start=\"4036\" data-end=\"4061\">Ajustements de la disposition du si\u00e8ge<\/p>\n<\/li>\n<\/ul>\n<h3 data-start=\"4063\" data-end=\"4084\"><\/h3>\n<h3 data-start=\"4063\" data-end=\"4084\">Contr\u00f4le qualit\u00e9<\/h3>\n<ul data-start=\"4085\" data-end=\"4299\">\n<li data-start=\"4085\" data-end=\"4153\">\n<p data-start=\"4087\" data-end=\"4153\"><strong data-start=\"4087\" data-end=\"4119\">Processus de fabrication strict<\/strong> \u2013 Ligne de production certifi\u00e9e ISO<\/p>\n<\/li>\n<li data-start=\"4154\" data-end=\"4239\">\n<p data-start=\"4156\" data-end=\"4239\"><strong data-start=\"4156\" data-end=\"4177\">Test des composants<\/strong> Moteur, batterie et contr\u00f4leur soumis \u00e0 des tests de durabilit\u00e9<\/p>\n<\/li>\n<li data-start=\"4240\" data-end=\"4299\">\n<p data-start=\"4242\" data-end=\"4299\"><strong data-start=\"4242\" data-end=\"4262\">Inspection finale<\/strong> \u2013 Chaque unit\u00e9 test\u00e9e avant exp\u00e9dition<\/p>\n<\/li>\n<\/ul>\n<h3 data-start=\"4301\" data-end=\"4326\"><\/h3>\n<h3 data-start=\"4301\" data-end=\"4326\">Support apr\u00e8s-vente<\/h3>\n<ul data-start=\"4327\" data-end=\"4501\">\n<li data-start=\"4327\" data-end=\"4385\">\n<p data-start=\"4329\" data-end=\"4385\">Alimentation de pi\u00e8ces d\u00e9tach\u00e9es (batterie, moteur, contr\u00f4leur, pneus)<\/p>\n<\/li>\n<li data-start=\"4386\" data-end=\"4422\">\n<p data-start=\"4388\" data-end=\"4422\">Formation technique pour les op\u00e9rateurs<\/p>\n<\/li>\n<li data-start=\"4423\" data-end=\"4464\">\n<p data-start=\"4425\" data-end=\"4464\">Couverture de garantie pour les composants de base<\/p>\n<\/li>\n<li data-start=\"4465\" data-end=\"4501\">\n<p data-start=\"4467\" data-end=\"4501\">Support \u00e0 distance disponible<\/p>\n<\/li>\n<\/ul>\n<p>&nbsp;<\/p>\n<h3 data-start=\"4503\" data-end=\"4527\">Champs d'application<\/h3>\n<ul data-start=\"4528\" data-end=\"4649\">\n<li data-start=\"4528\" data-end=\"4551\">\n<p data-start=\"4530\" data-end=\"4551\">Services de taxi urbain<\/p>\n<\/li>\n<li data-start=\"4552\" data-end=\"4582\">\n<p data-start=\"4554\" data-end=\"4582\">V\u00e9hicules de transport touristique<\/p>\n<\/li>\n<li data-start=\"4583\" data-end=\"4618\">\n<p data-start=\"4585\" data-end=\"4618\">Les trajets scolaires dans les zones rurales<\/p>\n<\/li>\n<li data-start=\"4619\" data-end=\"4649\">\n<p data-start=\"4621\" data-end=\"4649\">Entreprises de mobilit\u00e9 partag\u00e9e<\/p>\n<\/li>\n<\/ul>\n<p>&nbsp;<\/p>\n<h3 data-start=\"4651\" data-end=\"4671\">M\u00e9thode de paiement<\/h3>\n<ul data-start=\"4672\" data-end=\"4755\">\n<li data-start=\"4672\" data-end=\"4755\">\n<p data-start=\"4674\" data-end=\"4755\">T \/ T, L \/ C, Western Union et autres conditions de paiement du commerce international disponibles.<\/p>\n<\/li>\n<\/ul>\n<p>&nbsp;<\/p>\n<hr \/>\n<p>&nbsp;<\/p>\n<h3 data-start=\"4757\" data-end=\"4766\">FAQ (questions fr\u00e9quentes)<\/h3>\n<p data-start=\"4767\" data-end=\"4937\"><strong data-start=\"4767\" data-end=\"4841\">Q1: Combien de temps dure la batterie sur le tricycle de 7 places?<\/strong><br data-start=\"4841\" data-end=\"4844\" \/>A1 : La batterie plomb-acide supporte jusqu\u2019\u00e0 600 cycles de charge, offrant 65 \u00e0 75 km par charge.<\/p>\n<p data-start=\"4939\" data-end=\"5086\"><strong data-start=\"4939\" data-end=\"5001\">Q2: Le tricycle peut-il \u00eatre personnalis\u00e9 avec une batterie au lithium?<\/strong><br data-start=\"5001\" data-end=\"5004\" \/>A2: Oui, les options OEM permettent la mise \u00e0 niveau des batteries lithium-ion pour une port\u00e9e \u00e9tendue.<\/p>\n<p data-start=\"5088\" data-end=\"5196\"><strong data-start=\"5088\" data-end=\"5135\">Q3: Quelle est la capacit\u00e9 maximale de passagers?<\/strong><br data-start=\"5135\" data-end=\"5138\" \/>A3: L'am\u00e9nagement prend en charge jusqu'\u00e0 7 passagers (conducteur 6).<\/p>\n<p data-start=\"5198\" data-end=\"5346\"><strong data-start=\"5198\" data-end=\"5247\">Q4: Ce v\u00e9hicule convient-il aux routes collinaires?<\/strong><br data-start=\"5247\" data-end=\"5250\" \/>A4: Oui, il peut grimper des pentes allant jusqu'\u00e0 15\u00b0, ce qui le rend efficace pour les zones semi-urbaines et rurales.<\/p>\n<p data-start=\"5348\" data-end=\"5494\"><strong data-start=\"5348\" data-end=\"5396\">Q5: Quel soutien apr\u00e8s-vente fournissez-vous?<\/strong><br data-start=\"5396\" data-end=\"5399\" \/>A5: Nous fournissons des pi\u00e8ces d\u00e9tach\u00e9es, la garantie et des conseils de service \u00e0 distance pour assurer un fonctionnement en douceur.<\/p>","protected":false},"excerpt":{"rendered":"<p>Le <strong data-start=\"394\" data-end=\"425\">Tricycle passagers 7 places<\/strong> est un v\u00e9hicule \u00e9lectrique fiable et efficace con\u00e7u pour le transport urbain et les trajets \u00e0 courte distance. Avec son moteur durable de 60V1500W, des amortisseurs hydrauliques avanc\u00e9s et un essieu arri\u00e8re int\u00e9gr\u00e9 fort, ce mod\u00e8le offre d'excellentes performances et stabilit\u00e9 m\u00eame sur des routes urbaines in\u00e9gales. Il convient aux entreprises de transport de passagers, aux navettes familiales et aux services de trajet partag\u00e9, ce qui en fait l'un des rickshaws \u00e9lectriques les plus pratiques sur le march\u00e9 aujourd'hui.<\/p>","protected":false},"featured_media":3950,"comment_status":"open","ping_status":"closed","template":"","meta":[],"product_brand":[],"product_cat":[78],"product_tag":[],"class_list":{"0":"post-3948","1":"product","2":"type-product","3":"status-publish","4":"has-post-thumbnail","6":"product_cat-electric-tricycle","8":"first","9":"instock","10":"shipping-taxable","11":"product-type-simple"},"_links":{"self":[{"href":"https:\/\/www.tairuiauto.com\/fr\/wp-json\/wp\/v2\/product\/3948","targetHints":{"allow":["GET"]}}],"collection":[{"href":"https:\/\/www.tairuiauto.com\/fr\/wp-json\/wp\/v2\/product"}],"about":[{"href":"https:\/\/www.tairuiauto.com\/fr\/wp-json\/wp\/v2\/types\/product"}],"replies":[{"embeddable":true,"href":"https:\/\/www.tairuiauto.com\/fr\/wp-json\/wp\/v2\/comments?post=3948"}],"wp:featuredmedia":[{"embeddable":true,"href":"https:\/\/www.tairuiauto.com\/fr\/wp-json\/wp\/v2\/media\/3950"}],"wp:attachment":[{"href":"https:\/\/www.tairuiauto.com\/fr\/wp-json\/wp\/v2\/media?parent=3948"}],"wp:term":[{"taxonomy":"product_brand","embeddable":true,"href":"https:\/\/www.tairuiauto.com\/fr\/wp-json\/wp\/v2\/product_brand?post=3948"},{"taxonomy":"product_cat","embeddable":true,"href":"https:\/\/www.tairuiauto.com\/fr\/wp-json\/wp\/v2\/product_cat?post=3948"},{"taxonomy":"product_tag","embeddable":true,"href":"https:\/\/www.tairuiauto.com\/fr\/wp-json\/wp\/v2\/product_tag?post=3948"}],"curies":[{"name":"WP","href":"https:\/\/api.w.org\/{rel}","templated":true}]}}