{"id":3978,"date":"2025-10-11T09:55:45","date_gmt":"2025-10-11T01:55:45","guid":{"rendered":"https:\/\/www.tairuiauto.com\/?post_type=product&#038;p=3978"},"modified":"2025-10-10T09:03:45","modified_gmt":"2025-10-10T01:03:45","slug":"heavy-duty-cargo-electric-trike","status":"publish","type":"product","link":"https:\/\/www.tairuiauto.com\/fr\/product\/heavy-duty-cargo-electric-trike\/","title":{"rendered":"Trike \u00e9lectrique de charge lourde"},"content":{"rendered":"<h3 data-start=\"510\" data-end=\"535\">Description du produit<\/h3>\n<p data-start=\"536\" data-end=\"1007\">Le <strong data-start=\"540\" data-end=\"570\">HANJIANG Tricycle \u00e9lectrique<\/strong> est un v\u00e9hicule cargo \u00e0 trois roues moderne et puissant con\u00e7u pour r\u00e9pondre aux besoins logistiques urbains et ruraux. Construit avec un cadre robuste, un moteur de grande capacit\u00e9 et un syst\u00e8me de suspension durable, ce v\u00e9hicule \u00e0 trois roues lourd est un excellent choix pour les entreprises recherchant de l'efficacit\u00e9 et de la fiabilit\u00e9. Gr\u00e2ce \u00e0 son endurance am\u00e9lior\u00e9e et \u00e0 sa forte capacit\u00e9 de charge, il est une alternative \u00e9conomique et \u00e9cologique aux v\u00e9hicules traditionnels \u00e0 base de carburant.<\/p>\n<table style=\"width: 67.9963%;\" width=\"771\">\n<tbody>\n<tr>\n<td style=\"width: 38.262%;\" width=\"430\">Mod\u00e8le<\/td>\n<td style=\"width: 60.8301%;\" width=\"341\">HANJIANG lourd chargement \u00e9lectrique Trike<\/td>\n<\/tr>\n<tr>\n<td style=\"width: 38.262%;\" width=\"430\">L \u00d7 L \u00d7 H (mm)<\/td>\n<td style=\"width: 60.8301%;\" width=\"341\">3012 \u00d7 1390 \u00d7 1780<\/td>\n<\/tr>\n<tr>\n<td style=\"width: 38.262%;\" width=\"430\">Taille de bo\u00eete de fret (mm)<\/td>\n<td style=\"width: 60.8301%;\" width=\"341\">1800\u00d71300<\/td>\n<\/tr>\n<tr>\n<td style=\"width: 38.262%;\" width=\"430\">Base de roue (mm)<\/td>\n<td style=\"width: 60.8301%;\" width=\"341\">2100<\/td>\n<\/tr>\n<tr>\n<td style=\"width: 38.262%;\" width=\"430\">Voie de roue (mm)<\/td>\n<td style=\"width: 60.8301%;\" width=\"341\">1560<\/td>\n<\/tr>\n<tr>\n<td style=\"width: 38.262%;\" width=\"430\">D\u00e9gagement minimum au sol (mm)<\/td>\n<td style=\"width: 60.8301%;\" width=\"341\">\u2265 150<\/td>\n<\/tr>\n<tr>\n<td style=\"width: 38.262%;\" width=\"430\">Rayon de tournage minimum (m)<\/td>\n<td style=\"width: 60.8301%;\" width=\"341\">\u2264 4<\/td>\n<\/tr>\n<tr>\n<td style=\"width: 38.262%;\" width=\"430\">Poids de bordure (kg)<\/td>\n<td style=\"width: 60.8301%;\" width=\"341\">350<\/td>\n<\/tr>\n<tr>\n<td style=\"width: 38.262%;\" width=\"430\">Vitesse maximale (km\/h)<\/td>\n<td style=\"width: 60.8301%;\" width=\"341\">35-45<\/td>\n<\/tr>\n<tr>\n<td style=\"width: 38.262%;\" width=\"430\">Capacit\u00e9 de grade (%)<\/td>\n<td style=\"width: 60.8301%;\" width=\"341\">\u2264 15<\/td>\n<\/tr>\n<tr>\n<td style=\"width: 38.262%;\" width=\"430\">Batterie<\/td>\n<td style=\"width: 60.8301%;\" width=\"341\">60\/72V45AH-58AH<\/td>\n<\/tr>\n<tr>\n<td style=\"width: 38.262%;\" width=\"430\">Moteur, contr\u00f4leur (w)<\/td>\n<td style=\"width: 60.8301%;\" width=\"341\">Aimant permanent 60\/72V1800W<\/td>\n<\/tr>\n<tr>\n<td style=\"width: 38.262%;\" width=\"430\">Port\u00e9e par charge (km)<\/td>\n<td style=\"width: 60.8301%;\" width=\"341\">50-70<\/td>\n<\/tr>\n<tr>\n<td style=\"width: 38.262%;\" width=\"430\">Temps de charge (h)<\/td>\n<td style=\"width: 60.8301%;\" width=\"341\">6 ~ 8h<\/td>\n<\/tr>\n<tr>\n<td style=\"width: 38.262%;\" width=\"430\">Amortisseur avant<\/td>\n<td style=\"width: 60.8301%;\" width=\"341\">\u03c631 ressort ext\u00e9rieur Tambour amortisseur<\/td>\n<\/tr>\n<tr>\n<td style=\"width: 38.262%;\" width=\"430\">Amortisseur arri\u00e8re<\/td>\n<td style=\"width: 60.8301%;\" width=\"341\">\u00a0branche de feuille<\/td>\n<\/tr>\n<tr>\n<td style=\"width: 38.262%;\" width=\"430\">Pneumatique avant\/arri\u00e8re<\/td>\n<td style=\"width: 60.8301%;\" width=\"341\">3.00-12\/3.50-12<\/td>\n<\/tr>\n<tr>\n<td style=\"width: 38.262%;\" width=\"430\">Type de jante<\/td>\n<td style=\"width: 60.8301%;\" width=\"341\">acier<\/td>\n<\/tr>\n<tr>\n<td style=\"width: 38.262%;\" width=\"430\">Type de frein avant\/arri\u00e8re<\/td>\n<td style=\"width: 60.8301%;\" width=\"341\">Une tra\u00eene trois freins \u00e0 tambour<\/td>\n<\/tr>\n<tr>\n<td style=\"width: 38.262%;\" width=\"430\">Frein de stationnement<\/td>\n<td style=\"width: 60.8301%;\" width=\"341\">Frein \u00e0 main<\/td>\n<\/tr>\n<tr>\n<td style=\"width: 38.262%;\" width=\"430\">Structure de l'essieu arri\u00e8re<\/td>\n<td style=\"width: 60.8301%;\" width=\"341\">Axe arri\u00e8re int\u00e9gr\u00e9<\/td>\n<\/tr>\n<\/tbody>\n<\/table>\n<p>&nbsp;<\/p>\n<hr \/>\n<h3 data-start=\"510\" data-end=\"535\"><\/h3>\n<h3 data-start=\"1009\" data-end=\"1044\">Caract\u00e9ristiques cl\u00e9s &amp; Points de vente<\/h3>\n<ol data-start=\"1045\" data-end=\"1632\">\n<li data-start=\"1045\" data-end=\"1210\">\n<p data-start=\"1048\" data-end=\"1210\"><strong data-start=\"1048\" data-end=\"1070\">Capacit\u00e9 de charge \u00e9lev\u00e9e<\/strong> \u2013 Le <strong data-start=\"1077\" data-end=\"1107\">HANJIANG Tricycle \u00e9lectrique<\/strong> prend en charge le transport de marchandises lourdes, ce qui le rend id\u00e9al pour les industries n\u00e9cessitant des solutions logistiques solides.<\/p>\n<\/li>\n<li data-start=\"1211\" data-end=\"1350\">\n<p data-start=\"1214\" data-end=\"1350\"><strong data-start=\"1214\" data-end=\"1241\">Moteur \u00e9lectrique puissant<\/strong> \u00c9quip\u00e9 d\u2019un moteur ax\u00e9 sur les performances, le tricycle assure une excellente puissance d\u2019escalade et d\u2019endurance.<\/p>\n<\/li>\n<li data-start=\"1351\" data-end=\"1492\">\n<p data-start=\"1354\" data-end=\"1492\"><strong data-start=\"1354\" data-end=\"1380\">Transport \u00e9cologique<\/strong> \u2013 Comme un <strong data-start=\"1388\" data-end=\"1412\">logistique e-tricycle<\/strong>Il produit z\u00e9ro \u00e9missions, contribuant \u00e0 des op\u00e9rations commerciales durables.<\/p>\n<\/li>\n<li data-start=\"1493\" data-end=\"1632\">\n<p data-start=\"1496\" data-end=\"1632\"><strong data-start=\"1496\" data-end=\"1521\">Co\u00fbts op\u00e9rationnels bas<\/strong> Gr\u00e2ce \u00e0 des frais de recharge r\u00e9duits et \u00e0 une maintenance minimale, il permet aux entreprises d\u2019\u00e9conomiser des co\u00fbts op\u00e9rationnels importants.<\/p>\n<\/li>\n<\/ol>\n<p>&nbsp;<\/p>\n<hr \/>\n<h3 data-start=\"1634\" data-end=\"1665\"><\/h3>\n<h3 data-start=\"1634\" data-end=\"1665\">Avantages diff\u00e9renci\u00e9s<\/h3>\n<ol data-start=\"1666\" data-end=\"2196\">\n<li data-start=\"1666\" data-end=\"1786\">\n<p data-start=\"1669\" data-end=\"1786\"><strong data-start=\"1669\" data-end=\"1700\">Durabilit\u00e9 industrielle<\/strong> Le ch\u00e2ssis en acier renforc\u00e9 et l'essieu lourd surpassent les trikes \u00e9lectriques standard.<\/p>\n<\/li>\n<li data-start=\"1787\" data-end=\"1920\">\n<p data-start=\"1790\" data-end=\"1920\"><strong data-start=\"1790\" data-end=\"1812\">Stabilit\u00e9 sup\u00e9rieure<\/strong> \u2013 Les amortisseurs hydrauliques et la suspension renforc\u00e9e maintiennent l\u2019\u00e9quilibre du camion cargo m\u00eame sous pleine charge.<\/p>\n<\/li>\n<li data-start=\"1921\" data-end=\"2064\">\n<p data-start=\"1924\" data-end=\"2064\"><strong data-start=\"1924\" data-end=\"1951\">Optimis\u00e9 pour la logistique<\/strong> Le mod\u00e8le HANJIANG est sp\u00e9cialement con\u00e7u pour les livraisons de dernier kilom\u00e8tre et les op\u00e9rations de fret urbain de moyenne port\u00e9e.<\/p>\n<\/li>\n<li data-start=\"2065\" data-end=\"2196\">\n<p data-start=\"2068\" data-end=\"2196\"><strong data-start=\"2068\" data-end=\"2099\">Configurations personnalisables<\/strong> \u2013 Les options OEM permettent aux utilisateurs de choisir diff\u00e9rents moteurs, tailles de lit de fret et solutions de marque.<\/p>\n<\/li>\n<\/ol>\n<p>&nbsp;<\/p>\n<hr \/>\n<h3 data-start=\"510\" data-end=\"535\"><\/h3>\n<h3 data-start=\"2484\" data-end=\"2510\">Param\u00e8tres techniques<\/h3>\n<ul data-start=\"2511\" data-end=\"2763\">\n<li data-start=\"2511\" data-end=\"2582\">\n<p data-start=\"2513\" data-end=\"2582\">Contr\u00f4leur: Contr\u00f4leur multiphase avanc\u00e9 pour une utilisation efficace de l'\u00e9nergie<\/p>\n<\/li>\n<li data-start=\"2583\" data-end=\"2622\">\n<p data-start=\"2585\" data-end=\"2622\">Essieu arri\u00e8re: Essieu int\u00e9gr\u00e9<\/p>\n<\/li>\n<li data-start=\"2623\" data-end=\"2669\">\n<p data-start=\"2625\" data-end=\"2669\">Suspension: ressorts en acier renforc\u00e9<\/p>\n<\/li>\n<li data-start=\"2670\" data-end=\"2696\">\n<p data-start=\"2672\" data-end=\"2696\">Capacit\u00e9 d'escalade: 15\u00b0<\/p>\n<\/li>\n<li data-start=\"2697\" data-end=\"2734\">\n<p data-start=\"2699\" data-end=\"2734\">Pneumatiques: Pneumatiques r\u00e9sistants \u00e0 la charge lourde<\/p>\n<\/li>\n<li data-start=\"2735\" data-end=\"2763\">\n<p data-start=\"2737\" data-end=\"2763\">Temps de charge: 6-8 heures<\/p>\n<\/li>\n<\/ul>\n<h3 data-start=\"2765\" data-end=\"2780\">\u00a0 \u00a0 \u00a0 \u00a0 \u00a0 <img fetchpriority=\"high\" decoding=\"async\" class=\"alignnone size-medium wp-image-3982\" src=\"https:\/\/www.tairuiauto.com\/wp-content\/uploads\/2025\/10\/f29d3e03-ff11-48e1-a663-d9e3f30394d2-300x300.jpg\" alt=\"\" width=\"300\" height=\"300\" srcset=\"https:\/\/www.tairuiauto.com\/wp-content\/uploads\/2025\/10\/f29d3e03-ff11-48e1-a663-d9e3f30394d2-300x300.jpg 300w, https:\/\/www.tairuiauto.com\/wp-content\/uploads\/2025\/10\/f29d3e03-ff11-48e1-a663-d9e3f30394d2-1024x1024.jpg 1024w, https:\/\/www.tairuiauto.com\/wp-content\/uploads\/2025\/10\/f29d3e03-ff11-48e1-a663-d9e3f30394d2-150x150.jpg 150w, https:\/\/www.tairuiauto.com\/wp-content\/uploads\/2025\/10\/f29d3e03-ff11-48e1-a663-d9e3f30394d2-768x768.jpg 768w, https:\/\/www.tairuiauto.com\/wp-content\/uploads\/2025\/10\/f29d3e03-ff11-48e1-a663-d9e3f30394d2-1536x1536.jpg 1536w, https:\/\/www.tairuiauto.com\/wp-content\/uploads\/2025\/10\/f29d3e03-ff11-48e1-a663-d9e3f30394d2-2048x2048.jpg 2048w, https:\/\/www.tairuiauto.com\/wp-content\/uploads\/2025\/10\/f29d3e03-ff11-48e1-a663-d9e3f30394d2-12x12.jpg 12w, https:\/\/www.tairuiauto.com\/wp-content\/uploads\/2025\/10\/f29d3e03-ff11-48e1-a663-d9e3f30394d2-600x600.jpg 600w, https:\/\/www.tairuiauto.com\/wp-content\/uploads\/2025\/10\/f29d3e03-ff11-48e1-a663-d9e3f30394d2-100x100.jpg 100w\" sizes=\"(max-width: 300px) 100vw, 300px\" \/>\u00a0 \u00a0 \u00a0 \u00a0 \u00a0\u00a0 <img decoding=\"async\" class=\"alignnone size-medium wp-image-3981\" src=\"https:\/\/www.tairuiauto.com\/wp-content\/uploads\/2025\/10\/e3056e44-e826-4577-84f5-6a556e6f3b9c-300x300.jpg\" alt=\"\" width=\"300\" height=\"300\" srcset=\"https:\/\/www.tairuiauto.com\/wp-content\/uploads\/2025\/10\/e3056e44-e826-4577-84f5-6a556e6f3b9c-300x300.jpg 300w, https:\/\/www.tairuiauto.com\/wp-content\/uploads\/2025\/10\/e3056e44-e826-4577-84f5-6a556e6f3b9c-1024x1024.jpg 1024w, https:\/\/www.tairuiauto.com\/wp-content\/uploads\/2025\/10\/e3056e44-e826-4577-84f5-6a556e6f3b9c-150x150.jpg 150w, https:\/\/www.tairuiauto.com\/wp-content\/uploads\/2025\/10\/e3056e44-e826-4577-84f5-6a556e6f3b9c-768x768.jpg 768w, https:\/\/www.tairuiauto.com\/wp-content\/uploads\/2025\/10\/e3056e44-e826-4577-84f5-6a556e6f3b9c-1536x1536.jpg 1536w, https:\/\/www.tairuiauto.com\/wp-content\/uploads\/2025\/10\/e3056e44-e826-4577-84f5-6a556e6f3b9c-2048x2048.jpg 2048w, https:\/\/www.tairuiauto.com\/wp-content\/uploads\/2025\/10\/e3056e44-e826-4577-84f5-6a556e6f3b9c-12x12.jpg 12w, https:\/\/www.tairuiauto.com\/wp-content\/uploads\/2025\/10\/e3056e44-e826-4577-84f5-6a556e6f3b9c-600x600.jpg 600w, https:\/\/www.tairuiauto.com\/wp-content\/uploads\/2025\/10\/e3056e44-e826-4577-84f5-6a556e6f3b9c-100x100.jpg 100w\" sizes=\"(max-width: 300px) 100vw, 300px\" \/>\u00a0 \u00a0 \u00a0 \u00a0 \u00a0\u00a0 <img decoding=\"async\" class=\"alignnone size-medium wp-image-3979\" src=\"https:\/\/www.tairuiauto.com\/wp-content\/uploads\/2025\/10\/70d6603d-6761-4823-a359-ed537c85f8a1-300x300.jpg\" alt=\"\" width=\"300\" height=\"300\" srcset=\"https:\/\/www.tairuiauto.com\/wp-content\/uploads\/2025\/10\/70d6603d-6761-4823-a359-ed537c85f8a1-300x300.jpg 300w, https:\/\/www.tairuiauto.com\/wp-content\/uploads\/2025\/10\/70d6603d-6761-4823-a359-ed537c85f8a1-1024x1024.jpg 1024w, https:\/\/www.tairuiauto.com\/wp-content\/uploads\/2025\/10\/70d6603d-6761-4823-a359-ed537c85f8a1-150x150.jpg 150w, https:\/\/www.tairuiauto.com\/wp-content\/uploads\/2025\/10\/70d6603d-6761-4823-a359-ed537c85f8a1-768x768.jpg 768w, https:\/\/www.tairuiauto.com\/wp-content\/uploads\/2025\/10\/70d6603d-6761-4823-a359-ed537c85f8a1-1536x1536.jpg 1536w, https:\/\/www.tairuiauto.com\/wp-content\/uploads\/2025\/10\/70d6603d-6761-4823-a359-ed537c85f8a1-2048x2048.jpg 2048w, https:\/\/www.tairuiauto.com\/wp-content\/uploads\/2025\/10\/70d6603d-6761-4823-a359-ed537c85f8a1-12x12.jpg 12w, https:\/\/www.tairuiauto.com\/wp-content\/uploads\/2025\/10\/70d6603d-6761-4823-a359-ed537c85f8a1-600x600.jpg 600w, https:\/\/www.tairuiauto.com\/wp-content\/uploads\/2025\/10\/70d6603d-6761-4823-a359-ed537c85f8a1-100x100.jpg 100w\" sizes=\"(max-width: 300px) 100vw, 300px\" \/><\/h3>\n<h3 data-start=\"2765\" data-end=\"2780\">Mat\u00e9riaux<\/h3>\n<ul data-start=\"2781\" data-end=\"2875\">\n<li data-start=\"2781\" data-end=\"2809\">\n<p data-start=\"2783\" data-end=\"2809\">Chassis en acier renforc\u00e9<\/p>\n<\/li>\n<li data-start=\"2810\" data-end=\"2843\">\n<p data-start=\"2812\" data-end=\"2843\">Moyeux roues en fer rev\u00eatus de poudre<\/p>\n<\/li>\n<li data-start=\"2844\" data-end=\"2875\">\n<p data-start=\"2846\" data-end=\"2875\">Acier de suspension lourd<\/p>\n<\/li>\n<\/ul>\n<h3 data-start=\"2877\" data-end=\"2891\"><\/h3>\n<h3 data-start=\"2877\" data-end=\"2891\">Ext\u00e9rieur<\/h3>\n<p data-start=\"2892\" data-end=\"3058\">Le tricycle dispose d'une conception cargo rationnelle et fonctionnelle avec plusieurs options de couleurs. La structure solide combine utilit\u00e9 et durabilit\u00e9 pour la logistique quotidienne.<\/p>\n<h3 data-start=\"3060\" data-end=\"3072\"><\/h3>\n<h3 data-start=\"3060\" data-end=\"3072\">Conception<\/h3>\n<p data-start=\"3073\" data-end=\"3193\">Si\u00e8ge de conduite ergonomique, panneau d'instruments transparent et lit de charge spacieux con\u00e7u pour la pratique et le confort de l'op\u00e9rateur.<\/p>\n<h3 data-start=\"3195\" data-end=\"3218\"><\/h3>\n<h3 data-start=\"3195\" data-end=\"3218\">personnalisation OEM<\/h3>\n<p data-start=\"3219\" data-end=\"3326\">Disponible pour les autocollants de marque, les couleurs de peinture personnalis\u00e9es et les modifications techniques telles que les mises \u00e0 niveau de la batterie.<\/p>\n<h3 data-start=\"3328\" data-end=\"3349\"><\/h3>\n<h3 data-start=\"3328\" data-end=\"3349\">Contr\u00f4le qualit\u00e9<\/h3>\n<p data-start=\"3350\" data-end=\"3483\">Fabriqu\u00e9 sous des syst\u00e8mes d'inspection stricts, chaque unit\u00e9 est test\u00e9e pour la durabilit\u00e9, l'efficacit\u00e9 de freinage et les performances de charge.<\/p>\n<h3 data-start=\"3485\" data-end=\"3510\"><\/h3>\n<h3 data-start=\"3485\" data-end=\"3510\">Service apr\u00e8s-vente<\/h3>\n<p data-start=\"3511\" data-end=\"3593\">Support de garantie, fourniture de pi\u00e8ces d\u00e9tach\u00e9es et conseils techniques disponibles dans le monde entier.<\/p>\n<h3 data-start=\"3595\" data-end=\"3619\"><\/h3>\n<h3 data-start=\"3595\" data-end=\"3619\">Champs d'application<\/h3>\n<ul data-start=\"3620\" data-end=\"3745\">\n<li data-start=\"3620\" data-end=\"3640\">\n<p data-start=\"3622\" data-end=\"3640\">Services de messagerie<\/p>\n<\/li>\n<li data-start=\"3641\" data-end=\"3675\">\n<p data-start=\"3643\" data-end=\"3675\">\u00e9picerie &amp; cha\u00eenes d'approvisionnement au d\u00e9tail<\/p>\n<\/li>\n<li data-start=\"3676\" data-end=\"3713\">\n<p data-start=\"3678\" data-end=\"3713\">Distribution des produits agricoles<\/p>\n<\/li>\n<li data-start=\"3714\" data-end=\"3745\">\n<p data-start=\"3716\" data-end=\"3745\">Logistique du chantier de construction<\/p>\n<\/li>\n<\/ul>\n<h3 data-start=\"3747\" data-end=\"3768\"><\/h3>\n<h3 data-start=\"3747\" data-end=\"3768\">M\u00e9thodes de paiement<\/h3>\n<p data-start=\"3769\" data-end=\"3828\">T \/ T, L \/ C, PayPal et termes commerciaux internationaux flexibles.<\/p>\n<p>&nbsp;<\/p>\n<hr \/>\n<h3 data-start=\"510\" data-end=\"535\"><\/h3>\n<h3 data-start=\"3830\" data-end=\"3839\">FAQ (questions fr\u00e9quentes)<\/h3>\n<p data-start=\"3840\" data-end=\"3949\"><strong data-start=\"3840\" data-end=\"3908\">Q1: Quelle est la vitesse maximale du tricycle \u00e9lectrique HANJIANG?<\/strong><br data-start=\"3908\" data-end=\"3911\" \/>A1 : Jusqu'\u00e0 40 km\/h selon la charge.<\/p>\n<p data-start=\"3951\" data-end=\"4044\"><strong data-start=\"3951\" data-end=\"3990\">Q2: Peut-il g\u00e9rer le transport en pente?<\/strong><br data-start=\"3990\" data-end=\"3993\" \/>A2 : Oui, il supporte une capacit\u00e9 d\u2019escalade jusqu\u2019\u00e0 15\u00b0.<\/p>\n<p data-start=\"4046\" data-end=\"4149\"><strong data-start=\"4046\" data-end=\"4089\">Q3: Quelles sont les options de batterie disponibles?<\/strong><br data-start=\"4089\" data-end=\"4092\" \/>A3: Les batteries au plomb-acide et au lithium sont disponibles.<\/p>\n<p data-start=\"4151\" data-end=\"4267\"><strong data-start=\"4151\" data-end=\"4189\">Q4: La personnalisation OEM est-elle possible?<\/strong><br data-start=\"4189\" data-end=\"4192\" \/>A4: Oui, nous fournissons des ajustements de marque, techniques et de conception sur mesure.<\/p>","protected":false},"excerpt":{"rendered":"<p>Le <strong data-start=\"4465\" data-end=\"4502\">HANJIANG Charge lourd E-Trike<\/strong> est un tricycle \u00e9lectrique haute performance construit pour l'efficacit\u00e9, la r\u00e9sistance et la durabilit\u00e9. Son moteur avanc\u00e9, sa construction robuste et son syst\u00e8me de suspension fiable en font une solution id\u00e9ale pour les entreprises modernes de logistique et de livraison. Con\u00e7u pour le transport de marchandises urbain et rural, il allie durabilit\u00e9 \u00e0 des performances \u00e9cologiques.<\/p>","protected":false},"featured_media":3983,"comment_status":"open","ping_status":"closed","template":"","meta":[],"product_brand":[],"product_cat":[78],"product_tag":[],"class_list":{"0":"post-3978","1":"product","2":"type-product","3":"status-publish","4":"has-post-thumbnail","6":"product_cat-electric-tricycle","8":"first","9":"instock","10":"shipping-taxable","11":"product-type-simple"},"_links":{"self":[{"href":"https:\/\/www.tairuiauto.com\/fr\/wp-json\/wp\/v2\/product\/3978","targetHints":{"allow":["GET"]}}],"collection":[{"href":"https:\/\/www.tairuiauto.com\/fr\/wp-json\/wp\/v2\/product"}],"about":[{"href":"https:\/\/www.tairuiauto.com\/fr\/wp-json\/wp\/v2\/types\/product"}],"replies":[{"embeddable":true,"href":"https:\/\/www.tairuiauto.com\/fr\/wp-json\/wp\/v2\/comments?post=3978"}],"wp:featuredmedia":[{"embeddable":true,"href":"https:\/\/www.tairuiauto.com\/fr\/wp-json\/wp\/v2\/media\/3983"}],"wp:attachment":[{"href":"https:\/\/www.tairuiauto.com\/fr\/wp-json\/wp\/v2\/media?parent=3978"}],"wp:term":[{"taxonomy":"product_brand","embeddable":true,"href":"https:\/\/www.tairuiauto.com\/fr\/wp-json\/wp\/v2\/product_brand?post=3978"},{"taxonomy":"product_cat","embeddable":true,"href":"https:\/\/www.tairuiauto.com\/fr\/wp-json\/wp\/v2\/product_cat?post=3978"},{"taxonomy":"product_tag","embeddable":true,"href":"https:\/\/www.tairuiauto.com\/fr\/wp-json\/wp\/v2\/product_tag?post=3978"}],"curies":[{"name":"WP","href":"https:\/\/api.w.org\/{rel}","templated":true}]}}