{"id":4006,"date":"2025-10-14T09:45:44","date_gmt":"2025-10-14T01:45:44","guid":{"rendered":"https:\/\/www.tairuiauto.com\/?post_type=product&#038;p=4006"},"modified":"2025-10-14T09:09:49","modified_gmt":"2025-10-14T01:09:49","slug":"semi-open-passenger-electric-tricycle","status":"publish","type":"product","link":"https:\/\/www.tairuiauto.com\/fr\/product\/semi-open-passenger-electric-tricycle\/","title":{"rendered":"Tricycle \u00e9lectrique semi-ouvert"},"content":{"rendered":"<h3 data-start=\"156\" data-end=\"181\">Description du produit<\/h3>\n<p data-start=\"182\" data-end=\"694\">Si utilis\u00e9 comme un <strong data-start=\"527\" data-end=\"562\">Trike \u00e0 batterie<\/strong>, un <strong data-start=\"566\" data-end=\"588\">Taxi \u00e0 trois roues<\/strong>ou un <strong data-start=\"595\" data-end=\"624\">v\u00e9hicule de transport de loisirs<\/strong>Il est con\u00e7u pour r\u00e9pondre aux exigences de la mobilit\u00e9 quotidienne avec style et confort.<\/p>\n<table style=\"border-collapse: collapse; width: 61.7862%; height: 529px;\" border=\"0\" width=\"673\" cellspacing=\"0\" cellpadding=\"0\">\n<tbody>\n<tr style=\"height: 20.00pt;\">\n<td class=\"et3\" style=\"height: 20pt; width: 45.9662%;\" width=\"347\" height=\"33\">Mod\u00e8le<\/td>\n<td class=\"et3\" style=\"width: 53.8462%;\" width=\"326\">Loisirs Style Semi ouvert Passagers Tricycle \u00e9lectrique<\/td>\n<\/tr>\n<tr style=\"height: 20.00pt;\">\n<td class=\"et4\" style=\"height: 20pt; width: 45.9662%;\" width=\"347\" height=\"33\">moteur<\/td>\n<td class=\"et4\" style=\"width: 53.8462%;\" width=\"326\">60\/72V650W<\/td>\n<\/tr>\n<tr style=\"height: 20.00pt;\">\n<td class=\"et4\" style=\"height: 20pt; width: 45.9662%;\" width=\"347\" height=\"33\">contr\u00f4leur<\/td>\n<td class=\"et4\" style=\"width: 53.8462%;\" width=\"326\">15 tube<\/td>\n<\/tr>\n<tr style=\"height: 20.00pt;\">\n<td class=\"et4\" style=\"height: 20pt; width: 45.9662%;\" width=\"347\" height=\"33\">Capacit\u00e9 de chargement<\/td>\n<td class=\"et4\" style=\"width: 53.8462%;\" width=\"326\">&lt;  = 500 kg<\/td>\n<\/tr>\n<tr style=\"height: 20.00pt;\">\n<td class=\"et4\" style=\"height: 20pt; width: 45.9662%;\" width=\"347\" height=\"33\">Dimension globale<\/td>\n<td class=\"et4\" style=\"width: 53.8462%;\" width=\"326\">1950 * 850 * 1650mm<\/td>\n<\/tr>\n<tr style=\"height: 20.00pt;\">\n<td class=\"et4\" style=\"height: 20pt; width: 45.9662%;\" width=\"347\" height=\"33\">Syst\u00e8me de frein<\/td>\n<td class=\"et4\" style=\"width: 53.8462%;\" width=\"326\">Drum avant\/Drum arri\u00e8re<\/td>\n<\/tr>\n<tr style=\"height: 27.00pt;\">\n<td class=\"et4\" style=\"height: 27pt; width: 45.9662%;\" width=\"347\" height=\"45\">Capacit\u00e9 d'escalade<\/td>\n<td class=\"et4\" style=\"width: 53.8462%;\" width=\"326\">\u2264 25\u00b0<\/td>\n<\/tr>\n<tr style=\"height: 20.00pt;\">\n<td class=\"et4\" style=\"height: 20pt; width: 45.9662%;\" width=\"347\" height=\"33\">Pneumatique avant\/arri\u00e8re<\/td>\n<td class=\"et4\" style=\"width: 53.8462%;\" width=\"326\">3.00-8<\/td>\n<\/tr>\n<tr style=\"height: 20.00pt;\">\n<td class=\"et4\" style=\"height: 20pt; width: 45.9662%;\" width=\"347\" height=\"33\">Vitesse maximale KM\/H<\/td>\n<td class=\"et4\" style=\"width: 53.8462%;\" width=\"326\">30-35KM \/ H<\/td>\n<\/tr>\n<tr style=\"height: 20.00pt;\">\n<td class=\"et4\" style=\"height: 20pt; width: 45.9662%;\" width=\"347\" height=\"33\">Batterie<\/td>\n<td class=\"et4\" style=\"width: 53.8462%;\" width=\"326\">Batterie activ\u00e9e au plomb-acide ou \u00e0 l'eau 48V32Ah<\/td>\n<\/tr>\n<tr style=\"height: 20.00pt;\">\n<td class=\"et4\" style=\"height: 20pt; width: 45.9662%;\" width=\"347\" height=\"33\">Temps de charge<\/td>\n<td class=\"et4\" style=\"width: 53.8462%;\" width=\"326\">6-10 heures<\/td>\n<\/tr>\n<tr style=\"height: 20.00pt;\">\n<td class=\"et4\" style=\"height: 20pt; width: 45.9662%;\" width=\"347\" height=\"33\">Port\u00e9e par charge\/KM<\/td>\n<td class=\"et4\" style=\"width: 53.8462%;\" width=\"326\">40-60KM<\/td>\n<\/tr>\n<tr style=\"height: 20.00pt;\">\n<td class=\"et4\" style=\"height: 20pt; width: 45.9662%;\" width=\"347\" height=\"33\">Choix de couleur<\/td>\n<td class=\"et4\" style=\"width: 53.8462%;\" width=\"326\">Personnalis\u00e9<\/td>\n<\/tr>\n<tr style=\"height: 20.00pt;\">\n<td class=\"et4\" style=\"height: 20pt; width: 45.9662%;\" width=\"347\" height=\"33\">Capacit\u00e9 du conteneur<\/td>\n<td class=\"et4\" style=\"width: 53.8462%;\" width=\"326\">CKD: 108pcs \/ 40HQ<\/td>\n<\/tr>\n<tr style=\"height: 20.00pt;\">\n<td class=\"et4\" style=\"height: 20pt; width: 45.9662%;\" width=\"347\" height=\"33\">Taille de l'emballage<\/td>\n<td class=\"et4\" style=\"width: 53.8462%;\" width=\"326\">200 cm * 100 cm * 170 cm<\/td>\n<\/tr>\n<tr style=\"height: 20.00pt;\">\n<td class=\"et4\" style=\"height: 20pt; width: 45.9662%;\" width=\"347\" height=\"33\">Poids brut de l'emballage<\/td>\n<td class=\"et4\" style=\"width: 53.8462%;\" width=\"326\">100 kg<\/td>\n<\/tr>\n<\/tbody>\n<\/table>\n<hr data-start=\"696\" data-end=\"699\" \/>\n<h3 data-start=\"701\" data-end=\"732\">Caract\u00e9ristiques cl\u00e9s &amp; Avantages<\/h3>\n<p>&nbsp;<\/p>\n<p data-start=\"734\" data-end=\"759\"><strong data-start=\"734\" data-end=\"757\">Points de vente\u00a0<\/strong><\/p>\n<ol data-start=\"760\" data-end=\"1520\">\n<li data-start=\"760\" data-end=\"956\">\n<p data-start=\"763\" data-end=\"956\"><strong data-start=\"763\" data-end=\"789\">Mobilit\u00e9 \u00e9cologique :<\/strong> Aliment\u00e9 par un moteur de 60\/72V650W avec un contr\u00f4leur de 15 tubes, le tricycle \u00e9lectrique de passagers minimise les \u00e9missions et les co\u00fbts de carburant tout en offrant des performances constantes.<\/p>\n<\/li>\n<li data-start=\"957\" data-end=\"1128\">\n<p data-start=\"960\" data-end=\"1128\"><strong data-start=\"960\" data-end=\"982\">Confort des passagers:<\/strong> Con\u00e7u avec des si\u00e8ges ergonomiques et ample espace pour les jambes, ce <strong data-start=\"1037\" data-end=\"1059\">Taxi \u00e0 trois roues<\/strong> assure une conduite s\u00fbre et confortable pour une capacit\u00e9 de charge allant jusqu'\u00e0 500KG.<\/p>\n<\/li>\n<li data-start=\"1129\" data-end=\"1354\">\n<p data-start=\"1132\" data-end=\"1354\"><strong data-start=\"1132\" data-end=\"1162\">Adaptable \u00e0 diverses utilisations:<\/strong> Que ce soit en tant que <strong data-start=\"1184\" data-end=\"1211\">batterie passager trike<\/strong> pour les familles, une courte distance <strong data-start=\"1243\" data-end=\"1272\">v\u00e9hicule de transport de loisirs<\/strong>ou dans le cadre d\u2019une flotte de ride-sharing, il s\u2019adapte facilement \u00e0 de multiples applications.<\/p>\n<\/li>\n<li data-start=\"1355\" data-end=\"1520\">\n<p data-start=\"1358\" data-end=\"1520\"><strong data-start=\"1358\" data-end=\"1380\">Efficacit\u00e9 \u00e9nerg\u00e9tique :<\/strong> Une batterie au plomb-acide ou \u00e0 l'eau de 48V32Ah durable assure une autonomie de 40 \u00e0 60 km par charge, ce qui en fait un v\u00e9hicule de loisirs \u00e9lectrique efficace.<\/p>\n<\/li>\n<\/ol>\n<p data-start=\"1522\" data-end=\"1559\">\u00a0 \u00a0 \u00a0 <img fetchpriority=\"high\" decoding=\"async\" class=\"alignnone size-medium wp-image-4014\" src=\"https:\/\/www.tairuiauto.com\/wp-content\/uploads\/2025\/10\/fc8570b1-6078-41bb-9934-82b3cfb9c2e3-300x300.webp\" alt=\"\" width=\"300\" height=\"300\" srcset=\"\" sizes=\"(max-width: 300px) 100vw, 300px\" data-srcset=\"\" \/>\u00a0 \u00a0 \u00a0 \u00a0 \u00a0\u00a0 <img decoding=\"async\" class=\"alignnone size-medium wp-image-4012\" src=\"https:\/\/www.tairuiauto.com\/wp-content\/uploads\/2025\/10\/29678edb-d419-46cf-8bb2-fe2005148c96-300x300.webp\" alt=\"\" width=\"300\" height=\"300\" srcset=\"https:\/\/www.tairuiauto.com\/wp-content\/uploads\/2025\/10\/29678edb-d419-46cf-8bb2-fe2005148c96-300x300.webp 300w, https:\/\/www.tairuiauto.com\/wp-content\/uploads\/2025\/10\/29678edb-d419-46cf-8bb2-fe2005148c96-1024x1024.webp 1024w, https:\/\/www.tairuiauto.com\/wp-content\/uploads\/2025\/10\/29678edb-d419-46cf-8bb2-fe2005148c96-150x150.webp 150w, https:\/\/www.tairuiauto.com\/wp-content\/uploads\/2025\/10\/29678edb-d419-46cf-8bb2-fe2005148c96-768x768.webp 768w, https:\/\/www.tairuiauto.com\/wp-content\/uploads\/2025\/10\/29678edb-d419-46cf-8bb2-fe2005148c96-12x12.webp 12w, https:\/\/www.tairuiauto.com\/wp-content\/uploads\/2025\/10\/29678edb-d419-46cf-8bb2-fe2005148c96-600x600.webp 600w, https:\/\/www.tairuiauto.com\/wp-content\/uploads\/2025\/10\/29678edb-d419-46cf-8bb2-fe2005148c96-100x100.webp 100w, https:\/\/www.tairuiauto.com\/wp-content\/uploads\/2025\/10\/29678edb-d419-46cf-8bb2-fe2005148c96.webp 1300w\" sizes=\"(max-width: 300px) 100vw, 300px\" \/>\u00a0 \u00a0 \u00a0 \u00a0 \u00a0 \u00a0<img decoding=\"async\" class=\"alignnone size-medium wp-image-4010\" src=\"https:\/\/www.tairuiauto.com\/wp-content\/uploads\/2025\/10\/55fe9974-5809-40b0-920a-555de82d4dcf-300x300.webp\" alt=\"\" width=\"300\" height=\"300\" srcset=\"https:\/\/www.tairuiauto.com\/wp-content\/uploads\/2025\/10\/55fe9974-5809-40b0-920a-555de82d4dcf-300x300.webp 300w, https:\/\/www.tairuiauto.com\/wp-content\/uploads\/2025\/10\/55fe9974-5809-40b0-920a-555de82d4dcf-1024x1024.webp 1024w, https:\/\/www.tairuiauto.com\/wp-content\/uploads\/2025\/10\/55fe9974-5809-40b0-920a-555de82d4dcf-150x150.webp 150w, https:\/\/www.tairuiauto.com\/wp-content\/uploads\/2025\/10\/55fe9974-5809-40b0-920a-555de82d4dcf-768x768.webp 768w, https:\/\/www.tairuiauto.com\/wp-content\/uploads\/2025\/10\/55fe9974-5809-40b0-920a-555de82d4dcf-12x12.webp 12w, https:\/\/www.tairuiauto.com\/wp-content\/uploads\/2025\/10\/55fe9974-5809-40b0-920a-555de82d4dcf-600x600.webp 600w, https:\/\/www.tairuiauto.com\/wp-content\/uploads\/2025\/10\/55fe9974-5809-40b0-920a-555de82d4dcf-100x100.webp 100w, https:\/\/www.tairuiauto.com\/wp-content\/uploads\/2025\/10\/55fe9974-5809-40b0-920a-555de82d4dcf.webp 1300w\" sizes=\"(max-width: 300px) 100vw, 300px\" \/><\/p>\n<p data-start=\"1522\" data-end=\"1559\"><strong data-start=\"1522\" data-end=\"1557\">Avantages de la diff\u00e9renciation\u00a0<\/strong><\/p>\n<ol data-start=\"1560\" data-end=\"2139\">\n<li data-start=\"1560\" data-end=\"1689\">\n<p data-start=\"1563\" data-end=\"1689\"><strong data-start=\"1563\" data-end=\"1582\">Conception compacte:<\/strong> La taille plus petite (1950 x 850 x 1650 mm) permet de manipuler facilement dans les rues \u00e9troites, id\u00e9ale pour les villes bond\u00e9es.<\/p>\n<\/li>\n<li data-start=\"1690\" data-end=\"1815\">\n<p data-start=\"1693\" data-end=\"1815\"><strong data-start=\"1693\" data-end=\"1720\">Syst\u00e8me de s\u00e9curit\u00e9 fiable:<\/strong> \u00c9quip\u00e9 de freins \u00e0 tambour avant et arri\u00e8re, garantissant un arr\u00eat en douceur m\u00eame sur des pentes allant jusqu'\u00e0 25\u00b0.<\/p>\n<\/li>\n<li data-start=\"1816\" data-end=\"1999\">\n<p data-start=\"1819\" data-end=\"1999\"><strong data-start=\"1819\" data-end=\"1849\">Investissement rentable :<\/strong> Prix comp\u00e9titifs, faible entretien et construction durable font cela <strong data-start=\"1923\" data-end=\"1951\">v\u00e9hicule de loisirs \u00e9lectrique<\/strong> un choix rentable pour les entreprises de transport.<\/p>\n<\/li>\n<li data-start=\"2000\" data-end=\"2139\">\n<p data-start=\"2003\" data-end=\"2139\"><strong data-start=\"2003\" data-end=\"2028\">Capacit\u00e9 d'exportation \u00e9lev\u00e9e:<\/strong> Avec une capacit\u00e9 de conteneur CKD de 108pcs\/40HQ, il prend en charge les commandes en vrac et la distribution mondiale pour les clients B2B.<\/p>\n<\/li>\n<\/ol>\n<hr data-start=\"2772\" data-end=\"2775\" \/>\n<h3 data-start=\"2777\" data-end=\"2803\">Param\u00e8tres techniques<\/h3>\n<ul data-start=\"2804\" data-end=\"3021\">\n<li data-start=\"2804\" data-end=\"2841\">\n<p data-start=\"2806\" data-end=\"2841\">Syst\u00e8me d'alimentation: moteur \u00e9lectrique 650W<\/p>\n<\/li>\n<li data-start=\"2842\" data-end=\"2864\">\n<p data-start=\"2844\" data-end=\"2864\">Voltage: 60V \/ 72V<\/p>\n<\/li>\n<li data-start=\"2865\" data-end=\"2913\">\n<p data-start=\"2867\" data-end=\"2913\">Options de batterie: acide au plomb \/ eau activ\u00e9e<\/p>\n<\/li>\n<li data-start=\"2914\" data-end=\"2939\">\n<p data-start=\"2916\" data-end=\"2939\">Cycle de charge: 6-10h<\/p>\n<\/li>\n<li data-start=\"2940\" data-end=\"2971\">\n<p data-start=\"2942\" data-end=\"2971\">Kilom\u00e9trage par charge: 40\u201360km<\/p>\n<\/li>\n<li data-start=\"2972\" data-end=\"2999\">\n<p data-start=\"2974\" data-end=\"2999\">Angle d'escalade maximum: 25\u00b0<\/p>\n<\/li>\n<li data-start=\"3000\" data-end=\"3021\">\n<p data-start=\"3002\" data-end=\"3021\">Vitesse maximale: 35km\/h<\/p>\n<\/li>\n<\/ul>\n<hr data-start=\"3023\" data-end=\"3026\" \/>\n<h3 data-start=\"3028\" data-end=\"3042\">Mat\u00e9riel<\/h3>\n<ul data-start=\"3043\" data-end=\"3213\">\n<li data-start=\"3043\" data-end=\"3088\">\n<p data-start=\"3045\" data-end=\"3088\"><strong data-start=\"3045\" data-end=\"3055\">Cadre :<\/strong> Acier renforc\u00e9 haute r\u00e9sistance<\/p>\n<\/li>\n<li data-start=\"3089\" data-end=\"3131\">\n<p data-start=\"3091\" data-end=\"3131\"><strong data-start=\"3091\" data-end=\"3101\">Pneumatiques :<\/strong> Caoutchouc durable, taille 3.00-8<\/p>\n<\/li>\n<li data-start=\"3132\" data-end=\"3213\">\n<p data-start=\"3134\" data-end=\"3213\"><strong data-start=\"3134\" data-end=\"3150\">Panneaux de corps:<\/strong> Acier trait\u00e9 r\u00e9sistant \u00e0 la rouille avec des options de peinture personnalisables<\/p>\n<\/li>\n<\/ul>\n<hr data-start=\"3215\" data-end=\"3218\" \/>\n<h3 data-start=\"3220\" data-end=\"3236\">Apparence<\/h3>\n<p data-start=\"3237\" data-end=\"3436\">Le corps rationalis\u00e9 avec un toit courb\u00e9, un ch\u00e2ssis l\u00e9ger et un design ext\u00e9rieur moderne rendent le trike \u00e9l\u00e9gant mais fonctionnel. Sa taille compacte permet une navigation facile dans les zones urbaines encombr\u00e9es.<\/p>\n<hr data-start=\"3438\" data-end=\"3441\" \/>\n<h3 data-start=\"3443\" data-end=\"3455\">Conception<\/h3>\n<p data-start=\"3456\" data-end=\"3622\">Conception centr\u00e9e sur l'homme avec des syst\u00e8mes de freinage ax\u00e9s sur la s\u00e9curit\u00e9, des si\u00e8ges ergonomiques pour les passagers et une r\u00e9partition optimis\u00e9e du poids pour une stabilit\u00e9 sur des virages ou des pentes aigus.<\/p>\n<hr data-start=\"3624\" data-end=\"3627\" \/>\n<h3 data-start=\"3629\" data-end=\"3652\">personnalisation OEM<\/h3>\n<ul data-start=\"3653\" data-end=\"3794\">\n<li data-start=\"3653\" data-end=\"3691\">\n<p data-start=\"3655\" data-end=\"3691\">Options de puissance du moteur et du contr\u00f4leur<\/p>\n<\/li>\n<li data-start=\"3692\" data-end=\"3721\">\n<p data-start=\"3694\" data-end=\"3721\">Type et capacit\u00e9 de la batterie<\/p>\n<\/li>\n<li data-start=\"3722\" data-end=\"3756\">\n<p data-start=\"3724\" data-end=\"3756\">Couleur du corps et autocollants de marque<\/p>\n<\/li>\n<li data-start=\"3757\" data-end=\"3794\">\n<p data-start=\"3759\" data-end=\"3794\">Arrangement des si\u00e8ges et style de baldaulin<\/p>\n<\/li>\n<\/ul>\n<hr data-start=\"3796\" data-end=\"3799\" \/>\n<h3 data-start=\"3801\" data-end=\"3822\">Contr\u00f4le qualit\u00e9<\/h3>\n<p data-start=\"3823\" data-end=\"4013\">Chaque tricycle est soumis \u00e0 une inspection rigoureuse en usine, du soudage et de la peinture aux tests de batterie. Certifi\u00e9 sous <strong data-start=\"3937\" data-end=\"3963\">Gestion qualit\u00e9 ISO<\/strong> et r\u00e9union <strong data-start=\"3976\" data-end=\"4010\">normes internationales d'exportation<\/strong>.<\/p>\n<hr data-start=\"4015\" data-end=\"4018\" \/>\n<h3 data-start=\"4020\" data-end=\"4045\">Service apr\u00e8s-vente<\/h3>\n<ul data-start=\"4046\" data-end=\"4230\">\n<li data-start=\"4046\" data-end=\"4092\">\n<p data-start=\"4048\" data-end=\"4092\">Garantie de 12 mois pour moteur et contr\u00f4leur<\/p>\n<\/li>\n<li data-start=\"4093\" data-end=\"4121\">\n<p data-start=\"4095\" data-end=\"4121\">Garantie batterie de 6 mois<\/p>\n<\/li>\n<li data-start=\"4122\" data-end=\"4173\">\n<p data-start=\"4124\" data-end=\"4173\">Support technique en ligne et fourniture de pi\u00e8ces d\u00e9tach\u00e9es<\/p>\n<\/li>\n<li data-start=\"4174\" data-end=\"4230\">\n<p data-start=\"4176\" data-end=\"4230\">Assistance \u00e0 l'exp\u00e9dition mondiale et assistance \u00e0 la documentation<\/p>\n<\/li>\n<\/ul>\n<hr data-start=\"4232\" data-end=\"4235\" \/>\n<h3 data-start=\"4237\" data-end=\"4261\">Champs d'application<\/h3>\n<ul data-start=\"4262\" data-end=\"4504\">\n<li data-start=\"4262\" data-end=\"4313\">\n<p data-start=\"4264\" data-end=\"4313\"><strong data-start=\"4264\" data-end=\"4286\">Taxi \u00e0 trois roues<\/strong> pour des trajets courtes distances<\/p>\n<\/li>\n<li data-start=\"4314\" data-end=\"4375\">\n<p data-start=\"4316\" data-end=\"4375\"><strong data-start=\"4316\" data-end=\"4345\">V\u00e9hicule de transport de loisirs<\/strong> \u00e0 usage familial ou communautaire<\/p>\n<\/li>\n<li data-start=\"4376\" data-end=\"4432\">\n<p data-start=\"4378\" data-end=\"4432\"><strong data-start=\"4378\" data-end=\"4412\">Navette \u00e9cologique pour passagers<\/strong> pour les lieux touristiques<\/p>\n<\/li>\n<li data-start=\"4433\" data-end=\"4504\">\n<p data-start=\"4435\" data-end=\"4504\"><strong data-start=\"4435\" data-end=\"4462\">Batterie trike passager<\/strong> pour les \u00e9coles, les parcs ou les zones industrielles<\/p>\n<\/li>\n<\/ul>\n<hr data-start=\"4506\" data-end=\"4509\" \/>\n<h3 data-start=\"4511\" data-end=\"4530\">Conditions de paiement<\/h3>\n<ul data-start=\"4531\" data-end=\"4620\">\n<li data-start=\"4531\" data-end=\"4583\">\n<p data-start=\"4533\" data-end=\"4583\">T\/T, L\/C, Western Union, Alibaba Assurance du commerce<\/p>\n<\/li>\n<li data-start=\"4584\" data-end=\"4620\">\n<p data-start=\"4586\" data-end=\"4620\">D\u00e9p\u00f4t de 30%, 70% avant exp\u00e9dition<\/p>\n<\/li>\n<\/ul>\n<hr data-start=\"4622\" data-end=\"4625\" \/>\n<h3 data-start=\"4627\" data-end=\"4636\">FAQ (questions fr\u00e9quentes)<\/h3>\n<p data-start=\"4638\" data-end=\"4791\"><strong data-start=\"4638\" data-end=\"4721\">Q1: Quelle est la vitesse maximale du tricycle \u00e9lectrique semi-ouvert pour passagers?<\/strong><br data-start=\"4721\" data-end=\"4724\" \/>A1: Il peut atteindre 30-35 km\/h en fonction des conditions routi\u00e8res et de la charge.<\/p>\n<p data-start=\"4793\" data-end=\"4934\"><strong data-start=\"4793\" data-end=\"4834\">Q2: Combien de passagers peut-il transporter?<\/strong><br data-start=\"4834\" data-end=\"4837\" \/>A2: Il supporte une charge maximale de 500 kg, qui convient g\u00e9n\u00e9ralement \u00e0 2-3 passagers adultes confortablement.<\/p>\n<p data-start=\"4936\" data-end=\"5074\"><strong data-start=\"4936\" data-end=\"4974\">Q3: La batterie peut-elle \u00eatre personnalis\u00e9e?<\/strong><br data-start=\"4974\" data-end=\"4977\" \/>A3: Oui, vous pouvez choisir entre des batteries activ\u00e9es au plomb-acide ou \u00e0 l'eau avec des options 48V ou 72V.<\/p>\n<p data-start=\"5076\" data-end=\"5188\"><strong data-start=\"5076\" data-end=\"5110\">Q4: La marque OEM est-elle disponible?<\/strong><br data-start=\"5110\" data-end=\"5113\" \/>A4: Oui, nous fournissons la personnalisation OEM pour les couleurs, les logos et la conception du si\u00e8ge.<\/p>\n<p data-start=\"5190\" data-end=\"5294\"><strong data-start=\"5190\" data-end=\"5230\">Q5: Combien de temps faut-il pour charger?<\/strong><br data-start=\"5230\" data-end=\"5233\" \/>A5 : Le temps de charge standard est de 6 \u00e0 10 heures pour une charge compl\u00e8te.<\/p>","protected":false},"excerpt":{"rendered":"<p>Le <strong data-start=\"186\" data-end=\"231\">Tricycle \u00e9lectrique semi-ouvert<\/strong> est un v\u00e9hicule compact mais puissant \u00e0 trois roues con\u00e7u pour les d\u00e9placements urbains en douceur, les voyages \u00e0 courte distance et le transport de passagers. Avec son efficacit\u00e9 <strong data-start=\"376\" data-end=\"390\">moteur 650W<\/strong>Avec un cadre robuste et une disposition moderne des si\u00e8ges, ce trike \u00e9lectrique offre \u00e0 la fois \u00e9cologique et fiable. Si utilis\u00e9 comme un <strong data-start=\"527\" data-end=\"562\">Trike \u00e0 batterie<\/strong>, un <strong data-start=\"566\" data-end=\"588\">Taxi \u00e0 trois roues<\/strong>ou un <strong data-start=\"595\" data-end=\"624\">v\u00e9hicule de transport de loisirs<\/strong>Il est con\u00e7u pour r\u00e9pondre aux exigences de la mobilit\u00e9 quotidienne avec style et confort.<\/p>","protected":false},"featured_media":4015,"comment_status":"open","ping_status":"closed","template":"","meta":[],"product_brand":[],"product_cat":[78],"product_tag":[],"class_list":{"0":"post-4006","1":"product","2":"type-product","3":"status-publish","4":"has-post-thumbnail","6":"product_cat-electric-tricycle","8":"first","9":"instock","10":"shipping-taxable","11":"product-type-simple"},"_links":{"self":[{"href":"https:\/\/www.tairuiauto.com\/fr\/wp-json\/wp\/v2\/product\/4006","targetHints":{"allow":["GET"]}}],"collection":[{"href":"https:\/\/www.tairuiauto.com\/fr\/wp-json\/wp\/v2\/product"}],"about":[{"href":"https:\/\/www.tairuiauto.com\/fr\/wp-json\/wp\/v2\/types\/product"}],"replies":[{"embeddable":true,"href":"https:\/\/www.tairuiauto.com\/fr\/wp-json\/wp\/v2\/comments?post=4006"}],"wp:featuredmedia":[{"embeddable":true,"href":"https:\/\/www.tairuiauto.com\/fr\/wp-json\/wp\/v2\/media\/4015"}],"wp:attachment":[{"href":"https:\/\/www.tairuiauto.com\/fr\/wp-json\/wp\/v2\/media?parent=4006"}],"wp:term":[{"taxonomy":"product_brand","embeddable":true,"href":"https:\/\/www.tairuiauto.com\/fr\/wp-json\/wp\/v2\/product_brand?post=4006"},{"taxonomy":"product_cat","embeddable":true,"href":"https:\/\/www.tairuiauto.com\/fr\/wp-json\/wp\/v2\/product_cat?post=4006"},{"taxonomy":"product_tag","embeddable":true,"href":"https:\/\/www.tairuiauto.com\/fr\/wp-json\/wp\/v2\/product_tag?post=4006"}],"curies":[{"name":"WP","href":"https:\/\/api.w.org\/{rel}","templated":true}]}}