{"id":4022,"date":"2025-10-15T15:54:17","date_gmt":"2025-10-15T07:54:17","guid":{"rendered":"https:\/\/www.tairuiauto.com\/?post_type=product&#038;p=4022"},"modified":"2025-10-15T13:36:06","modified_gmt":"2025-10-15T05:36:06","slug":"leisure-battery-rickshaw-tuk-tuk","status":"publish","type":"product","link":"https:\/\/www.tairuiauto.com\/fr\/product\/leisure-battery-rickshaw-tuk-tuk\/","title":{"rendered":"Loisirs Batterie Rickshaw Tuk Tuk"},"content":{"rendered":"<h1 data-start=\"298\" data-end=\"321\">Description du produit<\/h1>\n<p data-start=\"322\" data-end=\"810\">Le Battery Rickshaw Electric Tricycle combine s\u00e9curit\u00e9, style et praticit\u00e9, ce qui en fait un excellent choix pour les solutions de transport urbain, les visites touristiques et la mobilit\u00e9 familiale.<\/p>\n<table style=\"border-collapse: collapse; width: 64.7072%; height: 411px;\" border=\"0\" width=\"679\" cellspacing=\"0\" cellpadding=\"0\">\n<tbody>\n<tr style=\"height: 20.00pt;\">\n<td class=\"et3\" style=\"height: 20pt; width: 43.188%;\" width=\"363\" height=\"33\">Mod\u00e8le<\/td>\n<td class=\"et3\" style=\"width: 56.6757%;\" width=\"316\">Loisirs Style M6 Batterie Rickshaw Tuk Tuk<\/td>\n<\/tr>\n<tr style=\"height: 20.00pt;\">\n<td class=\"et4\" style=\"height: 20pt; width: 43.188%;\" width=\"363\" height=\"33\">moteur<\/td>\n<td class=\"et4\" style=\"width: 56.6757%;\" width=\"316\">60\/72V650W<\/td>\n<\/tr>\n<tr style=\"height: 20.00pt;\">\n<td class=\"et4\" style=\"height: 20pt; width: 43.188%;\" width=\"363\" height=\"33\">contr\u00f4leur<\/td>\n<td class=\"et4\" style=\"width: 56.6757%;\" width=\"316\">15 tube<\/td>\n<\/tr>\n<tr style=\"height: 20.00pt;\">\n<td class=\"et4\" style=\"height: 20pt; width: 43.188%;\" width=\"363\" height=\"33\">Capacit\u00e9 de chargement<\/td>\n<td class=\"et4\" style=\"width: 56.6757%;\" width=\"316\">&lt;  = 500 kg<\/td>\n<\/tr>\n<tr style=\"height: 20.00pt;\">\n<td class=\"et4\" style=\"height: 20pt; width: 43.188%;\" width=\"363\" height=\"33\">Dimension globale<\/td>\n<td class=\"et4\" style=\"width: 56.6757%;\" width=\"316\">2100 * 920 * 1680mm<\/td>\n<\/tr>\n<tr style=\"height: 20.00pt;\">\n<td class=\"et4\" style=\"height: 20pt; width: 43.188%;\" width=\"363\" height=\"33\">Syst\u00e8me de frein<\/td>\n<td class=\"et4\" style=\"width: 56.6757%;\" width=\"316\">Drum avant\/Drum arri\u00e8re<\/td>\n<\/tr>\n<tr style=\"height: 20.00pt;\">\n<td class=\"et4\" style=\"height: 20pt; width: 43.188%;\" width=\"363\" height=\"33\">Capacit\u00e9 d'escalade<\/td>\n<td class=\"et4\" style=\"width: 56.6757%;\" width=\"316\">\u2264 25\u00b0<\/td>\n<\/tr>\n<tr style=\"height: 20.00pt;\">\n<td class=\"et4\" style=\"height: 20pt; width: 43.188%;\" width=\"363\" height=\"33\">Pneumatique avant\/arri\u00e8re<\/td>\n<td class=\"et4\" style=\"width: 56.6757%;\" width=\"316\">3.00-10<\/td>\n<\/tr>\n<tr style=\"height: 20.00pt;\">\n<td class=\"et4\" style=\"height: 20pt; width: 43.188%;\" width=\"363\" height=\"33\">Vitesse maximale KM\/H<\/td>\n<td class=\"et4\" style=\"width: 56.6757%;\" width=\"316\">30-35KM \/ H<\/td>\n<\/tr>\n<tr style=\"height: 27.00pt;\">\n<td class=\"et4\" style=\"height: 27pt; width: 43.188%;\" width=\"363\" height=\"45\">Batterie<\/td>\n<td class=\"et4\" style=\"width: 56.6757%;\" width=\"316\">Batterie activ\u00e9e au plomb-acide ou \u00e0 l'eau 48V32Ah<\/td>\n<\/tr>\n<tr style=\"height: 20.00pt;\">\n<td class=\"et4\" style=\"height: 20pt; width: 43.188%;\" width=\"363\" height=\"33\">Temps de charge<\/td>\n<td class=\"et4\" style=\"width: 56.6757%;\" width=\"316\">6-10 heures<\/td>\n<\/tr>\n<tr style=\"height: 20.00pt;\">\n<td class=\"et4\" style=\"height: 20pt; width: 43.188%;\" width=\"363\" height=\"33\">Port\u00e9e par charge\/KM<\/td>\n<td class=\"et4\" style=\"width: 56.6757%;\" width=\"316\">40-60KM<\/td>\n<\/tr>\n<tr style=\"height: 20.00pt;\">\n<td class=\"et4\" style=\"height: 20pt; width: 43.188%;\" width=\"363\" height=\"33\">Choix de couleur<\/td>\n<td class=\"et4\" style=\"width: 56.6757%;\" width=\"316\">Personnalis\u00e9<\/td>\n<\/tr>\n<tr style=\"height: 20.00pt;\">\n<td class=\"et4\" style=\"height: 20pt; width: 43.188%;\" width=\"363\" height=\"33\">Capacit\u00e9 du conteneur<\/td>\n<td class=\"et4\" style=\"width: 56.6757%;\" width=\"316\"><span class=\"font2\">40Units\/40HQContainer<\/span><span class=\"font3\">(<\/span><span class=\"font2\">CKD<\/span><span class=\"font3\">) et<\/span><\/td>\n<\/tr>\n<\/tbody>\n<\/table>\n<hr data-start=\"812\" data-end=\"815\" \/>\n<h1 data-start=\"817\" data-end=\"850\">Caract\u00e9ristiques cl\u00e9s &amp; Points de vente<\/h1>\n<ol data-start=\"851\" data-end=\"1581\">\n<li data-start=\"851\" data-end=\"1060\">\n<p data-start=\"854\" data-end=\"1060\"><strong data-start=\"854\" data-end=\"885\">Transport respectueux de l'environnement<\/strong> Le tricycle \u00e9lectrique Leisure Style M6 est aliment\u00e9 par une batterie au plomb-acide ou \u00e0 l\u2019eau de 48V\/72V, garantissant z\u00e9ro \u00e9missions et la conformit\u00e9 aux normes de mobilit\u00e9 verte.<\/p>\n<\/li>\n<li data-start=\"1061\" data-end=\"1227\">\n<p data-start=\"1064\" data-end=\"1227\"><strong data-start=\"1064\" data-end=\"1091\">Capacit\u00e9 passagers \u00e9lev\u00e9e<\/strong> Avec une charge maximale de 500 kg et une structure de carrosserie solide, ce tuk tuk \u00e9lectrique offre des si\u00e8ges s\u00fbrs et confortables pour les passagers.<\/p>\n<\/li>\n<li data-start=\"1228\" data-end=\"1399\">\n<p data-start=\"1231\" data-end=\"1399\"><strong data-start=\"1231\" data-end=\"1255\">Performance fiable<\/strong> Dot\u00e9 d\u2019un contr\u00f4leur \u00e0 15 tubes et d\u2019une capacit\u00e9 d\u2019escalade de 25\u00b0, le tricycle M6 assure une conduite stable sur les routes urbaines et les petites pentes.<\/p>\n<\/li>\n<li data-start=\"1400\" data-end=\"1581\">\n<p data-start=\"1403\" data-end=\"1581\"><strong data-start=\"1403\" data-end=\"1427\">Options personnalisables<\/strong> \u2013 Le Rickshaw \u00e9lectrique de type Leisure M6 offre de multiples choix de couleurs, de possibilit\u00e9s de marque et de personnalisation OEM pour r\u00e9pondre aux demandes du march\u00e9.<\/p>\n<\/li>\n<\/ol>\n<hr data-start=\"1583\" data-end=\"1586\" \/>\n<h1 data-start=\"1588\" data-end=\"1614\">Avantages concurrentiels<\/h1>\n<ol data-start=\"1615\" data-end=\"2282\">\n<li data-start=\"1615\" data-end=\"1821\">\n<p data-start=\"1618\" data-end=\"1821\"><strong data-start=\"1618\" data-end=\"1633\">Versatilit\u00e9<\/strong> Contrairement aux rickshaws traditionnels, ce tricycle \u00e9lectrique prend en charge \u00e0 la fois les applications de loisirs et commerciales telles que les navettes touristiques, le transport de passagers du dernier kilom\u00e8tre et la mobilit\u00e9 communautaire.<\/p>\n<\/li>\n<li data-start=\"1822\" data-end=\"1966\">\n<p data-start=\"1825\" data-end=\"1966\"><strong data-start=\"1825\" data-end=\"1839\">Dur\u00e9e<\/strong> \u2013 Le syst\u00e8me de freinage au tambour avant et au tambour arri\u00e8re, combin\u00e9 \u00e0 des pneus 3.00-10, assure une s\u00e9curit\u00e9 accrue et une dur\u00e9e de vie plus longue.<\/p>\n<\/li>\n<li data-start=\"1967\" data-end=\"2138\">\n<p data-start=\"1970\" data-end=\"2138\"><strong data-start=\"1970\" data-end=\"1989\">\u00c9conomie<\/strong> Compar\u00e9 aux trois roues \u00e0 carburant, le tuk tuk \u00e9lectrique M6 r\u00e9duit les co\u00fbts d\u2019exploitation de plus de 60 %, offrant des \u00e9conomies significatives \u00e0 long terme.<\/p>\n<\/li>\n<li data-start=\"2139\" data-end=\"2282\">\n<p data-start=\"2142\" data-end=\"2282\"><strong data-start=\"2142\" data-end=\"2168\">Conception favorable \u00e0 l'exportation<\/strong> \u2013 Avec 40 unit\u00e9s par conteneur 40HQ, le v\u00e9hicule est optimis\u00e9 pour l\u2019exp\u00e9dition internationale et les affaires de gros.<\/p>\n<\/li>\n<\/ol>\n<p><img fetchpriority=\"high\" decoding=\"async\" class=\"alignnone size-medium wp-image-4030\" src=\"https:\/\/www.tairuiauto.com\/wp-content\/uploads\/2025\/10\/104-300x300.png\" alt=\"\" width=\"300\" height=\"300\" srcset=\"\" sizes=\"(max-width: 300px) 100vw, 300px\" data-srcset=\"\" \/>\u00a0 \u00a0 \u00a0 \u00a0 \u00a0<img decoding=\"async\" class=\"alignnone size-medium wp-image-4025\" src=\"https:\/\/www.tairuiauto.com\/wp-content\/uploads\/2025\/10\/4-300x300.png\" alt=\"\" width=\"300\" height=\"300\" srcset=\"https:\/\/www.tairuiauto.com\/wp-content\/uploads\/2025\/10\/4-300x300.png 300w, https:\/\/www.tairuiauto.com\/wp-content\/uploads\/2025\/10\/4-1024x1024.png 1024w, https:\/\/www.tairuiauto.com\/wp-content\/uploads\/2025\/10\/4-150x150.png 150w, https:\/\/www.tairuiauto.com\/wp-content\/uploads\/2025\/10\/4-768x768.png 768w, https:\/\/www.tairuiauto.com\/wp-content\/uploads\/2025\/10\/4-1536x1536.png 1536w, https:\/\/www.tairuiauto.com\/wp-content\/uploads\/2025\/10\/4-2048x2048.png 2048w, https:\/\/www.tairuiauto.com\/wp-content\/uploads\/2025\/10\/4-12x12.png 12w, https:\/\/www.tairuiauto.com\/wp-content\/uploads\/2025\/10\/4-600x600.png 600w, https:\/\/www.tairuiauto.com\/wp-content\/uploads\/2025\/10\/4-100x100.png 100w\" sizes=\"(max-width: 300px) 100vw, 300px\" \/>\u00a0 \u00a0 \u00a0 \u00a0\u00a0 <img decoding=\"async\" class=\"alignnone size-medium wp-image-4026\" src=\"https:\/\/www.tairuiauto.com\/wp-content\/uploads\/2025\/10\/8-300x300.png\" alt=\"\" width=\"300\" height=\"300\" srcset=\"https:\/\/www.tairuiauto.com\/wp-content\/uploads\/2025\/10\/8-300x300.png 300w, https:\/\/www.tairuiauto.com\/wp-content\/uploads\/2025\/10\/8-1024x1024.png 1024w, https:\/\/www.tairuiauto.com\/wp-content\/uploads\/2025\/10\/8-150x150.png 150w, https:\/\/www.tairuiauto.com\/wp-content\/uploads\/2025\/10\/8-768x768.png 768w, https:\/\/www.tairuiauto.com\/wp-content\/uploads\/2025\/10\/8-1536x1536.png 1536w, https:\/\/www.tairuiauto.com\/wp-content\/uploads\/2025\/10\/8-2048x2048.png 2048w, https:\/\/www.tairuiauto.com\/wp-content\/uploads\/2025\/10\/8-12x12.png 12w, https:\/\/www.tairuiauto.com\/wp-content\/uploads\/2025\/10\/8-600x600.png 600w, https:\/\/www.tairuiauto.com\/wp-content\/uploads\/2025\/10\/8-100x100.png 100w\" sizes=\"(max-width: 300px) 100vw, 300px\" \/><\/p>\n<hr data-start=\"2798\" data-end=\"2801\" \/>\n<h1 data-start=\"2803\" data-end=\"2827\">Param\u00e8tres techniques<\/h1>\n<ul data-start=\"2828\" data-end=\"3056\">\n<li data-start=\"2828\" data-end=\"2864\">\n<p data-start=\"2830\" data-end=\"2864\">Type de batterie: 48\/60\/72V en option<\/p>\n<\/li>\n<li data-start=\"2865\" data-end=\"2894\">\n<p data-start=\"2867\" data-end=\"2894\">Port\u00e9e : 40-60km par charge<\/p>\n<\/li>\n<li data-start=\"2895\" data-end=\"2944\">\n<p data-start=\"2897\" data-end=\"2944\">Contr\u00f4leur: 15 tubes, optimis\u00e9 pour l'efficacit\u00e9<\/p>\n<\/li>\n<li data-start=\"2945\" data-end=\"2990\">\n<p data-start=\"2947\" data-end=\"2990\">Pneus: 3.00-10 standard, caoutchouc antid\u00e9rapant<\/p>\n<\/li>\n<li data-start=\"2991\" data-end=\"3020\">\n<p data-start=\"2993\" data-end=\"3020\">Temps de charge: 6-10 heures<\/p>\n<\/li>\n<li data-start=\"3021\" data-end=\"3056\">\n<p data-start=\"3023\" data-end=\"3056\">Frenage: Syst\u00e8me de tambour m\u00e9canique<\/p>\n<\/li>\n<\/ul>\n<hr data-start=\"3058\" data-end=\"3061\" \/>\n<h1 data-start=\"3063\" data-end=\"3075\">Mat\u00e9riel<\/h1>\n<ul data-start=\"3076\" data-end=\"3242\">\n<li data-start=\"3076\" data-end=\"3127\">\n<p data-start=\"3078\" data-end=\"3127\">Cadre: Cadre en acier haute r\u00e9sistance pour la durabilit\u00e9<\/p>\n<\/li>\n<li data-start=\"3128\" data-end=\"3195\">\n<p data-start=\"3130\" data-end=\"3195\">Carrosserie: Structure de cabine renforc\u00e9e avec rev\u00eatement r\u00e9sistant aux intemp\u00e9ries<\/p>\n<\/li>\n<li data-start=\"3196\" data-end=\"3242\">\n<p data-start=\"3198\" data-end=\"3242\">Si\u00e8ges: Si\u00e8ges confortables recouverts de cuir<\/p>\n<\/li>\n<\/ul>\n<hr data-start=\"3244\" data-end=\"3247\" \/>\n<h1 data-start=\"3249\" data-end=\"3263\">Apparence<\/h1>\n<p data-start=\"3264\" data-end=\"3424\">Design moderne \u00e9l\u00e9gant avec cabine conviviale, grandes fen\u00eatres et feux avant LED attrayants. Disponible en plusieurs couleurs selon les pr\u00e9f\u00e9rences du march\u00e9.<\/p>\n<hr data-start=\"3426\" data-end=\"3429\" \/>\n<h1 data-start=\"3431\" data-end=\"3441\">Conception<\/h1>\n<p data-start=\"3442\" data-end=\"3568\">Design compact mais spacieux avec arrangement ergonomique des si\u00e8ges et entr\u00e9e\/sortie facile, adapt\u00e9 \u00e0 l'utilisation urbaine et rurale.<\/p>\n<hr data-start=\"3570\" data-end=\"3573\" \/>\n<h1 data-start=\"3575\" data-end=\"3596\">personnalisation OEM<\/h1>\n<p data-start=\"3597\" data-end=\"3708\">Nous fournissons <strong data-start=\"3608\" data-end=\"3624\">Services OEM<\/strong> y compris la peinture personnalis\u00e9e, la marque de logo, la conception du si\u00e8ge et les options de batterie am\u00e9lior\u00e9es.<\/p>\n<hr data-start=\"3710\" data-end=\"3713\" \/>\n<h1 data-start=\"3715\" data-end=\"3734\">Contr\u00f4le qualit\u00e9<\/h1>\n<p data-start=\"3735\" data-end=\"3887\">Chaque Leisure Style M6 Electric Tricycle subit <strong data-start=\"3785\" data-end=\"3811\">tests d'usine stricts<\/strong>y compris l'efficacit\u00e9 des freins, les performances de la batterie et les contr\u00f4les de s\u00e9curit\u00e9 routi\u00e8re.<\/p>\n<hr data-start=\"3889\" data-end=\"3892\" \/>\n<h1 data-start=\"3894\" data-end=\"3917\">Service apr\u00e8s-vente<\/h1>\n<p data-start=\"3918\" data-end=\"4048\">Garantie de 1 an sur le moteur et le contr\u00f4leur, garantie de 6 mois sur la batterie. Support technique en ligne et fourniture de pi\u00e8ces d\u00e9tach\u00e9es disponibles.<\/p>\n<hr data-start=\"4050\" data-end=\"4053\" \/>\n<h1 data-start=\"4055\" data-end=\"4077\">Champs d'application<\/h1>\n<ul data-start=\"4078\" data-end=\"4199\">\n<li data-start=\"4078\" data-end=\"4107\">\n<p data-start=\"4080\" data-end=\"4107\">Transport urbain de passagers<\/p>\n<\/li>\n<li data-start=\"4108\" data-end=\"4131\">\n<p data-start=\"4110\" data-end=\"4131\">Visites touristiques<\/p>\n<\/li>\n<li data-start=\"4132\" data-end=\"4158\">\n<p data-start=\"4134\" data-end=\"4158\">Connectivit\u00e9 du dernier mile<\/p>\n<\/li>\n<li data-start=\"4159\" data-end=\"4199\">\n<p data-start=\"4161\" data-end=\"4199\">Mobilit\u00e9 communautaire et promenades de loisirs<\/p>\n<\/li>\n<\/ul>\n<hr data-start=\"4201\" data-end=\"4204\" \/>\n<h1 data-start=\"4206\" data-end=\"4224\">M\u00e9thode de paiement<\/h1>\n<p data-start=\"4225\" data-end=\"4286\">T\/T, L\/C, Western Union, Alibaba Assurance commerciale disponible.<\/p>\n<hr data-start=\"4288\" data-end=\"4291\" \/>\n<h1 data-start=\"4293\" data-end=\"4300\">FAQ (questions fr\u00e9quentes)<\/h1>\n<p data-start=\"4302\" data-end=\"4463\"><strong data-start=\"4302\" data-end=\"4378\">Q1: Quelle est la port\u00e9e maximale du Leisure Style M6 Electric Tricycle?<\/strong><br data-start=\"4378\" data-end=\"4381\" \/>A1: Il peut voyager <strong data-start=\"4399\" data-end=\"4421\">40-60 km par charge<\/strong>selon les conditions routi\u00e8res et de charge.<\/p>\n<p data-start=\"4465\" data-end=\"4608\"><strong data-start=\"4465\" data-end=\"4525\">Q2: Combien de passagers peut transporter ce tuk tuk \u00e9lectrique?<\/strong><br data-start=\"4525\" data-end=\"4528\" \/>A2: Il a une capacit\u00e9 de chargement allant jusqu'\u00e0 <strong data-start=\"4567\" data-end=\"4576\">500 kg<\/strong>Convient pour 3-4 passagers.<\/p>\n<p data-start=\"4610\" data-end=\"4741\"><strong data-start=\"4610\" data-end=\"4666\">Q3: Puis-je personnaliser la couleur et le logo pour ma commande?<\/strong><br data-start=\"4666\" data-end=\"4669\" \/>A3: Oui, la personnalisation OEM est disponible pour la marque et les besoins du march\u00e9.<\/p>\n<p data-start=\"4743\" data-end=\"4893\"><strong data-start=\"4743\" data-end=\"4784\">Q4: Quel type de batterie utilise-t-il?<\/strong><br data-start=\"4784\" data-end=\"4787\" \/>A4 : Standard <strong data-start=\"4800\" data-end=\"4848\">Batterie activ\u00e9e au plomb-acide ou \u00e0 l'eau 48V32Ah<\/strong>mise \u00e0 niveau facultative \u00e0 60V ou 72V disponible.<\/p>\n<p data-start=\"4895\" data-end=\"4980\"><strong data-start=\"4895\" data-end=\"4929\">Q5: Quel est le temps de charge?<\/strong><br data-start=\"4929\" data-end=\"4932\" \/>A5 : Il faut <strong data-start=\"4945\" data-end=\"4959\">6 \u00e0 10 heures<\/strong> pour une charge compl\u00e8te.<\/p>","protected":false},"excerpt":{"rendered":"<p>Le <strong data-start=\"326\" data-end=\"364\">Tricycle \u00e9lectrique de style de loisirs M6<\/strong> est un v\u00e9hicule de passagers moderne et \u00e9cologique con\u00e7u pour les trajets de courte distance, le transport urbain et les balades de loisirs. Dot\u00e9 d'un moteur de 650 W aliment\u00e9 par une batterie de 48V\/72V, ce tuk tuk \u00e9lectrique offre des performances fluides, z\u00e9ro \u00e9missions et une rentabilit\u00e9 \u00e9lev\u00e9e. Le tricycle \u00e9lectrique Leisure Style M6 combine s\u00e9curit\u00e9, style et pratique, ce qui en fait un excellent choix pour les solutions de transport urbain, les visites touristiques et la mobilit\u00e9 familiale.<\/p>","protected":false},"featured_media":4032,"comment_status":"open","ping_status":"closed","template":"","meta":[],"product_brand":[],"product_cat":[78],"product_tag":[],"class_list":{"0":"post-4022","1":"product","2":"type-product","3":"status-publish","4":"has-post-thumbnail","6":"product_cat-electric-tricycle","8":"first","9":"instock","10":"shipping-taxable","11":"product-type-simple"},"_links":{"self":[{"href":"https:\/\/www.tairuiauto.com\/fr\/wp-json\/wp\/v2\/product\/4022","targetHints":{"allow":["GET"]}}],"collection":[{"href":"https:\/\/www.tairuiauto.com\/fr\/wp-json\/wp\/v2\/product"}],"about":[{"href":"https:\/\/www.tairuiauto.com\/fr\/wp-json\/wp\/v2\/types\/product"}],"replies":[{"embeddable":true,"href":"https:\/\/www.tairuiauto.com\/fr\/wp-json\/wp\/v2\/comments?post=4022"}],"wp:featuredmedia":[{"embeddable":true,"href":"https:\/\/www.tairuiauto.com\/fr\/wp-json\/wp\/v2\/media\/4032"}],"wp:attachment":[{"href":"https:\/\/www.tairuiauto.com\/fr\/wp-json\/wp\/v2\/media?parent=4022"}],"wp:term":[{"taxonomy":"product_brand","embeddable":true,"href":"https:\/\/www.tairuiauto.com\/fr\/wp-json\/wp\/v2\/product_brand?post=4022"},{"taxonomy":"product_cat","embeddable":true,"href":"https:\/\/www.tairuiauto.com\/fr\/wp-json\/wp\/v2\/product_cat?post=4022"},{"taxonomy":"product_tag","embeddable":true,"href":"https:\/\/www.tairuiauto.com\/fr\/wp-json\/wp\/v2\/product_tag?post=4022"}],"curies":[{"name":"WP","href":"https:\/\/api.w.org\/{rel}","templated":true}]}}