{"id":4036,"date":"2025-10-16T09:18:44","date_gmt":"2025-10-16T01:18:44","guid":{"rendered":"https:\/\/www.tairuiauto.com\/?post_type=product&#038;p=4036"},"modified":"2025-10-16T09:26:36","modified_gmt":"2025-10-16T01:26:36","slug":"electric-freight-vehicle","status":"publish","type":"product","link":"https:\/\/www.tairuiauto.com\/fr\/product\/electric-freight-vehicle\/","title":{"rendered":"V\u00e9hicule de fret \u00e9lectrique"},"content":{"rendered":"<h2 data-start=\"308\" data-end=\"332\">Description du produit<\/h2>\n<p data-start=\"333\" data-end=\"939\">\u00a0Construit avec un syst\u00e8me de batterie 60V32AH-58AH, il assure un kilom\u00e9trage fiable de 50 \u00e0 60 km par charge, ce qui en fait l'un des mod\u00e8les tuk tuk de livraison les plus durables et les plus rentables disponibles pour les petites entreprises, les plateformes de commerce \u00e9lectronique et les solutions de fret urbain.<\/p>\n<table style=\"border-collapse: collapse; width: 71.6302%; height: 349px;\" border=\"0\" width=\"720\" cellspacing=\"0\" cellpadding=\"0\">\n<tbody>\n<tr style=\"height: 20.00pt;\">\n<td class=\"et4\" style=\"height: 20.00pt; width: 159.05pt;\" width=\"265\" height=\"33\">Mod\u00e8le<\/td>\n<td class=\"et4\" style=\"width: 273.40pt;\" width=\"455\">V\u00e9hicule de fret \u00e9lectrique LETU<\/td>\n<\/tr>\n<tr style=\"height: 20.00pt;\">\n<td class=\"et5\" style=\"height: 20.00pt; width: 159.05pt;\" width=\"265\" height=\"33\">Couleurs en option<\/td>\n<td class=\"et5\" style=\"width: 273.40pt;\" width=\"455\">rouge, bleu, vert, jaune, gris, blanc<\/td>\n<\/tr>\n<tr style=\"height: 20.00pt;\">\n<td class=\"et5\" style=\"height: 20.00pt; width: 159.05pt;\" width=\"265\" height=\"33\">Taille de bo\u00eete de fret (mm)<\/td>\n<td class=\"et5\" style=\"width: 273.40pt;\" width=\"455\">1100 * 900mm<\/td>\n<\/tr>\n<tr style=\"height: 20.00pt;\">\n<td class=\"et5\" style=\"height: 20.00pt; width: 159.05pt;\" width=\"265\" height=\"33\">Vitesse maximale (km\/h)<\/td>\n<td class=\"et5\" style=\"width: 273.40pt;\" width=\"455\">30-45km\/h<\/td>\n<\/tr>\n<tr style=\"height: 20.00pt;\">\n<td class=\"et5\" style=\"height: 20.00pt; width: 159.05pt;\" width=\"265\" height=\"33\">Capacit\u00e9 de grade (%)<\/td>\n<td class=\"et5\" style=\"width: 273.40pt;\" width=\"455\">\u2264 15<\/td>\n<\/tr>\n<tr style=\"height: 20.00pt;\">\n<td class=\"et5\" style=\"height: 20.00pt; width: 159.05pt;\" width=\"265\" height=\"33\">Batterie<\/td>\n<td class=\"et5\" style=\"width: 273.40pt;\" width=\"455\">60V32AH-58AH<\/td>\n<\/tr>\n<tr style=\"height: 20.00pt;\">\n<td class=\"et5\" style=\"height: 20.00pt; width: 159.05pt;\" width=\"265\" height=\"33\">Moteur, contr\u00f4leur (w)<\/td>\n<td class=\"et5\" style=\"width: 273.40pt;\" width=\"455\">60V500W<\/td>\n<\/tr>\n<tr style=\"height: 20.00pt;\">\n<td class=\"et5\" style=\"height: 20.00pt; width: 159.05pt;\" width=\"265\" height=\"33\">Port\u00e9e par charge (km)<\/td>\n<td class=\"et5\" style=\"width: 273.40pt;\" width=\"455\">50-60<\/td>\n<\/tr>\n<tr style=\"height: 20.00pt;\">\n<td class=\"et5\" style=\"height: 20.00pt; width: 159.05pt;\" width=\"265\" height=\"33\">Temps de charge (h)<\/td>\n<td class=\"et5\" style=\"width: 273.40pt;\" width=\"455\">6 ~ 8h<\/td>\n<\/tr>\n<tr style=\"height: 20.00pt;\">\n<td class=\"et5\" style=\"height: 20.00pt; width: 159.05pt;\" width=\"265\" height=\"33\">Pneumatique avant\/arri\u00e8re<\/td>\n<td class=\"et5\" style=\"width: 273.40pt;\" width=\"455\">3.00-12\/3.00-12<\/td>\n<\/tr>\n<tr style=\"height: 20.00pt;\">\n<td class=\"et5\" style=\"height: 20.00pt; width: 159.05pt;\" width=\"265\" height=\"33\">Type de frein avant\/arri\u00e8re<\/td>\n<td class=\"et5\" style=\"width: 273.40pt;\" width=\"455\">Avant \/ arri\u00e8re: tambour<\/td>\n<\/tr>\n<tr style=\"height: 20.00pt;\">\n<td class=\"et5\" style=\"height: 20.00pt; width: 159.05pt;\" width=\"265\" height=\"33\">Frein de stationnement<\/td>\n<td class=\"et5\" style=\"width: 273.40pt;\" width=\"455\">Frein \u00e0 main<\/td>\n<\/tr>\n<\/tbody>\n<\/table>\n<p>&nbsp;<\/p>\n<hr data-start=\"941\" data-end=\"944\" \/>\n<h2 data-start=\"946\" data-end=\"969\">Points de vente cl\u00e9s<\/h2>\n<ol data-start=\"970\" data-end=\"1781\">\n<li data-start=\"970\" data-end=\"1189\">\n<p data-start=\"973\" data-end=\"1189\"><strong data-start=\"973\" data-end=\"1007\">Syst\u00e8me de batterie \u00e0 haut rendement<\/strong> Aliment\u00e9 par une batterie 60V32AH-58AH, le v\u00e9hicule de fret \u00e9lectrique LETU offre une autonomie allant jusqu\u2019\u00e0 60 km par charge, assurant un fonctionnement fiable pour les chauffeurs de livraison et les petites entreprises.<\/p>\n<\/li>\n<li data-start=\"1190\" data-end=\"1388\">\n<p data-start=\"1193\" data-end=\"1388\"><strong data-start=\"1193\" data-end=\"1221\">Compact et man\u0153uvrable<\/strong> Avec sa bo\u00eete de fret de 1100 x 900 mm et son cadre l\u00e9ger, ce tuk tuk de livraison est id\u00e9al pour naviguer dans les rues \u00e9troites, les zones urbaines bond\u00e9es et les routes de livraison courtes.<\/p>\n<\/li>\n<li data-start=\"1389\" data-end=\"1586\">\n<p data-start=\"1392\" data-end=\"1586\"><strong data-start=\"1392\" data-end=\"1421\">Op\u00e9rations rentables<\/strong> Con\u00e7u comme un tricycle \u00e0 batterie, il r\u00e9duit consid\u00e9rablement les co\u00fbts de carburant, ce qui en fait une alternative abordable et \u00e9cologique aux camions de livraison traditionnels.<\/p>\n<\/li>\n<li data-start=\"1587\" data-end=\"1781\">\n<p data-start=\"1590\" data-end=\"1781\"><strong data-start=\"1590\" data-end=\"1624\">Options de personnalisation flexibles<\/strong> \u2013 Disponible en rouge, bleu, vert, jaune, gris et blanc, le v\u00e9hicule de fret \u00e9lectrique LETU prend en charge la personnalisation de la marque pour r\u00e9pondre aux diff\u00e9rentes exigences du march\u00e9.<\/p>\n<\/li>\n<\/ol>\n<p>&nbsp;<\/p>\n<hr data-start=\"1783\" data-end=\"1786\" \/>\n<h2 data-start=\"1788\" data-end=\"1819\">Avantages de la diff\u00e9renciation<\/h2>\n<ol data-start=\"1820\" data-end=\"2528\">\n<li data-start=\"1820\" data-end=\"1990\">\n<p data-start=\"1823\" data-end=\"1990\"><strong data-start=\"1823\" data-end=\"1860\">Con\u00e7u pour la logistique urbaine<\/strong> Contrairement aux trois roues g\u00e9n\u00e9riques, ce tricycle \u00e9lectrique de fret est optimis\u00e9 pour les applications de messagerie, de colis et de livraison de nourriture.<\/p>\n<\/li>\n<li data-start=\"1991\" data-end=\"2170\">\n<p data-start=\"1994\" data-end=\"2170\"><strong data-start=\"1994\" data-end=\"2033\">Faible entretien &amp; Longue dur\u00e9e de vie de la batterie<\/strong> \u00c9quip\u00e9 d'un syst\u00e8me robuste de 60V et de freins \u00e0 tambour, il assure un fonctionnement s\u00fbr et peu d'entretien par rapport aux tuk tuks \u00e0 essence.<\/p>\n<\/li>\n<li data-start=\"2171\" data-end=\"2336\">\n<p data-start=\"2174\" data-end=\"2336\"><strong data-start=\"2174\" data-end=\"2199\">Solution \u00e9cologique<\/strong> En tant que tricycle \u00e0 batterie, il contribue \u00e0 r\u00e9duire les \u00e9missions et soutient les initiatives de logistique verte pour des villes durables.<\/p>\n<\/li>\n<li data-start=\"2337\" data-end=\"2528\">\n<p data-start=\"2340\" data-end=\"2528\"><strong data-start=\"2340\" data-end=\"2372\">Mod\u00e8le d'entr\u00e9e abordable<\/strong> \u2013 Le tricycle de livraison LETU offre une valeur exceptionnelle aux petites entreprises ou aux start-ups qui recherchent un v\u00e9hicule de fret efficace \u00e0 un co\u00fbt d\u2019investissement moindre.<\/p>\n<\/li>\n<\/ol>\n<p><img fetchpriority=\"high\" decoding=\"async\" class=\"alignnone size-medium wp-image-4041\" src=\"https:\/\/www.tairuiauto.com\/wp-content\/uploads\/2025\/10\/fd821db6-7a82-4437-861d-95ce1cd05a81-300x300.png\" alt=\"\" width=\"300\" height=\"300\" srcset=\"https:\/\/www.tairuiauto.com\/wp-content\/uploads\/2025\/10\/fd821db6-7a82-4437-861d-95ce1cd05a81-300x300.png 300w, https:\/\/www.tairuiauto.com\/wp-content\/uploads\/2025\/10\/fd821db6-7a82-4437-861d-95ce1cd05a81-1024x1024.png 1024w, https:\/\/www.tairuiauto.com\/wp-content\/uploads\/2025\/10\/fd821db6-7a82-4437-861d-95ce1cd05a81-150x150.png 150w, https:\/\/www.tairuiauto.com\/wp-content\/uploads\/2025\/10\/fd821db6-7a82-4437-861d-95ce1cd05a81-768x768.png 768w, https:\/\/www.tairuiauto.com\/wp-content\/uploads\/2025\/10\/fd821db6-7a82-4437-861d-95ce1cd05a81-1536x1536.png 1536w, https:\/\/www.tairuiauto.com\/wp-content\/uploads\/2025\/10\/fd821db6-7a82-4437-861d-95ce1cd05a81-2048x2048.png 2048w, https:\/\/www.tairuiauto.com\/wp-content\/uploads\/2025\/10\/fd821db6-7a82-4437-861d-95ce1cd05a81-12x12.png 12w, https:\/\/www.tairuiauto.com\/wp-content\/uploads\/2025\/10\/fd821db6-7a82-4437-861d-95ce1cd05a81-600x600.png 600w, https:\/\/www.tairuiauto.com\/wp-content\/uploads\/2025\/10\/fd821db6-7a82-4437-861d-95ce1cd05a81-100x100.png 100w\" sizes=\"(max-width: 300px) 100vw, 300px\" \/>\u00a0 \u00a0 \u00a0 \u00a0 \u00a0 \u00a0 \u00a0 \u00a0 \u00a0 \u00a0 \u00a0 <img decoding=\"async\" class=\"alignnone size-medium wp-image-4039\" src=\"https:\/\/www.tairuiauto.com\/wp-content\/uploads\/2025\/10\/65f76994-2bf1-4df7-a26b-7b60d7aa0bfd-300x300.png\" alt=\"\" width=\"300\" height=\"300\" srcset=\"https:\/\/www.tairuiauto.com\/wp-content\/uploads\/2025\/10\/65f76994-2bf1-4df7-a26b-7b60d7aa0bfd-300x300.png 300w, https:\/\/www.tairuiauto.com\/wp-content\/uploads\/2025\/10\/65f76994-2bf1-4df7-a26b-7b60d7aa0bfd-1024x1024.png 1024w, https:\/\/www.tairuiauto.com\/wp-content\/uploads\/2025\/10\/65f76994-2bf1-4df7-a26b-7b60d7aa0bfd-150x150.png 150w, https:\/\/www.tairuiauto.com\/wp-content\/uploads\/2025\/10\/65f76994-2bf1-4df7-a26b-7b60d7aa0bfd-768x768.png 768w, https:\/\/www.tairuiauto.com\/wp-content\/uploads\/2025\/10\/65f76994-2bf1-4df7-a26b-7b60d7aa0bfd-1536x1536.png 1536w, https:\/\/www.tairuiauto.com\/wp-content\/uploads\/2025\/10\/65f76994-2bf1-4df7-a26b-7b60d7aa0bfd-2048x2048.png 2048w, https:\/\/www.tairuiauto.com\/wp-content\/uploads\/2025\/10\/65f76994-2bf1-4df7-a26b-7b60d7aa0bfd-12x12.png 12w, https:\/\/www.tairuiauto.com\/wp-content\/uploads\/2025\/10\/65f76994-2bf1-4df7-a26b-7b60d7aa0bfd-600x600.png 600w, https:\/\/www.tairuiauto.com\/wp-content\/uploads\/2025\/10\/65f76994-2bf1-4df7-a26b-7b60d7aa0bfd-100x100.png 100w\" sizes=\"(max-width: 300px) 100vw, 300px\" \/><\/p>\n<hr data-start=\"3009\" data-end=\"3012\" \/>\n<h2 data-start=\"3014\" data-end=\"3039\">Param\u00e8tres techniques<\/h2>\n<ul data-start=\"3040\" data-end=\"3253\">\n<li data-start=\"3040\" data-end=\"3063\">\n<p data-start=\"3042\" data-end=\"3063\">Voltage: syst\u00e8me 60V<\/p>\n<\/li>\n<li data-start=\"3064\" data-end=\"3101\">\n<p data-start=\"3066\" data-end=\"3101\">Moteur: moteur \u00e0 haut rendement 500W<\/p>\n<\/li>\n<li data-start=\"3102\" data-end=\"3150\">\n<p data-start=\"3104\" data-end=\"3150\">Contr\u00f4leur: Optimis\u00e9 pour des performances stables<\/p>\n<\/li>\n<li data-start=\"3151\" data-end=\"3203\">\n<p data-start=\"3153\" data-end=\"3203\">Capacit\u00e9 de charge: Convient pour les charges de livraison urbaines<\/p>\n<\/li>\n<li data-start=\"3204\" data-end=\"3253\">\n<p data-start=\"3206\" data-end=\"3253\">Syst\u00e8me de freinage: Type tambour, stable et durable<\/p>\n<\/li>\n<\/ul>\n<hr data-start=\"3255\" data-end=\"3258\" \/>\n<h2 data-start=\"3260\" data-end=\"3273\">Mat\u00e9riel<\/h2>\n<ul data-start=\"3274\" data-end=\"3453\">\n<li data-start=\"3274\" data-end=\"3320\">\n<p data-start=\"3276\" data-end=\"3320\"><strong data-start=\"3276\" data-end=\"3285\">Cadre<\/strong>: Acier renforc\u00e9 pour la durabilit\u00e9<\/p>\n<\/li>\n<li data-start=\"3321\" data-end=\"3385\">\n<p data-start=\"3323\" data-end=\"3385\"><strong data-start=\"3323\" data-end=\"3336\">Bo\u00eete de fret<\/strong>: t\u00f4le r\u00e9sistante avec rev\u00eatement anti-rouille<\/p>\n<\/li>\n<li data-start=\"3386\" data-end=\"3453\">\n<p data-start=\"3388\" data-end=\"3453\"><strong data-start=\"3388\" data-end=\"3397\">Pneumatiques<\/strong>Pneumatiques r\u00e9sistants \u00e0 l'usure 3.00-12 con\u00e7us pour les routes urbaines<\/p>\n<\/li>\n<\/ul>\n<hr data-start=\"3455\" data-end=\"3458\" \/>\n<h2 data-start=\"3460\" data-end=\"3475\">Apparence<\/h2>\n<ul data-start=\"3476\" data-end=\"3599\">\n<li data-start=\"3476\" data-end=\"3531\">\n<p data-start=\"3478\" data-end=\"3531\">Design moderne et compact avec six couleurs en option.<\/p>\n<\/li>\n<li data-start=\"3532\" data-end=\"3599\">\n<p data-start=\"3534\" data-end=\"3599\">Structure de bo\u00eete de fret rationalis\u00e9e pour une efficacit\u00e9 maximale de chargement.<\/p>\n<\/li>\n<\/ul>\n<hr data-start=\"3601\" data-end=\"3604\" \/>\n<h2 data-start=\"3606\" data-end=\"3617\">Conception<\/h2>\n<ul data-start=\"3618\" data-end=\"3734\">\n<li data-start=\"3618\" data-end=\"3671\">\n<p data-start=\"3620\" data-end=\"3671\">Position de conduite ergonomique pour un confort de longue dur\u00e9e.<\/p>\n<\/li>\n<li data-start=\"3672\" data-end=\"3734\">\n<p data-start=\"3674\" data-end=\"3734\">Rayon de virage compact pour un meilleur contr\u00f4le dans les voies \u00e9troites.<\/p>\n<\/li>\n<\/ul>\n<hr data-start=\"3736\" data-end=\"3739\" \/>\n<h2 data-start=\"3741\" data-end=\"3763\">personnalisation OEM<\/h2>\n<ul data-start=\"3764\" data-end=\"3912\">\n<li data-start=\"3764\" data-end=\"3810\">\n<p data-start=\"3766\" data-end=\"3810\">Personnalisation du logo et de la marque disponible.<\/p>\n<\/li>\n<li data-start=\"3811\" data-end=\"3860\">\n<p data-start=\"3813\" data-end=\"3860\">Mise \u00e0 niveau facultative de la batterie pour une port\u00e9e \u00e9tendue.<\/p>\n<\/li>\n<li data-start=\"3861\" data-end=\"3912\">\n<p data-start=\"3863\" data-end=\"3912\">Personnalisation des couleurs pour correspondre \u00e0 la marque d'entreprise.<\/p>\n<\/li>\n<\/ul>\n<hr data-start=\"3914\" data-end=\"3917\" \/>\n<h2 data-start=\"3919\" data-end=\"3939\">Contr\u00f4le qualit\u00e9<\/h2>\n<ul data-start=\"3940\" data-end=\"4086\">\n<li data-start=\"3940\" data-end=\"3976\">\n<p data-start=\"3942\" data-end=\"3976\">Inspection \u00e0 100% avant exp\u00e9dition.<\/p>\n<\/li>\n<li data-start=\"3977\" data-end=\"4021\">\n<p data-start=\"3979\" data-end=\"4021\">Processus de fabrication certifi\u00e9 ISO\/CCC.<\/p>\n<\/li>\n<li data-start=\"4022\" data-end=\"4086\">\n<p data-start=\"4024\" data-end=\"4086\">Essais de durabilit\u00e9 \u00e0 long terme sur le cadre et le syst\u00e8me \u00e9lectrique.<\/p>\n<\/li>\n<\/ul>\n<hr data-start=\"4088\" data-end=\"4091\" \/>\n<h2 data-start=\"4093\" data-end=\"4117\">Service apr\u00e8s-vente<\/h2>\n<ul data-start=\"4118\" data-end=\"4297\">\n<li data-start=\"4118\" data-end=\"4188\">\n<p data-start=\"4120\" data-end=\"4188\">Garantie d'un an pour les composants cl\u00e9s (moteur, contr\u00f4leur, batterie).<\/p>\n<\/li>\n<li data-start=\"4189\" data-end=\"4240\">\n<p data-start=\"4191\" data-end=\"4240\">Service client 24\/7 pour les acheteurs internationaux.<\/p>\n<\/li>\n<li data-start=\"4241\" data-end=\"4297\">\n<p data-start=\"4243\" data-end=\"4297\">Fourniture de pi\u00e8ces d\u00e9tach\u00e9es et conseils techniques disponibles.<\/p>\n<\/li>\n<\/ul>\n<hr data-start=\"4299\" data-end=\"4302\" \/>\n<h2 data-start=\"4304\" data-end=\"4327\">Champs d'application<\/h2>\n<ul data-start=\"4328\" data-end=\"4470\">\n<li data-start=\"4328\" data-end=\"4359\">\n<p data-start=\"4330\" data-end=\"4359\">Courrier et livraison de colis<\/p>\n<\/li>\n<li data-start=\"4360\" data-end=\"4394\">\n<p data-start=\"4362\" data-end=\"4394\">Logistique du dernier kilom\u00e8tre du commerce \u00e9lectronique<\/p>\n<\/li>\n<li data-start=\"4395\" data-end=\"4429\">\n<p data-start=\"4397\" data-end=\"4429\">Distribution d'aliments et de boissons<\/p>\n<\/li>\n<li data-start=\"4430\" data-end=\"4470\">\n<p data-start=\"4432\" data-end=\"4470\">Op\u00e9rations de transport de marchandises urbaines \u00e0 petite \u00e9chelle<\/p>\n<\/li>\n<\/ul>\n<hr data-start=\"4472\" data-end=\"4475\" \/>\n<h2 data-start=\"4477\" data-end=\"4497\">Options de paiement<\/h2>\n<ul data-start=\"4498\" data-end=\"4569\">\n<li data-start=\"4498\" data-end=\"4569\">\n<p data-start=\"4500\" data-end=\"4569\">T \/ T, L \/ C, Western Union et autres m\u00e9thodes de paiement s\u00e9curis\u00e9es accept\u00e9es.<\/p>\n<\/li>\n<\/ul>\n<hr data-start=\"4571\" data-end=\"4574\" \/>\n<h2 data-start=\"4576\" data-end=\"4584\">FAQ (questions fr\u00e9quentes)<\/h2>\n<p data-start=\"4586\" data-end=\"4787\"><strong data-start=\"4586\" data-end=\"4664\">Q1: Quelle est la capacit\u00e9 de charge maximale du v\u00e9hicule de fret \u00e9lectrique LETU?<\/strong><br data-start=\"4664\" data-end=\"4667\" \/>A1: Il est con\u00e7u pour transporter des charges de livraison l\u00e9g\u00e8res \u00e0 moyennes, ce qui le rend parfait pour les colis, les \u00e9piceries et les petites cargaisons.<\/p>\n<p data-start=\"4789\" data-end=\"4933\"><strong data-start=\"4789\" data-end=\"4862\">Q2: Jusqu'o\u00f9 peut le tricycle \u00e0 batterie fonctionner sur une seule charge?<\/strong><br data-start=\"4862\" data-end=\"4865\" \/>A2: Il peut couvrir 50-60 km par charge en fonction du terrain et de la charge.<\/p>\n<p data-start=\"4935\" data-end=\"5079\"><strong data-start=\"4935\" data-end=\"4994\">Q3: Puis-je personnaliser les couleurs ou ajouter mon logo d'entreprise?<\/strong><br data-start=\"4994\" data-end=\"4997\" \/>A3: Oui, la personnalisation OEM est disponible pour les couleurs, les logos et les mises \u00e0 niveau de la batterie.<\/p>\n<p data-start=\"5081\" data-end=\"5176\"><strong data-start=\"5081\" data-end=\"5115\">Q4: Quel est le temps de charge?<\/strong><br data-start=\"5115\" data-end=\"5118\" \/>A4: La charge standard prend 6 \u00e0 8 heures pour une charge compl\u00e8te.<\/p>\n<p data-start=\"5178\" data-end=\"5324\"><strong data-start=\"5178\" data-end=\"5236\">Q5: Est-ce que ce tuk tuk de livraison convient pour les zones collinaires?<\/strong><br data-start=\"5236\" data-end=\"5239\" \/>A5: Il prend en charge jusqu'\u00e0 15% de gradabilit\u00e9, ce qui le rend id\u00e9al pour la plupart des environnements urbains.<\/p>","protected":false},"excerpt":{"rendered":"<p>Le <strong data-start=\"337\" data-end=\"369\">V\u00e9hicule de fret \u00e9lectrique LETU<\/strong> est un v\u00e9hicule compact mais puissant \u00e0 trois roues con\u00e7u pour la logistique du dernier kilom\u00e8tre, les livraisons urbaines et le transport industriel l\u00e9ger. Avec une bo\u00eete de fret de 1100 x 900 mm et une vitesse maximale de 30 \u00e0 45 km\/h, ce tricycle \u00e0 batterie offre le parfait \u00e9quilibre entre efficacit\u00e9, man\u0153uvrabilit\u00e9 et abordabilit\u00e9. Construit avec un syst\u00e8me de batterie 60V32AH-58AH, il assure un kilom\u00e9trage fiable de 50 \u00e0 60 km par charge, ce qui en fait l'un des mod\u00e8les tuk tuk de livraison les plus durables et les plus rentables disponibles pour les petites entreprises, les plateformes de commerce \u00e9lectronique et les solutions de fret urbain.<\/p>","protected":false},"featured_media":4042,"comment_status":"open","ping_status":"closed","template":"","meta":[],"product_brand":[],"product_cat":[78],"product_tag":[],"class_list":{"0":"post-4036","1":"product","2":"type-product","3":"status-publish","4":"has-post-thumbnail","6":"product_cat-electric-tricycle","8":"first","9":"instock","10":"shipping-taxable","11":"product-type-simple"},"_links":{"self":[{"href":"https:\/\/www.tairuiauto.com\/fr\/wp-json\/wp\/v2\/product\/4036","targetHints":{"allow":["GET"]}}],"collection":[{"href":"https:\/\/www.tairuiauto.com\/fr\/wp-json\/wp\/v2\/product"}],"about":[{"href":"https:\/\/www.tairuiauto.com\/fr\/wp-json\/wp\/v2\/types\/product"}],"replies":[{"embeddable":true,"href":"https:\/\/www.tairuiauto.com\/fr\/wp-json\/wp\/v2\/comments?post=4036"}],"wp:featuredmedia":[{"embeddable":true,"href":"https:\/\/www.tairuiauto.com\/fr\/wp-json\/wp\/v2\/media\/4042"}],"wp:attachment":[{"href":"https:\/\/www.tairuiauto.com\/fr\/wp-json\/wp\/v2\/media?parent=4036"}],"wp:term":[{"taxonomy":"product_brand","embeddable":true,"href":"https:\/\/www.tairuiauto.com\/fr\/wp-json\/wp\/v2\/product_brand?post=4036"},{"taxonomy":"product_cat","embeddable":true,"href":"https:\/\/www.tairuiauto.com\/fr\/wp-json\/wp\/v2\/product_cat?post=4036"},{"taxonomy":"product_tag","embeddable":true,"href":"https:\/\/www.tairuiauto.com\/fr\/wp-json\/wp\/v2\/product_tag?post=4036"}],"curies":[{"name":"WP","href":"https:\/\/api.w.org\/{rel}","templated":true}]}}