{"id":4045,"date":"2025-10-17T09:43:24","date_gmt":"2025-10-17T01:43:24","guid":{"rendered":"https:\/\/www.tairuiauto.com\/?post_type=product&#038;p=4045"},"modified":"2025-10-16T09:16:01","modified_gmt":"2025-10-16T01:16:01","slug":"heavy-duty-electric-freight-tricycle","status":"publish","type":"product","link":"https:\/\/www.tairuiauto.com\/fr\/product\/heavy-duty-electric-freight-tricycle\/","title":{"rendered":"Tricycle \u00e9lectrique de fret lourd"},"content":{"rendered":"<h2 data-start=\"215\" data-end=\"239\">Description du produit<\/h2>\n<p data-start=\"240\" data-end=\"909\">\u00a0Son syst\u00e8me d'alimentation 60V\/72V et son contr\u00f4leur \u00e0 24 tubes garantissent une efficacit\u00e9 constante, tandis que la conception personnalisable en fait une solution adaptable pour de multiples industries.<\/p>\n<table style=\"width: 80.6893%; height: 526px;\" width=\"720\">\n<tbody>\n<tr>\n<td width=\"265\">Mod\u00e8le<\/td>\n<td width=\"455\">Tyrannosaurus Tricycle \u00e9lectrique de fret lourd<\/td>\n<\/tr>\n<tr>\n<td width=\"265\">Dimension globale<\/td>\n<td width=\"455\">3345 * 1390 * 1490mm<\/td>\n<\/tr>\n<tr>\n<td width=\"265\">Capacit\u00e9 de chargement<\/td>\n<td width=\"455\">900 \u00e0 1000 kg<\/td>\n<\/tr>\n<tr>\n<td width=\"265\">Puissance du moteur hydraulique<\/td>\n<td width=\"455\">1500 watts<\/td>\n<\/tr>\n<tr>\n<td width=\"265\">Voltage standard<\/td>\n<td width=\"455\">60V \/ 72V<\/td>\n<\/tr>\n<tr>\n<td width=\"265\">contr\u00f4leur<\/td>\n<td width=\"455\">24 tube<\/td>\n<\/tr>\n<tr>\n<td width=\"265\">Mode de freinage<\/td>\n<td width=\"455\">Tambour avant Tambour arri\u00e8re<\/td>\n<\/tr>\n<tr>\n<td width=\"265\">D\u00e9gagement minimum au sol<\/td>\n<td width=\"455\">125<\/td>\n<\/tr>\n<tr>\n<td width=\"265\">Capacit\u00e9 de production<\/td>\n<td width=\"455\">200000set\/ann\u00e9e<\/td>\n<\/tr>\n<tr>\n<td width=\"265\">Temps de charge<\/td>\n<td width=\"455\">8h<\/td>\n<\/tr>\n<tr>\n<td width=\"265\">Pneumatique avant\/arri\u00e8re Tt<\/td>\n<td width=\"455\">roues avant 4.00-12; roues arri\u00e8re 4.50-12<\/td>\n<\/tr>\n<tr>\n<td width=\"265\">Choix de couleur<\/td>\n<td width=\"455\">Personnalis\u00e9<\/td>\n<\/tr>\n<tr>\n<td width=\"265\">Origine<\/td>\n<td width=\"455\">Chine<\/td>\n<\/tr>\n<tr>\n<td width=\"265\">Plage par charge\/Km<\/td>\n<td width=\"455\">50 km<\/td>\n<\/tr>\n<tr>\n<td width=\"265\">Vitesse maximale Km\/H<\/td>\n<td width=\"455\">30 \u00e0 45 km\/h<\/td>\n<\/tr>\n<tr>\n<td width=\"265\">Capacit\u00e9 d'escalade<\/td>\n<td width=\"455\">\u2264 20\u00b0<\/td>\n<\/tr>\n<\/tbody>\n<\/table>\n<p>&nbsp;<\/p>\n<hr data-start=\"911\" data-end=\"914\" \/>\n<h2 data-start=\"916\" data-end=\"939\">Points de vente cl\u00e9s<\/h2>\n<ol data-start=\"940\" data-end=\"1526\">\n<li data-start=\"940\" data-end=\"1073\">\n<p data-start=\"943\" data-end=\"1073\"><strong data-start=\"943\" data-end=\"965\">Capacit\u00e9 de charge \u00e9lev\u00e9e<\/strong> Supporte 900 \u00e0 1000 kg de fret, ce qui en fait l\u2019un des tricycles \u00e9lectriques de fret les plus puissants de sa cat\u00e9gorie.<\/p>\n<\/li>\n<li data-start=\"1074\" data-end=\"1224\">\n<p data-start=\"1077\" data-end=\"1224\"><strong data-start=\"1077\" data-end=\"1100\">Powertrain fiable<\/strong> \u00c9quip\u00e9 d'un moteur hydraulique de 1500W et d'un contr\u00f4leur \u00e0 24 tubes pour des performances \u00e9lev\u00e9es dans des environnements de livraison exigeants.<\/p>\n<\/li>\n<li data-start=\"1225\" data-end=\"1364\">\n<p data-start=\"1228\" data-end=\"1364\"><strong data-start=\"1228\" data-end=\"1259\">Syst\u00e8me de batterie durable<\/strong> Fonctionne sur un syst\u00e8me de batterie 60V \/ 72V, offrant une port\u00e9e allant jusqu'\u00e0 50km par charge avec des performances stables.<\/p>\n<\/li>\n<li data-start=\"1365\" data-end=\"1526\">\n<p data-start=\"1368\" data-end=\"1526\"><strong data-start=\"1368\" data-end=\"1401\">Personnalisable pour les besoins du march\u00e9<\/strong> \u2013 Ce tuk tuk de livraison lourd est disponible en plusieurs couleurs et peut \u00eatre adapt\u00e9 \u00e0 diff\u00e9rentes applications de fret.<\/p>\n<\/li>\n<\/ol>\n<p>&nbsp;<\/p>\n<hr data-start=\"1528\" data-end=\"1531\" \/>\n<h2 data-start=\"1533\" data-end=\"1564\">Avantages de la diff\u00e9renciation<\/h2>\n<ol data-start=\"1565\" data-end=\"2165\">\n<li data-start=\"1565\" data-end=\"1728\">\n<p data-start=\"1568\" data-end=\"1728\"><strong data-start=\"1568\" data-end=\"1599\">Durabilit\u00e9 industrielle<\/strong> Contrairement aux tricycles \u00e0 batterie l\u00e9gers, le Tyrannosaurus est con\u00e7u pour les charges lourdes avec un corps en acier renforc\u00e9.<\/p>\n<\/li>\n<li data-start=\"1729\" data-end=\"1890\">\n<p data-start=\"1732\" data-end=\"1890\"><strong data-start=\"1732\" data-end=\"1760\">Alternative \u00e9cologique<\/strong> Fournit une solution z\u00e9ro \u00e9mission pour la logistique, rempla\u00e7ant les tuk tuks diesel traditionnels par un v\u00e9hicule de fret \u00e9lectrique propre.<\/p>\n<\/li>\n<li data-start=\"1891\" data-end=\"2025\">\n<p data-start=\"1894\" data-end=\"2025\"><strong data-start=\"1894\" data-end=\"1921\">S\u00e9curit\u00e9 de freinage sup\u00e9rieure<\/strong> \u2013 Dot\u00e9 d\u2019une combinaison de freins \u00e0 tambour avant et arri\u00e8re pour une puissance d\u2019arr\u00eat fiable sous des charges lourdes.<\/p>\n<\/li>\n<li data-start=\"2026\" data-end=\"2165\">\n<p data-start=\"2029\" data-end=\"2165\"><strong data-start=\"2029\" data-end=\"2052\">Mod\u00e8le \u00e9prouv\u00e9 sur le march\u00e9<\/strong> Avec une capacit\u00e9 de production annuelle de 200 000 unit\u00e9s, ce tricycle de fret est reconnu par les entreprises du monde entier.<\/p>\n<\/li>\n<\/ol>\n<p data-start=\"2699\" data-end=\"2730\">\u00a0 \u00a0 \u00a0 \u00a0 \u00a0 \u00a0<img fetchpriority=\"high\" decoding=\"async\" class=\"alignnone wp-image-4049\" src=\"https:\/\/www.tairuiauto.com\/wp-content\/uploads\/2025\/10\/9b0445f4-bc39-4cf4-920c-eae8fc3e9150-300x169.webp\" alt=\"\" width=\"527\" height=\"297\" srcset=\"https:\/\/www.tairuiauto.com\/wp-content\/uploads\/2025\/10\/9b0445f4-bc39-4cf4-920c-eae8fc3e9150-300x169.webp 300w, https:\/\/www.tairuiauto.com\/wp-content\/uploads\/2025\/10\/9b0445f4-bc39-4cf4-920c-eae8fc3e9150-18x10.webp 18w, https:\/\/www.tairuiauto.com\/wp-content\/uploads\/2025\/10\/9b0445f4-bc39-4cf4-920c-eae8fc3e9150.webp 550w\" sizes=\"(max-width: 527px) 100vw, 527px\" \/>\u00a0 \u00a0 \u00a0 \u00a0 \u00a0 \u00a0 \u00a0 \u00a0 \u00a0 \u00a0 \u00a0 <img decoding=\"async\" class=\"alignnone size-medium wp-image-4047\" src=\"https:\/\/www.tairuiauto.com\/wp-content\/uploads\/2025\/10\/3c248dcc-8dbe-4a10-bec3-6dbf3994f894-300x300.webp\" alt=\"\" width=\"300\" height=\"300\" srcset=\"https:\/\/www.tairuiauto.com\/wp-content\/uploads\/2025\/10\/3c248dcc-8dbe-4a10-bec3-6dbf3994f894-300x300.webp 300w, https:\/\/www.tairuiauto.com\/wp-content\/uploads\/2025\/10\/3c248dcc-8dbe-4a10-bec3-6dbf3994f894-150x150.webp 150w, https:\/\/www.tairuiauto.com\/wp-content\/uploads\/2025\/10\/3c248dcc-8dbe-4a10-bec3-6dbf3994f894-12x12.webp 12w, https:\/\/www.tairuiauto.com\/wp-content\/uploads\/2025\/10\/3c248dcc-8dbe-4a10-bec3-6dbf3994f894-100x100.webp 100w, https:\/\/www.tairuiauto.com\/wp-content\/uploads\/2025\/10\/3c248dcc-8dbe-4a10-bec3-6dbf3994f894.webp 550w\" sizes=\"(max-width: 300px) 100vw, 300px\" \/><\/p>\n<hr data-start=\"2732\" data-end=\"2735\" \/>\n<h2 data-start=\"2737\" data-end=\"2762\">Param\u00e8tres techniques<\/h2>\n<ul data-start=\"2763\" data-end=\"2967\">\n<li data-start=\"2763\" data-end=\"2790\">\n<p data-start=\"2765\" data-end=\"2790\">Traction: Traction arri\u00e8re<\/p>\n<\/li>\n<li data-start=\"2791\" data-end=\"2847\">\n<p data-start=\"2793\" data-end=\"2847\">Batterie: 60V \/ 72V, haute capacit\u00e9 pour une plus grande endurance<\/p>\n<\/li>\n<li data-start=\"2848\" data-end=\"2882\">\n<p data-start=\"2850\" data-end=\"2882\">Charge: jusqu'\u00e0 1000 kg de charge lourde<\/p>\n<\/li>\n<li data-start=\"2883\" data-end=\"2920\">\n<p data-start=\"2885\" data-end=\"2920\">Cadre: Structure en acier renforc\u00e9<\/p>\n<\/li>\n<li data-start=\"2921\" data-end=\"2967\">\n<p data-start=\"2923\" data-end=\"2967\">Suspension: Syst\u00e8me hydraulique pour la stabilit\u00e9<\/p>\n<\/li>\n<\/ul>\n<hr data-start=\"2969\" data-end=\"2972\" \/>\n<h2 data-start=\"2974\" data-end=\"2987\">Mat\u00e9riel<\/h2>\n<ul data-start=\"2988\" data-end=\"3185\">\n<li data-start=\"2988\" data-end=\"3067\">\n<p data-start=\"2990\" data-end=\"3067\"><strong data-start=\"2990\" data-end=\"3009\">Chassis et Cadre<\/strong>: Acier renforc\u00e9 haute r\u00e9sistance pour support de charges lourdes<\/p>\n<\/li>\n<li data-start=\"3068\" data-end=\"3137\">\n<p data-start=\"3070\" data-end=\"3137\"><strong data-start=\"3070\" data-end=\"3083\">Lit de charge<\/strong>: Panneaux en acier \u00e9paississus avec rev\u00eatement r\u00e9sistant \u00e0 la rouille<\/p>\n<\/li>\n<li data-start=\"3138\" data-end=\"3185\">\n<p data-start=\"3140\" data-end=\"3185\"><strong data-start=\"3140\" data-end=\"3149\">Pneumatiques<\/strong>: Caoutchouc r\u00e9sistant \u00e0 l'usure<\/p>\n<\/li>\n<\/ul>\n<hr data-start=\"3187\" data-end=\"3190\" \/>\n<h2 data-start=\"3192\" data-end=\"3207\">Apparence<\/h2>\n<ul data-start=\"3208\" data-end=\"3342\">\n<li data-start=\"3208\" data-end=\"3271\">\n<p data-start=\"3210\" data-end=\"3271\">Conception de tricycle cargo robuste avec lit cargo de grande capacit\u00e9.<\/p>\n<\/li>\n<li data-start=\"3272\" data-end=\"3342\">\n<p data-start=\"3274\" data-end=\"3342\">Disponible en couleurs personnalis\u00e9es pour la marque et la coh\u00e9rence de la flotte.<\/p>\n<\/li>\n<\/ul>\n<hr data-start=\"3344\" data-end=\"3347\" \/>\n<h2 data-start=\"3349\" data-end=\"3360\">Conception<\/h2>\n<ul data-start=\"3361\" data-end=\"3549\">\n<li data-start=\"3361\" data-end=\"3468\">\n<p data-start=\"3363\" data-end=\"3468\">Optimis\u00e9 pour les performances lourdes tout en maintenant la man\u0153uvrabilit\u00e9 dans les environnements urbains et ruraux.<\/p>\n<\/li>\n<li data-start=\"3469\" data-end=\"3549\">\n<p data-start=\"3471\" data-end=\"3549\">Le si\u00e8ge et les commandes ergonomiques assurent le confort du conducteur pendant de longues heures de travail.<\/p>\n<\/li>\n<\/ul>\n<hr data-start=\"3551\" data-end=\"3554\" \/>\n<h2 data-start=\"3556\" data-end=\"3578\">personnalisation OEM<\/h2>\n<ul data-start=\"3579\" data-end=\"3722\">\n<li data-start=\"3579\" data-end=\"3629\">\n<p data-start=\"3581\" data-end=\"3629\">Options de couleurs personnalis\u00e9es (bleu, rouge, vert, etc.).<\/p>\n<\/li>\n<li data-start=\"3630\" data-end=\"3669\">\n<p data-start=\"3632\" data-end=\"3669\">Logo branding pour les op\u00e9rations de flotte.<\/p>\n<\/li>\n<li data-start=\"3670\" data-end=\"3722\">\n<p data-start=\"3672\" data-end=\"3722\">Mises \u00e0 niveau de la batterie disponibles pour le kilom\u00e9trage prolong\u00e9.<\/p>\n<\/li>\n<\/ul>\n<hr data-start=\"3724\" data-end=\"3727\" \/>\n<h2 data-start=\"3729\" data-end=\"3749\">Contr\u00f4le qualit\u00e9<\/h2>\n<ul data-start=\"3750\" data-end=\"3907\">\n<li data-start=\"3750\" data-end=\"3804\">\n<p data-start=\"3752\" data-end=\"3804\">Fabriqu\u00e9 selon des proc\u00e9d\u00e9s strictement certifi\u00e9s ISO.<\/p>\n<\/li>\n<li data-start=\"3805\" data-end=\"3848\">\n<p data-start=\"3807\" data-end=\"3848\">Tests de composants \u00e0 100% avant exp\u00e9dition.<\/p>\n<\/li>\n<li data-start=\"3849\" data-end=\"3907\">\n<p data-start=\"3851\" data-end=\"3907\">Les tests de charge et d'endurance assurent des performances \u00e0 long terme.<\/p>\n<\/li>\n<\/ul>\n<hr data-start=\"3909\" data-end=\"3912\" \/>\n<h2 data-start=\"3914\" data-end=\"3938\">Service apr\u00e8s-vente<\/h2>\n<ul data-start=\"3939\" data-end=\"4093\">\n<li data-start=\"3939\" data-end=\"4011\">\n<p data-start=\"3941\" data-end=\"4011\">Garantie d'un an sur les composants cl\u00e9s: moteur, contr\u00f4leur et batterie.<\/p>\n<\/li>\n<li data-start=\"4012\" data-end=\"4043\">\n<p data-start=\"4014\" data-end=\"4043\">Support mondial de pi\u00e8ces d\u00e9tach\u00e9es.<\/p>\n<\/li>\n<li data-start=\"4044\" data-end=\"4093\">\n<p data-start=\"4046\" data-end=\"4093\">Service technique disponible pour les acheteurs de flottes.<\/p>\n<\/li>\n<\/ul>\n<hr data-start=\"4095\" data-end=\"4098\" \/>\n<h2 data-start=\"4100\" data-end=\"4123\">Champs d'application<\/h2>\n<ul data-start=\"4124\" data-end=\"4273\">\n<li data-start=\"4124\" data-end=\"4160\">\n<p data-start=\"4126\" data-end=\"4160\">Logistique et livraison au dernier kilom\u00e8tre<\/p>\n<\/li>\n<li data-start=\"4161\" data-end=\"4193\">\n<p data-start=\"4163\" data-end=\"4193\">Transport de marchandises agricoles<\/p>\n<\/li>\n<li data-start=\"4194\" data-end=\"4238\">\n<p data-start=\"4196\" data-end=\"4238\">Transports industriels et de chantiers de construction<\/p>\n<\/li>\n<li data-start=\"4239\" data-end=\"4273\">\n<p data-start=\"4241\" data-end=\"4273\">Distribution d'aliments et de boissons<\/p>\n<\/li>\n<\/ul>\n<hr data-start=\"4275\" data-end=\"4278\" \/>\n<h2 data-start=\"4280\" data-end=\"4300\">Options de paiement<\/h2>\n<ul data-start=\"4301\" data-end=\"4373\">\n<li data-start=\"4301\" data-end=\"4373\">\n<p data-start=\"4303\" data-end=\"4373\">T\/T, L\/C, Western Union et solutions de financement flexibles disponibles.<\/p>\n<\/li>\n<\/ul>\n<hr data-start=\"4375\" data-end=\"4378\" \/>\n<h2 data-start=\"4380\" data-end=\"4388\">FAQ (questions fr\u00e9quentes)<\/h2>\n<p data-start=\"4390\" data-end=\"4556\"><strong data-start=\"4390\" data-end=\"4480\">Q1: Quelle est la capacit\u00e9 de fret maximale du Tricycle de fret \u00e9lectrique Tyrannosaurus Heavy Duty?<\/strong><br data-start=\"4480\" data-end=\"4483\" \/>A1: Il peut transporter jusqu'\u00e0 900-1000 kg, id\u00e9al pour le transport moyen \u00e0 lourd.<\/p>\n<p data-start=\"4558\" data-end=\"4693\"><strong data-start=\"4558\" data-end=\"4608\">Q2: Combien de temps dure la batterie par charge?<\/strong><br data-start=\"4608\" data-end=\"4611\" \/>A2 : Le tricycle \u00e0 batterie parcourt jusqu\u2019\u00e0 50 km en fonction du terrain et de la charge.<\/p>\n<p data-start=\"4695\" data-end=\"4851\"><strong data-start=\"4695\" data-end=\"4770\">Q3: Ce v\u00e9hicule de fret \u00e9lectrique peut-il \u00eatre personnalis\u00e9 pour la marque de flotte?<\/strong><br data-start=\"4770\" data-end=\"4773\" \/>A3: Oui, nous fournissons la personnalisation OEM pour les couleurs, les logos et les sp\u00e9cifications.<\/p>\n<p data-start=\"4853\" data-end=\"4940\"><strong data-start=\"4853\" data-end=\"4889\">Q4: Combien de temps prend la charge?<\/strong><br data-start=\"4889\" data-end=\"4892\" \/>A4: Une charge compl\u00e8te prend environ 8 heures.<\/p>\n<p data-start=\"4942\" data-end=\"5036\"><strong data-start=\"4942\" data-end=\"4983\">Q5: Est-il adapt\u00e9 pour le terrain collinaire?<\/strong><br data-start=\"4983\" data-end=\"4986\" \/>A5 : Oui, il prend en charge une capacit\u00e9 d'escalade jusqu'\u00e0 20\u00b0.<\/p>","protected":false},"excerpt":{"rendered":"<p>Le <strong data-start=\"244\" data-end=\"287\">Tyrannosaurus Tricycle \u00e9lectrique de fret lourd<\/strong> est un v\u00e9hicule \u00e0 trois roues robuste et lourd, con\u00e7u pour le transport de marchandises moyennes et grandes. Avec son moteur hydraulique de 1500 W, son cadre en acier renforc\u00e9 et sa capacit\u00e9 de charge de 900 \u00e0 1000 kg, ce tricycle \u00e9lectrique offre des performances exceptionnelles pour la logistique industrielle, agricole et commerciale. Con\u00e7u pour les op\u00e9rateurs qui ont besoin d'une puissance de traction fiable, le tricycle \u00e0 batterie Tyrannosaurus allie durabilit\u00e9 et technologie \u00e9cologique. Son syst\u00e8me d'alimentation 60V\/72V et son contr\u00f4leur \u00e0 24 tubes garantissent une efficacit\u00e9 constante, tandis que la conception personnalisable en fait une solution adaptable pour de multiples industries.<\/p>","protected":false},"featured_media":4050,"comment_status":"open","ping_status":"closed","template":"","meta":[],"product_brand":[],"product_cat":[78],"product_tag":[],"class_list":{"0":"post-4045","1":"product","2":"type-product","3":"status-publish","4":"has-post-thumbnail","6":"product_cat-electric-tricycle","8":"first","9":"instock","10":"shipping-taxable","11":"product-type-simple"},"_links":{"self":[{"href":"https:\/\/www.tairuiauto.com\/fr\/wp-json\/wp\/v2\/product\/4045","targetHints":{"allow":["GET"]}}],"collection":[{"href":"https:\/\/www.tairuiauto.com\/fr\/wp-json\/wp\/v2\/product"}],"about":[{"href":"https:\/\/www.tairuiauto.com\/fr\/wp-json\/wp\/v2\/types\/product"}],"replies":[{"embeddable":true,"href":"https:\/\/www.tairuiauto.com\/fr\/wp-json\/wp\/v2\/comments?post=4045"}],"wp:featuredmedia":[{"embeddable":true,"href":"https:\/\/www.tairuiauto.com\/fr\/wp-json\/wp\/v2\/media\/4050"}],"wp:attachment":[{"href":"https:\/\/www.tairuiauto.com\/fr\/wp-json\/wp\/v2\/media?parent=4045"}],"wp:term":[{"taxonomy":"product_brand","embeddable":true,"href":"https:\/\/www.tairuiauto.com\/fr\/wp-json\/wp\/v2\/product_brand?post=4045"},{"taxonomy":"product_cat","embeddable":true,"href":"https:\/\/www.tairuiauto.com\/fr\/wp-json\/wp\/v2\/product_cat?post=4045"},{"taxonomy":"product_tag","embeddable":true,"href":"https:\/\/www.tairuiauto.com\/fr\/wp-json\/wp\/v2\/product_tag?post=4045"}],"curies":[{"name":"WP","href":"https:\/\/api.w.org\/{rel}","templated":true}]}}