{"id":4077,"date":"2025-10-20T14:49:53","date_gmt":"2025-10-20T06:49:53","guid":{"rendered":"https:\/\/www.tairuiauto.com\/?post_type=product&#038;p=4077"},"modified":"2025-10-20T11:59:56","modified_gmt":"2025-10-20T03:59:56","slug":"cargo-three-wheeler-ev-1-7m","status":"publish","type":"product","link":"https:\/\/www.tairuiauto.com\/fr\/product\/cargo-three-wheeler-ev-1-7m\/","title":{"rendered":"Cargo trois roues EV 1.7m"},"content":{"rendered":"<h3 data-start=\"312\" data-end=\"337\">Description du produit<\/h3>\n<p data-start=\"338\" data-end=\"967\">\u00a0Con\u00e7u pour les op\u00e9rateurs commerciaux, le WEIBA 1.7 combine \u00e9nergie, efficacit\u00e9 et \u00e9conomies de co\u00fbts.<\/p>\n<table style=\"width: 71.5663%; height: 603px;\" width=\"747\">\n<tbody>\n<tr>\n<td width=\"358\">Mod\u00e8le<\/td>\n<td width=\"389\">WEIBA 1.7 Cargo trois roues EV<\/td>\n<\/tr>\n<tr>\n<td width=\"358\">Temps de charge<\/td>\n<td width=\"389\">8h<\/td>\n<\/tr>\n<tr>\n<td width=\"358\">Pneumatique avant\/arri\u00e8re Tt<\/td>\n<td width=\"389\">roues avant 4.00-12; roues arri\u00e8re 4.50-12<\/td>\n<\/tr>\n<tr>\n<td width=\"358\">Choix de couleur<\/td>\n<td width=\"389\">Personnalis\u00e9<\/td>\n<\/tr>\n<tr>\n<td width=\"358\">Marque d\u00e9pos\u00e9e<\/td>\n<td width=\"389\">TECREK ou OEM<\/td>\n<\/tr>\n<tr>\n<td width=\"358\">Origine<\/td>\n<td width=\"389\">Chine<\/td>\n<\/tr>\n<tr>\n<td width=\"358\">Plage par charge\/Km<\/td>\n<td width=\"389\">50 km<\/td>\n<\/tr>\n<tr>\n<td width=\"358\">Vitesse maximale Km\/H<\/td>\n<td width=\"389\">52 km\/h<\/td>\n<\/tr>\n<tr>\n<td width=\"358\">Capacit\u00e9 d'escalade<\/td>\n<td width=\"389\">\u2264 30\u00b0<\/td>\n<\/tr>\n<tr>\n<td width=\"358\">Dimension globale<\/td>\n<td width=\"389\">3360X1380X1425MM<\/td>\n<\/tr>\n<tr>\n<td width=\"358\">Capacit\u00e9 de chargement<\/td>\n<td width=\"389\">200 kg<\/td>\n<\/tr>\n<tr>\n<td width=\"358\">Puissance du moteur hydraulique<\/td>\n<td width=\"389\">1500 watts<\/td>\n<\/tr>\n<tr>\n<td width=\"358\">Voltage standard<\/td>\n<td width=\"389\">60V \/ 72V<\/td>\n<\/tr>\n<tr>\n<td width=\"358\">contr\u00f4leur<\/td>\n<td width=\"389\">24 tube<\/td>\n<\/tr>\n<tr>\n<td width=\"358\">Mode de freinage<\/td>\n<td width=\"389\">Tambour avant Tambour arri\u00e8re<\/td>\n<\/tr>\n<tr>\n<td width=\"358\">D\u00e9gagement minimum au sol<\/td>\n<td width=\"389\">135<\/td>\n<\/tr>\n<tr>\n<td width=\"358\">Capacit\u00e9 de production<\/td>\n<td width=\"389\">100000set\/ann\u00e9e<\/td>\n<\/tr>\n<tr>\n<td width=\"358\">Sp\u00e9cification<\/td>\n<td width=\"389\">1800 * 1300mm<\/td>\n<\/tr>\n<tr>\n<td width=\"358\">Taille de l'emballage<\/td>\n<td width=\"389\">320 cm * 120 cm * 140 cm<\/td>\n<\/tr>\n<tr>\n<td width=\"358\">Poids brut de l'emballage<\/td>\n<td width=\"389\">260kg<\/td>\n<\/tr>\n<\/tbody>\n<\/table>\n<hr data-start=\"969\" data-end=\"972\" \/>\n<h3 data-start=\"974\" data-end=\"998\">Points de vente cl\u00e9s<\/h3>\n<ol data-start=\"999\" data-end=\"1687\">\n<li data-start=\"999\" data-end=\"1186\">\n<p data-start=\"1002\" data-end=\"1186\"><strong data-start=\"1002\" data-end=\"1027\">Capacit\u00e9 de charge utile \u00e9lev\u00e9e<\/strong> \u2013 Avec un <strong data-start=\"1037\" data-end=\"1063\">Capacit\u00e9 de chargement 200KG<\/strong>Le tricycle \u00e9lectrique WEIBA 1.7 peut facilement transporter des marchandises en vrac, des produits agricoles ou des mat\u00e9riaux de construction.<\/p>\n<\/li>\n<li data-start=\"1187\" data-end=\"1342\">\n<p data-start=\"1190\" data-end=\"1342\"><strong data-start=\"1190\" data-end=\"1218\">Moteur de performances fortes<\/strong> Un moteur hydraulique de 1500W avec une tension de 60V \/ 72V assure une livraison d'\u00e9nergie constante, que ce soit sur des routes plates ou en mont\u00e9e.<\/p>\n<\/li>\n<li data-start=\"1343\" data-end=\"1506\">\n<p data-start=\"1346\" data-end=\"1506\"><strong data-start=\"1346\" data-end=\"1378\">Ecologique et \u00e9conomique de co\u00fbts<\/strong> Contrairement aux camions et motocyclettes \u00e0 carburant, ce camion de fret \u00e9lectrique r\u00e9duit les \u00e9missions et r\u00e9duit les co\u00fbts op\u00e9rationnels quotidiens.<\/p>\n<\/li>\n<li data-start=\"1507\" data-end=\"1687\">\n<p data-start=\"1510\" data-end=\"1687\"><strong data-start=\"1510\" data-end=\"1547\">Fiable pour le transport commercial<\/strong> Con\u00e7u pour les entreprises de logistique, les agriculteurs, les grossistes et les entreprises de livraison locales qui n\u00e9cessitent une solution de transport robuste et efficace.<\/p>\n<\/li>\n<\/ol>\n<hr data-start=\"1689\" data-end=\"1692\" \/>\n<h3 data-start=\"1694\" data-end=\"1725\">Avantages diff\u00e9renci\u00e9s<\/h3>\n<ol data-start=\"1726\" data-end=\"2346\">\n<li data-start=\"1726\" data-end=\"1864\">\n<p data-start=\"1729\" data-end=\"1864\"><strong data-start=\"1729\" data-end=\"1756\">Puissance d'escalade sup\u00e9rieure<\/strong> \u2013 Le WEIBA 1.7 supporte des pentes allant jusqu\u2019\u00e0 30\u00b0, surpassant ainsi les tricycles \u00e9lectriques standard sur des terrains accident\u00e9s.<\/p>\n<\/li>\n<li data-start=\"1865\" data-end=\"2022\">\n<p data-start=\"1868\" data-end=\"2022\"><strong data-start=\"1868\" data-end=\"1893\">Dur\u00e9e renforc\u00e9e<\/strong> Avec un ch\u00e2ssis en acier, un contr\u00f4leur \u00e0 24 tubes et une suspension de qualit\u00e9 industrielle, ce tuk tuk cargo est con\u00e7u pour une utilisation \u00e0 long terme.<\/p>\n<\/li>\n<li data-start=\"2023\" data-end=\"2185\">\n<p data-start=\"2026\" data-end=\"2185\"><strong data-start=\"2026\" data-end=\"2052\">Personnalisation flexible<\/strong> Disponible avec la marque OEM\/ODM, plusieurs options de couleurs et des mises \u00e0 niveau de composants, le WEIBA 1.7 s'adapte \u00e0 divers besoins d'entreprise.<\/p>\n<\/li>\n<li data-start=\"2186\" data-end=\"2346\">\n<p data-start=\"2189\" data-end=\"2346\"><strong data-start=\"2189\" data-end=\"2219\">Capacit\u00e9 de production en masse<\/strong> Avec une capacit\u00e9 de production annuelle de <strong data-start=\"2260\" data-end=\"2276\">100 000 ensembles<\/strong>Les acheteurs b\u00e9n\u00e9ficient d'une offre constante et d'une qualit\u00e9 de produit assur\u00e9e.<\/p>\n<\/li>\n<\/ol>\n<p><img fetchpriority=\"high\" decoding=\"async\" class=\"wp-image-4082 aligncenter\" src=\"https:\/\/www.tairuiauto.com\/wp-content\/uploads\/2025\/10\/749154bb-bb36-4cec-bdde-9de1b7fa99cf-300x300.jpg\" alt=\"\" width=\"383\" height=\"383\" srcset=\"https:\/\/www.tairuiauto.com\/wp-content\/uploads\/2025\/10\/749154bb-bb36-4cec-bdde-9de1b7fa99cf-300x300.jpg 300w, https:\/\/www.tairuiauto.com\/wp-content\/uploads\/2025\/10\/749154bb-bb36-4cec-bdde-9de1b7fa99cf-1024x1024.jpg 1024w, https:\/\/www.tairuiauto.com\/wp-content\/uploads\/2025\/10\/749154bb-bb36-4cec-bdde-9de1b7fa99cf-150x150.jpg 150w, https:\/\/www.tairuiauto.com\/wp-content\/uploads\/2025\/10\/749154bb-bb36-4cec-bdde-9de1b7fa99cf-768x768.jpg 768w, https:\/\/www.tairuiauto.com\/wp-content\/uploads\/2025\/10\/749154bb-bb36-4cec-bdde-9de1b7fa99cf-1536x1536.jpg 1536w, https:\/\/www.tairuiauto.com\/wp-content\/uploads\/2025\/10\/749154bb-bb36-4cec-bdde-9de1b7fa99cf-2048x2048.jpg 2048w, https:\/\/www.tairuiauto.com\/wp-content\/uploads\/2025\/10\/749154bb-bb36-4cec-bdde-9de1b7fa99cf-12x12.jpg 12w, https:\/\/www.tairuiauto.com\/wp-content\/uploads\/2025\/10\/749154bb-bb36-4cec-bdde-9de1b7fa99cf-600x600.jpg 600w, https:\/\/www.tairuiauto.com\/wp-content\/uploads\/2025\/10\/749154bb-bb36-4cec-bdde-9de1b7fa99cf-100x100.jpg 100w\" sizes=\"(max-width: 383px) 100vw, 383px\" \/><\/p>\n<hr data-start=\"2775\" data-end=\"2778\" \/>\n<h3 data-start=\"2780\" data-end=\"2806\">Param\u00e8tres techniques<\/h3>\n<ul data-start=\"2807\" data-end=\"3033\">\n<li data-start=\"2807\" data-end=\"2853\">\n<p data-start=\"2809\" data-end=\"2853\"><strong data-start=\"2809\" data-end=\"2828\">Syst\u00e8me de freinage:<\/strong> Tambour avant Tambour arri\u00e8re<\/p>\n<\/li>\n<li data-start=\"2854\" data-end=\"2897\">\n<p data-start=\"2856\" data-end=\"2897\"><strong data-start=\"2856\" data-end=\"2866\">Pneumatiques :<\/strong> Avant 4.00-12 \/ Arri\u00e8re 4.50-12<\/p>\n<\/li>\n<li data-start=\"2898\" data-end=\"2930\">\n<p data-start=\"2900\" data-end=\"2930\"><strong data-start=\"2900\" data-end=\"2921\">D\u00e9gagement au sol:<\/strong> 135 mm<\/p>\n<\/li>\n<li data-start=\"2931\" data-end=\"2963\">\n<p data-start=\"2933\" data-end=\"2963\"><strong data-start=\"2933\" data-end=\"2945\">Batterie :<\/strong> Options 60V\/72V<\/p>\n<\/li>\n<li data-start=\"2964\" data-end=\"3004\">\n<p data-start=\"2966\" data-end=\"3004\"><strong data-start=\"2966\" data-end=\"2983\">Taille de l'emballage:<\/strong> 320 \u00d7 120 \u00d7 140 cm<\/p>\n<\/li>\n<li data-start=\"3005\" data-end=\"3033\">\n<p data-start=\"3007\" data-end=\"3033\"><strong data-start=\"3007\" data-end=\"3024\">Poids brut :<\/strong> 260 kg<\/p>\n<\/li>\n<\/ul>\n<hr data-start=\"3035\" data-end=\"3038\" \/>\n<h3 data-start=\"3040\" data-end=\"3055\">Mat\u00e9riaux<\/h3>\n<ul data-start=\"3056\" data-end=\"3199\">\n<li data-start=\"3056\" data-end=\"3089\">\n<p data-start=\"3058\" data-end=\"3089\"><strong data-start=\"3058\" data-end=\"3070\">Chassis :<\/strong> Acier lourd<\/p>\n<\/li>\n<li data-start=\"3090\" data-end=\"3155\">\n<p data-start=\"3092\" data-end=\"3155\"><strong data-start=\"3092\" data-end=\"3106\">Lit de charge:<\/strong> Plateforme m\u00e9tallique renforc\u00e9e pour une r\u00e9sistance maximale<\/p>\n<\/li>\n<li data-start=\"3156\" data-end=\"3199\">\n<p data-start=\"3158\" data-end=\"3199\"><strong data-start=\"3158\" data-end=\"3168\">Peinture :<\/strong> Rev\u00eatement industriel anti-rouille<\/p>\n<\/li>\n<\/ul>\n<hr data-start=\"3201\" data-end=\"3204\" \/>\n<h3 data-start=\"3206\" data-end=\"3222\">Apparence<\/h3>\n<ul data-start=\"3223\" data-end=\"3341\">\n<li data-start=\"3223\" data-end=\"3252\">\n<p data-start=\"3225\" data-end=\"3252\">Design industriel robuste<\/p>\n<\/li>\n<li data-start=\"3253\" data-end=\"3289\">\n<p data-start=\"3255\" data-end=\"3289\">Disponible en couleurs personnalisables<\/p>\n<\/li>\n<li data-start=\"3290\" data-end=\"3341\">\n<p data-start=\"3292\" data-end=\"3341\">Lit de fret pratique adapt\u00e9 au transport vari\u00e9<\/p>\n<\/li>\n<\/ul>\n<hr data-start=\"3343\" data-end=\"3346\" \/>\n<h3 data-start=\"3348\" data-end=\"3360\">Conception<\/h3>\n<p data-start=\"3361\" data-end=\"3483\">Cabine ergonomique avec guidon durable et structure de bo\u00eete de fret renforc\u00e9e pour une fiabilit\u00e9 de transport sur longues distances.<\/p>\n<hr data-start=\"3485\" data-end=\"3488\" \/>\n<h3 data-start=\"3490\" data-end=\"3513\">personnalisation OEM<\/h3>\n<ul data-start=\"3514\" data-end=\"3603\">\n<li data-start=\"3514\" data-end=\"3546\">\n<p data-start=\"3516\" data-end=\"3546\">Marque: TECREK ou logo OEM<\/p>\n<\/li>\n<li data-start=\"3547\" data-end=\"3575\">\n<p data-start=\"3549\" data-end=\"3575\">Couleurs et finitions du corps<\/p>\n<\/li>\n<li data-start=\"3576\" data-end=\"3603\">\n<p data-start=\"3578\" data-end=\"3603\">Personnalisation du lit de charge<\/p>\n<\/li>\n<\/ul>\n<hr data-start=\"3605\" data-end=\"3608\" \/>\n<h3 data-start=\"3610\" data-end=\"3631\">Contr\u00f4le qualit\u00e9<\/h3>\n<ul data-start=\"3632\" data-end=\"3761\">\n<li data-start=\"3632\" data-end=\"3668\">\n<p data-start=\"3634\" data-end=\"3668\">Production en usine certifi\u00e9e ISO<\/p>\n<\/li>\n<li data-start=\"3669\" data-end=\"3711\">\n<p data-start=\"3671\" data-end=\"3711\">Inspection multipoint avant exp\u00e9dition<\/p>\n<\/li>\n<li data-start=\"3712\" data-end=\"3761\">\n<p data-start=\"3714\" data-end=\"3761\">Consistence assur\u00e9e avec une capacit\u00e9 de volume \u00e9lev\u00e9<\/p>\n<\/li>\n<\/ul>\n<hr data-start=\"3763\" data-end=\"3766\" \/>\n<h3 data-start=\"3768\" data-end=\"3793\">Service apr\u00e8s-vente<\/h3>\n<ul data-start=\"3794\" data-end=\"3933\">\n<li data-start=\"3794\" data-end=\"3837\">\n<p data-start=\"3796\" data-end=\"3837\">Garantie d'un an sur le moteur et le contr\u00f4leur<\/p>\n<\/li>\n<li data-start=\"3838\" data-end=\"3866\">\n<p data-start=\"3840\" data-end=\"3866\">Garantie batterie de 6 mois<\/p>\n<\/li>\n<li data-start=\"3867\" data-end=\"3897\">\n<p data-start=\"3869\" data-end=\"3897\">Support mondial pour pi\u00e8ces d\u00e9tach\u00e9es<\/p>\n<\/li>\n<li data-start=\"3898\" data-end=\"3933\">\n<p data-start=\"3900\" data-end=\"3933\">Services de consultation technique<\/p>\n<\/li>\n<\/ul>\n<hr data-start=\"3935\" data-end=\"3938\" \/>\n<h3 data-start=\"3940\" data-end=\"3964\">Champs d'application<\/h3>\n<ul data-start=\"3965\" data-end=\"4116\">\n<li data-start=\"3965\" data-end=\"4000\">\n<p data-start=\"3967\" data-end=\"4000\">Transport de marchandises urbains et ruraux<\/p>\n<\/li>\n<li data-start=\"4001\" data-end=\"4034\">\n<p data-start=\"4003\" data-end=\"4034\">Livraison de produits agricoles<\/p>\n<\/li>\n<li data-start=\"4035\" data-end=\"4071\">\n<p data-start=\"4037\" data-end=\"4071\">Logistique de distribution en gros<\/p>\n<\/li>\n<li data-start=\"4072\" data-end=\"4116\">\n<p data-start=\"4074\" data-end=\"4116\">Cha\u00eene d\u2019approvisionnement de la construction et de l\u2019industrie<\/p>\n<\/li>\n<\/ul>\n<hr data-start=\"4118\" data-end=\"4121\" \/>\n<h3 data-start=\"4123\" data-end=\"4144\">M\u00e9thodes de paiement<\/h3>\n<ul data-start=\"4145\" data-end=\"4234\">\n<li data-start=\"4145\" data-end=\"4166\">\n<p data-start=\"4147\" data-end=\"4166\">Transfert bancaire T \/ T<\/p>\n<\/li>\n<li data-start=\"4167\" data-end=\"4183\">\n<p data-start=\"4169\" data-end=\"4183\">L\/C \u00e0 vue<\/p>\n<\/li>\n<li data-start=\"4184\" data-end=\"4234\">\n<p data-start=\"4186\" data-end=\"4234\">Western Union \/ PayPal (commandes de petite quantit\u00e9)<\/p>\n<\/li>\n<\/ul>\n<hr data-start=\"4236\" data-end=\"4239\" \/>\n<h3 data-start=\"4241\" data-end=\"4250\">FAQ (questions fr\u00e9quentes)<\/h3>\n<p data-start=\"4252\" data-end=\"4409\"><strong data-start=\"4252\" data-end=\"4337\">Q1: Quelle est la capacit\u00e9 de charge maximale du Cargo Three Wheeler EV 1.7m?<\/strong><br data-start=\"4337\" data-end=\"4340\" \/>A1: Il supporte jusqu'\u00e0 200KG, ce qui le rend id\u00e9al pour la cargaison commerciale.<\/p>\n<p data-start=\"4411\" data-end=\"4533\"><strong data-start=\"4411\" data-end=\"4460\">Q2: Jusqu'o\u00f9 peut-il voyager sur une seule charge?<\/strong><br data-start=\"4460\" data-end=\"4463\" \/>A2: La port\u00e9e est d'environ 50 km, en fonction du terrain et de la charge.<\/p>\n<p data-start=\"4535\" data-end=\"4638\"><strong data-start=\"4535\" data-end=\"4576\">Q3: Puis-je commander avec ma propre marque?<\/strong><br data-start=\"4576\" data-end=\"4579\" \/>A3: Oui, les options de personnalisation OEM et ODM sont disponibles.<\/p>\n<p data-start=\"4640\" data-end=\"4726\"><strong data-start=\"4640\" data-end=\"4676\">Q4: Combien de temps prend la charge?<\/strong><br data-start=\"4676\" data-end=\"4679\" \/>A4: Le temps de charge standard est d'environ 8 heures.<\/p>\n<p data-start=\"4728\" data-end=\"4903\"><strong data-start=\"4728\" data-end=\"4806\">Q5: Pourquoi choisir le WEIBA 1.7 au lieu d'un tricycle traditionnel de cargaison de carburant?<\/strong><br data-start=\"4806\" data-end=\"4809\" \/>A5: Il r\u00e9duit les co\u00fbts de carburant, r\u00e9duit les \u00e9missions, n\u00e9cessite moins d'entretien et est respectueux de l'environnement.<\/p>","protected":false},"excerpt":{"rendered":"<p>Le <strong data-start=\"342\" data-end=\"381\">Cargo trois roues EV 1.7m<\/strong> est un v\u00e9hicule \u00e0 trois roues lourd et de grande capacit\u00e9 construit pour un transport efficace de marchandises dans des environnements urbains et semi-urbains. Avec un moteur puissant de 1500W, un ch\u00e2ssis en acier renforc\u00e9 et une capacit\u00e9 de charge impressionnante de 200KG, ce tricycle est con\u00e7u pour la durabilit\u00e9 et la fiabilit\u00e9. Il offre une vitesse maximale de 52 km\/h, une capacit\u00e9 d\u2019escalade maximale de 30\u00b0 et une autonomie de 50 km par charge, ce qui en fait l\u2019alternative \u00e9cologique parfaite aux v\u00e9hicules cargo \u00e0 carburant traditionnels. Con\u00e7u pour les op\u00e9rateurs commerciaux, le WEIBA 1.7 combine \u00e9nergie, efficacit\u00e9 et \u00e9conomies de co\u00fbts.<\/p>","protected":false},"featured_media":4086,"comment_status":"open","ping_status":"closed","template":"","meta":[],"product_brand":[],"product_cat":[78],"product_tag":[],"class_list":{"0":"post-4077","1":"product","2":"type-product","3":"status-publish","4":"has-post-thumbnail","6":"product_cat-electric-tricycle","8":"first","9":"instock","10":"shipping-taxable","11":"product-type-simple"},"_links":{"self":[{"href":"https:\/\/www.tairuiauto.com\/fr\/wp-json\/wp\/v2\/product\/4077","targetHints":{"allow":["GET"]}}],"collection":[{"href":"https:\/\/www.tairuiauto.com\/fr\/wp-json\/wp\/v2\/product"}],"about":[{"href":"https:\/\/www.tairuiauto.com\/fr\/wp-json\/wp\/v2\/types\/product"}],"replies":[{"embeddable":true,"href":"https:\/\/www.tairuiauto.com\/fr\/wp-json\/wp\/v2\/comments?post=4077"}],"wp:featuredmedia":[{"embeddable":true,"href":"https:\/\/www.tairuiauto.com\/fr\/wp-json\/wp\/v2\/media\/4086"}],"wp:attachment":[{"href":"https:\/\/www.tairuiauto.com\/fr\/wp-json\/wp\/v2\/media?parent=4077"}],"wp:term":[{"taxonomy":"product_brand","embeddable":true,"href":"https:\/\/www.tairuiauto.com\/fr\/wp-json\/wp\/v2\/product_brand?post=4077"},{"taxonomy":"product_cat","embeddable":true,"href":"https:\/\/www.tairuiauto.com\/fr\/wp-json\/wp\/v2\/product_cat?post=4077"},{"taxonomy":"product_tag","embeddable":true,"href":"https:\/\/www.tairuiauto.com\/fr\/wp-json\/wp\/v2\/product_tag?post=4077"}],"curies":[{"name":"WP","href":"https:\/\/api.w.org\/{rel}","templated":true}]}}