{"id":4091,"date":"2025-10-21T10:09:37","date_gmt":"2025-10-21T02:09:37","guid":{"rendered":"https:\/\/www.tairuiauto.com\/?post_type=product&#038;p=4091"},"modified":"2025-10-20T10:44:02","modified_gmt":"2025-10-20T02:44:02","slug":"commercial-three-wheeler-ev-transport","status":"publish","type":"product","link":"https:\/\/www.tairuiauto.com\/fr\/product\/commercial-three-wheeler-ev-transport\/","title":{"rendered":"Transport commercial de v\u00e9hicules \u00e9lectriques \u00e0 trois roues"},"content":{"rendered":"<h3 data-start=\"387\" data-end=\"412\">Description du produit<\/h3>\n<p data-start=\"933\" data-end=\"1184\">Offre jusqu'\u00e0 <strong data-start=\"948\" data-end=\"974\">Range de 50 km par charge<\/strong>Le transport \u00e9lectrique commercial \u00e0 trois roues r\u00e9duit les co\u00fbts d'exploitation tout en augmentant l'efficacit\u00e9 des op\u00e9rations de transport quotidiennes. Construit sous la marque TECREK ou OEM, il assure \u00e0 la fois la fiabilit\u00e9 et la flexibilit\u00e9 de personnalisation.<\/p>\n<table style=\"border-collapse: collapse; width: 65.2098%; height: 508px;\" border=\"0\" width=\"715\" cellspacing=\"0\" cellpadding=\"0\">\n<tbody>\n<tr style=\"height: 20.00pt;\">\n<td class=\"et4\" style=\"height: 20.00pt; width: 186.60pt;\" width=\"311\" height=\"33\">Mod\u00e8le<\/td>\n<td class=\"et4\" style=\"width: 242.40pt;\" width=\"404\">KAIMA Commercial Three Wheeler EV<\/td>\n<\/tr>\n<tr style=\"height: 20.00pt;\">\n<td class=\"et5\" style=\"height: 20.00pt; width: 186.60pt;\" width=\"311\" height=\"33\">Temps de charge<\/td>\n<td class=\"et5\" style=\"width: 242.40pt;\" width=\"404\">8h<\/td>\n<\/tr>\n<tr style=\"height: 20.00pt;\">\n<td class=\"et5\" style=\"height: 20.00pt; width: 186.60pt;\" width=\"311\" height=\"33\">Pneumatique avant\/arri\u00e8re Tt<\/td>\n<td class=\"et5\" style=\"width: 242.40pt;\" width=\"404\">roues avant 3.50-12; roues arri\u00e8re 3.75-12<\/td>\n<\/tr>\n<tr style=\"height: 20.00pt;\">\n<td class=\"et5\" style=\"height: 20.00pt; width: 186.60pt;\" width=\"311\" height=\"33\">Choix de couleur<\/td>\n<td class=\"et5\" style=\"width: 242.40pt;\" width=\"404\">Personnalis\u00e9<\/td>\n<\/tr>\n<tr style=\"height: 20.00pt;\">\n<td class=\"et5\" style=\"height: 20.00pt; width: 186.60pt;\" width=\"311\" height=\"33\">Marque d\u00e9pos\u00e9e<\/td>\n<td class=\"et5\" style=\"width: 242.40pt;\" width=\"404\">TECREK ou OEM<\/td>\n<\/tr>\n<tr style=\"height: 20.00pt;\">\n<td class=\"et5\" style=\"height: 20.00pt; width: 186.60pt;\" width=\"311\" height=\"33\">Origine<\/td>\n<td class=\"et5\" style=\"width: 242.40pt;\" width=\"404\">Chine<\/td>\n<\/tr>\n<tr style=\"height: 20.00pt;\">\n<td class=\"et5\" style=\"height: 20.00pt; width: 186.60pt;\" width=\"311\" height=\"33\">Plage par charge\/Km<\/td>\n<td class=\"et5\" style=\"width: 242.40pt;\" width=\"404\">50 km<\/td>\n<\/tr>\n<tr style=\"height: 20.00pt;\">\n<td class=\"et5\" style=\"height: 20.00pt; width: 186.60pt;\" width=\"311\" height=\"33\">Vitesse maximale Km\/H<\/td>\n<td class=\"et5\" style=\"width: 242.40pt;\" width=\"404\">52 km\/h<\/td>\n<\/tr>\n<tr style=\"height: 20.00pt;\">\n<td class=\"et5\" style=\"height: 20.00pt; width: 186.60pt;\" width=\"311\" height=\"33\">Capacit\u00e9 d'escalade<\/td>\n<td class=\"et5\" style=\"width: 242.40pt;\" width=\"404\">\u2264 30\u00b0<\/td>\n<\/tr>\n<tr style=\"height: 20.00pt;\">\n<td class=\"et5\" style=\"height: 20.00pt; width: 186.60pt;\" width=\"311\" height=\"33\">Dimension globale<\/td>\n<td class=\"et5\" style=\"width: 242.40pt;\" width=\"404\">2980X1080X1680mm<\/td>\n<\/tr>\n<tr style=\"height: 20.00pt;\">\n<td class=\"et5\" style=\"height: 20.00pt; width: 186.60pt;\" width=\"311\" height=\"33\">Capacit\u00e9 de chargement<\/td>\n<td class=\"et5\" style=\"width: 242.40pt;\" width=\"404\">500 kg<\/td>\n<\/tr>\n<tr style=\"height: 20.00pt;\">\n<td class=\"et5\" style=\"height: 20.00pt; width: 186.60pt;\" width=\"311\" height=\"33\">Puissance du moteur hydraulique<\/td>\n<td class=\"et5\" style=\"width: 242.40pt;\" width=\"404\">800 watts<\/td>\n<\/tr>\n<tr style=\"height: 20.00pt;\">\n<td class=\"et5\" style=\"height: 20.00pt; width: 186.60pt;\" width=\"311\" height=\"33\">Voltage standard<\/td>\n<td class=\"et5\" style=\"width: 242.40pt;\" width=\"404\">48V \/ 60V<\/td>\n<\/tr>\n<tr style=\"height: 20.00pt;\">\n<td class=\"et5\" style=\"height: 20.00pt; width: 186.60pt;\" width=\"311\" height=\"33\">contr\u00f4leur<\/td>\n<td class=\"et5\" style=\"width: 242.40pt;\" width=\"404\">18 tube<\/td>\n<\/tr>\n<tr style=\"height: 20.00pt;\">\n<td class=\"et5\" style=\"height: 20.00pt; width: 186.60pt;\" width=\"311\" height=\"33\">Mode de freinage<\/td>\n<td class=\"et5\" style=\"width: 242.40pt;\" width=\"404\">Tambour avant Tambour arri\u00e8re<\/td>\n<\/tr>\n<tr style=\"height: 20.00pt;\">\n<td class=\"et5\" style=\"height: 20.00pt; width: 186.60pt;\" width=\"311\" height=\"33\">D\u00e9gagement minimum au sol<\/td>\n<td class=\"et5\" style=\"width: 242.40pt;\" width=\"404\">135<\/td>\n<\/tr>\n<tr style=\"height: 20.00pt;\">\n<td class=\"et5\" style=\"height: 20.00pt; width: 186.60pt;\" width=\"311\" height=\"33\">Capacit\u00e9 de production<\/td>\n<td class=\"et5\" style=\"width: 242.40pt;\" width=\"404\">100000set\/ann\u00e9e<\/td>\n<\/tr>\n<tr style=\"height: 20.00pt;\">\n<td class=\"et5\" style=\"height: 20.00pt; width: 186.60pt;\" width=\"311\" height=\"33\">Taille de l'emballage<\/td>\n<td class=\"et5\" style=\"width: 242.40pt;\" width=\"404\">320 cm * 120 cm * 140 cm<\/td>\n<\/tr>\n<tr style=\"height: 20.00pt;\">\n<td class=\"et5\" style=\"height: 20.00pt; width: 186.60pt;\" width=\"311\" height=\"33\">Poids brut de l'emballage<\/td>\n<td class=\"et5\" style=\"width: 242.40pt;\" width=\"404\">260kg<\/td>\n<\/tr>\n<\/tbody>\n<\/table>\n<hr data-start=\"1186\" data-end=\"1189\" \/>\n<h3 data-start=\"1191\" data-end=\"1215\">Points de vente cl\u00e9s<\/h3>\n<ol data-start=\"1216\" data-end=\"1848\">\n<li data-start=\"1216\" data-end=\"1391\">\n<p data-start=\"1219\" data-end=\"1391\"><strong data-start=\"1219\" data-end=\"1248\">Transport de marchandises efficace<\/strong> \u2013 Con\u00e7u avec un <strong data-start=\"1267\" data-end=\"1293\">Capacit\u00e9 de chargement 500KG<\/strong>Ce tricycle \u00e9lectrique manipule facilement les marchandises en vrac, les fournitures agricoles et les mat\u00e9riaux de livraison.<\/p>\n<\/li>\n<li data-start=\"1392\" data-end=\"1564\">\n<p data-start=\"1395\" data-end=\"1564\"><strong data-start=\"1395\" data-end=\"1432\">Moteur fort et capacit\u00e9 d'escalade<\/strong> \u2013 \u00c9quip\u00e9 d\u2019un <strong data-start=\"1452\" data-end=\"1466\">moteur 800W<\/strong> et capable d'escalader des pentes de <strong data-start=\"1501\" data-end=\"1509\">\u2264 30\u00b0<\/strong>il d\u00e9passe la plupart des trains \u00e9lectriques standard.<\/p>\n<\/li>\n<li data-start=\"1565\" data-end=\"1715\">\n<p data-start=\"1568\" data-end=\"1715\"><strong data-start=\"1568\" data-end=\"1596\">Alternative \u00e9cologique<\/strong> Avec z\u00e9ro \u00e9missions et faibles co\u00fbts \u00e9nerg\u00e9tiques, le transport \u00e9lectrique commercial \u00e0 trois roues est un choix durable pour la logistique moderne.<\/p>\n<\/li>\n<li data-start=\"1716\" data-end=\"1848\">\n<p data-start=\"1719\" data-end=\"1848\"><strong data-start=\"1719\" data-end=\"1750\">Conception compacte mais puissante<\/strong> \u2013 Mesure <strong data-start=\"1763\" data-end=\"1783\">2980 \u00d7 1080 \u00d7 1680mm<\/strong>Il s'adapte dans des rues \u00e9troites tout en transportant des charges lourdes.<\/p>\n<\/li>\n<\/ol>\n<hr data-start=\"1850\" data-end=\"1853\" \/>\n<h3 data-start=\"1855\" data-end=\"1886\">Avantages diff\u00e9renci\u00e9s<\/h3>\n<ol data-start=\"1887\" data-end=\"2396\">\n<li data-start=\"1887\" data-end=\"2006\">\n<p data-start=\"1890\" data-end=\"2006\"><strong data-start=\"1890\" data-end=\"1921\">Durabilit\u00e9 industrielle<\/strong> \u2013 Heavy-duty <strong data-start=\"1935\" data-end=\"1952\">ch\u00e2ssis en acier<\/strong> avec peinture anti-rouille assure des performances \u00e0 long terme.<\/p>\n<\/li>\n<li data-start=\"2007\" data-end=\"2130\">\n<p data-start=\"2010\" data-end=\"2130\"><strong data-start=\"2010\" data-end=\"2037\">Production personnalisable<\/strong> \u2013 La marque OEM\/ODM, la couleur du corps et la taille du lit de fret peuvent \u00eatre adapt\u00e9es aux exigences du client.<\/p>\n<\/li>\n<li data-start=\"2131\" data-end=\"2257\">\n<p data-start=\"2134\" data-end=\"2257\"><strong data-start=\"2134\" data-end=\"2159\">Capacit\u00e9 haute vitesse<\/strong> \u2013 Atteint jusqu\u2019\u00e0 <strong data-start=\"2176\" data-end=\"2187\">52 km\/h<\/strong>plus rapide que les tuk tuks de fret typiques, permettant des livraisons plus rapides.<\/p>\n<\/li>\n<li data-start=\"2258\" data-end=\"2396\">\n<p data-start=\"2261\" data-end=\"2396\"><strong data-start=\"2261\" data-end=\"2291\">Fourniture de production fiable<\/strong> Avec une capacit\u00e9 de production annuelle de <strong data-start=\"2332\" data-end=\"2349\">100 000 unit\u00e9s<\/strong>, les grandes commandes peuvent \u00eatre remplies de mani\u00e8re coh\u00e9rente.<\/p>\n<\/li>\n<\/ol>\n<p><img fetchpriority=\"high\" decoding=\"async\" class=\"alignnone wp-image-4094 aligncenter\" src=\"https:\/\/www.tairuiauto.com\/wp-content\/uploads\/2025\/10\/36273a57-d766-4419-b714-e6e5422fcc74-300x300.jpg\" alt=\"\" width=\"383\" height=\"383\" srcset=\"https:\/\/www.tairuiauto.com\/wp-content\/uploads\/2025\/10\/36273a57-d766-4419-b714-e6e5422fcc74-300x300.jpg 300w, https:\/\/www.tairuiauto.com\/wp-content\/uploads\/2025\/10\/36273a57-d766-4419-b714-e6e5422fcc74-1024x1024.jpg 1024w, https:\/\/www.tairuiauto.com\/wp-content\/uploads\/2025\/10\/36273a57-d766-4419-b714-e6e5422fcc74-150x150.jpg 150w, https:\/\/www.tairuiauto.com\/wp-content\/uploads\/2025\/10\/36273a57-d766-4419-b714-e6e5422fcc74-768x768.jpg 768w, https:\/\/www.tairuiauto.com\/wp-content\/uploads\/2025\/10\/36273a57-d766-4419-b714-e6e5422fcc74-1536x1536.jpg 1536w, https:\/\/www.tairuiauto.com\/wp-content\/uploads\/2025\/10\/36273a57-d766-4419-b714-e6e5422fcc74-2048x2048.jpg 2048w, https:\/\/www.tairuiauto.com\/wp-content\/uploads\/2025\/10\/36273a57-d766-4419-b714-e6e5422fcc74-12x12.jpg 12w, https:\/\/www.tairuiauto.com\/wp-content\/uploads\/2025\/10\/36273a57-d766-4419-b714-e6e5422fcc74-600x600.jpg 600w, https:\/\/www.tairuiauto.com\/wp-content\/uploads\/2025\/10\/36273a57-d766-4419-b714-e6e5422fcc74-100x100.jpg 100w\" sizes=\"(max-width: 383px) 100vw, 383px\" \/><\/p>\n<hr data-start=\"2794\" data-end=\"2797\" \/>\n<h3 data-start=\"2799\" data-end=\"2825\">Param\u00e8tres techniques<\/h3>\n<ul data-start=\"2826\" data-end=\"3054\">\n<li data-start=\"2826\" data-end=\"2872\">\n<p data-start=\"2828\" data-end=\"2872\"><strong data-start=\"2828\" data-end=\"2847\">Syst\u00e8me de freinage:<\/strong> Tambour avant Tambour arri\u00e8re<\/p>\n<\/li>\n<li data-start=\"2873\" data-end=\"2916\">\n<p data-start=\"2875\" data-end=\"2916\"><strong data-start=\"2875\" data-end=\"2885\">Pneumatiques :<\/strong> Avant 3.50-12 \/ Arri\u00e8re 3.75-12<\/p>\n<\/li>\n<li data-start=\"2917\" data-end=\"2949\">\n<p data-start=\"2919\" data-end=\"2949\"><strong data-start=\"2919\" data-end=\"2940\">D\u00e9gagement au sol:<\/strong> 135 mm<\/p>\n<\/li>\n<li data-start=\"2950\" data-end=\"2984\">\n<p data-start=\"2952\" data-end=\"2984\"><strong data-start=\"2952\" data-end=\"2972\">Options de batterie :<\/strong> 48V \/ 60V<\/p>\n<\/li>\n<li data-start=\"2985\" data-end=\"3025\">\n<p data-start=\"2987\" data-end=\"3025\"><strong data-start=\"2987\" data-end=\"3004\">Taille de l'emballage:<\/strong> 320 \u00d7 120 \u00d7 140 cm<\/p>\n<\/li>\n<li data-start=\"3026\" data-end=\"3054\">\n<p data-start=\"3028\" data-end=\"3054\"><strong data-start=\"3028\" data-end=\"3045\">Poids brut :<\/strong> 260 kg<\/p>\n<\/li>\n<\/ul>\n<hr data-start=\"3056\" data-end=\"3059\" \/>\n<h3 data-start=\"3061\" data-end=\"3076\">Mat\u00e9riaux<\/h3>\n<ul data-start=\"3077\" data-end=\"3219\">\n<li data-start=\"3077\" data-end=\"3116\">\n<p data-start=\"3079\" data-end=\"3116\"><strong data-start=\"3079\" data-end=\"3091\">Chassis :<\/strong> Cadre en acier renforc\u00e9<\/p>\n<\/li>\n<li data-start=\"3117\" data-end=\"3164\">\n<p data-start=\"3119\" data-end=\"3164\"><strong data-start=\"3119\" data-end=\"3133\">Lit de charge:<\/strong> Plateforme m\u00e9tallique haute r\u00e9sistance<\/p>\n<\/li>\n<li data-start=\"3165\" data-end=\"3219\">\n<p data-start=\"3167\" data-end=\"3219\"><strong data-start=\"3167\" data-end=\"3177\">Peinture :<\/strong> Rev\u00eatement anti-corrosion de qualit\u00e9 automobile<\/p>\n<\/li>\n<\/ul>\n<hr data-start=\"3221\" data-end=\"3224\" \/>\n<h3 data-start=\"3226\" data-end=\"3242\">Apparence<\/h3>\n<ul data-start=\"3243\" data-end=\"3399\">\n<li data-start=\"3243\" data-end=\"3278\">\n<p data-start=\"3245\" data-end=\"3278\">Conception de cargaison industrielle compacte<\/p>\n<\/li>\n<li data-start=\"3279\" data-end=\"3340\">\n<p data-start=\"3281\" data-end=\"3340\">Ext\u00e9rieur audacieux et durable avec des options de peinture personnalisables<\/p>\n<\/li>\n<li data-start=\"3341\" data-end=\"3399\">\n<p data-start=\"3343\" data-end=\"3399\">Con\u00e7u pour les villes modernes et les routes rurales accident\u00e9es<\/p>\n<\/li>\n<\/ul>\n<hr data-start=\"3401\" data-end=\"3404\" \/>\n<h3 data-start=\"3406\" data-end=\"3418\">Conception<\/h3>\n<p data-start=\"3419\" data-end=\"3545\">Cabine du conducteur optimis\u00e9e avec configuration de commande ergonomique. Structure de bo\u00eete de fret renforc\u00e9e pour un transport s\u00fbr et stable.<\/p>\n<hr data-start=\"3547\" data-end=\"3550\" \/>\n<h3 data-start=\"3552\" data-end=\"3575\">personnalisation OEM<\/h3>\n<ul data-start=\"3576\" data-end=\"3689\">\n<li data-start=\"3576\" data-end=\"3603\">\n<p data-start=\"3578\" data-end=\"3603\">Marque: TECREK ou OEM<\/p>\n<\/li>\n<li data-start=\"3604\" data-end=\"3633\">\n<p data-start=\"3606\" data-end=\"3633\">Plusieurs couleurs disponibles<\/p>\n<\/li>\n<li data-start=\"3634\" data-end=\"3689\">\n<p data-start=\"3636\" data-end=\"3689\">Modifications facultatives sur le lit de fret et les accessoires<\/p>\n<\/li>\n<\/ul>\n<hr data-start=\"3691\" data-end=\"3694\" \/>\n<h3 data-start=\"3696\" data-end=\"3717\">Contr\u00f4le qualit\u00e9<\/h3>\n<ul data-start=\"3718\" data-end=\"3846\">\n<li data-start=\"3718\" data-end=\"3760\">\n<p data-start=\"3720\" data-end=\"3760\">Fabriqu\u00e9 dans une installation certifi\u00e9e ISO<\/p>\n<\/li>\n<li data-start=\"3761\" data-end=\"3809\">\n<p data-start=\"3763\" data-end=\"3809\">Inspection en 3 \u00e9tapes (moteur, ch\u00e2ssis, batterie)<\/p>\n<\/li>\n<li data-start=\"3810\" data-end=\"3846\">\n<p data-start=\"3812\" data-end=\"3846\">Chaque unit\u00e9 test\u00e9e avant exp\u00e9dition<\/p>\n<\/li>\n<\/ul>\n<hr data-start=\"3848\" data-end=\"3851\" \/>\n<h3 data-start=\"3853\" data-end=\"3878\">Service apr\u00e8s-vente<\/h3>\n<ul data-start=\"3879\" data-end=\"3998\">\n<li data-start=\"3879\" data-end=\"3922\">\n<p data-start=\"3881\" data-end=\"3922\">Garantie d'un an sur le moteur et le contr\u00f4leur<\/p>\n<\/li>\n<li data-start=\"3923\" data-end=\"3951\">\n<p data-start=\"3925\" data-end=\"3951\">Garantie batterie de 6 mois<\/p>\n<\/li>\n<li data-start=\"3952\" data-end=\"3998\">\n<p data-start=\"3954\" data-end=\"3998\">Assistance technique et pi\u00e8ces d\u00e9tach\u00e9es<\/p>\n<\/li>\n<\/ul>\n<hr data-start=\"4000\" data-end=\"4003\" \/>\n<h3 data-start=\"4005\" data-end=\"4029\">Champs d'application<\/h3>\n<ul data-start=\"4030\" data-end=\"4183\">\n<li data-start=\"4030\" data-end=\"4070\">\n<p data-start=\"4032\" data-end=\"4070\">Transport de marchandises en gros et au d\u00e9tail<\/p>\n<\/li>\n<li data-start=\"4071\" data-end=\"4112\">\n<p data-start=\"4073\" data-end=\"4112\">Agriculture et distribution agricole<\/p>\n<\/li>\n<li data-start=\"4113\" data-end=\"4146\">\n<p data-start=\"4115\" data-end=\"4146\">Transportation de mat\u00e9riaux de construction<\/p>\n<\/li>\n<li data-start=\"4147\" data-end=\"4183\">\n<p data-start=\"4149\" data-end=\"4183\">Logistique et livraison de dernier kilom\u00e8tre<\/p>\n<\/li>\n<\/ul>\n<hr data-start=\"4185\" data-end=\"4188\" \/>\n<h3 data-start=\"4190\" data-end=\"4211\">M\u00e9thodes de paiement<\/h3>\n<ul data-start=\"4212\" data-end=\"4292\">\n<li data-start=\"4212\" data-end=\"4233\">\n<p data-start=\"4214\" data-end=\"4233\">Transfert bancaire T \/ T<\/p>\n<\/li>\n<li data-start=\"4234\" data-end=\"4250\">\n<p data-start=\"4236\" data-end=\"4250\">L\/C \u00e0 vue<\/p>\n<\/li>\n<li data-start=\"4251\" data-end=\"4292\">\n<p data-start=\"4253\" data-end=\"4292\">Western Union \/ PayPal (petites commandes)<\/p>\n<\/li>\n<\/ul>\n<hr data-start=\"4294\" data-end=\"4297\" \/>\n<h3 data-start=\"4299\" data-end=\"4308\">FAQ (questions fr\u00e9quentes)<\/h3>\n<p data-start=\"4310\" data-end=\"4428\"><strong data-start=\"4310\" data-end=\"4382\">Q1: Quelle est la capacit\u00e9 de charge maximale du transport \u00e9lectrique commercial \u00e0 trois roues?<\/strong><br data-start=\"4382\" data-end=\"4385\" \/>A1: Il prend en charge jusqu'\u00e0 <strong data-start=\"4407\" data-end=\"4416\">500 kg<\/strong> de cargaison.<\/p>\n<p data-start=\"4430\" data-end=\"4539\"><strong data-start=\"4430\" data-end=\"4471\">Q2: Jusqu'o\u00f9 peut-il voyager par charge?<\/strong><br data-start=\"4471\" data-end=\"4474\" \/>A2 : Le tricycle fournit un <strong data-start=\"4502\" data-end=\"4517\">Port\u00e9e de 50 km<\/strong> sur une seule charge.<\/p>\n<p data-start=\"4541\" data-end=\"4631\"><strong data-start=\"4541\" data-end=\"4582\">Q3: Puis-je commander avec ma propre marque?<\/strong><br data-start=\"4582\" data-end=\"4585\" \/>A3: Oui, la personnalisation OEM\/ODM est disponible.<\/p>\n<p data-start=\"4633\" data-end=\"4714\"><strong data-start=\"4633\" data-end=\"4667\">Q4: Quel est le temps de charge?<\/strong><br data-start=\"4667\" data-end=\"4670\" \/>A4: Le temps de charge standard est <strong data-start=\"4700\" data-end=\"4711\">8 heures<\/strong>.<\/p>\n<p data-start=\"4716\" data-end=\"4850\"><strong data-start=\"4716\" data-end=\"4766\">Q5: Comment se compare-t-il \u00e0 un camion cargo de carburant?<\/strong><br data-start=\"4766\" data-end=\"4769\" \/>A5: Il est \u00e9cologique, plus silencieux, moins cher \u00e0 utiliser et n\u00e9cessite moins d'entretien.<\/p>","protected":false},"excerpt":{"rendered":"<p>Le <strong data-start=\"417\" data-end=\"443\">Transport commercial de v\u00e9hicules \u00e9lectriques \u00e0 trois roues<\/strong> est un v\u00e9hicule \u00e0 trois roues lourd et performant con\u00e7u pour les entreprises qui ont besoin de solutions de fret fiables et \u00e9cologiques. Dot\u00e9 d'un moteur robuste de 800 W, d'une vitesse maximale de 52 km\/h et de la capacit\u00e9 d'escalade de pentes pouvant aller jusqu'\u00e0 30\u00b0, ce trike \u00e9lectrique est con\u00e7u pour g\u00e9rer les routes urbaines et rurales difficiles. Il dispose d'un ch\u00e2ssis renforc\u00e9 en acier, d'un lit de charge arri\u00e8re fort et d'une capacit\u00e9 de charge de <strong data-start=\"837\" data-end=\"846\">500 kg<\/strong>ce qui le rend id\u00e9al pour la logistique, l'agriculture, la construction et la livraison au dernier kilom\u00e8tre.<\/p>","protected":false},"featured_media":4102,"comment_status":"open","ping_status":"closed","template":"","meta":[],"product_brand":[],"product_cat":[78],"product_tag":[],"class_list":{"0":"post-4091","1":"product","2":"type-product","3":"status-publish","4":"has-post-thumbnail","6":"product_cat-electric-tricycle","8":"first","9":"instock","10":"shipping-taxable","11":"product-type-simple"},"_links":{"self":[{"href":"https:\/\/www.tairuiauto.com\/fr\/wp-json\/wp\/v2\/product\/4091","targetHints":{"allow":["GET"]}}],"collection":[{"href":"https:\/\/www.tairuiauto.com\/fr\/wp-json\/wp\/v2\/product"}],"about":[{"href":"https:\/\/www.tairuiauto.com\/fr\/wp-json\/wp\/v2\/types\/product"}],"replies":[{"embeddable":true,"href":"https:\/\/www.tairuiauto.com\/fr\/wp-json\/wp\/v2\/comments?post=4091"}],"wp:featuredmedia":[{"embeddable":true,"href":"https:\/\/www.tairuiauto.com\/fr\/wp-json\/wp\/v2\/media\/4102"}],"wp:attachment":[{"href":"https:\/\/www.tairuiauto.com\/fr\/wp-json\/wp\/v2\/media?parent=4091"}],"wp:term":[{"taxonomy":"product_brand","embeddable":true,"href":"https:\/\/www.tairuiauto.com\/fr\/wp-json\/wp\/v2\/product_brand?post=4091"},{"taxonomy":"product_cat","embeddable":true,"href":"https:\/\/www.tairuiauto.com\/fr\/wp-json\/wp\/v2\/product_cat?post=4091"},{"taxonomy":"product_tag","embeddable":true,"href":"https:\/\/www.tairuiauto.com\/fr\/wp-json\/wp\/v2\/product_tag?post=4091"}],"curies":[{"name":"WP","href":"https:\/\/api.w.org\/{rel}","templated":true}]}}