{"id":4113,"date":"2025-10-30T10:15:55","date_gmt":"2025-10-30T02:15:55","guid":{"rendered":"https:\/\/www.tairuiauto.com\/?post_type=product&#038;p=4113"},"modified":"2025-10-23T09:32:54","modified_gmt":"2025-10-23T01:32:54","slug":"4-doors-electric-city-car","status":"publish","type":"product","link":"https:\/\/www.tairuiauto.com\/fr\/product\/4-doors-electric-city-car\/","title":{"rendered":"Voiture de ville \u00e9lectrique 4 portes"},"content":{"rendered":"<h2 data-start=\"259\" data-end=\"283\">Description du produit<\/h2>\n<p data-start=\"284\" data-end=\"741\">Le <strong data-start=\"607\" data-end=\"643\">Voiture de ville \u00e9lectrique 4 portes <\/strong>est id\u00e9al pour les trajets quotidiens, l'utilisation familiale et les transports \u00e0 courte distance dans les villes et les villes.<\/p>\n<table style=\"border-collapse: collapse; width: 66.0223%; height: 559px;\" border=\"0\" width=\"715\" cellspacing=\"0\" cellpadding=\"0\">\n<tbody>\n<tr style=\"height: 20.00pt;\">\n<td class=\"et4\" style=\"height: 20pt; width: 39.6529%;\" width=\"311\" height=\"33\">Mod\u00e8le<\/td>\n<td class=\"et4\" style=\"width: 60.0801%;\" width=\"404\">Voiture de ville \u00e9lectrique 4 portes<\/td>\n<\/tr>\n<tr style=\"height: 20.00pt;\">\n<td class=\"et5\" style=\"height: 20pt; width: 39.6529%;\" width=\"311\" height=\"33\">Voltage<\/td>\n<td class=\"et5\" style=\"width: 60.0801%;\" width=\"404\">60V<\/td>\n<\/tr>\n<tr style=\"height: 20.00pt;\">\n<td class=\"et5\" style=\"height: 20pt; width: 39.6529%;\" width=\"311\" height=\"33\">Puissance<\/td>\n<td class=\"et5\" style=\"width: 60.0801%;\" width=\"404\">&gt; 800 watts<\/td>\n<\/tr>\n<tr style=\"height: 20.00pt;\">\n<td class=\"et5\" style=\"height: 20pt; width: 39.6529%;\" width=\"311\" height=\"33\">Certification<\/td>\n<td class=\"et5\" style=\"width: 60.0801%;\" width=\"404\">CCC, CEE, CE<\/td>\n<\/tr>\n<tr style=\"height: 20.00pt;\">\n<td class=\"et5\" style=\"height: 20pt; width: 39.6529%;\" width=\"311\" height=\"33\">Type de corps<\/td>\n<td class=\"et5\" style=\"width: 60.0801%;\" width=\"404\">Ferm\u00e9<\/td>\n<\/tr>\n<tr style=\"height: 20.00pt;\">\n<td class=\"et5\" style=\"height: 20pt; width: 39.6529%;\" width=\"311\" height=\"33\">Choix de couleur<\/td>\n<td class=\"et5\" style=\"width: 60.0801%;\" width=\"404\">Personnalis\u00e9<\/td>\n<\/tr>\n<tr style=\"height: 20.00pt;\">\n<td class=\"et5\" style=\"height: 20pt; width: 39.6529%;\" width=\"311\" height=\"33\">Vitesse maximale Km\/H<\/td>\n<td class=\"et5\" style=\"width: 60.0801%;\" width=\"404\">30 \u00e0 40 km\/h<\/td>\n<\/tr>\n<tr style=\"height: 20.00pt;\">\n<td class=\"et5\" style=\"height: 20pt; width: 39.6529%;\" width=\"311\" height=\"33\">moteur<\/td>\n<td class=\"et5\" style=\"width: 60.0801%;\" width=\"404\">48\/60V 800W<\/td>\n<\/tr>\n<tr style=\"height: 20.00pt;\">\n<td class=\"et5\" style=\"height: 20pt; width: 39.6529%;\" width=\"311\" height=\"33\">Type de frein<\/td>\n<td class=\"et5\" style=\"width: 60.0801%;\" width=\"404\">Disque arri\u00e8re<\/td>\n<\/tr>\n<tr style=\"height: 20.00pt;\">\n<td class=\"et5\" style=\"height: 20pt; width: 39.6529%;\" width=\"311\" height=\"33\">Paquet de transport<\/td>\n<td class=\"et5\" style=\"width: 60.0801%;\" width=\"404\">Enveloppement de mousse<\/td>\n<\/tr>\n<tr style=\"height: 20.00pt;\">\n<td class=\"et5\" style=\"height: 20pt; width: 39.6529%;\" width=\"311\" height=\"33\">Origine<\/td>\n<td class=\"et5\" style=\"width: 60.0801%;\" width=\"404\">Chine<\/td>\n<\/tr>\n<tr style=\"height: 20.00pt;\">\n<td class=\"et5\" style=\"height: 20pt; width: 39.6529%;\" width=\"311\" height=\"33\">Sp\u00e9cification<\/td>\n<td class=\"et5\" style=\"width: 60.0801%;\" width=\"404\">2600 * 1300 * 1650mm<\/td>\n<\/tr>\n<tr style=\"height: 20.00pt;\">\n<td class=\"et5\" style=\"height: 20pt; width: 39.6529%;\" width=\"311\" height=\"33\">Code SH<\/td>\n<td class=\"et5\" style=\"width: 60.0801%;\" width=\"404\">8703800090<\/td>\n<\/tr>\n<tr style=\"height: 20.00pt;\">\n<td class=\"et5\" style=\"height: 20pt; width: 39.6529%;\" width=\"311\" height=\"33\">Capacit\u00e9 de production<\/td>\n<td class=\"et5\" style=\"width: 60.0801%;\" width=\"404\">300000 unit\u00e9s\/ann\u00e9e<\/td>\n<\/tr>\n<tr style=\"height: 20.00pt;\">\n<td class=\"et5\" style=\"height: 20pt; width: 39.6529%;\" width=\"311\" height=\"33\">Mode de freinage<\/td>\n<td class=\"et5\" style=\"width: 60.0801%;\" width=\"404\">Tambour avant Tambour arri\u00e8re<\/td>\n<\/tr>\n<tr style=\"height: 20.00pt;\">\n<td class=\"et5\" style=\"height: 20pt; width: 39.6529%;\" width=\"311\" height=\"33\">D\u00e9gagement minimum au sol<\/td>\n<td class=\"et5\" style=\"width: 60.0801%;\" width=\"404\">135<\/td>\n<\/tr>\n<tr style=\"height: 20.00pt;\">\n<td class=\"et5\" style=\"height: 20pt; width: 39.6529%;\" width=\"311\" height=\"33\">Capacit\u00e9 de production<\/td>\n<td class=\"et5\" style=\"width: 60.0801%;\" width=\"404\">100000set\/ann\u00e9e<\/td>\n<\/tr>\n<tr style=\"height: 20.00pt;\">\n<td class=\"et5\" style=\"height: 20pt; width: 39.6529%;\" width=\"311\" height=\"33\">Taille de l'emballage<\/td>\n<td class=\"et5\" style=\"width: 60.0801%;\" width=\"404\">320 cm * 120 cm * 140 cm<\/td>\n<\/tr>\n<tr style=\"height: 20.00pt;\">\n<td class=\"et5\" style=\"height: 20pt; width: 39.6529%;\" width=\"311\" height=\"33\">Poids brut de l'emballage<\/td>\n<td class=\"et5\" style=\"width: 60.0801%;\" width=\"404\">260kg<\/td>\n<\/tr>\n<\/tbody>\n<\/table>\n<hr data-start=\"4379\" data-end=\"4382\" \/>\n<h2 data-start=\"743\" data-end=\"766\">Points de vente cl\u00e9s<\/h2>\n<ol data-start=\"767\" data-end=\"1337\">\n<li data-start=\"767\" data-end=\"930\">\n<p data-start=\"770\" data-end=\"930\"><strong data-start=\"770\" data-end=\"794\">Compact mais spacieux<\/strong> \u2013 La cabine \u00e0 quatre portes assure le confort et la s\u00e9curit\u00e9 des si\u00e8ges, ce qui rend <strong data-start=\"865\" data-end=\"883\">Voiture de ville \u00e9lectrique 4 portes<\/strong> Convient pour le transport familial et de passagers.<\/p>\n<\/li>\n<li data-start=\"931\" data-end=\"1068\">\n<p data-start=\"934\" data-end=\"1068\"><strong data-start=\"934\" data-end=\"966\">Transport urbain respectueux de l'environnement<\/strong> Avec z\u00e9ro \u00e9missions, ce <strong data-start=\"995\" data-end=\"1016\">Mini voiture \u00e9lectrique<\/strong> r\u00e9duit la pollution tout en r\u00e9duisant les co\u00fbts d'exploitation.<\/p>\n<\/li>\n<li data-start=\"1069\" data-end=\"1211\">\n<p data-start=\"1072\" data-end=\"1211\"><strong data-start=\"1072\" data-end=\"1106\">Certifi\u00e9 pour la qualit\u00e9 &amp; S\u00e9curit\u00e9<\/strong> \u2013 Enti\u00e8rement conforme avec <strong data-start=\"1130\" data-end=\"1165\">Certifications CCC, CEE et CE<\/strong>garantissant la fiabilit\u00e9 et la pr\u00e9paration \u00e0 l'exportation.<\/p>\n<\/li>\n<li data-start=\"1212\" data-end=\"1337\">\n<p data-start=\"1215\" data-end=\"1337\"><strong data-start=\"1215\" data-end=\"1242\">Vitesse pratique &amp; plage<\/strong> \u2013 Capable d\u2019atteindre 30-40 km\/h avec une autonomie de 50 km par charge, parfait pour les voyages urbains.<\/p>\n<\/li>\n<\/ol>\n<hr data-start=\"4379\" data-end=\"4382\" \/>\n<h2 data-start=\"1339\" data-end=\"1370\">Avantages de la diff\u00e9renciation<\/h2>\n<ol data-start=\"1371\" data-end=\"1937\">\n<li data-start=\"1371\" data-end=\"1556\">\n<p data-start=\"1374\" data-end=\"1556\"><strong data-start=\"1374\" data-end=\"1413\">Une alternative s\u00fbre aux tricycles ouverts<\/strong> \u2013 Contrairement aux e-trikes standard, le <strong data-start=\"1446\" data-end=\"1464\">Voiture de ville \u00e9lectrique 4 portes<\/strong> dispose d'un corps ferm\u00e9 avec quatre portes, assurant la protection contre les intemp\u00e9ries et la s\u00e9curit\u00e9 des passagers.<\/p>\n<\/li>\n<li data-start=\"1557\" data-end=\"1680\">\n<p data-start=\"1560\" data-end=\"1680\"><strong data-start=\"1560\" data-end=\"1584\">Utilisation multifonctionnelle<\/strong> Convient comme un <strong data-start=\"1601\" data-end=\"1628\">v\u00e9hicule \u00e9lectrique familial<\/strong>navette communautaire ou voiture de livraison de quartier.<\/p>\n<\/li>\n<li data-start=\"1681\" data-end=\"1804\">\n<p data-start=\"1684\" data-end=\"1804\"><strong data-start=\"1684\" data-end=\"1711\">Aspect personnalisable<\/strong> \u2013 Disponible en diff\u00e9rentes couleurs et options de marque pour r\u00e9pondre aux besoins commerciaux ou personnels.<\/p>\n<\/li>\n<li data-start=\"1805\" data-end=\"1937\">\n<p data-start=\"1808\" data-end=\"1937\"><strong data-start=\"1808\" data-end=\"1836\">Capacit\u00e9 de production \u00e9lev\u00e9e<\/strong> \u2013 Avec jusqu'\u00e0 <strong data-start=\"1850\" data-end=\"1872\">300 000 unit\u00e9s\/an<\/strong>l'approvisionnement est stable pour les commandes en vrac et la personnalisation de la flotte.<\/p>\n<\/li>\n<\/ol>\n<p><img fetchpriority=\"high\" decoding=\"async\" class=\"wp-image-4118 aligncenter\" src=\"https:\/\/www.tairuiauto.com\/wp-content\/uploads\/2025\/10\/38e07943-3c21-4bbf-bb2e-f8bbbfdd6cae-150x300.webp\" alt=\"\" width=\"222\" height=\"444\" srcset=\"https:\/\/www.tairuiauto.com\/wp-content\/uploads\/2025\/10\/38e07943-3c21-4bbf-bb2e-f8bbbfdd6cae-150x300.webp 150w, https:\/\/www.tairuiauto.com\/wp-content\/uploads\/2025\/10\/38e07943-3c21-4bbf-bb2e-f8bbbfdd6cae-512x1024.webp 512w, https:\/\/www.tairuiauto.com\/wp-content\/uploads\/2025\/10\/38e07943-3c21-4bbf-bb2e-f8bbbfdd6cae-768x1536.webp 768w, https:\/\/www.tairuiauto.com\/wp-content\/uploads\/2025\/10\/38e07943-3c21-4bbf-bb2e-f8bbbfdd6cae-1024x2048.webp 1024w, https:\/\/www.tairuiauto.com\/wp-content\/uploads\/2025\/10\/38e07943-3c21-4bbf-bb2e-f8bbbfdd6cae-6x12.webp 6w, https:\/\/www.tairuiauto.com\/wp-content\/uploads\/2025\/10\/38e07943-3c21-4bbf-bb2e-f8bbbfdd6cae-600x1200.webp 600w, https:\/\/www.tairuiauto.com\/wp-content\/uploads\/2025\/10\/38e07943-3c21-4bbf-bb2e-f8bbbfdd6cae.webp 1060w\" sizes=\"(max-width: 222px) 100vw, 222px\" \/><\/p>\n<hr data-start=\"4379\" data-end=\"4382\" \/>\n<h2 data-start=\"2372\" data-end=\"2397\">Param\u00e8tres techniques<\/h2>\n<ul data-start=\"2398\" data-end=\"2554\">\n<li data-start=\"2398\" data-end=\"2425\">\n<p data-start=\"2400\" data-end=\"2425\">Distance par charge: 50 km<\/p>\n<\/li>\n<li data-start=\"2426\" data-end=\"2468\">\n<p data-start=\"2428\" data-end=\"2468\">Syst\u00e8me de freinage: Disque arri\u00e8re du tambour avant<\/p>\n<\/li>\n<li data-start=\"2469\" data-end=\"2497\">\n<p data-start=\"2471\" data-end=\"2497\">D\u00e9gagement au sol : 135 mm<\/p>\n<\/li>\n<li data-start=\"2498\" data-end=\"2521\">\n<p data-start=\"2500\" data-end=\"2521\">HS Code: 8703800090<\/p>\n<\/li>\n<li data-start=\"2522\" data-end=\"2554\">\n<p data-start=\"2524\" data-end=\"2554\">Paquet de transport: Enveloppement en mousse<\/p>\n<\/li>\n<\/ul>\n<hr data-start=\"4379\" data-end=\"4382\" \/>\n<h2 data-start=\"2556\" data-end=\"2569\">Mat\u00e9riel<\/h2>\n<ul data-start=\"2570\" data-end=\"2694\">\n<li data-start=\"2570\" data-end=\"2612\">\n<p data-start=\"2572\" data-end=\"2612\">Robuste <strong data-start=\"2579\" data-end=\"2599\">cadre de corps en acier<\/strong> pour la s\u00e9curit\u00e9<\/p>\n<\/li>\n<li data-start=\"2613\" data-end=\"2645\">\n<p data-start=\"2615\" data-end=\"2645\">Renforc\u00e9 <strong data-start=\"2626\" data-end=\"2643\">fen\u00eatres en verre<\/strong><\/p>\n<\/li>\n<li data-start=\"2646\" data-end=\"2694\">\n<p data-start=\"2648\" data-end=\"2694\">Durable <strong data-start=\"2656\" data-end=\"2672\">pneus en caoutchouc<\/strong> pour une manipulation fluide<\/p>\n<\/li>\n<\/ul>\n<hr data-start=\"4379\" data-end=\"4382\" \/>\n<h2 data-start=\"2696\" data-end=\"2711\">Apparence<\/h2>\n<ul data-start=\"2712\" data-end=\"2839\">\n<li data-start=\"2712\" data-end=\"2776\">\n<p data-start=\"2714\" data-end=\"2776\">Styling moderne compact avec un <strong data-start=\"2744\" data-end=\"2774\">conception hatchback quatre portes<\/strong><\/p>\n<\/li>\n<li data-start=\"2777\" data-end=\"2839\">\n<p data-start=\"2779\" data-end=\"2839\">Corps rationalis\u00e9 avec bords lisses et look urbain<\/p>\n<\/li>\n<\/ul>\n<hr data-start=\"4379\" data-end=\"4382\" \/>\n<h2 data-start=\"2841\" data-end=\"2852\">Conception<\/h2>\n<ul data-start=\"2853\" data-end=\"3017\">\n<li data-start=\"2853\" data-end=\"2902\">\n<p data-start=\"2855\" data-end=\"2902\">Con\u00e7u comme un <strong data-start=\"2869\" data-end=\"2900\">Mini voiture \u00e9lectrique<\/strong><\/p>\n<\/li>\n<li data-start=\"2903\" data-end=\"2957\">\n<p data-start=\"2905\" data-end=\"2957\">Disposition confortable pour 3 \u00e0 4 passagers<\/p>\n<\/li>\n<li data-start=\"2958\" data-end=\"3017\">\n<p data-start=\"2960\" data-end=\"3017\">Le corps ferm\u00e9 assure une protection contre la pluie, le vent et le soleil<\/p>\n<\/li>\n<\/ul>\n<hr data-start=\"4379\" data-end=\"4382\" \/>\n<h2 data-start=\"3019\" data-end=\"3041\">personnalisation OEM<\/h2>\n<ul data-start=\"3042\" data-end=\"3159\">\n<li data-start=\"3042\" data-end=\"3075\">\n<p data-start=\"3044\" data-end=\"3075\">Branding personnalis\u00e9 pour l'utilisation de la flotte<\/p>\n<\/li>\n<li data-start=\"3076\" data-end=\"3115\">\n<p data-start=\"3078\" data-end=\"3115\">Options personnalis\u00e9es de couleur et de logo<\/p>\n<\/li>\n<li data-start=\"3116\" data-end=\"3159\">\n<p data-start=\"3118\" data-end=\"3159\">Mises \u00e0 niveau configurables de la batterie et du moteur<\/p>\n<\/li>\n<\/ul>\n<hr data-start=\"4379\" data-end=\"4382\" \/>\n<h2 data-start=\"3161\" data-end=\"3181\">Contr\u00f4le qualit\u00e9<\/h2>\n<ul data-start=\"3182\" data-end=\"3331\">\n<li data-start=\"3182\" data-end=\"3229\">\n<p data-start=\"3184\" data-end=\"3229\">Test de performance du moteur \u00e0 100% avant exp\u00e9dition<\/p>\n<\/li>\n<li data-start=\"3230\" data-end=\"3270\">\n<p data-start=\"3232\" data-end=\"3270\">V\u00e9rifications de frein et de s\u00e9curit\u00e9 sur chaque unit\u00e9<\/p>\n<\/li>\n<li data-start=\"3271\" data-end=\"3331\">\n<p data-start=\"3273\" data-end=\"3331\">Conformit\u00e9 certifi\u00e9e aux normes internationales d'exportation<\/p>\n<\/li>\n<\/ul>\n<hr data-start=\"4379\" data-end=\"4382\" \/>\n<h2 data-start=\"3333\" data-end=\"3357\">Service apr\u00e8s-vente<\/h2>\n<ul data-start=\"3358\" data-end=\"3475\">\n<li data-start=\"3358\" data-end=\"3405\">\n<p data-start=\"3360\" data-end=\"3405\">Garantie disponible pour moteur et contr\u00f4leur<\/p>\n<\/li>\n<li data-start=\"3406\" data-end=\"3434\">\n<p data-start=\"3408\" data-end=\"3434\">Support technique en ligne<\/p>\n<\/li>\n<li data-start=\"3435\" data-end=\"3475\">\n<p data-start=\"3437\" data-end=\"3475\">Fourniture de pi\u00e8ces d\u00e9tach\u00e9es pour une utilisation \u00e0 long terme<\/p>\n<\/li>\n<\/ul>\n<hr data-start=\"4379\" data-end=\"4382\" \/>\n<h2 data-start=\"3477\" data-end=\"3500\">Champs d'application<\/h2>\n<ul data-start=\"3501\" data-end=\"3637\">\n<li data-start=\"3501\" data-end=\"3521\">\n<p data-start=\"3503\" data-end=\"3521\">Les d\u00e9placements familiaux<\/p>\n<\/li>\n<li data-start=\"3522\" data-end=\"3556\">\n<p data-start=\"3524\" data-end=\"3556\">Transport scolaire et communautaire<\/p>\n<\/li>\n<li data-start=\"3557\" data-end=\"3591\">\n<p data-start=\"3559\" data-end=\"3591\">Navette touristique et utilisation de la station<\/p>\n<\/li>\n<li data-start=\"3592\" data-end=\"3637\">\n<p data-start=\"3594\" data-end=\"3637\">V\u00e9hicule de livraison et de service de quartier<\/p>\n<\/li>\n<\/ul>\n<hr data-start=\"4379\" data-end=\"4382\" \/>\n<h2 data-start=\"3639\" data-end=\"3658\">M\u00e9thode de paiement<\/h2>\n<ul data-start=\"3659\" data-end=\"3721\">\n<li data-start=\"3659\" data-end=\"3721\">\n<p data-start=\"3661\" data-end=\"3721\">Accepte T \/ T, L \/ C et options de paiement internationales s\u00e9curis\u00e9es<\/p>\n<\/li>\n<\/ul>\n<hr data-start=\"4379\" data-end=\"4382\" \/>\n<h2 data-start=\"3723\" data-end=\"3731\">FAQ (questions fr\u00e9quentes)<\/h2>\n<p data-start=\"3732\" data-end=\"3860\"><strong data-start=\"3732\" data-end=\"3788\">Q1: Quelle est la vitesse maximale de la voiture de ville \u00e9lectrique 4 portes?<\/strong><br data-start=\"3788\" data-end=\"3791\" \/>A1: Il peut atteindre jusqu'\u00e0 40 km\/h, id\u00e9al pour les voyages en ville et en banlieue.<\/p>\n<p data-start=\"3862\" data-end=\"3994\"><strong data-start=\"3862\" data-end=\"3912\">Q2: Combien de passagers peut transporter le v\u00e9hicule?<\/strong><br data-start=\"3912\" data-end=\"3915\" \/>A2 : Le <strong data-start=\"3923\" data-end=\"3954\">tricycle \u00e9lectrique passager<\/strong> Il peut transporter 3 \u00e0 4 passagers confortablement.<\/p>\n<p data-start=\"3996\" data-end=\"4135\"><strong data-start=\"3996\" data-end=\"4056\">Q3: Ce mod\u00e8le est-il livr\u00e9 avec des certifications pour l'exportation?<\/strong><br data-start=\"4056\" data-end=\"4059\" \/>A3 : Oui, il y a <strong data-start=\"4075\" data-end=\"4110\">Certifications CCC, CEE et CE<\/strong> pour la conformit\u00e9 mondiale.<\/p>\n<p data-start=\"4137\" data-end=\"4276\"><strong data-start=\"4137\" data-end=\"4184\">Q4: Puis-je personnaliser la couleur et la marque?<\/strong><br data-start=\"4184\" data-end=\"4187\" \/>A4: Oui, la personnalisation OEM est disponible pour les couleurs, les logos et m\u00eame les exigences de la flotte.<\/p>\n<p data-start=\"4278\" data-end=\"4377\"><strong data-start=\"4278\" data-end=\"4319\">Q5: Quelle est l'endurance par charge?<\/strong><br data-start=\"4319\" data-end=\"4322\" \/>A5 : Le v\u00e9hicule peut parcourir jusqu\u2019\u00e0 50 km \u00e0 pleine charge.<\/p>\n<hr data-start=\"4379\" data-end=\"4382\" \/>\n<p data-start=\"4384\" data-end=\"4557\">","protected":false},"excerpt":{"rendered":"<p>Le <strong data-start=\"288\" data-end=\"306\">Voiture de ville \u00e9lectrique 4 portes<\/strong> est un polyvalent <strong data-start=\"322\" data-end=\"353\">tricycle \u00e9lectrique passager<\/strong> con\u00e7u pour une mobilit\u00e9 urbaine s\u00fbre, confortable et \u00e9cologique. Avec un design \u00e9l\u00e9gant \u00e0 carrosserie ferm\u00e9e \u00e0 quatre portes, ce mod\u00e8le comble l'\u00e9cart entre une voiture \u00e9lectrique compacte et un tricycle traditionnel. Aliment\u00e9 par un moteur de 800W avec des options de tension 48V\/60V, le <strong data-start=\"607\" data-end=\"643\">4 Portes ville \u00e9lectrique<\/strong>\u00a0est id\u00e9al pour les trajets quotidiens, l'utilisation familiale et les transports \u00e0 courte distance dans les villes et les villes.<\/p>","protected":false},"featured_media":4114,"comment_status":"open","ping_status":"closed","template":"","meta":[],"product_brand":[],"product_cat":[77],"product_tag":[],"class_list":{"0":"post-4113","1":"product","2":"type-product","3":"status-publish","4":"has-post-thumbnail","6":"product_cat-electric-micro-vehicle","8":"first","9":"instock","10":"shipping-taxable","11":"product-type-simple"},"_links":{"self":[{"href":"https:\/\/www.tairuiauto.com\/fr\/wp-json\/wp\/v2\/product\/4113","targetHints":{"allow":["GET"]}}],"collection":[{"href":"https:\/\/www.tairuiauto.com\/fr\/wp-json\/wp\/v2\/product"}],"about":[{"href":"https:\/\/www.tairuiauto.com\/fr\/wp-json\/wp\/v2\/types\/product"}],"replies":[{"embeddable":true,"href":"https:\/\/www.tairuiauto.com\/fr\/wp-json\/wp\/v2\/comments?post=4113"}],"wp:featuredmedia":[{"embeddable":true,"href":"https:\/\/www.tairuiauto.com\/fr\/wp-json\/wp\/v2\/media\/4114"}],"wp:attachment":[{"href":"https:\/\/www.tairuiauto.com\/fr\/wp-json\/wp\/v2\/media?parent=4113"}],"wp:term":[{"taxonomy":"product_brand","embeddable":true,"href":"https:\/\/www.tairuiauto.com\/fr\/wp-json\/wp\/v2\/product_brand?post=4113"},{"taxonomy":"product_cat","embeddable":true,"href":"https:\/\/www.tairuiauto.com\/fr\/wp-json\/wp\/v2\/product_cat?post=4113"},{"taxonomy":"product_tag","embeddable":true,"href":"https:\/\/www.tairuiauto.com\/fr\/wp-json\/wp\/v2\/product_tag?post=4113"}],"curies":[{"name":"WP","href":"https:\/\/api.w.org\/{rel}","templated":true}]}}