{"id":4168,"date":"2025-10-23T10:40:07","date_gmt":"2025-10-23T02:40:07","guid":{"rendered":"https:\/\/www.tairuiauto.com\/?post_type=product&#038;p=4168"},"modified":"2025-10-22T10:55:21","modified_gmt":"2025-10-22T02:55:21","slug":"5-door-electric-mini-car","status":"publish","type":"product","link":"https:\/\/www.tairuiauto.com\/fr\/product\/5-door-electric-mini-car\/","title":{"rendered":"Mini voiture \u00e9lectrique de 5 portes"},"content":{"rendered":"<h2 data-start=\"517\" data-end=\"545\">Description du produit<\/h2>\n<p data-start=\"546\" data-end=\"860\">Le TECREK S5401 <strong>V\u00e9hicule \u00e9lectrique \u00e0 quatre roues \u00e0 grande vitesse<\/strong> Con\u00e7ue pour les d\u00e9placements en ville et en banlieue, cette voiture \u00e9lectrique \u00e0 cinq portes et quatre si\u00e8ges combine des performances \u00e9lev\u00e9es avec une efficacit\u00e9 \u00e9nerg\u00e9tique.<\/p>\n<table style=\"width: 76.8515%; height: 656px;\" width=\"720\">\n<tbody>\n<tr>\n<td style=\"width: 36.7769%;\" width=\"265\">Mod\u00e8le<\/td>\n<td style=\"width: 62.1212%;\" width=\"455\">TECREK S5401 Mini voiture \u00e9lectrique de 5 portes<\/td>\n<\/tr>\n<tr>\n<td style=\"width: 36.7769%;\" width=\"265\">Dimensions globales (mm)<\/td>\n<td style=\"width: 62.1212%;\" width=\"455\">3532*1498*1605<\/td>\n<\/tr>\n<tr>\n<td style=\"width: 36.7769%;\" width=\"265\">Distance entre roues (mm)<\/td>\n<td style=\"width: 62.1212%;\" width=\"455\">2275<\/td>\n<\/tr>\n<tr>\n<td style=\"width: 36.7769%;\" width=\"265\">Base avant\/arri\u00e8re (mm)<\/td>\n<td style=\"width: 62.1212%;\" width=\"455\">1290\/1290<\/td>\n<\/tr>\n<tr>\n<td style=\"width: 36.7769%;\" width=\"265\">D\u00e9gagement minimum au sol (mm)<\/td>\n<td style=\"width: 62.1212%;\" width=\"455\">125<\/td>\n<\/tr>\n<tr>\n<td style=\"width: 36.7769%;\" width=\"265\">Rayon de tournure minimum (m)<\/td>\n<td style=\"width: 62.1212%;\" width=\"455\">4.85<\/td>\n<\/tr>\n<tr>\n<td style=\"width: 36.7769%;\" width=\"265\">Distance maximale (km)<\/td>\n<td style=\"width: 62.1212%;\" width=\"455\">172<\/td>\n<\/tr>\n<tr>\n<td style=\"width: 36.7769%;\" width=\"265\">Poids de borne (kg)<\/td>\n<td style=\"width: 62.1212%;\" width=\"455\">830<\/td>\n<\/tr>\n<tr>\n<td style=\"width: 36.7769%;\" width=\"265\">Type de moteur<\/td>\n<td style=\"width: 62.1212%;\" width=\"455\">Aimant permanent synchrone<\/td>\n<\/tr>\n<tr>\n<td style=\"width: 36.7769%;\" width=\"265\">Puissance nominale du moteur (kw)<\/td>\n<td style=\"width: 62.1212%;\" width=\"455\">15<\/td>\n<\/tr>\n<tr>\n<td style=\"width: 36.7769%;\" width=\"265\">Couple maximum (N\u00b7m)<\/td>\n<td style=\"width: 62.1212%;\" width=\"455\">110<\/td>\n<\/tr>\n<tr>\n<td style=\"width: 36.7769%;\" width=\"265\">Vitesse (km\/h)<\/td>\n<td style=\"width: 62.1212%;\" width=\"455\">\u2265 100<\/td>\n<\/tr>\n<tr>\n<td style=\"width: 36.7769%;\" width=\"265\">Type de batterie d'alimentation<\/td>\n<td style=\"width: 62.1212%;\" width=\"455\">Batterie lithium-ion<\/td>\n<\/tr>\n<tr>\n<td style=\"width: 36.7769%;\" width=\"265\">Voltage de charge (V)<\/td>\n<td style=\"width: 62.1212%;\" width=\"455\">220<\/td>\n<\/tr>\n<tr>\n<td style=\"width: 36.7769%;\" width=\"265\">Temps de charge (heures)<\/td>\n<td style=\"width: 62.1212%;\" width=\"455\">7~10<\/td>\n<\/tr>\n<tr>\n<td style=\"width: 36.7769%;\" width=\"265\">Formulaire de conduite<\/td>\n<td style=\"width: 62.1212%;\" width=\"455\">Apr\u00e8s l'entra\u00eenement arri\u00e8re<\/td>\n<\/tr>\n<tr>\n<td style=\"width: 36.7769%;\" width=\"265\">Type de frein<\/td>\n<td style=\"width: 62.1212%;\" width=\"455\">Pose du disque avant et du tambour arri\u00e8re<\/td>\n<\/tr>\n<tr>\n<td style=\"width: 36.7769%;\" width=\"265\">Suspension avant<\/td>\n<td style=\"width: 62.1212%;\" width=\"455\">Suspension ind\u00e9pendante McPherson avant<\/td>\n<\/tr>\n<tr>\n<td style=\"width: 36.7769%;\" width=\"265\">Apr\u00e8s la suspension<\/td>\n<td style=\"width: 62.1212%;\" width=\"455\">Trois &#8211; lien non &#8211; suspension ind\u00e9pendante<\/td>\n<\/tr>\n<tr>\n<td style=\"width: 36.7769%;\" width=\"265\">Type de transmission<\/td>\n<td style=\"width: 62.1212%;\" width=\"455\">Transmission \u00e0 rapport de vitesse fixe<\/td>\n<\/tr>\n<tr>\n<td style=\"width: 36.7769%;\" width=\"265\">Modifier le formulaire<\/td>\n<td style=\"width: 62.1212%;\" width=\"455\">Type de bouton<\/td>\n<\/tr>\n<tr>\n<td style=\"width: 36.7769%;\" width=\"265\">Taille des pneus<\/td>\n<td style=\"width: 62.1212%;\" width=\"455\">155\/65 R13<\/td>\n<\/tr>\n<\/tbody>\n<\/table>\n<hr data-start=\"1245\" data-end=\"1248\" \/>\n<h2 data-start=\"1250\" data-end=\"1288\"><\/h2>\n<h2 data-start=\"1250\" data-end=\"1288\"><strong data-start=\"1253\" data-end=\"1286\">Caract\u00e9ristiques cl\u00e9s &amp; Points de vente<\/strong><\/h2>\n<p>&nbsp;<\/p>\n<ol data-start=\"1290\" data-end=\"2144\">\n<li data-start=\"1290\" data-end=\"1486\">\n<p data-start=\"1293\" data-end=\"1486\"><strong data-start=\"1293\" data-end=\"1326\">Design compact de luxe \u00e0 5 portes:<\/strong><br data-start=\"1326\" data-end=\"1329\" \/>La voiture \u00e9lectrique TECREK S5401 offre un int\u00e9rieur spacieux avec <strong data-start=\"1394\" data-end=\"1418\">4 si\u00e8ges ergonomiques<\/strong>garantissant le confort familial tout en conservant un profil urbain \u00e9l\u00e9gant.<\/p>\n<\/li>\n<li data-start=\"1488\" data-end=\"1688\">\n<p data-start=\"1491\" data-end=\"1688\"><strong data-start=\"1491\" data-end=\"1521\">Haute vitesse et longue port\u00e9e:<\/strong><br data-start=\"1521\" data-end=\"1524\" \/>Atteindre un <strong data-start=\"1537\" data-end=\"1566\">vitesse maximale de 100 km\/h<\/strong> et voyager jusqu'\u00e0 <strong data-start=\"1584\" data-end=\"1613\">172 km en une seule charge<\/strong>ce qui rend le S5401 parfait pour les trajets en ville et les voyages interurbains.<\/p>\n<\/li>\n<li data-start=\"1690\" data-end=\"1912\">\n<p data-start=\"1693\" data-end=\"1912\"><strong data-start=\"1693\" data-end=\"1730\">Moteur d'aimant permanent efficace:<\/strong><br data-start=\"1730\" data-end=\"1733\" \/>\u00c9quip\u00e9 d'un <strong data-start=\"1752\" data-end=\"1787\">Moteur PMS haute performance de 15 kW<\/strong>Cette mini-voiture \u00e9lectrique garantit une acc\u00e9l\u00e9ration douce, une r\u00e9ponse rapide et un couple \u00e9lev\u00e9 avec faible bruit et z\u00e9ro pollution.<\/p>\n<\/li>\n<li data-start=\"1914\" data-end=\"2144\">\n<p data-start=\"1917\" data-end=\"2144\"><strong data-start=\"1917\" data-end=\"1954\">Syst\u00e8me intelligent de batterie lithium-ion:<\/strong><br data-start=\"1954\" data-end=\"1957\" \/>Les avanc\u00e9s <strong data-start=\"1973\" data-end=\"1996\">batterie lithium-ion<\/strong> assure une excellente densit\u00e9 \u00e9nerg\u00e9tique, une charge rapide (7 \u00e0 10 heures) et une s\u00e9curit\u00e9 sup\u00e9rieure gr\u00e2ce \u00e0 la gestion intelligente de la batterie et \u00e0 la protection contre la surchauffe.<\/p>\n<\/li>\n<\/ol>\n<p>&nbsp;<\/p>\n<hr data-start=\"2146\" data-end=\"2149\" \/>\n<h2 data-start=\"2151\" data-end=\"2185\"><\/h2>\n<h2 data-start=\"2151\" data-end=\"2185\"><strong data-start=\"2154\" data-end=\"2183\">Avantages diff\u00e9renci\u00e9s<\/strong><\/h2>\n<p>&nbsp;<\/p>\n<ol data-start=\"2187\" data-end=\"3104\">\n<li data-start=\"2187\" data-end=\"2412\">\n<p data-start=\"2190\" data-end=\"2412\"><strong data-start=\"2190\" data-end=\"2225\">Performances r\u00e9elles de v\u00e9hicules \u00e9lectriques \u00e0 grande vitesse:<\/strong><br data-start=\"2225\" data-end=\"2228\" \/>Contrairement aux voitures \u00e9lectriques \u00e0 basse vitesse traditionnelles, la TECREK S5401 est une <strong data-start=\"2297\" data-end=\"2333\">V\u00e9hicule \u00e9lectrique \u00e0 grande vitesse<\/strong>certifi\u00e9 pour l'utilisation routi\u00e8re avec une dynamique am\u00e9lior\u00e9e du ch\u00e2ssis et une r\u00e9ponse de freinage.<\/p>\n<\/li>\n<li data-start=\"2414\" data-end=\"2648\">\n<p data-start=\"2417\" data-end=\"2648\"><strong data-start=\"2417\" data-end=\"2448\">Le confort rencontre la pratique :<\/strong><br data-start=\"2448\" data-end=\"2451\" \/>Avec un <strong data-start=\"2466\" data-end=\"2495\">am\u00e9nagement int\u00e9rieur luxueux<\/strong>Le S5401 comprend un tableau de bord num\u00e9rique, un syst\u00e8me de ventilation, des si\u00e8ges r\u00e9glables et une interface de commande intelligente pour une exp\u00e9rience de conduite am\u00e9lior\u00e9e.<\/p>\n<\/li>\n<li data-start=\"2650\" data-end=\"2888\">\n<p data-start=\"2653\" data-end=\"2888\"><strong data-start=\"2653\" data-end=\"2685\">Ing\u00e9nierie orient\u00e9e s\u00e9curit\u00e9 :<\/strong><br data-start=\"2685\" data-end=\"2688\" \/>Avec <strong data-start=\"2696\" data-end=\"2731\">freins \u00e0 disque avant et freins \u00e0 tambour arri\u00e8re<\/strong>, <strong data-start=\"2733\" data-end=\"2763\">Suspension avant McPherson<\/strong>et un <strong data-start=\"2771\" data-end=\"2813\">syst\u00e8me arri\u00e8re non ind\u00e9pendant \u00e0 trois liaisons<\/strong>Ce v\u00e9hicule \u00e9lectrique assure la stabilit\u00e9, la s\u00e9curit\u00e9 et le confort sur divers terrains.<\/p>\n<\/li>\n<li data-start=\"2890\" data-end=\"3104\">\n<p data-start=\"2893\" data-end=\"3104\"><strong data-start=\"2893\" data-end=\"2935\">Durable et Mobilit\u00e9 rentable :<\/strong><br data-start=\"2935\" data-end=\"2938\" \/>Offre <strong data-start=\"2950\" data-end=\"2975\">conduite z\u00e9ro \u00e9mission<\/strong>, <strong data-start=\"2977\" data-end=\"2996\">faible entretien<\/strong>Avec une longue dur\u00e9e de vie de la batterie, le S5401 est id\u00e9al pour le d\u00e9veloppement urbain durable et les consommateurs \u00e9cologiquement conscients.<\/p>\n<\/li>\n<\/ol>\n<p>&nbsp;<\/p>\n<p><img fetchpriority=\"high\" decoding=\"async\" class=\"alignnone size-medium wp-image-4173\" src=\"https:\/\/www.tairuiauto.com\/wp-content\/uploads\/2025\/10\/5-1-300x200.jpg\" alt=\"\" width=\"300\" height=\"200\" srcset=\"https:\/\/www.tairuiauto.com\/wp-content\/uploads\/2025\/10\/5-1-300x200.jpg 300w, https:\/\/www.tairuiauto.com\/wp-content\/uploads\/2025\/10\/5-1-1024x683.jpg 1024w, https:\/\/www.tairuiauto.com\/wp-content\/uploads\/2025\/10\/5-1-768x512.jpg 768w, https:\/\/www.tairuiauto.com\/wp-content\/uploads\/2025\/10\/5-1-1536x1024.jpg 1536w, https:\/\/www.tairuiauto.com\/wp-content\/uploads\/2025\/10\/5-1-2048x1365.jpg 2048w, https:\/\/www.tairuiauto.com\/wp-content\/uploads\/2025\/10\/5-1-18x12.jpg 18w, https:\/\/www.tairuiauto.com\/wp-content\/uploads\/2025\/10\/5-1-600x400.jpg 600w\" sizes=\"(max-width: 300px) 100vw, 300px\" \/>\u00a0 \u00a0 \u00a0 \u00a0 \u00a0\u00a0 <img decoding=\"async\" class=\"alignnone size-medium wp-image-4174\" src=\"https:\/\/www.tairuiauto.com\/wp-content\/uploads\/2025\/10\/6-1-300x200.jpg\" alt=\"\" width=\"300\" height=\"200\" srcset=\"https:\/\/www.tairuiauto.com\/wp-content\/uploads\/2025\/10\/6-1-300x200.jpg 300w, https:\/\/www.tairuiauto.com\/wp-content\/uploads\/2025\/10\/6-1-1024x683.jpg 1024w, https:\/\/www.tairuiauto.com\/wp-content\/uploads\/2025\/10\/6-1-768x512.jpg 768w, https:\/\/www.tairuiauto.com\/wp-content\/uploads\/2025\/10\/6-1-1536x1024.jpg 1536w, https:\/\/www.tairuiauto.com\/wp-content\/uploads\/2025\/10\/6-1-2048x1365.jpg 2048w, https:\/\/www.tairuiauto.com\/wp-content\/uploads\/2025\/10\/6-1-18x12.jpg 18w, https:\/\/www.tairuiauto.com\/wp-content\/uploads\/2025\/10\/6-1-600x400.jpg 600w\" sizes=\"(max-width: 300px) 100vw, 300px\" \/>\u00a0 \u00a0 \u00a0 \u00a0 \u00a0\u00a0 <img decoding=\"async\" class=\"alignnone size-medium wp-image-4177\" src=\"https:\/\/www.tairuiauto.com\/wp-content\/uploads\/2025\/10\/9-1-300x200.jpg\" alt=\"\" width=\"300\" height=\"200\" srcset=\"https:\/\/www.tairuiauto.com\/wp-content\/uploads\/2025\/10\/9-1-300x200.jpg 300w, https:\/\/www.tairuiauto.com\/wp-content\/uploads\/2025\/10\/9-1-1024x683.jpg 1024w, https:\/\/www.tairuiauto.com\/wp-content\/uploads\/2025\/10\/9-1-768x512.jpg 768w, https:\/\/www.tairuiauto.com\/wp-content\/uploads\/2025\/10\/9-1-1536x1024.jpg 1536w, https:\/\/www.tairuiauto.com\/wp-content\/uploads\/2025\/10\/9-1-2048x1365.jpg 2048w, https:\/\/www.tairuiauto.com\/wp-content\/uploads\/2025\/10\/9-1-18x12.jpg 18w, https:\/\/www.tairuiauto.com\/wp-content\/uploads\/2025\/10\/9-1-600x400.jpg 600w\" sizes=\"(max-width: 300px) 100vw, 300px\" \/><\/p>\n<hr data-start=\"3789\" data-end=\"3792\" \/>\n<h2 data-start=\"3794\" data-end=\"3819\"><strong data-start=\"3797\" data-end=\"3817\">Mat\u00e9riel et Construire<\/strong><\/h2>\n<p data-start=\"3820\" data-end=\"4020\">Construit avec un <strong data-start=\"3839\" data-end=\"3868\">cadre en acier haute r\u00e9sistance<\/strong>rev\u00eatements r\u00e9sistants \u00e0 la corrosion, et un <strong data-start=\"3906\" data-end=\"3940\">ext\u00e9rieur composite l\u00e9ger<\/strong>Le S5401 offre un \u00e9quilibre parfait entre s\u00e9curit\u00e9 et efficacit\u00e9 \u00e9nerg\u00e9tique.<\/p>\n<hr data-start=\"4022\" data-end=\"4025\" \/>\n<h2 data-start=\"4027\" data-end=\"4051\"><strong data-start=\"4030\" data-end=\"4049\">Design ext\u00e9rieur<\/strong><\/h2>\n<p data-start=\"4052\" data-end=\"4278\">Caract\u00e9ristiques du TECREK S5401 <strong data-start=\"4078\" data-end=\"4144\">lignes a\u00e9rodynamiques, \u00e9clairage LED et grille avant futuriste<\/strong>ce qui lui donne une esth\u00e9tique urbaine raffin\u00e9e. Le design compact mais audacieux de la carrosserie am\u00e9liore l'efficacit\u00e9 \u00e9nerg\u00e9tique tout en restant \u00e9l\u00e9gantement moderne.<\/p>\n<hr data-start=\"4280\" data-end=\"4283\" \/>\n<h2 data-start=\"4285\" data-end=\"4315\"><strong data-start=\"4288\" data-end=\"4313\">Int\u00e9rieur &amp; Ergonomie<\/strong><\/h2>\n<p data-start=\"4316\" data-end=\"4567\">\u00c0 l\u2019int\u00e9rieur, le S5401 offre <strong data-start=\"4341\" data-end=\"4371\">un panneau d'instruments num\u00e9rique<\/strong>, <strong data-start=\"4373\" data-end=\"4397\">centre de contr\u00f4le tactile<\/strong>et <strong data-start=\"4403\" data-end=\"4434\">tapisserie bicolore premium<\/strong>Sa conception d'acc\u00e8s \u00e0 5 portes offre une facilit\u00e9 d'entr\u00e9e et un ample espace de chargement, ce qui le rend id\u00e9al pour les d\u00e9placements quotidiens ou l'utilisation l\u00e9g\u00e8re d'affaires.<\/p>\n<hr data-start=\"4569\" data-end=\"4572\" \/>\n<h2 data-start=\"4574\" data-end=\"4602\"><strong data-start=\"4577\" data-end=\"4600\">OEM &amp; Personnalisation<\/strong><\/h2>\n<p data-start=\"4603\" data-end=\"4798\">Les services OEM sont disponibles pour <strong data-start=\"4634\" data-end=\"4725\">couleurs ext\u00e9rieures, logos de marque, mat\u00e9riaux de si\u00e8ge et configurations de syst\u00e8mes d'infodivertissement<\/strong>en veillant \u00e0 ce que chaque TECREK S5401 refl\u00e8te les besoins de votre march\u00e9 local.<\/p>\n<hr data-start=\"4800\" data-end=\"4803\" \/>\n<h2 data-start=\"4805\" data-end=\"4829\"><strong data-start=\"4808\" data-end=\"4827\">Contr\u00f4le qualit\u00e9<\/strong><\/h2>\n<p data-start=\"4830\" data-end=\"5021\">Chaque S5401 est test\u00e9 sous <strong data-start=\"4857\" data-end=\"4896\">Normes de qualit\u00e9 ISO, CEE et CCC<\/strong>Chaque unit\u00e9 subit <strong data-start=\"4919\" data-end=\"5002\">essais d'endurance de la batterie, contr\u00f4les de s\u00e9curit\u00e9 d'impact et v\u00e9rification d'\u00e9tanch\u00e9it\u00e9<\/strong> avant la livraison.<\/p>\n<hr data-start=\"5023\" data-end=\"5026\" \/>\n<h2 data-start=\"5028\" data-end=\"5056\"><strong data-start=\"5031\" data-end=\"5054\">Service apr\u00e8s-vente<\/strong><\/h2>\n<ul data-start=\"5057\" data-end=\"5208\">\n<li data-start=\"5057\" data-end=\"5087\">\n<p data-start=\"5059\" data-end=\"5087\">R\u00e9seau mondial apr\u00e8s-vente<\/p>\n<\/li>\n<li data-start=\"5088\" data-end=\"5148\">\n<p data-start=\"5090\" data-end=\"5148\"><strong data-start=\"5090\" data-end=\"5111\">Garantie de 12 mois<\/strong> pour batterie, moteur et contr\u00f4leur<\/p>\n<\/li>\n<li data-start=\"5149\" data-end=\"5208\">\n<p data-start=\"5151\" data-end=\"5208\"><strong data-start=\"5151\" data-end=\"5174\">Support de pi\u00e8ces d\u00e9tach\u00e9es<\/strong> et assistance technique en ligne<\/p>\n<\/li>\n<\/ul>\n<hr data-start=\"5210\" data-end=\"5213\" \/>\n<h2 data-start=\"5215\" data-end=\"5242\"><strong data-start=\"5218\" data-end=\"5240\">Champs d'application<\/strong><\/h2>\n<ul data-start=\"5243\" data-end=\"5394\">\n<li data-start=\"5243\" data-end=\"5268\">\n<p data-start=\"5245\" data-end=\"5268\">Utilisation de voitures priv\u00e9es urbaines<\/p>\n<\/li>\n<li data-start=\"5269\" data-end=\"5309\">\n<p data-start=\"5271\" data-end=\"5309\">Flettes de ridesharing ou de micro-mobilit\u00e9<\/p>\n<\/li>\n<li data-start=\"5310\" data-end=\"5348\">\n<p data-start=\"5312\" data-end=\"5348\">Logistique et tourisme respectueux de l'environnement<\/p>\n<\/li>\n<li data-start=\"5349\" data-end=\"5394\">\n<p data-start=\"5351\" data-end=\"5394\">Flottes \u00e9lectriques gouvernementales et entreprises<\/p>\n<\/li>\n<\/ul>\n<hr data-start=\"5396\" data-end=\"5399\" \/>\n<h2 data-start=\"5401\" data-end=\"5423\"><strong data-start=\"5404\" data-end=\"5421\">Conditions de paiement<\/strong><\/h2>\n<ul data-start=\"5424\" data-end=\"5549\">\n<li data-start=\"5424\" data-end=\"5463\">\n<p data-start=\"5426\" data-end=\"5463\">Accept\u00e9: T\/T, L\/C, assurance commerciale<\/p>\n<\/li>\n<li data-start=\"5464\" data-end=\"5502\">\n<p data-start=\"5466\" data-end=\"5502\">Livraison: 25-35 jours apr\u00e8s le d\u00e9p\u00f4t<\/p>\n<\/li>\n<li data-start=\"5503\" data-end=\"5549\">\n<p data-start=\"5505\" data-end=\"5549\">Commande minimale: n\u00e9gociable pour les distributeurs<\/p>\n<\/li>\n<\/ul>\n<hr data-start=\"5551\" data-end=\"5554\" \/>\n<h2 data-start=\"5556\" data-end=\"5568\"><strong data-start=\"5559\" data-end=\"5566\">FAQ (questions fr\u00e9quentes)<\/strong><\/h2>\n<p data-start=\"5570\" data-end=\"5754\"><strong data-start=\"5570\" data-end=\"5624\">Q1: Le TECREK S5401 est-il un v\u00e9hicule adapt\u00e9 \u00e0 l'autoroute ?<\/strong><br data-start=\"5624\" data-end=\"5627\" \/>A1: Oui, la S5401 est une voiture \u00e9lectrique \u00e0 grande vitesse capable d'atteindre <strong data-start=\"5695\" data-end=\"5707\">100 km\/h<\/strong>Convient \u00e0 la fois pour les routes urbaines et banlieues.<\/p>\n<p data-start=\"5756\" data-end=\"5894\"><strong data-start=\"5756\" data-end=\"5797\">Q2: Quelle est l'exigence de charge?<\/strong><br data-start=\"5797\" data-end=\"5800\" \/>A2: Les chargeurs domestiques standard 220V peuvent \u00eatre utilis\u00e9s, avec un temps de charge complet de <strong data-start=\"5877\" data-end=\"5891\">7 \u00e0 10 heures<\/strong>.<\/p>\n<p data-start=\"5896\" data-end=\"6050\"><strong data-start=\"5896\" data-end=\"5935\">Q3: Combien de temps dure la batterie?<\/strong><br data-start=\"5935\" data-end=\"5938\" \/>A3: La batterie lithium-ion fournit <strong data-start=\"5975\" data-end=\"6007\">plus de 2000 cycles de charge compl\u00e8te<\/strong>Assurant des ann\u00e9es de performances fiables.<\/p>\n<p data-start=\"6052\" data-end=\"6225\"><strong data-start=\"6052\" data-end=\"6107\">Q4: La voiture peut-elle \u00eatre personnalis\u00e9e pour notre march\u00e9 local?<\/strong><br data-start=\"6107\" data-end=\"6110\" \/>A4: Oui, TECREK offre compl\u00e8tement <strong data-start=\"6138\" data-end=\"6167\">personnalisation OEM et ODM<\/strong> r\u00e9glementations r\u00e9gionales de s\u00e9curit\u00e9 et pr\u00e9f\u00e9rences de conception.<\/p>","protected":false},"excerpt":{"rendered":"<p data-start=\"546\" data-end=\"860\">Le <strong data-start=\"550\" data-end=\"607\">TECREK S5401 v\u00e9hicule \u00e9lectrique \u00e0 quatre roues \u00e0 grande vitesse<\/strong> est con\u00e7ue pour red\u00e9finir la mobilit\u00e9 \u00e9lectrique moderne avec un m\u00e9lange de luxe, de praticit\u00e9 et d'ing\u00e9nierie intelligente. Con\u00e7ue pour les d\u00e9placements en ville et en banlieue, cette voiture \u00e9lectrique de cinq portes et quatre si\u00e8ges combine des performances \u00e9lev\u00e9es avec une efficacit\u00e9 \u00e9nerg\u00e9tique.<\/p>\n<p data-start=\"862\" data-end=\"1243\">Aliment\u00e9 par un <strong data-start=\"875\" data-end=\"913\">moteur synchrone \u00e0 aimant permanent<\/strong>le S5401 fournit <strong data-start=\"934\" data-end=\"962\">jusqu'\u00e0 100 km\/h vitesse maximale<\/strong> et un <strong data-start=\"970\" data-end=\"1017\">autonomie de conduite prolong\u00e9e de 172 km par charge<\/strong>soutenu par un robuste <strong data-start=\"1041\" data-end=\"1077\">syst\u00e8me de batterie d'alimentation lithium-ion<\/strong>Qu\u2019il s\u2019agisse d\u2019un usage personnel, d\u2019une flotte de v\u00e9hicules ou d\u2019une mobilit\u00e9 d\u2019entreprise respectueuse de l\u2019environnement, le S5401 assure la fiabilit\u00e9, le confort et la conduite z\u00e9ro \u00e9missions \u00e0 chaque voyage.<\/p>","protected":false},"featured_media":4169,"comment_status":"open","ping_status":"closed","template":"","meta":[],"product_brand":[],"product_cat":[77],"product_tag":[],"class_list":{"0":"post-4168","1":"product","2":"type-product","3":"status-publish","4":"has-post-thumbnail","6":"product_cat-electric-micro-vehicle","8":"first","9":"instock","10":"shipping-taxable","11":"product-type-simple"},"_links":{"self":[{"href":"https:\/\/www.tairuiauto.com\/fr\/wp-json\/wp\/v2\/product\/4168","targetHints":{"allow":["GET"]}}],"collection":[{"href":"https:\/\/www.tairuiauto.com\/fr\/wp-json\/wp\/v2\/product"}],"about":[{"href":"https:\/\/www.tairuiauto.com\/fr\/wp-json\/wp\/v2\/types\/product"}],"replies":[{"embeddable":true,"href":"https:\/\/www.tairuiauto.com\/fr\/wp-json\/wp\/v2\/comments?post=4168"}],"wp:featuredmedia":[{"embeddable":true,"href":"https:\/\/www.tairuiauto.com\/fr\/wp-json\/wp\/v2\/media\/4169"}],"wp:attachment":[{"href":"https:\/\/www.tairuiauto.com\/fr\/wp-json\/wp\/v2\/media?parent=4168"}],"wp:term":[{"taxonomy":"product_brand","embeddable":true,"href":"https:\/\/www.tairuiauto.com\/fr\/wp-json\/wp\/v2\/product_brand?post=4168"},{"taxonomy":"product_cat","embeddable":true,"href":"https:\/\/www.tairuiauto.com\/fr\/wp-json\/wp\/v2\/product_cat?post=4168"},{"taxonomy":"product_tag","embeddable":true,"href":"https:\/\/www.tairuiauto.com\/fr\/wp-json\/wp\/v2\/product_tag?post=4168"}],"curies":[{"name":"WP","href":"https:\/\/api.w.org\/{rel}","templated":true}]}}