{"id":4220,"date":"2026-01-11T10:00:48","date_gmt":"2026-01-11T02:00:48","guid":{"rendered":"https:\/\/www.tairuiauto.com\/?post_type=product&#038;p=4220"},"modified":"2026-01-27T10:30:11","modified_gmt":"2026-01-27T02:30:11","slug":"urban-delivery-electric-truck","status":"publish","type":"product","link":"https:\/\/www.tairuiauto.com\/fr\/product\/urban-delivery-electric-truck\/","title":{"rendered":"Camion \u00e9lectrique de livraison urbaine"},"content":{"rendered":"<h2 style=\"padding-left: 40px;\" data-start=\"340\" data-end=\"377\">Aper\u00e7u du produit<\/h2>\n<p style=\"padding-left: 40px;\" data-start=\"693\" data-end=\"1005\">Le <strong>Camion \u00e9lectrique de livraison urbaine<\/strong>\u00a0est un v\u00e9hicule de logistique urbaine sp\u00e9cialement con\u00e7u combinant des dimensions compactes, une forte capacit\u00e9 de charge utile et des performances \u00e9lectriques fiables. Il est con\u00e7u pour r\u00e9pondre aux exigences de la livraison quotidienne en ville, du transport commercial l\u00e9ger et des op\u00e9rations de flotte respectueuses de l'environnement.<\/p>\n<table style=\"width: 68.2045%; height: 576px; margin-left: 40px;\" width=\"720\">\n<tbody style=\"padding-left: 40px;\">\n<tr style=\"height: 24px; padding-left: 40px;\">\n<td style=\"height: 24px; width: 44.186%; padding-left: 40px;\" width=\"265\">Mod\u00e8le<\/td>\n<td style=\"height: 24px; width: 60.602%; padding-left: 40px;\" width=\"455\">Camion \u00e9lectrique de livraison urbaine<\/td>\n<\/tr>\n<tr style=\"height: 24px; padding-left: 40px;\">\n<td style=\"height: 24px; width: 44.186%; padding-left: 40px;\" width=\"265\">Type de bo\u00eete<\/td>\n<td style=\"height: 24px; width: 60.602%; padding-left: 40px;\" width=\"455\">Bo\u00eete de fret<\/td>\n<\/tr>\n<tr style=\"height: 24px; padding-left: 40px;\">\n<td style=\"height: 24px; width: 44.186%; padding-left: 40px;\" width=\"265\">Capacit\u00e9 du conteneur (m\u00b3)<\/td>\n<td style=\"height: 24px; width: 60.602%; padding-left: 40px;\" width=\"455\">3,4 m\u00b3<\/td>\n<\/tr>\n<tr style=\"height: 24px; padding-left: 40px;\">\n<td style=\"height: 24px; width: 44.186%; padding-left: 40px;\" width=\"265\">Capacit\u00e9 nominale (kg)<\/td>\n<td style=\"height: 24px; width: 60.602%; padding-left: 40px;\" width=\"455\">475<\/td>\n<\/tr>\n<tr style=\"height: 24px; padding-left: 40px;\">\n<td style=\"height: 24px; width: 44.186%; padding-left: 40px;\" width=\"265\">Dimensions globales (mm)<\/td>\n<td style=\"height: 24px; width: 60.602%; padding-left: 40px;\" width=\"455\">3820*1480*1900<\/td>\n<\/tr>\n<tr style=\"height: 24px; padding-left: 40px;\">\n<td style=\"height: 24px; width: 44.186%; padding-left: 40px;\" width=\"265\">Poids de borne (kg)<\/td>\n<td style=\"height: 24px; width: 60.602%; padding-left: 40px;\" width=\"455\">945<\/td>\n<\/tr>\n<tr style=\"height: 24px; padding-left: 40px;\">\n<td style=\"height: 24px; width: 44.186%; padding-left: 40px;\" width=\"265\">Dimensions du conteneur (mm)<\/td>\n<td style=\"height: 24px; width: 60.602%; padding-left: 40px;\" width=\"455\">2025*1400*1185<\/td>\n<\/tr>\n<tr style=\"height: 24px; padding-left: 40px;\">\n<td style=\"height: 24px; width: 44.186%; padding-left: 40px;\" width=\"265\">Port\u00e9e NEDC (km)<\/td>\n<td style=\"height: 24px; width: 60.602%; padding-left: 40px;\" width=\"455\">140<\/td>\n<\/tr>\n<tr style=\"height: 24px; padding-left: 40px;\">\n<td style=\"height: 24px; width: 44.186%; padding-left: 40px;\" width=\"265\">Si\u00e8ge(s) en Cab<\/td>\n<td style=\"height: 24px; width: 60.602%; padding-left: 40px;\" width=\"455\">2<\/td>\n<\/tr>\n<tr style=\"height: 24px; padding-left: 40px;\">\n<td style=\"height: 24px; width: 44.186%; padding-left: 40px;\" width=\"265\">Distance entre roues (mm)<\/td>\n<td style=\"height: 24px; width: 60.602%; padding-left: 40px;\" width=\"455\">2450<\/td>\n<\/tr>\n<tr style=\"height: 24px; padding-left: 40px;\">\n<td style=\"height: 24px; width: 44.186%; padding-left: 40px;\" width=\"265\">Masse totale (kg)<\/td>\n<td style=\"height: 24px; width: 60.602%; padding-left: 40px;\" width=\"455\">1550<\/td>\n<\/tr>\n<tr style=\"height: 24px; padding-left: 40px;\">\n<td style=\"height: 24px; width: 44.186%; padding-left: 40px;\" width=\"265\">Temps de charge &#8211; Normale (h)<\/td>\n<td style=\"height: 24px; width: 60.602%; padding-left: 40px;\" width=\"455\">6-8h<\/td>\n<\/tr>\n<tr style=\"height: 24px; padding-left: 40px;\">\n<td style=\"height: 24px; width: 44.186%; padding-left: 40px;\" width=\"265\">Type de batterie<\/td>\n<td style=\"height: 24px; width: 60.602%; padding-left: 40px;\" width=\"455\">LFP<\/td>\n<\/tr>\n<tr style=\"height: 24px; padding-left: 40px;\">\n<td style=\"height: 24px; width: 44.186%; padding-left: 40px;\" width=\"265\">Puissance du moteur &#8211; Nomin\u00e9 (kw)<\/td>\n<td style=\"height: 24px; width: 60.602%; padding-left: 40px;\" width=\"455\">15<\/td>\n<\/tr>\n<tr style=\"height: 24px; padding-left: 40px;\">\n<td style=\"height: 24px; width: 44.186%; padding-left: 40px;\" width=\"265\">Couple maximum (N\u00b7m)<\/td>\n<td style=\"height: 24px; width: 60.602%; padding-left: 40px;\" width=\"455\">130<\/td>\n<\/tr>\n<tr style=\"height: 24px; padding-left: 40px;\">\n<td style=\"height: 24px; width: 44.186%; padding-left: 40px;\" width=\"265\">Gradabilit\u00e9 (%)<\/td>\n<td style=\"height: 24px; width: 60.602%; padding-left: 40px;\" width=\"455\">&gt; 10%<\/td>\n<\/tr>\n<tr style=\"height: 24px; padding-left: 40px;\">\n<td style=\"height: 24px; width: 44.186%; padding-left: 40px;\" width=\"265\">Vitesse maximale (km\/h)<\/td>\n<td style=\"height: 24px; width: 60.602%; padding-left: 40px;\" width=\"455\">&gt; 70<\/td>\n<\/tr>\n<tr style=\"height: 24px; padding-left: 40px;\">\n<td style=\"height: 24px; width: 44.186%; padding-left: 40px;\" width=\"265\">Type de moteur<\/td>\n<td style=\"height: 24px; width: 60.602%; padding-left: 40px;\" width=\"455\">PMSM<\/td>\n<\/tr>\n<tr style=\"height: 24px; padding-left: 40px;\">\n<td style=\"height: 24px; width: 44.186%; padding-left: 40px;\" width=\"265\">Type de drive<\/td>\n<td style=\"height: 24px; width: 60.602%; padding-left: 40px;\" width=\"455\">4\u00d72<\/td>\n<\/tr>\n<tr style=\"height: 24px; padding-left: 40px;\">\n<td style=\"height: 24px; width: 44.186%; padding-left: 40px;\" width=\"265\">Capacit\u00e9 de l'essieu avant\/arri\u00e8re (kg)<\/td>\n<td style=\"height: 24px; width: 60.602%; padding-left: 40px;\" width=\"455\">450\/425<\/td>\n<\/tr>\n<tr style=\"height: 24px; padding-left: 40px;\">\n<td style=\"height: 24px; width: 44.186%; padding-left: 40px;\" width=\"265\">Taille des pneus<\/td>\n<td style=\"height: 24px; width: 60.602%; padding-left: 40px;\" width=\"455\">145R12 LT 8PR<\/td>\n<\/tr>\n<tr style=\"height: 24px; padding-left: 40px;\">\n<td style=\"height: 24px; width: 44.186%; padding-left: 40px;\" width=\"265\">Voirie avant\/arri\u00e8re (mm)<\/td>\n<td style=\"height: 24px; width: 60.602%; padding-left: 40px;\" width=\"455\">1290<\/td>\n<\/tr>\n<tr style=\"height: 24px; padding-left: 40px;\">\n<td style=\"height: 24px; width: 44.186%; padding-left: 40px;\" width=\"265\">Type(s) de frein(s)<\/td>\n<td style=\"height: 24px; width: 60.602%; padding-left: 40px;\" width=\"455\">Disque\/tambour (F\/R)<\/td>\n<\/tr>\n<\/tbody>\n<\/table>\n<h2 style=\"padding-left: 40px;\" data-start=\"1012\" data-end=\"1034\">Description du produit<\/h2>\n<h3 style=\"padding-left: 40px;\" data-start=\"1036\" data-end=\"1058\">Cat\u00e9gorie de produit<\/h3>\n<p style=\"padding-left: 40px;\" data-start=\"1059\" data-end=\"1139\">Camion de livraison \u00e9lectrique\/camionnette \u00e9lectrique\/v\u00e9hicule \u00e9lectrique commercial l\u00e9ger<\/p>\n<h3 style=\"padding-left: 40px;\" data-start=\"1141\" data-end=\"1166\">Description du produit<\/h3>\n<p style=\"padding-left: 40px;\" data-start=\"1168\" data-end=\"1547\">Le <strong data-start=\"1172\" data-end=\"1210\">Camion \u00e9lectrique de livraison urbaine V302<\/strong> est con\u00e7u pour fonctionner efficacement dans des environnements urbains encombr\u00e9s tout en maintenant une capacit\u00e9 de fret suffisante pour des t\u00e2ches de livraison professionnelles. Avec des dimensions globales de <strong data-start=\"1382\" data-end=\"1407\">3820 \u00d7 1480 \u00d7 1900 mm<\/strong> et un <strong data-start=\"1414\" data-end=\"1438\">empattement de 2450 mm<\/strong>Le v\u00e9hicule offre une maniabilit\u00e9, une stabilit\u00e9 et une manoeuvrabilit\u00e9 \u00e9quilibr\u00e9es pour les rues urbaines et les zones industrielles.<\/p>\n<p style=\"padding-left: 40px;\" data-start=\"1549\" data-end=\"1968\">Le ferm\u00e9 <strong data-start=\"1562\" data-end=\"1589\">configuration de bo\u00eete de fret<\/strong> fournit un <strong data-start=\"1601\" data-end=\"1628\">Volume du conteneur de 3,4 m\u00b3<\/strong>avec des dimensions internes du conteneur de <strong data-start=\"1668\" data-end=\"1693\">2025 \u00d7 1400 \u00d7 1185 mm<\/strong>Assurer un transport s\u00fbr et prot\u00e9g\u00e9 contre les intemp\u00e9ries. Un <strong data-start=\"1755\" data-end=\"1788\">Capacit\u00e9 nominale de 475 kg<\/strong> et un <strong data-start=\"1796\" data-end=\"1823\">masse totale de 1550 kg<\/strong> rendre le V302 adapt\u00e9 \u00e0 un large \u00e9ventail d'applications logistiques urbaines, y compris la livraison de colis, la distribution au d\u00e9tail et les op\u00e9rations de service.<\/p>\n<p style=\"padding-left: 40px;\" data-start=\"1549\" data-end=\"1968\"><img fetchpriority=\"high\" decoding=\"async\" class=\"alignnone size-medium wp-image-4222\" src=\"https:\/\/www.tairuiauto.com\/wp-content\/uploads\/2025\/10\/2-5-225x300.jpg\" alt=\"\" width=\"225\" height=\"300\" srcset=\"https:\/\/www.tairuiauto.com\/wp-content\/uploads\/2025\/10\/2-5-225x300.jpg 225w, https:\/\/www.tairuiauto.com\/wp-content\/uploads\/2025\/10\/2-5-767x1024.jpg 767w, https:\/\/www.tairuiauto.com\/wp-content\/uploads\/2025\/10\/2-5-768x1025.jpg 768w, https:\/\/www.tairuiauto.com\/wp-content\/uploads\/2025\/10\/2-5-1151x1536.jpg 1151w, https:\/\/www.tairuiauto.com\/wp-content\/uploads\/2025\/10\/2-5-1535x2048.jpg 1535w, https:\/\/www.tairuiauto.com\/wp-content\/uploads\/2025\/10\/2-5-9x12.jpg 9w, https:\/\/www.tairuiauto.com\/wp-content\/uploads\/2025\/10\/2-5-600x801.jpg 600w, https:\/\/www.tairuiauto.com\/wp-content\/uploads\/2025\/10\/2-5-scaled.jpg 1918w\" sizes=\"(max-width: 225px) 100vw, 225px\" \/>\u00a0 \u00a0 \u00a0<img decoding=\"async\" class=\"alignnone size-medium wp-image-4223\" src=\"https:\/\/www.tairuiauto.com\/wp-content\/uploads\/2025\/10\/3-4-225x300.jpg\" alt=\"\" width=\"225\" height=\"300\" srcset=\"https:\/\/www.tairuiauto.com\/wp-content\/uploads\/2025\/10\/3-4-225x300.jpg 225w, https:\/\/www.tairuiauto.com\/wp-content\/uploads\/2025\/10\/3-4-768x1024.jpg 768w, https:\/\/www.tairuiauto.com\/wp-content\/uploads\/2025\/10\/3-4-1151x1536.jpg 1151w, https:\/\/www.tairuiauto.com\/wp-content\/uploads\/2025\/10\/3-4-1535x2048.jpg 1535w, https:\/\/www.tairuiauto.com\/wp-content\/uploads\/2025\/10\/3-4-9x12.jpg 9w, https:\/\/www.tairuiauto.com\/wp-content\/uploads\/2025\/10\/3-4-600x800.jpg 600w, https:\/\/www.tairuiauto.com\/wp-content\/uploads\/2025\/10\/3-4-scaled.jpg 1919w\" sizes=\"(max-width: 225px) 100vw, 225px\" \/>\u00a0 \u00a0 \u00a0<img decoding=\"async\" class=\"alignnone size-medium wp-image-4224\" src=\"https:\/\/www.tairuiauto.com\/wp-content\/uploads\/2025\/10\/4-4-225x300.jpg\" alt=\"\" width=\"225\" height=\"300\" \/><\/p>\n<p style=\"padding-left: 40px;\" data-start=\"1970\" data-end=\"2278\">Aliment\u00e9 par un <strong data-start=\"1983\" data-end=\"2034\">Moteur synchrone \u00e0 aimant permanent de 15 kW (PMSM)<\/strong>Le V302 offre une <strong data-start=\"2056\" data-end=\"2085\">couple maximum de 130 N\u00b7m<\/strong>fournissant une acc\u00e9l\u00e9ration r\u00e9active sous charge. Le v\u00e9hicule adopte une <strong data-start=\"2154\" data-end=\"2180\">traction arri\u00e8re (4\u00d72)<\/strong> disposition, assurant une traction fiable et une transmission efficace de puissance pour les conditions de conduite urbaines.<\/p>\n<p style=\"padding-left: 40px;\" data-start=\"2280\" data-end=\"2561\">Le <strong data-start=\"2284\" data-end=\"2306\">Syst\u00e8me de batterie LFP<\/strong> offre une stabilit\u00e9 thermique am\u00e9lior\u00e9e et une longue dur\u00e9e de vie, soutenant un <strong data-start=\"2377\" data-end=\"2415\">Range de conduite NEDC jusqu'\u00e0 140 km<\/strong> sur une seule charge. Avec un <strong data-start=\"2443\" data-end=\"2480\">Temps de charge normal de 6 \u00e0 8 heures<\/strong>Le v\u00e9hicule est parfaitement adapt\u00e9 pour la recharge nocturne et les cycles d'exploitation quotidiens.<\/p>\n<p style=\"padding-left: 40px;\" data-start=\"2563\" data-end=\"2911\">En termes de performance, le V302 atteint un <strong data-start=\"2608\" data-end=\"2643\">vitesse maximale sup\u00e9rieure \u00e0 70 km\/h<\/strong> et un <strong data-start=\"2650\" data-end=\"2683\">gradabilit\u00e9 sup\u00e9rieure \u00e0 10%<\/strong>ce qui lui permet de g\u00e9rer les survols, les rampes et les pentes mod\u00e9r\u00e9es couramment trouv\u00e9es dans les zones urbaines. Caract\u00e9ristiques de la cabine <strong data-start=\"2794\" data-end=\"2807\">deux si\u00e8ges<\/strong>fournissant un environnement de travail confortable pour le conducteur et l'assistant lors des op\u00e9rations de livraison quotidiennes.<\/p>\n<p style=\"padding-left: 40px;\" data-start=\"2913\" data-end=\"3324\">Le syst\u00e8me de ch\u00e2ssis est con\u00e7u pour la durabilit\u00e9 et la s\u00e9curit\u00e9. Un <strong data-start=\"2975\" data-end=\"3018\">syst\u00e8me de freinage \u00e0 disque avant et \u00e0 tambour arri\u00e8re<\/strong> assure des performances de freinage efficaces dans des conditions de charge variables, <strong data-start=\"3094\" data-end=\"3117\">Pneumatiques 145R12 LT 8PR<\/strong> fournir une capacit\u00e9 de charge fiable et une adaptabilit\u00e9 routi\u00e8re. Le <strong data-start=\"3186\" data-end=\"3241\">Capacit\u00e9s des essieux avant et arri\u00e8re de 450 kg et 425 kg<\/strong>respectivement, am\u00e9liorer encore la stabilit\u00e9 et la durabilit\u00e9 du v\u00e9hicule en usage commercial.<\/p>\n<hr style=\"padding-left: 40px;\" data-start=\"3326\" data-end=\"3329\" \/>\n<h2 style=\"padding-left: 40px;\" data-start=\"3331\" data-end=\"3359\">Caract\u00e9ristiques cl\u00e9s &amp; Avantages<\/h2>\n<h3 style=\"padding-left: 40px;\" data-start=\"3361\" data-end=\"3375\">Caract\u00e9ristiques<\/h3>\n<ul>\n<li style=\"list-style-type: none;\">\n<ul data-start=\"3376\" data-end=\"3576\">\n<li data-start=\"3376\" data-end=\"3424\">\n<p data-start=\"3378\" data-end=\"3424\">Conception de camion de livraison urbain \u00e9lectrique compact<\/p>\n<\/li>\n<li data-start=\"3425\" data-end=\"3454\">\n<p data-start=\"3427\" data-end=\"3454\">Bo\u00eete \u00e0 chargement ferm\u00e9e de 3,4 m\u00b3<\/p>\n<\/li>\n<li data-start=\"3455\" data-end=\"3493\">\n<p data-start=\"3457\" data-end=\"3493\">Batterie LFP avec une port\u00e9e NEDC de 140 km<\/p>\n<\/li>\n<li data-start=\"3494\" data-end=\"3534\">\n<p data-start=\"3496\" data-end=\"3534\">Moteur PMSM de 15 kW avec un couple de 130 N\u00b7m<\/p>\n<\/li>\n<li data-start=\"3535\" data-end=\"3576\">\n<p data-start=\"3537\" data-end=\"3576\">Syst\u00e8me de freinage \u00e0 disque\/tambour (avant\/arri\u00e8re)<\/p>\n<\/li>\n<\/ul>\n<\/li>\n<\/ul>\n<h3 style=\"padding-left: 40px;\" data-start=\"3578\" data-end=\"3594\">Avantages<\/h3>\n<ul>\n<li style=\"list-style-type: none;\">\n<ul data-start=\"3595\" data-end=\"3781\">\n<li data-start=\"3595\" data-end=\"3649\">\n<p data-start=\"3597\" data-end=\"3649\">Fonctionnement efficace dans des environnements urbains encombr\u00e9s<\/p>\n<\/li>\n<li data-start=\"3650\" data-end=\"3692\">\n<p data-start=\"3652\" data-end=\"3692\">Chimie de batterie stable et de longue dur\u00e9e de vie<\/p>\n<\/li>\n<li data-start=\"3693\" data-end=\"3737\">\n<p data-start=\"3695\" data-end=\"3737\">Charge utile et performances de conduite \u00e9quilibr\u00e9es<\/p>\n<\/li>\n<li data-start=\"3738\" data-end=\"3781\">\n<p data-start=\"3740\" data-end=\"3781\">R\u00e9duction des co\u00fbts d'exploitation et d'entretien<\/p>\n<\/li>\n<\/ul>\n<\/li>\n<\/ul>\n<h3 style=\"padding-left: 40px;\" data-start=\"3783\" data-end=\"3803\">Avantages pour l'acheteur<\/h3>\n<ul>\n<li style=\"list-style-type: none;\">\n<ul data-start=\"3804\" data-end=\"4003\">\n<li data-start=\"3804\" data-end=\"3857\">\n<p data-start=\"3806\" data-end=\"3857\">Co\u00fbt total de propri\u00e9t\u00e9 r\u00e9duit pour les flottes de livraison<\/p>\n<\/li>\n<li data-start=\"3858\" data-end=\"3909\">\n<p data-start=\"3860\" data-end=\"3909\">Am\u00e9lioration de l'efficacit\u00e9 de la livraison et de la couverture des itin\u00e9raires<\/p>\n<\/li>\n<li data-start=\"3910\" data-end=\"3956\">\n<p data-start=\"3912\" data-end=\"3956\">Conformit\u00e9 aux r\u00e9glementations sur les \u00e9missions urbaines<\/p>\n<\/li>\n<li data-start=\"3957\" data-end=\"4003\">\n<p data-start=\"3959\" data-end=\"4003\">Solution fiable pour un usage commercial quotidien<\/p>\n<\/li>\n<\/ul>\n<\/li>\n<\/ul>\n<h3 style=\"padding-left: 40px;\" data-start=\"4005\" data-end=\"4019\">La preuve<\/h3>\n<ul>\n<li style=\"list-style-type: none;\">\n<ul data-start=\"4020\" data-end=\"4145\">\n<li data-start=\"4020\" data-end=\"4053\">\n<p data-start=\"4022\" data-end=\"4053\">Technologie de batterie LFP \u00e9prouv\u00e9e<\/p>\n<\/li>\n<li data-start=\"4054\" data-end=\"4098\">\n<p data-start=\"4056\" data-end=\"4098\">Conception de ch\u00e2ssis et d'essieux de qualit\u00e9 commerciale<\/p>\n<\/li>\n<li data-start=\"4099\" data-end=\"4145\">\n<p data-start=\"4101\" data-end=\"4145\">Optimis\u00e9 pour la logistique urbaine professionnelle<\/p>\n<\/li>\n<\/ul>\n<\/li>\n<\/ul>\n<hr style=\"padding-left: 40px;\" data-start=\"4147\" data-end=\"4150\" \/>\n<h2 style=\"padding-left: 40px;\" data-start=\"4152\" data-end=\"4176\">Sc\u00e9narios d'application<\/h2>\n<ul>\n<li style=\"list-style-type: none;\">\n<ul data-start=\"4178\" data-end=\"4342\">\n<li data-start=\"4178\" data-end=\"4207\">\n<p data-start=\"4180\" data-end=\"4207\">Livraison de colis au dernier kilom\u00e8tre<\/p>\n<\/li>\n<li data-start=\"4208\" data-end=\"4237\">\n<p data-start=\"4210\" data-end=\"4237\">Distribution au d\u00e9tail urbaine<\/p>\n<\/li>\n<li data-start=\"4238\" data-end=\"4269\">\n<p data-start=\"4240\" data-end=\"4269\">Logistique alimentaire et boissons<\/p>\n<\/li>\n<li data-start=\"4270\" data-end=\"4304\">\n<p data-start=\"4272\" data-end=\"4304\">Flottes de service et d'entretien<\/p>\n<\/li>\n<li data-start=\"4305\" data-end=\"4342\">\n<p data-start=\"4307\" data-end=\"4342\">E-commerce et op\u00e9rations de messagerie<\/p>\n<\/li>\n<\/ul>\n<\/li>\n<\/ul>\n<hr style=\"padding-left: 40px;\" data-start=\"4344\" data-end=\"4347\" \/>\n<h2 style=\"padding-left: 40px;\" data-start=\"4349\" data-end=\"4367\">Pourquoi choisir V302<\/h2>\n<p style=\"padding-left: 40px;\" data-start=\"4369\" data-end=\"4692\">Le <strong data-start=\"4373\" data-end=\"4411\">Camion \u00e9lectrique de livraison urbaine V302<\/strong> est d\u00e9velopp\u00e9 pour r\u00e9pondre aux besoins pratiques de la logistique urbaine moderne. Soutenu par des normes de fabrication professionnelles et des capacit\u00e9s de personnalisation flexibles, il fournit une solution \u00e9lectrique fiable pour les entreprises qui recherchent un transport urbain efficace, conforme et durable.<\/p>\n<hr style=\"padding-left: 40px;\" data-start=\"4694\" data-end=\"4697\" \/>\n<h2 style=\"padding-left: 40px;\" data-start=\"4699\" data-end=\"4716\">Appel \u00e0 l'action<\/h2>\n<p style=\"padding-left: 40px;\" data-start=\"4718\" data-end=\"4982\">\u00c0 la recherche d'un fiable <strong data-start=\"4741\" data-end=\"4768\">camion de livraison \u00e9lectrique<\/strong> pour la logistique urbaine ou le d\u00e9ploiement de flotte ?<br data-start=\"4809\" data-end=\"4812\" \/>Contactez-nous aujourd'hui pour recevoir des sp\u00e9cifications d\u00e9taill\u00e9es, des options de personnalisation, des informations sur les prix et un support technique professionnel pour le <strong data-start=\"4952\" data-end=\"4981\">V302 camion de fret \u00e9lectrique<\/strong>.<\/p>\n<hr style=\"padding-left: 40px;\" data-start=\"4984\" data-end=\"4987\" \/>\n<h2 style=\"padding-left: 40px;\" data-start=\"4989\" data-end=\"4995\">FAQ (questions fr\u00e9quentes)<\/h2>\n<p style=\"padding-left: 40px;\" data-start=\"4997\" data-end=\"5137\"><strong data-start=\"4997\" data-end=\"5054\">Q1: Quelle est la capacit\u00e9 maximale de charge utile du V302?<\/strong><br data-start=\"5054\" data-end=\"5057\" \/>La capacit\u00e9 de charge nominale est <strong data-start=\"5084\" data-end=\"5094\">475 kg<\/strong>adapt\u00e9 aux applications de livraison urbaine.<\/p>\n<p style=\"padding-left: 40px;\" data-start=\"5139\" data-end=\"5281\"><strong data-start=\"5139\" data-end=\"5184\">Q2: Quelle est la port\u00e9e de conduite par charge?<\/strong><br data-start=\"5184\" data-end=\"5187\" \/>Le v\u00e9hicule offre un <strong data-start=\"5208\" data-end=\"5238\">Port\u00e9e NEDC jusqu'\u00e0 140 km<\/strong>en fonction de la charge et des conditions de conduite.<\/p>\n<p style=\"padding-left: 40px;\" data-start=\"5283\" data-end=\"5411\"><strong data-start=\"5283\" data-end=\"5330\">Q3 : Quel type de batterie utilise le V302 ?<\/strong><br data-start=\"5330\" data-end=\"5333\" \/>Il utilise un <strong data-start=\"5344\" data-end=\"5359\">Batterie LFP<\/strong>connu pour sa s\u00e9curit\u00e9, sa durabilit\u00e9 et sa longue dur\u00e9e de vie.<\/p>\n<p style=\"padding-left: 40px;\" data-start=\"5413\" data-end=\"5572\"><strong data-start=\"5413\" data-end=\"5462\">Q4: Le v\u00e9hicule convient-il \u00e0 la conduite en ville?<\/strong><br data-start=\"5462\" data-end=\"5465\" \/>- Oui, oui. Sa taille compacte, son moteur r\u00e9actif et son syst\u00e8me de freinage efficace le rendent id\u00e9al pour les environnements urbains.<\/p>\n<p style=\"padding-left: 40px;\" data-start=\"5574\" data-end=\"5730\"><strong data-start=\"5574\" data-end=\"5625\">Q5: Ce mod\u00e8le peut-il \u00eatre personnalis\u00e9 pour l'utilisation de la flotte?<\/strong><br data-start=\"5625\" data-end=\"5628\" \/>- Oui, oui. Les options de personnalisation OEM et de configuration sont disponibles pour les besoins de la flotte et du distributeur.<\/p>","protected":false},"excerpt":{"rendered":"<p data-start=\"546\" data-end=\"860\">Le <strong data-start=\"383\" data-end=\"421\">Camion \u00e9lectrique de livraison urbaine V302<\/strong> est un camion cargo \u00e9lectrique compact con\u00e7u pour une logistique urbaine efficace. Avec une bo\u00eete de chargement de 3,4 m\u00b3, un syst\u00e8me de batterie LFP stable et un train d'entra\u00eenement \u00e9lectrique fiable, il offre une solution pratique et \u00e0 faibles \u00e9missions pour la distribution du dernier kilom\u00e8tre et urbaine.<\/p>","protected":false},"featured_media":5330,"comment_status":"open","ping_status":"closed","template":"","meta":[],"product_brand":[],"product_cat":[77],"product_tag":[],"class_list":{"0":"post-4220","1":"product","2":"type-product","3":"status-publish","4":"has-post-thumbnail","6":"product_cat-electric-micro-vehicle","8":"first","9":"instock","10":"shipping-taxable","11":"product-type-simple"},"_links":{"self":[{"href":"https:\/\/www.tairuiauto.com\/fr\/wp-json\/wp\/v2\/product\/4220","targetHints":{"allow":["GET"]}}],"collection":[{"href":"https:\/\/www.tairuiauto.com\/fr\/wp-json\/wp\/v2\/product"}],"about":[{"href":"https:\/\/www.tairuiauto.com\/fr\/wp-json\/wp\/v2\/types\/product"}],"replies":[{"embeddable":true,"href":"https:\/\/www.tairuiauto.com\/fr\/wp-json\/wp\/v2\/comments?post=4220"}],"wp:featuredmedia":[{"embeddable":true,"href":"https:\/\/www.tairuiauto.com\/fr\/wp-json\/wp\/v2\/media\/5330"}],"wp:attachment":[{"href":"https:\/\/www.tairuiauto.com\/fr\/wp-json\/wp\/v2\/media?parent=4220"}],"wp:term":[{"taxonomy":"product_brand","embeddable":true,"href":"https:\/\/www.tairuiauto.com\/fr\/wp-json\/wp\/v2\/product_brand?post=4220"},{"taxonomy":"product_cat","embeddable":true,"href":"https:\/\/www.tairuiauto.com\/fr\/wp-json\/wp\/v2\/product_cat?post=4220"},{"taxonomy":"product_tag","embeddable":true,"href":"https:\/\/www.tairuiauto.com\/fr\/wp-json\/wp\/v2\/product_tag?post=4220"}],"curies":[{"name":"WP","href":"https:\/\/api.w.org\/{rel}","templated":true}]}}