{"id":4446,"date":"2025-11-04T13:52:14","date_gmt":"2025-11-04T05:52:14","guid":{"rendered":"https:\/\/www.tairuiauto.com\/?post_type=product&#038;p=4446"},"modified":"2025-11-03T13:54:17","modified_gmt":"2025-11-03T05:54:17","slug":"self-dumping-electric-cargo-tricycle","status":"publish","type":"product","link":"https:\/\/www.tairuiauto.com\/fr\/product\/self-dumping-electric-cargo-tricycle\/","title":{"rendered":"Tricycle de cargaison \u00e9lectrique auto-dumping"},"content":{"rendered":"<h2 data-start=\"813\" data-end=\"841\">\u26a1 <strong data-start=\"818\" data-end=\"841\">Description du produit<\/strong><\/h2>\n<p data-start=\"1205\" data-end=\"1546\">\u00a0Le tricycle de cargaison \u00e9lectrique auto-d\u00e9versement est un choix fiable pour les entreprises g\u00e9rant le sable, les mat\u00e9riaux de construction, les produits ou le transport des d\u00e9chets.<\/p>\n<table style=\"width: 71.0566%; height: 576px;\" width=\"636\">\n<tbody>\n<tr>\n<td width=\"309\">Mod\u00e8le<\/td>\n<td width=\"327\">Tricycle de cargaison \u00e9lectrique auto-dumping<\/td>\n<\/tr>\n<tr>\n<td width=\"309\">Temps de charge<\/td>\n<td width=\"327\">Environ 8h<\/td>\n<\/tr>\n<tr>\n<td width=\"309\">Pneumatique avant\/arri\u00e8re Tt<\/td>\n<td width=\"327\">Avant 375-12 Arri\u00e8re 400-12<\/td>\n<\/tr>\n<tr>\n<td width=\"309\">Choix de couleur<\/td>\n<td width=\"327\">Personnalis\u00e9<\/td>\n<\/tr>\n<tr>\n<td width=\"309\">Marque d\u00e9pos\u00e9e<\/td>\n<td width=\"327\">TECREK ou OEM<\/td>\n<\/tr>\n<tr>\n<td width=\"309\">Origine<\/td>\n<td width=\"327\">Chine<\/td>\n<\/tr>\n<tr>\n<td width=\"309\">Plage par charge\/Km<\/td>\n<td width=\"327\">50 \u00e0 100 km<\/td>\n<\/tr>\n<tr>\n<td width=\"309\">Vitesse maximale Km\/H<\/td>\n<td width=\"327\">35 \u00e0 40 km\/h<\/td>\n<\/tr>\n<tr>\n<td width=\"309\">verre<\/td>\n<td width=\"327\">Verre \u00e0 main<\/td>\n<\/tr>\n<tr>\n<td width=\"309\">Dimension globale<\/td>\n<td width=\"327\">2350 * 1160 * 1670mm<\/td>\n<\/tr>\n<tr>\n<td width=\"309\">Style de v\u00e9hicule<\/td>\n<td width=\"327\">Ouvrir<\/td>\n<\/tr>\n<tr>\n<td width=\"309\">Puissance du moteur hydraulique<\/td>\n<td width=\"327\">1500 watts<\/td>\n<\/tr>\n<tr>\n<td width=\"309\">Voltage standard<\/td>\n<td width=\"327\">60\/72V<\/td>\n<\/tr>\n<tr>\n<td width=\"309\">contr\u00f4leur<\/td>\n<td width=\"327\">24tube<\/td>\n<\/tr>\n<tr>\n<td width=\"309\">Mode de freinage<\/td>\n<td width=\"327\">Disque avant\/tambour arri\u00e8re<\/td>\n<\/tr>\n<tr>\n<td width=\"309\">D\u00e9gagement minimum au sol<\/td>\n<td width=\"327\">135<\/td>\n<\/tr>\n<tr>\n<td width=\"309\">Capacit\u00e9 de production<\/td>\n<td width=\"327\">300,000set\/ann\u00e9e<\/td>\n<\/tr>\n<\/tbody>\n<\/table>\n<hr data-start=\"1548\" data-end=\"1551\" \/>\n<h2 data-start=\"1553\" data-end=\"1582\">\ufffd <strong data-start=\"1559\" data-end=\"1582\">Principaux points de vente<\/strong><\/h2>\n<ol data-start=\"1584\" data-end=\"2406\">\n<li data-start=\"1584\" data-end=\"1817\">\n<p data-start=\"1587\" data-end=\"1817\"><strong data-start=\"1587\" data-end=\"1621\">Fonction auto-dumping int\u00e9gr\u00e9e<\/strong><br data-start=\"1621\" data-end=\"1624\" \/>Le <strong data-start=\"1631\" data-end=\"1670\">ZHANSHEN avec tricycle auto-dumping<\/strong> simplifie les t\u00e2ches de chargement et de d\u00e9chargement, permettant aux utilisateurs de d\u00e9charger automatiquement les marchandises avec une action de levier - parfait pour les op\u00e9rations en vrac quotidiennes.<\/p>\n<\/li>\n<li data-start=\"1819\" data-end=\"2007\">\n<p data-start=\"1822\" data-end=\"2007\"><strong data-start=\"1822\" data-end=\"1859\">Moteur hydraulique \u00e0 couple \u00e9lev\u00e9 1500W<\/strong><br data-start=\"1859\" data-end=\"1862\" \/>\u00c9quip\u00e9 d'un <strong data-start=\"1881\" data-end=\"1904\">Syst\u00e8me d'alimentation 60\/72V<\/strong>Le moteur offre une forte acc\u00e9l\u00e9ration, un couple stable et une durabilit\u00e9 durable sous de lourdes charges.<\/p>\n<\/li>\n<li data-start=\"2009\" data-end=\"2183\">\n<p data-start=\"2012\" data-end=\"2183\"><strong data-start=\"2012\" data-end=\"2040\">Gamme d'endurance \u00e9tendue<\/strong><br data-start=\"2040\" data-end=\"2043\" \/>Le syst\u00e8me de batterie permet une <strong data-start=\"2074\" data-end=\"2093\">Range de 50 \u00e0 100 km<\/strong>fournissant un fonctionnement fiable \u00e0 longue distance pour la livraison, la logistique et le transport rural.<\/p>\n<\/li>\n<li data-start=\"2185\" data-end=\"2406\">\n<p data-start=\"2188\" data-end=\"2406\"><strong data-start=\"2188\" data-end=\"2217\">Design ergonomique et s\u00fbr<\/strong><br data-start=\"2217\" data-end=\"2220\" \/>Le tricycle comprend <strong data-start=\"2245\" data-end=\"2270\">protection de verre main<\/strong>, <strong data-start=\"2272\" data-end=\"2302\">structure en acier renforc\u00e9<\/strong>et un <strong data-start=\"2310\" data-end=\"2349\">syst\u00e8me de frein \u00e0 tambour arri\u00e8re \u00e0 disque avant<\/strong> pour assurer la s\u00e9curit\u00e9 et le contr\u00f4le de pr\u00e9cision dans toutes les conditions.<\/p>\n<\/li>\n<\/ol>\n<hr data-start=\"2408\" data-end=\"2411\" \/>\n<h2 data-start=\"2413\" data-end=\"2448\">\ufffd <strong data-start=\"2419\" data-end=\"2448\">Avantages diff\u00e9renci\u00e9s<\/strong><\/h2>\n<ol data-start=\"2450\" data-end=\"2896\">\n<li data-start=\"2450\" data-end=\"2561\">\n<p data-start=\"2453\" data-end=\"2561\"><strong data-start=\"2453\" data-end=\"2486\">Efficacit\u00e9 du dumping sans effort<\/strong> \u2013 Le dumping hydraulique \u00e0 un bouton permet d\u2019\u00e9conomiser de la main-d\u2019\u0153uvre et d\u2019am\u00e9liorer la productivit\u00e9.<\/p>\n<\/li>\n<li data-start=\"2562\" data-end=\"2680\">\n<p data-start=\"2565\" data-end=\"2680\"><strong data-start=\"2565\" data-end=\"2591\">Performances lourdes<\/strong> Capable de transporter de grands volumes de cargaison sans surchauffage du moteur ou perte de puissance.<\/p>\n<\/li>\n<li data-start=\"2681\" data-end=\"2786\">\n<p data-start=\"2684\" data-end=\"2786\"><strong data-start=\"2684\" data-end=\"2714\">Configuration personnalisable<\/strong> \u2013 Options OEM disponibles pour la couleur de la carrosserie, la marque et la taille du lit de fret.<\/p>\n<\/li>\n<li data-start=\"2787\" data-end=\"2896\">\n<p data-start=\"2790\" data-end=\"2896\"><strong data-start=\"2790\" data-end=\"2818\">Respectueux de l'environnement<\/strong> \u2013 100% d\u2019entra\u00eenement \u00e9lectrique, z\u00e9ro \u00e9missions, fonctionnement silencieux et faible co\u00fbt d\u2019exploitation.<\/p>\n<\/li>\n<\/ol>\n<p><img fetchpriority=\"high\" decoding=\"async\" class=\"alignnone size-medium wp-image-4450\" src=\"https:\/\/www.tairuiauto.com\/wp-content\/uploads\/2025\/11\/b8d8be76-52d9-458e-bb08-7a34133d876b-300x300.jpg\" alt=\"\" width=\"300\" height=\"300\" srcset=\"https:\/\/www.tairuiauto.com\/wp-content\/uploads\/2025\/11\/b8d8be76-52d9-458e-bb08-7a34133d876b-300x300.jpg 300w, https:\/\/www.tairuiauto.com\/wp-content\/uploads\/2025\/11\/b8d8be76-52d9-458e-bb08-7a34133d876b-1024x1024.jpg 1024w, https:\/\/www.tairuiauto.com\/wp-content\/uploads\/2025\/11\/b8d8be76-52d9-458e-bb08-7a34133d876b-150x150.jpg 150w, https:\/\/www.tairuiauto.com\/wp-content\/uploads\/2025\/11\/b8d8be76-52d9-458e-bb08-7a34133d876b-768x768.jpg 768w, https:\/\/www.tairuiauto.com\/wp-content\/uploads\/2025\/11\/b8d8be76-52d9-458e-bb08-7a34133d876b-1536x1536.jpg 1536w, https:\/\/www.tairuiauto.com\/wp-content\/uploads\/2025\/11\/b8d8be76-52d9-458e-bb08-7a34133d876b-2048x2048.jpg 2048w, https:\/\/www.tairuiauto.com\/wp-content\/uploads\/2025\/11\/b8d8be76-52d9-458e-bb08-7a34133d876b-12x12.jpg 12w, https:\/\/www.tairuiauto.com\/wp-content\/uploads\/2025\/11\/b8d8be76-52d9-458e-bb08-7a34133d876b-600x600.jpg 600w, https:\/\/www.tairuiauto.com\/wp-content\/uploads\/2025\/11\/b8d8be76-52d9-458e-bb08-7a34133d876b-100x100.jpg 100w\" sizes=\"(max-width: 300px) 100vw, 300px\" \/>\u00a0 \u00a0 \u00a0 \u00a0 \u00a0 \u00a0 \u00a0 \u00a0 \u00a0 \u00a0 \u00a0 <img decoding=\"async\" class=\"alignnone size-medium wp-image-4448\" src=\"https:\/\/www.tairuiauto.com\/wp-content\/uploads\/2025\/11\/69d436bd-291f-4f25-92cd-d92fd9f2fd6d-300x300.jpg\" alt=\"\" width=\"300\" height=\"300\" srcset=\"https:\/\/www.tairuiauto.com\/wp-content\/uploads\/2025\/11\/69d436bd-291f-4f25-92cd-d92fd9f2fd6d-300x300.jpg 300w, https:\/\/www.tairuiauto.com\/wp-content\/uploads\/2025\/11\/69d436bd-291f-4f25-92cd-d92fd9f2fd6d-150x150.jpg 150w, https:\/\/www.tairuiauto.com\/wp-content\/uploads\/2025\/11\/69d436bd-291f-4f25-92cd-d92fd9f2fd6d-12x12.jpg 12w, https:\/\/www.tairuiauto.com\/wp-content\/uploads\/2025\/11\/69d436bd-291f-4f25-92cd-d92fd9f2fd6d-600x600.jpg 600w, https:\/\/www.tairuiauto.com\/wp-content\/uploads\/2025\/11\/69d436bd-291f-4f25-92cd-d92fd9f2fd6d-100x100.jpg 100w, https:\/\/www.tairuiauto.com\/wp-content\/uploads\/2025\/11\/69d436bd-291f-4f25-92cd-d92fd9f2fd6d.jpg 730w\" sizes=\"(max-width: 300px) 100vw, 300px\" \/><\/p>\n<hr data-start=\"3602\" data-end=\"3605\" \/>\n<h2 data-start=\"3607\" data-end=\"3625\">\ufffd <strong data-start=\"3613\" data-end=\"3625\">Mat\u00e9riel<\/strong><\/h2>\n<p data-start=\"3627\" data-end=\"3843\">Construit avec <strong data-start=\"3644\" data-end=\"3675\">acier structural renforc\u00e9<\/strong>, <strong data-start=\"3677\" data-end=\"3715\">panneaux de corps trait\u00e9s anti-corrosion<\/strong>et <strong data-start=\"3721\" data-end=\"3756\">composants hydrauliques lourds<\/strong>garantissant la stabilit\u00e9 sous pleine charge et une dur\u00e9e de vie prolong\u00e9e m\u00eame dans des environnements difficiles.<\/p>\n<hr data-start=\"3845\" data-end=\"3848\" \/>\n<h2 data-start=\"3850\" data-end=\"3870\">\ufffd <strong data-start=\"3856\" data-end=\"3870\">Apparence<\/strong><\/h2>\n<p data-start=\"3872\" data-end=\"4107\">Le tricycle ZHANSHEN arrive <strong data-start=\"3903\" data-end=\"3930\">couleurs industrielles \u00e9l\u00e9gantes<\/strong> comme rouge, jaune ou gris m\u00e9tallique, repr\u00e9sentant la r\u00e9sistance et la fiabilit\u00e9. Le grand pare-brise et les phares int\u00e9gr\u00e9s am\u00e9liorent la visibilit\u00e9 et la s\u00e9curit\u00e9 pour le fonctionnement nocturne.<\/p>\n<hr data-start=\"4109\" data-end=\"4112\" \/>\n<h2 data-start=\"4114\" data-end=\"4130\">\ufffd <strong data-start=\"4120\" data-end=\"4130\">Conception<\/strong><\/h2>\n<p data-start=\"4132\" data-end=\"4392\">Con\u00e7u pour la commodit\u00e9 de l'op\u00e9rateur, le <strong data-start=\"4173\" data-end=\"4194\">mise en page open-frame<\/strong> permet un acc\u00e8s facile \u00e0 la cargaison, tandis que le <strong data-start=\"4231\" data-end=\"4253\">lit de d\u00e9charge hydraulique<\/strong> ajoute une praticit\u00e9 in\u00e9gal\u00e9e. Son si\u00e8ge ergonomique, son syst\u00e8me de commande intuitif et son tableau de bord intelligent offrent une exp\u00e9rience de conduite conviviale.<\/p>\n<hr data-start=\"4394\" data-end=\"4397\" \/>\n<h2 data-start=\"4399\" data-end=\"4426\">\ufffd <strong data-start=\"4405\" data-end=\"4426\">personnalisation OEM<\/strong><\/h2>\n<p data-start=\"4428\" data-end=\"4659\">Nous soutenons <strong data-start=\"4439\" data-end=\"4468\">personnalisation OEM et ODM<\/strong>permettant \u00e0 votre entreprise de marquer le tricycle \u00e9lectrique ZHANSHEN avec votre logo, vos couleurs pr\u00e9f\u00e9r\u00e9es ou vos configurations sp\u00e9ciales. Id\u00e9al pour l'utilisation de la flotte, la logistique de marque ou les march\u00e9s publics.<\/p>\n<hr data-start=\"4661\" data-end=\"4664\" \/>\n<h2 data-start=\"4666\" data-end=\"4691\">\ufffd <strong data-start=\"4672\" data-end=\"4691\">Contr\u00f4le qualit\u00e9<\/strong><\/h2>\n<p data-start=\"4693\" data-end=\"4922\">Chaque tricycle ZHANSHEN subit un multi-point <strong data-start=\"4738\" data-end=\"4760\">inspection qualit\u00e9<\/strong>\u2014 y compris les essais de s\u00e9curit\u00e9 \u00e9lectrique, la v\u00e9rification du couple du moteur, les essais de d\u00e9charge hydraulique et la simulation de l\u2019endurance du cadre \u2014 garantissant un fonctionnement parfait avant l\u2019exp\u00e9dition.<\/p>\n<hr data-start=\"4924\" data-end=\"4927\" \/>\n<h2 data-start=\"4929\" data-end=\"4959\">\ufffd\ufe0f <strong data-start=\"4936\" data-end=\"4959\">Service apr\u00e8s-vente<\/strong><\/h2>\n<ul data-start=\"4961\" data-end=\"5104\">\n<li data-start=\"4961\" data-end=\"5001\">\n<p data-start=\"4963\" data-end=\"5001\">Moteur de 12 mois garantie contr\u00f4leur<\/p>\n<\/li>\n<li data-start=\"5002\" data-end=\"5037\">\n<p data-start=\"5004\" data-end=\"5037\">Consultation technique tout au long de la vie<\/p>\n<\/li>\n<li data-start=\"5038\" data-end=\"5068\">\n<p data-start=\"5040\" data-end=\"5068\">Support mondial pour pi\u00e8ces d\u00e9tach\u00e9es<\/p>\n<\/li>\n<li data-start=\"5069\" data-end=\"5104\">\n<p data-start=\"5071\" data-end=\"5104\">Plans de service \u00e9tendus facultatifs<\/p>\n<\/li>\n<\/ul>\n<hr data-start=\"5106\" data-end=\"5109\" \/>\n<h2 data-start=\"5111\" data-end=\"5139\">\ufffd <strong data-start=\"5117\" data-end=\"5139\">Champs d'application<\/strong><\/h2>\n<p data-start=\"5141\" data-end=\"5155\">Parfait pour :<\/p>\n<ul data-start=\"5156\" data-end=\"5342\">\n<li data-start=\"5156\" data-end=\"5208\">\n<p data-start=\"5158\" data-end=\"5208\"><strong data-start=\"5158\" data-end=\"5206\">Transport de mat\u00e9riaux de construction<\/strong><\/p>\n<\/li>\n<li data-start=\"5209\" data-end=\"5247\">\n<p data-start=\"5211\" data-end=\"5247\"><strong data-start=\"5211\" data-end=\"5245\">Logistique des produits agricoles<\/strong><\/p>\n<\/li>\n<li data-start=\"5248\" data-end=\"5297\">\n<p data-start=\"5250\" data-end=\"5297\"><strong data-start=\"5250\" data-end=\"5295\">Sanitation municipale et collecte des d\u00e9chets<\/strong><\/p>\n<\/li>\n<li data-start=\"5298\" data-end=\"5342\">\n<p data-start=\"5300\" data-end=\"5342\"><strong data-start=\"5300\" data-end=\"5342\">Livraison rurale et transport de marchandises lourdes<\/strong><\/p>\n<\/li>\n<\/ul>\n<hr data-start=\"5344\" data-end=\"5347\" \/>\n<h2 data-start=\"5349\" data-end=\"5372\">\ufffd <strong data-start=\"5355\" data-end=\"5372\">Conditions de paiement<\/strong><\/h2>\n<ul data-start=\"5374\" data-end=\"5506\">\n<li data-start=\"5374\" data-end=\"5415\">\n<p data-start=\"5376\" data-end=\"5415\">T\/T: d\u00e9p\u00f4t de 30%, 70% avant la livraison<\/p>\n<\/li>\n<li data-start=\"5416\" data-end=\"5449\">\n<p data-start=\"5418\" data-end=\"5449\">L \/ C disponible pour les commandes en vrac<\/p>\n<\/li>\n<li data-start=\"5450\" data-end=\"5506\">\n<p data-start=\"5452\" data-end=\"5506\">Assurance commerciale et paiements s\u00e9curis\u00e9s en ligne pris en charge<\/p>\n<\/li>\n<\/ul>\n<hr data-start=\"5508\" data-end=\"5511\" \/>\n<h2 data-start=\"5513\" data-end=\"5525\">\u2753 <strong data-start=\"5518\" data-end=\"5525\">FAQ (questions fr\u00e9quentes)<\/strong><\/h2>\n<p data-start=\"5527\" data-end=\"5714\"><strong data-start=\"5527\" data-end=\"5593\">Q1: Qu'est-ce qui rend le ZHANSHEN avec tricycle auto-dumping unique?<\/strong><br data-start=\"5593\" data-end=\"5596\" \/>A1: Il dispose d'un syst\u00e8me hydraulique auto-d\u00e9versement int\u00e9gr\u00e9, ce qui facilite le d\u00e9chargement efficace des mat\u00e9riaux lourds.<\/p>\n<p data-start=\"5716\" data-end=\"5814\"><strong data-start=\"5716\" data-end=\"5757\">Q2: Combien de temps dure une charge compl\u00e8te?<\/strong><br data-start=\"5757\" data-end=\"5760\" \/>A2: Entre 50 et 100 km selon la charge et le terrain.<\/p>\n<p data-start=\"5816\" data-end=\"5937\"><strong data-start=\"5816\" data-end=\"5872\">Q3: Puis-je personnaliser la couleur ou ajouter un logo d'entreprise?<\/strong><br data-start=\"5872\" data-end=\"5875\" \/>A3: Oui, la marque OEM et la personnalisation des couleurs sont disponibles.<\/p>\n<p data-start=\"5939\" data-end=\"6019\"><strong data-start=\"5939\" data-end=\"5977\">Q4: Combien de temps est le temps de charge?<\/strong><br data-start=\"5977\" data-end=\"5980\" \/>A4 : Environ 8 heures pour une charge compl\u00e8te.<\/p>\n<p data-start=\"6021\" data-end=\"6136\"><strong data-start=\"6021\" data-end=\"6057\">Q5: Quelle est la p\u00e9riode de garantie?<\/strong><br data-start=\"6057\" data-end=\"6060\" \/>A5 : 12 mois pour le moteur et le contr\u00f4leur, avec service de soutien \u00e0 vie.<\/p>","protected":false},"excerpt":{"rendered":"<p>Combinant une structure robuste, une puissance de couple \u00e9lev\u00e9e et une conception moderne, ce tricycle est une solution parfaite pour la logistique industrielle, agricole et municipale. L'automatique <strong data-start=\"718\" data-end=\"741\">syst\u00e8me d'auto-dumping<\/strong> lui donne un avantage concurrentiel en termes d'efficacit\u00e9 et de facilit\u00e9 d'utilisation.<br \/>\nAliment\u00e9 par un <strong data-start=\"856\" data-end=\"881\">moteur hydraulique 1500W<\/strong> et un <strong data-start=\"888\" data-end=\"919\">Syst\u00e8me \u00e0 double tension 60V\/72V<\/strong>, le <strong data-start=\"925\" data-end=\"961\">ZHANSHEN Electric Cargo Tricycle<\/strong> offre une r\u00e9sistance et une stabilit\u00e9 exceptionnelles pour le transport de marchandises lourdes. Ses <strong data-start=\"1033\" data-end=\"1063\">50 \u00e0 100 km par gamme de charge<\/strong>, <strong data-start=\"1065\" data-end=\"1089\">Vitesse maximale 35-40 km\/h<\/strong>et <strong data-start=\"1095\" data-end=\"1119\">Temps de charge de 8 heures<\/strong> en font un choix id\u00e9al pour la logistique quotidienne ou les op\u00e9rations de fret \u00e0 courte distance.<\/p>","protected":false},"featured_media":4449,"comment_status":"open","ping_status":"closed","template":"","meta":[],"product_brand":[],"product_cat":[78],"product_tag":[],"class_list":{"0":"post-4446","1":"product","2":"type-product","3":"status-publish","4":"has-post-thumbnail","6":"product_cat-electric-tricycle","8":"first","9":"instock","10":"shipping-taxable","11":"product-type-simple"},"_links":{"self":[{"href":"https:\/\/www.tairuiauto.com\/fr\/wp-json\/wp\/v2\/product\/4446","targetHints":{"allow":["GET"]}}],"collection":[{"href":"https:\/\/www.tairuiauto.com\/fr\/wp-json\/wp\/v2\/product"}],"about":[{"href":"https:\/\/www.tairuiauto.com\/fr\/wp-json\/wp\/v2\/types\/product"}],"replies":[{"embeddable":true,"href":"https:\/\/www.tairuiauto.com\/fr\/wp-json\/wp\/v2\/comments?post=4446"}],"wp:featuredmedia":[{"embeddable":true,"href":"https:\/\/www.tairuiauto.com\/fr\/wp-json\/wp\/v2\/media\/4449"}],"wp:attachment":[{"href":"https:\/\/www.tairuiauto.com\/fr\/wp-json\/wp\/v2\/media?parent=4446"}],"wp:term":[{"taxonomy":"product_brand","embeddable":true,"href":"https:\/\/www.tairuiauto.com\/fr\/wp-json\/wp\/v2\/product_brand?post=4446"},{"taxonomy":"product_cat","embeddable":true,"href":"https:\/\/www.tairuiauto.com\/fr\/wp-json\/wp\/v2\/product_cat?post=4446"},{"taxonomy":"product_tag","embeddable":true,"href":"https:\/\/www.tairuiauto.com\/fr\/wp-json\/wp\/v2\/product_tag?post=4446"}],"curies":[{"name":"WP","href":"https:\/\/api.w.org\/{rel}","templated":true}]}}