{"id":4457,"date":"2025-11-05T14:00:49","date_gmt":"2025-11-05T06:00:49","guid":{"rendered":"https:\/\/www.tairuiauto.com\/?post_type=product&#038;p=4457"},"modified":"2025-11-03T15:21:41","modified_gmt":"2025-11-03T07:21:41","slug":"electric-three-wheel-vehicle","status":"publish","type":"product","link":"https:\/\/www.tairuiauto.com\/fr\/product\/electric-three-wheel-vehicle\/","title":{"rendered":"V\u00e9hicule \u00e9lectrique \u00e0 trois roues"},"content":{"rendered":"<h2 data-start=\"840\" data-end=\"868\">\u26a1 <strong data-start=\"845\" data-end=\"868\">Description du produit<\/strong><\/h2>\n<p data-start=\"1193\" data-end=\"1491\">Le <strong data-start=\"468\" data-end=\"506\">v\u00e9hicule<\/strong> est une haute performance <strong data-start=\"529\" data-end=\"561\">V\u00e9hicule \u00e9lectrique \u00e0 trois roues<\/strong> con\u00e7u pour r\u00e9pondre aux besoins rigoureux de la logistique industrielle, du transport agricole et de la livraison de la construction. Combinant puissance, endurance et design intelligent, il est l\u2019un des tricycles \u00e9lectroniques de fret les plus efficaces pour les op\u00e9rations de fret \u00e0 courte et moyenne distance.<\/p>\n<table style=\"border-collapse: collapse; width: 63.2564%; height: 624px;\" border=\"0\" width=\"691\" cellspacing=\"0\" cellpadding=\"0\">\n<tbody>\n<tr style=\"height: 20.00pt;\">\n<td class=\"et3\" style=\"height: 20pt; width: 43.7146%;\" width=\"347\" height=\"33\">Mod\u00e8le<\/td>\n<td class=\"et4\" style=\"width: 56.1375%;\" width=\"344\">V\u00e9hicule \u00e9lectrique \u00e0 trois roues<\/td>\n<\/tr>\n<tr style=\"height: 20.00pt;\">\n<td class=\"et5\" style=\"height: 20pt; width: 43.7146%;\" width=\"347\" height=\"33\">Temps de charge<\/td>\n<td class=\"et5\" style=\"width: 56.1375%;\" width=\"344\">8h<\/td>\n<\/tr>\n<tr style=\"height: 20.00pt;\">\n<td class=\"et5\" style=\"height: 20pt; width: 43.7146%;\" width=\"347\" height=\"33\">Pneumatique avant\/arri\u00e8re Tt<\/td>\n<td class=\"et5\" style=\"width: 56.1375%;\" width=\"344\">roues avant 3.75-12; roues arri\u00e8re 4.00-12<\/td>\n<\/tr>\n<tr style=\"height: 20.00pt;\">\n<td class=\"et5\" style=\"height: 20pt; width: 43.7146%;\" width=\"347\" height=\"33\">Choix de couleur<\/td>\n<td class=\"et5\" style=\"width: 56.1375%;\" width=\"344\">Personnalis\u00e9<\/td>\n<\/tr>\n<tr style=\"height: 20.00pt;\">\n<td class=\"et5\" style=\"height: 20pt; width: 43.7146%;\" width=\"347\" height=\"33\">Marque d\u00e9pos\u00e9e<\/td>\n<td class=\"et5\" style=\"width: 56.1375%;\" width=\"344\">TECREK ou OEM<\/td>\n<\/tr>\n<tr style=\"height: 20.00pt;\">\n<td class=\"et5\" style=\"height: 20pt; width: 43.7146%;\" width=\"347\" height=\"33\">Origine<\/td>\n<td class=\"et5\" style=\"width: 56.1375%;\" width=\"344\">Chine<\/td>\n<\/tr>\n<tr style=\"height: 20.00pt;\">\n<td class=\"et5\" style=\"height: 20pt; width: 43.7146%;\" width=\"347\" height=\"33\">Plage par charge\/Km<\/td>\n<td class=\"et5\" style=\"width: 56.1375%;\" width=\"344\">60 \u00e0 70 km<\/td>\n<\/tr>\n<tr style=\"height: 20.00pt;\">\n<td class=\"et5\" style=\"height: 20pt; width: 43.7146%;\" width=\"347\" height=\"33\">Vitesse maximale Km\/H<\/td>\n<td class=\"et5\" style=\"width: 56.1375%;\" width=\"344\">30 \u00e0 45 km\/h<\/td>\n<\/tr>\n<tr style=\"height: 20.00pt;\">\n<td class=\"et5\" style=\"height: 20pt; width: 43.7146%;\" width=\"347\" height=\"33\">Capacit\u00e9 d'escalade<\/td>\n<td class=\"et5\" style=\"width: 56.1375%;\" width=\"344\">\u2264 30\u00b0<\/td>\n<\/tr>\n<tr style=\"height: 20.00pt;\">\n<td class=\"et5\" style=\"height: 20pt; width: 43.7146%;\" width=\"347\" height=\"33\">Dimension globale<\/td>\n<td class=\"et5\" style=\"width: 56.1375%;\" width=\"344\">3060X1200X1700MM<\/td>\n<\/tr>\n<tr style=\"height: 20.00pt;\">\n<td class=\"et5\" style=\"height: 20pt; width: 43.7146%;\" width=\"347\" height=\"33\">Capacit\u00e9 de chargement<\/td>\n<td class=\"et5\" style=\"width: 56.1375%;\" width=\"344\">800 kilogrammes<\/td>\n<\/tr>\n<tr style=\"height: 20.00pt;\">\n<td class=\"et5\" style=\"height: 20pt; width: 43.7146%;\" width=\"347\" height=\"33\">Puissance du moteur hydraulique<\/td>\n<td class=\"et5\" style=\"width: 56.1375%;\" width=\"344\">1000W<\/td>\n<\/tr>\n<tr style=\"height: 20.00pt;\">\n<td class=\"et5\" style=\"height: 20pt; width: 43.7146%;\" width=\"347\" height=\"33\">Voltage standard<\/td>\n<td class=\"et5\" style=\"width: 56.1375%;\" width=\"344\">60\/72V<\/td>\n<\/tr>\n<tr style=\"height: 20.00pt;\">\n<td class=\"et5\" style=\"height: 20pt; width: 43.7146%;\" width=\"347\" height=\"33\">contr\u00f4leur<\/td>\n<td class=\"et5\" style=\"width: 56.1375%;\" width=\"344\">24 tube<\/td>\n<\/tr>\n<tr style=\"height: 20.00pt;\">\n<td class=\"et5\" style=\"height: 20pt; width: 43.7146%;\" width=\"347\" height=\"33\">Mode de freinage<\/td>\n<td class=\"et5\" style=\"width: 56.1375%;\" width=\"344\">Tambour avant Tambour arri\u00e8re<\/td>\n<\/tr>\n<tr style=\"height: 20.00pt;\">\n<td class=\"et5\" style=\"height: 20pt; width: 43.7146%;\" width=\"347\" height=\"33\">D\u00e9gagement minimum au sol<\/td>\n<td class=\"et5\" style=\"width: 56.1375%;\" width=\"344\">135<\/td>\n<\/tr>\n<tr style=\"height: 20.00pt;\">\n<td class=\"et5\" style=\"height: 20pt; width: 43.7146%;\" width=\"347\" height=\"33\">Capacit\u00e9 de production<\/td>\n<td class=\"et5\" style=\"width: 56.1375%;\" width=\"344\">100000set\/ann\u00e9e<\/td>\n<\/tr>\n<\/tbody>\n<\/table>\n<hr data-start=\"1493\" data-end=\"1496\" \/>\n<h2 data-start=\"1498\" data-end=\"1527\">\ufffd <strong data-start=\"1504\" data-end=\"1527\">Principaux points de vente<\/strong><\/h2>\n<ol data-start=\"1529\" data-end=\"2393\">\n<li data-start=\"1529\" data-end=\"1775\">\n<p data-start=\"1532\" data-end=\"1775\"><strong data-start=\"1532\" data-end=\"1571\">Syst\u00e8me moteur puissant et efficace<\/strong><br data-start=\"1571\" data-end=\"1574\" \/>\u00c9quip\u00e9 d'un <strong data-start=\"1593\" data-end=\"1618\">moteur hydraulique 1000W<\/strong> et un <strong data-start=\"1625\" data-end=\"1655\">Configuration \u00e0 double tension 60V\/72V<\/strong>, le <strong data-start=\"1661\" data-end=\"1699\">V\u00e9hicule \u00e9lectrique \u00e0 trois roues<\/strong> fournit un couple fort, assurant un fonctionnement en douceur m\u00eame sur des pentes allant jusqu'\u00e0 30\u00b0.<\/p>\n<\/li>\n<li data-start=\"1777\" data-end=\"1992\">\n<p data-start=\"1780\" data-end=\"1992\"><strong data-start=\"1780\" data-end=\"1819\">Batterie \u00e0 charge rapide et \u00e0 longue port\u00e9e<\/strong><br data-start=\"1819\" data-end=\"1822\" \/>Atteindre jusqu'\u00e0 <strong data-start=\"1839\" data-end=\"1859\">70 km par charge<\/strong> avec un efficace <strong data-start=\"1878\" data-end=\"1902\">Temps de charge de 8 heures<\/strong>ce qui rend ce tricycle \u00e9lectrique parfait pour de longues journ\u00e9es de travail sans recharge fr\u00e9quente.<\/p>\n<\/li>\n<li data-start=\"1994\" data-end=\"2212\">\n<p data-start=\"1997\" data-end=\"2212\"><strong data-start=\"1997\" data-end=\"2037\">Capacit\u00e9 de charge et stabilit\u00e9 sup\u00e9rieures<\/strong><br data-start=\"2037\" data-end=\"2040\" \/>Avec un <strong data-start=\"2051\" data-end=\"2079\">Capacit\u00e9 de transport 800 kg<\/strong>suspension lourde, et 3.75-12 \/ 4.00-12 pneus, ce <strong data-start=\"2138\" data-end=\"2164\">v\u00e9hicule cargo \u00e9lectrique<\/strong> manipule facilement le terrain rugueux et les charges compl\u00e8tes.<\/p>\n<\/li>\n<li data-start=\"2214\" data-end=\"2393\">\n<p data-start=\"2217\" data-end=\"2393\"><strong data-start=\"2217\" data-end=\"2248\">Conception de freinage Safety-First<\/strong><br data-start=\"2248\" data-end=\"2251\" \/>Le <strong data-start=\"2258\" data-end=\"2299\">syst\u00e8me de freinage \u00e0 tambour avant syst\u00e8me de freinage \u00e0 tambour arri\u00e8re<\/strong> offre un contr\u00f4le maximum et une puissance d'arr\u00eat fiable pour la s\u00e9curit\u00e9 des transports urbains et industriels.<\/p>\n<\/li>\n<\/ol>\n<hr data-start=\"2395\" data-end=\"2398\" \/>\n<h2 data-start=\"2400\" data-end=\"2427\">\ufffd <strong data-start=\"2406\" data-end=\"2427\">Avantages uniques<\/strong><\/h2>\n<ol data-start=\"2429\" data-end=\"3065\">\n<li data-start=\"2429\" data-end=\"2596\">\n<p data-start=\"2432\" data-end=\"2596\"><strong data-start=\"2432\" data-end=\"2461\">Sc\u00e9narios d'utilisation polyvalents<\/strong> \u2013 Le <strong data-start=\"2468\" data-end=\"2506\">V\u00e9hicule \u00e9lectrique \u00e0 trois roues<\/strong> s'adapte parfaitement \u00e0 la logistique industrielle, aux chantiers de construction et aux champs agricoles.<\/p>\n<\/li>\n<li data-start=\"2597\" data-end=\"2754\">\n<p data-start=\"2600\" data-end=\"2754\"><strong data-start=\"2600\" data-end=\"2632\">Ecologique et \u00e9conomique de co\u00fbts<\/strong> Le fonctionnement enti\u00e8rement \u00e9lectrique signifie z\u00e9ro \u00e9missions, faible entretien et co\u00fbts d\u2019exploitation minimes par rapport aux tricycles \u00e0 carburant.<\/p>\n<\/li>\n<li data-start=\"2755\" data-end=\"2915\">\n<p data-start=\"2758\" data-end=\"2915\"><strong data-start=\"2758\" data-end=\"2788\">Options de construction personnalisables<\/strong> \u2013 Disponible pour <strong data-start=\"2805\" data-end=\"2826\">personnalisation OEM<\/strong>y compris la couleur, la marque, les dimensions de la bo\u00eete de fret et la configuration du syst\u00e8me \u00e9lectronique.<\/p>\n<\/li>\n<li data-start=\"2916\" data-end=\"3065\">\n<p data-start=\"2919\" data-end=\"3065\"><strong data-start=\"2919\" data-end=\"2959\">Durabilit\u00e9 test\u00e9e pour les march\u00e9s mondiaux<\/strong> Test\u00e9 rigoureusement dans diverses conditions environnementales pour assurer la long\u00e9vit\u00e9 et la stabilit\u00e9 des performances.<\/p>\n<\/li>\n<\/ol>\n<p><img fetchpriority=\"high\" decoding=\"async\" class=\"size-medium wp-image-4456 aligncenter\" src=\"https:\/\/www.tairuiauto.com\/wp-content\/uploads\/2025\/11\/\u4e3b\u56fe-1-300x300.jpg\" alt=\"\" width=\"300\" height=\"300\" srcset=\"https:\/\/www.tairuiauto.com\/wp-content\/uploads\/2025\/11\/\u4e3b\u56fe-1-300x300.jpg 300w, https:\/\/www.tairuiauto.com\/wp-content\/uploads\/2025\/11\/\u4e3b\u56fe-1-150x150.jpg 150w, https:\/\/www.tairuiauto.com\/wp-content\/uploads\/2025\/11\/\u4e3b\u56fe-1-12x12.jpg 12w, https:\/\/www.tairuiauto.com\/wp-content\/uploads\/2025\/11\/\u4e3b\u56fe-1-600x600.jpg 600w, https:\/\/www.tairuiauto.com\/wp-content\/uploads\/2025\/11\/\u4e3b\u56fe-1-100x100.jpg 100w, https:\/\/www.tairuiauto.com\/wp-content\/uploads\/2025\/11\/\u4e3b\u56fe-1.jpg 730w\" sizes=\"(max-width: 300px) 100vw, 300px\" \/><\/p>\n<hr data-start=\"3744\" data-end=\"3747\" \/>\n<h2 data-start=\"3749\" data-end=\"3767\">\ufffd <strong data-start=\"3755\" data-end=\"3767\">Mat\u00e9riel<\/strong><\/h2>\n<p data-start=\"3769\" data-end=\"4019\">Le tricycle est construit avec <strong data-start=\"3802\" data-end=\"3829\">acier au carbone renforc\u00e9<\/strong>, <strong data-start=\"3831\" data-end=\"3853\">rev\u00eatements anti-rouille<\/strong>et <strong data-start=\"3859\" data-end=\"3887\">soudage de cadre lourd<\/strong> pour r\u00e9sister aux vibrations constantes et aux charges lourdes. Le lit de charge utilise des panneaux r\u00e9sistants \u00e0 la corrosion adapt\u00e9s \u00e0 toutes les conditions m\u00e9t\u00e9orologiques.<\/p>\n<hr data-start=\"4021\" data-end=\"4024\" \/>\n<h2 data-start=\"4026\" data-end=\"4046\">\ufffd <strong data-start=\"4032\" data-end=\"4046\">Apparence<\/strong><\/h2>\n<p data-start=\"4048\" data-end=\"4263\">Avec son <strong data-start=\"4057\" data-end=\"4092\">conception avant a\u00e9rodynamique moderne<\/strong>Avec son couvert transparent et son cadre m\u00e9tallique robuste, le ZHIHUIGUAN pr\u00e9sente une esth\u00e9tique professionnelle, durable et moderne, id\u00e9ale pour les op\u00e9rations de flotte ou l'utilisation logistique de marque.<\/p>\n<hr data-start=\"4265\" data-end=\"4268\" \/>\n<h2 data-start=\"4270\" data-end=\"4286\">\ufffd <strong data-start=\"4276\" data-end=\"4286\">Conception<\/strong><\/h2>\n<p data-start=\"4288\" data-end=\"4535\">Le <strong data-start=\"4292\" data-end=\"4330\">V\u00e9hicule \u00e9lectrique \u00e0 trois roues<\/strong> adopte un cockpit ergonomique, syst\u00e8me de suspension hydraulique et conception de plancher antid\u00e9rapant. Chaque composant, des leviers manuels au panneau d\u2019instruments, est optimis\u00e9 pour le confort, la durabilit\u00e9 et la facilit\u00e9 d\u2019utilisation.<\/p>\n<hr data-start=\"4537\" data-end=\"4540\" \/>\n<h2 data-start=\"4542\" data-end=\"4569\">\ufffd <strong data-start=\"4548\" data-end=\"4569\">personnalisation OEM<\/strong><\/h2>\n<p data-start=\"4571\" data-end=\"4619\">Nous fournissons compl\u00e8te <strong data-start=\"4591\" data-end=\"4616\">personnalisation OEM\/ODM<\/strong>:<\/p>\n<ul data-start=\"4620\" data-end=\"4782\">\n<li data-start=\"4620\" data-end=\"4658\">\n<p data-start=\"4622\" data-end=\"4658\">Couleur personnalis\u00e9e du corps et finition de peinture<\/p>\n<\/li>\n<li data-start=\"4659\" data-end=\"4705\">\n<p data-start=\"4661\" data-end=\"4705\">Application de marque priv\u00e9e ou de logo<\/p>\n<\/li>\n<li data-start=\"4706\" data-end=\"4782\">\n<p data-start=\"4708\" data-end=\"4782\">Mises \u00e0 niveau facultatives (par exemple, \u00e9clairage LED, type de batterie, extensions de lit de charge)<\/p>\n<\/li>\n<\/ul>\n<hr data-start=\"4784\" data-end=\"4787\" \/>\n<h2 data-start=\"4789\" data-end=\"4814\">\ufffd <strong data-start=\"4795\" data-end=\"4814\">Contr\u00f4le qualit\u00e9<\/strong><\/h2>\n<p data-start=\"4816\" data-end=\"4910\">Chaque <strong data-start=\"4822\" data-end=\"4854\">ZHIHUIGUAN tricycle \u00e9lectrique<\/strong> passe par des contr\u00f4les de qualit\u00e9 rigoureux, y compris:<\/p>\n<ul data-start=\"4911\" data-end=\"5080\">\n<li data-start=\"4911\" data-end=\"4955\">\n<p data-start=\"4913\" data-end=\"4955\">Essais de s\u00e9curit\u00e9 \u00e9lectrique et d'isolation<\/p>\n<\/li>\n<li data-start=\"4956\" data-end=\"4996\">\n<p data-start=\"4958\" data-end=\"4996\">Essais de fiabilit\u00e9 du syst\u00e8me hydraulique<\/p>\n<\/li>\n<li data-start=\"4997\" data-end=\"5043\">\n<p data-start=\"4999\" data-end=\"5043\">Simulation d'endurance du cadre sous pleine charge<\/p>\n<\/li>\n<li data-start=\"5044\" data-end=\"5080\">\n<p data-start=\"5046\" data-end=\"5080\">\u00c9valuation des performances sur route r\u00e9elle<\/p>\n<\/li>\n<\/ul>\n<p data-start=\"5082\" data-end=\"5140\">Cela garantit une performance coh\u00e9rente sur les march\u00e9s mondiaux.<\/p>\n<hr data-start=\"5142\" data-end=\"5145\" \/>\n<h2 data-start=\"5147\" data-end=\"5177\">\ufffd\ufe0f <strong data-start=\"5154\" data-end=\"5177\">Service apr\u00e8s-vente<\/strong><\/h2>\n<ul data-start=\"5179\" data-end=\"5345\">\n<li data-start=\"5179\" data-end=\"5224\">\n<p data-start=\"5181\" data-end=\"5224\">Garantie de 12 mois sur le moteur et le contr\u00f4leur<\/p>\n<\/li>\n<li data-start=\"5225\" data-end=\"5262\">\n<p data-start=\"5227\" data-end=\"5262\">Support technique en ligne \u00e0 vie<\/p>\n<\/li>\n<li data-start=\"5263\" data-end=\"5299\">\n<p data-start=\"5265\" data-end=\"5299\">Exp\u00e9dition globale rapide de pi\u00e8ces d\u00e9tach\u00e9es<\/p>\n<\/li>\n<li data-start=\"5300\" data-end=\"5345\">\n<p data-start=\"5302\" data-end=\"5345\">Plans de maintenance personnalis\u00e9s pour les distributeurs<\/p>\n<\/li>\n<\/ul>\n<hr data-start=\"5347\" data-end=\"5350\" \/>\n<h2 data-start=\"5352\" data-end=\"5380\">\ufffd <strong data-start=\"5358\" data-end=\"5380\">Champs d'application<\/strong><\/h2>\n<p data-start=\"5382\" data-end=\"5394\">Id\u00e9al pour :<\/p>\n<ul data-start=\"5395\" data-end=\"5573\">\n<li data-start=\"5395\" data-end=\"5439\">\n<p data-start=\"5397\" data-end=\"5439\">Transport de marchandises industrielles et d'entrep\u00f4t<\/p>\n<\/li>\n<li data-start=\"5440\" data-end=\"5483\">\n<p data-start=\"5442\" data-end=\"5483\">Logistique des produits agricoles et des aliments pour animaux<\/p>\n<\/li>\n<li data-start=\"5484\" data-end=\"5529\">\n<p data-start=\"5486\" data-end=\"5529\">Livraison de fournitures pour la construction et le b\u00e2timent<\/p>\n<\/li>\n<li data-start=\"5530\" data-end=\"5573\">\n<p data-start=\"5532\" data-end=\"5573\">Gestion des d\u00e9chets et nettoyage municipal<\/p>\n<\/li>\n<\/ul>\n<hr data-start=\"5575\" data-end=\"5578\" \/>\n<h2 data-start=\"5580\" data-end=\"5603\">\ufffd <strong data-start=\"5586\" data-end=\"5603\">Conditions de paiement<\/strong><\/h2>\n<ul data-start=\"5605\" data-end=\"5737\">\n<li data-start=\"5605\" data-end=\"5655\">\n<p data-start=\"5607\" data-end=\"5655\">T\/T (d\u00e9p\u00f4t de 30%, \u00e9quilibre de 70% avant exp\u00e9dition)<\/p>\n<\/li>\n<li data-start=\"5656\" data-end=\"5689\">\n<p data-start=\"5658\" data-end=\"5689\">L \/ C disponible pour les commandes en vrac<\/p>\n<\/li>\n<li data-start=\"5690\" data-end=\"5737\">\n<p data-start=\"5692\" data-end=\"5737\">Alibaba assurance commerciale et PayPal accept\u00e9<\/p>\n<\/li>\n<\/ul>\n<hr data-start=\"5739\" data-end=\"5742\" \/>\n<h2 data-start=\"5744\" data-end=\"5756\">\u2753 <strong data-start=\"5749\" data-end=\"5756\">FAQ (questions fr\u00e9quentes)<\/strong><\/h2>\n<p data-start=\"5758\" data-end=\"5918\"><strong data-start=\"5758\" data-end=\"5834\">Q1: Quelle est la gamme de batterie du v\u00e9hicule \u00e9lectrique \u00e0 trois roues?<\/strong><br data-start=\"5834\" data-end=\"5837\" \/>A1 : Il offre une autonomie de 60 \u00e0 70 km \u00e0 charge compl\u00e8te, en fonction de la charge et du terrain.<\/p>\n<p data-start=\"5920\" data-end=\"6020\"><strong data-start=\"5920\" data-end=\"5966\">Q2: Combien de temps faut-il pour charger compl\u00e8tement?<\/strong><br data-start=\"5966\" data-end=\"5969\" \/>A2: Environ 8 heures en utilisant une source d'alimentation standard.<\/p>\n<p data-start=\"6022\" data-end=\"6136\"><strong data-start=\"6022\" data-end=\"6075\">Q3: Puis-je commander ce tricycle avec mon logo de marque?<\/strong><br data-start=\"6075\" data-end=\"6078\" \/>A3: Oui, nous fournissons des services complets d'OEM et de marque priv\u00e9e.<\/p>\n<p data-start=\"6138\" data-end=\"6227\"><strong data-start=\"6138\" data-end=\"6171\">Q4: Quelle est la capacit\u00e9 de charge?<\/strong><br data-start=\"6171\" data-end=\"6174\" \/>A4: Il peut transporter jusqu'\u00e0 800 kg de marchandises efficacement.<\/p>\n<p data-start=\"6229\" data-end=\"6363\"><strong data-start=\"6229\" data-end=\"6276\">Q5: Ce mod\u00e8le convient-il aux zones collin\u00e9es?<\/strong><br data-start=\"6276\" data-end=\"6279\" \/>A5 : Absolument. Son moteur \u00e0 couple \u00e9lev\u00e9 de 1000W supporte des angles d'escalade allant jusqu'\u00e0 30\u00b0.<\/p>","protected":false},"excerpt":{"rendered":"<p>Le v\u00e9hicule \u00e9lectrique \u00e0 trois roues dispose d'un moteur hydraulique de 1000 W aliment\u00e9 par un syst\u00e8me de 60V\/72V, offrant une transmission fluide et puissante pour transporter des charges allant jusqu'\u00e0 800 kg. Son ch\u00e2ssis renforc\u00e9, son syst\u00e8me de freinage efficace et sa disposition de commande ergonomique le rendent adapt\u00e9 aux op\u00e9rations urbaines et rurales. C\u2019est un choix id\u00e9al pour les entreprises de logistique, les agriculteurs et les flottes d\u2019entretien urbains \u00e0 la recherche de solutions de transport \u00e9cologiques et \u00e0 grande charge.<\/p>","protected":false},"featured_media":4454,"comment_status":"open","ping_status":"closed","template":"","meta":[],"product_brand":[],"product_cat":[78],"product_tag":[],"class_list":{"0":"post-4457","1":"product","2":"type-product","3":"status-publish","4":"has-post-thumbnail","6":"product_cat-electric-tricycle","8":"first","9":"instock","10":"shipping-taxable","11":"product-type-simple"},"_links":{"self":[{"href":"https:\/\/www.tairuiauto.com\/fr\/wp-json\/wp\/v2\/product\/4457","targetHints":{"allow":["GET"]}}],"collection":[{"href":"https:\/\/www.tairuiauto.com\/fr\/wp-json\/wp\/v2\/product"}],"about":[{"href":"https:\/\/www.tairuiauto.com\/fr\/wp-json\/wp\/v2\/types\/product"}],"replies":[{"embeddable":true,"href":"https:\/\/www.tairuiauto.com\/fr\/wp-json\/wp\/v2\/comments?post=4457"}],"wp:featuredmedia":[{"embeddable":true,"href":"https:\/\/www.tairuiauto.com\/fr\/wp-json\/wp\/v2\/media\/4454"}],"wp:attachment":[{"href":"https:\/\/www.tairuiauto.com\/fr\/wp-json\/wp\/v2\/media?parent=4457"}],"wp:term":[{"taxonomy":"product_brand","embeddable":true,"href":"https:\/\/www.tairuiauto.com\/fr\/wp-json\/wp\/v2\/product_brand?post=4457"},{"taxonomy":"product_cat","embeddable":true,"href":"https:\/\/www.tairuiauto.com\/fr\/wp-json\/wp\/v2\/product_cat?post=4457"},{"taxonomy":"product_tag","embeddable":true,"href":"https:\/\/www.tairuiauto.com\/fr\/wp-json\/wp\/v2\/product_tag?post=4457"}],"curies":[{"name":"WP","href":"https:\/\/api.w.org\/{rel}","templated":true}]}}