{"id":4959,"date":"2025-11-24T09:20:41","date_gmt":"2025-11-24T01:20:41","guid":{"rendered":"https:\/\/www.tairuiauto.com\/?post_type=product&#038;p=4959"},"modified":"2025-11-25T10:07:09","modified_gmt":"2025-11-25T02:07:09","slug":"eco-friendly-electric-vehicle","status":"publish","type":"product","link":"https:\/\/www.tairuiauto.com\/fr\/product\/eco-friendly-electric-vehicle\/","title":{"rendered":"V\u00e9hicule \u00e9lectrique \u00e9cologique"},"content":{"rendered":"<h3 style=\"padding-left: 40px;\" data-start=\"515\" data-end=\"542\"><strong data-start=\"519\" data-end=\"542\">Description du produit<\/strong><\/h3>\n<p style=\"padding-left: 40px;\" data-start=\"543\" data-end=\"1221\">Le <strong data-start=\"547\" data-end=\"588\">P302 tricycle \u00e9lectrique pour passagers<\/strong> est un v\u00e9hicule intelligent et \u00e9cologique con\u00e7u pour le transport \u00e0 courte distance dans les villes, les villes, les zones touristiques, les communaut\u00e9s et les parcs commerciaux.<\/p>\n<table style=\"border-collapse: collapse; width: 78.6538%; margin-left: 40px;\" border=\"0\" width=\"720\" cellspacing=\"0\" cellpadding=\"0\">\n<tbody style=\"padding-left: 40px;\">\n<tr style=\"height: 20pt; padding-left: 40px;\">\n<td class=\"et5\" style=\"height: 20pt; width: 39.9654%; padding-left: 40px;\" width=\"265\" height=\"33\">Mod\u00e8le<\/td>\n<td class=\"et6\" style=\"width: 113.495%; padding-left: 40px;\" width=\"455\"><a href=\"#\u76ee\u5f55!A1\">P302<\/a><\/td>\n<\/tr>\n<tr style=\"height: 20pt; padding-left: 40px;\">\n<td class=\"et7\" style=\"height: 20pt; width: 39.9654%; padding-left: 40px;\" width=\"265\" height=\"33\">Dimensions (mm)<\/td>\n<td class=\"et7\" style=\"width: 113.495%; padding-left: 40px;\" width=\"455\">2610*1280*1630<\/td>\n<\/tr>\n<tr style=\"height: 20pt; padding-left: 40px;\">\n<td class=\"et7\" style=\"height: 20pt; width: 39.9654%; padding-left: 40px;\" width=\"265\" height=\"33\">Type de corps<\/td>\n<td class=\"et7\" style=\"width: 113.495%; padding-left: 40px;\" width=\"455\">corps semi-int\u00e9gral<\/td>\n<\/tr>\n<tr style=\"height: 20pt; padding-left: 40px;\">\n<td class=\"et7\" style=\"height: 20pt; width: 39.9654%; padding-left: 40px;\" width=\"265\" height=\"33\">Structure du corps<\/td>\n<td class=\"et7\" style=\"width: 113.495%; padding-left: 40px;\" width=\"455\">4 portes et 3 si\u00e8ges<\/td>\n<\/tr>\n<tr style=\"height: 20pt; padding-left: 40px;\">\n<td class=\"et7\" style=\"height: 20pt; width: 39.9654%; padding-left: 40px;\" width=\"265\" height=\"33\">moteur<\/td>\n<td class=\"et7\" style=\"width: 113.495%; padding-left: 40px;\" width=\"455\">60V1000W<\/td>\n<\/tr>\n<tr style=\"height: 20pt; padding-left: 40px;\">\n<td class=\"et7\" style=\"height: 20pt; width: 39.9654%; padding-left: 40px;\" width=\"265\" height=\"33\">contr\u00f4leur<\/td>\n<td class=\"et7\" style=\"width: 113.495%; padding-left: 40px;\" width=\"455\">60V 18tubes<\/td>\n<\/tr>\n<tr style=\"height: 20pt; padding-left: 40px;\">\n<td class=\"et7\" style=\"height: 20pt; width: 39.9654%; padding-left: 40px;\" width=\"265\" height=\"33\">Batterie (kwh)<\/td>\n<td class=\"et7\" style=\"width: 113.495%; padding-left: 40px;\" width=\"455\">60V58AH<\/td>\n<\/tr>\n<tr style=\"height: 20pt; padding-left: 40px;\">\n<td class=\"et7\" style=\"height: 20pt; width: 39.9654%; padding-left: 40px;\" width=\"265\" height=\"33\">Temps de charge (H)<\/td>\n<td class=\"et7\" style=\"width: 113.495%; padding-left: 40px;\" width=\"455\">6-8<\/td>\n<\/tr>\n<tr style=\"height: 20pt; padding-left: 40px;\">\n<td class=\"et7\" style=\"height: 20pt; width: 39.9654%; padding-left: 40px;\" width=\"265\" height=\"33\">Distance par charge\/km<\/td>\n<td class=\"et7\" style=\"width: 113.495%; padding-left: 40px;\" width=\"455\">\u2265 60<\/td>\n<\/tr>\n<tr style=\"height: 20pt; padding-left: 40px;\">\n<td class=\"et7\" style=\"height: 20pt; width: 39.9654%; padding-left: 40px;\" width=\"265\" height=\"33\">Suspension avant<\/td>\n<td class=\"et7\" style=\"width: 113.495%; padding-left: 40px;\" width=\"455\">chocteur hydraulique<\/td>\n<\/tr>\n<tr style=\"height: 20pt; padding-left: 40px;\">\n<td class=\"et7\" style=\"height: 20pt; width: 39.9654%; padding-left: 40px;\" width=\"265\" height=\"33\">Suspension arri\u00e8re<\/td>\n<td class=\"et7\" style=\"width: 113.495%; padding-left: 40px;\" width=\"455\">Suspension \u00e0 bras de tra\u00eenement<\/td>\n<\/tr>\n<tr style=\"height: 20pt; padding-left: 40px;\">\n<td class=\"et7\" style=\"height: 20pt; width: 39.9654%; padding-left: 40px;\" width=\"265\" height=\"33\">Pneumatique avant\/arri\u00e8re<\/td>\n<td class=\"et7\" style=\"width: 113.495%; padding-left: 40px;\" width=\"455\">Avant 4.00-10<br \/>\nArri\u00e8re 4.00-10<\/td>\n<\/tr>\n<tr style=\"height: 20pt; padding-left: 40px;\">\n<td class=\"et7\" style=\"height: 20pt; width: 39.9654%; padding-left: 40px;\" width=\"265\" height=\"33\">bordure<\/td>\n<td class=\"et7\" style=\"width: 113.495%; padding-left: 40px;\" width=\"455\">Hub en alliage d'aluminium<\/td>\n<\/tr>\n<tr style=\"height: 20pt; padding-left: 40px;\">\n<td class=\"et7\" style=\"height: 20pt; width: 39.9654%; padding-left: 40px;\" width=\"265\" height=\"33\">Syst\u00e8me de frein<\/td>\n<td class=\"et7\" style=\"width: 113.495%; padding-left: 40px;\" width=\"455\">avant\/arri\u00e8re:disque<\/td>\n<\/tr>\n<tr style=\"height: 20pt; padding-left: 40px;\">\n<td class=\"et7\" style=\"height: 20pt; width: 39.9654%; padding-left: 40px;\" width=\"265\" height=\"33\">Degr\u00e9 d'escalade (%)<\/td>\n<td class=\"et7\" style=\"width: 113.495%; padding-left: 40px;\" width=\"455\">\u2265 25<\/td>\n<\/tr>\n<tr style=\"height: 20pt; padding-left: 40px;\">\n<td class=\"et7\" style=\"height: 20pt; width: 39.9654%; padding-left: 40px;\" width=\"265\" height=\"33\">Vitesse maximale (km\/h)<\/td>\n<td class=\"et7\" style=\"width: 113.495%; padding-left: 40px;\" width=\"455\">38 km\/h<\/td>\n<\/tr>\n<tr style=\"height: 20pt; padding-left: 40px;\">\n<td class=\"et7\" style=\"height: 20pt; width: 39.9654%; padding-left: 40px;\" width=\"265\" height=\"33\">Mode de direction<\/td>\n<td class=\"et7\" style=\"width: 113.495%; padding-left: 40px;\" width=\"455\">guidon moyen<\/td>\n<\/tr>\n<tr style=\"height: 20pt; padding-left: 40px;\">\n<td class=\"et7\" style=\"height: 20pt; width: 39.9654%; padding-left: 40px;\" width=\"265\" height=\"33\">Capacit\u00e9 du conteneur<\/td>\n<td class=\"et7\" style=\"width: 113.495%; padding-left: 40px;\" width=\"455\">9 PCS SKD\/40&#8217; Si\u00e8ge<\/td>\n<\/tr>\n<tr style=\"height: 20pt; padding-left: 40px;\">\n<td class=\"et7\" style=\"height: 20pt; width: 39.9654%; padding-left: 40px;\" width=\"265\" height=\"33\">certificat<\/td>\n<td class=\"et7\" style=\"width: 113.495%; padding-left: 40px;\" width=\"455\">CCC<\/td>\n<\/tr>\n<tr style=\"height: 20pt; padding-left: 40px;\">\n<td class=\"et7\" style=\"height: 60pt; width: 39.9654%; padding-left: 40px;\" rowspan=\"3\" width=\"265\" height=\"100\">Dispositif de fonction<\/td>\n<td class=\"et7\" style=\"width: 113.495%; padding-left: 40px;\" width=\"455\">Un bouton de d\u00e9marrage<\/td>\n<\/tr>\n<tr style=\"height: 20pt; padding-left: 40px;\">\n<td class=\"et7\" style=\"width: 113.495%; padding-left: 40px;\" width=\"455\">Lumi\u00e8res LED<\/td>\n<\/tr>\n<tr style=\"height: 20pt; padding-left: 40px;\">\n<td class=\"et7\" style=\"width: 113.495%; padding-left: 40px;\" width=\"455\">Cam\u00e9ra inverse<\/td>\n<\/tr>\n<\/tbody>\n<\/table>\n<p>&nbsp;<\/p>\n<hr style=\"padding-left: 40px;\" data-start=\"1223\" data-end=\"1226\" \/>\n<h3 style=\"padding-left: 40px;\" data-start=\"1228\" data-end=\"1265\"><strong data-start=\"1232\" data-end=\"1265\">Caract\u00e9ristiques cl\u00e9s &amp; Points de vente<\/strong><\/h3>\n<ol>\n<li style=\"list-style-type: none;\">\n<ol data-start=\"1266\" data-end=\"2222\">\n<li data-start=\"1266\" data-end=\"1522\">\n<p data-start=\"1269\" data-end=\"1522\"><strong data-start=\"1269\" data-end=\"1327\">Cabine confortable \u00e0 4 portes pour les besoins de transport polyvalents<\/strong><br data-start=\"1327\" data-end=\"1330\" \/>La cabine enti\u00e8rement ferm\u00e9e assure la protection contre les intemp\u00e9ries et la vie priv\u00e9e des passagers, ce qui rend ce trike \u00e9lectrique adapt\u00e9 \u00e0 l'usage familial, au service de taxi \u00e0 courte distance et aux trajets d'affaires.<\/p>\n<\/li>\n<li data-start=\"1524\" data-end=\"1754\">\n<p data-start=\"1527\" data-end=\"1754\"><strong data-start=\"1527\" data-end=\"1579\">Batterie \u00e0 longue port\u00e9e pour la mobilit\u00e9 urbaine continue<\/strong><br data-start=\"1579\" data-end=\"1582\" \/>\u00c9quip\u00e9 d'un pack 60V 58Ah, le P302 offre \u226560 km par charge, supportant le fonctionnement quotidien des flottes de taxis \u00e9lectriques \u00e0 trois roues sans interruptions fr\u00e9quentes de charge.<\/p>\n<\/li>\n<li data-start=\"1756\" data-end=\"1984\">\n<p data-start=\"1759\" data-end=\"1984\"><strong data-start=\"1759\" data-end=\"1813\">Frein puissant &amp; Syst\u00e8me de suspension pour des voyages plus s\u00fbrs<\/strong><br data-start=\"1813\" data-end=\"1816\" \/>Dot\u00e9 de freins \u00e0 disques avant et arri\u00e8re, de suspension \u00e0 bras de tra\u00eenement et d'amortisseurs hydrauliques, ce v\u00e9hicule de mobilit\u00e9 \u00e9lectrique am\u00e9liore la s\u00e9curit\u00e9 des passagers et la maniabilit\u00e9 routi\u00e8re.<\/p>\n<\/li>\n<li data-start=\"1986\" data-end=\"2222\">\n<p data-start=\"1989\" data-end=\"2222\"><strong data-start=\"1989\" data-end=\"2037\">Moteur \u00e0 \u00e9conomie d'\u00e9nergie avec vitesse jusqu'\u00e0 38 km\/h<\/strong><br data-start=\"2037\" data-end=\"2040\" \/>Le moteur de 1000W offre une forte capacit\u00e9 d'escalade (\u226525%) et une acc\u00e9l\u00e9ration douce, offrant des performances efficaces pour le transport de passagers en rickshaw \u00e9lectrique dans des environnements urbains bond\u00e9s.<\/p>\n<\/li>\n<\/ol>\n<\/li>\n<\/ol>\n<hr style=\"padding-left: 40px;\" data-start=\"2224\" data-end=\"2227\" \/>\n<h3 style=\"padding-left: 40px;\" data-start=\"2229\" data-end=\"2262\"><strong data-start=\"2233\" data-end=\"2262\">Avantages diff\u00e9renci\u00e9s<\/strong><\/h3>\n<ol>\n<li style=\"list-style-type: none;\">\n<ol data-start=\"2263\" data-end=\"3087\">\n<li data-start=\"2263\" data-end=\"2447\">\n<p data-start=\"2266\" data-end=\"2447\"><strong data-start=\"2266\" data-end=\"2312\">Corps semi-int\u00e9gr\u00e9 avec une stabilit\u00e9 am\u00e9lior\u00e9e<\/strong><br data-start=\"2312\" data-end=\"2315\" \/>La conception de la carrosserie semi-int\u00e9grale augmente la r\u00e9sistance aux collisions, am\u00e9liorant ainsi les niveaux de s\u00e9curit\u00e9 par rapport aux rickshaws \u00e9lectroniques \u00e0 cadre ouvert traditionnels.<\/p>\n<\/li>\n<li data-start=\"2449\" data-end=\"2685\">\n<p data-start=\"2452\" data-end=\"2685\"><strong data-start=\"2452\" data-end=\"2507\">Outils fonctionnels complets pour un fonctionnement convivial pour le conducteur<\/strong><br data-start=\"2507\" data-end=\"2510\" \/>L'\u00e9clairage LED, la cam\u00e9ra arri\u00e8re et le d\u00e9marrage \u00e0 un bouton permettent des performances de conduite professionnelles m\u00eame pour les conducteurs communautaires ou les nouveaux op\u00e9rateurs de v\u00e9hicules de taxi \u00e9lectriques \u00e0 trois roues.<\/p>\n<\/li>\n<li data-start=\"2687\" data-end=\"2903\">\n<p data-start=\"2690\" data-end=\"2903\"><strong data-start=\"2690\" data-end=\"2747\">Jantes en alliage d'aluminium pour la durabilit\u00e9 &amp; Appel esth\u00e9tique<\/strong><br data-start=\"2747\" data-end=\"2750\" \/>Les moyeux en alliage d'aluminium de haute qualit\u00e9 r\u00e9duisent le poids et le risque de corrosion, prolongeant la dur\u00e9e de vie et am\u00e9liorant l'apparence globale du trike \u00e9lectrique de passagers.<\/p>\n<\/li>\n<li data-start=\"2905\" data-end=\"3087\">\n<p data-start=\"2908\" data-end=\"3087\"><strong data-start=\"2908\" data-end=\"2953\">Capacit\u00e9 de conteneur efficace pour l'exp\u00e9dition<\/strong><br data-start=\"2953\" data-end=\"2956\" \/>Chaque conteneur 40\u2019HQ peut accueillir 9 unit\u00e9s SKD\/CKD, r\u00e9duisant ainsi les co\u00fbts d\u2019exp\u00e9dition pour les distributeurs mondiaux de v\u00e9hicules de mobilit\u00e9 \u00e9lectrique.<\/p>\n<\/li>\n<\/ol>\n<\/li>\n<\/ol>\n<p style=\"padding-left: 40px;\" data-start=\"3583\" data-end=\"3651\"><img fetchpriority=\"high\" decoding=\"async\" class=\"aligncenter size-large wp-image-4969\" src=\"https:\/\/www.tairuiauto.com\/wp-content\/uploads\/2025\/11\/8_\u526f\u672c-863x1024.jpg\" alt=\"\" width=\"800\" height=\"949\" srcset=\"https:\/\/www.tairuiauto.com\/wp-content\/uploads\/2025\/11\/8_\u526f\u672c-863x1024.jpg 863w, https:\/\/www.tairuiauto.com\/wp-content\/uploads\/2025\/11\/8_\u526f\u672c-253x300.jpg 253w, https:\/\/www.tairuiauto.com\/wp-content\/uploads\/2025\/11\/8_\u526f\u672c-768x911.jpg 768w, https:\/\/www.tairuiauto.com\/wp-content\/uploads\/2025\/11\/8_\u526f\u672c-1294x1536.jpg 1294w, https:\/\/www.tairuiauto.com\/wp-content\/uploads\/2025\/11\/8_\u526f\u672c-1726x2048.jpg 1726w, https:\/\/www.tairuiauto.com\/wp-content\/uploads\/2025\/11\/8_\u526f\u672c-10x12.jpg 10w, https:\/\/www.tairuiauto.com\/wp-content\/uploads\/2025\/11\/8_\u526f\u672c-600x712.jpg 600w\" sizes=\"(max-width: 800px) 100vw, 800px\" \/><\/p>\n<hr style=\"padding-left: 40px;\" data-start=\"3653\" data-end=\"3656\" \/>\n<h3 style=\"padding-left: 40px;\" data-start=\"3658\" data-end=\"3675\"><strong data-start=\"3662\" data-end=\"3675\">Mat\u00e9riaux<\/strong><\/h3>\n<ul>\n<li style=\"list-style-type: none;\">\n<ul data-start=\"3676\" data-end=\"3866\">\n<li data-start=\"3676\" data-end=\"3721\">\n<p data-start=\"3678\" data-end=\"3721\">Cadre du v\u00e9hicule: Acier soud\u00e9 haute r\u00e9sistance<\/p>\n<\/li>\n<li data-start=\"3722\" data-end=\"3781\">\n<p data-start=\"3724\" data-end=\"3781\">Panneaux de corps: Plastiques d'ing\u00e9nierie durables coquille en acier<\/p>\n<\/li>\n<li data-start=\"3782\" data-end=\"3812\">\n<p data-start=\"3784\" data-end=\"3812\">Roues: moyeu en alliage d'aluminium<\/p>\n<\/li>\n<li data-start=\"3813\" data-end=\"3866\">\n<p data-start=\"3815\" data-end=\"3866\">Fen\u00eatres: verre de s\u00e9curit\u00e9 avec bo\u00eetier scell\u00e9<\/p>\n<\/li>\n<\/ul>\n<\/li>\n<\/ul>\n<hr style=\"padding-left: 40px;\" data-start=\"3868\" data-end=\"3871\" \/>\n<h3 style=\"padding-left: 40px;\" data-start=\"3873\" data-end=\"3891\"><strong data-start=\"3877\" data-end=\"3891\">Apparence<\/strong><\/h3>\n<p style=\"padding-left: 40px;\" data-start=\"3892\" data-end=\"4041\">Conception moderne, compacte et a\u00e9rodynamique; couleur ext\u00e9rieure personnalisable et logo; conception de cabine spacieuse avec si\u00e8ges ergonomiques et \u00e9clairage visuel am\u00e9lior\u00e9.<\/p>\n<hr style=\"padding-left: 40px;\" data-start=\"4043\" data-end=\"4046\" \/>\n<h3 style=\"padding-left: 40px;\" data-start=\"4048\" data-end=\"4062\"><strong data-start=\"4052\" data-end=\"4062\">Conception<\/strong><\/h3>\n<p style=\"padding-left: 40px;\" data-start=\"4063\" data-end=\"4208\">Disposition centr\u00e9e sur l'homme avec des si\u00e8ges confortables, de larges portes pour un embarquement facile, une visibilit\u00e9 am\u00e9lior\u00e9e du panneau de commande et une protection frontale renforc\u00e9e.<\/p>\n<hr style=\"padding-left: 40px;\" data-start=\"4210\" data-end=\"4213\" \/>\n<h3 style=\"padding-left: 40px;\" data-start=\"4215\" data-end=\"4240\"><strong data-start=\"4219\" data-end=\"4240\">personnalisation OEM<\/strong><\/h3>\n<p style=\"padding-left: 40px;\" data-start=\"4241\" data-end=\"4382\">Options disponibles: logo, couleur, mat\u00e9riaux de si\u00e8ge, batteries (72V en option), mise \u00e0 niveau du moteur, syst\u00e8me multim\u00e9dia, options de chauffage\/refroidissement am\u00e9lior\u00e9es.<\/p>\n<hr style=\"padding-left: 40px;\" data-start=\"4384\" data-end=\"4387\" \/>\n<h3 style=\"padding-left: 40px;\" data-start=\"4389\" data-end=\"4412\"><strong data-start=\"4393\" data-end=\"4412\">Contr\u00f4le qualit\u00e9<\/strong><\/h3>\n<p style=\"padding-left: 40px;\" data-start=\"4413\" data-end=\"4440\">Chaque v\u00e9hicule est test\u00e9 pour :<\/p>\n<ul>\n<li style=\"list-style-type: none;\">\n<ul data-start=\"4441\" data-end=\"4571\">\n<li data-start=\"4441\" data-end=\"4462\">\n<p data-start=\"4443\" data-end=\"4462\">sensibilit\u00e9 aux freins<\/p>\n<\/li>\n<li data-start=\"4463\" data-end=\"4483\">\n<p data-start=\"4465\" data-end=\"4483\">efficacit\u00e9 moteur<\/p>\n<\/li>\n<li data-start=\"4484\" data-end=\"4508\">\n<p data-start=\"4486\" data-end=\"4508\">enceinte imperm\u00e9able<\/p>\n<\/li>\n<li data-start=\"4509\" data-end=\"4537\">\n<p data-start=\"4511\" data-end=\"4537\">Dur\u00e9e de soudage du cadre<\/p>\n<\/li>\n<li data-start=\"4538\" data-end=\"4571\">\n<p data-start=\"4540\" data-end=\"4571\">stabilit\u00e9 des performances de la batterie<\/p>\n<\/li>\n<\/ul>\n<\/li>\n<\/ul>\n<hr style=\"padding-left: 40px;\" data-start=\"4573\" data-end=\"4576\" \/>\n<h3 style=\"padding-left: 40px;\" data-start=\"4578\" data-end=\"4605\"><strong data-start=\"4582\" data-end=\"4605\">Service apr\u00e8s-vente<\/strong><\/h3>\n<p style=\"padding-left: 40px;\" data-start=\"4606\" data-end=\"4726\">Options de garantie; support des pi\u00e8ces mondiales; guidage technique \u00e0 distance; Formation en assemblage SKD\/CKD pour des partenariats \u00e0 long terme.<\/p>\n<hr style=\"padding-left: 40px;\" data-start=\"4728\" data-end=\"4731\" \/>\n<h3 style=\"padding-left: 40px;\" data-start=\"4733\" data-end=\"4759\"><strong data-start=\"4737\" data-end=\"4759\">Champs d'application<\/strong><\/h3>\n<p style=\"padding-left: 40px;\" data-start=\"4760\" data-end=\"4911\">Navette communautaire, transport de campus, navette familiale, taxi \u00e9lectrique \u00e0 trois roues, services de mobilit\u00e9 touristique, ramassage de passagers dans la zone commerciale.<\/p>\n<hr style=\"padding-left: 40px;\" data-start=\"4913\" data-end=\"4916\" \/>\n<h3 style=\"padding-left: 40px;\" data-start=\"4918\" data-end=\"4940\"><strong data-start=\"4922\" data-end=\"4940\">M\u00e9thode de paiement<\/strong><\/h3>\n<p style=\"padding-left: 40px;\" data-start=\"4941\" data-end=\"5009\">T \/ T, L \/ C, assurance commerciale, n\u00e9gociation d'installement pour les distributeurs.<\/p>\n<hr style=\"padding-left: 40px;\" data-start=\"5011\" data-end=\"5014\" \/>\n<h3 style=\"padding-left: 40px;\" data-start=\"5016\" data-end=\"5027\"><strong data-start=\"5020\" data-end=\"5027\">FAQ (questions fr\u00e9quentes)<\/strong><\/h3>\n<p style=\"padding-left: 40px;\" data-start=\"5028\" data-end=\"5166\"><strong data-start=\"5028\" data-end=\"5071\">Q1: Ce v\u00e9hicule peut-il \u00eatre utilis\u00e9 comme taxi?<\/strong><br data-start=\"5071\" data-end=\"5074\" \/>Oui, il est largement utilis\u00e9 comme un taxi \u00e9lectrique \u00e0 trois roues pour le service de passagers \u00e0 courte distance.<\/p>\n<p style=\"padding-left: 40px;\" data-start=\"5168\" data-end=\"5294\"><strong data-start=\"5168\" data-end=\"5214\">Q2: Combien de temps fonctionne le P302 par charge?<\/strong><br data-start=\"5214\" data-end=\"5217\" \/>Une batterie enti\u00e8rement charg\u00e9e dure \u226560 km selon le terrain et les habitudes de conduite.<\/p>\n<p style=\"padding-left: 40px;\" data-start=\"5296\" data-end=\"5459\"><strong data-start=\"5296\" data-end=\"5343\">Q3: Le v\u00e9hicule convient-il \u00e0 une utilisation familiale?<\/strong><br data-start=\"5343\" data-end=\"5346\" \/>Absolument - il a un bo\u00eetier de 4 portes, 3 si\u00e8ges et de fortes caract\u00e9ristiques de s\u00e9curit\u00e9, ce qui le rend id\u00e9al pour la mobilit\u00e9 familiale.<\/p>\n<p style=\"padding-left: 40px;\" data-start=\"5461\" data-end=\"5605\"><strong data-start=\"5461\" data-end=\"5502\">Q4: Soutenez-vous les commandes personnalis\u00e9es?<\/strong><br data-start=\"5502\" data-end=\"5505\" \/>Oui, nous offrons des solutions OEM, y compris la personnalisation du logo, les couleurs, les mises \u00e0 niveau de la batterie et les accessoires.<\/p>","protected":false},"excerpt":{"rendered":"<p>Avec un bo\u00eetier spacieux de 4 portes et une disposition de 3 places, il offre un voyage s\u00fbr et confortable pour les familles et les op\u00e9rateurs de transport. Aliment\u00e9 par un syst\u00e8me moteur de 60V et soutenu par des batteries de haute capacit\u00e9 de 58Ah, il offre un kilom\u00e9trage prolong\u00e9 avec une fr\u00e9quence de charge r\u00e9duite. Id\u00e9al pour les d\u00e9placements quotidiens, les services de ramassage de passagers, la mobilit\u00e9 partag\u00e9e et les petites entreprises de taxi en rickshaw \u00e9lectrique, ce mod\u00e8le apporte abordabilit\u00e9, design moderne et r\u00e9elle praticit\u00e9 au march\u00e9 de la mobilit\u00e9 \u00e9lectrique.<\/p>","protected":false},"featured_media":4960,"comment_status":"open","ping_status":"closed","template":"","meta":[],"product_brand":[],"product_cat":[78],"product_tag":[],"class_list":{"0":"post-4959","1":"product","2":"type-product","3":"status-publish","4":"has-post-thumbnail","6":"product_cat-electric-tricycle","8":"first","9":"instock","10":"shipping-taxable","11":"product-type-simple"},"_links":{"self":[{"href":"https:\/\/www.tairuiauto.com\/fr\/wp-json\/wp\/v2\/product\/4959","targetHints":{"allow":["GET"]}}],"collection":[{"href":"https:\/\/www.tairuiauto.com\/fr\/wp-json\/wp\/v2\/product"}],"about":[{"href":"https:\/\/www.tairuiauto.com\/fr\/wp-json\/wp\/v2\/types\/product"}],"replies":[{"embeddable":true,"href":"https:\/\/www.tairuiauto.com\/fr\/wp-json\/wp\/v2\/comments?post=4959"}],"wp:featuredmedia":[{"embeddable":true,"href":"https:\/\/www.tairuiauto.com\/fr\/wp-json\/wp\/v2\/media\/4960"}],"wp:attachment":[{"href":"https:\/\/www.tairuiauto.com\/fr\/wp-json\/wp\/v2\/media?parent=4959"}],"wp:term":[{"taxonomy":"product_brand","embeddable":true,"href":"https:\/\/www.tairuiauto.com\/fr\/wp-json\/wp\/v2\/product_brand?post=4959"},{"taxonomy":"product_cat","embeddable":true,"href":"https:\/\/www.tairuiauto.com\/fr\/wp-json\/wp\/v2\/product_cat?post=4959"},{"taxonomy":"product_tag","embeddable":true,"href":"https:\/\/www.tairuiauto.com\/fr\/wp-json\/wp\/v2\/product_tag?post=4959"}],"curies":[{"name":"WP","href":"https:\/\/api.w.org\/{rel}","templated":true}]}}