{"id":1020,"date":"2025-02-08T16:24:34","date_gmt":"2025-02-08T08:24:34","guid":{"rendered":"http:\/\/www.tairuiauto.com\/?post_type=product&#038;p=1020"},"modified":"2025-12-16T11:00:47","modified_gmt":"2025-12-16T03:00:47","slug":"mini-car-c003","status":"publish","type":"product","link":"https:\/\/www.tairuiauto.com\/it\/product\/mini-car-c003\/","title":{"rendered":"Mini auto quattro ruote"},"content":{"rendered":"<h2 style=\"padding-left: 40px;\" data-start=\"1255\" data-end=\"1295\">Panoramica del prodotto<\/h2>\n<p style=\"padding-left: 40px;\" data-start=\"1297\" data-end=\"1681\">Il <strong data-start=\"1301\" data-end=\"1318\">Mini auto quattro ruote<\/strong> \u00e8 leggero <strong data-start=\"1336\" data-end=\"1361\">veicolo elettrico citt\u00e0<\/strong> sviluppato per ambienti urbani dove efficienza, manovrabilit\u00e0 e controllo dei costi sono fondamentali. Come veicolo elettrico a quattro ruote, integra una struttura di carrozzeria compatta, un sistema di alimentazione elettrica stabile e una capacit\u00e0 di carico pratica, rendendolo adatto sia per la mobilit\u00e0 personale che per applicazioni commerciali leggere.<\/p>\n<table style=\"width: 91.4096%; margin-left: 40px;\" width=\"419\">\n<tbody style=\"padding-left: 40px;\">\n<tr style=\"padding-left: 40px;\">\n<td style=\"width: 56.1446%; padding-left: 40px;\" colspan=\"2\" width=\"249\">Nome della versione<\/td>\n<td style=\"width: 248.434%; padding-left: 40px;\" colspan=\"2\" width=\"169\">Mini auto quattro ruote<\/td>\n<\/tr>\n<tr style=\"padding-left: 40px;\">\n<td style=\"width: 25.3012%; padding-left: 40px;\" rowspan=\"3\" width=\"108\">Dimensione<\/td>\n<td style=\"width: 30.8434%; padding-left: 40px;\" width=\"141\">L\u00d7L\u00d7H (mm)<\/td>\n<td style=\"width: 248.434%; padding-left: 40px;\" colspan=\"2\" width=\"169\">3000\u00d71498\u00d71630<\/td>\n<\/tr>\n<tr style=\"padding-left: 40px;\">\n<td style=\"width: 30.8434%; padding-left: 40px;\" width=\"141\">Numero di porte\/sedili<\/td>\n<td style=\"width: 248.434%; padding-left: 40px;\" colspan=\"2\" width=\"169\">3 porte 2 posti a sedere<\/td>\n<\/tr>\n<tr style=\"padding-left: 40px;\">\n<td style=\"width: 30.8434%; padding-left: 40px;\" width=\"141\">Distanza tra le ruote (mm)<\/td>\n<td style=\"width: 248.434%; padding-left: 40px;\" colspan=\"2\" width=\"169\">1953<\/td>\n<\/tr>\n<tr style=\"padding-left: 40px;\">\n<td style=\"width: 25.3012%; padding-left: 40px;\" rowspan=\"2\" width=\"108\">Peso<\/td>\n<td style=\"width: 30.8434%; padding-left: 40px;\" width=\"141\">Peso netto (kg)<\/td>\n<td style=\"width: 248.434%; padding-left: 40px;\" colspan=\"2\" width=\"169\">590<\/td>\n<\/tr>\n<tr style=\"padding-left: 40px;\">\n<td style=\"width: 30.8434%; padding-left: 40px;\" width=\"141\">Carico utile (kg)<\/td>\n<td style=\"width: 248.434%; padding-left: 40px;\" colspan=\"2\" width=\"169\">1115<\/td>\n<\/tr>\n<tr style=\"padding-left: 40px;\">\n<td style=\"width: 25.3012%; padding-left: 40px;\" rowspan=\"2\" width=\"108\">Prestazioni<\/td>\n<td style=\"width: 30.8434%; padding-left: 40px;\" width=\"141\">Velocit\u00e0 massima (km\/h)<\/td>\n<td style=\"width: 248.434%; padding-left: 40px;\" colspan=\"2\" width=\"169\">100<\/td>\n<\/tr>\n<tr style=\"padding-left: 40px;\">\n<td style=\"width: 30.8434%; padding-left: 40px;\" width=\"141\">Kilometraggio (km)<\/td>\n<td style=\"width: 248.434%; padding-left: 40px;\" colspan=\"2\" width=\"169\">170<\/td>\n<\/tr>\n<tr style=\"padding-left: 40px;\">\n<td style=\"width: 25.3012%; padding-left: 40px;\" rowspan=\"3\" width=\"108\">Sistema di alimentazione<\/td>\n<td style=\"width: 30.8434%; padding-left: 40px;\" width=\"141\">Batteria (kWh)<\/td>\n<td style=\"width: 248.434%; padding-left: 40px;\" colspan=\"2\" width=\"169\">13.9kwh<\/td>\n<\/tr>\n<tr style=\"padding-left: 40px;\">\n<td style=\"width: 30.8434%; padding-left: 40px;\" width=\"141\">Motore (kW)<\/td>\n<td style=\"width: 248.434%; padding-left: 40px;\" colspan=\"2\" width=\"169\">Potenza nominale \/ picco: 13\/20<\/td>\n<\/tr>\n<tr style=\"padding-left: 40px;\">\n<td style=\"width: 30.8434%; padding-left: 40px;\" width=\"141\">Tempo di carica<\/td>\n<td style=\"width: 248.434%; padding-left: 40px;\" colspan=\"2\" width=\"169\">6 ore<\/td>\n<\/tr>\n<tr style=\"padding-left: 40px;\">\n<td style=\"width: 25.3012%; padding-left: 40px;\" rowspan=\"3\" width=\"108\">Sistema telaio<\/td>\n<td style=\"width: 30.8434%; padding-left: 40px;\" width=\"141\">Sistema frenante<\/td>\n<td style=\"width: 248.434%; padding-left: 40px;\" colspan=\"2\" width=\"169\">Disco (F\/R)<\/td>\n<\/tr>\n<tr style=\"padding-left: 40px;\">\n<td style=\"width: 30.8434%; padding-left: 40px;\" width=\"141\">Sistema di sospensione<\/td>\n<td style=\"width: 248.434%; padding-left: 40px;\" colspan=\"2\" width=\"169\">McPherson<\/td>\n<\/tr>\n<tr style=\"padding-left: 40px;\">\n<td style=\"width: 30.8434%; padding-left: 40px;\" width=\"141\">Capacit\u00e0 bagagli<\/td>\n<td style=\"width: 248.434%; padding-left: 40px;\" colspan=\"2\" width=\"169\">1 m\u00b3<\/td>\n<\/tr>\n<tr style=\"padding-left: 40px;\">\n<td style=\"width: 25.3012%; padding-left: 40px;\" width=\"108\">Sistema di assistenza<\/td>\n<td style=\"width: 30.8434%; padding-left: 40px;\" width=\"141\">Gradabilit\u00e0 massima<\/td>\n<td style=\"width: 248.434%; padding-left: 40px;\" colspan=\"2\" width=\"169\">\u226520%<\/td>\n<\/tr>\n<tr style=\"padding-left: 40px;\">\n<td style=\"width: 56.1446%; padding-left: 40px;\" colspan=\"2\" width=\"249\">Certificazione<\/td>\n<td style=\"width: 17.3494%; padding-left: 40px;\" width=\"69\">Parti: CCC<br \/>\n&amp; ECE<\/td>\n<td style=\"width: 231.084%; padding-left: 40px;\" width=\"100\">\u00a0\u00a0 Veicolo: CEE<\/td>\n<\/tr>\n<\/tbody>\n<\/table>\n<hr style=\"padding-left: 40px;\" data-start=\"1683\" data-end=\"1686\" \/>\n<h2 style=\"padding-left: 40px;\" data-start=\"1688\" data-end=\"1710\">Descrizione del prodotto<\/h2>\n<h3 style=\"padding-left: 40px;\" data-start=\"1712\" data-end=\"1734\">Categoria di prodotto<\/h3>\n<p style=\"padding-left: 40px;\" data-start=\"1735\" data-end=\"1815\">Citt\u00e0 veicolo elettrico\/elettrico quattro ruote\/elettrico leggero veicolo commerciale<\/p>\n<h3 style=\"padding-left: 40px;\" data-start=\"1817\" data-end=\"1842\">Descrizione del prodotto<\/h3>\n<p style=\"padding-left: 40px;\" data-start=\"1844\" data-end=\"2275\">Il <strong data-start=\"1848\" data-end=\"1865\">Mini auto quattro ruote<\/strong> \u00e8 uno scopo costruito <strong data-start=\"1885\" data-end=\"1917\">veicolo elettrico a quattro ruote<\/strong> ottimizzato per traffico urbano denso, pendolari a breve raggio e operazioni commerciali leggere. Con dimensioni complessive di <strong data-start=\"2036\" data-end=\"2061\">3000 \u00d7 1498 \u00d7 1630 mm<\/strong> e una <strong data-start=\"2068\" data-end=\"2089\">1953 millimetri di distanza<\/strong>Il veicolo raggiunge un ottimo equilibrio tra usabilit\u00e0 interna e compattezza esterna, consentendo una facile navigazione attraverso strade strette, aree residenziali e parchi industriali.<\/p>\n<p style=\"padding-left: 40px;\" data-start=\"2277\" data-end=\"2643\">Alimentato da un <strong data-start=\"2290\" data-end=\"2318\">Batteria al litio 13,9 kWh<\/strong>la Mini Car Four Wheel offre una <strong data-start=\"2349\" data-end=\"2382\">autonomia di guida fino a 170 km<\/strong>che copre pienamente le esigenze quotidiane di trasporto urbano come la consegna in citt\u00e0, i servizi comunitari, le navette del campus e la logistica delle strutture. Il <strong data-start=\"2524\" data-end=\"2567\">Potenza nominale\/massima del motore di 13 kW \/ 20 kW<\/strong> garantisce un'accelerazione fluida e prestazioni stabili, anche quando completamente caricati.<\/p>\n<p style=\"padding-left: 40px;\" data-start=\"2645\" data-end=\"3051\">Da una prospettiva di efficienza dei costi, questo veicolo elettrico della citt\u00e0 si distingue per la sua <strong data-start=\"2730\" data-end=\"2756\">basso consumo energetico<\/strong>, trasmissione semplificata e requisiti minimi di manutenzione. Rispetto ai tradizionali veicoli commerciali leggeri a carburante, la Mini Car Four Wheel riduce significativamente le spese di carburante, l'usura meccanica e i tempi di fermo del servizio, offrendo risparmi misurabili a lungo termine per gli operatori di flotte e i singoli acquirenti.<\/p>\n<p style=\"padding-left: 40px;\" data-start=\"3053\" data-end=\"3370\">Il sistema di telaio adotta <strong data-start=\"3079\" data-end=\"3115\">Sospensione indipendente McPherson<\/strong>che garantisce una maneggevolezza stabile e un comfort di guida migliorato in condizioni stradali urbane. Il <strong data-start=\"3202\" data-end=\"3240\">sistema frenante a disco anteriore e posteriore<\/strong> garantisce prestazioni frenate affidabili, migliorando la sicurezza durante scenari di guida frequenti stop-and-go comuni in ambienti urbani.<\/p>\n<p style=\"padding-left: 40px;\" data-start=\"3372\" data-end=\"3711\">Nonostante la sua impronta compatta, il veicolo offre un <strong data-start=\"3424\" data-end=\"3455\">Capacit\u00e0 bagaglio\/carico 1 m\u00b3<\/strong>che lo rende pratico per il trasporto di merci leggere, strumenti di manutenzione o consegna giornaliera di merci. Con un <strong data-start=\"3555\" data-end=\"3587\">Gradabilit\u00e0 massima di \u226520%<\/strong>La Mini Car Four Wheel rimane affidabile su rampe, pendii e strade irregolari tipicamente presenti in aree residenziali e industriali.<\/p>\n<p style=\"padding-left: 40px;\" data-start=\"3713\" data-end=\"4044\">Progettato con la personalizzazione in mente, questo <strong data-start=\"3755\" data-end=\"3777\">veicolo personalizzato<\/strong> La piattaforma supporta modifiche OEM, tra cui pannelli di carrozzeria, configurazioni di carico, elementi di branding e adattamenti funzionali. \u00c8 anche compatibile con vari <strong data-start=\"3942\" data-end=\"3975\">carrozzeria del veicolo commerciale<\/strong> soluzioni che consentono una distribuzione flessibile in diversi settori.<\/p>\n<p style=\"padding-left: 40px;\" data-start=\"4046\" data-end=\"4259\">Certificato con <strong data-start=\"4061\" data-end=\"4089\">CCC e Omologazione delle parti ECE<\/strong> e <strong data-start=\"4094\" data-end=\"4123\">Certificazione CEE del veicolo<\/strong>La Mini Car Four Wheel soddisfa gli standard normativi internazionali, garantendo la conformit\u00e0 per i mercati oltremare e rafforzando la fiducia degli acquirenti.<\/p>\n<hr style=\"padding-left: 40px;\" data-start=\"4261\" data-end=\"4264\" \/>\n<h2 style=\"padding-left: 40px;\" data-start=\"4266\" data-end=\"4308\">Caratteristiche principali &amp; Vantaggi<\/h2>\n<h3 style=\"padding-left: 40px;\" data-start=\"4310\" data-end=\"4324\">Caratteristiche<\/h3>\n<ul>\n<li style=\"list-style-type: none;\">\n<ul data-start=\"4325\" data-end=\"4495\">\n<li data-start=\"4325\" data-end=\"4362\">\n<p data-start=\"4327\" data-end=\"4362\">Carrozzeria compatta orientata alla citt\u00e0<\/p>\n<\/li>\n<li data-start=\"4363\" data-end=\"4398\">\n<p data-start=\"4365\" data-end=\"4398\">Sistema di batteria al litio 13,9 kWh<\/p>\n<\/li>\n<li data-start=\"4399\" data-end=\"4437\">\n<p data-start=\"4401\" data-end=\"4437\">Sistema frenante a disco (anteriore e posteriore)<\/p>\n<\/li>\n<li data-start=\"4438\" data-end=\"4462\">\n<p data-start=\"4440\" data-end=\"4462\">Sospensione McPherson<\/p>\n<\/li>\n<li data-start=\"4463\" data-end=\"4495\">\n<p data-start=\"4465\" data-end=\"4495\">Capacit\u00e0 di personalizzazione OEM<\/p>\n<\/li>\n<\/ul>\n<\/li>\n<\/ul>\n<h3 style=\"padding-left: 40px;\" data-start=\"4497\" data-end=\"4513\">Vantaggi<\/h3>\n<ul>\n<li style=\"list-style-type: none;\">\n<ul data-start=\"4514\" data-end=\"4707\">\n<li data-start=\"4514\" data-end=\"4574\">\n<p data-start=\"4516\" data-end=\"4574\">Costi operativi e di manutenzione inferiori rispetto ai veicoli a carburante<\/p>\n<\/li>\n<li data-start=\"4575\" data-end=\"4621\">\n<p data-start=\"4577\" data-end=\"4621\">Potenza elettrica stabile per uso urbano<\/p>\n<\/li>\n<li data-start=\"4622\" data-end=\"4662\">\n<p data-start=\"4624\" data-end=\"4662\">Alta manovrabilit\u00e0 in spazi ristretti<\/p>\n<\/li>\n<li data-start=\"4663\" data-end=\"4707\">\n<p data-start=\"4665\" data-end=\"4707\">Progettazione modulare per applicazioni multiple<\/p>\n<\/li>\n<\/ul>\n<\/li>\n<\/ul>\n<h3 style=\"padding-left: 40px;\" data-start=\"4709\" data-end=\"4729\">Vantaggi per l'acquirente<\/h3>\n<ul>\n<li style=\"list-style-type: none;\">\n<ul data-start=\"4730\" data-end=\"4956\">\n<li data-start=\"4730\" data-end=\"4771\">\n<p data-start=\"4732\" data-end=\"4771\">Riduzione del costo totale di propriet\u00e0 (TCO)<\/p>\n<\/li>\n<li data-start=\"4772\" data-end=\"4823\">\n<p data-start=\"4774\" data-end=\"4823\">Ritorno pi\u00f9 rapido sugli investimenti per gli operatori di flotte<\/p>\n<\/li>\n<li data-start=\"4824\" data-end=\"4878\">\n<p data-start=\"4826\" data-end=\"4878\">Facile ricarica con un tempo di ricarica standard di 6 ore<\/p>\n<\/li>\n<li data-start=\"4879\" data-end=\"4956\">\n<p data-start=\"4881\" data-end=\"4956\">Implementazione flessibile in logistica, servizi e scenari di veicoli speciali<\/p>\n<\/li>\n<\/ul>\n<\/li>\n<\/ul>\n<h3 style=\"padding-left: 40px;\" data-start=\"4958\" data-end=\"4972\">Prova<\/h3>\n<ul>\n<li style=\"list-style-type: none;\">\n<ul data-start=\"4973\" data-end=\"5116\">\n<li data-start=\"4973\" data-end=\"5009\">\n<p data-start=\"4975\" data-end=\"5009\">Conformit\u00e0 certificata CEE del veicolo<\/p>\n<\/li>\n<li data-start=\"5010\" data-end=\"5053\">\n<p data-start=\"5012\" data-end=\"5053\">Architettura di trasmissione elettrica provata<\/p>\n<\/li>\n<li data-start=\"5054\" data-end=\"5116\">\n<p data-start=\"5056\" data-end=\"5116\">Sistemi di sospensione e frenatura ampiamente adottati nei veicoli elettrici urbani<\/p>\n<\/li>\n<\/ul>\n<\/li>\n<\/ul>\n<hr style=\"padding-left: 40px;\" data-start=\"5118\" data-end=\"5121\" \/>\n<h2 style=\"padding-left: 40px;\" data-start=\"5123\" data-end=\"5147\">Scenari di applicazione<\/h2>\n<ul>\n<li style=\"list-style-type: none;\">\n<ul data-start=\"5149\" data-end=\"5334\">\n<li data-start=\"5149\" data-end=\"5183\">\n<p data-start=\"5151\" data-end=\"5183\">Logistica urbana a breve distanza<\/p>\n<\/li>\n<li data-start=\"5184\" data-end=\"5221\">\n<p data-start=\"5186\" data-end=\"5221\">Gestione della comunit\u00e0 e della propriet\u00e0<\/p>\n<\/li>\n<li data-start=\"5222\" data-end=\"5256\">\n<p data-start=\"5224\" data-end=\"5256\">Trasporti per campus e parchi<\/p>\n<\/li>\n<li data-start=\"5257\" data-end=\"5293\">\n<p data-start=\"5259\" data-end=\"5293\">Veicoli utilitari e di manutenzione<\/p>\n<\/li>\n<li data-start=\"5294\" data-end=\"5334\">\n<p data-start=\"5296\" data-end=\"5334\">Soluzioni speciali per veicoli su misura<\/p>\n<\/li>\n<\/ul>\n<\/li>\n<\/ul>\n<hr style=\"padding-left: 40px;\" data-start=\"5336\" data-end=\"5339\" \/>\n<h2 style=\"padding-left: 40px;\" data-start=\"5341\" data-end=\"5380\">Perch\u00e9 scegliere Mini auto quattro ruote da Tairui<\/h2>\n<p style=\"padding-left: 40px;\" data-start=\"5382\" data-end=\"5769\">Come produttore esperto con integrato R &amp; amp; D, capacit\u00e0 di produzione e personalizzazione, <strong data-start=\"5478\" data-end=\"5532\">Shandong Tairui Automobile &amp; amp; Elettronica Co., Ltd.<\/strong> fornisce non solo un veicolo, ma un completo <strong data-start=\"5577\" data-end=\"5607\">Soluzione di mobilit\u00e0 elettrica<\/strong>. Dalla progettazione del veicolo alla personalizzazione dell'OEM e al supporto post-vendita, aiutiamo i clienti a ridurre i rischi, accorciare i cicli di approvvigionamento e migliorare l'efficienza operativa.<\/p>\n<hr style=\"padding-left: 40px;\" data-start=\"5771\" data-end=\"5774\" \/>\n<h2 style=\"padding-left: 40px;\" data-start=\"5776\" data-end=\"5799\">Chiama all'azione<\/h2>\n<p style=\"padding-left: 40px;\" data-start=\"5801\" data-end=\"6082\">Cerco un <strong data-start=\"5815\" data-end=\"5855\">veicolo elettrico cittadino economico<\/strong> oppure a <strong data-start=\"5861\" data-end=\"5905\">soluzione elettrica su misura a quattro ruote<\/strong> per il tuo mercato?<br data-start=\"5922\" data-end=\"5925\" \/><strong data-start=\"5925\" data-end=\"5945\">Contattaci oggi<\/strong> per ricevere specifiche tecniche, opzioni di personalizzazione, dettagli dei prezzi e supporto professionale del progetto dal nostro team di ingegneria.<\/p>\n<hr style=\"padding-left: 40px;\" data-start=\"6084\" data-end=\"6087\" \/>\n<h2 style=\"padding-left: 40px;\" data-start=\"6089\" data-end=\"6095\">Domande frequenti<\/h2>\n<p style=\"padding-left: 40px;\" data-start=\"6097\" data-end=\"6261\"><strong data-start=\"6097\" data-end=\"6150\">Q1: La Mini Car Four Wheel \u00e8 adatta per uso commerciale?<\/strong><br data-start=\"6150\" data-end=\"6153\" \/>- S\u00ec. - S\u00ec. \u00c8 progettato per applicazioni commerciali leggere come le operazioni di consegna, manutenzione e servizio.<\/p>\n<p style=\"padding-left: 40px;\" data-start=\"6263\" data-end=\"6412\"><strong data-start=\"6263\" data-end=\"6301\">Q2: Il veicolo pu\u00f2 essere personalizzato?<\/strong><br data-start=\"6301\" data-end=\"6304\" \/>Assolutamente. Offriamo personalizzazione OEM, inclusa la progettazione della carrozzeria del carico, il branding e le modifiche funzionali.<\/p>\n<p style=\"padding-left: 40px;\" data-start=\"6414\" data-end=\"6563\"><strong data-start=\"6414\" data-end=\"6464\">Q3: Quali certificazioni ha il veicolo?<\/strong><br data-start=\"6464\" data-end=\"6467\" \/>La Mini Car Four Wheel \u00e8 conforme alle <strong data-start=\"6499\" data-end=\"6528\">Certificazione CEE del veicolo<\/strong> e <strong data-start=\"6533\" data-end=\"6562\">CCC e Norme di parti ECE<\/strong>.<\/p>\n<p style=\"padding-left: 40px;\" data-start=\"6565\" data-end=\"6691\"><strong data-start=\"6565\" data-end=\"6599\">Q4: Qual \u00e8 il tempo di ricarica?<\/strong><br data-start=\"6599\" data-end=\"6602\" \/>Il tempo di ricarica standard \u00e8 di circa <strong data-start=\"6646\" data-end=\"6657\">6 ore<\/strong>adatto per la ricarica durante la notte.<\/p>\n<p style=\"padding-left: 40px;\" data-start=\"6693\" data-end=\"6861\"><strong data-start=\"6693\" data-end=\"6745\">Q5: Questo veicolo \u00e8 adatto per i mercati di esportazione?<\/strong><br data-start=\"6745\" data-end=\"6748\" \/>- S\u00ec. - S\u00ec. Con certificazioni internazionali e configurazioni flessibili, \u00e8 adatto a pi\u00f9 mercati oltremare.<\/p>","protected":false},"excerpt":{"rendered":"<p>Mini Car Four Wheel \u00e8 un veicolo elettrico compatto progettato per la mobilit\u00e0 urbana, la logistica a breve distanza e l'uso commerciale flessibile. Con bassi costi operativi, prestazioni affidabili e configurazioni personalizzabili, offre una soluzione elettrica efficiente per citt\u00e0, campus e trasporti last mile.<\/p>","protected":false},"featured_media":2036,"comment_status":"open","ping_status":"closed","template":"","meta":[],"product_brand":[],"product_cat":[77],"product_tag":[],"class_list":{"0":"post-1020","1":"product","2":"type-product","3":"status-publish","4":"has-post-thumbnail","6":"product_cat-electric-micro-vehicle","8":"first","9":"instock","10":"shipping-taxable","11":"product-type-simple"},"_links":{"self":[{"href":"https:\/\/www.tairuiauto.com\/it\/wp-json\/wp\/v2\/product\/1020","targetHints":{"allow":["GET"]}}],"collection":[{"href":"https:\/\/www.tairuiauto.com\/it\/wp-json\/wp\/v2\/product"}],"about":[{"href":"https:\/\/www.tairuiauto.com\/it\/wp-json\/wp\/v2\/types\/product"}],"replies":[{"embeddable":true,"href":"https:\/\/www.tairuiauto.com\/it\/wp-json\/wp\/v2\/comments?post=1020"}],"wp:featuredmedia":[{"embeddable":true,"href":"https:\/\/www.tairuiauto.com\/it\/wp-json\/wp\/v2\/media\/2036"}],"wp:attachment":[{"href":"https:\/\/www.tairuiauto.com\/it\/wp-json\/wp\/v2\/media?parent=1020"}],"wp:term":[{"taxonomy":"product_brand","embeddable":true,"href":"https:\/\/www.tairuiauto.com\/it\/wp-json\/wp\/v2\/product_brand?post=1020"},{"taxonomy":"product_cat","embeddable":true,"href":"https:\/\/www.tairuiauto.com\/it\/wp-json\/wp\/v2\/product_cat?post=1020"},{"taxonomy":"product_tag","embeddable":true,"href":"https:\/\/www.tairuiauto.com\/it\/wp-json\/wp\/v2\/product_tag?post=1020"}],"curies":[{"name":"WP","href":"https:\/\/api.w.org\/{rel}","templated":true}]}}