{"id":1022,"date":"2025-02-08T16:33:09","date_gmt":"2025-02-08T08:33:09","guid":{"rendered":"http:\/\/www.tairuiauto.com\/?post_type=product&#038;p=1022"},"modified":"2025-12-16T16:35:33","modified_gmt":"2025-12-16T08:35:33","slug":"small-car-c004","status":"publish","type":"product","link":"https:\/\/www.tairuiauto.com\/it\/product\/small-car-c004\/","title":{"rendered":"Quattro porte citt\u00e0 veicolo elettrico"},"content":{"rendered":"<h2 style=\"padding-left: 40px;\" data-start=\"644\" data-end=\"684\">Panoramica del prodotto<\/h2>\n<p style=\"padding-left: 40px;\" data-start=\"686\" data-end=\"1006\">Questo modello \u00e8 compatto <strong data-start=\"710\" data-end=\"735\">veicolo elettrico citt\u00e0<\/strong> progettato per i pendolari urbani, i trasporti familiari e gli scenari di mobilit\u00e0 condivisa leggera. Costruito su una piattaforma elettrica stabile a quattro ruote, enfatizza sicurezza, comfort ed efficienza mantenendo una soglia operativa bassa per singoli utenti e operatori di flotte.<\/p>\n<table style=\"width: 87.103%; margin-left: 40px;\" width=\"758\">\n<tbody style=\"padding-left: 40px;\">\n<tr style=\"padding-left: 40px;\">\n<td style=\"width: 21.9448%; padding-left: 40px;\" rowspan=\"4\" width=\"166\">Dimensione<\/td>\n<td style=\"width: 27.2011%; padding-left: 40px;\" width=\"208\">LxLxH (mm)<\/td>\n<td style=\"width: 107.359%; padding-left: 40px;\" width=\"382\">3532x1498x1605<\/td>\n<\/tr>\n<tr style=\"padding-left: 40px;\">\n<td style=\"width: 27.2011%; padding-left: 40px;\">Numero di porte \/ sedili<\/td>\n<td style=\"width: 107.359%; padding-left: 40px;\">4 porte 4 posti<\/td>\n<\/tr>\n<tr style=\"padding-left: 40px;\">\n<td style=\"width: 27.2011%; padding-left: 40px;\">Larghezza della pista F\/R (mm)<\/td>\n<td style=\"width: 107.359%; padding-left: 40px;\">1290\/1290<\/td>\n<\/tr>\n<tr style=\"padding-left: 40px;\">\n<td style=\"width: 27.2011%; padding-left: 40px;\">Distanza tra le ruote (mm)<\/td>\n<td style=\"width: 107.359%; padding-left: 40px;\">2275<\/td>\n<\/tr>\n<tr style=\"padding-left: 40px;\">\n<td style=\"width: 21.9448%; padding-left: 40px;\" rowspan=\"3\">Peso<\/td>\n<td style=\"width: 27.2011%; padding-left: 40px;\">Peso lordo (kg)<\/td>\n<td style=\"width: 107.359%; padding-left: 40px;\">1070<\/td>\n<\/tr>\n<tr style=\"padding-left: 40px;\">\n<td style=\"width: 27.2011%; padding-left: 40px;\">Peso di bordo (kg)<\/td>\n<td style=\"width: 107.359%; padding-left: 40px;\">830<\/td>\n<\/tr>\n<tr style=\"padding-left: 40px;\">\n<td style=\"width: 27.2011%; padding-left: 40px;\">Passeggeri valutati<\/td>\n<td style=\"width: 107.359%; padding-left: 40px;\">4 persone<\/td>\n<\/tr>\n<tr style=\"padding-left: 40px;\">\n<td style=\"width: 21.9448%; padding-left: 40px;\" rowspan=\"2\">Prestazioni<\/td>\n<td style=\"width: 27.2011%; padding-left: 40px;\">Velocit\u00e0 massima (km\/h)<\/td>\n<td style=\"width: 107.359%; padding-left: 40px;\">100<\/td>\n<\/tr>\n<tr style=\"padding-left: 40px;\">\n<td style=\"width: 27.2011%; padding-left: 40px;\">Kilometraggio (km)<\/td>\n<td style=\"width: 107.359%; padding-left: 40px;\">172<\/td>\n<\/tr>\n<tr style=\"padding-left: 40px;\">\n<td style=\"width: 21.9448%; padding-left: 40px;\"><\/td>\n<td style=\"width: 27.2011%; padding-left: 40px;\">Batteria (kWh)<\/td>\n<td style=\"width: 107.359%; padding-left: 40px;\">15.12_<\/td>\n<\/tr>\n<tr style=\"padding-left: 40px;\">\n<td style=\"width: 21.9448%; padding-left: 40px;\" rowspan=\"2\">Sistema di alimentazione<\/td>\n<td style=\"width: 27.2011%; padding-left: 40px;\">Motore (kW)<\/td>\n<td style=\"width: 107.359%; padding-left: 40px;\">15\/30kW<\/td>\n<\/tr>\n<tr style=\"padding-left: 40px;\">\n<td style=\"width: 27.2011%; padding-left: 40px;\">Carica<\/td>\n<td style=\"width: 107.359%; padding-left: 40px;\">AC 3,3 kW<\/td>\n<\/tr>\n<tr style=\"padding-left: 40px;\">\n<td style=\"width: 21.9448%; padding-left: 40px;\" rowspan=\"3\">Sistema telaio<\/td>\n<td style=\"width: 27.2011%; padding-left: 40px;\">Sistema frenante<\/td>\n<td style=\"width: 107.359%; padding-left: 40px;\" width=\"382\">Disco anteriore &amp; Tamburo posteriore (frenata assistita)<\/td>\n<\/tr>\n<tr style=\"padding-left: 40px;\">\n<td style=\"width: 27.2011%; padding-left: 40px;\">Sistema di sospensione<\/td>\n<td style=\"width: 107.359%; padding-left: 40px;\" width=\"382\">Sospensione non indipendente McPherson\/posteriore a tre legami<\/td>\n<\/tr>\n<tr style=\"padding-left: 40px;\">\n<td style=\"width: 27.2011%; padding-left: 40px;\">Pneumatici<\/td>\n<td style=\"width: 107.359%; padding-left: 40px;\">155\/65R13<\/td>\n<\/tr>\n<tr style=\"padding-left: 40px;\">\n<td style=\"width: 21.9448%; padding-left: 40px;\" rowspan=\"2\">Sistema di assistenza<\/td>\n<td style=\"width: 27.2011%; padding-left: 40px;\" rowspan=\"2\">Altri<\/td>\n<td style=\"width: 107.359%; padding-left: 40px;\">Sterzo assistito<\/td>\n<\/tr>\n<tr style=\"padding-left: 40px;\">\n<td style=\"width: 107.359%; padding-left: 40px;\">Aria condizionata<\/td>\n<\/tr>\n<tr style=\"padding-left: 40px;\">\n<td style=\"width: 49.1459%; padding-left: 40px;\" colspan=\"2\">Certificazione<\/td>\n<td style=\"width: 107.359%; padding-left: 40px;\">Parti: CCC &amp; amp; Veicolo ECE: CCC<\/td>\n<\/tr>\n<\/tbody>\n<\/table>\n<hr style=\"padding-left: 40px;\" data-start=\"1008\" data-end=\"1011\" \/>\n<h2 style=\"padding-left: 40px;\" data-start=\"1013\" data-end=\"1035\">Descrizione del prodotto<\/h2>\n<h3 style=\"padding-left: 40px;\" data-start=\"1037\" data-end=\"1059\">Categoria di prodotto<\/h3>\n<p style=\"padding-left: 40px;\" data-start=\"1060\" data-end=\"1140\">Citt\u00e0 veicolo elettrico\/elettrico quattro ruote\/elettrico leggero veicolo commerciale<\/p>\n<h3 style=\"padding-left: 40px;\" data-start=\"1142\" data-end=\"1167\">Descrizione del prodotto<\/h3>\n<p style=\"padding-left: 40px;\" data-start=\"1169\" data-end=\"1575\">Questo veicolo elettrico urbano adotta una <strong data-start=\"1205\" data-end=\"1236\">layout a quattro porte, a quattro posti<\/strong>Rendendolo pi\u00f9 pratico per l'uso quotidiano familiare e i viaggi urbani multi-passeggeri rispetto ai tradizionali micro EV a due posti. Con dimensioni complessive di <strong data-start=\"1390\" data-end=\"1415\">3532 \u00d7 1498 \u00d7 1605 mm<\/strong> e una <strong data-start=\"1422\" data-end=\"1443\">2275 mm di distanza<\/strong>Il veicolo offre spazio interno migliorato, pur rimanendo abbastanza compatto per strade urbane affollate e ambienti di parcheggio limitati.<\/p>\n<p style=\"padding-left: 40px;\" data-start=\"1577\" data-end=\"1944\">Dotato di una <strong data-start=\"1593\" data-end=\"1622\">Batteria al litio 15,12 kWh<\/strong>Il veicolo raggiunge una <strong data-start=\"1647\" data-end=\"1680\">autonomia di guida fino a 172 km<\/strong>soddisfare le esigenze quotidiane degli utenti urbani, dei servizi comunitari e delle flotte di mobilit\u00e0 condivisa. Il motore elettrico fornisce <strong data-start=\"1808\" data-end=\"1850\">Potenza nominale di 15 kW e potenza massima di 30 kW<\/strong>garantire un'accelerazione reattiva e prestazioni di guida stabili nel traffico urbano stop-and-go.<\/p>\n<p style=\"padding-left: 40px;\" data-start=\"1946\" data-end=\"2314\">Rispetto ai veicoli tradizionali, questo <strong data-start=\"1992\" data-end=\"2024\">veicolo elettrico a quattro ruote<\/strong> riduce significativamente il consumo energetico e i costi di manutenzione di routine. La trasmissione elettrica semplificata riduce al minimo l'usura meccanica, riduce i tassi di guasto e aiuta gli utenti a raggiungere risparmi sui costi a lungo termine, rendendola una soluzione economicamente efficace sia per gli acquirenti privati che per gli operatori commerciali.<\/p>\n<p style=\"padding-left: 40px;\" data-start=\"2316\" data-end=\"2781\">Caratteristiche del sistema del telaio <strong data-start=\"2344\" data-end=\"2433\">Sospensione anteriore McPherson combinata con sospensione non indipendente posteriore a tre collegamenti<\/strong>fornire un equilibrio tra comfort di guida e stabilit\u00e0 strutturale. Questa configurazione migliora il controllo del veicolo su strade urbane irregolari mantenendo al contempo la durata in condizioni di uso quotidiano frequente. Il <strong data-start=\"2627\" data-end=\"2698\">sistema frenante a disco anteriore e a tamburo posteriore con frenata assistita<\/strong> migliora la sicurezza e la sicurezza delle frenate in condizioni di guida urbane ad alta frequenza.<\/p>\n<p style=\"padding-left: 40px;\" data-start=\"2783\" data-end=\"3134\">In termini di maneggevolezza e comfort, <strong data-start=\"2817\" data-end=\"2844\">sterzo assistito<\/strong> garantisce una facile manovrabilit\u00e0 a basse velocit\u00e0, mentre l'integrato <strong data-start=\"2910\" data-end=\"2937\">sistema di aria condizionata<\/strong> migliora il comfort di guida in diversi climi e stagioni. Con <strong data-start=\"3007\" data-end=\"3027\">Pneumatici 155\/65 R13<\/strong>, il veicolo raggiunge contatto stradale stabile e bassa resistenza al rotolamento, migliorando ulteriormente l'efficienza energetica.<\/p>\n<p style=\"padding-left: 40px;\" data-start=\"3136\" data-end=\"3516\">Certificato con <strong data-start=\"3151\" data-end=\"3180\">Certificazione veicolo CCC<\/strong> e <strong data-start=\"3185\" data-end=\"3213\">CCC e Omologazione delle parti ECE<\/strong>Questo modello soddisfa i requisiti normativi essenziali per i mercati nazionali e selezionati oltremare. Come un <strong data-start=\"3315\" data-end=\"3346\">piattaforma veicolo personalizzata<\/strong>Supporta modifiche OEM, tra cui configurazioni interne, elementi di branding e regolazioni funzionali, consentendo un adattamento flessibile alle diverse esigenze del mercato.<\/p>\n<hr style=\"padding-left: 40px;\" data-start=\"3518\" data-end=\"3521\" \/>\n<h2 style=\"padding-left: 40px;\" data-start=\"3523\" data-end=\"3565\">Caratteristiche principali &amp; Vantaggi (metodo FABE)<\/h2>\n<h3 style=\"padding-left: 40px;\" data-start=\"3567\" data-end=\"3581\">Caratteristiche<\/h3>\n<ul>\n<li style=\"list-style-type: none;\">\n<ul data-start=\"3582\" data-end=\"3792\">\n<li data-start=\"3582\" data-end=\"3628\">\n<p data-start=\"3584\" data-end=\"3628\">Configurazione EV citt\u00e0 a quattro porte e quattro posti<\/p>\n<\/li>\n<li data-start=\"3629\" data-end=\"3665\">\n<p data-start=\"3631\" data-end=\"3665\">Sistema di batterie al litio 15,12 kWh<\/p>\n<\/li>\n<li data-start=\"3666\" data-end=\"3709\">\n<p data-start=\"3668\" data-end=\"3709\">Potenza nominale \/ massima del motore: 15 kW \/ 30 kW<\/p>\n<\/li>\n<li data-start=\"3710\" data-end=\"3759\">\n<p data-start=\"3712\" data-end=\"3759\">Disco anteriore &amp; frenata a tamburo posteriore<\/p>\n<\/li>\n<li data-start=\"3760\" data-end=\"3792\">\n<p data-start=\"3762\" data-end=\"3792\">Capacit\u00e0 di personalizzazione OEM<\/p>\n<\/li>\n<\/ul>\n<\/li>\n<\/ul>\n<h3 style=\"padding-left: 40px;\" data-start=\"3794\" data-end=\"3810\">Vantaggi<\/h3>\n<ul>\n<li style=\"list-style-type: none;\">\n<ul data-start=\"3811\" data-end=\"4026\">\n<li data-start=\"3811\" data-end=\"3861\">\n<p data-start=\"3813\" data-end=\"3861\">Pi\u00f9 capacit\u00e0 di passeggeri rispetto ai tipici micro EV<\/p>\n<\/li>\n<li data-start=\"3862\" data-end=\"3931\">\n<p data-start=\"3864\" data-end=\"3931\">Costi operativi e di manutenzione inferiori rispetto ai veicoli a carburante<\/p>\n<\/li>\n<li data-start=\"3932\" data-end=\"3979\">\n<p data-start=\"3934\" data-end=\"3979\">Prestazioni di guida stabili nel traffico urbano<\/p>\n<\/li>\n<li data-start=\"3980\" data-end=\"4026\">\n<p data-start=\"3982\" data-end=\"4026\">Confortabile sintonia di sterzo e sospensioni<\/p>\n<\/li>\n<\/ul>\n<\/li>\n<\/ul>\n<h3 style=\"padding-left: 40px;\" data-start=\"4028\" data-end=\"4048\">Vantaggi per l'acquirente<\/h3>\n<ul>\n<li style=\"list-style-type: none;\">\n<ul data-start=\"4049\" data-end=\"4255\">\n<li data-start=\"4049\" data-end=\"4106\">\n<p data-start=\"4051\" data-end=\"4106\">Ideale per i pendolari familiari e le flotte di mobilit\u00e0 condivisa<\/p>\n<\/li>\n<li data-start=\"4107\" data-end=\"4148\">\n<p data-start=\"4109\" data-end=\"4148\">Riduzione del costo totale di propriet\u00e0 (TCO)<\/p>\n<\/li>\n<li data-start=\"4149\" data-end=\"4195\">\n<p data-start=\"4151\" data-end=\"4195\">Facile ricarica giornaliera con supporto AC 3,3 kW<\/p>\n<\/li>\n<li data-start=\"4196\" data-end=\"4255\">\n<p data-start=\"4198\" data-end=\"4255\">Personalizzazione flessibile per diversi posizionamenti sul mercato<\/p>\n<\/li>\n<\/ul>\n<\/li>\n<\/ul>\n<h3 style=\"padding-left: 40px;\" data-start=\"4257\" data-end=\"4271\">Prova<\/h3>\n<ul>\n<li style=\"list-style-type: none;\">\n<ul data-start=\"4272\" data-end=\"4423\">\n<li data-start=\"4272\" data-end=\"4314\">\n<p data-start=\"4274\" data-end=\"4314\">Conformit\u00e0 certificata per veicoli e parti<\/p>\n<\/li>\n<li data-start=\"4315\" data-end=\"4358\">\n<p data-start=\"4317\" data-end=\"4358\">Architettura del propulsore elettrico provata<\/p>\n<\/li>\n<li data-start=\"4359\" data-end=\"4423\">\n<p data-start=\"4361\" data-end=\"4423\">Tecnologie di sospensione e frenatura ampiamente utilizzate nei veicoli elettrici urbani<\/p>\n<\/li>\n<\/ul>\n<\/li>\n<\/ul>\n<hr style=\"padding-left: 40px;\" data-start=\"4425\" data-end=\"4428\" \/>\n<h2 style=\"padding-left: 40px;\" data-start=\"4430\" data-end=\"4454\">Scenari di applicazione<\/h2>\n<ul>\n<li style=\"list-style-type: none;\">\n<ul data-start=\"4456\" data-end=\"4654\">\n<li data-start=\"4456\" data-end=\"4482\">\n<p data-start=\"4458\" data-end=\"4482\">Viaggi familiari urbani<\/p>\n<\/li>\n<li data-start=\"4483\" data-end=\"4512\">\n<p data-start=\"4485\" data-end=\"4512\">Trasporti cittadini giornalieri<\/p>\n<\/li>\n<li data-start=\"4513\" data-end=\"4557\">\n<p data-start=\"4515\" data-end=\"4557\">Progetti di mobilit\u00e0 condivisa e car-sharing<\/p>\n<\/li>\n<li data-start=\"4558\" data-end=\"4591\">\n<p data-start=\"4560\" data-end=\"4591\">Utilizzo comunitario e residenziale<\/p>\n<\/li>\n<li data-start=\"4592\" data-end=\"4654\">\n<p data-start=\"4594\" data-end=\"4654\">Soluzioni personalizzate per veicoli elettrici per i mercati emergenti<\/p>\n<\/li>\n<\/ul>\n<\/li>\n<\/ul>\n<hr style=\"padding-left: 40px;\" data-start=\"4656\" data-end=\"4659\" \/>\n<h2 style=\"padding-left: 40px;\" data-start=\"4661\" data-end=\"4697\">Perch\u00e9 scegliere questo modello da Tairui<\/h2>\n<p style=\"padding-left: 40px;\" data-start=\"4699\" data-end=\"5070\">Sostegnuto dalle capacit\u00e0 integrate di Tairui nel veicolo R &amp; amp; D, produzione e personalizzazione, questo veicolo elettrico della citt\u00e0 \u00e8 pi\u00f9 di un prodotto standard: \u00e8 un veicolo scalabile <strong data-start=\"4868\" data-end=\"4898\">Soluzione di mobilit\u00e0 elettrica<\/strong>Supportiamo i clienti con opzioni OEM flessibili, capacit\u00e0 di fornitura stabile e servizio post-vendita professionale, contribuendo a ridurre il rischio di acquisto e accelerare l'ingresso sul mercato.<\/p>\n<hr style=\"padding-left: 40px;\" data-start=\"5072\" data-end=\"5075\" \/>\n<h2 style=\"padding-left: 40px;\" data-start=\"5077\" data-end=\"5100\">Chiama all'azione (CTA)<\/h2>\n<p style=\"padding-left: 40px;\" data-start=\"5102\" data-end=\"5376\">Alla ricerca di un affidabile <strong data-start=\"5127\" data-end=\"5152\">veicolo elettrico citt\u00e0<\/strong> oppure a <strong data-start=\"5158\" data-end=\"5202\">soluzione elettrica su misura a quattro ruote<\/strong> per il tuo mercato?<br data-start=\"5219\" data-end=\"5222\" \/><strong data-start=\"5222\" data-end=\"5242\">Contattaci oggi<\/strong> per ricevere specifiche dettagliate, opzioni di personalizzazione OEM, informazioni sui prezzi e supporto tecnico dal nostro team professionale.<\/p>\n<hr style=\"padding-left: 40px;\" data-start=\"5378\" data-end=\"5381\" \/>\n<h2 style=\"padding-left: 40px;\" data-start=\"5383\" data-end=\"5389\">Domande frequenti<\/h2>\n<p style=\"padding-left: 40px;\" data-start=\"5391\" data-end=\"5541\"><strong data-start=\"5391\" data-end=\"5439\">Q1: Questo veicolo \u00e8 adatto per uso familiare?<\/strong><br data-start=\"5439\" data-end=\"5442\" \/>- S\u00ec. - S\u00ec. Il design a quattro porte e quattro posti lo rende adatto per i pendolari familiari quotidiani e i viaggi urbani.<\/p>\n<p style=\"padding-left: 40px;\" data-start=\"5543\" data-end=\"5710\"><strong data-start=\"5543\" data-end=\"5603\">Q2: Il veicolo pu\u00f2 essere personalizzato per diversi mercati?<\/strong><br data-start=\"5603\" data-end=\"5606\" \/>- S\u00ec. - S\u00ec. \u00c8 disponibile la personalizzazione OEM, incluso il layout degli interni, il branding e le configurazioni funzionali.<\/p>\n<p style=\"padding-left: 40px;\" data-start=\"5712\" data-end=\"5830\"><strong data-start=\"5712\" data-end=\"5746\">Q3: Qual \u00e8 la gamma di guida?<\/strong><br data-start=\"5746\" data-end=\"5749\" \/>Il veicolo offre una autonomia di guida fino a <strong data-start=\"5793\" data-end=\"5803\">172 km<\/strong> in condizioni standard.<\/p>\n<p style=\"padding-left: 40px;\" data-start=\"5832\" data-end=\"5964\"><strong data-start=\"5832\" data-end=\"5876\">Q4: Quali opzioni di ricarica sono supportate?<\/strong><br data-start=\"5876\" data-end=\"5879\" \/>Supporta <strong data-start=\"5891\" data-end=\"5913\">Carica AC 3,3 kW<\/strong>, adatto per impostazioni di ricarica domestiche e commerciali.<\/p>\n<p style=\"padding-left: 40px;\" data-start=\"5966\" data-end=\"6112\"><strong data-start=\"5966\" data-end=\"6023\">Q5: Il veicolo soddisfa i requisiti di certificazione?<\/strong><br data-start=\"6023\" data-end=\"6026\" \/>- S\u00ec. - S\u00ec. \u00c8 conforme con <strong data-start=\"6048\" data-end=\"6077\">Certificazione veicolo CCC<\/strong> e <strong data-start=\"6082\" data-end=\"6111\">CCC e Norme di parti ECE<\/strong>.<\/p>","protected":false},"excerpt":{"rendered":"<p>Questo veicolo elettrico urbano a quattro porte \u00e8 progettato per famiglie urbane moderne e uso condiviso della mobilit\u00e0. Combinando dimensioni compatte, prestazioni elettriche stabili e bassi costi di propriet\u00e0, fornisce una soluzione confortevole ed ecologica per i pendolari quotidiani e i trasporti a breve distanza.<\/p>","protected":false},"featured_media":2045,"comment_status":"open","ping_status":"closed","template":"","meta":[],"product_brand":[],"product_cat":[77],"product_tag":[],"class_list":{"0":"post-1022","1":"product","2":"type-product","3":"status-publish","4":"has-post-thumbnail","6":"product_cat-electric-micro-vehicle","8":"first","9":"instock","10":"shipping-taxable","11":"product-type-simple"},"_links":{"self":[{"href":"https:\/\/www.tairuiauto.com\/it\/wp-json\/wp\/v2\/product\/1022","targetHints":{"allow":["GET"]}}],"collection":[{"href":"https:\/\/www.tairuiauto.com\/it\/wp-json\/wp\/v2\/product"}],"about":[{"href":"https:\/\/www.tairuiauto.com\/it\/wp-json\/wp\/v2\/types\/product"}],"replies":[{"embeddable":true,"href":"https:\/\/www.tairuiauto.com\/it\/wp-json\/wp\/v2\/comments?post=1022"}],"wp:featuredmedia":[{"embeddable":true,"href":"https:\/\/www.tairuiauto.com\/it\/wp-json\/wp\/v2\/media\/2045"}],"wp:attachment":[{"href":"https:\/\/www.tairuiauto.com\/it\/wp-json\/wp\/v2\/media?parent=1022"}],"wp:term":[{"taxonomy":"product_brand","embeddable":true,"href":"https:\/\/www.tairuiauto.com\/it\/wp-json\/wp\/v2\/product_brand?post=1022"},{"taxonomy":"product_cat","embeddable":true,"href":"https:\/\/www.tairuiauto.com\/it\/wp-json\/wp\/v2\/product_cat?post=1022"},{"taxonomy":"product_tag","embeddable":true,"href":"https:\/\/www.tairuiauto.com\/it\/wp-json\/wp\/v2\/product_tag?post=1022"}],"curies":[{"name":"WP","href":"https:\/\/api.w.org\/{rel}","templated":true}]}}