{"id":1024,"date":"2025-02-08T16:36:19","date_gmt":"2025-02-08T08:36:19","guid":{"rendered":"http:\/\/www.tairuiauto.com\/?post_type=product&#038;p=1024"},"modified":"2025-12-17T08:51:59","modified_gmt":"2025-12-17T00:51:59","slug":"mini-cooper-z001","status":"publish","type":"product","link":"https:\/\/www.tairuiauto.com\/it\/product\/mini-cooper-z001\/","title":{"rendered":"mini cooper 4 ruote"},"content":{"rendered":"<h2 style=\"padding-left: 40px;\" data-start=\"732\" data-end=\"772\">Panoramica del prodotto<\/h2>\n<p style=\"padding-left: 40px;\" data-start=\"774\" data-end=\"1127\">Il <strong data-start=\"778\" data-end=\"801\">Mini Cooper 4 ruote<\/strong> \u00e8 un versatile <strong data-start=\"817\" data-end=\"842\">veicolo elettrico citt\u00e0<\/strong> costruito su una piattaforma elettrica a quattro ruote, combinando dimensioni compatte con spazio interno e autonomia di guida migliorati. \u00c8 progettato per soddisfare le esigenze delle famiglie urbane, dei pendolari quotidiani e dei distributori internazionali che cercano soluzioni affidabili ed economicamente efficaci per la mobilit\u00e0 elettrica.<\/p>\n<table style=\"width: 74.4368%; margin-left: 40px;\" width=\"895\">\n<tbody style=\"padding-left: 40px;\">\n<tr style=\"padding-left: 40px;\">\n<td style=\"width: 50.5006%; padding-left: 40px;\" colspan=\"2\" width=\"458\">Nome della versione<\/td>\n<td style=\"width: 62.1802%; padding-left: 40px;\" colspan=\"2\" width=\"437\">mini cooper 4 ruote<\/td>\n<\/tr>\n<tr style=\"padding-left: 40px;\">\n<td style=\"width: 19.911%; padding-left: 40px;\" rowspan=\"4\" width=\"178\">Dimensione<\/td>\n<td style=\"width: 30.5895%; padding-left: 40px;\" width=\"279\">L\u00d7L\u00d7H (mm)<\/td>\n<td style=\"width: 62.1802%; padding-left: 40px;\" colspan=\"2\" width=\"437\">3444*1550*1535<\/td>\n<\/tr>\n<tr style=\"padding-left: 40px;\">\n<td style=\"width: 30.5895%; padding-left: 40px;\" width=\"279\">Numero di porte\/sedili<\/td>\n<td style=\"width: 62.1802%; padding-left: 40px;\" colspan=\"2\" width=\"437\">3 porte 4 posti<\/td>\n<\/tr>\n<tr style=\"padding-left: 40px;\">\n<td style=\"width: 30.5895%; padding-left: 40px;\" width=\"279\">Larghezza della pista F\/R (mm)<\/td>\n<td style=\"width: 62.1802%; padding-left: 40px;\" colspan=\"2\" width=\"437\">1360\/1342<\/td>\n<\/tr>\n<tr style=\"padding-left: 40px;\">\n<td style=\"width: 30.5895%; padding-left: 40px;\" width=\"279\">Distanza tra le ruote (mm)<\/td>\n<td style=\"width: 62.1802%; padding-left: 40px;\" colspan=\"2\" width=\"437\">2350<\/td>\n<\/tr>\n<tr style=\"padding-left: 40px;\">\n<td style=\"width: 19.911%; padding-left: 40px;\" width=\"178\">Peso<\/td>\n<td style=\"width: 30.5895%; padding-left: 40px;\" width=\"279\">Passeggeri valutati<\/td>\n<td style=\"width: 62.1802%; padding-left: 40px;\" colspan=\"2\" width=\"437\">4 persone<\/td>\n<\/tr>\n<tr style=\"padding-left: 40px;\">\n<td style=\"width: 19.911%; padding-left: 40px;\" rowspan=\"2\" width=\"178\">Prestazioni<\/td>\n<td style=\"width: 30.5895%; padding-left: 40px;\" width=\"279\">Velocit\u00e0 massima (km\/h)<\/td>\n<td style=\"width: 62.1802%; padding-left: 40px;\" colspan=\"2\" width=\"437\">100<\/td>\n<\/tr>\n<tr style=\"padding-left: 40px;\">\n<td style=\"width: 30.5895%; padding-left: 40px;\" width=\"279\">Kilometraggio (km)<\/td>\n<td style=\"width: 62.1802%; padding-left: 40px;\" colspan=\"2\" width=\"437\">219<\/td>\n<\/tr>\n<tr style=\"padding-left: 40px;\">\n<td style=\"width: 19.911%; padding-left: 40px;\" rowspan=\"3\" width=\"178\">Sistema di alimentazione<\/td>\n<td style=\"width: 30.5895%; padding-left: 40px;\" width=\"279\">Batteria (kWh)<\/td>\n<td style=\"width: 62.1802%; padding-left: 40px;\" colspan=\"2\" width=\"437\">Batteria al litio 18.43KWh<\/td>\n<\/tr>\n<tr style=\"padding-left: 40px;\">\n<td style=\"width: 30.5895%; padding-left: 40px;\" width=\"279\">Motore (kW)<\/td>\n<td style=\"width: 62.1802%; padding-left: 40px;\" colspan=\"2\" width=\"437\">punta nominale 12KW 25KW<\/td>\n<\/tr>\n<tr style=\"padding-left: 40px;\">\n<td style=\"width: 30.5895%; padding-left: 40px;\" width=\"279\">Carica<\/td>\n<td style=\"width: 62.1802%; padding-left: 40px;\" colspan=\"2\" width=\"437\">7 ore<\/td>\n<\/tr>\n<tr style=\"padding-left: 40px;\">\n<td style=\"width: 19.911%; padding-left: 40px;\" rowspan=\"3\" width=\"178\">Sistema telaio<\/td>\n<td style=\"width: 30.5895%; padding-left: 40px;\" width=\"279\">Sistema frenante<\/td>\n<td style=\"width: 62.1802%; padding-left: 40px;\" colspan=\"2\" width=\"437\">Disco anteriore&amp; Tamburo posteriore<\/td>\n<\/tr>\n<tr style=\"padding-left: 40px;\">\n<td style=\"width: 30.5895%; padding-left: 40px;\" width=\"279\">Sistema di sospensione<\/td>\n<td style=\"width: 62.1802%; padding-left: 40px;\" colspan=\"2\" width=\"437\">Parte anteriore: sospensione indipendente McPherson<br \/>\nSospensione link Rear.multi<\/td>\n<\/tr>\n<tr style=\"padding-left: 40px;\">\n<td style=\"width: 30.5895%; padding-left: 40px;\" width=\"279\">Pneumatici<\/td>\n<td style=\"width: 62.1802%; padding-left: 40px;\" colspan=\"2\" width=\"437\">175\/55R15<\/td>\n<\/tr>\n<tr style=\"padding-left: 40px;\">\n<td style=\"width: 19.911%; padding-left: 40px;\" rowspan=\"2\" width=\"178\">\u00a0Assistenza<br \/>\nsistema<\/td>\n<td style=\"width: 30.5895%; padding-left: 40px;\" rowspan=\"2\" width=\"279\">Altri<\/td>\n<td style=\"width: 62.1802%; padding-left: 40px;\" colspan=\"2\" width=\"437\">Sterzo assistito<\/td>\n<\/tr>\n<tr style=\"padding-left: 40px;\">\n<td style=\"width: 62.1802%; padding-left: 40px;\" colspan=\"2\" width=\"437\">Aria condizionata<\/td>\n<\/tr>\n<tr style=\"padding-left: 40px;\">\n<td style=\"width: 50.5006%; padding-left: 40px;\" colspan=\"2\" width=\"458\">Certificazione<\/td>\n<td style=\"width: 21.3571%; padding-left: 40px;\" width=\"193\">\u00a0Parti: ECE<\/td>\n<td style=\"width: 40.8231%; padding-left: 40px;\" width=\"244\">Veicolo: CEE<\/td>\n<\/tr>\n<\/tbody>\n<\/table>\n<hr style=\"padding-left: 40px;\" data-start=\"1129\" data-end=\"1132\" \/>\n<h2 style=\"padding-left: 40px;\" data-start=\"1134\" data-end=\"1156\">Descrizione del prodotto<\/h2>\n<h3 style=\"padding-left: 40px;\" data-start=\"1158\" data-end=\"1180\">Categoria di prodotto<\/h3>\n<p style=\"padding-left: 40px;\" data-start=\"1181\" data-end=\"1261\">Citt\u00e0 veicolo elettrico\/elettrico quattro ruote\/elettrico leggero veicolo commerciale<\/p>\n<h3 style=\"padding-left: 40px;\" data-start=\"1263\" data-end=\"1288\">Descrizione del prodotto<\/h3>\n<p style=\"padding-left: 40px;\" data-start=\"1290\" data-end=\"1698\">Il <strong data-start=\"1294\" data-end=\"1317\">Mini Cooper 4 ruote<\/strong> adotta a <strong data-start=\"1327\" data-end=\"1366\">configurazione a tre porte, a quattro posti<\/strong>che offre una combinazione equilibrata di dimensioni esterne compatte e pratiche sedili interni. Con dimensioni complessive di <strong data-start=\"1493\" data-end=\"1518\">3444 \u00d7 1550 \u00d7 1535 mm<\/strong> e una <strong data-start=\"1525\" data-end=\"1546\">2350 mm di distanza<\/strong>Il veicolo fornisce spazio in cabina migliorato e stabilit\u00e0 di guida, pur rimanendo abbastanza agile per traffico urbano denso e ambienti di parcheggio limitati.<\/p>\n<p style=\"padding-left: 40px;\" data-start=\"1700\" data-end=\"2138\">Dotato di un <strong data-start=\"1717\" data-end=\"1746\">Batteria al litio 18,43 kWh<\/strong>questo veicolo elettrico della citt\u00e0 offre un impressionante <strong data-start=\"1798\" data-end=\"1831\">autonomia di guida fino a 219 km<\/strong>Rendendolo adatto per i pendolari giornalieri prolungati, i viaggi in citt\u00e0 multi-stop e l'uso condiviso della mobilit\u00e0 urbana. Il motore elettrico offre <strong data-start=\"1963\" data-end=\"2005\">Potenza nominale di 12 kW e potenza massima di 25 kW<\/strong>garantire un'accelerazione fluida, una consegna di potenza reattiva e prestazioni costanti durante frequenti condizioni di guida stop-and-go.<\/p>\n<p style=\"padding-left: 40px;\" data-start=\"2140\" data-end=\"2528\">Rispetto ai veicoli tradizionali alimentati a carburante, la Mini Cooper 4 Wheel riduce significativamente i costi operativi grazie al minor consumo energetico e ai requisiti di manutenzione semplificati. Come un <strong data-start=\"2331\" data-end=\"2363\">veicolo elettrico a quattro ruote<\/strong>elimina componenti complessi del motore, con conseguente riduzione dei guasti meccanici e dei costi di propriet\u00e0 a lungo termine sia per i singoli acquirenti che per gli operatori di flotte.<\/p>\n<p style=\"padding-left: 40px;\" data-start=\"2530\" data-end=\"2974\">Il sistema di telaio dispone di un <strong data-start=\"2560\" data-end=\"2602\">Sospensione anteriore indipendente McPherson<\/strong> combinato con un <strong data-start=\"2619\" data-end=\"2649\">sospensione posteriore multi-link<\/strong>migliorando il comfort di guida, la stabilit\u00e0 del veicolo e l'adattabilit\u00e0 stradale. Questa configurazione della sospensione migliora le prestazioni di manovra su strade urbane irregolari mantenendo al contempo il comfort durante corse giornaliere pi\u00f9 lunghe. Il <strong data-start=\"2849\" data-end=\"2892\">sistema frenante a disco anteriore e a tamburo posteriore<\/strong> garantisce prestazioni di frenatura affidabili e sicurezza in varie condizioni di guida.<\/p>\n<p style=\"padding-left: 40px;\" data-start=\"2976\" data-end=\"3391\">Per migliorare il comfort di guida e il controllo, il veicolo \u00e8 dotato di <strong data-start=\"3047\" data-end=\"3074\">sterzo assistito<\/strong>consentendo una manovra senza sforzo a basse velocit\u00e0 e una migliore maneggevolezza in ambienti urbani. Il <strong data-start=\"3170\" data-end=\"3190\">Pneumatici 175\/55 R15<\/strong> fornire un patch di contatto stabile e una presa ottimizzata, contribuendo alla sicurezza di guida e all'efficienza energetica. Un integrato <strong data-start=\"3310\" data-end=\"3337\">sistema di aria condizionata<\/strong> migliora ulteriormente il comfort della cabina in diversi climi.<\/p>\n<p style=\"padding-left: 40px;\" data-start=\"3393\" data-end=\"3773\">La Mini Cooper 4 Wheel \u00e8 certificata con <strong data-start=\"3435\" data-end=\"3462\">Certificazione delle parti ECE<\/strong> e <strong data-start=\"3467\" data-end=\"3496\">Certificazione CEE del veicolo<\/strong>soddisfare gli standard normativi chiave per i mercati internazionali. Come un <strong data-start=\"3563\" data-end=\"3594\">piattaforma veicolo personalizzata<\/strong>Supporta opzioni di personalizzazione OEM, tra cui branding, regolazioni interni e aggiornamenti di configurazione funzionale, consentendo un adattamento flessibile alle diverse esigenze del mercato.<\/p>\n<hr style=\"padding-left: 40px;\" data-start=\"3775\" data-end=\"3778\" \/>\n<h2 style=\"padding-left: 40px;\" data-start=\"3780\" data-end=\"3822\">Caratteristiche principali &amp; Vantaggi (metodo FABE)<\/h2>\n<h3 style=\"padding-left: 40px;\" data-start=\"3824\" data-end=\"3838\">Caratteristiche<\/h3>\n<ul>\n<li style=\"list-style-type: none;\">\n<ul data-start=\"3839\" data-end=\"4071\">\n<li data-start=\"3839\" data-end=\"3882\">\n<p data-start=\"3841\" data-end=\"3882\">Design compatto EV a tre porte e quattro posti<\/p>\n<\/li>\n<li data-start=\"3883\" data-end=\"3932\">\n<p data-start=\"3885\" data-end=\"3932\">Batteria al litio 18,43 kWh con autonomia estesa<\/p>\n<\/li>\n<li data-start=\"3933\" data-end=\"3976\">\n<p data-start=\"3935\" data-end=\"3976\">Potenza nominale \/ massima del motore: 12 kW \/ 25 kW<\/p>\n<\/li>\n<li data-start=\"3977\" data-end=\"4018\">\n<p data-start=\"3979\" data-end=\"4018\">Disco anteriore &amp; sistema frenante a tamburo posteriore<\/p>\n<\/li>\n<li data-start=\"4019\" data-end=\"4071\">\n<p data-start=\"4021\" data-end=\"4071\">Sospensione anteriore indipendente e posteriore multi-link<\/p>\n<\/li>\n<\/ul>\n<\/li>\n<\/ul>\n<h3 style=\"padding-left: 40px;\" data-start=\"4073\" data-end=\"4089\">Vantaggi<\/h3>\n<ul>\n<li style=\"list-style-type: none;\">\n<ul data-start=\"4090\" data-end=\"4292\">\n<li data-start=\"4090\" data-end=\"4134\">\n<p data-start=\"4092\" data-end=\"4134\">Pi\u00f9 autonomia per l'uso quotidiano urbano<\/p>\n<\/li>\n<li data-start=\"4135\" data-end=\"4202\">\n<p data-start=\"4137\" data-end=\"4202\">Costi operativi e di manutenzione inferiori rispetto ai veicoli a carburante<\/p>\n<\/li>\n<li data-start=\"4203\" data-end=\"4243\">\n<p data-start=\"4205\" data-end=\"4243\">Guida confortevole e maneggevolezza stabile<\/p>\n<\/li>\n<li data-start=\"4244\" data-end=\"4292\">\n<p data-start=\"4246\" data-end=\"4292\">Dimensioni compatte con pratica capacit\u00e0 di seduta<\/p>\n<\/li>\n<\/ul>\n<\/li>\n<\/ul>\n<h3 style=\"padding-left: 40px;\" data-start=\"4294\" data-end=\"4314\">Vantaggi per l'acquirente<\/h3>\n<ul>\n<li style=\"list-style-type: none;\">\n<ul data-start=\"4315\" data-end=\"4539\">\n<li data-start=\"4315\" data-end=\"4356\">\n<p data-start=\"4317\" data-end=\"4356\">Riduzione del costo totale di propriet\u00e0 (TCO)<\/p>\n<\/li>\n<li data-start=\"4357\" data-end=\"4419\">\n<p data-start=\"4359\" data-end=\"4419\">Adatto per i pendolari familiari e progetti di mobilit\u00e0 condivisa<\/p>\n<\/li>\n<li data-start=\"4420\" data-end=\"4475\">\n<p data-start=\"4422\" data-end=\"4475\">Facile ricarica durante la notte con un tempo di ricarica di 7 ore<\/p>\n<\/li>\n<li data-start=\"4476\" data-end=\"4539\">\n<p data-start=\"4478\" data-end=\"4539\">Personalizzazione OEM flessibile per diversi posizionamenti sul mercato<\/p>\n<\/li>\n<\/ul>\n<\/li>\n<\/ul>\n<h3 style=\"padding-left: 40px;\" data-start=\"4541\" data-end=\"4555\">Prova<\/h3>\n<ul>\n<li style=\"list-style-type: none;\">\n<ul data-start=\"4556\" data-end=\"4719\">\n<li data-start=\"4556\" data-end=\"4604\">\n<p data-start=\"4558\" data-end=\"4604\">Certificazione CEE dei veicoli per i mercati di esportazione<\/p>\n<\/li>\n<li data-start=\"4605\" data-end=\"4648\">\n<p data-start=\"4607\" data-end=\"4648\">Architettura di trasmissione elettrica provata<\/p>\n<\/li>\n<li data-start=\"4649\" data-end=\"4719\">\n<p data-start=\"4651\" data-end=\"4719\">Tecnologie di sospensione e frenatura mature ampiamente utilizzate nei veicoli elettrici urbani<\/p>\n<\/li>\n<\/ul>\n<\/li>\n<\/ul>\n<hr style=\"padding-left: 40px;\" data-start=\"4721\" data-end=\"4724\" \/>\n<h2 style=\"padding-left: 40px;\" data-start=\"4726\" data-end=\"4750\">Scenari di applicazione<\/h2>\n<ul>\n<li style=\"list-style-type: none;\">\n<ul data-start=\"4752\" data-end=\"4951\">\n<li data-start=\"4752\" data-end=\"4778\">\n<p data-start=\"4754\" data-end=\"4778\">Viaggi familiari urbani<\/p>\n<\/li>\n<li data-start=\"4779\" data-end=\"4808\">\n<p data-start=\"4781\" data-end=\"4808\">Trasporti cittadini giornalieri<\/p>\n<\/li>\n<li data-start=\"4809\" data-end=\"4853\">\n<p data-start=\"4811\" data-end=\"4853\">Servizi di mobilit\u00e0 condivisa e car-sharing<\/p>\n<\/li>\n<li data-start=\"4854\" data-end=\"4889\">\n<p data-start=\"4856\" data-end=\"4889\">Viaggi intercity a breve distanza<\/p>\n<\/li>\n<li data-start=\"4890\" data-end=\"4951\">\n<p data-start=\"4892\" data-end=\"4951\">Progetti di veicoli elettrici personalizzati per i mercati oltremare<\/p>\n<\/li>\n<\/ul>\n<\/li>\n<\/ul>\n<hr style=\"padding-left: 40px;\" data-start=\"4953\" data-end=\"4956\" \/>\n<h2 style=\"padding-left: 40px;\" data-start=\"4958\" data-end=\"5003\">Perch\u00e9 scegliere Mini Cooper 4 ruote da Tairui<\/h2>\n<p style=\"padding-left: 40px;\" data-start=\"5005\" data-end=\"5374\">Con anni di esperienza in R&amp; D e fabbricazione, <strong data-start=\"5073\" data-end=\"5127\">Shandong Tairui Automobile &amp; amp; Elettronica Co., Ltd.<\/strong> consegna pi\u00f9 di veicoli standard. Forniamo complete <strong data-start=\"5186\" data-end=\"5217\">soluzioni di mobilit\u00e0 elettrica<\/strong>, combinando capacit\u00e0 di produzione stabile, personalizzazione OEM e supporto post-vendita professionale per aiutare i clienti ad entrare e espandere i loro mercati in modo efficiente.<\/p>\n<hr style=\"padding-left: 40px;\" data-start=\"5376\" data-end=\"5379\" \/>\n<h2 style=\"padding-left: 40px;\" data-start=\"5381\" data-end=\"5404\">Chiama all'azione (CTA)<\/h2>\n<p style=\"padding-left: 40px;\" data-start=\"5406\" data-end=\"5678\">Alla ricerca di un affidabile <strong data-start=\"5429\" data-end=\"5454\">veicolo elettrico citt\u00e0<\/strong> oppure a <strong data-start=\"5460\" data-end=\"5504\">soluzione elettrica su misura a quattro ruote<\/strong> per il tuo mercato?<br data-start=\"5521\" data-end=\"5524\" \/><strong data-start=\"5524\" data-end=\"5544\">Contattaci oggi<\/strong> per ricevere specifiche dettagliate, opzioni di personalizzazione OEM, informazioni sui prezzi e supporto tecnico dal nostro team professionale.<\/p>\n<hr style=\"padding-left: 40px;\" data-start=\"5680\" data-end=\"5683\" \/>\n<h2 style=\"padding-left: 40px;\" data-start=\"5685\" data-end=\"5691\">Domande frequenti<\/h2>\n<p style=\"padding-left: 40px;\" data-start=\"5693\" data-end=\"5841\"><strong data-start=\"5693\" data-end=\"5744\">Q1: Quanti passeggeri pu\u00f2 trasportare questo veicolo?<\/strong><br data-start=\"5744\" data-end=\"5747\" \/>\u00c8 progettato per <strong data-start=\"5766\" data-end=\"5785\">quattro passeggeri<\/strong>rendendolo adatto per uso familiare e di mobilit\u00e0 condivisa.<\/p>\n<p style=\"padding-left: 40px;\" data-start=\"5843\" data-end=\"5974\"><strong data-start=\"5843\" data-end=\"5885\">Q2: Qual \u00e8 il raggio massimo di guida?<\/strong><br data-start=\"5885\" data-end=\"5888\" \/>Il veicolo offre una autonomia di guida fino a <strong data-start=\"5932\" data-end=\"5942\">219 km<\/strong>a seconda delle condizioni di utilizzo.<\/p>\n<p style=\"padding-left: 40px;\" data-start=\"5976\" data-end=\"6133\"><strong data-start=\"5976\" data-end=\"6032\">Q3: Questo modello pu\u00f2 essere personalizzato per i mercati di esportazione?<\/strong><br data-start=\"6032\" data-end=\"6035\" \/>- S\u00ec. - S\u00ec. \u00c8 disponibile la personalizzazione OEM, tra cui il branding, il layout degli interni e gli aggiornamenti funzionali.<\/p>\n<p style=\"padding-left: 40px;\" data-start=\"6135\" data-end=\"6286\"><strong data-start=\"6135\" data-end=\"6181\">Q4: Che tipo di ricarica supporta?<\/strong><br data-start=\"6181\" data-end=\"6184\" \/>Il tempo di ricarica standard \u00e8 di circa <strong data-start=\"6228\" data-end=\"6239\">7 ore<\/strong>, adatto per la ricarica AC domestica e commerciale.<\/p>\n<p style=\"padding-left: 40px;\" data-start=\"6288\" data-end=\"6446\"><strong data-start=\"6288\" data-end=\"6359\">Q5: Il veicolo soddisfa i requisiti di certificazione internazionale?<\/strong><br data-start=\"6359\" data-end=\"6362\" \/>- S\u00ec. - S\u00ec. \u00c8 conforme con <strong data-start=\"6384\" data-end=\"6411\">Certificazione delle parti ECE<\/strong> e <strong data-start=\"6416\" data-end=\"6445\">Certificazione CEE del veicolo<\/strong>.<\/p>","protected":false},"excerpt":{"rendered":"<p><strong data-start=\"430\" data-end=\"453\">Mini Cooper 4 ruote<\/strong> \u00e8 un veicolo elettrico compatto progettato per i pendolari urbani e i trasporti familiari. Con autonomia di guida estesa, prestazioni elettriche stabili e caratteristiche di comfort moderne, fornisce una soluzione di mobilit\u00e0 efficiente ed ecologica per gli utenti delle citt\u00e0 e dei mercati esteri.<\/p>","protected":false},"featured_media":2041,"comment_status":"open","ping_status":"closed","template":"","meta":[],"product_brand":[],"product_cat":[77],"product_tag":[],"class_list":{"0":"post-1024","1":"product","2":"type-product","3":"status-publish","4":"has-post-thumbnail","6":"product_cat-electric-micro-vehicle","8":"first","9":"instock","10":"shipping-taxable","11":"product-type-simple"},"_links":{"self":[{"href":"https:\/\/www.tairuiauto.com\/it\/wp-json\/wp\/v2\/product\/1024","targetHints":{"allow":["GET"]}}],"collection":[{"href":"https:\/\/www.tairuiauto.com\/it\/wp-json\/wp\/v2\/product"}],"about":[{"href":"https:\/\/www.tairuiauto.com\/it\/wp-json\/wp\/v2\/types\/product"}],"replies":[{"embeddable":true,"href":"https:\/\/www.tairuiauto.com\/it\/wp-json\/wp\/v2\/comments?post=1024"}],"wp:featuredmedia":[{"embeddable":true,"href":"https:\/\/www.tairuiauto.com\/it\/wp-json\/wp\/v2\/media\/2041"}],"wp:attachment":[{"href":"https:\/\/www.tairuiauto.com\/it\/wp-json\/wp\/v2\/media?parent=1024"}],"wp:term":[{"taxonomy":"product_brand","embeddable":true,"href":"https:\/\/www.tairuiauto.com\/it\/wp-json\/wp\/v2\/product_brand?post=1024"},{"taxonomy":"product_cat","embeddable":true,"href":"https:\/\/www.tairuiauto.com\/it\/wp-json\/wp\/v2\/product_cat?post=1024"},{"taxonomy":"product_tag","embeddable":true,"href":"https:\/\/www.tairuiauto.com\/it\/wp-json\/wp\/v2\/product_tag?post=1024"}],"curies":[{"name":"WP","href":"https:\/\/api.w.org\/{rel}","templated":true}]}}