{"id":1026,"date":"2025-02-08T16:38:23","date_gmt":"2025-02-08T08:38:23","guid":{"rendered":"http:\/\/www.tairuiauto.com\/?post_type=product&#038;p=1026"},"modified":"2025-12-18T08:29:57","modified_gmt":"2025-12-18T00:29:57","slug":"small-suv-sm001-electric","status":"publish","type":"product","link":"https:\/\/www.tairuiauto.com\/it\/product\/small-suv-sm001-electric\/","title":{"rendered":"Piccolo suv elettrico a quattro posti"},"content":{"rendered":"<h2 style=\"padding-left: 40px;\" data-start=\"724\" data-end=\"764\">Panoramica del prodotto<\/h2>\n<p style=\"padding-left: 40px;\" data-start=\"766\" data-end=\"1119\">Questo modello \u00e8 una nuova generazione <strong data-start=\"798\" data-end=\"823\">veicolo elettrico citt\u00e0<\/strong> sviluppato per gli utenti che richiedono un raggio pi\u00f9 lungo, prestazioni pi\u00f9 elevate e comfort migliorato in ambienti urbani e suburbani. Costruito su una piattaforma elettrica a quattro ruote ad alta tensione, combina proporzioni compatte con maggiore potenza e flessibilit\u00e0 di ricarica per le esigenze di mobilit\u00e0 quotidiana e commerciale.<\/p>\n<table style=\"width: 85.3376%; margin-left: 40px;\" width=\"755\">\n<tbody style=\"padding-left: 40px;\">\n<tr style=\"padding-left: 40px;\">\n<td style=\"width: 21.4192%; padding-left: 40px;\" rowspan=\"4\" width=\"161\">Dimensione<\/td>\n<td style=\"width: 31.1432%; padding-left: 40px;\" width=\"238\">LxLxH (mm)<\/td>\n<td style=\"width: 100.131%; padding-left: 40px;\" width=\"355\">3720*1640*1535<\/td>\n<\/tr>\n<tr style=\"padding-left: 40px;\">\n<td style=\"width: 31.1432%; padding-left: 40px;\">Numero di porte \/ sedili<\/td>\n<td style=\"width: 100.131%; padding-left: 40px;\">5porte 4 posti<\/td>\n<\/tr>\n<tr style=\"padding-left: 40px;\">\n<td style=\"width: 31.1432%; padding-left: 40px;\">Larghezza della pista F\/R (mm)<\/td>\n<td style=\"width: 100.131%; padding-left: 40px;\">1420\/1420<\/td>\n<\/tr>\n<tr style=\"padding-left: 40px;\">\n<td style=\"width: 31.1432%; padding-left: 40px;\">Distanza tra le ruote (mm)<\/td>\n<td style=\"width: 100.131%; padding-left: 40px;\">2350<\/td>\n<\/tr>\n<tr style=\"padding-left: 40px;\">\n<td style=\"width: 21.4192%; padding-left: 40px;\" rowspan=\"2\">Peso<\/td>\n<td style=\"width: 31.1432%; padding-left: 40px;\">Peso di bordo (kg)<\/td>\n<td style=\"width: 100.131%; padding-left: 40px;\">1020<\/td>\n<\/tr>\n<tr style=\"padding-left: 40px;\">\n<td style=\"width: 31.1432%; padding-left: 40px;\">Peso caricato (kg)<\/td>\n<td style=\"width: 100.131%; padding-left: 40px;\">1320<\/td>\n<\/tr>\n<tr style=\"padding-left: 40px;\">\n<td style=\"width: 21.4192%; padding-left: 40px;\" rowspan=\"3\">Prestazioni<\/td>\n<td style=\"width: 31.1432%; padding-left: 40px;\">Piattaforma di tensione<\/td>\n<td style=\"width: 100.131%; padding-left: 40px;\">312<\/td>\n<\/tr>\n<tr style=\"padding-left: 40px;\">\n<td style=\"width: 31.1432%; padding-left: 40px;\">Velocit\u00e0 massima (km\/h)<\/td>\n<td style=\"width: 100.131%; padding-left: 40px;\">110<\/td>\n<\/tr>\n<tr style=\"padding-left: 40px;\">\n<td style=\"width: 31.1432%; padding-left: 40px;\">Kilometraggio (km)<\/td>\n<td style=\"width: 100.131%; padding-left: 40px;\">320<\/td>\n<\/tr>\n<tr style=\"padding-left: 40px;\">\n<td style=\"width: 21.4192%; padding-left: 40px;\" rowspan=\"4\">Sistema di alimentazione<\/td>\n<td style=\"width: 31.1432%; padding-left: 40px;\">Batteria (kWh)<\/td>\n<td style=\"width: 100.131%; padding-left: 40px;\">31.15KWh Batteria al litio ternaria<\/td>\n<\/tr>\n<tr style=\"padding-left: 40px;\">\n<td style=\"width: 31.1432%; padding-left: 40px;\">Motore (kW)<\/td>\n<td style=\"width: 100.131%; padding-left: 40px;\">50 kw<\/td>\n<\/tr>\n<tr style=\"padding-left: 40px;\">\n<td style=\"width: 31.1432%; padding-left: 40px;\">Torsione massima del motore (Nm)<\/td>\n<td style=\"width: 100.131%; padding-left: 40px;\">125nm<\/td>\n<\/tr>\n<tr style=\"padding-left: 40px;\">\n<td style=\"width: 31.1432%; padding-left: 40px;\">Carica<\/td>\n<td style=\"width: 100.131%; padding-left: 40px;\">AC DC carica ccs2<\/td>\n<\/tr>\n<tr style=\"padding-left: 40px;\">\n<td style=\"width: 21.4192%; padding-left: 40px;\" rowspan=\"3\">Sistema telaio<\/td>\n<td style=\"width: 31.1432%; padding-left: 40px;\">Sistema frenante<\/td>\n<td style=\"width: 100.131%; padding-left: 40px;\">Disco anteriore &amp; Tamburo posteriore<\/td>\n<\/tr>\n<tr style=\"padding-left: 40px;\">\n<td style=\"width: 31.1432%; padding-left: 40px;\">Sistema di sospensione<\/td>\n<td style=\"width: 100.131%; padding-left: 40px;\" width=\"355\">Anteriore: McPherson sospensione indipendente Dietro: Torsion Beam sospensione semiindipendente<\/td>\n<\/tr>\n<tr style=\"padding-left: 40px;\">\n<td style=\"width: 31.1432%; padding-left: 40px;\">Pneumatici<\/td>\n<td style=\"width: 100.131%; padding-left: 40px;\">165\/65 R15<\/td>\n<\/tr>\n<tr style=\"padding-left: 40px;\">\n<td style=\"width: 21.4192%; padding-left: 40px;\" rowspan=\"2\">Sistema di assistenza<\/td>\n<td style=\"width: 31.1432%; padding-left: 40px;\" rowspan=\"2\">Altri<\/td>\n<td style=\"width: 100.131%; padding-left: 40px;\">Sterzo assistito da Pov\/er<\/td>\n<\/tr>\n<tr style=\"padding-left: 40px;\">\n<td style=\"width: 100.131%; padding-left: 40px;\">Aria condizionata<\/td>\n<\/tr>\n<tr style=\"padding-left: 40px;\">\n<td style=\"width: 52.5624%; padding-left: 40px;\" colspan=\"2\">Certificazione<\/td>\n<td style=\"width: 100.131%; padding-left: 40px;\">Parti: ECE Veicolo: CCC<\/td>\n<\/tr>\n<\/tbody>\n<\/table>\n<hr style=\"padding-left: 40px;\" data-start=\"1121\" data-end=\"1124\" \/>\n<h2 style=\"padding-left: 40px;\" data-start=\"1126\" data-end=\"1148\">Descrizione del prodotto<\/h2>\n<p style=\"padding-left: 40px;\" data-start=\"1282\" data-end=\"1661\">Questo <strong data-start=\"1287\" data-end=\"1333\">veicolo elettrico urbano a cinque porte e quattro posti<\/strong> offre un design ben equilibrato che d\u00e0 priorit\u00e0 allo spazio interno, alla stabilit\u00e0 di guida e alla gamma estesa. Con dimensioni complessive di <strong data-start=\"1463\" data-end=\"1488\">3720 \u00d7 1640 \u00d7 1535 mm<\/strong> e una <strong data-start=\"1495\" data-end=\"1516\">2350 mm di distanza<\/strong>Il veicolo fornisce un alloggio confortevole per i passeggeri mantenendo un'eccellente manovrabilit\u00e0 per le strade della citt\u00e0 e gli ambienti di parcheggio.<\/p>\n<p style=\"padding-left: 40px;\" data-start=\"1663\" data-end=\"2026\">Alimentato da un <strong data-start=\"1676\" data-end=\"1713\">Batteria al litio ternaria 31,15 kWh<\/strong>Il veicolo ha ottenuto un impressionante <strong data-start=\"1750\" data-end=\"1783\">autonomia di guida fino a 320 km<\/strong>che lo rende adatto per lunghi pendolari giornalieri, servizi di ride-sharing e uso urbano ad alta frequenza. Il <strong data-start=\"1886\" data-end=\"1917\">Piattaforma ad alta tensione 312 V<\/strong> migliora l'efficienza energetica e la fornitura di energia, riducendo al contempo i tempi di ricarica rispetto ai sistemi a bassa tensione.<\/p>\n<p style=\"padding-left: 40px;\" data-start=\"2028\" data-end=\"2341\">Il motore elettrico fornisce <strong data-start=\"2056\" data-end=\"2081\">50 kW di potenza di uscita<\/strong> e <strong data-start=\"2086\" data-end=\"2114\">125 Nm di coppia massima<\/strong>garantire una forte accelerazione e prestazioni sicure sia nel traffico urbano che nelle condizioni di guida suburbane. Con un <strong data-start=\"2232\" data-end=\"2261\">Velocit\u00e0 massima di 110 km\/h<\/strong>Il veicolo soddisfa comodamente le esigenze delle autostrade urbane e delle circondarie.<\/p>\n<p style=\"padding-left: 40px;\" data-start=\"2343\" data-end=\"2660\">La flessibilit\u00e0 di ricarica \u00e8 un vantaggio fondamentale di questo modello. Supporta <strong data-start=\"2410\" data-end=\"2453\">Carica rapida AC e DC (standard CCS2)<\/strong>, permettendo agli utenti di scegliere conveniente ricarica durante la notte o ricarica rapida durante le operazioni. Questa capacit\u00e0 migliora significativamente l'efficienza dell'utilizzo dei veicoli sia per gli utenti privati che per gli operatori di flotte.<\/p>\n<p style=\"padding-left: 40px;\" data-start=\"2662\" data-end=\"3044\">Il sistema di telaio \u00e8 progettato per il comfort urbano e la durata. Un <strong data-start=\"2731\" data-end=\"2773\">Sospensione anteriore indipendente McPherson<\/strong> combinato con un <strong data-start=\"2790\" data-end=\"2839\">sospensione semiindipendente a fascia di torsione posteriore<\/strong> fornisce una sensazione di guida stabile assorbendo efficacemente le irregolarit\u00e0 stradali. Il <strong data-start=\"2924\" data-end=\"2967\">sistema frenante a disco anteriore e a tamburo posteriore<\/strong> garantisce prestazioni di frenatura affidabili in diverse condizioni di carico e strada.<\/p>\n<p style=\"padding-left: 40px;\" data-start=\"3046\" data-end=\"3407\">Per migliorare la manovrabilit\u00e0 e il comfort, il veicolo \u00e8 dotato di <strong data-start=\"3110\" data-end=\"3137\">sterzo assistito<\/strong>permettendo una manovra fluida a basse velocit\u00e0 e un controllo preciso a velocit\u00e0 pi\u00f9 elevate. <strong data-start=\"3219\" data-end=\"3239\">Pneumatici 165\/65 R15<\/strong> offrono un buon equilibrio tra comfort di guida, aderenza ed efficienza energetica. Un integrato <strong data-start=\"3326\" data-end=\"3353\">sistema di aria condizionata<\/strong> migliora ulteriormente il comfort della cabina in diversi climi.<\/p>\n<p style=\"padding-left: 40px;\" data-start=\"3409\" data-end=\"3762\">Certificato con <strong data-start=\"3424\" data-end=\"3446\">Omologazione delle parti ECE<\/strong> e <strong data-start=\"3451\" data-end=\"3480\">Certificazione veicolo CCC<\/strong>Questo modello soddisfa gli standard normativi essenziali per i mercati nazionali e internazionali selezionati. Come un <strong data-start=\"3584\" data-end=\"3615\">piattaforma veicolo personalizzata<\/strong>Supporta la personalizzazione OEM, tra cui layout interni, configurazioni funzionali e soluzioni di branding per soddisfare diverse esigenze del mercato.<\/p>\n<hr style=\"padding-left: 40px;\" data-start=\"3764\" data-end=\"3767\" \/>\n<h2 style=\"padding-left: 40px;\" data-start=\"3769\" data-end=\"3811\">Caratteristiche principali &amp; Vantaggi (metodo FABE)<\/h2>\n<h3 style=\"padding-left: 40px;\" data-start=\"3813\" data-end=\"3827\">Caratteristiche<\/h3>\n<ul>\n<li style=\"list-style-type: none;\">\n<ul data-start=\"3828\" data-end=\"4021\">\n<li data-start=\"3828\" data-end=\"3874\">\n<p data-start=\"3830\" data-end=\"3874\">Configurazione EV citt\u00e0 a cinque porte e quattro posti<\/p>\n<\/li>\n<li data-start=\"3875\" data-end=\"3912\">\n<p data-start=\"3877\" data-end=\"3912\">Batteria al litio ternaria 31,15 kWh<\/p>\n<\/li>\n<li data-start=\"3913\" data-end=\"3947\">\n<p data-start=\"3915\" data-end=\"3947\">Motore da 50 kW con coppia da 125 Nm<\/p>\n<\/li>\n<li data-start=\"3948\" data-end=\"3980\">\n<p data-start=\"3950\" data-end=\"3980\">Carica rapida AC DC (CCS2)<\/p>\n<\/li>\n<li data-start=\"3981\" data-end=\"4021\">\n<p data-start=\"3983\" data-end=\"4021\">Piattaforma elettrica ad alta tensione 312 V<\/p>\n<\/li>\n<\/ul>\n<\/li>\n<\/ul>\n<h3 style=\"padding-left: 40px;\" data-start=\"4023\" data-end=\"4039\">Vantaggi<\/h3>\n<ul>\n<li style=\"list-style-type: none;\">\n<ul data-start=\"4040\" data-end=\"4227\">\n<li data-start=\"4040\" data-end=\"4090\">\n<p data-start=\"4042\" data-end=\"4090\">Range di guida esteso per un uso quotidiano intensivo<\/p>\n<\/li>\n<li data-start=\"4091\" data-end=\"4132\">\n<p data-start=\"4093\" data-end=\"4132\">Ricarica pi\u00f9 veloce e maggiore efficienza<\/p>\n<\/li>\n<li data-start=\"4133\" data-end=\"4181\">\n<p data-start=\"4135\" data-end=\"4181\">Potenza di uscita pi\u00f9 forte dei tipici micro EV<\/p>\n<\/li>\n<li data-start=\"4182\" data-end=\"4227\">\n<p data-start=\"4184\" data-end=\"4227\">Manipolabilit\u00e0 stabile e comfort di guida migliorato<\/p>\n<\/li>\n<\/ul>\n<\/li>\n<\/ul>\n<h3 style=\"padding-left: 40px;\" data-start=\"4229\" data-end=\"4249\">Vantaggi per l'acquirente<\/h3>\n<ul>\n<li style=\"list-style-type: none;\">\n<ul data-start=\"4250\" data-end=\"4483\">\n<li data-start=\"4250\" data-end=\"4293\">\n<p data-start=\"4252\" data-end=\"4293\">Riduzione della frequenza di ricarica e dei tempi di fermo<\/p>\n<\/li>\n<li data-start=\"4294\" data-end=\"4357\">\n<p data-start=\"4296\" data-end=\"4357\">Adatto per uso familiare, ride-hailing e operazioni di flotta<\/p>\n<\/li>\n<li data-start=\"4358\" data-end=\"4419\">\n<p data-start=\"4360\" data-end=\"4419\">Costo totale di propriet\u00e0 inferiore rispetto ai veicoli a carburante<\/p>\n<\/li>\n<li data-start=\"4420\" data-end=\"4483\">\n<p data-start=\"4422\" data-end=\"4483\">Personalizzazione OEM flessibile per diversi posizionamenti sul mercato<\/p>\n<\/li>\n<\/ul>\n<\/li>\n<\/ul>\n<h3 style=\"padding-left: 40px;\" data-start=\"4485\" data-end=\"4499\">Prova<\/h3>\n<ul>\n<li style=\"list-style-type: none;\">\n<ul data-start=\"4500\" data-end=\"4666\">\n<li data-start=\"4500\" data-end=\"4542\">\n<p data-start=\"4502\" data-end=\"4542\">Conformit\u00e0 certificata per veicoli e parti<\/p>\n<\/li>\n<li data-start=\"4543\" data-end=\"4597\">\n<p data-start=\"4545\" data-end=\"4597\">Tecnologia di trasmissione elettrica ad alta tensione matura<\/p>\n<\/li>\n<li data-start=\"4598\" data-end=\"4666\">\n<p data-start=\"4600\" data-end=\"4666\">Sistemi di sospensione e frenatura provati utilizzati nelle piattaforme urbane EV<\/p>\n<\/li>\n<\/ul>\n<\/li>\n<\/ul>\n<hr style=\"padding-left: 40px;\" data-start=\"4668\" data-end=\"4671\" \/>\n<h2 style=\"padding-left: 40px;\" data-start=\"4673\" data-end=\"4697\">Scenari di applicazione<\/h2>\n<ul>\n<li style=\"list-style-type: none;\">\n<ul data-start=\"4699\" data-end=\"4927\">\n<li data-start=\"4699\" data-end=\"4737\">\n<p data-start=\"4701\" data-end=\"4737\">Trasferimenti giornalieri urbani e suburbani<\/p>\n<\/li>\n<li data-start=\"4738\" data-end=\"4763\">\n<p data-start=\"4740\" data-end=\"4763\">Trasporti familiari<\/p>\n<\/li>\n<li data-start=\"4764\" data-end=\"4809\">\n<p data-start=\"4766\" data-end=\"4809\">Ride-hailing e servizi di mobilit\u00e0 condivisa<\/p>\n<\/li>\n<li data-start=\"4810\" data-end=\"4854\">\n<p data-start=\"4812\" data-end=\"4854\">Operazioni di flotte aziendali e comunali<\/p>\n<\/li>\n<li data-start=\"4855\" data-end=\"4927\">\n<p data-start=\"4857\" data-end=\"4927\">Progetti di veicoli elettrici personalizzati per i mercati nazionali ed esportatori<\/p>\n<\/li>\n<\/ul>\n<\/li>\n<\/ul>\n<hr style=\"padding-left: 40px;\" data-start=\"4929\" data-end=\"4932\" \/>\n<h2 style=\"padding-left: 40px;\" data-start=\"4934\" data-end=\"4970\">Perch\u00e9 scegliere questo modello da Tairui<\/h2>\n<p style=\"padding-left: 40px;\" data-start=\"4972\" data-end=\"5337\">Con una vasta esperienza nello sviluppo e nella produzione di veicoli elettrici, <strong data-start=\"5049\" data-end=\"5103\">Shandong Tairui Automobile &amp; amp; Elettronica Co., Ltd.<\/strong> fornisce affidabilit\u00e0 e scalabilit\u00e0 <strong data-start=\"5135\" data-end=\"5166\">soluzioni di mobilit\u00e0 elettrica<\/strong>. Dalla progettazione del veicolo alla personalizzazione dell'OEM e al supporto post-vendita, aiutiamo i clienti a ridurre il rischio di approvvigionamento, migliorare l'efficienza operativa e accelerare l'ingresso sul mercato.<\/p>\n<hr style=\"padding-left: 40px;\" data-start=\"5339\" data-end=\"5342\" \/>\n<h2 style=\"padding-left: 40px;\" data-start=\"5344\" data-end=\"5367\">Chiama all'azione (CTA)<\/h2>\n<p style=\"padding-left: 40px;\" data-start=\"5369\" data-end=\"5652\">Alla ricerca di un lungo raggio <strong data-start=\"5394\" data-end=\"5419\">veicolo elettrico citt\u00e0<\/strong> oppure a <strong data-start=\"5425\" data-end=\"5469\">soluzione elettrica su misura a quattro ruote<\/strong> per il tuo mercato?<br data-start=\"5486\" data-end=\"5489\" \/><strong data-start=\"5489\" data-end=\"5509\">Contattaci oggi<\/strong> per ricevere specifiche dettagliate, soluzioni di ricarica, opzioni di personalizzazione OEM e supporto di prezzi competitivi dal nostro team professionale.<\/p>\n<hr style=\"padding-left: 40px;\" data-start=\"5654\" data-end=\"5657\" \/>\n<h2 style=\"padding-left: 40px;\" data-start=\"5659\" data-end=\"5665\">Domande frequenti<\/h2>\n<p style=\"padding-left: 40px;\" data-start=\"5667\" data-end=\"5826\"><strong data-start=\"5667\" data-end=\"5725\">Q1: Qual \u00e8 il raggio massimo di guida di questo veicolo?<\/strong><br data-start=\"5725\" data-end=\"5728\" \/>Il veicolo offre una autonomia di guida fino a <strong data-start=\"5772\" data-end=\"5782\">320 km<\/strong>a seconda delle condizioni di guida e dell\u2019utilizzo.<\/p>\n<p style=\"padding-left: 40px;\" data-start=\"5828\" data-end=\"5942\"><strong data-start=\"5828\" data-end=\"5866\">Q2: Supporta la ricarica rapida?<\/strong><br data-start=\"5866\" data-end=\"5869\" \/>- S\u00ec. - S\u00ec. Supporta <strong data-start=\"5886\" data-end=\"5913\">Carica rapida AC e DC<\/strong> utilizzando il <strong data-start=\"5924\" data-end=\"5941\">Standard CCS2<\/strong>.<\/p>\n<p style=\"padding-left: 40px;\" data-start=\"5944\" data-end=\"6135\"><strong data-start=\"5944\" data-end=\"6005\">Q3: Questo modello \u00e8 adatto per l'uso della flotta o del ride-hailing?<\/strong><br data-start=\"6005\" data-end=\"6008\" \/>- S\u00ec. - S\u00ec. La sua lunga portata, la capacit\u00e0 di ricarica rapida e i bassi costi operativi lo rendono ideale per applicazioni di mobilit\u00e0 condivisa e di flotte.<\/p>\n<p style=\"padding-left: 40px;\" data-start=\"6137\" data-end=\"6279\"><strong data-start=\"6137\" data-end=\"6175\">Q4: Il veicolo pu\u00f2 essere personalizzato?<\/strong><br data-start=\"6175\" data-end=\"6178\" \/>\u00c8 disponibile la personalizzazione OEM, incluse le configurazioni degli interni, gli aggiornamenti funzionali e il branding.<\/p>\n<p style=\"padding-left: 40px;\" data-start=\"6281\" data-end=\"6462\"><strong data-start=\"6281\" data-end=\"6331\">Q5: Quali certificazioni ha il veicolo?<\/strong><br data-start=\"6331\" data-end=\"6334\" \/>\u00c8 conforme con <strong data-start=\"6351\" data-end=\"6380\">Certificazione veicolo CCC<\/strong> e <strong data-start=\"6385\" data-end=\"6412\">Certificazione delle parti ECE<\/strong>supportare i mercati nazionali e selezionati di esportazione.<\/p>","protected":false},"excerpt":{"rendered":"<p>Questo veicolo elettrico urbano a cinque porte \u00e8 progettato per i pendolari urbani estesi e i trasporti familiari. Con una lunga autonomia di guida, un potente motore elettrico e una capacit\u00e0 di ricarica rapida, offre una soluzione di mobilit\u00e0 pratica, efficiente e rispettosa dell'ambiente per l'uso urbano moderno.<\/p>","protected":false},"featured_media":2050,"comment_status":"open","ping_status":"closed","template":"","meta":[],"product_brand":[],"product_cat":[77],"product_tag":[],"class_list":{"0":"post-1026","1":"product","2":"type-product","3":"status-publish","4":"has-post-thumbnail","6":"product_cat-electric-micro-vehicle","8":"first","9":"instock","10":"shipping-taxable","11":"product-type-simple"},"_links":{"self":[{"href":"https:\/\/www.tairuiauto.com\/it\/wp-json\/wp\/v2\/product\/1026","targetHints":{"allow":["GET"]}}],"collection":[{"href":"https:\/\/www.tairuiauto.com\/it\/wp-json\/wp\/v2\/product"}],"about":[{"href":"https:\/\/www.tairuiauto.com\/it\/wp-json\/wp\/v2\/types\/product"}],"replies":[{"embeddable":true,"href":"https:\/\/www.tairuiauto.com\/it\/wp-json\/wp\/v2\/comments?post=1026"}],"wp:featuredmedia":[{"embeddable":true,"href":"https:\/\/www.tairuiauto.com\/it\/wp-json\/wp\/v2\/media\/2050"}],"wp:attachment":[{"href":"https:\/\/www.tairuiauto.com\/it\/wp-json\/wp\/v2\/media?parent=1026"}],"wp:term":[{"taxonomy":"product_brand","embeddable":true,"href":"https:\/\/www.tairuiauto.com\/it\/wp-json\/wp\/v2\/product_brand?post=1026"},{"taxonomy":"product_cat","embeddable":true,"href":"https:\/\/www.tairuiauto.com\/it\/wp-json\/wp\/v2\/product_cat?post=1026"},{"taxonomy":"product_tag","embeddable":true,"href":"https:\/\/www.tairuiauto.com\/it\/wp-json\/wp\/v2\/product_tag?post=1026"}],"curies":[{"name":"WP","href":"https:\/\/api.w.org\/{rel}","templated":true}]}}