{"id":2052,"date":"2025-03-10T16:39:38","date_gmt":"2025-03-10T08:39:38","guid":{"rendered":"https:\/\/www.tairuiauto.com\/?post_type=product&#038;p=2052"},"modified":"2025-12-18T08:39:23","modified_gmt":"2025-12-18T00:39:23","slug":"mpv-m002","status":"publish","type":"product","link":"https:\/\/www.tairuiauto.com\/it\/product\/mpv-m002\/","title":{"rendered":"Elettrico MPV 4 ruote"},"content":{"rendered":"<h2 style=\"padding-left: 40px;\" data-start=\"733\" data-end=\"773\">Panoramica del prodotto<\/h2>\n<p style=\"padding-left: 40px;\" data-start=\"775\" data-end=\"1122\">Questo modello \u00e8 versatile <strong data-start=\"801\" data-end=\"826\">veicolo elettrico citt\u00e0<\/strong> sviluppato per soddisfare diverse esigenze di gamma e costo attraverso pi\u00f9 configurazioni di batterie. Costruito su una piattaforma elettrica compatta a quattro ruote, si concentra su praticit\u00e0, sicurezza ed efficienza, offrendo una soluzione affidabile per i trasporti urbani quotidiani e le esigenze di mobilit\u00e0 commerciale leggera.<\/p>\n<table style=\"border-collapse: collapse; width: 76.1293%; margin-left: 40px;\" border=\"0\" width=\"746\" cellspacing=\"0\" cellpadding=\"0\">\n<tbody style=\"padding-left: 40px;\">\n<tr style=\"height: 18.75pt; padding-left: 40px;\">\n<td class=\"et2\" style=\"height: 18.75pt; width: 140.696%; border-right: 1pt solid #000000; padding-left: 40px;\" colspan=\"4\" width=\"746\" height=\"25\"><span class=\"font2\">specificazione del tipo<\/span><\/td>\n<\/tr>\n<tr style=\"height: 17.25pt; padding-left: 40px;\">\n<td class=\"et5\" style=\"height: 17.25pt; width: 25.7028%; padding-left: 40px;\" height=\"23\"><span class=\"font4\">L * L * H (mm)<\/span><\/td>\n<td class=\"et6\" style=\"border-right: 1pt solid #000000; width: 114.993%; padding-left: 40px;\" colspan=\"3\"><span class=\"font4\">3517*1495*1660<\/span><\/td>\n<\/tr>\n<tr style=\"height: 17.25pt; padding-left: 40px;\">\n<td class=\"et9\" style=\"height: 17.25pt; width: 25.7028%; padding-left: 40px;\" height=\"23\"><span class=\"font4\">Distanza tra le ruote (mm)<\/span><\/td>\n<td class=\"et10\" style=\"border-right: 1pt solid #000000; width: 114.993%; padding-left: 40px;\" colspan=\"3\"><span class=\"font4\">2495<\/span><\/td>\n<\/tr>\n<tr style=\"height: 17.25pt; padding-left: 40px;\">\n<td class=\"et13\" style=\"height: 17.25pt; width: 25.7028%; padding-left: 40px;\" height=\"23\"><span class=\"font4\">Kilometraggio (km)<\/span><\/td>\n<td class=\"et13\" style=\"width: 31.7269%; padding-left: 40px;\"><span class=\"font4\">130<\/span><\/td>\n<td class=\"et13\" style=\"width: 31.7269%; padding-left: 40px;\"><span class=\"font4\">200<\/span><\/td>\n<td class=\"et13\" style=\"width: 51.5395%; padding-left: 40px;\"><span class=\"font4\">300<\/span><\/td>\n<\/tr>\n<tr style=\"height: 33.75pt; padding-left: 40px;\">\n<td class=\"et14\" style=\"height: 33.75pt; width: 25.7028%; padding-left: 40px;\" width=\"190\" height=\"45\"><span class=\"font4\">Spazio minimo da terra (mm)<\/span><\/td>\n<td class=\"et13\" style=\"width: 31.7269%; padding-left: 40px;\"><span class=\"font4\">130<\/span><\/td>\n<td class=\"et13\" style=\"width: 31.7269%; padding-left: 40px;\"><span class=\"font4\">130<\/span><\/td>\n<td class=\"et13\" style=\"width: 51.5395%; padding-left: 40px;\"><span class=\"font4\">120<\/span><\/td>\n<\/tr>\n<tr style=\"height: 17.25pt; padding-left: 40px;\">\n<td class=\"et13\" style=\"height: 17.25pt; width: 25.7028%; padding-left: 40px;\" height=\"23\"><span class=\"font4\">Peso di bordo (kg)<\/span><\/td>\n<td class=\"et13\" style=\"width: 31.7269%; padding-left: 40px;\"><span class=\"font4\">840<\/span><\/td>\n<td class=\"et13\" style=\"width: 31.7269%; padding-left: 40px;\"><span class=\"font4\">880<\/span><\/td>\n<td class=\"et13\" style=\"width: 51.5395%; padding-left: 40px;\"><span class=\"font4\">1010<\/span><\/td>\n<\/tr>\n<tr style=\"height: 18.75pt; padding-left: 40px;\">\n<td class=\"et9\" style=\"height: 18.75pt; width: 25.7028%; padding-left: 40px;\" height=\"25\"><span class=\"font4\">Tempo di carica<\/span><\/td>\n<td class=\"et9\" style=\"width: 31.7269%; padding-left: 40px;\"><span class=\"font2\">7<\/span><\/td>\n<td class=\"et9\" style=\"width: 31.7269%; padding-left: 40px;\"><span class=\"font2\">7<\/span><\/td>\n<td class=\"et9\" style=\"width: 51.5395%; padding-left: 40px;\"><span class=\"font2\">9.5<\/span><\/td>\n<\/tr>\n<tr style=\"height: 17.25pt; padding-left: 40px;\">\n<td class=\"et13\" style=\"height: 17.25pt; width: 25.7028%; padding-left: 40px;\" height=\"23\"><span class=\"font4\">potenza massima (kW)<\/span><\/td>\n<td class=\"et13\" style=\"width: 31.7269%; padding-left: 40px;\"><span class=\"font4\">30<\/span><\/td>\n<td class=\"et13\" style=\"width: 31.7269%; padding-left: 40px;\"><span class=\"font4\">30<\/span><\/td>\n<td class=\"et13\" style=\"width: 51.5395%; padding-left: 40px;\"><span class=\"font4\">35<\/span><\/td>\n<\/tr>\n<tr style=\"height: 17.25pt; padding-left: 40px;\">\n<td class=\"et13\" style=\"height: 17.25pt; width: 25.7028%; padding-left: 40px;\" height=\"23\"><span class=\"font4\">coppia massima (N m)<\/span><\/td>\n<td class=\"et13\" style=\"width: 31.7269%; padding-left: 40px;\"><span class=\"font4\">84<\/span><\/td>\n<td class=\"et13\" style=\"width: 31.7269%; padding-left: 40px;\"><span class=\"font4\">84<\/span><\/td>\n<td class=\"et13\" style=\"width: 51.5395%; padding-left: 40px;\"><span class=\"font4\">87<\/span><\/td>\n<\/tr>\n<tr style=\"height: 17.25pt; padding-left: 40px;\">\n<td class=\"et13\" style=\"height: 17.25pt; width: 25.7028%; padding-left: 40px;\" height=\"23\"><span class=\"font4\">capacit\u00e0 della batteria (kWh)<\/span><\/td>\n<td class=\"et13\" style=\"width: 31.7269%; padding-left: 40px;\"><span class=\"font4\">11.9<\/span><\/td>\n<td class=\"et13\" style=\"width: 31.7269%; padding-left: 40px;\"><span class=\"font4\">18.5<\/span><\/td>\n<td class=\"et13\" style=\"width: 51.5395%; padding-left: 40px;\"><span class=\"font4\">29.9<\/span><\/td>\n<\/tr>\n<tr style=\"height: 17.25pt; padding-left: 40px;\">\n<td class=\"et9\" style=\"height: 17.25pt; width: 25.7028%; padding-left: 40px;\" height=\"23\"><span class=\"font4\">Tipo di batteria<\/span><\/td>\n<td class=\"et9\" style=\"width: 31.7269%; padding-left: 40px;\"><span class=\"font4\">litio ternario<\/span><\/td>\n<td class=\"et9\" style=\"width: 31.7269%; padding-left: 40px;\"><span class=\"font4\">litio ternario<\/span><\/td>\n<td class=\"et9\" style=\"width: 51.5395%; padding-left: 40px;\"><span class=\"font4\">LFP<\/span><\/td>\n<\/tr>\n<tr style=\"height: 17.25pt; padding-left: 40px;\">\n<td class=\"et13\" style=\"height: 17.25pt; width: 25.7028%; padding-left: 40px;\" height=\"23\"><span class=\"font4\">Velocit\u00e0 massima (km\/h)<\/span><\/td>\n<td class=\"et6\" style=\"border-right: 1pt solid #000000; width: 114.993%; padding-left: 40px;\" colspan=\"3\"><span class=\"font4\">100<\/span><\/td>\n<\/tr>\n<tr style=\"height: 17.25pt; padding-left: 40px;\">\n<td class=\"et13\" style=\"height: 17.25pt; width: 25.7028%; padding-left: 40px;\" height=\"23\"><span class=\"font4\">velocit\u00e0 massima<\/span><\/td>\n<td class=\"et6\" style=\"border-right: 1pt solid #000000; width: 114.993%; padding-left: 40px;\" colspan=\"3\"><span class=\"font4\">PMSM<\/span><\/td>\n<\/tr>\n<tr style=\"height: 17.25pt; padding-left: 40px;\">\n<td class=\"et13\" style=\"height: 17.25pt; width: 25.7028%; padding-left: 40px;\" height=\"23\"><span class=\"font4\">dimensioni pneumatici<\/span><\/td>\n<td class=\"et6\" style=\"border-right: 1pt solid #000000; width: 114.993%; padding-left: 40px;\" colspan=\"3\"><span class=\"font4\">155\/65 R14<\/span><\/td>\n<\/tr>\n<tr style=\"height: 33.75pt; padding-left: 40px;\">\n<td class=\"et15\" style=\"height: 33.75pt; width: 25.7028%; padding-left: 40px;\" width=\"190\" height=\"45\"><span class=\"font4\">Performance con figurazione<\/span><\/td>\n<td class=\"et6\" style=\"border-right: 1pt solid #000000; width: 114.993%; padding-left: 40px;\" colspan=\"3\"><span class=\"font4\">ABS<\/span><span class=\"font0\">e<\/span><span class=\"font4\">EBD<\/span><span class=\"font0\">e<\/span><span class=\"font4\">EDR<\/span><span class=\"font0\">e<\/span><span class=\"font4\">Largo schermo multimediale, immagine inversa<\/span><\/td>\n<\/tr>\n<\/tbody>\n<\/table>\n<hr style=\"padding-left: 40px;\" data-start=\"1124\" data-end=\"1127\" \/>\n<h2 style=\"padding-left: 40px;\" data-start=\"1129\" data-end=\"1151\">Descrizione del prodotto<\/h2>\n<h3 style=\"padding-left: 40px;\" data-start=\"1153\" data-end=\"1175\">Categoria di prodotto<\/h3>\n<p style=\"padding-left: 40px;\" data-start=\"1176\" data-end=\"1256\">Citt\u00e0 veicolo elettrico\/elettrico quattro ruote\/elettrico leggero veicolo commerciale<\/p>\n<h3 style=\"padding-left: 40px;\" data-start=\"1258\" data-end=\"1283\">Descrizione del prodotto<\/h3>\n<p style=\"padding-left: 40px;\" data-start=\"1285\" data-end=\"1611\">Questo <strong data-start=\"1290\" data-end=\"1323\">veicolo elettrico compatto citt\u00e0<\/strong> presenta un design di carrozzeria equilibrato ottimizzato per ambienti urbani. Con dimensioni complessive di <strong data-start=\"1417\" data-end=\"1442\">3517 \u00d7 1495 \u00d7 1660 mm<\/strong> e una <strong data-start=\"1449\" data-end=\"1470\">Distanza tra assi 2495 mm<\/strong>Il veicolo garantisce un comportamento di guida stabile mantenendo al contempo un'eccellente manovrabilit\u00e0 per strade affollate e posti auto stretti.<\/p>\n<p style=\"padding-left: 40px;\" data-start=\"1613\" data-end=\"2102\">Per soddisfare le diverse esigenze degli utenti, il modello \u00e8 disponibile in <strong data-start=\"1676\" data-end=\"1709\">configurazioni di gamma multipla<\/strong>Offrendo una gamma di guida di <strong data-start=\"1738\" data-end=\"1774\">130 km, 200 km e fino a 300 km<\/strong>Le opzioni della batteria includono <strong data-start=\"1800\" data-end=\"1829\">batterie al litio ternarie<\/strong> per prestazioni equilibrate e densit\u00e0 energetica, nonch\u00e9 un <strong data-start=\"1889\" data-end=\"1904\">Batteria LFP<\/strong> opzione per una maggiore durata e lunga vita del ciclo. Le capacit\u00e0 della batteria vanno da <strong data-start=\"1987\" data-end=\"2011\">da 11,9 kWh a 29,9 kWh<\/strong>permettendo agli acquirenti di scegliere la configurazione pi\u00f9 adatta alle loro condizioni di funzionamento.<\/p>\n<p style=\"padding-left: 40px;\" data-start=\"2104\" data-end=\"2434\">Il motore elettrico fornisce <strong data-start=\"2132\" data-end=\"2172\">potenza massima fino a 35 kW<\/strong> e <strong data-start=\"2177\" data-end=\"2210\">coppia massima fino a 87 Nm<\/strong>garantire un'accelerazione fluida e prestazioni stabili durante la guida stop-and-go in citt\u00e0. Con un <strong data-start=\"2304\" data-end=\"2333\">Velocit\u00e0 massima di 100 km\/h<\/strong>Il veicolo soddisfa comodamente le esigenze quotidiane di pendolarit\u00e0 urbana e le esigenze di breve viaggio in autostrada.<\/p>\n<p style=\"padding-left: 40px;\" data-start=\"2436\" data-end=\"2748\">La comodit\u00e0 di ricarica \u00e8 ottimizzata per l'uso quotidiano. A seconda della configurazione della batteria, il <strong data-start=\"2529\" data-end=\"2573\">Tempo di ricarica da 7 a 9,5 ore<\/strong>che rende pratica la ricarica durante la notte per gli utenti domestici e gli operatori di flotte. Questa flessibilit\u00e0 riduce la pressione di ricarica migliorando la disponibilit\u00e0 del veicolo durante l'orario di lavoro.<\/p>\n<p style=\"padding-left: 40px;\" data-start=\"2750\" data-end=\"3057\">Il telaio e il sistema di guida sono progettati per la sicurezza e il comfort. Con un <strong data-start=\"2827\" data-end=\"2869\">distanza minima da terra di 120-130 mm<\/strong>Il veicolo gestisce con fiducia gli urti di velocit\u00e0 e le strade urbane irregolari. <strong data-start=\"2943\" data-end=\"2963\">Pneumatici 155\/65 R14<\/strong> fornire aderenza stabile e bassa resistenza al rotolamento, supportando sia la sicurezza che l'efficienza energetica.<\/p>\n<p style=\"padding-left: 40px;\" data-start=\"3059\" data-end=\"3385\">In termini di sicurezza e configurazione intelligente, il veicolo \u00e8 dotato di <strong data-start=\"3138\" data-end=\"3167\">Sistemi ABS, EBD e EDR<\/strong>migliorare la stabilit\u00e0 e il controllo della frenata. Un <strong data-start=\"3212\" data-end=\"3239\">grande schermo multimediale<\/strong> e <strong data-start=\"3244\" data-end=\"3271\">sistema di telecamera invertente<\/strong> migliorare la comodit\u00e0 di guida, la consapevolezza della situazione e l'esperienza dell'utente, in particolare in ambienti urbani densi.<\/p>\n<hr style=\"padding-left: 40px;\" data-start=\"3387\" data-end=\"3390\" \/>\n<h2 style=\"padding-left: 40px;\" data-start=\"3392\" data-end=\"3434\">Caratteristiche principali &amp; Vantaggi (metodo FABE)<\/h2>\n<h3 style=\"padding-left: 40px;\" data-start=\"3436\" data-end=\"3450\">Caratteristiche<\/h3>\n<ul>\n<li style=\"list-style-type: none;\">\n<ul data-start=\"3451\" data-end=\"3671\">\n<li data-start=\"3451\" data-end=\"3511\">\n<p data-start=\"3453\" data-end=\"3511\">Opzioni di autonomia multiple: 130 km \/ 200 km \/ 300 km<\/p>\n<\/li>\n<li data-start=\"3512\" data-end=\"3555\">\n<p data-start=\"3514\" data-end=\"3555\">Opzioni di batterie al litio ternario e LFP<\/p>\n<\/li>\n<li data-start=\"3556\" data-end=\"3591\">\n<p data-start=\"3558\" data-end=\"3591\">Potenza massima del motore fino a 35 kW<\/p>\n<\/li>\n<li data-start=\"3592\" data-end=\"3628\">\n<p data-start=\"3594\" data-end=\"3628\">Sistemi di sicurezza ABS, EBD ed EDR<\/p>\n<\/li>\n<li data-start=\"3629\" data-end=\"3671\">\n<p data-start=\"3631\" data-end=\"3671\">Schermo multimediale con immagine inversa<\/p>\n<\/li>\n<\/ul>\n<\/li>\n<\/ul>\n<h3 style=\"padding-left: 40px;\" data-start=\"3673\" data-end=\"3689\">Vantaggi<\/h3>\n<ul>\n<li style=\"list-style-type: none;\">\n<ul data-start=\"3690\" data-end=\"3883\">\n<li data-start=\"3690\" data-end=\"3756\">\n<p data-start=\"3692\" data-end=\"3756\">Selezione flessibile della batteria per diversi budget e casi d'uso<\/p>\n<\/li>\n<li data-start=\"3757\" data-end=\"3796\">\n<p data-start=\"3759\" data-end=\"3796\">Bassi costi operativi e di manutenzione<\/p>\n<\/li>\n<li data-start=\"3797\" data-end=\"3839\">\n<p data-start=\"3799\" data-end=\"3839\">Prestazioni stabili per i pendolari urbani<\/p>\n<\/li>\n<li data-start=\"3840\" data-end=\"3883\">\n<p data-start=\"3842\" data-end=\"3883\">Migliorata sicurezza e comodit\u00e0 di guida<\/p>\n<\/li>\n<\/ul>\n<\/li>\n<\/ul>\n<h3 style=\"padding-left: 40px;\" data-start=\"3885\" data-end=\"3905\">Vantaggi per l'acquirente<\/h3>\n<ul>\n<li style=\"list-style-type: none;\">\n<ul data-start=\"3906\" data-end=\"4107\">\n<li data-start=\"3906\" data-end=\"3947\">\n<p data-start=\"3908\" data-end=\"3947\">Riduzione del costo totale di propriet\u00e0 (TCO)<\/p>\n<\/li>\n<li data-start=\"3948\" data-end=\"4009\">\n<p data-start=\"3950\" data-end=\"4009\">Adatto per utenti privati e progetti di flotta entry-level<\/p>\n<\/li>\n<li data-start=\"4010\" data-end=\"4051\">\n<p data-start=\"4012\" data-end=\"4051\">Facile ricarica durante la notte per uso quotidiano<\/p>\n<\/li>\n<li data-start=\"4052\" data-end=\"4107\">\n<p data-start=\"4054\" data-end=\"4107\">Configurazione scalabile per diverse esigenze del mercato<\/p>\n<\/li>\n<\/ul>\n<\/li>\n<\/ul>\n<h3 style=\"padding-left: 40px;\" data-start=\"4109\" data-end=\"4123\">Prova<\/h3>\n<ul>\n<li style=\"list-style-type: none;\">\n<ul data-start=\"4124\" data-end=\"4283\">\n<li data-start=\"4124\" data-end=\"4167\">\n<p data-start=\"4126\" data-end=\"4167\">Architettura di trasmissione elettrica provata<\/p>\n<\/li>\n<li data-start=\"4168\" data-end=\"4219\">\n<p data-start=\"4170\" data-end=\"4219\">Tecnologie di batteria ampiamente adottate nei veicoli elettrici urbani<\/p>\n<\/li>\n<li data-start=\"4220\" data-end=\"4283\">\n<p data-start=\"4222\" data-end=\"4283\">Sistemi di sicurezza standard comunemente richiesti nei veicoli urbani<\/p>\n<\/li>\n<\/ul>\n<\/li>\n<\/ul>\n<hr style=\"padding-left: 40px;\" data-start=\"4285\" data-end=\"4288\" \/>\n<h2 style=\"padding-left: 40px;\" data-start=\"4290\" data-end=\"4314\">Scenari di applicazione<\/h2>\n<ul>\n<li style=\"list-style-type: none;\">\n<ul data-start=\"4316\" data-end=\"4535\">\n<li data-start=\"4316\" data-end=\"4341\">\n<p data-start=\"4318\" data-end=\"4341\">Il pendolarismo urbano giornaliero<\/p>\n<\/li>\n<li data-start=\"4342\" data-end=\"4380\">\n<p data-start=\"4344\" data-end=\"4380\">Trasporti urbani a breve distanza<\/p>\n<\/li>\n<li data-start=\"4381\" data-end=\"4421\">\n<p data-start=\"4383\" data-end=\"4421\">Mercati di veicoli elettrici entry-level<\/p>\n<\/li>\n<li data-start=\"4422\" data-end=\"4460\">\n<p data-start=\"4424\" data-end=\"4460\">Mobilit\u00e0 comunitaria e residenziale<\/p>\n<\/li>\n<li data-start=\"4461\" data-end=\"4535\">\n<p data-start=\"4463\" data-end=\"4535\">Progetti di veicoli elettrici su misura per i mercati nazionali ed esteri<\/p>\n<\/li>\n<\/ul>\n<\/li>\n<\/ul>\n<hr style=\"padding-left: 40px;\" data-start=\"4537\" data-end=\"4540\" \/>\n<h2 style=\"padding-left: 40px;\" data-start=\"4542\" data-end=\"4578\">Perch\u00e9 scegliere questo modello da Tairui<\/h2>\n<p style=\"padding-left: 40px;\" data-start=\"4580\" data-end=\"4941\">Con forti capacit\u00e0 nel veicolo elettrico R &amp; amp; D e fabbricazione, <strong data-start=\"4648\" data-end=\"4702\">Shandong Tairui Automobile &amp; amp; Elettronica Co., Ltd.<\/strong> offre affidabilit\u00e0 e adattabilit\u00e0 <strong data-start=\"4733\" data-end=\"4764\">soluzioni di mobilit\u00e0 elettrica<\/strong>Le nostre opzioni di configurazione flessibili, i servizi di personalizzazione OEM e la capacit\u00e0 di produzione stabile aiutano i clienti a ridurre i rischi di ingresso sul mercato e migliorare l'efficienza complessiva del progetto.<\/p>\n<hr style=\"padding-left: 40px;\" data-start=\"4943\" data-end=\"4946\" \/>\n<h2 style=\"padding-left: 40px;\" data-start=\"4948\" data-end=\"4971\">Chiama all'azione (CTA)<\/h2>\n<p style=\"padding-left: 40px;\" data-start=\"4973\" data-end=\"5264\">Alla ricerca di una flessibilit\u00e0 <strong data-start=\"4996\" data-end=\"5021\">veicolo elettrico citt\u00e0<\/strong> con pi\u00f9 opzioni di gamma o un <strong data-start=\"5055\" data-end=\"5099\">soluzione elettrica su misura a quattro ruote<\/strong> per il tuo mercato?<br data-start=\"5116\" data-end=\"5119\" \/><strong data-start=\"5119\" data-end=\"5139\">Contattaci oggi<\/strong> per ricevere specifiche dettagliate, guida sulla configurazione della batteria, informazioni sui prezzi e supporto tecnico professionale.<\/p>\n<hr style=\"padding-left: 40px;\" data-start=\"5266\" data-end=\"5269\" \/>\n<h2 style=\"padding-left: 40px;\" data-start=\"5271\" data-end=\"5277\">Domande frequenti<\/h2>\n<p style=\"padding-left: 40px;\" data-start=\"5279\" data-end=\"5436\"><strong data-start=\"5279\" data-end=\"5343\">Q1: Quali opzioni di autonomia di guida sono disponibili per questo modello?<\/strong><br data-start=\"5343\" data-end=\"5346\" \/>Il veicolo \u00e8 disponibile con <strong data-start=\"5376\" data-end=\"5406\">130 km, 200 km e 300 km<\/strong> configurazioni di autonomia di guida.<\/p>\n<p style=\"padding-left: 40px;\" data-start=\"5438\" data-end=\"5593\"><strong data-start=\"5438\" data-end=\"5482\">Q2: Quali tipi di batterie sono offerti?<\/strong><br data-start=\"5482\" data-end=\"5485\" \/>Entrambi <strong data-start=\"5490\" data-end=\"5509\">litio ternario<\/strong> e <strong data-start=\"5514\" data-end=\"5529\">Batteria LFP<\/strong> Le opzioni sono disponibili, a seconda della configurazione selezionata.<\/p>\n<p style=\"padding-left: 40px;\" data-start=\"5595\" data-end=\"5788\"><strong data-start=\"5595\" data-end=\"5653\">Q3: Questo veicolo \u00e8 adatto per i pendolari quotidiani in citt\u00e0?<\/strong><br data-start=\"5653\" data-end=\"5656\" \/>- S\u00ec. - S\u00ec. \u00c8 specificamente progettato per i pendolari urbani con dimensioni compatte, potenza efficiente e pratiche caratteristiche di sicurezza.<\/p>\n<p style=\"padding-left: 40px;\" data-start=\"5790\" data-end=\"5931\"><strong data-start=\"5790\" data-end=\"5848\">Q4: Quanto tempo ci vuole per caricare completamente il veicolo?<\/strong><br data-start=\"5848\" data-end=\"5851\" \/>Intervali di tempo di ricarica da <strong data-start=\"5877\" data-end=\"5895\">da 7 a 9,5 ore<\/strong>a seconda della capacit\u00e0 della batteria.<\/p>\n<p style=\"padding-left: 40px;\" data-start=\"5933\" data-end=\"6102\"><strong data-start=\"5933\" data-end=\"5992\">Q5: Questo modello pu\u00f2 essere personalizzato per diversi mercati?<\/strong><br data-start=\"5992\" data-end=\"5995\" \/>- S\u00ec. - S\u00ec. \u00c8 disponibile la personalizzazione OEM, incluse le regolazioni di configurazione, il branding e le opzioni funzionali.<\/p>","protected":false},"excerpt":{"rendered":"<p>Questo compatto veicolo elettrico urbano \u00e8 progettato per i pendolari urbani flessibili e i trasporti a breve distanza. Disponibile con pi\u00f9 opzioni di batterie, combina prestazioni elettriche efficienti, bassi costi operativi e pratiche caratteristiche di sicurezza, rendendolo una soluzione ideale per la mobilit\u00e0 urbana e i mercati di veicoli elettrici entry-level.<\/p>","protected":false},"featured_media":2055,"comment_status":"open","ping_status":"closed","template":"","meta":[],"product_brand":[],"product_cat":[77],"product_tag":[],"class_list":{"0":"post-2052","1":"product","2":"type-product","3":"status-publish","4":"has-post-thumbnail","6":"product_cat-electric-micro-vehicle","8":"first","9":"instock","10":"shipping-taxable","11":"product-type-simple"},"_links":{"self":[{"href":"https:\/\/www.tairuiauto.com\/it\/wp-json\/wp\/v2\/product\/2052","targetHints":{"allow":["GET"]}}],"collection":[{"href":"https:\/\/www.tairuiauto.com\/it\/wp-json\/wp\/v2\/product"}],"about":[{"href":"https:\/\/www.tairuiauto.com\/it\/wp-json\/wp\/v2\/types\/product"}],"replies":[{"embeddable":true,"href":"https:\/\/www.tairuiauto.com\/it\/wp-json\/wp\/v2\/comments?post=2052"}],"wp:featuredmedia":[{"embeddable":true,"href":"https:\/\/www.tairuiauto.com\/it\/wp-json\/wp\/v2\/media\/2055"}],"wp:attachment":[{"href":"https:\/\/www.tairuiauto.com\/it\/wp-json\/wp\/v2\/media?parent=2052"}],"wp:term":[{"taxonomy":"product_brand","embeddable":true,"href":"https:\/\/www.tairuiauto.com\/it\/wp-json\/wp\/v2\/product_brand?post=2052"},{"taxonomy":"product_cat","embeddable":true,"href":"https:\/\/www.tairuiauto.com\/it\/wp-json\/wp\/v2\/product_cat?post=2052"},{"taxonomy":"product_tag","embeddable":true,"href":"https:\/\/www.tairuiauto.com\/it\/wp-json\/wp\/v2\/product_tag?post=2052"}],"curies":[{"name":"WP","href":"https:\/\/api.w.org\/{rel}","templated":true}]}}