{"id":2654,"date":"2025-06-18T15:19:31","date_gmt":"2025-06-18T07:19:31","guid":{"rendered":"https:\/\/www.tairuiauto.com\/?post_type=product&#038;p=2654"},"modified":"2026-03-09T14:35:40","modified_gmt":"2026-03-09T06:35:40","slug":"a8p-electric-passenger-quadricycle","status":"publish","type":"product","link":"https:\/\/www.tairuiauto.com\/it\/product\/a8p-electric-passenger-quadricycle\/","title":{"rendered":"Mini veicolo elettrico completamente chiuso"},"content":{"rendered":"<p><strong>\u200b<span id=\"cke_bm_777S\">\u00a0<\/span>Elenco dei parametri<\/strong><\/p>\n<table class=\"table\" style=\"width: 76.0077%; height: 1102px;\" border=\"1\" cellspacing=\"1\" cellpadding=\"1\">\n<tbody>\n<tr style=\"height: 52px;\">\n<td style=\"width: 27.5367%; height: 52px;\">Modello<\/td>\n<td style=\"width: 67.3664%; height: 52px;\">Mini veicolo elettrico completamente chiuso<\/td>\n<\/tr>\n<tr style=\"height: 52px;\">\n<td style=\"width: 27.5367%; height: 52px;\">Dimensioni (mm)<\/td>\n<td style=\"width: 67.3664%; height: 52px;\">2545*1227*1610<\/td>\n<\/tr>\n<tr style=\"height: 52px;\">\n<td style=\"width: 27.5367%; height: 52px;\">Tipo di corpo<\/td>\n<td style=\"width: 67.3664%; height: 52px;\">corpo integrale<\/td>\n<\/tr>\n<tr style=\"height: 52px;\">\n<td style=\"width: 27.5367%; height: 52px;\">Struttura del corpo<\/td>\n<td style=\"width: 67.3664%; height: 52px;\">2 porte e 2 posti<\/td>\n<\/tr>\n<tr style=\"height: 52px;\">\n<td style=\"width: 27.5367%; height: 52px;\">motore<\/td>\n<td style=\"width: 67.3664%; height: 52px;\">60V3000W AC<\/td>\n<\/tr>\n<tr style=\"height: 52px;\">\n<td style=\"width: 27.5367%; height: 52px;\">Controllatore<\/td>\n<td style=\"width: 67.3664%; height: 52px;\">60V 24 tubi<\/td>\n<\/tr>\n<tr style=\"height: 52px;\">\n<td style=\"width: 27.5367%; height: 52px;\">Batteria (kwh)<\/td>\n<td style=\"width: 67.3664%; height: 52px;\">60V80AH<\/td>\n<\/tr>\n<tr style=\"height: 52px;\">\n<td style=\"width: 27.5367%; height: 52px;\">Tempo di carica (H)<\/td>\n<td style=\"width: 67.3664%; height: 52px;\">6-8 ore<\/td>\n<\/tr>\n<tr style=\"height: 52px;\">\n<td style=\"width: 27.5367%; height: 52px;\">Range per carica\/km<\/td>\n<td style=\"width: 67.3664%; height: 52px;\">\u226590<\/td>\n<\/tr>\n<tr style=\"height: 52px;\">\n<td style=\"width: 27.5367%; height: 52px;\">Sospensione anteriore<\/td>\n<td style=\"width: 67.3664%; height: 52px;\">Sospensione McPherson<\/td>\n<\/tr>\n<tr style=\"height: 52px;\">\n<td style=\"width: 27.5367%; height: 52px;\">Sospensione posteriore<\/td>\n<td style=\"width: 67.3664%; height: 52px;\">Sospensione drag-arm<\/td>\n<\/tr>\n<tr style=\"height: 52px;\">\n<td style=\"width: 27.5367%; height: 52px;\">Pneumatico anteriore\/posteriore<\/td>\n<td style=\"width: 67.3664%; height: 52px;\">135\/70R12<\/td>\n<\/tr>\n<tr style=\"height: 52px;\">\n<td style=\"width: 27.5367%; height: 52px;\">Bordo<\/td>\n<td style=\"width: 67.3664%; height: 52px;\">Hub in lega di alluminio<\/td>\n<\/tr>\n<tr style=\"height: 52px;\">\n<td style=\"width: 27.5367%; height: 52px;\">Sistema frenante<\/td>\n<td style=\"width: 67.3664%; height: 52px;\">anteriore\/posteriore: disco<\/td>\n<\/tr>\n<tr style=\"height: 52px;\">\n<td style=\"width: 27.5367%; height: 52px;\">Grado di arrampicata (%)<\/td>\n<td style=\"width: 67.3664%; height: 52px;\">\u226525<\/td>\n<\/tr>\n<tr style=\"height: 52px;\">\n<td style=\"width: 27.5367%; height: 52px;\">Velocit\u00e0 massima (km\/h)<\/td>\n<td style=\"width: 67.3664%; height: 52px;\">45 km\/h<\/td>\n<\/tr>\n<tr style=\"height: 52px;\">\n<td style=\"width: 27.5367%; height: 52px;\">Modalit\u00e0 sterzo<\/td>\n<td style=\"width: 67.3664%; height: 52px;\">Direzione<\/td>\n<\/tr>\n<tr style=\"height: 52px;\">\n<td style=\"width: 27.5367%; height: 52px;\">Certificato<\/td>\n<td style=\"width: 67.3664%; height: 52px;\">CEE\/COC\/L6e-BP<\/td>\n<\/tr>\n<tr style=\"height: 52px;\">\n<td style=\"width: 27.5367%; height: 52px;\">Capacit\u00e0 del contenitore<\/td>\n<td style=\"width: 67.3664%; height: 52px;\">9 PCS SKD\/40&#8217; Sede generale<\/td>\n<\/tr>\n<tr style=\"height: 52px;\">\n<td style=\"width: 27.5367%; height: 52px;\">Dispositivo funzione<\/td>\n<td style=\"width: 67.3664%; height: 52px;\">Luci LED \/ Avvio con un pulsante<\/td>\n<\/tr>\n<tr style=\"height: 52px;\">\n<td style=\"width: 27.5367%; height: 52px;\"><\/td>\n<td style=\"width: 67.3664%; height: 52px;\">Camera inversa\/riscaldatore\/finestra elettrica<\/td>\n<\/tr>\n<tr style=\"height: 10px;\">\n<td style=\"width: 27.5367%; height: 10px;\">Scenari di applicazione<\/td>\n<td style=\"width: 67.3664%; height: 10px;\">Viaggi urbani a breve distanza, pendolari nel parco, distribuzione di scene commerciali, viaggi in cattivo tempo, turismo suburbano e distribuzione logistica urbana dell'ultimo miglio<\/td>\n<\/tr>\n<\/tbody>\n<\/table>\n<div class=\"kche-wrap-width\">\n<div class=\"kche-t154\">\n<div class=\"kche-t154-contant\">\n<div class=\"kche-t154-list\">\n<div class=\"kche-t154-item\">\n<div class=\"kche-t154-img\">\n<div class=\"kche-t154-text-p\">\n<p>&nbsp;<\/p>\n<\/div>\n<\/div>\n<\/div>\n<\/div>\n<\/div>\n<\/div>\n<\/div>\n<ol start=\"1\">\n<li style=\"list-style-type: none;\">\n<ul>\n<li>\n<p class=\"ds-markdown-paragraph\">\n<\/li>\n<\/ul>\n<\/li>\n<\/ol>\n<p><span data-cke-copybin-end=\"1\">\u00a0 \u00a0 \u00a0 \u00a0 \u00a0 \u00a0 \u00a0 <img fetchpriority=\"high\" decoding=\"async\" class=\"alignnone size-medium wp-image-2684\" src=\"https:\/\/www.tairuiauto.com\/wp-content\/uploads\/2025\/06\/IMG_1471-300x200.jpg\" alt=\"\" width=\"300\" height=\"200\" srcset=\"\" sizes=\"(max-width: 300px) 100vw, 300px\" data-srcset=\"\" \/>\u00a0 \u00a0 \u00a0 \u00a0 \u00a0 \u00a0 \u00a0 \u00a0 \u00a0 \u00a0 \u00a0 \u00a0 \u00a0 \u00a0 \u00a0 \u00a0\u00a0\u00a0<img decoding=\"async\" class=\"alignnone size-medium wp-image-2683\" src=\"https:\/\/www.tairuiauto.com\/wp-content\/uploads\/2025\/06\/IMG_1466-300x200.jpg\" alt=\"\" width=\"300\" height=\"200\" srcset=\"\" sizes=\"(max-width: 300px) 100vw, 300px\" data-srcset=\"\" \/><\/span><\/p>\n<hr \/>\n<h3>Vantaggi di differenziazione<\/h3>\n<div class=\"markdown-table-wrapper\">\n<table style=\"width: 70.9699%;\">\n<thead>\n<tr>\n<th style=\"width: 20.028%;\"><strong>Caratteristiche<\/strong><\/th>\n<th style=\"width: 43.2508%;\"><strong>A8P Quadriciclo<\/strong><\/th>\n<th style=\"width: 48.1493%;\"><strong>Tipici Micro EV<\/strong><\/th>\n<\/tr>\n<\/thead>\n<tbody>\n<tr>\n<td style=\"width: 20.028%;\"><strong>Filosofia del design<\/strong><\/td>\n<td style=\"width: 43.2508%;\">Estetica personalizzabile incentrata sullo stile<\/td>\n<td style=\"width: 48.1493%;\">Aspetto utilitario generico<\/td>\n<\/tr>\n<tr>\n<td style=\"width: 20.028%;\"><strong>Sicurezza<\/strong><\/td>\n<td style=\"width: 43.2508%;\">Carrozzeria monocoque integrale certificata L6e-BP<\/td>\n<td style=\"width: 48.1493%;\">Costruzione basata su telaio, senza certificazione<\/td>\n<\/tr>\n<tr>\n<td style=\"width: 20.028%;\"><strong>Integrazione Tecnologica<\/strong><\/td>\n<td style=\"width: 43.2508%;\">Suite completa (telecamera\/riscaldamento\/finestre elettriche)<\/td>\n<td style=\"width: 48.1493%;\">Solo caratteristiche di base<\/td>\n<\/tr>\n<tr>\n<td style=\"width: 20.028%;\"><strong>Manevabilit\u00e0<\/strong><\/td>\n<td style=\"width: 43.2508%;\">Ultra-compatto (lunghezza 2,5 m) per spazi ristretti<\/td>\n<td style=\"width: 48.1493%;\">Progetti pi\u00f9 ingombranti (3m)<\/td>\n<\/tr>\n<tr>\n<td style=\"width: 20.028%;\"><strong>Uso commerciale<\/strong><\/td>\n<td style=\"width: 43.2508%;\">Alta densit\u00e0 del contenitore (9 unit\u00e0\/40'HQ)<\/td>\n<td style=\"width: 48.1493%;\">Efficienza di spedizione inferiore<\/td>\n<\/tr>\n<\/tbody>\n<\/table>\n<\/div>\n<blockquote>\n<p class=\"ds-markdown-paragraph\">\u2705\u00a0<strong>chiave Edge<\/strong>L\u2019unico veicolo della sua classe che unisce la personalizzazione di alta qualit\u00e0 con la certificazione di sicurezza L6e-BP e l\u2019imballaggio pronto per la logistica.<\/p>\n<p>&nbsp;<\/p><\/blockquote>\n<hr \/>\n<h3 data-start=\"2169\" data-end=\"2197\">Specifiche del prodotto<\/h3>\n<ul data-start=\"2198\" data-end=\"2746\">\n<li data-start=\"2198\" data-end=\"2216\">\n<p data-start=\"2200\" data-end=\"2216\"><strong data-start=\"2200\" data-end=\"2209\">Modello<\/strong>: A8P<\/p>\n<\/li>\n<li data-start=\"2217\" data-end=\"2253\">\n<p data-start=\"2219\" data-end=\"2253\"><strong data-start=\"2219\" data-end=\"2233\">Dimensioni<\/strong>: 2545<em data-start=\"2239\" data-end=\"2245\">1227<\/em>1610mm<\/p>\n<\/li>\n<li data-start=\"2254\" data-end=\"2286\">\n<p data-start=\"2256\" data-end=\"2286\"><strong data-start=\"2256\" data-end=\"2269\">Tipo di corpo<\/strong>: corpo integrale<\/p>\n<\/li>\n<li data-start=\"2287\" data-end=\"2322\">\n<p data-start=\"2289\" data-end=\"2322\"><strong data-start=\"2289\" data-end=\"2302\">Struttura<\/strong>2 porte, 2 posti a sedere<\/p>\n<\/li>\n<li data-start=\"2323\" data-end=\"2350\">\n<p data-start=\"2325\" data-end=\"2350\"><strong data-start=\"2325\" data-end=\"2334\">motore<\/strong>: 60V \/ 3000W AC<\/p>\n<\/li>\n<li data-start=\"2351\" data-end=\"2384\">\n<p data-start=\"2353\" data-end=\"2384\"><strong data-start=\"2353\" data-end=\"2367\">Controllatore<\/strong>60 V, 24 tubi<\/p>\n<\/li>\n<li data-start=\"2385\" data-end=\"2410\">\n<p data-start=\"2387\" data-end=\"2410\"><strong data-start=\"2387\" data-end=\"2398\">batteria<\/strong>: 60V \/ 80AH<\/p>\n<\/li>\n<li data-start=\"2411\" data-end=\"2443\">\n<p data-start=\"2413\" data-end=\"2443\"><strong data-start=\"2413\" data-end=\"2430\">Tempo di carica<\/strong>6-8 ore<\/p>\n<\/li>\n<li data-start=\"2444\" data-end=\"2475\">\n<p data-start=\"2446\" data-end=\"2475\"><strong data-start=\"2446\" data-end=\"2466\">Gamma per carica<\/strong>: \u226590 km<\/p>\n<\/li>\n<li data-start=\"2476\" data-end=\"2501\">\n<p data-start=\"2478\" data-end=\"2501\"><strong data-start=\"2478\" data-end=\"2491\">Velocit\u00e0 massima<\/strong>: 45 km\/h<\/p>\n<\/li>\n<li data-start=\"2502\" data-end=\"2537\">\n<p data-start=\"2504\" data-end=\"2537\"><strong data-start=\"2504\" data-end=\"2524\">Sospensione anteriore<\/strong>di McPherson<\/p>\n<\/li>\n<li data-start=\"2538\" data-end=\"2571\">\n<p data-start=\"2540\" data-end=\"2571\"><strong data-start=\"2540\" data-end=\"2559\">Sospensione posteriore<\/strong>: Braccio di trascinamento<\/p>\n<\/li>\n<li data-start=\"2572\" data-end=\"2596\">\n<p data-start=\"2574\" data-end=\"2596\"><strong data-start=\"2574\" data-end=\"2583\">pneumatici<\/strong>Numero: 135\/70R12<\/p>\n<\/li>\n<li data-start=\"2597\" data-end=\"2628\">\n<p data-start=\"2599\" data-end=\"2628\"><strong data-start=\"2599\" data-end=\"2606\">Bordo<\/strong>: Noddo in lega di alluminio<\/p>\n<\/li>\n<li data-start=\"2629\" data-end=\"2675\">\n<p data-start=\"2631\" data-end=\"2675\"><strong data-start=\"2631\" data-end=\"2647\">Sistema freno<\/strong>Freni a disco (anteriore\/posteriore)<\/p>\n<\/li>\n<li data-start=\"2676\" data-end=\"2706\">\n<p data-start=\"2678\" data-end=\"2706\"><strong data-start=\"2678\" data-end=\"2698\">Capacit\u00e0 di arrampicata<\/strong>: \u226525%<\/p>\n<\/li>\n<li data-start=\"2707\" data-end=\"2746\">\n<p data-start=\"2709\" data-end=\"2746\"><strong data-start=\"2709\" data-end=\"2724\">Certificato<\/strong>: CEE \/ COC \/ L6e-BP<\/p>\n<\/li>\n<\/ul>\n<h3 data-start=\"2748\" data-end=\"2762\">Materiale<\/h3>\n<p data-start=\"2763\" data-end=\"2851\">Telaio in acciaio di alta qualit\u00e0, ruote in lega di alluminio, shell resistente per l'uso a lungo termine.<\/p>\n<h3 data-start=\"2853\" data-end=\"2869\">Aspetto<\/h3>\n<p data-start=\"2870\" data-end=\"2964\">Design compatto e semplificato con linee lisce, moderni fari LED e finitura elegante del corpo.<\/p>\n<h3 data-start=\"2966\" data-end=\"2978\">Progettazione<\/h3>\n<p data-start=\"2979\" data-end=\"3104\">Cabina facile da usare con comodi posti a sedere, telecamera posteriore, avvio a un pulsante e sistema di riscaldamento per la guida in tutte le condizioni meteorologiche.<\/p>\n<h3 data-start=\"3106\" data-end=\"3129\">Customizzazione OEM<\/h3>\n<p data-start=\"3130\" data-end=\"3220\">Colori personalizzati, branding aziendale e interni personalizzati disponibili per ordini in massa.<\/p>\n<h3 data-start=\"3222\" data-end=\"3243\">Controllo qualit\u00e0<\/h3>\n<p data-start=\"3244\" data-end=\"3367\">Ogni unit\u00e0 \u00e8 sottoposta a pi\u00f9 test di sicurezza, valutazione delle prestazioni e ispezione elettrica per garantire la conformit\u00e0 globale.<\/p>\n<h3 data-start=\"3369\" data-end=\"3394\">Servizio post-vendita<\/h3>\n<ul data-start=\"3395\" data-end=\"3518\">\n<li data-start=\"3395\" data-end=\"3414\">\n<p data-start=\"3397\" data-end=\"3414\">Garanzia di 1 anno<\/p>\n<\/li>\n<li data-start=\"3415\" data-end=\"3438\">\n<p data-start=\"3417\" data-end=\"3438\">Supporto pezzi di ricambio<\/p>\n<\/li>\n<li data-start=\"3439\" data-end=\"3478\">\n<p data-start=\"3441\" data-end=\"3478\">Servizio tecnico per i clienti della flotta<\/p>\n<\/li>\n<li data-start=\"3479\" data-end=\"3518\">\n<p data-start=\"3481\" data-end=\"3518\">Guida all'installazione e al funzionamento<\/p>\n<\/li>\n<\/ul>\n<h3 data-start=\"3520\" data-end=\"3544\">Campi di applicazione<\/h3>\n<ul data-start=\"3545\" data-end=\"3667\">\n<li data-start=\"3545\" data-end=\"3571\">\n<p data-start=\"3547\" data-end=\"3571\">Viaggi familiari urbani<\/p>\n<\/li>\n<li data-start=\"3572\" data-end=\"3606\">\n<p data-start=\"3574\" data-end=\"3606\">Viaggi passeggeri a breve distanza<\/p>\n<\/li>\n<li data-start=\"3607\" data-end=\"3632\">\n<p data-start=\"3609\" data-end=\"3632\">Navette turistiche della citt\u00e0<\/p>\n<\/li>\n<li data-start=\"3633\" data-end=\"3667\">\n<p data-start=\"3635\" data-end=\"3667\">Trasporto personale aziendale<\/p>\n<\/li>\n<\/ul>\n<h3 data-start=\"3669\" data-end=\"3690\">Metodi di pagamento<\/h3>\n<p data-start=\"3691\" data-end=\"3754\">Supporto <strong data-start=\"3700\" data-end=\"3751\">T\/T, L\/C, Western Union e termini di commercio globale<\/strong>.<\/p>\n<hr \/>\n<h3>F&amp; Q<\/h3>\n<ol start=\"1\">\n<li>\n<p class=\"ds-markdown-paragraph\"><strong>D: Come si raggiunge raggio di 90 km con una batteria pi\u00f9 piccola?<\/strong><br \/>\n\u2192  R: La costruzione monocoque leggera riduce lo scarico energetico, mentre la frenata rigenerativa ottimizza l'efficienza.<\/p>\n<\/li>\n<li>\n<p class=\"ds-markdown-paragraph\"><strong>D: \u00e8 adatto per l'uso della consegna commerciale?<\/strong><br \/>\n\u2192  A: Assolutamente! Dimensioni compatte 90 km range 9 unit\u00e0\/container lo rendono ideale per la logistica last mile.<\/p>\n<\/li>\n<li>\n<p class=\"ds-markdown-paragraph\"><strong>D: Pu\u00f2 gestire colline ripide?<\/strong><br \/>\n\u2192  R: S\u00ec, il motore da 3000W affronta gradienti del 25% (equivalente a una pendenza 1:4).<\/p>\n<\/li>\n<li>\n<p class=\"ds-markdown-paragraph\"><strong>D: Qual \u00e8 il vantaggio del corpo integrale?<\/strong><br \/>\n\u2192  R: Migliorata sicurezza contro gli urti attraverso una distribuzione uniforme della forza, a differenza dei concorrenti a bulloni.<\/p>\n<\/li>\n<li>\n<p class=\"ds-markdown-paragraph\"><strong>D: Quanto \u00e8 resistente alle intemperie?<\/strong><br \/>\n\u2192  A: La sospensione dei freni a disco del riscaldatore garantisce un funzionamento affidabile in pioggia \/ neve.<\/p>\n<ol start=\"1\">\n<li>\n<p class=\"ds-markdown-paragraph\"><strong>D: Perch\u00e9 scegliere questo su uno scooter?<\/strong><br \/>\n\u2192  R: Cabina chiusa, certificazione di sicurezza e caratteristiche simili all'auto (vetri elettrici \/ telecamera) per il comfort in tutte le stagioni.<\/p>\n<\/li>\n<\/ol>\n<\/li>\n<li>\n<hr \/>\n<blockquote>\n<p class=\"ds-markdown-paragraph\"><strong>Riassunto<\/strong>L\u2019A8P \u00e8 l\u2019ultimo modello urbano che unisce agilit\u00e0 pari a quella di uno scooter con comfort e stile ineguagliabili. Che si tratti di consegne in boutique, viaggi piovosi o avventure urbane personalizzate, ridefinisce la mobilit\u00e0 elettrica compatta.<\/p>\n<\/blockquote>\n<\/li>\n<\/ol>","protected":false},"excerpt":{"rendered":"<p>Il\u00a0<strong>Quadriciclo elettrico passeggero A8P<\/strong>\u00a0reimagina la mobilit\u00e0 urbana con la sua miscela di agilit\u00e0 compatta, stile e caratteristiche avanzate. Progettato per viaggiatori soli o coppie, questo veicolo a 2 porte e 2 posti dispone di un motore AC da 60V3000W per una navigazione urbana con zip a 45 km\/h e un raggio affidabile di \u226590 km. La carrozzeria monocoque (2545*1227*1610 mm) garantisce un parcheggio facile garantendo al contempo la sicurezza certificata (CEE\/COC\/L6e-BP). Ideale per la logistica urbana, i pendolari in giorni piovosi o i tour suburbani panoramici, l'A8P combina caratteristiche intelligenti come una fotocamera retrovisore, riscaldamento e finestre elettriche con un'estetica che gira la testa.<\/p>","protected":false},"featured_media":2675,"comment_status":"open","ping_status":"closed","template":"","meta":[],"product_brand":[],"product_cat":[77],"product_tag":[],"class_list":{"0":"post-2654","1":"product","2":"type-product","3":"status-publish","4":"has-post-thumbnail","6":"product_cat-electric-micro-vehicle","8":"first","9":"instock","10":"shipping-taxable","11":"product-type-simple"},"_links":{"self":[{"href":"https:\/\/www.tairuiauto.com\/it\/wp-json\/wp\/v2\/product\/2654","targetHints":{"allow":["GET"]}}],"collection":[{"href":"https:\/\/www.tairuiauto.com\/it\/wp-json\/wp\/v2\/product"}],"about":[{"href":"https:\/\/www.tairuiauto.com\/it\/wp-json\/wp\/v2\/types\/product"}],"replies":[{"embeddable":true,"href":"https:\/\/www.tairuiauto.com\/it\/wp-json\/wp\/v2\/comments?post=2654"}],"wp:featuredmedia":[{"embeddable":true,"href":"https:\/\/www.tairuiauto.com\/it\/wp-json\/wp\/v2\/media\/2675"}],"wp:attachment":[{"href":"https:\/\/www.tairuiauto.com\/it\/wp-json\/wp\/v2\/media?parent=2654"}],"wp:term":[{"taxonomy":"product_brand","embeddable":true,"href":"https:\/\/www.tairuiauto.com\/it\/wp-json\/wp\/v2\/product_brand?post=2654"},{"taxonomy":"product_cat","embeddable":true,"href":"https:\/\/www.tairuiauto.com\/it\/wp-json\/wp\/v2\/product_cat?post=2654"},{"taxonomy":"product_tag","embeddable":true,"href":"https:\/\/www.tairuiauto.com\/it\/wp-json\/wp\/v2\/product_tag?post=2654"}],"curies":[{"name":"WP","href":"https:\/\/api.w.org\/{rel}","templated":true}]}}