{"id":2712,"date":"2026-01-13T10:08:49","date_gmt":"2026-01-13T02:08:49","guid":{"rendered":"https:\/\/www.tairuiauto.com\/?post_type=product&#038;p=2712"},"modified":"2026-01-27T10:35:04","modified_gmt":"2026-01-27T02:35:04","slug":"v300-electric-passenger-quadricycle","status":"publish","type":"product","link":"https:\/\/www.tairuiauto.com\/it\/product\/v300-electric-passenger-quadricycle\/","title":{"rendered":"Veicolo elettrico compatto Mobilit\u00e0 urbana"},"content":{"rendered":"<h3 style=\"padding-left: 40px;\">Introduzione del prodotto<\/h3>\n<p style=\"padding-left: 40px;\">Il <strong data-start=\"492\" data-end=\"535\">Veicolo elettrico compatto Mobilit\u00e0 urbana<\/strong> \u00e8 progettato per un uso efficiente in citt\u00e0, combinando un'impronta compatta con comodi posti a sedere e funzioni di guida elettriche essenziali. \u00c8 ideale per i quartieri urbani, i viaggi a breve distanza e le esigenze di mobilit\u00e0 basate sulla comunit\u00e0.<\/p>\n<table class=\"table\" style=\"width: 72.0544%; margin-left: 40px;\" border=\"1\" cellspacing=\"1\" cellpadding=\"1\">\n<tbody style=\"padding-left: 40px;\">\n<tr style=\"padding-left: 40px;\">\n<td style=\"width: 34.2932%; padding-left: 40px;\">Modello<\/td>\n<td style=\"width: 69.6719%; padding-left: 40px;\">Veicolo elettrico compatto Mobilit\u00e0 urbana<\/td>\n<\/tr>\n<tr style=\"padding-left: 40px;\">\n<td style=\"width: 34.2932%; padding-left: 40px;\">Dimensioni (mm)<\/td>\n<td style=\"width: 69.6719%; padding-left: 40px;\">3100*1510*1550<\/td>\n<\/tr>\n<tr style=\"padding-left: 40px;\">\n<td style=\"width: 34.2932%; padding-left: 40px;\">Tipo di corpo<\/td>\n<td style=\"width: 69.6719%; padding-left: 40px;\">corpo semi-integrale<\/td>\n<\/tr>\n<tr style=\"padding-left: 40px;\">\n<td style=\"width: 34.2932%; padding-left: 40px;\">Struttura del corpo<\/td>\n<td style=\"width: 69.6719%; padding-left: 40px;\">4 porte e 4 posti<\/td>\n<\/tr>\n<tr style=\"padding-left: 40px;\">\n<td style=\"width: 34.2932%; padding-left: 40px;\">motore<\/td>\n<td style=\"width: 69.6719%; padding-left: 40px;\">60V3000W AC<\/td>\n<\/tr>\n<tr style=\"padding-left: 40px;\">\n<td style=\"width: 34.2932%; padding-left: 40px;\">Controllatore<\/td>\n<td style=\"width: 69.6719%; padding-left: 40px;\">60V24tubi<\/td>\n<\/tr>\n<tr style=\"padding-left: 40px;\">\n<td style=\"width: 34.2932%; padding-left: 40px;\">Batteria (kwh)<\/td>\n<td style=\"width: 69.6719%; padding-left: 40px;\">60V100AH<\/td>\n<\/tr>\n<tr style=\"padding-left: 40px;\">\n<td style=\"width: 34.2932%; padding-left: 40px;\">Tempo di carica (H)<\/td>\n<td style=\"width: 69.6719%; padding-left: 40px;\">6-8 ore<\/td>\n<\/tr>\n<tr style=\"padding-left: 40px;\">\n<td style=\"width: 34.2932%; padding-left: 40px;\">Range per carica\/km<\/td>\n<td style=\"width: 69.6719%; padding-left: 40px;\">\u226580<\/td>\n<\/tr>\n<tr style=\"padding-left: 40px;\">\n<td style=\"width: 34.2932%; padding-left: 40px;\">Sospensione anteriore<\/td>\n<td style=\"width: 69.6719%; padding-left: 40px;\">Sospensione integrata del ponte<\/td>\n<\/tr>\n<tr style=\"padding-left: 40px;\">\n<td style=\"width: 34.2932%; padding-left: 40px;\">Sospensione posteriore<\/td>\n<td style=\"width: 69.6719%; padding-left: 40px;\">Sospensione drag-arm<\/td>\n<\/tr>\n<tr style=\"padding-left: 40px;\">\n<td style=\"width: 34.2932%; padding-left: 40px;\">Pneumatico anteriore\/posteriore<\/td>\n<td style=\"width: 69.6719%; padding-left: 40px;\">145\/70R12<\/td>\n<\/tr>\n<tr style=\"padding-left: 40px;\">\n<td style=\"width: 34.2932%; padding-left: 40px;\">Bordo<\/td>\n<td style=\"width: 69.6719%; padding-left: 40px;\">Alumimum Alloy Hub<\/td>\n<\/tr>\n<tr style=\"padding-left: 40px;\">\n<td style=\"width: 34.2932%; padding-left: 40px;\">Sistema frenante<\/td>\n<td style=\"width: 69.6719%; padding-left: 40px;\">anteriore\/posteriore.disc<\/td>\n<\/tr>\n<tr style=\"padding-left: 40px;\">\n<td style=\"width: 34.2932%; padding-left: 40px;\">Grado di Clhmbing (%)<\/td>\n<td style=\"width: 69.6719%; padding-left: 40px;\">\u226525<\/td>\n<\/tr>\n<tr style=\"padding-left: 40px;\">\n<td style=\"width: 34.2932%; padding-left: 40px;\">Velocit\u00e0 massima (km\/h)<\/td>\n<td style=\"width: 69.6719%; padding-left: 40px;\">45 km\/h<\/td>\n<\/tr>\n<tr style=\"padding-left: 40px;\">\n<td style=\"width: 34.2932%; padding-left: 40px;\">Modalit\u00e0 sterzo<\/td>\n<td style=\"width: 69.6719%; padding-left: 40px;\">Direzione<\/td>\n<\/tr>\n<tr style=\"padding-left: 40px;\">\n<td style=\"width: 34.2932%; padding-left: 40px;\">Capacit\u00e0 del contenitore<\/td>\n<td style=\"width: 69.6719%; padding-left: 40px;\">5PCS SKD\/40&#8217; Sede generale<\/td>\n<\/tr>\n<tr style=\"padding-left: 40px;\">\n<td style=\"width: 34.2932%; padding-left: 40px;\">Certificato<\/td>\n<td style=\"width: 69.6719%; padding-left: 40px;\">CCC<\/td>\n<\/tr>\n<tr style=\"padding-left: 40px;\">\n<td style=\"width: 34.2932%; padding-left: 40px;\">Dispositivo funzione<\/td>\n<td style=\"width: 69.6719%; padding-left: 40px;\">Un pulsante di avvio luci LED<\/td>\n<\/tr>\n<tr style=\"padding-left: 40px;\">\n<td style=\"width: 34.2932%; padding-left: 40px;\"><\/td>\n<td style=\"width: 69.6719%; padding-left: 40px;\">Camera inversa\/riscaldatore\/finestra elettrica<\/td>\n<\/tr>\n<tr style=\"padding-left: 40px;\">\n<td style=\"width: 34.2932%; padding-left: 40px;\">Scenari di applicazione<\/td>\n<td style=\"width: 69.6719%; padding-left: 40px;\">Viaggi leggeri per famiglie, trasporto per anziani, navetta per famiglie, e-commerce rurale, ritiro e consegna medica<\/td>\n<\/tr>\n<\/tbody>\n<\/table>\n<div class=\"kche-wrap-width\" style=\"padding-left: 40px;\">\n<div class=\"kche-t154\" style=\"padding-left: 40px;\">\n<div class=\"kche-t154-contant\" style=\"padding-left: 40px;\">\n<div class=\"kche-t154-list\" style=\"padding-left: 40px;\">\n<div class=\"kche-t154-item\" style=\"padding-left: 40px;\">\n<div class=\"kche-t154-img\" style=\"padding-left: 40px;\"><\/div>\n<\/div>\n<\/div>\n<\/div>\n<\/div>\n<\/div>\n<h2 style=\"padding-left: 40px;\" data-start=\"770\" data-end=\"792\">Descrizione del prodotto<\/h2>\n<h3 style=\"padding-left: 40px;\" data-start=\"794\" data-end=\"816\">Categoria di prodotto<\/h3>\n<p style=\"padding-left: 40px;\" data-start=\"817\" data-end=\"901\">Auto elettrica compatta\/veicolo elettrico urbano\/veicolo passeggeri elettrico a bassa velocit\u00e0<\/p>\n<h3 style=\"padding-left: 40px;\" data-start=\"903\" data-end=\"928\">Descrizione del prodotto<\/h3>\n<p style=\"padding-left: 40px;\" data-start=\"930\" data-end=\"1253\">Il <strong data-start=\"934\" data-end=\"977\">Veicolo elettrico compatto Mobilit\u00e0 urbana<\/strong> \u00e8 progettato per soddisfare la crescente domanda di trasporti urbani economici ed ecologici. Con dimensioni complessive di <strong data-start=\"1098\" data-end=\"1123\">3100 \u00d7 1510 \u00d7 1550 mm<\/strong>Il veicolo offre ottima manovrabilit\u00e0 in strade strette e zone residenziali affollate mantenendo al contempo il comfort interno.<\/p>\n<p style=\"padding-left: 40px;\" data-start=\"1255\" data-end=\"1567\">Il veicolo adotta una <strong data-start=\"1276\" data-end=\"1308\">struttura del corpo semi-integrale<\/strong> con <strong data-start=\"1314\" data-end=\"1343\">quattro porte e quattro posti<\/strong>che fornisce un accesso conveniente per i passeggeri e una migliore usabilit\u00e0 giornaliera. L'energia viene fornita da un <strong data-start=\"1441\" data-end=\"1463\">Motore AC 60V 3000W<\/strong>accoppiato con un <strong data-start=\"1479\" data-end=\"1511\">Controller 60V con 24 tubi<\/strong>, assicurando una produzione stabile e prestazioni di guida fluide.<\/p>\n<p style=\"padding-left: 40px;\" data-start=\"1255\" data-end=\"1567\"><img fetchpriority=\"high\" decoding=\"async\" class=\"alignnone size-medium wp-image-2726\" src=\"https:\/\/www.tairuiauto.com\/wp-content\/uploads\/2025\/06\/6-300x200.jpg\" alt=\"\" width=\"300\" height=\"200\" srcset=\"\" sizes=\"(max-width: 300px) 100vw, 300px\" data-srcset=\"\" \/>\u00a0 \u00a0 \u00a0 \u00a0 \u00a0 \u00a0 \u00a0 \u00a0\u00a0 \u00a0\u00a0<img decoding=\"async\" class=\"alignnone size-medium wp-image-2719\" src=\"https:\/\/www.tairuiauto.com\/wp-content\/uploads\/2025\/06\/MG_9785-300x200.jpg\" alt=\"\" width=\"300\" height=\"200\" srcset=\"\" sizes=\"(max-width: 300px) 100vw, 300px\" data-srcset=\"\" \/><\/p>\n<p style=\"padding-left: 40px;\" data-start=\"1569\" data-end=\"1850\">Lo stoccaggio di energia \u00e8 fornito da un <strong data-start=\"1601\" data-end=\"1629\">Sistema di batteria 60V 100Ah<\/strong>sostenendo a <strong data-start=\"1644\" data-end=\"1690\">autonomia di guida di almeno 80 km per carica<\/strong>che \u00e8 sufficiente per i pendolari quotidiani, i viaggi in famiglia e le operazioni di servizio locale. Il <strong data-start=\"1782\" data-end=\"1812\">Tempo di ricarica di 6-8 ore<\/strong> consente una conveniente ricarica durante la notte.<\/p>\n<p style=\"padding-left: 40px;\" data-start=\"1852\" data-end=\"2153\">Per la stabilit\u00e0 e la durata della guida, il veicolo dispone di un <strong data-start=\"1911\" data-end=\"1949\">sospensione anteriore integrata del ponte<\/strong> e <strong data-start=\"1954\" data-end=\"1982\">sospensione posteriore drag-arm<\/strong>Offrendo prestazioni affidabili su strade urbane e superfici rurali leggere. Il sistema frenante adotta <strong data-start=\"2083\" data-end=\"2113\">freni a disco anteriori e posteriori<\/strong>Migliorare la sicurezza e la risposta frenante.<\/p>\n<p style=\"padding-left: 40px;\" data-start=\"2155\" data-end=\"2416\">Il veicolo \u00e8 dotato di <strong data-start=\"2184\" data-end=\"2203\">Pneumatici 145\/70R12<\/strong> e <strong data-start=\"2208\" data-end=\"2231\">hub in lega di alluminio<\/strong>, migliorando la durata e la stabilit\u00e0 di guida. Con un <strong data-start=\"2284\" data-end=\"2320\">capacit\u00e0 massima di arrampicata di \u226525%<\/strong> e una <strong data-start=\"2327\" data-end=\"2351\">velocit\u00e0 massima di 45 km\/h<\/strong>pu\u00f2 gestire facilmente rampe, pendenze e varie condizioni stradali.<\/p>\n<p style=\"padding-left: 40px;\" data-start=\"2418\" data-end=\"2610\">Le caratteristiche orientate all'utente includono <strong data-start=\"2449\" data-end=\"2469\">avvio a un pulsante<\/strong>, <strong data-start=\"2471\" data-end=\"2494\">Sistema di illuminazione LED<\/strong>, <strong data-start=\"2496\" data-end=\"2514\">fotocamera inversa<\/strong>, <strong data-start=\"2516\" data-end=\"2526\">riscaldatore<\/strong>e <strong data-start=\"2532\" data-end=\"2552\">finestre elettriche<\/strong>, migliorando il comfort e la comodit\u00e0 di guida per l'uso quotidiano.<\/p>\n<hr style=\"padding-left: 40px;\" data-start=\"2612\" data-end=\"2615\" \/>\n<h2 style=\"padding-left: 40px;\" data-start=\"2617\" data-end=\"2645\">Caratteristiche principali &amp; Vantaggi<\/h2>\n<h3 style=\"padding-left: 40px;\" data-start=\"2647\" data-end=\"2661\">Caratteristiche<\/h3>\n<ul>\n<li style=\"list-style-type: none;\">\n<ul data-start=\"2662\" data-end=\"2856\">\n<li data-start=\"2662\" data-end=\"2704\">\n<p data-start=\"2664\" data-end=\"2704\">Carrozzeria elettrica compatta a quattro porte<\/p>\n<\/li>\n<li data-start=\"2705\" data-end=\"2748\">\n<p data-start=\"2707\" data-end=\"2748\">Motore AC 60V e controller intelligente<\/p>\n<\/li>\n<li data-start=\"2749\" data-end=\"2787\">\n<p data-start=\"2751\" data-end=\"2787\">Sistema frenante a disco anteriore e posteriore<\/p>\n<\/li>\n<li data-start=\"2788\" data-end=\"2813\">\n<p data-start=\"2790\" data-end=\"2813\">Ruote in lega di alluminio<\/p>\n<\/li>\n<li data-start=\"2814\" data-end=\"2856\">\n<p data-start=\"2816\" data-end=\"2856\">Funzioni pratiche di comfort e sicurezza<\/p>\n<\/li>\n<\/ul>\n<\/li>\n<\/ul>\n<h3 style=\"padding-left: 40px;\" data-start=\"2858\" data-end=\"2874\">Vantaggi<\/h3>\n<ul>\n<li style=\"list-style-type: none;\">\n<ul data-start=\"2875\" data-end=\"3067\">\n<li data-start=\"2875\" data-end=\"2921\">\n<p data-start=\"2877\" data-end=\"2921\">Facilit\u00e0 di funzionamento per uso urbano e comunitario<\/p>\n<\/li>\n<li data-start=\"2922\" data-end=\"2969\">\n<p data-start=\"2924\" data-end=\"2969\">Basso consumo energetico e costi di manutenzione<\/p>\n<\/li>\n<li data-start=\"2970\" data-end=\"3020\">\n<p data-start=\"2972\" data-end=\"3020\">Dimensioni compatte con capacit\u00e0 pratica<\/p>\n<\/li>\n<li data-start=\"3021\" data-end=\"3067\">\n<p data-start=\"3023\" data-end=\"3067\">Prestazioni stabili su strade urbane e rurali<\/p>\n<\/li>\n<\/ul>\n<\/li>\n<\/ul>\n<h3 style=\"padding-left: 40px;\" data-start=\"3069\" data-end=\"3089\">Vantaggi per l'acquirente<\/h3>\n<ul>\n<li style=\"list-style-type: none;\">\n<ul data-start=\"3090\" data-end=\"3264\">\n<li data-start=\"3090\" data-end=\"3128\">\n<p data-start=\"3092\" data-end=\"3128\">Riduzione dei costi di trasporto giornalieri<\/p>\n<\/li>\n<li data-start=\"3129\" data-end=\"3164\">\n<p data-start=\"3131\" data-end=\"3164\">Carica e manutenzione semplici<\/p>\n<\/li>\n<li data-start=\"3165\" data-end=\"3211\">\n<p data-start=\"3167\" data-end=\"3211\">Viaggi comodi e sicuri a breve distanza<\/p>\n<\/li>\n<li data-start=\"3212\" data-end=\"3264\">\n<p data-start=\"3214\" data-end=\"3264\">Adatto alle esigenze di mobilit\u00e0 familiare e comunitaria<\/p>\n<\/li>\n<\/ul>\n<\/li>\n<\/ul>\n<h3 style=\"padding-left: 40px;\" data-start=\"3266\" data-end=\"3280\">Prova<\/h3>\n<ul>\n<li style=\"list-style-type: none;\">\n<ul data-start=\"3281\" data-end=\"3421\">\n<li data-start=\"3281\" data-end=\"3329\">\n<p data-start=\"3283\" data-end=\"3329\">Configurazione provata del motore e del controller AC<\/p>\n<\/li>\n<li data-start=\"3330\" data-end=\"3372\">\n<p data-start=\"3332\" data-end=\"3372\">Sistema di sospensione e frenatura affidabile<\/p>\n<\/li>\n<li data-start=\"3373\" data-end=\"3421\">\n<p data-start=\"3375\" data-end=\"3421\">Attrezzature pratiche e funzionali per l'uso quotidiano<\/p>\n<\/li>\n<\/ul>\n<\/li>\n<\/ul>\n<hr style=\"padding-left: 40px;\" data-start=\"3423\" data-end=\"3426\" \/>\n<h2 style=\"padding-left: 40px;\" data-start=\"3428\" data-end=\"3452\">Scenari di applicazione<\/h2>\n<ul>\n<li style=\"list-style-type: none;\">\n<ul data-start=\"3454\" data-end=\"3670\">\n<li data-start=\"3454\" data-end=\"3488\">\n<p data-start=\"3456\" data-end=\"3488\">Trasferimenti urbani a breve distanza<\/p>\n<\/li>\n<li data-start=\"3489\" data-end=\"3520\">\n<p data-start=\"3491\" data-end=\"3520\">Trasporto giornaliero per famiglie<\/p>\n<\/li>\n<li data-start=\"3521\" data-end=\"3571\">\n<p data-start=\"3523\" data-end=\"3571\">Mobilit\u00e0 per anziani e servizio navetta comunitario<\/p>\n<\/li>\n<li data-start=\"3572\" data-end=\"3609\">\n<p data-start=\"3574\" data-end=\"3609\">Homestay e trasferimento degli ospiti dell'hotel<\/p>\n<\/li>\n<li data-start=\"3610\" data-end=\"3670\">\n<p data-start=\"3612\" data-end=\"3670\">Commercio elettronico rurale e ritiro medico servizi di drop-off<\/p>\n<\/li>\n<\/ul>\n<\/li>\n<\/ul>\n<hr style=\"padding-left: 40px;\" data-start=\"3672\" data-end=\"3675\" \/>\n<h2 style=\"padding-left: 40px;\" data-start=\"3677\" data-end=\"3720\">Perch\u00e9 scegliere questo veicolo elettrico compatto<\/h2>\n<p style=\"padding-left: 40px;\" data-start=\"3722\" data-end=\"4006\">Il <strong data-start=\"3726\" data-end=\"3769\">Veicolo elettrico compatto Mobilit\u00e0 urbana<\/strong> offre un equilibrio ideale tra dimensioni, efficienza e praticit\u00e0. Il suo design compatto, il suo sistema elettrico affidabile e le sue caratteristiche di facile utilizzo lo rendono una scelta conveniente per viaggi urbani, uso familiare e progetti di trasporto comunitario.<\/p>\n<hr style=\"padding-left: 40px;\" data-start=\"4008\" data-end=\"4011\" \/>\n<h2 style=\"padding-left: 40px;\" data-start=\"4013\" data-end=\"4041\">Imballaggio &amp; Certificazione<\/h2>\n<ul>\n<li style=\"list-style-type: none;\">\n<ul data-start=\"4043\" data-end=\"4127\">\n<li data-start=\"4043\" data-end=\"4100\">\n<p data-start=\"4045\" data-end=\"4100\"><strong data-start=\"4045\" data-end=\"4076\">Capacit\u00e0 di carico del contenitore:<\/strong> 5 unit\u00e0 (SKD) \/ 40'HQ<\/p>\n<\/li>\n<li data-start=\"4101\" data-end=\"4127\">\n<p data-start=\"4103\" data-end=\"4127\"><strong data-start=\"4103\" data-end=\"4121\">Certificazione:<\/strong> CCC<\/p>\n<\/li>\n<\/ul>\n<\/li>\n<\/ul>\n<hr style=\"padding-left: 40px;\" data-start=\"4129\" data-end=\"4132\" \/>\n<h2 style=\"padding-left: 40px;\" data-start=\"4134\" data-end=\"4140\">Domande frequenti<\/h2>\n<p style=\"padding-left: 40px;\" data-start=\"4142\" data-end=\"4286\"><strong data-start=\"4142\" data-end=\"4192\">Q1: Qual \u00e8 la portata di questo veicolo?<\/strong><br data-start=\"4192\" data-end=\"4195\" \/>Il veicolo offre una gamma di <strong data-start=\"4225\" data-end=\"4246\">\u226580 km per carica<\/strong>a seconda delle condizioni stradali e del carico.<\/p>\n<p style=\"padding-left: 40px;\" data-start=\"4288\" data-end=\"4410\"><strong data-start=\"4288\" data-end=\"4328\">Q2: Quanto tempo ci vuole per caricare?<\/strong><br data-start=\"4328\" data-end=\"4331\" \/>Il tempo di ricarica \u00e8 di circa <strong data-start=\"4362\" data-end=\"4375\">6-8 ore<\/strong> utilizzando attrezzature di ricarica standard.<\/p>\n<p style=\"padding-left: 40px;\" data-start=\"4412\" data-end=\"4566\"><strong data-start=\"4412\" data-end=\"4462\">Q3: Il veicolo \u00e8 adatto per gli utenti anziani?<\/strong><br data-start=\"4462\" data-end=\"4465\" \/>- S\u00ec. - S\u00ec. La sua bassa velocit\u00e0, facile funzionamento e caratteristiche di comfort lo rendono adatto per il trasporto degli anziani.<\/p>\n<p style=\"padding-left: 40px;\" data-start=\"4568\" data-end=\"4682\"><strong data-start=\"4568\" data-end=\"4608\">Q4: Che sistema frenante utilizza?<\/strong><br data-start=\"4608\" data-end=\"4611\" \/>\u00c8 dotato di <strong data-start=\"4631\" data-end=\"4661\">freni a disco anteriori e posteriori<\/strong> per una migliore sicurezza.<\/p>\n<p style=\"padding-left: 40px;\" data-start=\"4684\" data-end=\"4856\"><strong data-start=\"4684\" data-end=\"4752\">Q5: Questo modello pu\u00f2 essere utilizzato per servizi commerciali o comunitari?<\/strong><br data-start=\"4752\" data-end=\"4755\" \/>- S\u00ec. - S\u00ec. \u00c8 adatto per le navette comunitarie, i servizi rurali e le operazioni commerciali a breve distanza.<\/p>\n<p style=\"padding-left: 40px;\">","protected":false},"excerpt":{"rendered":"<p>La Compact Electric Vehicle Urban Mobility \u00e8 una pratica auto elettrica a quattro porte progettata per viaggi in citt\u00e0 a breve distanza. Con una carrozzeria compatta, un efficiente sistema di motore AC e caratteristiche user-friendly, offre una soluzione affidabile ed economica per i pendolari urbani quotidiani e i trasporti comunitari.<\/p>","protected":false},"featured_media":5332,"comment_status":"open","ping_status":"closed","template":"","meta":[],"product_brand":[],"product_cat":[77],"product_tag":[],"class_list":{"0":"post-2712","1":"product","2":"type-product","3":"status-publish","4":"has-post-thumbnail","6":"product_cat-electric-micro-vehicle","8":"first","9":"instock","10":"shipping-taxable","11":"purchasable","12":"product-type-simple"},"_links":{"self":[{"href":"https:\/\/www.tairuiauto.com\/it\/wp-json\/wp\/v2\/product\/2712","targetHints":{"allow":["GET"]}}],"collection":[{"href":"https:\/\/www.tairuiauto.com\/it\/wp-json\/wp\/v2\/product"}],"about":[{"href":"https:\/\/www.tairuiauto.com\/it\/wp-json\/wp\/v2\/types\/product"}],"replies":[{"embeddable":true,"href":"https:\/\/www.tairuiauto.com\/it\/wp-json\/wp\/v2\/comments?post=2712"}],"wp:featuredmedia":[{"embeddable":true,"href":"https:\/\/www.tairuiauto.com\/it\/wp-json\/wp\/v2\/media\/5332"}],"wp:attachment":[{"href":"https:\/\/www.tairuiauto.com\/it\/wp-json\/wp\/v2\/media?parent=2712"}],"wp:term":[{"taxonomy":"product_brand","embeddable":true,"href":"https:\/\/www.tairuiauto.com\/it\/wp-json\/wp\/v2\/product_brand?post=2712"},{"taxonomy":"product_cat","embeddable":true,"href":"https:\/\/www.tairuiauto.com\/it\/wp-json\/wp\/v2\/product_cat?post=2712"},{"taxonomy":"product_tag","embeddable":true,"href":"https:\/\/www.tairuiauto.com\/it\/wp-json\/wp\/v2\/product_tag?post=2712"}],"curies":[{"name":"WP","href":"https:\/\/api.w.org\/{rel}","templated":true}]}}