{"id":2738,"date":"2026-01-14T10:31:12","date_gmt":"2026-01-14T02:31:12","guid":{"rendered":"https:\/\/www.tairuiauto.com\/?post_type=product&#038;p=2738"},"modified":"2026-03-09T14:35:27","modified_gmt":"2026-03-09T06:35:27","slug":"a8h-electric-commercial-quadricycle","status":"publish","type":"product","link":"https:\/\/www.tairuiauto.com\/it\/product\/a8h-electric-commercial-quadricycle\/","title":{"rendered":"City Electric Refrigerated Vehicle per il trasporto urbano"},"content":{"rendered":"<div class=\"kche-wrap-width\">\n<div class=\"kche-t154\">\n<div class=\"kche-t154-contant\">\n<div class=\"kche-t154-list\">\n<div class=\"kche-t154-item\">\n<div class=\"kche-t154-img\">\n<h2 data-start=\"484\" data-end=\"503\">Panoramica del prodotto<\/h2>\n<\/div>\n<\/div>\n<\/div>\n<\/div>\n<\/div>\n<\/div>\n<div class=\"kche-wrap-width\">\n<div class=\"kche-t154\">\n<div class=\"kche-t154-contant\">\n<div class=\"kche-t154-list\">\n<div class=\"kche-t154-item\">\n<div class=\"kche-t154-img\">\n<p data-start=\"505\" data-end=\"823\">Il <strong data-start=\"509\" data-end=\"554\">Citt\u00e0 veicolo elettrico per il trasporto urbano<\/strong> \u00e8 un veicolo elettrico compatto a singolo posto sviluppato per la mobilit\u00e0 urbana e applicazioni orientate alle utilit\u00e0. Combina una struttura di carrozzeria semi-integrale resistente con alta capacit\u00e0 di carico utile, rendendola adatta sia per il trasporto personale che commerciale a breve distanza.<\/p>\n<table class=\"table\" style=\"width: 81.3481%; height: 576px;\" border=\"1\" cellspacing=\"1\" cellpadding=\"1\">\n<tbody>\n<tr style=\"height: 24px;\">\n<td style=\"width: 28.7436%; height: 24px;\">Modello<\/td>\n<td style=\"width: 56.6062%; height: 24px;\">Citt\u00e0 veicolo elettrico per il trasporto urbano<\/td>\n<\/tr>\n<tr style=\"height: 24px;\">\n<td style=\"width: 28.7436%; height: 24px;\">Dimensioni (mm)<\/td>\n<td style=\"width: 56.6062%; height: 24px;\">3559*1227*1669<\/td>\n<\/tr>\n<tr style=\"height: 24px;\">\n<td style=\"width: 28.7436%; height: 24px;\">Tipo di corpo<\/td>\n<td style=\"width: 56.6062%; height: 24px;\">corpo semi-integrale<\/td>\n<\/tr>\n<tr style=\"height: 24px;\">\n<td style=\"width: 28.7436%; height: 24px;\">Struttura del corpo<\/td>\n<td style=\"width: 56.6062%; height: 24px;\">2 porte e 1 posto<\/td>\n<\/tr>\n<tr style=\"height: 24px;\">\n<td style=\"width: 28.7436%; height: 24px;\">motore<\/td>\n<td style=\"width: 56.6062%; height: 24px;\">72V5000W<\/td>\n<\/tr>\n<tr style=\"height: 24px;\">\n<td style=\"width: 28.7436%; height: 24px;\">Controllatore<\/td>\n<td style=\"width: 56.6062%; height: 24px;\">72V32tubi<\/td>\n<\/tr>\n<tr style=\"height: 24px;\">\n<td style=\"width: 28.7436%; height: 24px;\">Batteria (kwh)<\/td>\n<td style=\"width: 56.6062%; height: 24px;\">72V120AH<\/td>\n<\/tr>\n<tr style=\"height: 24px;\">\n<td style=\"width: 28.7436%; height: 24px;\">Tempo di carica (H)<\/td>\n<td style=\"width: 56.6062%; height: 24px;\">6-8 ore<\/td>\n<\/tr>\n<tr style=\"height: 24px;\">\n<td style=\"width: 28.7436%; height: 24px;\">Range per carica\/km<\/td>\n<td style=\"width: 56.6062%; height: 24px;\">\u226590<\/td>\n<\/tr>\n<tr style=\"height: 24px;\">\n<td style=\"width: 28.7436%; height: 24px;\">Capacit\u00e0 di carico\/kg<\/td>\n<td style=\"width: 56.6062%; height: 24px;\">1183kg<\/td>\n<\/tr>\n<tr style=\"height: 24px;\">\n<td style=\"width: 28.7436%; height: 24px;\">Sospensione anteriore<\/td>\n<td style=\"width: 56.6062%; height: 24px;\">Sospensione McPherson<\/td>\n<\/tr>\n<tr style=\"height: 24px;\">\n<td style=\"width: 28.7436%; height: 24px;\">Sospensione posteriore<\/td>\n<td style=\"width: 56.6062%; height: 24px;\">Asse posteriore integrato<\/td>\n<\/tr>\n<tr style=\"height: 24px;\">\n<td style=\"width: 28.7436%; height: 24px;\">Pneumatico anteriore\/posteriore<\/td>\n<td style=\"width: 56.6062%; height: 24px;\">135\/70R12<\/td>\n<\/tr>\n<tr style=\"height: 24px;\">\n<td style=\"width: 28.7436%; height: 24px;\">Bordo<\/td>\n<td style=\"width: 56.6062%; height: 24px;\">ferro Hub<\/td>\n<\/tr>\n<tr style=\"height: 24px;\">\n<td style=\"width: 28.7436%; height: 24px;\">Sistema frenante<\/td>\n<td style=\"width: 56.6062%; height: 24px;\">firont\/retrodisco<\/td>\n<\/tr>\n<tr style=\"height: 24px;\">\n<td style=\"width: 28.7436%; height: 24px;\">Grado di Clhmbing (%)<\/td>\n<td style=\"width: 56.6062%; height: 24px;\">\u226525<\/td>\n<\/tr>\n<tr style=\"height: 24px;\">\n<td style=\"width: 28.7436%; height: 24px;\">Velocit\u00e0 massima (km\/h)<\/td>\n<td style=\"width: 56.6062%; height: 24px;\">52 km\/h<\/td>\n<\/tr>\n<tr style=\"height: 24px;\">\n<td style=\"width: 28.7436%; height: 24px;\">Modalit\u00e0 sterzo<\/td>\n<td style=\"width: 56.6062%; height: 24px;\">Direzione<\/td>\n<\/tr>\n<tr style=\"height: 24px;\">\n<td style=\"width: 28.7436%; height: 24px;\">Certificato<\/td>\n<td style=\"width: 56.6062%; height: 24px;\">CEE\/COC\/L7e-CU<\/td>\n<\/tr>\n<tr style=\"height: 24px;\">\n<td style=\"width: 28.7436%; height: 24px;\">Capacit\u00e0 del contenitore<\/td>\n<td style=\"width: 56.6062%; height: 24px;\">4PCS SKD\/40HQ<\/td>\n<\/tr>\n<tr style=\"height: 24px;\">\n<td style=\"width: 28.7436%; height: 24px;\">Dispositivo funzione<\/td>\n<td style=\"width: 56.6062%; height: 24px;\">Un pulsante di avvio luci LED<\/td>\n<\/tr>\n<tr style=\"height: 24px;\">\n<td style=\"width: 28.7436%; height: 24px;\"><\/td>\n<td style=\"width: 56.6062%; height: 24px;\">Camera inversa\/riscaldatore\/finestra elettrica<\/td>\n<\/tr>\n<tr style=\"height: 48px;\">\n<td style=\"width: 28.7436%; height: 48px;\">Scenari di applicazione<\/td>\n<td style=\"width: 56.6062%; height: 48px; padding-left: 80px;\">Viaggi urbani a breve distanza, pendolari nel parco, distribuzione di scene commerciali, viaggi in cattivo tempo, turismo suburbano e distribuzione logistica urbana dell'ultimo miglio<\/td>\n<\/tr>\n<\/tbody>\n<\/table>\n<hr data-start=\"825\" data-end=\"828\" \/>\n<h2 data-start=\"830\" data-end=\"852\">Descrizione del prodotto<\/h2>\n<h3 data-start=\"854\" data-end=\"876\">Categoria di prodotto<\/h3>\n<p data-start=\"877\" data-end=\"967\">Citt\u00e0 veicolo elettrico\/utilit\u00e0 urbana veicolo elettrico\/veicolo commerciale leggero elettrico<\/p>\n<h3 data-start=\"969\" data-end=\"994\">Descrizione del prodotto<\/h3>\n<p data-start=\"996\" data-end=\"1317\">Il <strong data-start=\"1000\" data-end=\"1045\">Citt\u00e0 veicolo elettrico per il trasporto urbano<\/strong> \u00e8 progettato per soddisfare la crescente domanda di mobilit\u00e0 urbana flessibile, a basso costo e rispettosa dell'ambiente. Con dimensioni complessive compatte di <strong data-start=\"1194\" data-end=\"1219\">3559 \u00d7 1227 \u00d7 1669 mm<\/strong>Il veicolo \u00e8 adatto per strade urbane strette, parchi industriali e aree urbane congestionate.<\/p>\n<p data-start=\"1319\" data-end=\"1613\">Il veicolo dispone di una <strong data-start=\"1342\" data-end=\"1371\">design della carrozzeria semi-integrale<\/strong> con <strong data-start=\"1377\" data-end=\"1403\">Due porte e un sedile<\/strong>concentrandosi sull'efficienza del carico e sul comfort del conducente. Alimentato da un <strong data-start=\"1467\" data-end=\"1495\">Motore elettrico 72V 5000W<\/strong> e una <strong data-start=\"1502\" data-end=\"1534\">Controller 72V con 32 tubi<\/strong>, fornisce potenza di uscita stabile e accelerazione reattiva, anche sotto carico.<\/p>\n<p data-start=\"1615\" data-end=\"1934\">L'energia viene fornita da un <strong data-start=\"1639\" data-end=\"1667\">Sistema di batteria 72V 120Ah<\/strong>, fornendo una <strong data-start=\"1681\" data-end=\"1727\">autonomia di guida di almeno 90 km per carica<\/strong>Questa gamma soddisfa le esigenze della consegna urbana giornaliera, del pendolarismo nel parco e della logistica a breve distanza. Il <strong data-start=\"1831\" data-end=\"1861\">Tempo di ricarica di 6-8 ore<\/strong> consente una conveniente ricarica durante la notte e un funzionamento continuo giornaliero.<\/p>\n<p data-start=\"1615\" data-end=\"1934\"><img fetchpriority=\"high\" decoding=\"async\" class=\"alignnone size-medium wp-image-2748\" src=\"https:\/\/www.tairuiauto.com\/wp-content\/uploads\/2025\/06\/9-300x200.jpg\" alt=\"\" width=\"300\" height=\"200\" srcset=\"\" sizes=\"(max-width: 300px) 100vw, 300px\" data-srcset=\"\" \/>\u00a0 \u00a0 \u00a0 \u00a0 \u00a0 \u00a0 \u00a0 \u00a0 \u00a0 \u00a0 \u00a0 <img decoding=\"async\" class=\"alignnone size-medium wp-image-2747\" src=\"https:\/\/www.tairuiauto.com\/wp-content\/uploads\/2025\/06\/7-300x200.jpg\" alt=\"\" width=\"300\" height=\"200\" srcset=\"\" sizes=\"(max-width: 300px) 100vw, 300px\" data-srcset=\"\" \/><\/p>\n<p data-start=\"1936\" data-end=\"2263\">Progettato per durabilit\u00e0 e prestazioni di carico, il veicolo offre un impressionante <strong data-start=\"2023\" data-end=\"2054\">capacit\u00e0 di carico di 1183 kg<\/strong>rendendolo adatto ad uso commerciale. Il <strong data-start=\"2099\" data-end=\"2129\">Sospensione anteriore McPherson<\/strong> combinato con un <strong data-start=\"2147\" data-end=\"2171\">asse posteriore integrato<\/strong> garantisce stabilit\u00e0, supporto di carico e manovrabilit\u00e0 affidabile in varie condizioni stradali urbane.<\/p>\n<p data-start=\"2265\" data-end=\"2660\">Sicurezza e controllo sono migliorati dal <strong data-start=\"2304\" data-end=\"2342\">sistema frenante a disco anteriore e posteriore<\/strong>che fornisce prestazioni frenanti costanti. Il veicolo \u00e8 dotato di <strong data-start=\"2416\" data-end=\"2435\">Pneumatici 135\/70R12<\/strong> e <strong data-start=\"2440\" data-end=\"2453\">mozzi ferro<\/strong>Priorizzando resistenza e durata per frequenti cicli di guida start-stop. Con un <strong data-start=\"2539\" data-end=\"2573\">capacit\u00e0 di arrampicata superiore al 25%<\/strong> e una <strong data-start=\"2580\" data-end=\"2604\">velocit\u00e0 massima di 52 km\/h<\/strong>si adatta bene a pendii, rampe e sovrappasi urbani.<\/p>\n<p data-start=\"2662\" data-end=\"2854\">Caratteristiche funzionali come <strong data-start=\"2690\" data-end=\"2710\">avvio a un pulsante<\/strong>, <strong data-start=\"2712\" data-end=\"2728\">Illuminazione LED<\/strong>, <strong data-start=\"2730\" data-end=\"2748\">fotocamera inversa<\/strong>, <strong data-start=\"2750\" data-end=\"2760\">riscaldatore<\/strong>e <strong data-start=\"2766\" data-end=\"2786\">finestre elettriche<\/strong> migliorare la comodit\u00e0 del conducente e l'efficienza operativa nell'uso quotidiano.<\/p>\n<hr data-start=\"2856\" data-end=\"2859\" \/>\n<h2 data-start=\"2861\" data-end=\"2889\">Caratteristiche principali &amp; Vantaggi<\/h2>\n<h3 data-start=\"2891\" data-end=\"2905\">Caratteristiche<\/h3>\n<p data-start=\"2908\" data-end=\"2963\">Compatto design utility elettrica a due porte e singolo posto<\/p>\n<p data-start=\"2966\" data-end=\"3005\">Sistema di alimentazione elettrica ad alta coppia 72V<\/p>\n<p data-start=\"3008\" data-end=\"3053\">Forte capacit\u00e0 di carico utile per la logistica urbana<\/p>\n<p data-start=\"3056\" data-end=\"3092\">Sistema frenante a disco anteriore e posteriore<\/p>\n<p data-start=\"3095\" data-end=\"3145\">Assistenza alla guida e comfort pratici<\/p>\n<h3 data-start=\"3147\" data-end=\"3163\">Vantaggi<\/h3>\n<p data-start=\"3166\" data-end=\"3214\">Ottima manovrabilit\u00e0 in zone urbane dense<\/p>\n<p data-start=\"3217\" data-end=\"3274\">Alta capacit\u00e0 di carico rispetto a veicoli compatti simili<\/p>\n<p data-start=\"3277\" data-end=\"3314\">Bassi costi operativi e di manutenzione<\/p>\n<p data-start=\"3317\" data-end=\"3364\">Prestazioni affidabili per uso commerciale quotidiano<\/p>\n<h3 data-start=\"3366\" data-end=\"3386\">Vantaggi per l'acquirente<\/h3>\n<p data-start=\"3389\" data-end=\"3428\">Riduzione delle spese di carburante e manutenzione<\/p>\n<p data-start=\"3431\" data-end=\"3472\">Efficiente capacit\u00e0 di consegna last mile<\/p>\n<p data-start=\"3475\" data-end=\"3516\">Facile funzionamento e breve curva di apprendimento<\/p>\n<p data-start=\"3519\" data-end=\"3573\">Adattabilit\u00e0 a pi\u00f9 scenari di applicazione urbane<\/p>\n<h3 data-start=\"3575\" data-end=\"3589\">Prova<\/h3>\n<p data-start=\"3592\" data-end=\"3637\">Architettura di trasmissione elettrica a 72V provata<\/p>\n<p data-start=\"3640\" data-end=\"3682\">Configurazione robusta di sospensione e asse<\/p>\n<p data-start=\"3685\" data-end=\"3743\">Attrezzature funzionali pratiche per operazioni nel mondo reale<\/p>\n<hr data-start=\"3745\" data-end=\"3748\" \/>\n<h2 data-start=\"3750\" data-end=\"3774\">Scenari di applicazione<\/h2>\n<p data-start=\"3778\" data-end=\"3815\">Trasporti urbani a breve distanza<\/p>\n<p data-start=\"3818\" data-end=\"3854\">Parchi e zone industriali pendolari<\/p>\n<p data-start=\"3857\" data-end=\"3905\">Distribuzione commerciale e servizi<\/p>\n<p data-start=\"3908\" data-end=\"3942\">Viaggiare in cattive condizioni meteorologiche<\/p>\n<p data-start=\"3945\" data-end=\"3971\">Sostegno al turismo suburbano<\/p>\n<p data-start=\"3974\" data-end=\"4014\">Logistica e consegna urbana last mile<\/p>\n<hr data-start=\"4016\" data-end=\"4019\" \/>\n<h2 data-start=\"4021\" data-end=\"4061\">Perch\u00e9 scegliere questo veicolo elettrico<\/h2>\n<p data-start=\"4063\" data-end=\"4381\">Il <strong data-start=\"4067\" data-end=\"4112\">Citt\u00e0 veicolo elettrico per il trasporto urbano<\/strong> offre una combinazione ideale di dimensioni compatte, forte capacit\u00e0 di carico ed efficienza operativa. La sua costruzione resistente, il suo sistema elettrico affidabile e la sua gamma di applicazioni versatili lo rendono una soluzione economicamente efficace per la mobilit\u00e0 urbana e il trasporto commerciale leggero.<\/p>\n<hr data-start=\"4383\" data-end=\"4386\" \/>\n<h2 data-start=\"4388\" data-end=\"4416\">Imballaggio &amp; Certificazione<\/h2>\n<p data-start=\"4420\" data-end=\"4467\"><strong data-start=\"4420\" data-end=\"4443\">Capacit\u00e0 del contenitore:<\/strong> 4 unit\u00e0 (SKD) \/ 40'HQ<\/p>\n<p data-start=\"4470\" data-end=\"4509\"><strong data-start=\"4470\" data-end=\"4488\">Certificazione:<\/strong> CEE \/ COC \/ L7e-CU<\/p>\n<hr data-start=\"4511\" data-end=\"4514\" \/>\n<h2 data-start=\"4516\" data-end=\"4522\">Domande frequenti<\/h2>\n<p data-start=\"4524\" data-end=\"4665\"><strong data-start=\"4524\" data-end=\"4577\">Q1: Qual \u00e8 il raggio massimo di guida per carica?<\/strong><br data-start=\"4577\" data-end=\"4580\" \/>Il veicolo offre una gamma di <strong data-start=\"4612\" data-end=\"4622\">\u226590 km<\/strong>a seconda del carico e delle condizioni di guida.<\/p>\n<p data-start=\"4667\" data-end=\"4819\"><strong data-start=\"4667\" data-end=\"4714\">Q2: Quanto peso pu\u00f2 portare questo veicolo?<\/strong><br data-start=\"4714\" data-end=\"4717\" \/>Supporta un <strong data-start=\"4731\" data-end=\"4770\">capacit\u00e0 di carico massima di 1183 kg<\/strong>adatto per la logistica urbana e le attivit\u00e0 di utilit\u00e0.<\/p>\n<p data-start=\"4821\" data-end=\"4979\"><strong data-start=\"4821\" data-end=\"4871\">Q3: Questo modello \u00e8 adatto per uso commerciale?<\/strong><br data-start=\"4871\" data-end=\"4874\" \/>- S\u00ec. - S\u00ec. \u00c8 progettato specificamente per scenari commerciali come la consegna last mile e le operazioni di parco.<\/p>\n<p data-start=\"4981\" data-end=\"5104\"><strong data-start=\"4981\" data-end=\"5021\">Q4: Che sistema frenante utilizza?<\/strong><br data-start=\"5021\" data-end=\"5024\" \/>Il veicolo \u00e8 dotato di <strong data-start=\"5053\" data-end=\"5083\">freni a disco anteriori e posteriori<\/strong> per una maggiore sicurezza.<\/p>\n<p data-start=\"5106\" data-end=\"5230\"><strong data-start=\"5106\" data-end=\"5151\">Q5: Supporta la certificazione di esportazione?<\/strong><br data-start=\"5151\" data-end=\"5154\" \/>- S\u00ec. - S\u00ec. Il modello \u00e8 conforme <strong data-start=\"5183\" data-end=\"5205\">CEE \/ COC \/ L7e-CU<\/strong> standard di certificazione.<\/p>\n<hr \/>\n<\/div>\n<div class=\"kche-t154-text\">\n<p>&nbsp;<\/p>\n<\/div>\n<\/div>\n<\/div>\n<\/div>\n<\/div>\n<\/div>\n<p>&nbsp;<\/p>","protected":false},"excerpt":{"rendered":"<p data-start=\"180\" data-end=\"477\">Questo veicolo elettrico urbano \u00e8 progettato per trasporti urbani efficienti e carichi leggeri. Con una carrozzeria compatta, una forte capacit\u00e0 di carico e una trasmissione elettrica affidabile, fornisce una soluzione pratica per i viaggi a breve distanza, i pendolari nel parco e la distribuzione dell'ultimo miglio in ambienti urbani.<\/p>","protected":false},"featured_media":5333,"comment_status":"open","ping_status":"closed","template":"","meta":[],"product_brand":[],"product_cat":[77],"product_tag":[],"class_list":{"0":"post-2738","1":"product","2":"type-product","3":"status-publish","4":"has-post-thumbnail","6":"product_cat-electric-micro-vehicle","8":"first","9":"instock","10":"shipping-taxable","11":"product-type-simple"},"_links":{"self":[{"href":"https:\/\/www.tairuiauto.com\/it\/wp-json\/wp\/v2\/product\/2738","targetHints":{"allow":["GET"]}}],"collection":[{"href":"https:\/\/www.tairuiauto.com\/it\/wp-json\/wp\/v2\/product"}],"about":[{"href":"https:\/\/www.tairuiauto.com\/it\/wp-json\/wp\/v2\/types\/product"}],"replies":[{"embeddable":true,"href":"https:\/\/www.tairuiauto.com\/it\/wp-json\/wp\/v2\/comments?post=2738"}],"wp:featuredmedia":[{"embeddable":true,"href":"https:\/\/www.tairuiauto.com\/it\/wp-json\/wp\/v2\/media\/5333"}],"wp:attachment":[{"href":"https:\/\/www.tairuiauto.com\/it\/wp-json\/wp\/v2\/media?parent=2738"}],"wp:term":[{"taxonomy":"product_brand","embeddable":true,"href":"https:\/\/www.tairuiauto.com\/it\/wp-json\/wp\/v2\/product_brand?post=2738"},{"taxonomy":"product_cat","embeddable":true,"href":"https:\/\/www.tairuiauto.com\/it\/wp-json\/wp\/v2\/product_cat?post=2738"},{"taxonomy":"product_tag","embeddable":true,"href":"https:\/\/www.tairuiauto.com\/it\/wp-json\/wp\/v2\/product_tag?post=2738"}],"curies":[{"name":"WP","href":"https:\/\/api.w.org\/{rel}","templated":true}]}}