{"id":2859,"date":"2025-09-30T09:36:22","date_gmt":"2025-09-30T01:36:22","guid":{"rendered":"https:\/\/www.tairuiauto.com\/?post_type=product&#038;p=2859"},"modified":"2025-10-07T11:33:52","modified_gmt":"2025-10-07T03:33:52","slug":"last-mile-delivery-1-6m-electric-tricycle","status":"publish","type":"product","link":"https:\/\/www.tairuiauto.com\/it\/product\/last-mile-delivery-1-6m-electric-tricycle\/","title":{"rendered":"Ultimo miglio 1.6m Triciclo elettrico"},"content":{"rendered":"<div class=\"kche-wrap-width\">\n<div class=\"kche-t154\">\n<div class=\"kche-t154-img\">\n<h3 data-start=\"366\" data-end=\"395\"><strong data-start=\"370\" data-end=\"393\">Descrizione del prodotto<\/strong><\/h3>\n<p data-start=\"396\" data-end=\"1021\">Il <strong data-start=\"400\" data-end=\"435\">1.6m Trasporto Espresso Triciclo<\/strong> \u00e8 una soluzione potente, ecologica e versatile per la logistica urbana e la consegna last mile.<\/p>\n<p data-start=\"396\" data-end=\"1021\">\n<table class=\"table\" style=\"width: 72.9168%;\" border=\"1\" cellspacing=\"1\" cellpadding=\"1\">\n<tbody>\n<tr>\n<td style=\"width: 42.2984%;\">Modello<\/td>\n<td style=\"width: 111.616%;\">1.6m Triciclo di trasporto espresso<\/td>\n<\/tr>\n<tr>\n<td style=\"width: 42.2984%;\">Dimensioni complessive del veicolo (mm)<\/td>\n<td style=\"width: 111.616%;\">3050*1160*1750<\/td>\n<\/tr>\n<tr>\n<td style=\"width: 42.2984%;\">Dashboard<\/td>\n<td style=\"width: 111.616%;\">Pannello strumento LCD<\/td>\n<\/tr>\n<tr>\n<td style=\"width: 42.2984%;\">Controllatore motore<\/td>\n<td style=\"width: 111.616%;\">Regolatore di tubo 18<\/td>\n<\/tr>\n<tr>\n<td style=\"width: 42.2984%;\">Asse posteriore<\/td>\n<td style=\"width: 111.616%;\">Asse posteriore integrale<\/td>\n<\/tr>\n<tr>\n<td style=\"width: 42.2984%;\">Freno anteriore<\/td>\n<td style=\"width: 111.616%;\">33 Ammortizzazione\/freno anteriore 110<\/td>\n<\/tr>\n<tr>\n<td style=\"width: 42.2984%;\">Freno posteriore<\/td>\n<td style=\"width: 111.616%;\">160 tamburo freno<\/td>\n<\/tr>\n<tr>\n<td style=\"width: 42.2984%;\">Angolo di arrampicata<\/td>\n<td style=\"width: 111.616%;\">15\u00b0<\/td>\n<\/tr>\n<tr>\n<td style=\"width: 42.2984%;\">Fari anteriori<\/td>\n<td style=\"width: 111.616%;\">LED<\/td>\n<\/tr>\n<tr>\n<td style=\"width: 42.2984%;\">Liberazione da terra<\/td>\n<td style=\"width: 111.616%;\">140 millimetri<\/td>\n<\/tr>\n<tr>\n<td style=\"width: 42.2984%;\">Peso<\/td>\n<td style=\"width: 111.616%;\">265kg<\/td>\n<\/tr>\n<tr>\n<td style=\"width: 42.2984%;\">Caricare<\/td>\n<td style=\"width: 111.616%;\">225kg<\/td>\n<\/tr>\n<tr>\n<td style=\"width: 42.2984%;\">Facoltativo<\/td>\n<td style=\"width: 111.616%;\">Facoltativo: motore, controller, pneumatici, asse posteriore, apertura della porta posteriore<\/td>\n<\/tr>\n<tr>\n<td style=\"width: 42.2984%;\">Mobo della ruota<\/td>\n<td style=\"width: 111.616%;\">Mobo della ruota<\/td>\n<\/tr>\n<tr>\n<td style=\"width: 42.2984%;\">motore<\/td>\n<td style=\"width: 111.616%;\">motore 60v800w<\/td>\n<\/tr>\n<tr>\n<td style=\"width: 42.2984%;\">Amortizzatore anteriore<\/td>\n<td style=\"width: 111.616%;\">Ammortizzatore idraulico<\/td>\n<\/tr>\n<tr>\n<td style=\"width: 42.2984%;\">Sospensione posteriore<\/td>\n<td style=\"width: 111.616%;\">Molla a foglia in piastra di acciaio rinforzata<\/td>\n<\/tr>\n<tr>\n<td style=\"width: 42.2984%;\">Velocit\u00e0 massima<\/td>\n<td style=\"width: 111.616%;\">38kn\/h<\/td>\n<\/tr>\n<tr>\n<td style=\"width: 42.2984%;\">Pneumatici anteriori e posteriori<\/td>\n<td style=\"width: 111.616%;\">F350-12 R375-12<\/td>\n<\/tr>\n<tr>\n<td style=\"width: 42.2984%;\">resistenza<\/td>\n<td style=\"width: 111.616%;\">45 chilometri<\/td>\n<\/tr>\n<tr>\n<td style=\"width: 42.2984%;\">batteria<\/td>\n<td style=\"width: 111.616%;\">60V 52A<\/td>\n<\/tr>\n<tr>\n<td style=\"width: 42.2984%;\">Colore<\/td>\n<td style=\"width: 111.616%;\">Blu, verde, argento, rosso<\/td>\n<\/tr>\n<tr>\n<td style=\"width: 42.2984%;\">Autenticazione<\/td>\n<td style=\"width: 111.616%;\">Qualificazione nazionale di produzione di primo livello, certificazione COC<\/td>\n<\/tr>\n<tr>\n<td style=\"width: 42.2984%;\">Tempo di carica<\/td>\n<td style=\"width: 111.616%;\">6-8 ore<\/td>\n<\/tr>\n<\/tbody>\n<\/table>\n<p>&nbsp;<\/p>\n<hr \/>\n<\/div>\n<p>&nbsp;<\/p>\n<div class=\"kche-t154-img\">\n<h3 data-start=\"1023\" data-end=\"1062\"><strong data-start=\"1027\" data-end=\"1060\">Caratteristiche principali &amp; Punti di vendita<\/strong><\/h3>\n<ol data-start=\"1063\" data-end=\"1888\">\n<li data-start=\"1063\" data-end=\"1274\">\n<p data-start=\"1066\" data-end=\"1274\"><strong data-start=\"1066\" data-end=\"1088\">Alta capacit\u00e0 di carico<\/strong> Con una capacit\u00e0 di trasporto di <strong data-start=\"1119\" data-end=\"1128\">225kg<\/strong>Il triciclo di trasporto espresso di 1,6 m \u00e8 progettato per la consegna pesante, rendendolo un triciclo elettrico di carico affidabile per le aziende logistiche.<\/p>\n<\/li>\n<li data-start=\"1275\" data-end=\"1468\">\n<p data-start=\"1278\" data-end=\"1468\"><strong data-start=\"1278\" data-end=\"1304\">Sistema di alimentazione efficiente<\/strong> \u2013 Dotato di una <strong data-start=\"1323\" data-end=\"1341\">motore 60V 800W<\/strong> e un controller a 18 tubi, questo e-rickshaw di consegna offre prestazioni costanti e una capacit\u00e0 di arrampicata superiore fino a 15\u00b0.<\/p>\n<\/li>\n<li data-start=\"1469\" data-end=\"1676\">\n<p data-start=\"1472\" data-end=\"1676\"><strong data-start=\"1472\" data-end=\"1500\">Prestazioni ecologiche<\/strong> \u2013 Correre su un <strong data-start=\"1516\" data-end=\"1552\">60V 52A batteria senza manutenzione<\/strong>Offre un chilometraggio fino a 45 km a carica, riducendo i costi del carburante e l'impatto ambientale rispetto alle tre ruote a benzina.<\/p>\n<\/li>\n<li data-start=\"1677\" data-end=\"1888\">\n<p data-start=\"1680\" data-end=\"1888\"><strong data-start=\"1680\" data-end=\"1709\">Migliorare la sicurezza &amp; Comfort<\/strong> \u2013 Gli ammortizzatori idraulici anteriori e la sospensione posteriore in piastra di acciaio rinforzata forniscono una guida stabile, mentre il <strong data-start=\"1820\" data-end=\"1838\">Fari LED<\/strong> migliorare la visibilit\u00e0 durante le operazioni notturne.<\/p>\n<\/li>\n<\/ol>\n<p>&nbsp;<\/p>\n<hr \/>\n<\/div>\n<p>&nbsp;<\/p>\n<div class=\"kche-t154-img\">\n<h3 data-start=\"1890\" data-end=\"1925\"><strong data-start=\"1894\" data-end=\"1923\">Vantaggi differenziati<\/strong><\/h3>\n<ol data-start=\"1926\" data-end=\"2602\">\n<li data-start=\"1926\" data-end=\"2085\">\n<p data-start=\"1929\" data-end=\"2085\"><strong data-start=\"1929\" data-end=\"1965\">Ottimizzato per la consegna Last Mile<\/strong> \u2013 A differenza dei tradizionali furgoni merci, questo trike merci pu\u00f2 facilmente accedere a vicoli stretti, risparmiando tempo nelle consegne urbane.<\/p>\n<\/li>\n<li data-start=\"2086\" data-end=\"2225\">\n<p data-start=\"2089\" data-end=\"2225\"><strong data-start=\"2089\" data-end=\"2118\">Operazioni economiche<\/strong> I costi di manutenzione e ricarica pi\u00f9 bassi lo rendono pi\u00f9 economico rispetto ai tre ruote di consegna a gas.<\/p>\n<\/li>\n<li data-start=\"2226\" data-end=\"2394\">\n<p data-start=\"2229\" data-end=\"2394\"><strong data-start=\"2229\" data-end=\"2253\">Opzioni personalizzabili<\/strong> Il motore, il controller, l'asse posteriore e l'apertura della porta posteriore possono essere adattati a diverse esigenze aziendali, rendendolo adattabile in tutti i settori.<\/p>\n<\/li>\n<li data-start=\"2395\" data-end=\"2602\">\n<p data-start=\"2398\" data-end=\"2602\"><strong data-start=\"2398\" data-end=\"2429\">Garanzia Qualit\u00e0 Certificata<\/strong> \u2013 Sostegnuto da <strong data-start=\"2442\" data-end=\"2463\">Certificazione COC<\/strong> e la qualificazione di produzione nazionale di primo livello, garantendo affidabilit\u00e0 a lungo termine e conformit\u00e0 agli standard logistici internazionali.<\/p>\n<\/li>\n<\/ol>\n<p>&nbsp;<\/p>\n<hr \/>\n<\/div>\n<p>&nbsp;<\/p>\n<div class=\"kche-t154-img\">\n<h3 data-start=\"3344\" data-end=\"3363\"><strong data-start=\"3348\" data-end=\"3361\">Materiali<\/strong><\/h3>\n<ul data-start=\"3364\" data-end=\"3503\">\n<li data-start=\"3364\" data-end=\"3390\">\n<p data-start=\"3366\" data-end=\"3390\">Telaio in acciaio rinforzato<\/p>\n<\/li>\n<li data-start=\"3391\" data-end=\"3420\">\n<p data-start=\"3393\" data-end=\"3420\">Ammortizzatori idraulici<\/p>\n<\/li>\n<li data-start=\"3421\" data-end=\"3464\">\n<p data-start=\"3423\" data-end=\"3464\">Piastra di acciaio foglia molla sospensione posteriore<\/p>\n<\/li>\n<li data-start=\"3465\" data-end=\"3503\">\n<p data-start=\"3467\" data-end=\"3503\">Batteria piombo-acida senza manutenzione<\/p>\n<\/li>\n<\/ul>\n<h3 data-start=\"3505\" data-end=\"3525\"><strong data-start=\"3509\" data-end=\"3523\">Aspetto<\/strong><\/h3>\n<p data-start=\"3526\" data-end=\"3686\">Elegante design moderno della carrozzeria disponibile in diversi colori. La sua struttura cargo box fornisce spazio di stoccaggio sicuro, migliorando il suo ruolo di logistica a tre ruote.<\/p>\n<h3 data-start=\"3688\" data-end=\"3704\"><strong data-start=\"3692\" data-end=\"3702\">Progettazione<\/strong><\/h3>\n<p data-start=\"3705\" data-end=\"3884\">Design compatto ma robusto su misura per le elevate prestazioni in ambienti urbani. I fari LED e la forma semplificata migliorano la visibilit\u00e0 e la presenza del marchio per le aziende di corriere.<\/p>\n<h3 data-start=\"3886\" data-end=\"3913\"><strong data-start=\"3890\" data-end=\"3911\">Customizzazione OEM<\/strong><\/h3>\n<p data-start=\"3914\" data-end=\"4056\">Motore, controller, asse posteriore e apertura delle porte possono essere personalizzati per vari settori di consegna, garantendo flessibilit\u00e0 per gli operatori logistici.<\/p>\n<h3 data-start=\"4058\" data-end=\"4083\"><strong data-start=\"4062\" data-end=\"4081\">Controllo qualit\u00e0<\/strong><\/h3>\n<p data-start=\"4084\" data-end=\"4260\">Ogni triciclo \u00e8 sottoposto a rigorose ispezioni di qualit\u00e0 sotto <strong data-start=\"4141\" data-end=\"4190\">qualificazione nazionale di produzione di primo livello<\/strong>garantire sicurezza, durata e conformit\u00e0 agli standard globali.<\/p>\n<h3 data-start=\"4262\" data-end=\"4291\"><strong data-start=\"4266\" data-end=\"4289\">Servizio post-vendita<\/strong><\/h3>\n<p data-start=\"4292\" data-end=\"4418\">Supporto post-vendita completo con disponibilit\u00e0 di pezzi di ricambio, guida tecnica online e servizi di garanzia a lungo termine.<\/p>\n<h3 data-start=\"4420\" data-end=\"4448\"><strong data-start=\"4424\" data-end=\"4446\">Campi di applicazione<\/strong><\/h3>\n<ul data-start=\"4449\" data-end=\"4586\">\n<li data-start=\"4449\" data-end=\"4480\">\n<p data-start=\"4451\" data-end=\"4480\">Consegna corriere e pacchi<\/p>\n<\/li>\n<li data-start=\"4481\" data-end=\"4505\">\n<p data-start=\"4483\" data-end=\"4505\">Logistica e-commerce<\/p>\n<\/li>\n<li data-start=\"4506\" data-end=\"4539\">\n<p data-start=\"4508\" data-end=\"4539\">Distribuzione alimentare e alimentare<\/p>\n<\/li>\n<li data-start=\"4540\" data-end=\"4586\">\n<p data-start=\"4542\" data-end=\"4586\">Trasporti espressi nelle aree urbane e rurali<\/p>\n<\/li>\n<\/ul>\n<h3 data-start=\"4588\" data-end=\"4613\"><strong data-start=\"4592\" data-end=\"4611\">Opzioni di pagamento<\/strong><\/h3>\n<p data-start=\"4614\" data-end=\"4695\">Supportiamo pi\u00f9 metodi di pagamento: <strong data-start=\"4651\" data-end=\"4692\">T\/T, L\/C, PayPal e garanzia commerciale<\/strong>.<\/p>\n<p>\u00a0 \u00a0 \u00a0 \u00a0 \u00a0<img fetchpriority=\"high\" decoding=\"async\" class=\"alignnone size-medium wp-image-3905\" src=\"https:\/\/www.tairuiauto.com\/wp-content\/uploads\/2025\/06\/H188d5991fd0f44dfb63d4113117ffc34y-300x225.jpg\" alt=\"\" width=\"300\" height=\"225\" srcset=\"https:\/\/www.tairuiauto.com\/wp-content\/uploads\/2025\/06\/H188d5991fd0f44dfb63d4113117ffc34y-300x225.jpg 300w, https:\/\/www.tairuiauto.com\/wp-content\/uploads\/2025\/06\/H188d5991fd0f44dfb63d4113117ffc34y-768x576.jpg 768w, https:\/\/www.tairuiauto.com\/wp-content\/uploads\/2025\/06\/H188d5991fd0f44dfb63d4113117ffc34y-16x12.jpg 16w, https:\/\/www.tairuiauto.com\/wp-content\/uploads\/2025\/06\/H188d5991fd0f44dfb63d4113117ffc34y-600x450.jpg 600w, https:\/\/www.tairuiauto.com\/wp-content\/uploads\/2025\/06\/H188d5991fd0f44dfb63d4113117ffc34y.jpg 888w\" sizes=\"(max-width: 300px) 100vw, 300px\" \/>\u00a0 \u00a0 \u00a0 \u00a0 \u00a0 \u00a0 \u00a0 \u00a0\u00a0 <img decoding=\"async\" class=\"alignnone size-medium wp-image-3906\" src=\"https:\/\/www.tairuiauto.com\/wp-content\/uploads\/2025\/06\/Hd2fd217e4f6a4d1bb135398294c4bb21U-1-300x225.jpg\" alt=\"\" width=\"300\" height=\"225\" srcset=\"https:\/\/www.tairuiauto.com\/wp-content\/uploads\/2025\/06\/Hd2fd217e4f6a4d1bb135398294c4bb21U-1-300x225.jpg 300w, https:\/\/www.tairuiauto.com\/wp-content\/uploads\/2025\/06\/Hd2fd217e4f6a4d1bb135398294c4bb21U-1-768x576.jpg 768w, https:\/\/www.tairuiauto.com\/wp-content\/uploads\/2025\/06\/Hd2fd217e4f6a4d1bb135398294c4bb21U-1-16x12.jpg 16w, https:\/\/www.tairuiauto.com\/wp-content\/uploads\/2025\/06\/Hd2fd217e4f6a4d1bb135398294c4bb21U-1-600x450.jpg 600w, https:\/\/www.tairuiauto.com\/wp-content\/uploads\/2025\/06\/Hd2fd217e4f6a4d1bb135398294c4bb21U-1.jpg 888w\" sizes=\"(max-width: 300px) 100vw, 300px\" \/>\u00a0 \u00a0 \u00a0 \u00a0 \u00a0 \u00a0 \u00a0 \u00a0<img decoding=\"async\" class=\"alignnone size-medium wp-image-3904\" src=\"https:\/\/www.tairuiauto.com\/wp-content\/uploads\/2025\/06\/H8a196846f335480a9a541983a732c176L-1-300x225.jpg\" alt=\"\" width=\"300\" height=\"225\" srcset=\"https:\/\/www.tairuiauto.com\/wp-content\/uploads\/2025\/06\/H8a196846f335480a9a541983a732c176L-1-300x225.jpg 300w, https:\/\/www.tairuiauto.com\/wp-content\/uploads\/2025\/06\/H8a196846f335480a9a541983a732c176L-1-768x576.jpg 768w, https:\/\/www.tairuiauto.com\/wp-content\/uploads\/2025\/06\/H8a196846f335480a9a541983a732c176L-1-16x12.jpg 16w, https:\/\/www.tairuiauto.com\/wp-content\/uploads\/2025\/06\/H8a196846f335480a9a541983a732c176L-1-600x450.jpg 600w, https:\/\/www.tairuiauto.com\/wp-content\/uploads\/2025\/06\/H8a196846f335480a9a541983a732c176L-1.jpg 888w\" sizes=\"(max-width: 300px) 100vw, 300px\" \/><\/p>\n<hr \/>\n<\/div>\n<\/div>\n<\/div>\n<p>&nbsp;<\/p>\n<div class=\"kche-wrap-width\">\n<div class=\"kche-t154\">\n<div class=\"kche-t154-img\">\n<h3 data-start=\"4697\" data-end=\"4710\"><strong data-start=\"4701\" data-end=\"4708\">Domande frequenti<\/strong><\/h3>\n<p data-start=\"4711\" data-end=\"4889\"><strong data-start=\"4711\" data-end=\"4782\">Q1: Quanto dura la batteria di 1.6m Express Transport Tricycle?<\/strong><br data-start=\"4782\" data-end=\"4785\" \/>A1: La batteria 60V 52A fornisce fino a <strong data-start=\"4824\" data-end=\"4851\">45km chilometraggio per carica<\/strong> con un ciclo di ricarica di 6-8 ore.<\/p>\n<p data-start=\"4891\" data-end=\"5039\"><strong data-start=\"4891\" data-end=\"4937\">Q2: Questo triciccolo pu\u00f2 gestire strade in salita?<\/strong><br data-start=\"4937\" data-end=\"4940\" \/>A2: S\u00ec, con un <strong data-start=\"4956\" data-end=\"4978\">Angolo di arrampicata di 15\u00b0<\/strong> e un forte motore da 800W, gestisce facilmente strade inclinate.<\/p>\n<p data-start=\"5041\" data-end=\"5184\"><strong data-start=\"5041\" data-end=\"5080\">Q3: La personalizzazione OEM \u00e8 disponibile?<\/strong><br data-start=\"5080\" data-end=\"5083\" \/>A3: S\u00ec, il motore, il controller, l'asse posteriore e la porta posteriore possono essere personalizzati per soddisfare le vostre esigenze di consegna.<\/p>\n<p data-start=\"5186\" data-end=\"5331\"><strong data-start=\"5186\" data-end=\"5236\">Q4: Quali certificazioni ha il prodotto?<\/strong><br data-start=\"5236\" data-end=\"5239\" \/>A4: Viene con <strong data-start=\"5257\" data-end=\"5278\">Certificazione COC<\/strong> e qualificazione nazionale di produzione di primo livello.<\/p>\n<p data-start=\"5333\" data-end=\"5495\"><strong data-start=\"5333\" data-end=\"5384\">Q5: Quali industrie usano questo triciclo pi\u00f9?<\/strong><br data-start=\"5384\" data-end=\"5387\" \/>A5: \u00c8 ampiamente utilizzato in <strong data-start=\"5412\" data-end=\"5492\">servizi di corriere, consegna di cibo, logistica e-commerce e trasporto espresso<\/strong>.<\/p>\n<p data-start=\"5333\" data-end=\"5495\">\n<hr \/>\n<blockquote>\n<p class=\"ds-markdown-paragraph\"><strong>The Last-Mile Dominator: questo non \u00e8 solo un trike - \u00e8 un motore di consegna a prova di congestione. Con accesso ai vicoli, tecnologia logistica intelligente e potenza aggiornabile, offre fermate in pi\u00f9 del 30% all'ora rispetto ai furgoni nelle citt\u00e0 affollate. Per i corrieri che misurano il successo in pacchi-per-watt, il Triciclo di Trasporto Espresso da 1,6 m \u00e8 lo strumento definitivo.<\/strong><\/p>\n<\/blockquote>\n<\/div>\n<\/div>\n<\/div>","protected":false},"excerpt":{"rendered":"<p>Il <strong data-start=\"400\" data-end=\"435\">1.6m Trasporto Espresso Triciclo<\/strong> \u00e8 una soluzione potente, ecologica e versatile per la logistica urbana e la consegna last mile. Progettato con un motore da 60V a 800W e assorbimento idraulico avanzato, questo triciclo elettrico da carico garantisce alta efficienza, stabilit\u00e0 e comfort. Progettato per trasportare carichi pesanti mantenendo bassi i costi operativi, il trike \u00e8 ideale per servizi di corriere, consegne di e-commerce, distribuzione di cibo e logistica su piccola scala. Il suo design compatto permette di navigare con facilit\u00e0 per strade strette e strade urbane congestionate, rendendolo un'alternativa perfetta ai furgoni di consegna convenzionali.<\/p>","protected":false},"featured_media":3897,"comment_status":"open","ping_status":"closed","template":"","meta":[],"product_brand":[],"product_cat":[78],"product_tag":[],"class_list":{"0":"post-2859","1":"product","2":"type-product","3":"status-publish","4":"has-post-thumbnail","6":"product_cat-electric-tricycle","8":"first","9":"instock","10":"shipping-taxable","11":"purchasable","12":"product-type-simple"},"_links":{"self":[{"href":"https:\/\/www.tairuiauto.com\/it\/wp-json\/wp\/v2\/product\/2859","targetHints":{"allow":["GET"]}}],"collection":[{"href":"https:\/\/www.tairuiauto.com\/it\/wp-json\/wp\/v2\/product"}],"about":[{"href":"https:\/\/www.tairuiauto.com\/it\/wp-json\/wp\/v2\/types\/product"}],"replies":[{"embeddable":true,"href":"https:\/\/www.tairuiauto.com\/it\/wp-json\/wp\/v2\/comments?post=2859"}],"wp:featuredmedia":[{"embeddable":true,"href":"https:\/\/www.tairuiauto.com\/it\/wp-json\/wp\/v2\/media\/3897"}],"wp:attachment":[{"href":"https:\/\/www.tairuiauto.com\/it\/wp-json\/wp\/v2\/media?parent=2859"}],"wp:term":[{"taxonomy":"product_brand","embeddable":true,"href":"https:\/\/www.tairuiauto.com\/it\/wp-json\/wp\/v2\/product_brand?post=2859"},{"taxonomy":"product_cat","embeddable":true,"href":"https:\/\/www.tairuiauto.com\/it\/wp-json\/wp\/v2\/product_cat?post=2859"},{"taxonomy":"product_tag","embeddable":true,"href":"https:\/\/www.tairuiauto.com\/it\/wp-json\/wp\/v2\/product_tag?post=2859"}],"curies":[{"name":"WP","href":"https:\/\/api.w.org\/{rel}","templated":true}]}}