{"id":2874,"date":"2025-06-19T14:43:32","date_gmt":"2025-06-19T06:43:32","guid":{"rendered":"https:\/\/www.tairuiauto.com\/?post_type=product&#038;p=2874"},"modified":"2025-11-25T08:36:17","modified_gmt":"2025-11-25T00:36:17","slug":"freight-tricycle-tk","status":"publish","type":"product","link":"https:\/\/www.tairuiauto.com\/it\/product\/freight-tricycle-tk\/","title":{"rendered":"Merci Triciclo pesante"},"content":{"rendered":"<p><strong>\u200b Elenco dei parametri<\/strong><\/p>\n<table class=\"table\" style=\"width: 72.2815%; height: 932px;\" border=\"1\" cellspacing=\"1\" cellpadding=\"1\">\n<tbody>\n<tr style=\"height: 52px;\">\n<td style=\"height: 52px; width: 36.1642%; text-align: center;\">Modello<\/td>\n<td style=\"height: 52px; width: 201.383%; text-align: center;\">Triciclo di carico<\/td>\n<\/tr>\n<tr style=\"height: 52px;\">\n<td style=\"height: 52px; width: 36.1642%; text-align: center;\">Dim complessivo (mm)<\/td>\n<td style=\"height: 52px; width: 201.383%; text-align: center;\">2940*1130*1310<\/td>\n<\/tr>\n<tr style=\"height: 52px;\">\n<td style=\"height: 52px; width: 36.1642%; text-align: center;\">Dimensione della scatola di carico (mm)<\/td>\n<td style=\"height: 52px; width: 201.383%; text-align: center;\">1500*1130*550<\/td>\n<\/tr>\n<tr style=\"height: 52px;\">\n<td style=\"height: 52px; width: 36.1642%; text-align: center;\">Forca anteriore<\/td>\n<td style=\"height: 52px; width: 201.383%; text-align: center;\">\u03c637 idraulico con molla<\/td>\n<\/tr>\n<tr style=\"height: 52px;\">\n<td style=\"height: 52px; width: 36.1642%; text-align: center;\">motore<\/td>\n<td style=\"height: 52px; width: 201.383%; text-align: center;\">60V1000W<\/td>\n<\/tr>\n<tr style=\"height: 52px;\">\n<td style=\"height: 52px; width: 36.1642%; text-align: center;\">Controllatore<\/td>\n<td style=\"height: 52px; width: 201.383%; text-align: center;\">60V 24 tubi<\/td>\n<\/tr>\n<tr style=\"height: 52px;\">\n<td style=\"height: 52px; width: 36.1642%; text-align: center;\">Capacit\u00e0 di carico\/kg<\/td>\n<td style=\"height: 52px; width: 201.383%; text-align: center;\">500 kg<\/td>\n<\/tr>\n<tr style=\"height: 52px;\">\n<td style=\"height: 52px; width: 36.1642%; text-align: center;\">Pneumatico anteriore\/posteriore<\/td>\n<td style=\"height: 52px; width: 201.383%; text-align: center;\">Pneumatico 3.75-12<\/td>\n<\/tr>\n<tr style=\"height: 52px;\">\n<td style=\"height: 52px; width: 36.1642%; text-align: center;\">Bordo<\/td>\n<td style=\"height: 52px; width: 201.383%; text-align: center;\">bordo di ferro<\/td>\n<\/tr>\n<tr style=\"height: 52px;\">\n<td style=\"height: 52px; width: 36.1642%; text-align: center;\">Sistema frenante<\/td>\n<td style=\"height: 52px; width: 201.383%; text-align: center;\">anteriore\/posteriore: tamburo<\/td>\n<\/tr>\n<tr style=\"height: 52px;\">\n<td style=\"height: 52px; width: 36.1642%; text-align: center;\">Tempo di carica (H)<\/td>\n<td style=\"height: 52px; width: 201.383%; text-align: center;\">6-8<\/td>\n<\/tr>\n<tr style=\"height: 76px;\">\n<td style=\"height: 76px; width: 36.1642%; text-align: center;\">Range per carica\/km<\/td>\n<td style=\"height: 76px; width: 201.383%; text-align: center;\">40-60<\/td>\n<\/tr>\n<tr style=\"height: 52px;\">\n<td style=\"height: 52px; width: 36.1642%; text-align: center;\">Grado di arrampicata (%)<\/td>\n<td style=\"height: 52px; width: 201.383%; text-align: center;\"><span class=\"15\">\u2265<\/span><span class=\"16\">25<\/span><\/td>\n<\/tr>\n<tr style=\"height: 76px;\">\n<td style=\"height: 76px; width: 36.1642%; text-align: center;\">batteria<\/td>\n<td style=\"height: 76px; width: 201.383%; text-align: center;\">Batteria acida al piombo 60V45AH<\/td>\n<\/tr>\n<tr style=\"height: 52px;\">\n<td style=\"height: 52px; width: 36.1642%; text-align: center;\">Capacit\u00e0 del contenitore<\/td>\n<td style=\"height: 52px; width: 201.383%; text-align: center;\">36PCS SKD\/40&#8217; Sede generale<\/td>\n<\/tr>\n<tr style=\"height: 52px;\">\n<td style=\"height: 52px; width: 36.1642%; text-align: center;\">Velocit\u00e0 massima (km\/h)<\/td>\n<td style=\"height: 52px; width: 201.383%; text-align: center;\">35 km\/h<\/td>\n<\/tr>\n<tr style=\"height: 52px;\">\n<td style=\"height: 52px; width: 36.1642%; text-align: center;\">Certificato<\/td>\n<td style=\"height: 52px; width: 201.383%; text-align: center;\">CCC<\/td>\n<\/tr>\n<\/tbody>\n<\/table>\n<div class=\"kche-wrap-width\">\n<div class=\"kche-t154\">\n<div class=\"kche-t154-contant\">\n<div class=\"kche-t154-list\">\n<div class=\"kche-t154-item\">\n<div class=\"kche-t154-img\"><\/div>\n<div class=\"kche-t154-text\"><\/div>\n<\/div>\n<\/div>\n<\/div>\n<\/div>\n<\/div>\n<h3>Punti di vendita del prodotto<\/h3>\n<ol start=\"1\">\n<li>\n<p class=\"ds-markdown-paragraph\"><strong>Capacit\u00e0 di carico utile industriale<\/strong><\/p>\n<ul>\n<li>\n<p class=\"ds-markdown-paragraph\"><strong>Carico massimo 500kg<\/strong>Capacit\u00e0 superiore del 25% rispetto ai tram merci standard \u2013 trasporta merci ingombranti in singoli viaggi.<\/p>\n<\/li>\n<li>\n<p class=\"ds-markdown-paragraph\"><strong>Letto carico in acciaio rinforzato<\/strong>Pareti alte 550mm proteggono oggetti di dimensioni eccessive (elettrodomestici, materiali da costruzione).<\/p>\n<\/li>\n<\/ul>\n<\/li>\n<li>\n<p class=\"ds-markdown-paragraph\"><strong>Prestazioni ottimizzate per la coppia<\/strong><\/p>\n<ul>\n<li>\n<p class=\"ds-markdown-paragraph\"><strong>Motore 60V1000W<\/strong>Potenze attraverso inclinazioni di 25\u00b0 pienamente caricate a 35 km\/h.<\/p>\n<\/li>\n<li>\n<p class=\"ds-markdown-paragraph\"><strong>Batteria 60V45AH<\/strong>Range: 40-60km (estensibile tramite aggiornamento al litio opzionale).<\/p>\n<\/li>\n<\/ul>\n<\/li>\n<li>\n<p class=\"ds-markdown-paragraph\"><strong>Dominazione del terreno robusto<\/strong><\/p>\n<ul>\n<li>\n<p class=\"ds-markdown-paragraph\"><strong>\u03c637 Forca frontale idraulica<\/strong>: Assorbe becche \/ marciapiedi - 3 volte migliore assorbimento degli urti rispetto alle forchette a molla.<\/p>\n<\/li>\n<li>\n<p class=\"ds-markdown-paragraph\"><strong>3.75-12 Pneumatici per tutti i terreni<\/strong>Prende fango, ghiaia e superfici irregolari.<\/p>\n<\/li>\n<\/ul>\n<\/li>\n<li>\n<p class=\"ds-markdown-paragraph\"><strong>Valore imbattibile<\/strong><\/p>\n<ul>\n<li>\n<p class=\"ds-markdown-paragraph\"><strong>36 unit\u00e0\/40&#8217; Container del quartier generale<\/strong>La densit\u00e0 di spedizione leader del settore riduce i costi logistici.<\/p>\n<\/li>\n<li>\n<p class=\"ds-markdown-paragraph\"><strong>Certificato CCC<\/strong>Risponde ai rigorosi standard di sicurezza\/qualit\u00e0 della Cina.<\/p>\n<\/li>\n<\/ul>\n<\/li>\n<\/ol>\n<p><img fetchpriority=\"high\" decoding=\"async\" class=\"wp-image-3025 alignleft\" src=\"https:\/\/www.tairuiauto.com\/wp-content\/uploads\/2025\/06\/7-4-scaled.png\" alt=\"\" width=\"313\" height=\"248\" srcset=\"https:\/\/www.tairuiauto.com\/wp-content\/uploads\/2025\/06\/7-4-scaled.png 2560w, https:\/\/www.tairuiauto.com\/wp-content\/uploads\/2025\/06\/7-4-300x238.png 300w, https:\/\/www.tairuiauto.com\/wp-content\/uploads\/2025\/06\/7-4-1024x811.png 1024w, https:\/\/www.tairuiauto.com\/wp-content\/uploads\/2025\/06\/7-4-768x608.png 768w, https:\/\/www.tairuiauto.com\/wp-content\/uploads\/2025\/06\/7-4-1536x1217.png 1536w, https:\/\/www.tairuiauto.com\/wp-content\/uploads\/2025\/06\/7-4-2048x1622.png 2048w, https:\/\/www.tairuiauto.com\/wp-content\/uploads\/2025\/06\/7-4-600x475.png 600w\" sizes=\"(max-width: 313px) 100vw, 313px\" \/> <img decoding=\"async\" class=\"wp-image-3026 alignleft\" src=\"https:\/\/www.tairuiauto.com\/wp-content\/uploads\/2025\/06\/1-12-scaled.png\" alt=\"\" width=\"318\" height=\"257\" srcset=\"https:\/\/www.tairuiauto.com\/wp-content\/uploads\/2025\/06\/1-12-scaled.png 2560w, https:\/\/www.tairuiauto.com\/wp-content\/uploads\/2025\/06\/1-12-300x243.png 300w, https:\/\/www.tairuiauto.com\/wp-content\/uploads\/2025\/06\/1-12-1024x828.png 1024w, https:\/\/www.tairuiauto.com\/wp-content\/uploads\/2025\/06\/1-12-768x621.png 768w, https:\/\/www.tairuiauto.com\/wp-content\/uploads\/2025\/06\/1-12-1536x1242.png 1536w, https:\/\/www.tairuiauto.com\/wp-content\/uploads\/2025\/06\/1-12-2048x1656.png 2048w, https:\/\/www.tairuiauto.com\/wp-content\/uploads\/2025\/06\/1-12-600x485.png 600w\" sizes=\"(max-width: 318px) 100vw, 318px\" \/> <img decoding=\"async\" class=\"wp-image-3027 alignleft\" src=\"https:\/\/www.tairuiauto.com\/wp-content\/uploads\/2025\/06\/2-10-scaled.png\" alt=\"\" width=\"304\" height=\"246\" srcset=\"https:\/\/www.tairuiauto.com\/wp-content\/uploads\/2025\/06\/2-10-scaled.png 2560w, https:\/\/www.tairuiauto.com\/wp-content\/uploads\/2025\/06\/2-10-300x243.png 300w, https:\/\/www.tairuiauto.com\/wp-content\/uploads\/2025\/06\/2-10-1024x828.png 1024w, https:\/\/www.tairuiauto.com\/wp-content\/uploads\/2025\/06\/2-10-768x621.png 768w, https:\/\/www.tairuiauto.com\/wp-content\/uploads\/2025\/06\/2-10-1536x1242.png 1536w, https:\/\/www.tairuiauto.com\/wp-content\/uploads\/2025\/06\/2-10-2048x1656.png 2048w, https:\/\/www.tairuiauto.com\/wp-content\/uploads\/2025\/06\/2-10-600x485.png 600w\" sizes=\"(max-width: 304px) 100vw, 304px\" \/><\/p>\n<p>&nbsp;<\/p>\n<p>&nbsp;<\/p>\n<p>&nbsp;<\/p>\n<p>&nbsp;<\/p>\n<p>&nbsp;<\/p>\n<p>&nbsp;<\/p>\n<p>&nbsp;<\/p>\n<hr \/>\n<h3>Vantaggi di differenziazione<\/h3>\n<div class=\"markdown-table-wrapper\">\n<table style=\"width: 75.7044%;\">\n<thead>\n<tr>\n<th style=\"width: 20.4334%;\"><strong>Caratteristiche<\/strong><\/th>\n<th style=\"width: 42.0435%;\"><strong>Questo modello<\/strong><\/th>\n<th style=\"width: 69.102%;\"><strong>Compagnie di trasporto merci<\/strong><\/th>\n<\/tr>\n<\/thead>\n<tbody>\n<tr>\n<td style=\"width: 20.4334%;\"><strong>Capacit\u00e0 di carico utile<\/strong><\/td>\n<td style=\"width: 42.0435%;\"><strong>500 kg<\/strong>\u00a0(pi\u00f9 alto della classe)<\/td>\n<td style=\"width: 69.102%;\">Medio 300-400kg<\/td>\n<\/tr>\n<tr>\n<td style=\"width: 20.4334%;\"><strong>Sospensione<\/strong><\/td>\n<td style=\"width: 42.0435%;\">Forca idraulica industriale \u03c637<\/td>\n<td style=\"width: 69.102%;\">Molle a bobina di base<\/td>\n<\/tr>\n<tr>\n<td style=\"width: 20.4334%;\"><strong>Capacit\u00e0 di arrampicata<\/strong><\/td>\n<td style=\"width: 42.0435%;\">25\u00b0 pienamente caricato<\/td>\n<td style=\"width: 69.102%;\">15-20\u00b0 massimo<\/td>\n<\/tr>\n<tr>\n<td style=\"width: 20.4334%;\"><strong>Efficienza dei costi<\/strong><\/td>\n<td style=\"width: 42.0435%;\">Catena di fornitura ottimizzata per batterie piombo-acide<\/td>\n<td style=\"width: 69.102%;\">Opzioni al litio troppo costose<\/td>\n<\/tr>\n<tr>\n<td style=\"width: 20.4334%;\"><strong>Scala logistica<\/strong><\/td>\n<td style=\"width: 42.0435%;\">36 unit\u00e0\/contenitore (30% pi\u00f9 efficiente)<\/td>\n<td style=\"width: 69.102%;\">Medio 25-28 unit\u00e0<\/td>\n<\/tr>\n<\/tbody>\n<\/table>\n<\/div>\n<blockquote>\n<p class=\"ds-markdown-paragraph\"><strong>chiave Edge<\/strong>: Solo la fusione del trike merci\u00a0<em>mezza tonnellata di carico utile<\/em>\u00a0con\u00a0<em>sospensione idraulica<\/em>\u00a0a questo prezzo: zero compromessi.<\/p>\n<\/blockquote>\n<hr \/>\n<h3>F&amp; Q<\/h3>\n<ol start=\"1\">\n<li>\n<p class=\"ds-markdown-paragraph\"><strong>Q: gamma reale al carico di 500 kg?<\/strong><br \/>\n\u2192  A: 40 km (terreno piatto) \/ 35 km (zone collinarie). Estendere a 55 km con batteria al litio 60V80AH opzionale ($ 120).<\/p>\n<\/li>\n<li>\n<p class=\"ds-markdown-paragraph\"><strong>D: Come beneficia la sospensione idraulica i conducenti?<\/strong><br \/>\n\u2192  R: Riduce l'impatto spinale del 60% su strade difficili - critico per i turni di 8 ore.<\/p>\n<\/li>\n<li>\n<p class=\"ds-markdown-paragraph\"><strong>Q: copertura di garanzia?<\/strong><br \/>\n\u2192 A:\u00a0<strong>Telaio\/letto carico<\/strong>2 anni;\u00a0<strong>Motore\/Controller<\/strong>2 anni;\u00a0<strong>batteria<\/strong>1 anno (piombo-acido).<\/p>\n<\/li>\n<li>\n<p class=\"ds-markdown-paragraph\"><strong>Q: Capacit\u00e0 di avvio in collina con carico completo?<\/strong><br \/>\n\u2192  R: S\u00ec! Il controller a 24 tubi impedisce il rollback su pendii di 25\u00b0.<\/p>\n<\/li>\n<li>\n<p class=\"ds-markdown-paragraph\"><strong>D: Perch\u00e9 piombo-acido sul litio?<\/strong><br \/>\n\u2192  R: Costo iniziale inferiore del 50% \u2013 ideale per flotte a budget ridotto. Aggiornamento al litio disponibile.<\/p>\n<\/li>\n<li>\n<p class=\"ds-markdown-paragraph\"><strong>Q: Manutenzione per uso quotidiano pesante?<\/strong><br \/>\n\u2192 A:\u00a0<strong>Forchette idrauliche<\/strong>Cambio di olio ogni 10.000 km;\u00a0<strong>Freni a tamburo<\/strong>Regolazione mensile;\u00a0<strong>batteria<\/strong>Ricarica acqua ogni 3 mesi.<\/p>\n<\/li>\n<\/ol>\n<hr \/>\n<h3>Specifiche tecniche<\/h3>\n<ul>\n<li>\n<p class=\"ds-markdown-paragraph\"><strong>Frenaggio<\/strong>Freni a tamburo anteriore\/posteriore (fodera resistente alla sbiadida)<\/p>\n<\/li>\n<li>\n<p class=\"ds-markdown-paragraph\"><strong>cornice<\/strong>Acciaio tubulare saldato laser \u2013 testato fino a 750 kg (carico utile 1,5 volte)<\/p>\n<\/li>\n<li>\n<p class=\"ds-markdown-paragraph\"><strong>Pneumatici<\/strong>: 3,75-12 resistente alle forature (rating a 6 strati)<\/p>\n<\/li>\n<li>\n<p class=\"ds-markdown-paragraph\"><strong>Sicurezza<\/strong>Certificazione CCC riflettori posteriori\/bandiera<\/p>\n<\/li>\n<\/ul>\n<hr \/>\n<blockquote>\n<p class=\"ds-markdown-paragraph\"><strong>La bestia del carico: non \u00e8 solo un trike, \u00e8 una macchina che genera profitti. Quando i concorrenti ti costringono a scegliere tra potenza, capacit\u00e0 o comfort, il Triciclo da Merci consegna tutti e tre. Per le aziende che misurano il successo in tonnellate di spostamenti per dollaro, questo \u00e8 il vostro cavallo di lavoro definitivo.<\/strong><\/p>\n<\/blockquote>\n<p class=\"ds-markdown-paragraph\">* Nota: 40-60km range varia in base al carico \/ terreno. La batteria al litio estende la portata del 30-40% con 1.200 cicli.*<\/p>","protected":false},"excerpt":{"rendered":"<p>Il\u00a0<strong>Triciclo di carico<\/strong>\u00a0ridefinisce la logistica urbana pesante con la sua ineguagliabile\u00a0<strong>Capacit\u00e0 di carico utile 500kg<\/strong>\u00a0e robusta affidabilit\u00e0. Progettato per i trasporti quotidiani esigenti, questo cavallo da lavoro certificato CCC combina un\u00a0<strong>motore 60V1000W<\/strong>\u00a0con componenti di qualit\u00e0 industriale - conquistando gradienti di 25 \u00b0 fornendo un raggio di 40-60 km per carica. Il suo letto di carico rinforzato 1500 \u00d7 1130 \u00d7 550mm e la sospensione idraulica garantiscono un funzionamento fluido in cantieri, mercati e magazzini.<\/p>","protected":false},"featured_media":3035,"comment_status":"open","ping_status":"closed","template":"","meta":[],"product_brand":[],"product_cat":[78],"product_tag":[],"class_list":{"0":"post-2874","1":"product","2":"type-product","3":"status-publish","4":"has-post-thumbnail","6":"product_cat-electric-tricycle","8":"first","9":"instock","10":"shipping-taxable","11":"purchasable","12":"product-type-simple"},"_links":{"self":[{"href":"https:\/\/www.tairuiauto.com\/it\/wp-json\/wp\/v2\/product\/2874","targetHints":{"allow":["GET"]}}],"collection":[{"href":"https:\/\/www.tairuiauto.com\/it\/wp-json\/wp\/v2\/product"}],"about":[{"href":"https:\/\/www.tairuiauto.com\/it\/wp-json\/wp\/v2\/types\/product"}],"replies":[{"embeddable":true,"href":"https:\/\/www.tairuiauto.com\/it\/wp-json\/wp\/v2\/comments?post=2874"}],"wp:featuredmedia":[{"embeddable":true,"href":"https:\/\/www.tairuiauto.com\/it\/wp-json\/wp\/v2\/media\/3035"}],"wp:attachment":[{"href":"https:\/\/www.tairuiauto.com\/it\/wp-json\/wp\/v2\/media?parent=2874"}],"wp:term":[{"taxonomy":"product_brand","embeddable":true,"href":"https:\/\/www.tairuiauto.com\/it\/wp-json\/wp\/v2\/product_brand?post=2874"},{"taxonomy":"product_cat","embeddable":true,"href":"https:\/\/www.tairuiauto.com\/it\/wp-json\/wp\/v2\/product_cat?post=2874"},{"taxonomy":"product_tag","embeddable":true,"href":"https:\/\/www.tairuiauto.com\/it\/wp-json\/wp\/v2\/product_tag?post=2874"}],"curies":[{"name":"WP","href":"https:\/\/api.w.org\/{rel}","templated":true}]}}