{"id":3328,"date":"2025-08-20T14:26:36","date_gmt":"2025-08-20T06:26:36","guid":{"rendered":"https:\/\/www.tairuiauto.com\/?post_type=product&#038;p=3328"},"modified":"2026-01-03T16:58:11","modified_gmt":"2026-01-03T08:58:11","slug":"smart-tip-electric-cargo-trike","status":"publish","type":"product","link":"https:\/\/www.tairuiauto.com\/it\/product\/smart-tip-electric-cargo-trike\/","title":{"rendered":"Elettrico Cargo Trike"},"content":{"rendered":"<p data-start=\"464\" data-end=\"759\">\n<h2 data-start=\"766\" data-end=\"806\">Panoramica del prodotto<\/h2>\n<p data-start=\"808\" data-end=\"1154\">Il <strong data-start=\"812\" data-end=\"843\">C113 veicolo carico elettrico<\/strong> \u00e8 leggero <strong data-start=\"861\" data-end=\"918\">triciclo elettrico \/ veicolo commerciale leggero elettrico<\/strong> progettato per il trasporto efficiente di merci in ambienti urbani e semiurbani. Si concentra sulla manovrabilit\u00e0, la capacit\u00e0 di carico e la durata, rendendolo ideale per la consegna last mile, la logistica delle piccole imprese e i servizi comunitari.<\/p>\n<table style=\"border-collapse: collapse; width: 92.4948%; height: 557px;\" border=\"0\" width=\"720\" cellspacing=\"0\" cellpadding=\"0\">\n<tbody>\n<tr style=\"height: 20.00pt;\">\n<td class=\"et5\" style=\"height: 20.00pt; width: 432.45pt;\" colspan=\"2\" width=\"720\" height=\"33\">Configurazione standard<\/td>\n<\/tr>\n<tr style=\"height: 20.00pt;\">\n<td class=\"et5\" style=\"height: 20.00pt;\" height=\"33\">Modello<\/td>\n<td class=\"et7\"><a href=\"#\u76ee\u5f55!A1\">C113<\/a><\/td>\n<\/tr>\n<tr style=\"height: 20.00pt;\">\n<td class=\"et6\" style=\"height: 20.00pt; width: 159.05pt;\" width=\"265\" height=\"33\">Colori opzionali<\/td>\n<td class=\"et6\" style=\"width: 273.40pt;\" width=\"455\">rosso, blu, verde, giallo, grigio, bianco<\/td>\n<\/tr>\n<tr style=\"height: 20.00pt;\">\n<td class=\"et6\" style=\"height: 20.00pt; width: 159.05pt;\" width=\"265\" height=\"33\">L * L * H (mm)<\/td>\n<td class=\"et6\" style=\"width: 273.40pt;\" width=\"455\">3085*1180*1400<\/td>\n<\/tr>\n<tr style=\"height: 20.00pt;\">\n<td class=\"et6\" style=\"height: 20.00pt; width: 159.05pt;\" width=\"265\" height=\"33\">Dimensione della scatola di carico (mm)<\/td>\n<td class=\"et6\" style=\"width: 273.40pt;\" width=\"455\">1600*1100<\/td>\n<\/tr>\n<tr style=\"height: 20.00pt;\">\n<td class=\"et6\" style=\"height: 20.00pt; width: 159.05pt;\" width=\"265\" height=\"33\">Base delle ruote (mm)<\/td>\n<td class=\"et6\" style=\"width: 273.40pt;\" width=\"455\">2055<\/td>\n<\/tr>\n<tr style=\"height: 20.00pt;\">\n<td class=\"et6\" style=\"height: 20.00pt; width: 159.05pt;\" width=\"265\" height=\"33\">pista della ruota (mm)<\/td>\n<td class=\"et6\" style=\"width: 273.40pt;\" width=\"455\">960<\/td>\n<\/tr>\n<tr style=\"height: 20.00pt;\">\n<td class=\"et6\" style=\"height: 20.00pt; width: 159.05pt;\" width=\"265\" height=\"33\">Spazio minimo da terra (mm)<\/td>\n<td class=\"et6\" style=\"width: 273.40pt;\" width=\"455\">\u2265150<\/td>\n<\/tr>\n<tr style=\"height: 20.00pt;\">\n<td class=\"et6\" style=\"height: 20.00pt; width: 159.05pt;\" width=\"265\" height=\"33\">Ragio minimo di rotazione (m)<\/td>\n<td class=\"et6\" style=\"width: 273.40pt;\" width=\"455\">\u22644<\/td>\n<\/tr>\n<tr style=\"height: 20.00pt;\">\n<td class=\"et6\" style=\"height: 20.00pt; width: 159.05pt;\" width=\"265\" height=\"33\">Peso del bordo (kg)<\/td>\n<td class=\"et6\" style=\"width: 273.40pt;\" width=\"455\">262kg<\/td>\n<\/tr>\n<tr style=\"height: 20.00pt;\">\n<td class=\"et6\" style=\"height: 20.00pt; width: 159.05pt;\" width=\"265\" height=\"33\">Carico nominale (kg)<\/td>\n<td class=\"et6\" style=\"width: 273.40pt;\" width=\"455\">500<\/td>\n<\/tr>\n<tr style=\"height: 20.00pt;\">\n<td class=\"et6\" style=\"height: 20.00pt; width: 159.05pt;\" width=\"265\" height=\"33\">Velocit\u00e0 massima (km\/h)<\/td>\n<td class=\"et6\" style=\"width: 273.40pt;\" width=\"455\">45<\/td>\n<\/tr>\n<tr style=\"height: 20.00pt;\">\n<td class=\"et6\" style=\"height: 20.00pt; width: 159.05pt;\" width=\"265\" height=\"33\">Capacit\u00e0 di grado (%)<\/td>\n<td class=\"et6\" style=\"width: 273.40pt;\" width=\"455\">\u226415<\/td>\n<\/tr>\n<tr style=\"height: 20.00pt;\">\n<td class=\"et6\" style=\"height: 20.00pt; width: 159.05pt;\" width=\"265\" height=\"33\">batteria<\/td>\n<td class=\"et6\" style=\"width: 273.40pt;\" width=\"455\">60V45AH-58AH<\/td>\n<\/tr>\n<tr style=\"height: 20.00pt;\">\n<td class=\"et6\" style=\"height: 20.00pt; width: 159.05pt;\" width=\"265\" height=\"33\">Motore, controllore (w)<\/td>\n<td class=\"et6\" style=\"width: 273.40pt;\" width=\"455\">60V1000W<\/td>\n<\/tr>\n<tr style=\"height: 20.00pt;\">\n<td class=\"et6\" style=\"height: 20.00pt; width: 159.05pt;\" width=\"265\" height=\"33\">Range per carica (km)<\/td>\n<td class=\"et6\" style=\"width: 273.40pt;\" width=\"455\">50-60<\/td>\n<\/tr>\n<tr style=\"height: 20.00pt;\">\n<td class=\"et6\" style=\"height: 20.00pt; width: 159.05pt;\" width=\"265\" height=\"33\">Tempo di carica (h)<\/td>\n<td class=\"et6\" style=\"width: 273.40pt;\" width=\"455\">6 ~ 8 ore<\/td>\n<\/tr>\n<tr style=\"height: 20.00pt;\">\n<td class=\"et6\" style=\"height: 20.00pt; width: 159.05pt;\" width=\"265\" height=\"33\">Pneumatico anteriore\/posteriore<\/td>\n<td class=\"et6\" style=\"width: 273.40pt;\" width=\"455\">3.75-12\/4.00-12<\/td>\n<\/tr>\n<tr style=\"height: 20.00pt;\">\n<td class=\"et6\" style=\"height: 20.00pt; width: 159.05pt;\" width=\"265\" height=\"33\">Tipo freno anteriore\/posteriore<\/td>\n<td class=\"et6\" style=\"width: 273.40pt;\" width=\"455\">Anteriore \/ posteriore: tamburo<\/td>\n<\/tr>\n<tr style=\"height: 20.00pt;\">\n<td class=\"et6\" style=\"height: 20.00pt; width: 159.05pt;\" width=\"265\" height=\"33\">Freno di parcheggio<\/td>\n<td class=\"et6\" style=\"width: 273.40pt;\" width=\"455\">Freno a mano<\/td>\n<\/tr>\n<\/tbody>\n<\/table>\n<hr data-start=\"1156\" data-end=\"1159\" \/>\n<h2 data-start=\"1161\" data-end=\"1183\">Descrizione del prodotto<\/h2>\n<p data-start=\"1308\" data-end=\"1680\">Il <strong data-start=\"1312\" data-end=\"1343\">C113 veicolo carico elettrico<\/strong> presenta una struttura carrozzeria compatta ottimizzata per strade strette e scenari di consegna ad alta frequenza. Con dimensioni complessive di <strong data-start=\"1473\" data-end=\"1498\">3085 \u00d7 1180 \u00d7 1400 mm<\/strong> e una <strong data-start=\"1505\" data-end=\"1529\">distanza tra assi di 2055 mm<\/strong>Il veicolo mantiene un'eccellente stabilit\u00e0 permettendo al contempo un facile accesso ai vicoli, ai mercati e alle zone residenziali dove i veicoli pi\u00f9 grandi sono impraticabili.<\/p>\n<p data-start=\"1682\" data-end=\"2039\">Progettato per l'efficienza del carico, il veicolo \u00e8 dotato di un <strong data-start=\"1744\" data-end=\"1772\">Scatola di carico 1600 \u00d7 1100 mm<\/strong>fornire spazio sufficiente per beni quotidiani, pacchi e strumenti. Con un <strong data-start=\"1845\" data-end=\"1878\">capacit\u00e0 di carico nominale di 500 kg<\/strong> e una <strong data-start=\"1885\" data-end=\"1915\">peso di marciapiede di soli 262 kg<\/strong>Il C113 raggiunge un eccezionale rapporto carico-peso, migliorando l'efficienza energetica e riducendo i costi operativi per gli utenti.<\/p>\n<p data-start=\"2041\" data-end=\"2402\">Alimentato da un <strong data-start=\"2054\" data-end=\"2088\">Sistema di batteria 60V (45Ah-58Ah)<\/strong> e una <strong data-start=\"2095\" data-end=\"2138\">Motore 60V 1000W con controller abbinato<\/strong>Il veicolo fornisce prestazioni stabili e affidabili per le operazioni logistiche quotidiane. Il <strong data-start=\"2229\" data-end=\"2261\">raggio per carica di 50-60 km<\/strong> \u00e8 adatto per percorsi di consegna urbani a breve distanza, distribuzione comunitaria e logistica interna all'interno di parchi industriali o campus.<\/p>\n<p data-start=\"2404\" data-end=\"2774\">Il C113 \u00e8 progettato per semplicit\u00e0 di utilizzo e sicurezza. Un <strong data-start=\"2463\" data-end=\"2502\">raggio minimo di rotazione di \u22644 metri<\/strong> permette una manovra fluida in spazi confinati, mentre un <strong data-start=\"2558\" data-end=\"2597\">distanza minima da terra di \u2265150 mm<\/strong> permette al veicolo di gestire strade irregolari, urti di velocit\u00e0 e percorsi rurali con sicurezza. Il <strong data-start=\"2691\" data-end=\"2719\">Velocit\u00e0 massima di 45 km\/h<\/strong> bilancia efficienza e sicurezza per l'uso della consegna urbana.<\/p>\n<p data-start=\"2776\" data-end=\"3110\">Il sistema di telaio adotta <strong data-start=\"2802\" data-end=\"2832\">freni a tamburo anteriori e posteriori<\/strong>che fornisce prestazioni di frenatura affidabili in condizioni di carico. Un <strong data-start=\"2902\" data-end=\"2933\">freno di parcheggio manuale<\/strong> garantisce parcheggio sicuro durante le operazioni di carico e scarico. Il <strong data-start=\"3002\" data-end=\"3052\">dimensioni pneumatici anteriori e posteriori di 3.75-12 \/ 4.00-12<\/strong> offrono buona capacit\u00e0 di carico e adattabilit\u00e0 stradale.<\/p>\n<p data-start=\"3112\" data-end=\"3390\">La ricarica \u00e8 semplice e conveniente, con un <strong data-start=\"3154\" data-end=\"3184\">Tempo di ricarica di 6-8 ore<\/strong>permettendo la ricarica durante la notte e il funzionamento quotidiano ininterrotto. Moltiplice <strong data-start=\"3258\" data-end=\"3282\">colori del corpo opzionali<\/strong>- incluso rosso, blu, verde, giallo, grigio e bianco - supporta i requisiti di branding e identificazione della flotta.<\/p>\n<p data-start=\"3392\" data-end=\"3593\">Come pratica <strong data-start=\"3407\" data-end=\"3438\">piattaforma veicolo personalizzata<\/strong>Il C113 pu\u00f2 essere adattato a diverse configurazioni di carico e applicazioni speciali per veicoli, rendendolo adatto a una vasta gamma di scenari commerciali.<\/p>\n<hr data-start=\"3595\" data-end=\"3598\" \/>\n<h2 data-start=\"3600\" data-end=\"3642\">Caratteristiche principali &amp; Vantaggi<\/h2>\n<h3 data-start=\"3644\" data-end=\"3658\">Caratteristiche<\/h3>\n<ul data-start=\"3659\" data-end=\"3843\">\n<li data-start=\"3659\" data-end=\"3700\">\n<p data-start=\"3661\" data-end=\"3700\">Progettazione di veicoli da carico elettrici compatti<\/p>\n<\/li>\n<li data-start=\"3701\" data-end=\"3734\">\n<p data-start=\"3703\" data-end=\"3734\">Capacit\u00e0 nominale di carico utile di 500 kg<\/p>\n<\/li>\n<li data-start=\"3735\" data-end=\"3774\">\n<p data-start=\"3737\" data-end=\"3774\">Sistema di batteria 60V con motore 1000W<\/p>\n<\/li>\n<li data-start=\"3775\" data-end=\"3811\">\n<p data-start=\"3777\" data-end=\"3811\">Scatola di carico grande (1600 \u00d7 1100 mm)<\/p>\n<\/li>\n<li data-start=\"3812\" data-end=\"3843\">\n<p data-start=\"3814\" data-end=\"3843\">Piccolo raggio di rotazione (\u22644 m)<\/p>\n<\/li>\n<\/ul>\n<h3 data-start=\"3845\" data-end=\"3861\">Vantaggi<\/h3>\n<ul data-start=\"3862\" data-end=\"4069\">\n<li data-start=\"3862\" data-end=\"3917\">\n<p data-start=\"3864\" data-end=\"3917\">Facile accesso a strade strette e zone urbane dense<\/p>\n<\/li>\n<li data-start=\"3918\" data-end=\"3966\">\n<p data-start=\"3920\" data-end=\"3966\">Alta efficienza di carico con basso peso del veicolo<\/p>\n<\/li>\n<li data-start=\"3967\" data-end=\"4015\">\n<p data-start=\"3969\" data-end=\"4015\">Basso consumo energetico e costi di manutenzione<\/p>\n<\/li>\n<li data-start=\"4016\" data-end=\"4069\">\n<p data-start=\"4018\" data-end=\"4069\">Funzionamento semplice e prestazioni di frenatura affidabili<\/p>\n<\/li>\n<\/ul>\n<h3 data-start=\"4071\" data-end=\"4091\">Vantaggi per l'acquirente<\/h3>\n<ul data-start=\"4092\" data-end=\"4275\">\n<li data-start=\"4092\" data-end=\"4128\">\n<p data-start=\"4094\" data-end=\"4128\">Riduzione dei costi di consegna last mile<\/p>\n<\/li>\n<li data-start=\"4129\" data-end=\"4180\">\n<p data-start=\"4131\" data-end=\"4180\">Migliorare l'efficienza della consegna in aree congestionate<\/p>\n<\/li>\n<li data-start=\"4181\" data-end=\"4220\">\n<p data-start=\"4183\" data-end=\"4220\">Costo totale di propriet\u00e0 (TCO) pi\u00f9 basso<\/p>\n<\/li>\n<li data-start=\"4221\" data-end=\"4275\">\n<p data-start=\"4223\" data-end=\"4275\">Adatto per piccole imprese e operazioni di flotte<\/p>\n<\/li>\n<\/ul>\n<h3 data-start=\"4277\" data-end=\"4291\">Prova<\/h3>\n<ul data-start=\"4292\" data-end=\"4454\">\n<li data-start=\"4292\" data-end=\"4344\">\n<p data-start=\"4294\" data-end=\"4344\">Architettura di trasmissione elettrica a tricicli provata<\/p>\n<\/li>\n<li data-start=\"4345\" data-end=\"4399\">\n<p data-start=\"4347\" data-end=\"4399\">Ampiamente utilizzato sistema di frenatura a tamburo per veicoli da carico<\/p>\n<\/li>\n<li data-start=\"4400\" data-end=\"4454\">\n<p data-start=\"4402\" data-end=\"4454\">Progettazione pratica ottimizzata per l'uso della logistica urbana<\/p>\n<\/li>\n<\/ul>\n<hr data-start=\"4456\" data-end=\"4459\" \/>\n<h2 data-start=\"4461\" data-end=\"4485\">Scenari di applicazione<\/h2>\n<ul data-start=\"4487\" data-end=\"4674\">\n<li data-start=\"4487\" data-end=\"4515\">\n<p data-start=\"4489\" data-end=\"4515\">Consegna urbana last mile<\/p>\n<\/li>\n<li data-start=\"4516\" data-end=\"4555\">\n<p data-start=\"4518\" data-end=\"4555\">Logistica comunitaria e residenziale<\/p>\n<\/li>\n<li data-start=\"4556\" data-end=\"4595\">\n<p data-start=\"4558\" data-end=\"4595\">Trasporto merci per piccole imprese<\/p>\n<\/li>\n<li data-start=\"4596\" data-end=\"4630\">\n<p data-start=\"4598\" data-end=\"4630\">Mercato e distribuzione al dettaglio<\/p>\n<\/li>\n<li data-start=\"4631\" data-end=\"4674\">\n<p data-start=\"4633\" data-end=\"4674\">Applicazioni speciali su misura per veicoli<\/p>\n<\/li>\n<\/ul>\n<hr data-start=\"4676\" data-end=\"4679\" \/>\n<h2 data-start=\"4681\" data-end=\"4711\">Perch\u00e9 scegliere C113 da Tairui<\/h2>\n<p data-start=\"4713\" data-end=\"5059\">Con forti capacit\u00e0 nello sviluppo e nella produzione di veicoli elettrici, <strong data-start=\"4789\" data-end=\"4843\">Shandong Tairui Automobile &amp; amp; Elettronica Co., Ltd.<\/strong> fornisce affidabilit\u00e0 <strong data-start=\"4862\" data-end=\"4894\">soluzioni logistiche elettriche<\/strong> per i mercati globali. Dalla progettazione del prodotto alla personalizzazione OEM e al supporto post-vendita, aiutiamo i clienti a migliorare l'efficienza operativa e a ridurre i rischi di approvvigionamento.<\/p>\n<hr data-start=\"5061\" data-end=\"5064\" \/>\n<h2 data-start=\"5066\" data-end=\"5089\">Chiama all'azione (CTA)<\/h2>\n<p data-start=\"5091\" data-end=\"5358\">Alla ricerca di un costo-efficiente <strong data-start=\"5120\" data-end=\"5146\">veicolo carico elettrico<\/strong> oppure a <strong data-start=\"5152\" data-end=\"5193\">soluzione triciclo elettrico su misura<\/strong> per le vostre esigenze logistiche?<br data-start=\"5219\" data-end=\"5222\" \/><strong data-start=\"5222\" data-end=\"5242\">Contattaci oggi<\/strong> per ricevere specifiche dettagliate, opzioni di personalizzazione, informazioni sui prezzi e supporto tecnico professionale.<\/p>\n<hr data-start=\"5360\" data-end=\"5363\" \/>\n<h2 data-start=\"5365\" data-end=\"5371\">Domande frequenti<\/h2>\n<p data-start=\"5373\" data-end=\"5512\"><strong data-start=\"5373\" data-end=\"5430\">Q1: Qual \u00e8 la capacit\u00e0 massima di carico utile del C113?<\/strong><br data-start=\"5430\" data-end=\"5433\" \/>La capacit\u00e0 di carico nominale \u00e8 <strong data-start=\"5460\" data-end=\"5470\">500 kg<\/strong>adatto per i compiti quotidiani di consegna urbana.<\/p>\n<p data-start=\"5514\" data-end=\"5655\"><strong data-start=\"5514\" data-end=\"5559\">Q2: Qual \u00e8 la gamma di guida per carica?<\/strong><br data-start=\"5559\" data-end=\"5562\" \/>Il veicolo offre una gamma di <strong data-start=\"5592\" data-end=\"5604\">50-60 km<\/strong> a carico, a seconda del carico e delle condizioni stradali.<\/p>\n<p data-start=\"5657\" data-end=\"5799\"><strong data-start=\"5657\" data-end=\"5709\">Q3: Il C113 \u00e8 facile da usare in aree strette?<\/strong><br data-start=\"5709\" data-end=\"5712\" \/>- S\u00ec. - S\u00ec. Le sue dimensioni compatte e <strong data-start=\"5738\" data-end=\"5761\">\u22644 m raggio di rotazione<\/strong> lo rendono ideale per spazi urbani stretti.<\/p>\n<p data-start=\"5801\" data-end=\"5944\"><strong data-start=\"5801\" data-end=\"5859\">Q4: Quanto tempo ci vuole per caricare completamente la batteria?<\/strong><br data-start=\"5859\" data-end=\"5862\" \/>Il tempo di ricarica \u00e8 di circa <strong data-start=\"5897\" data-end=\"5910\">6-8 ore<\/strong>adatto per la ricarica durante la notte.<\/p>\n<p data-start=\"5946\" data-end=\"6076\"><strong data-start=\"5946\" data-end=\"5984\">Q5: Il veicolo pu\u00f2 essere personalizzato?<\/strong><br data-start=\"5984\" data-end=\"5987\" \/>- S\u00ec. - S\u00ec. \u00c8 disponibile la personalizzazione OEM, inclusa la configurazione della scatola di carico e le opzioni di colore.<\/p>","protected":false},"excerpt":{"rendered":"<p>Il veicolo cargo elettrico C113 \u00e8 un veicolo cargo elettrico compatto progettato per la logistica a breve distanza e la consegna urbana. Con un'alta capacit\u00e0 di carico utile, raggio di giro stretto e bassi costi operativi, fornisce una soluzione elettrica pratica e affidabile per il trasporto last mile e l'uso commerciale leggero.<\/p>","protected":false},"featured_media":3670,"comment_status":"open","ping_status":"closed","template":"","meta":[],"product_brand":[],"product_cat":[78],"product_tag":[],"class_list":{"0":"post-3328","1":"product","2":"type-product","3":"status-publish","4":"has-post-thumbnail","6":"product_cat-electric-tricycle","8":"first","9":"instock","10":"shipping-taxable","11":"purchasable","12":"product-type-simple"},"_links":{"self":[{"href":"https:\/\/www.tairuiauto.com\/it\/wp-json\/wp\/v2\/product\/3328","targetHints":{"allow":["GET"]}}],"collection":[{"href":"https:\/\/www.tairuiauto.com\/it\/wp-json\/wp\/v2\/product"}],"about":[{"href":"https:\/\/www.tairuiauto.com\/it\/wp-json\/wp\/v2\/types\/product"}],"replies":[{"embeddable":true,"href":"https:\/\/www.tairuiauto.com\/it\/wp-json\/wp\/v2\/comments?post=3328"}],"wp:featuredmedia":[{"embeddable":true,"href":"https:\/\/www.tairuiauto.com\/it\/wp-json\/wp\/v2\/media\/3670"}],"wp:attachment":[{"href":"https:\/\/www.tairuiauto.com\/it\/wp-json\/wp\/v2\/media?parent=3328"}],"wp:term":[{"taxonomy":"product_brand","embeddable":true,"href":"https:\/\/www.tairuiauto.com\/it\/wp-json\/wp\/v2\/product_brand?post=3328"},{"taxonomy":"product_cat","embeddable":true,"href":"https:\/\/www.tairuiauto.com\/it\/wp-json\/wp\/v2\/product_cat?post=3328"},{"taxonomy":"product_tag","embeddable":true,"href":"https:\/\/www.tairuiauto.com\/it\/wp-json\/wp\/v2\/product_tag?post=3328"}],"curies":[{"name":"WP","href":"https:\/\/api.w.org\/{rel}","templated":true}]}}