{"id":3357,"date":"2025-08-20T14:52:55","date_gmt":"2025-08-20T06:52:55","guid":{"rendered":"https:\/\/www.tairuiauto.com\/?post_type=product&#038;p=3357"},"modified":"2025-09-12T13:43:59","modified_gmt":"2025-09-12T05:43:59","slug":"self-dumping-electric-cargo-trike","status":"publish","type":"product","link":"https:\/\/www.tairuiauto.com\/it\/product\/self-dumping-electric-cargo-trike\/","title":{"rendered":"Autodumping Elettrico Cargo Trike"},"content":{"rendered":"<h2 class=\"header-vfC6AV auto-hide-last-sibling-br\">Punti di vendita<\/h2>\n<h3 class=\"header-vfC6AV auto-hide-last-sibling-br\">1. Self senza sforzo &#8211; Dumping<\/h3>\n<div class=\"auto-hide-last-sibling-br paragraph-JOTKXA paragraph-element br-paragraph-space\">Il\u00a0<strong>Auto &#8211; Dumping Elettrico Cargo Trike<\/strong>La funzione di inclinazione \u00e8 una meraviglia, permettendo lo scarico rapido di materiali sciolti in pochi secondi. Che si tratti di un camion carico di ghiaia in un cantiere o di un mucchio di colture raccolte in una fattoria, questa funzione elimina la necessit\u00e0 di ritorno &#8211; rompere il lavoro manuale. Nel contesto della costruzione, dove il tempo \u00e8 denaro e l\u2019efficienza regna suprema, questo consolida lo status del trike come il\u00a0<em>costruzione auto &#8211; dumping trike carico elettrico<\/em>\u00a0\u2013 una soluzione eccezionale per gli equipaggi che cercano di accelerare i tempi del progetto. L'azione di scarico senza soluzioni di continuit\u00e0 garantisce che i materiali siano depositati esattamente dove necessario, riducendo al minimo gli sprechi e massimizzando la continuit\u00e0 del flusso di lavoro.<\/div>\n<h3 class=\"header-vfC6AV auto-hide-last-sibling-br\">2. Flessibilit\u00e0 di doppia tensione<\/h3>\n<div class=\"auto-hide-last-sibling-br paragraph-JOTKXA paragraph-element br-paragraph-space\">Dotato di opzioni di alimentazione 48\/60V, il\u00a0<strong>Auto &#8211; Dumping Elettrico Cargo Trike<\/strong>\u00a0dimostra un'adattabilit\u00e0 senza pari. Questo doppio &#8211; capacit\u00e0 di tensione permette di integrarsi senza problemi in diverse configurazioni operative, dalla potenza &#8211; ambienti limitati di aziende agricole remote alle infrastrutture elettriche pi\u00f9 robuste di grandi &#8211; Scala siti di lavoro. Per gli agricoltori che navigano spesso &#8211; alimentazione imprevedibile delle aree rurali, funziona come il\u00a0<em>auto agricolo &#8211; dumping trike carico elettrico<\/em>alimentando in modo affidabile le attivit\u00e0 quotidiane come il trasporto dei fertilizzanti e il trasporto dei prodotti. Nel frattempo, sui movimentati cantieri di costruzione, attinge a &#8211; fonti di tensione per mantenere le prestazioni di picco, assicurando che il\u00a0<em>auto versatile &#8211; dumping trike carico elettrico<\/em>\u00a0risponde al suo nome soddisfando ogni esigenza energetica.<\/div>\n<h3 class=\"header-vfC6AV auto-hide-last-sibling-br\">3. Progettazione duratura<\/h3>\n<div class=\"auto-hide-last-sibling-br paragraph-JOTKXA paragraph-element br-paragraph-space\">Realizzato con la durata in mente, il\u00a0<strong>Auto &#8211; Dumping Elettrico Cargo Trike<\/strong>\u00a0caratteristiche cerchi in acciaio e pesanti &#8211; ammortizzatori di servizio che gli consentono di resistere ai rigori del terreno aspro. Che si tratti di attraversare i sentieri irregolari e rocciosi di una cava o di navigare nel vaso scomparso &#8211; strade forate di una fattoria rurale, questo trike rimane fermo. I cerchi in acciaio resistono ai danni da detriti e superfici irregolari, mentre gli ammortizzatori ammortizzano la corsa, proteggendo sia il veicolo che il suo carico. Questa costruzione robusta garantisce longevit\u00e0, anche negli ambienti pi\u00f9 esigenti, rendendola un costo &#8211; Investimenti efficaci per le imprese che non possono permettersi frequenti sostituzioni di attrezzature. Per le operazioni che spingono le macchine ai suoi limiti, il\u00a0<strong>Auto &#8211; Dumping Elettrico Cargo Trike<\/strong>\u00a0\u00e8 una testimonianza della resilienza, dimostrando che pu\u00f2 affrontare le sfide pi\u00f9 difficili giorno dopo giorno.<\/div>\n<h2>specificazione<\/h2>\n<table style=\"border-collapse: collapse; width: 91.5729%; height: 618px;\" border=\"0\" width=\"720\" cellspacing=\"0\" cellpadding=\"0\">\n<tbody>\n<tr style=\"height: 20.00pt;\">\n<td class=\"et5\" style=\"height: 20.00pt; width: 432.45pt;\" colspan=\"2\" width=\"720\" height=\"33\">Configurazione standard<\/td>\n<\/tr>\n<tr style=\"height: 20.00pt;\">\n<td class=\"et6\" style=\"height: 20.00pt;\" height=\"33\">Modello<\/td>\n<td class=\"et8\"><a href=\"#\u76ee\u5f55!A1\">C111<\/a><\/td>\n<\/tr>\n<tr style=\"height: 20.00pt;\">\n<td class=\"et7\" style=\"height: 20.00pt; width: 159.05pt;\" width=\"265\" height=\"33\">L\u00d7L\u00d7H (mm)<\/td>\n<td class=\"et7\" style=\"width: 273.40pt;\" width=\"455\">2980\u00d71080\u00d71340<\/td>\n<\/tr>\n<tr style=\"height: 20.00pt;\">\n<td class=\"et7\" style=\"height: 20.00pt; width: 159.05pt;\" width=\"265\" height=\"33\">Dimensione della scatola di carico (mm)<\/td>\n<td class=\"et7\" style=\"width: 273.40pt;\" width=\"455\">1300\u00d7950<\/td>\n<\/tr>\n<tr style=\"height: 20.00pt;\">\n<td class=\"et7\" style=\"height: 20.00pt; width: 159.05pt;\" width=\"265\" height=\"33\">Base delle ruote (mm)<\/td>\n<td class=\"et7\" style=\"width: 273.40pt;\" width=\"455\">2040<\/td>\n<\/tr>\n<tr style=\"height: 20.00pt;\">\n<td class=\"et7\" style=\"height: 20.00pt; width: 159.05pt;\" width=\"265\" height=\"33\">pista della ruota (mm)<\/td>\n<td class=\"et7\" style=\"width: 273.40pt;\" width=\"455\">880<\/td>\n<\/tr>\n<tr style=\"height: 20.00pt;\">\n<td class=\"et7\" style=\"height: 20.00pt; width: 159.05pt;\" width=\"265\" height=\"33\">Spazio minimo da terra (mm)<\/td>\n<td class=\"et7\" style=\"width: 273.40pt;\" width=\"455\">\u2265150<\/td>\n<\/tr>\n<tr style=\"height: 20.00pt;\">\n<td class=\"et7\" style=\"height: 20.00pt; width: 159.05pt;\" width=\"265\" height=\"33\">Ragio minimo di rotazione (m)<\/td>\n<td class=\"et7\" style=\"width: 273.40pt;\" width=\"455\">\u22644<\/td>\n<\/tr>\n<tr style=\"height: 20.00pt;\">\n<td class=\"et7\" style=\"height: 20.00pt; width: 159.05pt;\" width=\"265\" height=\"33\">Peso del bordo (kg)<\/td>\n<td class=\"et7\" style=\"width: 273.40pt;\" width=\"455\">196<\/td>\n<\/tr>\n<tr style=\"height: 20.00pt;\">\n<td class=\"et7\" style=\"height: 20.00pt; width: 159.05pt;\" width=\"265\" height=\"33\">Velocit\u00e0 massima (km\/h)<\/td>\n<td class=\"et7\" style=\"width: 273.40pt;\" width=\"455\">35-45<\/td>\n<\/tr>\n<tr style=\"height: 20.00pt;\">\n<td class=\"et7\" style=\"height: 20.00pt; width: 159.05pt;\" width=\"265\" height=\"33\">Capacit\u00e0 di grado (%)<\/td>\n<td class=\"et7\" style=\"width: 273.40pt;\" width=\"455\">\u226415<\/td>\n<\/tr>\n<tr style=\"height: 20.00pt;\">\n<td class=\"et7\" style=\"height: 20.00pt; width: 159.05pt;\" width=\"265\" height=\"33\">batteria<\/td>\n<td class=\"et7\" style=\"width: 273.40pt;\" width=\"455\">48\/60V45AH-58AH<\/td>\n<\/tr>\n<tr style=\"height: 20.00pt;\">\n<td class=\"et7\" style=\"height: 20.00pt; width: 159.05pt;\" width=\"265\" height=\"33\">Motore, controllore (w)<\/td>\n<td class=\"et7\" style=\"width: 273.40pt;\" width=\"455\">Magneto permanente 48\/60V1000W<\/td>\n<\/tr>\n<tr style=\"height: 20.00pt;\">\n<td class=\"et7\" style=\"height: 20.00pt; width: 159.05pt;\" width=\"265\" height=\"33\">Range per carica (km)<\/td>\n<td class=\"et7\" style=\"width: 273.40pt;\" width=\"455\">50-70<\/td>\n<\/tr>\n<tr style=\"height: 20.00pt;\">\n<td class=\"et7\" style=\"height: 20.00pt; width: 159.05pt;\" width=\"265\" height=\"33\">Tempo di carica (h)<\/td>\n<td class=\"et7\" style=\"width: 273.40pt;\" width=\"455\">6 ~ 8 ore<\/td>\n<\/tr>\n<tr style=\"height: 20.00pt;\">\n<td class=\"et7\" style=\"height: 20.00pt; width: 159.05pt;\" width=\"265\" height=\"33\">Amortizzatore anteriore<\/td>\n<td class=\"et7\" style=\"width: 273.40pt;\" width=\"455\">\u03c631 Molla esterna Tamburo ammortizzatore<\/td>\n<\/tr>\n<tr style=\"height: 20.00pt;\">\n<td class=\"et7\" style=\"height: 20.00pt; width: 159.05pt;\" width=\"265\" height=\"33\">Ammortizzatore posteriore<\/td>\n<td class=\"et7\" style=\"width: 273.40pt;\" width=\"455\">ramo foglia<\/td>\n<\/tr>\n<tr style=\"height: 20.00pt;\">\n<td class=\"et7\" style=\"height: 20.00pt; width: 159.05pt;\" width=\"265\" height=\"33\">Pneumatico anteriore\/posteriore<\/td>\n<td class=\"et7\" style=\"width: 273.40pt;\" width=\"455\">3.00-12\/3.50-12<\/td>\n<\/tr>\n<tr style=\"height: 20.00pt;\">\n<td class=\"et7\" style=\"height: 20.00pt; width: 159.05pt;\" width=\"265\" height=\"33\">Tipo di cerchio<\/td>\n<td class=\"et7\" style=\"width: 273.40pt;\" width=\"455\">acciaio<\/td>\n<\/tr>\n<tr style=\"height: 20.00pt;\">\n<td class=\"et7\" style=\"height: 20.00pt; width: 159.05pt;\" width=\"265\" height=\"33\">Tipo freno anteriore\/posteriore<\/td>\n<td class=\"et7\" style=\"width: 273.40pt;\" width=\"455\">Un trascinare tre freni a tamburo<\/td>\n<\/tr>\n<tr style=\"height: 20.00pt;\">\n<td class=\"et7\" style=\"height: 20.00pt; width: 159.05pt;\" width=\"265\" height=\"33\">Freno di parcheggio<\/td>\n<td class=\"et7\" style=\"width: 273.40pt;\" width=\"455\">Freno a mano<\/td>\n<\/tr>\n<tr style=\"height: 20.00pt;\">\n<td class=\"et7\" style=\"height: 20.00pt; width: 159.05pt;\" width=\"265\" height=\"33\">Struttura dell'asse posteriore<\/td>\n<td class=\"et7\" style=\"width: 273.40pt;\" width=\"455\">Asse posteriore integrato<\/td>\n<\/tr>\n<\/tbody>\n<\/table>\n<h2 class=\"header-vfC6AV auto-hide-last-sibling-br\">Scenari di utilizzo<\/h2>\n<h3 class=\"header-vfC6AV auto-hide-last-sibling-br\">1. Siti di costruzione<\/h3>\n<div class=\"auto-hide-last-sibling-br paragraph-JOTKXA paragraph-element br-paragraph-space\">Nei cantieri di costruzione, il\u00a0<strong>Auto &#8211; Dumping Elettrico Cargo Trike<\/strong>\u00a0prende il centro come strumento vitale per il trasporto di materiali. Trascina senza sforzo sabbia, ghiaia e detriti di costruzione, sfruttando il suo s\u00e9 &#8211; funzione di scarico per depositare carichi direttamente nel punto di necessit\u00e0, sia accanto a una fondazione in fase di posa che a una parete in costruzione. Ci\u00f2 elimina la necessit\u00e0 di attrezzature aggiuntive come escavatori o caricatori per gestire lo scarico, riducendo sia i costi che i tempi del progetto. Nel veloce &#8211; nel mondo della costruzione, dove ogni minuto conta, l\u2019efficienza del trike garantisce che gli equipaggi possano continuare a muoversi avanti senza essere bloccati da ostacoli logistici.<\/div>\n<h3 class=\"header-vfC6AV auto-hide-last-sibling-br\">2. Aziende agricole<\/h3>\n<div class=\"auto-hide-last-sibling-br paragraph-JOTKXA paragraph-element br-paragraph-space\">Le aziende agricole dipendono fortemente dal\u00a0<strong>Auto &#8211; Dumping Elettrico Cargo Trike<\/strong>\u00a0per semplificare le operazioni quotidiane. Come il\u00a0<em>auto agricolo &#8211; dumping trike carico elettrico<\/em>Si rivela inestimabile per il trasporto di tutto, dalle colture appena raccolte ai sacchi ingombranti di fertilizzanti. La capacit\u00e0 di scaricare rapidamente i materiali significa che gli agricoltori possono scaricare in modo efficiente i prodotti negli impianti di stoccaggio o distribuire i fertilizzanti in tutti i campi senza ritardo. Il suo design robusto permette anche di navigare sul terreno irregolare comune in ambienti agricoli, sia che si tratti di un pascolo fangoso dopo una tempesta o di una ghiaia &#8211; strada di accesso piena che conduce a un campo remoto. Per piccoli &#8211; Scala agricoltori e grandi imprese agricole allo stesso modo, \u00e8 un cavallo da lavoro affidabile che aumenta la produttivit\u00e0 durante la piantagione, la raccolta e tutto il resto.<\/div>\n<h3 class=\"header-vfC6AV auto-hide-last-sibling-br\">3. Operazioni di cava<\/h3>\n<div class=\"auto-hide-last-sibling-br paragraph-JOTKXA paragraph-element br-paragraph-space\">In ambienti di cava, dove il terreno \u00e8 duro e i carichi sono pesanti, il\u00a0<strong>Auto &#8211; Dumping Elettrico Cargo Trike<\/strong>\u00a0dimostra il suo coraggio. \u00c8 incaricato di muoversi piccolo &#8211; materiali di scala come roccia schiacciata e minerale, navigando i sentieri rocciosi e irregolari con facilit\u00e0 grazie alla sua costruzione resistente. Il s\u00e9 &#8211; La funzione di dumping semplifica il processo di scarico, consentendo agli operatori di depositare rapidamente i materiali nelle aree di lavorazione o nelle zone di carico. A differenza dei veicoli pi\u00f9 grandi e ingombranti che potrebbero avere difficolt\u00e0 a manovrare negli spazi stretti di una cava, le dimensioni compatte e la manovrabilit\u00e0 agile del trike lo rendono una scelta ideale per il trasporto di materiali su distanze brevi e medie. \u00c8 una testimonianza di come il\u00a0<strong>Auto &#8211; Dumping Elettrico Cargo Trike<\/strong>\u00a0pu\u00f2 adattarsi anche agli ambienti industriali pi\u00f9 impegnativi.<\/div>\n<h2 class=\"header-vfC6AV auto-hide-last-sibling-br\">Domande frequenti<\/h2>\n<h3 class=\"header-vfC6AV auto-hide-last-sibling-br\">1. Q: Che tipo di sistema frenante fa l'auto &#8211; Dumping Electric Cargo Trike uso?<\/h3>\n<div class=\"auto-hide-last-sibling-br paragraph-JOTKXA paragraph-element br-paragraph-space\"><strong>Un<\/strong>: Il\u00a0<strong>Auto &#8211; Dumping Elettrico Cargo Trike<\/strong>\u00a0\u00e8 dotato di un &#8211; trascinare &#8211; Tre freni a tamburo. Questo robusto sistema frenante garantisce fermate sicure e affidabili, anche quando il trike \u00e8 pienamente caricato di materiali pesanti. Che si tratti di navigare in ripida discesa in una cava o di fermarsi in una zona di costruzione affollata, i freni forniscono la forza di fermata necessaria per mantenere al sicuro operatori e passeggeri.<\/div>\n<h3 class=\"header-vfC6AV auto-hide-last-sibling-br\">2. Q: Quanto lontano pu\u00f2 il s\u00e9 &#8211; Dumping Electric Cargo Trike viaggiare con una singola carica?<\/h3>\n<div class=\"auto-hide-last-sibling-br paragraph-JOTKXA paragraph-element br-paragraph-space\"><strong>Un<\/strong>A carica completa, il\u00a0<strong>Auto &#8211; Dumping Elettrico Cargo Trike<\/strong>\u00a0offre una gamma impressionante di 50 &#8211; 70 km. Ci\u00f2 lo rende perfettamente adatto a tutti &#8211; operazioni giornaliere, sia che si tratti di una giornata di corse continue in una grande fattoria o di turni prolungati in un cantiere occupato. Il\u00a0<em>48\/60V auto &#8211; dumping trike carico elettrico<\/em>\u00a0(la nostra variazione della parola chiave) sfrutta l'efficienza della batteria per garantire che possa tenere il passo con le esigenze di giornate lavorative intensive senza frequenti interruzioni di ricarica.<\/div>\n<h3 class=\"header-vfC6AV auto-hide-last-sibling-br\">3. Q: Come utente &#8211; amichevole \u00e8 il meccanismo di dumping?<\/h3>\n<div class=\"auto-hide-last-sibling-br paragraph-JOTKXA paragraph-element br-paragraph-space\"><strong>Un<\/strong>Il meccanismo di dumping del\u00a0<strong>Auto &#8211; Dumping Elettrico Cargo Trike<\/strong>\u00a0\u00e8 progettato con semplicit\u00e0 e facilit\u00e0 di utilizzo in mente. Gli operatori possono attivare la funzione di inclinazione tramite semplici comandi, richiedendo un minimo sforzo per avviare il processo di scarico. Questo utente &#8211; design amichevole significa che anche gli utenti principianti possono rapidamente padroneggiare la funzione, risparmiando tempo prezioso per gli equipaggi sul lavoro. Che tu sia un lavoratore delle costruzioni con un programma stretto o un contadino che svolge pi\u00f9 compiti, l'intuitivo meccanismo di scarico del trike garantisce che lo scarico sia una brezza.<\/div>","protected":false},"excerpt":{"rendered":"<p>Incontra il\u00a0<strong>Auto &#8211; Dumping Elettrico Cargo Trike<\/strong>\u00a0\u2013 una forza rivoluzionaria nella gestione efficiente dei materiali che \u00e8 destinata a ridefinire il modo in cui le industrie gestiscono il trasporto di massa. Con dimensioni di 2980 \u00d7 1080 \u00d7 1340 mm e una scatola di carico di 1300 \u00d7 950 mm di dimensioni generose, questo trike \u00e8 lo scopo &#8211; costruito per robusto, alto &#8211; Ambienti di domanda. Al suo centro si trova un motore dinamico 48\/60V1000W, accoppiato con un versatile 48\/60V45AH &#8211; Batteria 58AH, tutte alloggiate all'interno di un robusto telaio 196Kg. Capace di raggiungere velocit\u00e0 che vanno da 35 &#8211; 45 km\/h e conquistando pendii con una pendenza di \u226415%, prospera in terreni impegnativi. Ci\u00f2 che lo distingue veramente, tuttavia, \u00e8 la sua funzione di scarico automatico - un gioco &#8211; innovazione che semplifica i flussi di lavoro in cantieri, fattorie e cave. Per le aziende che cercano di aumentare la produttivit\u00e0, il\u00a0<em>auto industriale &#8211; dumping trike carico elettrico<\/em>\u00a0(una variante chiave della nostra parola chiave principale) emerge come un asset indispensabile, combinando potenza, adattabilit\u00e0 e comodit\u00e0 in un unico pacchetto formidabile.<\/p>","protected":false},"featured_media":3683,"comment_status":"open","ping_status":"closed","template":"","meta":[],"product_brand":[],"product_cat":[78],"product_tag":[],"class_list":{"0":"post-3357","1":"product","2":"type-product","3":"status-publish","4":"has-post-thumbnail","6":"product_cat-electric-tricycle","8":"first","9":"instock","10":"shipping-taxable","11":"purchasable","12":"product-type-simple"},"_links":{"self":[{"href":"https:\/\/www.tairuiauto.com\/it\/wp-json\/wp\/v2\/product\/3357","targetHints":{"allow":["GET"]}}],"collection":[{"href":"https:\/\/www.tairuiauto.com\/it\/wp-json\/wp\/v2\/product"}],"about":[{"href":"https:\/\/www.tairuiauto.com\/it\/wp-json\/wp\/v2\/types\/product"}],"replies":[{"embeddable":true,"href":"https:\/\/www.tairuiauto.com\/it\/wp-json\/wp\/v2\/comments?post=3357"}],"wp:featuredmedia":[{"embeddable":true,"href":"https:\/\/www.tairuiauto.com\/it\/wp-json\/wp\/v2\/media\/3683"}],"wp:attachment":[{"href":"https:\/\/www.tairuiauto.com\/it\/wp-json\/wp\/v2\/media?parent=3357"}],"wp:term":[{"taxonomy":"product_brand","embeddable":true,"href":"https:\/\/www.tairuiauto.com\/it\/wp-json\/wp\/v2\/product_brand?post=3357"},{"taxonomy":"product_cat","embeddable":true,"href":"https:\/\/www.tairuiauto.com\/it\/wp-json\/wp\/v2\/product_cat?post=3357"},{"taxonomy":"product_tag","embeddable":true,"href":"https:\/\/www.tairuiauto.com\/it\/wp-json\/wp\/v2\/product_tag?post=3357"}],"curies":[{"name":"WP","href":"https:\/\/api.w.org\/{rel}","templated":true}]}}