{"id":3371,"date":"2025-08-20T15:31:41","date_gmt":"2025-08-20T07:31:41","guid":{"rendered":"https:\/\/www.tairuiauto.com\/?post_type=product&#038;p=3371"},"modified":"2025-08-27T11:08:53","modified_gmt":"2025-08-27T03:08:53","slug":"letu-cargo-electric-tricycle","status":"publish","type":"product","link":"https:\/\/www.tairuiauto.com\/it\/product\/letu-cargo-electric-tricycle\/","title":{"rendered":"Triciclo elettrico di carico"},"content":{"rendered":"<p><strong>\u200b Elenco dei parametri<\/strong><\/p>\n<table style=\"border-collapse: collapse; width: 60.3247%; height: 406px;\" border=\"0\" width=\"720\" cellspacing=\"0\" cellpadding=\"0\">\n<tbody>\n<tr style=\"height: 20.00pt;\">\n<td class=\"et4\" style=\"height: 20.00pt; width: 159.05pt;\" width=\"265\" height=\"33\">Modello<\/td>\n<td class=\"et4\" style=\"width: 273.40pt;\" width=\"455\">Anno<\/td>\n<\/tr>\n<tr style=\"height: 20.00pt;\">\n<td class=\"et5\" style=\"height: 20.00pt; width: 159.05pt;\" width=\"265\" height=\"33\">Colori opzionali<\/td>\n<td class=\"et5\" style=\"width: 273.40pt;\" width=\"455\">rosso, blu, verde, giallo, grigio, bianco<\/td>\n<\/tr>\n<tr style=\"height: 20.00pt;\">\n<td class=\"et5\" style=\"height: 20.00pt; width: 159.05pt;\" width=\"265\" height=\"33\">Dimensione della scatola di carico (mm)<\/td>\n<td class=\"et5\" style=\"width: 273.40pt;\" width=\"455\">1100 * 900mm<\/td>\n<\/tr>\n<tr style=\"height: 20.00pt;\">\n<td class=\"et5\" style=\"height: 20.00pt; width: 159.05pt;\" width=\"265\" height=\"33\">Velocit\u00e0 massima (km\/h)<\/td>\n<td class=\"et5\" style=\"width: 273.40pt;\" width=\"455\">30-45km\/h<\/td>\n<\/tr>\n<tr style=\"height: 20.00pt;\">\n<td class=\"et5\" style=\"height: 20.00pt; width: 159.05pt;\" width=\"265\" height=\"33\">Capacit\u00e0 di grado (%)<\/td>\n<td class=\"et5\" style=\"width: 273.40pt;\" width=\"455\">\u226415<\/td>\n<\/tr>\n<tr style=\"height: 20.00pt;\">\n<td class=\"et5\" style=\"height: 20.00pt; width: 159.05pt;\" width=\"265\" height=\"33\">batteria<\/td>\n<td class=\"et5\" style=\"width: 273.40pt;\" width=\"455\">60V32AH-58AH<\/td>\n<\/tr>\n<tr style=\"height: 20.00pt;\">\n<td class=\"et5\" style=\"height: 20.00pt; width: 159.05pt;\" width=\"265\" height=\"33\">Motore, controllore (w)<\/td>\n<td class=\"et5\" style=\"width: 273.40pt;\" width=\"455\">60V500W<\/td>\n<\/tr>\n<tr style=\"height: 20.00pt;\">\n<td class=\"et5\" style=\"height: 20.00pt; width: 159.05pt;\" width=\"265\" height=\"33\">Range per carica (km)<\/td>\n<td class=\"et5\" style=\"width: 273.40pt;\" width=\"455\">50-60<\/td>\n<\/tr>\n<tr style=\"height: 20.00pt;\">\n<td class=\"et5\" style=\"height: 20.00pt; width: 159.05pt;\" width=\"265\" height=\"33\">Tempo di carica (h)<\/td>\n<td class=\"et5\" style=\"width: 273.40pt;\" width=\"455\">6 ~ 8 ore<\/td>\n<\/tr>\n<tr style=\"height: 20.00pt;\">\n<td class=\"et5\" style=\"height: 20.00pt; width: 159.05pt;\" width=\"265\" height=\"33\">Pneumatico anteriore\/posteriore<\/td>\n<td class=\"et5\" style=\"width: 273.40pt;\" width=\"455\">3.00-12\/3.00-12<\/td>\n<\/tr>\n<tr style=\"height: 20.00pt;\">\n<td class=\"et5\" style=\"height: 20.00pt; width: 159.05pt;\" width=\"265\" height=\"33\">Tipo freno anteriore\/posteriore<\/td>\n<td class=\"et5\" style=\"width: 273.40pt;\" width=\"455\">Anteriore \/ posteriore: tamburo<\/td>\n<\/tr>\n<tr style=\"height: 20.00pt;\">\n<td class=\"et5\" style=\"height: 20.00pt; width: 159.05pt;\" width=\"265\" height=\"33\">Freno di parcheggio<\/td>\n<td class=\"et5\" style=\"width: 273.40pt;\" width=\"455\">Freno a mano<\/td>\n<\/tr>\n<\/tbody>\n<\/table>\n<div class=\"kche-wrap-width\">\n<div class=\"kche-t154\">\n<div class=\"kche-t154-contant\">\n<div class=\"kche-t154-list\">\n<div class=\"kche-t154-item\">\n<div class=\"kche-t154-img\">\n<h3 class=\"header-vfC6AV auto-hide-last-sibling-br\">Introduzione del prodotto<\/h3>\n<div class=\"auto-hide-last-sibling-br paragraph-JOTKXA paragraph-element br-paragraph-space\">Alimentato da un motore a magneti permanenti da 48\/60V1000W e accoppiato con batterie 48\/60V45AH-58AH, questo e-trike offre un raggio affidabile di 50-70km con una singola carica, con un comodo tempo di ricarica di 6-8 ore che si adatta perfettamente alle routine quotidiane. Il suo spazio tra assi da 2040 mm e la pista delle ruote da 880 mm garantiscono una guida stabile, mentre un raggio minimo di giro di \u22644 m e una distanza da terra di \u2265150 mm consentono una facile navigazione attraverso strade strette e strade rurali irregolari. Dotato di ammortizzatori a tamburo a molla esterna \u03c631 anteriore e molle a foglia posteriore, il triciccolo elettrico LETU 2 garantisce una guida confortevole anche su terreni ingombranti, consolidando il suo ruolo di pratico veicolo elettrico utility per varie esigenze.<\/div>\n<div><\/div>\n<div><img fetchpriority=\"high\" decoding=\"async\" class=\"alignnone size-medium wp-image-3379\" src=\"https:\/\/www.tairuiauto.com\/wp-content\/uploads\/2025\/08\/9-300x225.jpg\" alt=\"\" width=\"300\" height=\"225\" srcset=\"\" sizes=\"(max-width: 300px) 100vw, 300px\" data-srcset=\"\" \/> <img decoding=\"async\" class=\"alignnone size-medium wp-image-3381\" src=\"https:\/\/www.tairuiauto.com\/wp-content\/uploads\/2025\/08\/11-300x225.jpg\" alt=\"\" width=\"300\" height=\"225\" srcset=\"\" sizes=\"(max-width: 300px) 100vw, 300px\" data-srcset=\"\" \/><img decoding=\"async\" class=\"alignnone size-medium wp-image-3377\" src=\"https:\/\/www.tairuiauto.com\/wp-content\/uploads\/2025\/08\/7-300x225.jpg\" alt=\"\" width=\"300\" height=\"225\" srcset=\"\" sizes=\"(max-width: 300px) 100vw, 300px\" data-srcset=\"\" \/><\/div>\n<h3 class=\"header-vfC6AV auto-hide-last-sibling-br\">Introduzione del prodotto<\/h3>\n<div class=\"auto-hide-last-sibling-br paragraph-JOTKXA paragraph-element br-paragraph-space\">Alimentato da un motore 60V500W accoppiato con batterie 60V32AH-58AH, Cargo Electric Tricycle LETU offre prestazioni affidabili con una velocit\u00e0 massima di 30-45 km\/h e un raggio di carica singola di 50-60 km, perfettamente adatto per pi\u00f9 corse giornaliere. Il suo tempo di ricarica di 6-8 ore si adatta perfettamente alle ore di punta, garantendo che sia pronto per l'uso quando necessario. Dotato di pneumatici anteriori e posteriori 3.00-12, freni a tamburo anteriori\/posteriori e freno a mano, questo triciclo di consegna d\u00e0 priorit\u00e0 alla sicurezza e alla stabilit\u00e0, anche su piste con una capacit\u00e0 di grading \u226415%. Nel complesso, Cargo Electric Tricycle LETU emerge come un tricycle elettrico utility versatile, che combina funzionalit\u00e0, flessibilit\u00e0 ed efficienza per le esigenze di trasporto quotidiane.<\/div>\n<h3 class=\"header-vfC6AV auto-hide-last-sibling-br\">Punti di vendita chiave<\/h3>\n<ol class=\"auto-hide-last-sibling-br\">\n<li>\n<div class=\"auto-hide-last-sibling-br paragraph-JOTKXA paragraph-element br-paragraph-space\"><strong>Dimensioni compatte per spazi stretti<\/strong><br class=\"container-utlnW2 wrapper-d0Cc1k undefined\" \/>Cargo Electric Tricycle LETU eccelle nella navigazione in ambienti urbani ristretti, grazie alla sua cassetta da carico 1100 * 900 mm e al design agile. A differenza dei veicoli di consegna pi\u00f9 ingombranti, questo veicolo elettrico a tre ruote scivola attraverso vicoli stretti, bancarelle affollate e corsie residenziali, garantendo che il personale di consegna raggiunga direttamente le porte. Che si tratti di consegne e-commerce di ultimo miglio o di trasporto di merci all'interno di piccoli distretti aziendali, Cargo Electric Tricycle LETU agisce come un \"navigatore nello spazio stretto\", eliminando i ritardi causati dai vincoli spaziali e aumentando l'efficienza generale.<\/div>\n<\/li>\n<li>\n<div class=\"auto-hide-last-sibling-br paragraph-JOTKXA paragraph-element br-paragraph-space\"><strong>Personalizzazione colorata per Branding &amp; amp; Personalit\u00e0<\/strong><br class=\"container-utlnW2 wrapper-d0Cc1k undefined\" \/>Con colori opzionali che vanno dal vibrante rosso e blu al discreto grigio e bianco, Cargo Electric Tricycle LETU offre pi\u00f9 di un semplice trasporto: \u00e8 uno strumento di branding mobile. Un servizio di consegna di cibo pu\u00f2 optare per una tonalit\u00e0 brillante per distinguersi, mentre un fornitore della comunit\u00e0 potrebbe scegliere una tonalit\u00e0 professionale per allinearsi alla loro immagine. Questo livello di personalizzazione trasforma l'e-trike merci in un'estensione dell'identit\u00e0 personale o aziendale, rendendo Cargo Electric Tricycle LETU una scelta eccezionale in un mercato di opzioni generiche.<\/div>\n<\/li>\n<li>\n<div class=\"auto-hide-last-sibling-br paragraph-JOTKXA paragraph-element br-paragraph-space\"><strong>Potenza affidabile per le attivit\u00e0 quotidiane<\/strong><br class=\"container-utlnW2 wrapper-d0Cc1k undefined\" \/>Cargo Electric Tricycle LETU \u00e8 costruito per tenere il passo con le esigenze quotidiane, dotato di un motore 60V500W che bilancia potenza ed efficienza. La sua velocit\u00e0 di 30-45 km\/h garantisce consegne tempestive, mentre la gamma di 50-60 km copre pi\u00f9 corse, dal rifornimento mattutino alle consegne serali. Il tempo di ricarica di 6-8 ore significa che gli utenti possono ricaricarsi durante la notte, quindi il triciclo di consegna \u00e8 sempre pronto per il giorno successivo. Per i proprietari di piccole imprese o gli utenti individuali, Cargo Electric Tricycle LETU agisce come un \u201ccavallo da lavoro quotidiano\u201d affidabile, garantendo che le operazioni funzionino senza interruzioni.<\/div>\n<\/li>\n<li>\n<div class=\"auto-hide-last-sibling-br paragraph-JOTKXA paragraph-element br-paragraph-space\"><strong>Sicurezza &amp; Sistema frenante economico<\/strong><br class=\"container-utlnW2 wrapper-d0Cc1k undefined\" \/>La sicurezza soddisfa l'accessibilit\u00e0 nella configurazione del freno a tamburo di Cargo Electric Tricycle LETU, con freni a tamburo anteriori\/posteriori e un freno a mano che forniscono una potenza di fermata costante, fondamentale per il trasporto di carichi, soprattutto su piste con gradibilit\u00e0 \u226415%. I freni a tamburo sono noti per la durata e i bassi costi di manutenzione, riducendo le spese a lungo termine. In combinazione con pneumatici 3.00-12 che offrono una forte aderenza, questo trike elettrico utilitario riduce al minimo i rischi di scivolamento, rendendo Cargo Electric Tricycle LETU una scelta \u201csicura e economica\u201d per gli utenti che danno priorit\u00e0 sia alla sicurezza che all\u2019efficienza dei costi.<\/div>\n<\/li>\n<\/ol>\n<h3 class=\"header-vfC6AV auto-hide-last-sibling-br\">Vantaggi differenziativi<\/h3>\n<ol class=\"auto-hide-last-sibling-br\">\n<li>\n<div class=\"auto-hide-last-sibling-br paragraph-JOTKXA paragraph-element br-paragraph-space\"><strong>Adatto per la logistica a breve distanza<\/strong><br class=\"container-utlnW2 wrapper-d0Cc1k undefined\" \/>A differenza dei grandi veicoli elettrici progettati per lunghi raggi, Cargo Electric Tricycle LETU si concentra sul trasporto a breve distanza e ad alta frequenza, colmando un vuoto spesso ignorato dai modelli pi\u00f9 grandi. Le sue dimensioni compatte e la sua autonomia di 50-60 km soddisfano specificamente le consegne \u201clast mile\u201d e le esigenze dei piccoli commercianti, rendendo questo tre ruote elettrico una \u201csoluzione professionale a corto raggio\u201d che supera i veicoli di uso generale in scenari mirati.<\/div>\n<\/li>\n<li>\n<div class=\"auto-hide-last-sibling-br paragraph-JOTKXA paragraph-element br-paragraph-space\"><strong>Variet\u00e0 di colori come un bordo unico<\/strong><br class=\"container-utlnW2 wrapper-d0Cc1k undefined\" \/>In un mercato in cui la maggior parte dei tricicli elettrici offre colori limitati e noiosi, la gamma varia di Cargo Electric Tricycle LETU \u00e8 un differenziatore chiave. Si rivolge sia agli individui che cercano espressione personale che alle aziende che mirano a migliorare la visibilit\u00e0 del marchio, posizionando l\u2019e-trike merci come uno \u201cstrumento di trasporto personalizzabile a colori\u201d che combina funzionalit\u00e0 con estetica.<\/div>\n<\/li>\n<li>\n<div class=\"auto-hide-last-sibling-br paragraph-JOTKXA paragraph-element br-paragraph-space\"><strong>Prestazioni equilibrate &amp; Affordabilit\u00e0<\/strong><br class=\"container-utlnW2 wrapper-d0Cc1k undefined\" \/>Cargo Electric Tricycle LETU raggiunge un accordo perfetto tra prestazioni e costo. Il suo motore 60V500W e le batterie 60V32AH-58AH forniscono sufficiente potenza per l'uso quotidiano senza eccesso di capacit\u00e0 inutile che aumenta i costi. Il sistema di freno a tamburo a bassa manutenzione aggiunge alla sua accessibilit\u00e0, rendendo questo triciclo di consegna una \u201cscelta economica ma affidabile\u201d per gli utenti consapevoli del budget che si rifiutano di compromettere sulla funzionalit\u00e0.<\/div>\n<\/li>\n<li>\n<div class=\"auto-hide-last-sibling-br paragraph-JOTKXA paragraph-element br-paragraph-space\"><strong>Integrazione perfetta nelle routine quotidiane<\/strong><br class=\"container-utlnW2 wrapper-d0Cc1k undefined\" \/>Con un tempo di ricarica di 6-8 ore e un raggio di 50-60 km, il Cargo Electric Tricycle LETU si adatta senza sforzo agli orari degli utenti. Le piccole imprese possono caricare durante le ore di punta, mentre gli individui possono collegarlo durante la notte a casa. In combinazione con le sue dimensioni compatte e la sua manovrabilit\u00e0, questo trike elettrico riduce i problemi logistici, consentendo agli utenti di concentrarsi sui compiti principali, consolidando il suo ruolo di \u201ccompagno di trasporto facile da usare\u201d.<\/div>\n<\/li>\n<\/ol>\n<h3 class=\"header-vfC6AV auto-hide-last-sibling-br\">Domande frequenti<\/h3>\n<div class=\"auto-hide-last-sibling-br paragraph-JOTKXA paragraph-element br-paragraph-space\"><strong>Q1: Qual \u00e8 la capacit\u00e0 di carico massima di LETU?<\/strong><br class=\"container-utlnW2 wrapper-d0Cc1k undefined\" \/>R: Anche se il carico massimo esatto non \u00e8 esplicitamente specificato, Cargo Electric Tricycle LETU \u00e8 raccomandato per trasportare fino a 200-250 kg (incluso carico e oggetti aggiuntivi), in base al suo design, pneumatici 3.00-12 e struttura complessiva. Il sovraccarico pu\u00f2 sollecitare la batteria, il motore e i freni, riducendo le prestazioni, accorciando la durata della vita e creando rischi per la sicurezza. Per garantire l'affidabilit\u00e0 a lungo termine, rimanere entro questa gamma.<\/div>\n<div class=\"auto-hide-last-sibling-br paragraph-JOTKXA paragraph-element br-paragraph-space\"><strong>Q2: Come influisce il freddo sulla gamma della batteria?<\/strong><br class=\"container-utlnW2 wrapper-d0Cc1k undefined\" \/>R: Come la maggior parte dei veicoli elettrici, le prestazioni della batteria di Cargo Electric Tricycle LETU sono influenzate dal freddo. In condizioni estreme (sotto 0\u00b0C), la gamma pu\u00f2 diminuire del 20-30%. Per mitigare questo, parcheggiare il tre ruote elettriche in un'area calda (ad esempio, un garage) quando non \u00e8 in uso, caricare in un ambiente caldo ed evitare l'esposizione prolungata al freddo. Pianificare viaggi in modo efficiente per ridurre le deviazioni aiuta anche a minimizzare l'impatto.<\/div>\n<div class=\"auto-hide-last-sibling-br paragraph-JOTKXA paragraph-element br-paragraph-space\"><strong>Q3: Quante volte la batteria deve essere sostituita?<\/strong><br class=\"container-utlnW2 wrapper-d0Cc1k undefined\" \/>A: Sotto normale utilizzo, la batteria di Cargo Electric Tricycle LETU dura 2-3 anni. La durata dipende dalle abitudini di ricarica, dalla frequenza di utilizzo e dall'ambiente. Per estenderlo, evitare la sovraccarica (disconnettersi una volta pieno) e lo scarico profondo (ricaricare quando sopra il 20% di potenza rimanente). Controllare regolarmente la corrosione o le connessioni sciolte e mantenere la batteria pulita. Un significativo calo della portata o dell'efficienza di ricarica indica che potrebbe aver bisogno di sostituzione.<\/div>\n<div class=\"auto-hide-last-sibling-br paragraph-JOTKXA paragraph-element br-paragraph-space\"><strong>Q4: Che manutenzione richiede il sistema del freno a tamburo?<\/strong><br class=\"container-utlnW2 wrapper-d0Cc1k undefined\" \/>R: Il sistema di freno a tamburo di Cargo Electric Tricycle LETU necessita di cure regolari per funzionare correttamente. Controllare le scarpe freno ogni 3-6 mesi per l'usura e sostituirle tempestivamente se indossate. Pulire regolarmente i tamburi del freno per rimuovere polvere o detriti che possono ostacolare le prestazioni. Regolare periodicamente i freni per garantire un impiego e uno sblocco fluidi. Per il freno a mano, assicurarsi che sia correttamente regolato per fornire una forza di parcheggio sufficiente, n\u00e9 troppo sciolto n\u00e9 troppo stretto. Seguire questi passaggi garantisce la sicurezza e l\u2019affidabilit\u00e0 del sistema frenante della freight e-trike.<\/div>\n<\/div>\n<\/div>\n<\/div>\n<\/div>\n<\/div>\n<\/div>","protected":false},"excerpt":{"rendered":"<p>Cargo Electric Tricycle LETU \u00e8 un pratico triciccolo elettrico a tre ruote progettato appositamente per il trasporto merci a breve distanza e i pendolari quotidiani, rendendolo un e-trike ideale per il trasporto merci sia per scenari urbani che rurali. Si distingue con una vasta gamma di colori opzionali, tra cui rosso, blu, verde, giallo, grigio e bianco, consentendo agli utenti di allinearsi alle preferenze personali o alle esigenze di branding aziendale. La scatola di carico, dimensioni 1100*900mm, raggiunge un equilibrio intelligente: abbastanza compatta per navigare in vicoli stretti e strade affollate, ma abbastanza spaziosa per trasportare carichi piccoli e medi, da alimentari quotidiani a forniture per piccole imprese.<\/p>","protected":false},"featured_media":3372,"comment_status":"open","ping_status":"closed","template":"","meta":[],"product_brand":[],"product_cat":[78],"product_tag":[],"class_list":{"0":"post-3371","1":"product","2":"type-product","3":"status-publish","4":"has-post-thumbnail","6":"product_cat-electric-tricycle","8":"first","9":"instock","10":"shipping-taxable","11":"purchasable","12":"product-type-simple"},"_links":{"self":[{"href":"https:\/\/www.tairuiauto.com\/it\/wp-json\/wp\/v2\/product\/3371","targetHints":{"allow":["GET"]}}],"collection":[{"href":"https:\/\/www.tairuiauto.com\/it\/wp-json\/wp\/v2\/product"}],"about":[{"href":"https:\/\/www.tairuiauto.com\/it\/wp-json\/wp\/v2\/types\/product"}],"replies":[{"embeddable":true,"href":"https:\/\/www.tairuiauto.com\/it\/wp-json\/wp\/v2\/comments?post=3371"}],"wp:featuredmedia":[{"embeddable":true,"href":"https:\/\/www.tairuiauto.com\/it\/wp-json\/wp\/v2\/media\/3372"}],"wp:attachment":[{"href":"https:\/\/www.tairuiauto.com\/it\/wp-json\/wp\/v2\/media?parent=3371"}],"wp:term":[{"taxonomy":"product_brand","embeddable":true,"href":"https:\/\/www.tairuiauto.com\/it\/wp-json\/wp\/v2\/product_brand?post=3371"},{"taxonomy":"product_cat","embeddable":true,"href":"https:\/\/www.tairuiauto.com\/it\/wp-json\/wp\/v2\/product_cat?post=3371"},{"taxonomy":"product_tag","embeddable":true,"href":"https:\/\/www.tairuiauto.com\/it\/wp-json\/wp\/v2\/product_tag?post=3371"}],"curies":[{"name":"WP","href":"https:\/\/api.w.org\/{rel}","templated":true}]}}