{"id":3392,"date":"2025-08-21T15:10:49","date_gmt":"2025-08-21T07:10:49","guid":{"rendered":"https:\/\/www.tairuiauto.com\/?post_type=product&#038;p=3392"},"modified":"2025-11-25T08:39:57","modified_gmt":"2025-11-25T00:39:57","slug":"slab-cargo-tricycle","status":"publish","type":"product","link":"https:\/\/www.tairuiauto.com\/it\/product\/slab-cargo-tricycle\/","title":{"rendered":"triciclo motore ad alta coppia"},"content":{"rendered":"<p><strong>\u200b Elenco dei parametri<\/strong><\/p>\n<table style=\"border-collapse: collapse; width: 62.7586%; height: 498px;\" border=\"0\" width=\"720\" cellspacing=\"0\" cellpadding=\"0\">\n<tbody>\n<tr style=\"height: 20.00pt;\">\n<td class=\"et4\" style=\"height: 20px; width: 159.05pt;\" width=\"265\" height=\"33\">Modello<\/td>\n<td class=\"et4\" style=\"width: 273.4pt; height: 20px;\" width=\"455\">lastra carico triciclo<\/td>\n<\/tr>\n<tr style=\"height: 20.00pt;\">\n<td class=\"et5\" style=\"height: 20px; width: 159.05pt;\" width=\"265\" height=\"33\">Dimensione complessiva<\/td>\n<td class=\"et5\" style=\"width: 273.4pt; height: 20px;\" width=\"455\">1800MM * 1300MM<\/td>\n<\/tr>\n<tr style=\"height: 20.00pt;\">\n<td class=\"et5\" style=\"height: 20px; width: 159.05pt;\" width=\"265\" height=\"33\">Capacit\u00e0 di carico<\/td>\n<td class=\"et5\" style=\"width: 273.4pt; height: 20px;\" width=\"455\">600 kg<\/td>\n<\/tr>\n<tr style=\"height: 20.00pt;\">\n<td class=\"et5\" style=\"height: 20px; width: 159.05pt;\" width=\"265\" height=\"33\">Potenza del motore idraulico<\/td>\n<td class=\"et5\" style=\"width: 273.4pt; height: 20px;\" width=\"455\">800 watt<\/td>\n<\/tr>\n<tr style=\"height: 20.00pt;\">\n<td class=\"et5\" style=\"height: 20px; width: 159.05pt;\" width=\"265\" height=\"33\">Tensione standard<\/td>\n<td class=\"et5\" style=\"width: 273.4pt; height: 20px;\" width=\"455\">60 volti<\/td>\n<\/tr>\n<tr style=\"height: 20.00pt;\">\n<td class=\"et5\" style=\"height: 20px; width: 159.05pt;\" width=\"265\" height=\"33\">Controllatore<\/td>\n<td class=\"et5\" style=\"width: 273.4pt; height: 20px;\" width=\"455\">24 Tubo<\/td>\n<\/tr>\n<tr style=\"height: 20.00pt;\">\n<td class=\"et5\" style=\"height: 20px; width: 159.05pt;\" width=\"265\" height=\"33\">Modalit\u00e0 frenata<\/td>\n<td class=\"et5\" style=\"width: 273.4pt; height: 20px;\" width=\"455\">Piede sul tamburo meccanico parcheggio manuale<\/td>\n<\/tr>\n<tr style=\"height: 20.00pt;\">\n<td class=\"et5\" style=\"height: 20px; width: 159.05pt;\" width=\"265\" height=\"33\">Liberazione minima da terra<\/td>\n<td class=\"et5\" style=\"width: 273.4pt; height: 20px;\" width=\"455\">135<\/td>\n<\/tr>\n<tr style=\"height: 20.00pt;\">\n<td class=\"et5\" style=\"height: 20px; width: 159.05pt;\" width=\"265\" height=\"33\">Capacit\u00e0 di produzione<\/td>\n<td class=\"et5\" style=\"width: 273.4pt; height: 20px;\" width=\"455\">100000set\/anno<\/td>\n<\/tr>\n<tr style=\"height: 20.00pt;\">\n<td class=\"et5\" style=\"height: 20px; width: 159.05pt;\" width=\"265\" height=\"33\">Tempo di carica<\/td>\n<td class=\"et5\" style=\"width: 273.4pt; height: 20px;\" width=\"455\">8 ore<\/td>\n<\/tr>\n<tr style=\"height: 20.00pt;\">\n<td class=\"et5\" style=\"height: 20px; width: 159.05pt;\" width=\"265\" height=\"33\">Pneumatico Tt anteriore\/posteriore<\/td>\n<td class=\"et5\" style=\"width: 273.4pt; height: 20px;\" width=\"455\">3.75-12 ruote anteriori 4.00-12 ruote posteriori<\/td>\n<\/tr>\n<tr style=\"height: 20.00pt;\">\n<td class=\"et5\" style=\"height: 20px; width: 159.05pt;\" width=\"265\" height=\"33\">Scelta colore<\/td>\n<td class=\"et5\" style=\"width: 273.4pt; height: 20px;\" width=\"455\">Personalizzato<\/td>\n<\/tr>\n<tr style=\"height: 20.00pt;\">\n<td class=\"et5\" style=\"height: 20px; width: 159.05pt;\" width=\"265\" height=\"33\">Origine<\/td>\n<td class=\"et5\" style=\"width: 273.4pt; height: 20px;\" width=\"455\">Cina<\/td>\n<\/tr>\n<tr style=\"height: 20.00pt;\">\n<td class=\"et5\" style=\"height: 20px; width: 159.05pt;\" width=\"265\" height=\"33\">Gamma per carica\/Km<\/td>\n<td class=\"et5\" style=\"width: 273.4pt; height: 20px;\" width=\"455\">40 km<\/td>\n<\/tr>\n<tr style=\"height: 20.00pt;\">\n<td class=\"et5\" style=\"height: 20px; width: 159.05pt;\" width=\"265\" height=\"33\">Velocit\u00e0 massima Km\/H<\/td>\n<td class=\"et5\" style=\"width: 273.4pt; height: 20px;\" width=\"455\">30-40 km\/h<\/td>\n<\/tr>\n<tr style=\"height: 20.00pt;\">\n<td class=\"et5\" style=\"height: 20px; width: 159.05pt;\" width=\"265\" height=\"33\">Capacit\u00e0 di arrampicata<\/td>\n<td class=\"et5\" style=\"width: 273.4pt; height: 20px;\" width=\"455\">\u226430\u00b0<\/td>\n<\/tr>\n<\/tbody>\n<\/table>\n<div class=\"kche-wrap-width\">\n<div class=\"kche-t154\">\n<div class=\"kche-t154-contant\">\n<div class=\"kche-t154-list\">\n<div class=\"kche-t154-item\">\n<div class=\"kche-t154-img\">\n<h3 class=\"header-vfC6AV auto-hide-last-sibling-br\">Introduzione del prodotto<\/h3>\n<div class=\"auto-hide-last-sibling-br paragraph-JOTKXA paragraph-element br-paragraph-space\">Alimentato da un motore ad alta coppia da 60V1000W e accoppiato con batterie di grande capacit\u00e0 60V58AH-72AH, questo trike cargo a letto piatto offre prestazioni eccezionali: una velocit\u00e0 massima di 35-40 km \/ h, un raggio di carica singola di 60-80 km e una notevole capacit\u00e0 di carico che supera i tricicli da carico standard. Il tempo di ricarica di 7-9 ore garantisce che sia pronto per giornate lavorative prolungate, mentre il telaio in acciaio rinforzato, gli pneumatici pesanti 3,75-12 e il design doppio asse posteriore garantiscono stabilit\u00e0 anche quando sono completamente caricati. Che si tratti di strade urbane trafficate o strade rurali aspre, Cargo Tricycle Slab si distingue come un cavallo da lavoro affidabile, che combina potenza, durata e versatilit\u00e0 per soddisfare le esigenze del trasporto di carichi pesanti.<\/div>\n<div><img fetchpriority=\"high\" decoding=\"async\" class=\"size-medium wp-image-3394 aligncenter\" src=\"https:\/\/www.tairuiauto.com\/wp-content\/uploads\/2025\/08\/2-2-300x300.jpg\" alt=\"\" width=\"300\" height=\"300\" srcset=\"\" sizes=\"(max-width: 300px) 100vw, 300px\" data-srcset=\"\" \/><\/div>\n<h3 class=\"header-vfC6AV auto-hide-last-sibling-br\">Punti di vendita chiave<\/h3>\n<ol class=\"auto-hide-last-sibling-br\">\n<li>\n<div class=\"auto-hide-last-sibling-br paragraph-JOTKXA paragraph-element br-paragraph-space\"><strong>Letto piatto rinforzato per carichi pesanti e ingombranti<\/strong><br class=\"container-utlnW2 wrapper-d0Cc1k undefined\" \/>Cargo Tricycle Slab eccelle nella gestione di oggetti di grandi dimensioni, grazie al suo design a letto piatto aperto e rinforzato, molto pi\u00f9 pratico delle scatole di carico chiuse per merci come tubi d'acciaio, tavole di legno o grandi elettrodomestici. La robusta struttura di questo carrello a piatto supporta carichi pi\u00f9 pesanti senza compromettere l'equilibrio, rendendolo ideale per cantieri o servizi di consegna di mobili. A differenza dei tradizionali tricycle, Cargo Tricycle Slab elimina il fastidio di montare oggetti di forma irregolare, garantendo un trasporto efficiente e di un solo viaggio che risparmia tempo e sforzo.<\/div>\n<\/li>\n<li>\n<div class=\"auto-hide-last-sibling-br paragraph-JOTKXA paragraph-element br-paragraph-space\"><strong>Motore ad alta coppia per prestazioni potenti<\/strong><br class=\"container-utlnW2 wrapper-d0Cc1k undefined\" \/>Dotato di un motore ad alta coppia da 60V1000W, Cargo Tricycle Slab fornisce la resistenza necessaria per affrontare pendii ripidi (fino al 18% di gradabilit\u00e0) e accelerare senza problemi anche con carichi pieni. Questo trik elettrico mantiene una velocit\u00e0 costante sia su strade piatte che su pendii, garantendo consegne tempestive indipendentemente dal terreno. Che si tratti di trasportare materiali da costruzione in salita o di navigare su strade urbane trafficate, il motore di Cargo Tricycle Slab fornisce una potenza affidabile, superando i modelli pi\u00f9 deboli che lottano con carichi pesanti.<\/div>\n<\/li>\n<li>\n<div class=\"auto-hide-last-sibling-br paragraph-JOTKXA paragraph-element br-paragraph-space\"><strong>Range esteso per operazioni di tutto il giorno<\/strong><br class=\"container-utlnW2 wrapper-d0Cc1k undefined\" \/>Le batterie 60V58AH-72AH di Cargo Tricycle Slab offrono un'impressionante autonomia di 60-80 km con una singola carica, pi\u00f9 che sufficiente per un'intera giornata di consegne o corse logistiche. Con un tempo di ricarica di 7-9 ore, gli utenti possono ricaricarsi durante la notte, garantendo che la consegna a tre ruote sia pronta ogni mattina. Questa gamma estesa riduce i tempi di fermo dalla ricarica di mezzogiorno, rendendo Cargo Tricycle Slab una scelta preferita per le aziende che si affidano alle operazioni quotidiane continue.<\/div>\n<\/li>\n<li>\n<div class=\"auto-hide-last-sibling-br paragraph-JOTKXA paragraph-element br-paragraph-space\"><strong>Costruzione duratura per affidabilit\u00e0 a lungo termine<\/strong><br class=\"container-utlnW2 wrapper-d0Cc1k undefined\" \/>Realizzato con un telaio in acciaio rinforzato, pneumatici pesanti 3,75-12 e un doppio asse posteriore, Cargo Tricycle Slab \u00e8 costruito per resistere all'usura quotidiana. Gli pneumatici resistono alle forature su strade aspre, mentre il telaio assorbe gli urti da superfici irregolari, proteggendo sia il veicolo che il suo carico. Questa durata riduce al minimo le esigenze di manutenzione e prolunga la durata del veicolo, rendendo Cargo Tricycle Slab un investimento economicamente efficace per l'uso a lungo termine.<\/div>\n<\/li>\n<\/ol>\n<h3 class=\"header-vfC6AV auto-hide-last-sibling-br\">Vantaggi differenziativi<\/h3>\n<ol class=\"auto-hide-last-sibling-br\">\n<li>\n<div class=\"auto-hide-last-sibling-br paragraph-JOTKXA paragraph-element br-paragraph-space\"><strong>Specializzato per carichi eccessivi<\/strong><br class=\"container-utlnW2 wrapper-d0Cc1k undefined\" \/>A differenza dei tricicli da carico standard con scatole chiuse, Cargo Tricycle Slab \u00e8 progettato per oggetti di dimensioni eccessive e di forma irregolare, una nicchia che domina. Il suo design a letto piatto elimina le restrizioni di dimensioni, rendendo questo trike cargo a letto piatto la scelta ideale per industrie come costruzione, mobili e agricoltura, dove i veicoli tradizionali non sono disponibili.<\/div>\n<\/li>\n<li>\n<div class=\"auto-hide-last-sibling-br paragraph-JOTKXA paragraph-element br-paragraph-space\"><strong>Capacit\u00e0 di carico e stabilit\u00e0 superiori<\/strong><br class=\"container-utlnW2 wrapper-d0Cc1k undefined\" \/>Il doppio asse posteriore e il telaio rinforzato di Cargo Tricycle Slab supportano carichi pi\u00f9 pesanti rispetto alla maggior parte dei camion elettrici, mentre il suo ampio spazio tra asse e i pneumatici pesanti garantiscono stabilit\u00e0 anche quando sono completamente caricati. Questa combinazione di forza ed equilibrio riduce il rischio di ribaltamento, un vantaggio critico per il trasporto di merci pesanti su terreni irregolari.<\/div>\n<\/li>\n<li>\n<div class=\"auto-hide-last-sibling-br paragraph-JOTKXA paragraph-element br-paragraph-space\"><strong>Adattabilit\u00e0 a condizioni estreme<\/strong><br class=\"container-utlnW2 wrapper-d0Cc1k undefined\" \/>Con una gradabilit\u00e0 del 18% e pneumatici resistenti alle forature, Cargo Tricycle Slab presta in modo affidabile in ambienti impegnativi, dai sentieri rurali fangosi alle ripide colline urbane. Questa adattabilit\u00e0 lo rende pi\u00f9 versatile dei trik progettati esclusivamente per strade urbane lisce, soddisfando sia le esigenze logistiche urbane che rurali.<\/div>\n<\/li>\n<li>\n<div class=\"auto-hide-last-sibling-br paragraph-JOTKXA paragraph-element br-paragraph-space\"><strong>Costo-efficiente per uso pesante<\/strong><br class=\"container-utlnW2 wrapper-d0Cc1k undefined\" \/>Mentre l\u2019investimento iniziale pu\u00f2 essere superiore ai modelli di base, la durata e l\u2019efficienza di Cargo Tricycle Slab riducono i costi a lungo termine. Le sue esigenze di manutenzione ridotte, la durata della batteria prolungata e la capacit\u00e0 di gestire pi\u00f9 carico per viaggio significano meno sostituzioni e maggiore produttivit\u00e0, rendendo questo veicolo a tre ruote di consegna una scelta finanziaria pi\u00f9 intelligente per le aziende con esigenze di trasporto pesanti.<\/div>\n<\/li>\n<\/ol>\n<h3 class=\"header-vfC6AV auto-hide-last-sibling-br\">Domande frequenti<\/h3>\n<div class=\"auto-hide-last-sibling-br paragraph-JOTKXA paragraph-element br-paragraph-space\"><strong>Q1: Qual \u00e8 la capacit\u00e0 di carico massima della lastra triciccolo di carico?<\/strong><br class=\"container-utlnW2 wrapper-d0Cc1k undefined\" \/>A: Cargo Tricycle Slab \u00e8 progettato per gestire carichi pesanti, con una capacit\u00e0 massima di circa 500-600 kg, a seconda delle condizioni stradali e della distribuzione del peso. Per la sicurezza e le prestazioni ottimali, si raccomanda di distribuire il peso in modo uniforme sul letto piatto ed evitare di superare questo limite, poich\u00e9 il sovraccarico pu\u00f2 sforzare il motore, la batteria e il telaio.<\/div>\n<h3 class=\"header-vfC6AV auto-hide-last-sibling-br\"><\/h3>\n<div class=\"auto-hide-last-sibling-br paragraph-JOTKXA paragraph-element br-paragraph-space\"><strong>Q2: Come influisce il design a letto piatto sulla sicurezza del carico?<\/strong><br class=\"container-utlnW2 wrapper-d0Cc1k undefined\" \/>R: Mentre il letto piatto aperto di Cargo Tricycle Slab offre flessibilit\u00e0 per oggetti di grandi dimensioni, gli utenti possono proteggere il carico utilizzando corde, cinghie o reti di carico (spesso vendute come accessori). Il letto piatto dispone di punti di ancoraggio integrati per fissare questi strumenti di sicurezza, garantendo che gli articoli rimangano stabili durante il trasporto. Per merci particolarmente fragili, l'aggiunta di un tappeto antiscivolo pu\u00f2 impedire ulteriormente lo spostamento, rendendo il carrello a letto piatto sicuro per la maggior parte dei tipi di carico.<\/div>\n<h3 class=\"header-vfC6AV auto-hide-last-sibling-br\"><\/h3>\n<div class=\"auto-hide-last-sibling-br paragraph-JOTKXA paragraph-element br-paragraph-space\"><strong>Q3: Che manutenzione \u00e8 necessaria per il motore ad alta coppia?<\/strong><br class=\"container-utlnW2 wrapper-d0Cc1k undefined\" \/>R: Il motore 60V1000W in lastra triciclo di carico richiede controlli regolari per garantire la longevit\u00e0. Ogni 3-6 mesi, ispezionare le connessioni elettriche per corrosione o allentamento, e mantenere l'alloggiamento del motore pulito per prevenire l'accumulo di polvere. Evitare il funzionamento prolungato alla velocit\u00e0 massima quando \u00e8 pienamente caricato, poich\u00e9 questo pu\u00f2 surriscaldare il motore. Se si verificano rumori insoliti o potenza ridotta, consultare un tecnico professionista per evitare ulteriori danni.<\/div>\n<h3 class=\"header-vfC6AV auto-hide-last-sibling-br\"><\/h3>\n<div class=\"auto-hide-last-sibling-br paragraph-JOTKXA paragraph-element br-paragraph-space\"><strong>Q4: La batteria pu\u00f2 essere sostituita con un'opzione di capacit\u00e0 superiore?<\/strong><br class=\"container-utlnW2 wrapper-d0Cc1k undefined\" \/>R: S\u00ec, la batteria di Cargo Tricycle Slab \u00e8 sostituibile e gli utenti possono aggiornare a batterie di maggiore capacit\u00e0 (all'interno della gamma di 60V) per un raggio esteso. Tuttavia, \u00e8 importante utilizzare batterie raccomandate dal produttore per garantire la compatibilit\u00e0 con il motore e il sistema di ricarica. L'aggiornamento a una batteria da 72AH, ad esempio, pu\u00f2 aumentare la portata del 10-15%, ma pu\u00f2 prolungare leggermente il tempo di ricarica. Consultare sempre il manuale utente o un rivenditore certificato prima di apportare modifiche.<\/div>\n<\/div>\n<\/div>\n<\/div>\n<\/div>\n<\/div>\n<\/div>","protected":false},"excerpt":{"rendered":"<p>Cargo Tricycle Slab \u00e8 un robusto triciclo elettrico a tre ruote progettato appositamente per il trasporto di merci pesanti, rendendolo un trike elettrico indispensabile per la logistica urbana, la consegna di materiali da costruzione e il trasporto di prodotti agricoli rurali. La sua caratteristica distintiva \u00e8 la zona di carico a letto piatto rinforzata, spaziosa, aperta e costruita per ospitare oggetti ingombranti come mobili, materiali da costruzione o grandi cassette agricole, eliminando i vincoli delle scatole di carico chiuse.<\/p>","protected":false},"featured_media":3393,"comment_status":"open","ping_status":"closed","template":"","meta":[],"product_brand":[],"product_cat":[78],"product_tag":[],"class_list":{"0":"post-3392","1":"product","2":"type-product","3":"status-publish","4":"has-post-thumbnail","6":"product_cat-electric-tricycle","8":"first","9":"instock","10":"shipping-taxable","11":"purchasable","12":"product-type-simple"},"_links":{"self":[{"href":"https:\/\/www.tairuiauto.com\/it\/wp-json\/wp\/v2\/product\/3392","targetHints":{"allow":["GET"]}}],"collection":[{"href":"https:\/\/www.tairuiauto.com\/it\/wp-json\/wp\/v2\/product"}],"about":[{"href":"https:\/\/www.tairuiauto.com\/it\/wp-json\/wp\/v2\/types\/product"}],"replies":[{"embeddable":true,"href":"https:\/\/www.tairuiauto.com\/it\/wp-json\/wp\/v2\/comments?post=3392"}],"wp:featuredmedia":[{"embeddable":true,"href":"https:\/\/www.tairuiauto.com\/it\/wp-json\/wp\/v2\/media\/3393"}],"wp:attachment":[{"href":"https:\/\/www.tairuiauto.com\/it\/wp-json\/wp\/v2\/media?parent=3392"}],"wp:term":[{"taxonomy":"product_brand","embeddable":true,"href":"https:\/\/www.tairuiauto.com\/it\/wp-json\/wp\/v2\/product_brand?post=3392"},{"taxonomy":"product_cat","embeddable":true,"href":"https:\/\/www.tairuiauto.com\/it\/wp-json\/wp\/v2\/product_cat?post=3392"},{"taxonomy":"product_tag","embeddable":true,"href":"https:\/\/www.tairuiauto.com\/it\/wp-json\/wp\/v2\/product_tag?post=3392"}],"curies":[{"name":"WP","href":"https:\/\/api.w.org\/{rel}","templated":true}]}}