{"id":3404,"date":"2025-08-23T14:06:34","date_gmt":"2025-08-23T06:06:34","guid":{"rendered":"https:\/\/www.tairuiauto.com\/?post_type=product&#038;p=3404"},"modified":"2025-09-12T10:56:49","modified_gmt":"2025-09-12T02:56:49","slug":"core-advantages-of-premium-freight-e-tricycles","status":"publish","type":"product","link":"https:\/\/www.tairuiauto.com\/it\/product\/core-advantages-of-premium-freight-e-tricycles\/","title":{"rendered":"Triciclo elettrico a lungo raggio"},"content":{"rendered":"<h2 class=\"header-vfC6AV auto-hide-last-sibling-br\">Propulsione robusta e prestazioni a gamma estesa<\/h2>\n<div class=\"auto-hide-last-sibling-br paragraph-JOTKXA paragraph-element br-paragraph-space\">Il sistema di azionamento di questo premium Long Range Electric Tricycle si distingue nel settore, dotato di un motore idrodinamico da 1000W. Rispetto ai principali motori da 800W sul mercato, la sua coppia di arrampicata \u00e8 aumentata di circa il 20%. Questo vantaggio garantisce che durante la navigazione su pendii comuni in aree urbane e rurali, anche in condizioni di pieno carico, il veicolo funzioni senza problemi, risolvendo efficacemente le carenze di energia che spesso ostacolano il trasporto.<\/div>\n<p>&nbsp;<\/p>\n<div class=\"auto-hide-last-sibling-br paragraph-JOTKXA paragraph-element br-paragraph-space\">In termini di autonomia, l'e-triciclo supporta configurazioni di batteria 60\/72V, fornendo una distanza di viaggio a carica singola di 50-100 km. Ci\u00f2 copre pienamente le esigenze del transito interurbano\/rurale e della logistica a breve raggio, eliminando l'ansia per scenari come la consegna di merci da hub all'ingrosso ai punti vendita al dettaglio o il trasporto di forniture agricole nelle zone rurali.<\/div>\n<p>&nbsp;<\/p>\n<div class=\"auto-hide-last-sibling-br paragraph-JOTKXA paragraph-element br-paragraph-space\">L'efficienza di ricarica \u00e8 un altro punto importante: una carica completa richiede solo circa 8 ore. Gli utenti possono caricare durante la notte e impegnarsi in operazioni non-stop e ad alta efficienza durante il giorno, riducendo al minimo i tempi di fermo causati dalla ricarica.<\/div>\n<p>&nbsp;<\/p>\n<div class=\"auto-hide-last-sibling-br paragraph-JOTKXA paragraph-element br-paragraph-space\">Inoltre, il veicolo raggiunge una velocit\u00e0 massima di 35-40 km\/h, equilibrando l'efficienza del trasporto con la sicurezza della guida per garantire un processo di transito sicuro.<\/div>\n<table style=\"width: 93.0139%; height: 496px;\" width=\"720\">\n<tbody>\n<tr>\n<td colspan=\"2\" width=\"720\">Configurazione standard<\/td>\n<\/tr>\n<tr>\n<td>Modello<\/td>\n<td><a href=\"#\u76ee\u5f55!A1\">C114<\/a><\/td>\n<\/tr>\n<tr>\n<td width=\"265\">Dimensione complessiva<\/td>\n<td width=\"455\">2350 * 1160 * 1670mm<\/td>\n<\/tr>\n<tr>\n<td width=\"265\">Stile del veicolo<\/td>\n<td width=\"455\">Aprire<\/td>\n<\/tr>\n<tr>\n<td width=\"265\">Potenza del motore idraulico<\/td>\n<td width=\"455\">1000W<\/td>\n<\/tr>\n<tr>\n<td width=\"265\">Tensione standard<\/td>\n<td width=\"455\">60\/72V<\/td>\n<\/tr>\n<tr>\n<td width=\"265\">Controllatore<\/td>\n<td width=\"455\">18Tubo<\/td>\n<\/tr>\n<tr>\n<td width=\"265\">Modalit\u00e0 frenata<\/td>\n<td width=\"455\">Disco anteriore\/tamburo posteriore<\/td>\n<\/tr>\n<tr>\n<td width=\"265\">Liberazione minima da terra<\/td>\n<td width=\"455\">135<\/td>\n<\/tr>\n<tr>\n<td width=\"265\">Capacit\u00e0 di produzione<\/td>\n<td width=\"455\">300.000set\/anno<\/td>\n<\/tr>\n<tr>\n<td width=\"265\">Tempo di carica<\/td>\n<td width=\"455\">Circa 8 ore<\/td>\n<\/tr>\n<tr>\n<td width=\"265\">Pneumatico Tt anteriore\/posteriore<\/td>\n<td width=\"455\">Anteriore 375-12 Dietro 400-12<\/td>\n<\/tr>\n<tr>\n<td width=\"265\">Scelta colore<\/td>\n<td width=\"455\">Personalizzato<\/td>\n<\/tr>\n<tr>\n<td width=\"265\">Origine<\/td>\n<td width=\"455\">Cina<\/td>\n<\/tr>\n<tr>\n<td width=\"265\">Gamma per carica\/Km<\/td>\n<td width=\"455\">50-100 km<\/td>\n<\/tr>\n<tr>\n<td width=\"265\">Velocit\u00e0 massima Km\/H<\/td>\n<td width=\"455\">35-40 km\/h<\/td>\n<\/tr>\n<tr>\n<td width=\"265\">vetro<\/td>\n<td width=\"455\">Vetro a mano<\/td>\n<\/tr>\n<\/tbody>\n<\/table>\n<h2 class=\"header-vfC6AV auto-hide-last-sibling-br\">Ingegneria strutturale sicura e stabile<\/h2>\n<div class=\"auto-hide-last-sibling-br paragraph-JOTKXA paragraph-element br-paragraph-space\">La sicurezza \u00e8 fondamentale nelle operazioni di trasporto merci e questo triciccolo elettrico a lungo raggio di alta qualit\u00e0 lo d\u00e0 la priorit\u00e0 nella progettazione strutturale. Il suo sistema frenante adotta una combinazione di disco anteriore e tamburo posteriore: i freni anteriori offrono una potenza di fermata reattiva per le situazioni di emergenza, mentre i freni posteriori vantano una durata, mantenendo prestazioni stabili anche dopo un uso a lungo termine e ad alta intensit\u00e0, fondamentale per una frenata sicura quando \u00e8 pienamente caricato.<\/div>\n<p>&nbsp;<\/p>\n<div class=\"auto-hide-last-sibling-br paragraph-JOTKXA paragraph-element br-paragraph-space\">La configurazione dei pneumatici migliora ulteriormente la stabilit\u00e0: i pneumatici ispessiti anteriore 375-12 e posteriore 400-12 aumentano significativamente l'aderenza. Che si tratti di strade fangose sulla periferia urbano-rurale o di strade sterrate in zone rurali, il veicolo mantiene un funzionamento costante, adattandosi facilmente alle condizioni stradali complesse.<\/div>\n<p>&nbsp;<\/p>\n<div class=\"auto-hide-last-sibling-br paragraph-JOTKXA paragraph-element br-paragraph-space\">Con un'altezza del telaio di 135 mm, la distanza da terra del veicolo \u00e8 aumentata, migliorando la passabilit\u00e0. Attraversando terreni irregolari, riduce i graffi del telaio, prolungando la vita del veicolo.<\/div>\n<p>&nbsp;<\/p>\n<div class=\"auto-hide-last-sibling-br paragraph-JOTKXA paragraph-element br-paragraph-space\">Il telaio \u00e8 saldato con acciaio spessore, creando una struttura ultra-robusta in grado di resistere a pesanti pressioni di carico, gettando una solida base per un funzionamento sicuro e stabile.<\/div>\n<h2 class=\"header-vfC6AV auto-hide-last-sibling-br\">Garanzia della qualit\u00e0 e conformit\u00e0 alla certificazione<\/h2>\n<div class=\"auto-hide-last-sibling-br paragraph-JOTKXA paragraph-element br-paragraph-space\">La capacit\u00e0 di produzione su larga scala \u00e8 essenziale per una fornitura stabile. Questo triciclo elettrico premium a lungo raggio raggiunge una produzione annua di 300.000 unit\u00e0, gestisce facilmente ordini in massa, garantisce un inventario coerente per i clienti e elimina le preoccupazioni riguardanti le carenze di produzione che interrompono le operazioni aziendali.<\/div>\n<p>&nbsp;<\/p>\n<div class=\"auto-hide-last-sibling-br paragraph-JOTKXA paragraph-element br-paragraph-space\">In termini di certificazione di qualit\u00e0, il veicolo ha ottenuto la certificazione del sistema di gestione della qualit\u00e0 ISO9001 e soddisfa gli standard nazionali obbligatori CCC. Per le esigenze di esportazione, fornisce anche certificazioni come CE e ROHS, pienamente conformi ai requisiti di accesso per i mercati nazionali e internazionali.<\/div>\n<p>&nbsp;<\/p>\n<div class=\"auto-hide-last-sibling-br paragraph-JOTKXA paragraph-element br-paragraph-space\">Ogni veicolo \u00e8 sottoposto a 48 ore di test di alta-bassa temperatura e carico prima di lasciare la fabbrica. Questo rigoroso processo di prova garantisce la qualit\u00e0 del prodotto, con un tasso di passaggio ex fabbrica superiore al 99%, dando ai clienti tranquillit\u00e0 nell'uso.<\/div>\n<h2 class=\"header-vfC6AV auto-hide-last-sibling-br\">Soluzioni all'ingrosso e personalizzazione su misura<\/h2>\n<div class=\"auto-hide-last-sibling-br paragraph-JOTKXA paragraph-element br-paragraph-space\">Per soddisfare le diverse esigenze dei clienti, questo triciccolo elettrico a lungo raggio premium offre servizi completi di personalizzazione. In termini di colore, sono disponibili pi\u00f9 opzioni e la personalizzazione del logo del marchio del cliente \u00e8 supportata, migliorando il riconoscimento del veicolo e aiutando i clienti nella promozione del marchio.<\/div>\n<p>&nbsp;<\/p>\n<div class=\"auto-hide-last-sibling-br paragraph-JOTKXA paragraph-element br-paragraph-space\">La flessibilit\u00e0 della configurazione \u00e8 un altro punto forte: la capacit\u00e0 della batteria, le dimensioni della scatola di carico e il design esterno possono essere regolati in base alle esigenze del mercato. Sia che i clienti abbiano bisogno di batterie di maggiore capacit\u00e0 per un raggio esteso o di scatole di carico specializzate per il trasporto di merci uniche, queste esigenze sono pienamente soddisfatte.<\/div>\n<p>&nbsp;<\/p>\n<div class=\"auto-hide-last-sibling-br paragraph-JOTKXA paragraph-element br-paragraph-space\">Inoltre, i servizi OEM \/ ODM sono forniti per aiutare i clienti all'ingrosso a stabilire rapidamente i propri marchi, facilitando l'espansione del mercato locale e aumentando la competitivit\u00e0 del mercato.<\/div>\n<p>&nbsp;<\/p>\n<div class=\"auto-hide-last-sibling-br paragraph-JOTKXA paragraph-element br-paragraph-space\">Anche le quantit\u00e0 minime di ordine sono flessibili: sono supportati ordini di prova a piccoli lotti, consentendo ai clienti di effettuare prima test di mercato, con consegna rapida. I clienti cooperativi a lungo termine possono godere di prezzi pi\u00f9 favorevoli, raggiungendo una partnership win-win.<\/div>\n<h2 class=\"header-vfC6AV auto-hide-last-sibling-br\">Campi pratici di applicazione<\/h2>\n<h3 class=\"header-vfC6AV auto-hide-last-sibling-br\">Consegna logistica interurbana e rurale<\/h3>\n<div class=\"auto-hide-last-sibling-br paragraph-JOTKXA paragraph-element br-paragraph-space\">Nell'industria espressa e nel trasporto all'ingrosso, questo triciccolo elettrico a lungo raggio eccelle. Naviga in modo flessibile attraverso vicoli urbani e strade rurali, consegnando merci in modo rapido e accurato alle destinazioni e aumentando l'efficienza logistica.<\/div>\n<h3 class=\"header-vfC6AV auto-hide-last-sibling-br\">Transito dei prodotti agricoli<\/h3>\n<div class=\"auto-hide-last-sibling-br paragraph-JOTKXA paragraph-element br-paragraph-space\">Per il trasporto a breve raggio di prodotti agricoli (come frutta, verdura, cereali) e forniture agricole, questo e-triciclo \u00e8 una scelta ideale. Le sue prestazioni stabili e la capacit\u00e0 di carico adeguata garantiscono la freschezza e l'integrit\u00e0 dei prodotti agricoli durante il transito.<\/div>\n<h3 class=\"header-vfC6AV auto-hide-last-sibling-br\">Trasporto sul cantiere<\/h3>\n<div class=\"auto-hide-last-sibling-br paragraph-JOTKXA paragraph-element br-paragraph-space\">I cantieri richiedono frequenti trasporti a breve raggio di materiali come mattoni, cemento e acciaio. Grazie alla sua robusta propulsione e alla sua solida struttura, il triciccolo elettrico premium Long Range completa facilmente questi compiti, fornendo un forte supporto alle operazioni di costruzione.<\/div>\n<h3 class=\"header-vfC6AV auto-hide-last-sibling-br\">Uso dei venditori per piccole imprese<\/h3>\n<div class=\"auto-hide-last-sibling-br paragraph-JOTKXA paragraph-element br-paragraph-space\">Anche rivenditori e venditori nei mercati degli agricoltori beneficiano di questo triciclo elettronico. Trasporta comodamente le merci tra i punti di acquisto e vendita, semplificando le operazioni aziendali.<\/div>\n<p>&nbsp;<\/p>\n<div class=\"auto-hide-last-sibling-br paragraph-JOTKXA paragraph-element br-paragraph-space\">(Nota: la corrispondenza con foto reali o immagini del caso del cliente \u00e8 raccomandata qui per migliorare la persuasione.)<\/div>\n<h2 class=\"header-vfC6AV auto-hide-last-sibling-br\">Perch\u00e9 collaborare con noi?<\/h2>\n<ul class=\"auto-hide-last-sibling-br\">\n<li><strong>Propulsione robusta &amp; eccellente supporto<\/strong>: Il motore da 1000W supera le controparti da 800W, rendendo il trasporto di carichi pesanti semplice.<\/li>\n<li><strong>Gamma estesa &amp; funzionamento efficiente<\/strong>La portata di 50-100 km soddisfa le esigenze di consegna interurbana\/rurale, riducendo la frequenza di ricarica e aumentando l'efficienza del lavoro.<\/li>\n<li><strong>Sicurezza &amp; affidabile<\/strong>: Il telaio in acciaio spessore della frenata posteriore a tamburo a disco anteriore garantisce pienamente la sicurezza del trasporto a pieno carico.<\/li>\n<li><strong>Capacit\u00e0 sufficiente &amp; fornitura stabile<\/strong>300.000 unit\u00e0 di produzione annua supportano in modo stabile ordini in massa, eliminando le preoccupazioni di inventario.<\/li>\n<li><strong>Personalizzazione flessibile<\/strong>L'esterno, la configurazione e i loghi possono essere regolati per soddisfare le esigenze personalizzate.<\/li>\n<li><strong>Senza preoccupazioni post-vendita<\/strong>I componenti principali sono forniti con una garanzia di 1 anno e gli accessori vengono forniti tempestivamente per un utilizzo senza problemi.<\/li>\n<li><strong>Alta efficienza dei costi<\/strong>Prestazioni stabili, costi inferiori rispetto alle alternative importate e margini di profitto all'ingrosso sostanziali per i clienti.<\/li>\n<\/ul>\n<h2 class=\"header-vfC6AV auto-hide-last-sibling-br\">Vantaggi della cooperazione all'ingrosso<\/h2>\n<ul class=\"auto-hide-last-sibling-br\">\n<li><strong>Prezzi diretti in fabbrica<\/strong>Eliminare i collegamenti intermedi garantisce prezzi competitivi e maggiori margini di profitto per i clienti.<\/li>\n<li><strong>Brevi cicli di consegna<\/strong>Anche gli ordini di massa vengono consegnati rapidamente, aiutando i clienti a soddisfare tempestivamente la domanda del mercato.<\/li>\n<li><strong>Ricca esperienza di esportazione<\/strong>I prodotti sono venduti in oltre 30 paesi \/ regioni nel sud-est asiatico, nel Medio Oriente e in Africa, guadagnando fiducia dei clienti con un'eccellente qualit\u00e0, rendendola una fonte affidabile all'ingrosso per Tricicli elettrici a lungo raggio.<\/li>\n<li><strong>Solide garanzie di cooperazione a lungo termine<\/strong>La fornitura stabile e il supporto post-vendita professionale aiutano i clienti ad espandere rapidamente i mercati e a raggiungere una crescita aziendale sostenibile.<\/li>\n<\/ul>","protected":false},"excerpt":{"rendered":"<p>Questo e-triciclo cargo premium, con le sue prestazioni eccezionali, la qualit\u00e0 affidabile e i servizi completi, \u00e8 diventato un potente strumento per operazioni logistiche e di trasporto merci efficienti. Se stai cercando un e-triciclo merci ad alte prestazioni, questo prodotto \u00e8 senza dubbio la tua scelta ottimale.<\/p>","protected":false},"featured_media":3405,"comment_status":"open","ping_status":"closed","template":"","meta":[],"product_brand":[],"product_cat":[78],"product_tag":[],"class_list":{"0":"post-3404","1":"product","2":"type-product","3":"status-publish","4":"has-post-thumbnail","6":"product_cat-electric-tricycle","8":"first","9":"instock","10":"shipping-taxable","11":"purchasable","12":"product-type-simple"},"_links":{"self":[{"href":"https:\/\/www.tairuiauto.com\/it\/wp-json\/wp\/v2\/product\/3404","targetHints":{"allow":["GET"]}}],"collection":[{"href":"https:\/\/www.tairuiauto.com\/it\/wp-json\/wp\/v2\/product"}],"about":[{"href":"https:\/\/www.tairuiauto.com\/it\/wp-json\/wp\/v2\/types\/product"}],"replies":[{"embeddable":true,"href":"https:\/\/www.tairuiauto.com\/it\/wp-json\/wp\/v2\/comments?post=3404"}],"wp:featuredmedia":[{"embeddable":true,"href":"https:\/\/www.tairuiauto.com\/it\/wp-json\/wp\/v2\/media\/3405"}],"wp:attachment":[{"href":"https:\/\/www.tairuiauto.com\/it\/wp-json\/wp\/v2\/media?parent=3404"}],"wp:term":[{"taxonomy":"product_brand","embeddable":true,"href":"https:\/\/www.tairuiauto.com\/it\/wp-json\/wp\/v2\/product_brand?post=3404"},{"taxonomy":"product_cat","embeddable":true,"href":"https:\/\/www.tairuiauto.com\/it\/wp-json\/wp\/v2\/product_cat?post=3404"},{"taxonomy":"product_tag","embeddable":true,"href":"https:\/\/www.tairuiauto.com\/it\/wp-json\/wp\/v2\/product_tag?post=3404"}],"curies":[{"name":"WP","href":"https:\/\/api.w.org\/{rel}","templated":true}]}}