{"id":3411,"date":"2025-08-24T10:28:17","date_gmt":"2025-08-24T02:28:17","guid":{"rendered":"https:\/\/www.tairuiauto.com\/?post_type=product&#038;p=3411"},"modified":"2025-09-12T10:54:29","modified_gmt":"2025-09-12T02:54:29","slug":"electric-tricycle-an-efficient-transportation-choice","status":"publish","type":"product","link":"https:\/\/www.tairuiauto.com\/it\/product\/electric-tricycle-an-efficient-transportation-choice\/","title":{"rendered":"Triciclo elettrico agricolo"},"content":{"rendered":"<h1 class=\"ace-line heading-h2\" dir=\"auto\" data-node=\"true\"><span data-leaf=\"true\"><span class=\"lb\">Potenti prestazioni per esigenze di carico pesante<\/span><\/span><span data-string=\"true\" data-enter=\"true\" data-leaf=\"true\">\u200b<\/span><\/h1>\n<div class=\"ace-line\" dir=\"auto\" data-node=\"true\"><span data-leaf=\"true\"><span class=\"lb\">Il sistema di alimentazione centrale del triciclo elettrico agricolo \u00e8 dotato di un <\/span><\/span><span data-leaf=\"true\"><span class=\"lb\">1200W motore di azionamento idraulico<\/span><\/span><span data-leaf=\"true\"><span class=\"lb\">e la tensione di funzionamento standard \u00e8 impostata a <\/span><\/span><span data-leaf=\"true\"><span class=\"lb\">48\/60V<\/span><\/span><span data-leaf=\"true\"><span class=\"lb\">. Questa configurazione pu\u00f2 produrre coppia sufficiente per far fronte facilmente a vari compiti di trasporto ad alto carico, sia che sia ad alta frequenza <\/span><\/span><span data-leaf=\"true\"><span class=\"lb\">fatturato merci<\/span><\/span><span data-leaf=\"true\"><span class=\"lb\"> nei distretti commerciali urbani o a breve distanza <\/span><\/span><span data-leaf=\"true\"><span class=\"lb\">distribuzione materiale<\/span><\/span><span data-leaf=\"true\"><span class=\"lb\"> nelle zone rurali, pu\u00f2 mantenere uno stato operativo stabile ed efficiente. In termini di prestazioni di guida, la velocit\u00e0 massima di questo modello pu\u00f2 raggiungere <\/span><\/span><span data-leaf=\"true\"><span class=\"lb\">30-40 km\/h<\/span><\/span><span data-leaf=\"true\"><span class=\"lb\">che pu\u00f2 soddisfare non solo i requisiti di base per la velocit\u00e0 di guida sulle strade urbane, ma anche adattarsi all'ambiente di traffico delle strade rurali; il <\/span><\/span><span data-leaf=\"true\"><span class=\"lb\">gamma per carica<\/span><\/span><span data-leaf=\"true\"><span class=\"lb\"> \u00e8 tra <\/span><\/span><span data-leaf=\"true\"><span class=\"lb\">50-100 km<\/span><\/span><span data-leaf=\"true\"><span class=\"lb\">e il valore specifico fluttuer\u00e0 in base alle condizioni stradali di guida (come autostrade lisce o strade sterrate sconvolte) e al peso del carico. Per i grossisti, questo design equilibrato di velocit\u00e0 e portata significa che l'attrezzatura pu\u00f2 ridurre i tempi di attesa di ricarica nelle operazioni quotidiane, migliorare l'efficienza del trasporto per unit\u00e0 di tempo ed \u00e8 una scelta con praticit\u00e0 e valore di investimento.<\/span><\/span><\/div>\n<h1 class=\"ace-line\" dir=\"auto\" data-node=\"true\"><span data-string=\"true\" data-enter=\"true\" data-leaf=\"true\">Parametri \u200b<\/span><\/h1>\n<table style=\"border-collapse: collapse; width: 93.8264%; height: 474px;\" border=\"0\" width=\"720\" cellspacing=\"0\" cellpadding=\"0\">\n<tbody>\n<tr style=\"height: 20.00pt;\">\n<td class=\"et5\" style=\"height: 20.00pt; width: 432.45pt;\" colspan=\"2\" width=\"720\" height=\"33\">Configurazione standard<\/td>\n<\/tr>\n<tr style=\"height: 20.00pt;\">\n<td class=\"et5\" style=\"height: 20.00pt;\" height=\"33\">Modello<\/td>\n<td class=\"et7\"><a href=\"#\u76ee\u5f55!A1\">C117<\/a><\/td>\n<\/tr>\n<tr style=\"height: 20.00pt;\">\n<td class=\"et6\" style=\"height: 20.00pt; width: 159.05pt;\" width=\"265\" height=\"33\">Dimensione complessiva<\/td>\n<td class=\"et6\" style=\"width: 273.40pt;\" width=\"455\">2350 * 1160 * 1670mm<\/td>\n<\/tr>\n<tr style=\"height: 20.00pt;\">\n<td class=\"et6\" style=\"height: 20.00pt; width: 159.05pt;\" width=\"265\" height=\"33\">Sedili<\/td>\n<td class=\"et6\" style=\"width: 273.40pt;\" width=\"455\">5<\/td>\n<\/tr>\n<tr style=\"height: 20.00pt;\">\n<td class=\"et6\" style=\"height: 20.00pt; width: 159.05pt;\" width=\"265\" height=\"33\">Potenza del motore idraulico<\/td>\n<td class=\"et6\" style=\"width: 273.40pt;\" width=\"455\">1200W<\/td>\n<\/tr>\n<tr style=\"height: 20.00pt;\">\n<td class=\"et6\" style=\"height: 20.00pt; width: 159.05pt;\" width=\"265\" height=\"33\">Tensione standard<\/td>\n<td class=\"et6\" style=\"width: 273.40pt;\" width=\"455\">48\/60V<\/td>\n<\/tr>\n<tr style=\"height: 20.00pt;\">\n<td class=\"et6\" style=\"height: 20.00pt; width: 159.05pt;\" width=\"265\" height=\"33\">Controllatore<\/td>\n<td class=\"et6\" style=\"width: 273.40pt;\" width=\"455\">36Tubo<\/td>\n<\/tr>\n<tr style=\"height: 20.00pt;\">\n<td class=\"et6\" style=\"height: 20.00pt; width: 159.05pt;\" width=\"265\" height=\"33\">Modalit\u00e0 frenata<\/td>\n<td class=\"et6\" style=\"width: 273.40pt;\" width=\"455\">Anteriore: tamburo Dietro: disco<\/td>\n<\/tr>\n<tr style=\"height: 20.00pt;\">\n<td class=\"et6\" style=\"height: 20.00pt; width: 159.05pt;\" width=\"265\" height=\"33\">Liberazione minima da terra<\/td>\n<td class=\"et6\" style=\"width: 273.40pt;\" width=\"455\">135<\/td>\n<\/tr>\n<tr style=\"height: 20.00pt;\">\n<td class=\"et6\" style=\"height: 20.00pt; width: 159.05pt;\" width=\"265\" height=\"33\">Capacit\u00e0 di produzione<\/td>\n<td class=\"et6\" style=\"width: 273.40pt;\" width=\"455\">300.000set\/anno<\/td>\n<\/tr>\n<tr style=\"height: 20.00pt;\">\n<td class=\"et6\" style=\"height: 20.00pt; width: 159.05pt;\" width=\"265\" height=\"33\">Tempo di carica<\/td>\n<td class=\"et6\" style=\"width: 273.40pt;\" width=\"455\">8 ore<\/td>\n<\/tr>\n<tr style=\"height: 20.00pt;\">\n<td class=\"et6\" style=\"height: 20.00pt; width: 159.05pt;\" width=\"265\" height=\"33\">Pneumatico Tt anteriore\/posteriore<\/td>\n<td class=\"et6\" style=\"width: 273.40pt;\" width=\"455\">4.00-10<\/td>\n<\/tr>\n<tr style=\"height: 20.00pt;\">\n<td class=\"et6\" style=\"height: 20.00pt; width: 159.05pt;\" width=\"265\" height=\"33\">Scelta colore<\/td>\n<td class=\"et6\" style=\"width: 273.40pt;\" width=\"455\">Personalizzato<\/td>\n<\/tr>\n<tr style=\"height: 20.00pt;\">\n<td class=\"et6\" style=\"height: 20.00pt; width: 159.05pt;\" width=\"265\" height=\"33\">Origine<\/td>\n<td class=\"et6\" style=\"width: 273.40pt;\" width=\"455\">Cina<\/td>\n<\/tr>\n<tr style=\"height: 20.00pt;\">\n<td class=\"et6\" style=\"height: 20.00pt; width: 159.05pt;\" width=\"265\" height=\"33\">Gamma per carica\/Km<\/td>\n<td class=\"et6\" style=\"width: 273.40pt;\" width=\"455\">50-100 km<\/td>\n<\/tr>\n<tr style=\"height: 20.00pt;\">\n<td class=\"et6\" style=\"height: 20.00pt; width: 159.05pt;\" width=\"265\" height=\"33\">Velocit\u00e0 massima Km\/H<\/td>\n<td class=\"et6\" style=\"width: 273.40pt;\" width=\"455\">30-40 km\/h<\/td>\n<\/tr>\n<tr style=\"height: 20.00pt;\">\n<td class=\"et6\" style=\"height: 20.00pt; width: 159.05pt;\" width=\"265\" height=\"33\">vetro<\/td>\n<td class=\"et6\" style=\"width: 273.40pt;\" width=\"455\">Vetro a mano<\/td>\n<\/tr>\n<\/tbody>\n<\/table>\n<h1 class=\"ace-line heading-h2\" dir=\"auto\" data-node=\"true\"><span data-leaf=\"true\"><span class=\"lb\">Progettazione strutturale sicura e affidabile<\/span><\/span><span data-string=\"true\" data-enter=\"true\" data-leaf=\"true\">\u200b<\/span><\/h1>\n<div class=\"ace-line\" dir=\"auto\" data-node=\"true\"><span data-leaf=\"true\"><span class=\"lb\">Le prestazioni di sicurezza sono sempre state una considerazione fondamentale per gli acquirenti nella scelta delle attrezzature di trasporto e il triciclo elettrico agricolo \u00e8 stato completamente ottimizzato in questa dimensione. Il veicolo \u00e8 dotato di un <\/span><\/span><span data-leaf=\"true\"><span class=\"lb\">Controller a 36 tubi<\/span><\/span><span data-leaf=\"true\"><span class=\"lb\">che pu\u00f2 regolare la potenza in tempo reale per garantire la stabilit\u00e0 delle prestazioni durante la guida ed evitare i rischi operativi causati dalle fluttuazioni della potenza; il <\/span><\/span><span data-leaf=\"true\"><span class=\"lb\">sistema frenante<\/span><\/span><span data-leaf=\"true\"><span class=\"lb\"> adotta un design combinato di tamburo anteriore e freni a disco posteriori. Questa combinazione pu\u00f2 efficacemente accorciare la distanza di frenata, fornendo al conducente un tempo di reazione sufficiente anche in situazioni di emergenza e riducendo notevolmente la probabilit\u00e0 di incidenti. Inoltre, il <\/span><\/span><span data-leaf=\"true\"><span class=\"lb\">clearance terra<\/span><\/span><span data-leaf=\"true\"><span class=\"lb\"> Il modello raggiunge <\/span><\/span><span data-leaf=\"true\"><span class=\"lb\">135 millimetri<\/span><\/span><span data-leaf=\"true\"><span class=\"lb\">Questo parametro garantisce che quando si guida su strade rurali non asfaltate o strade urbane con fori, non sia facile avere problemi di raschiamento del telaio, garantendo un traffico fluido in condizioni stradali complesse. La struttura della carrozzeria \u00e8 stata sottoposta a un trattamento rinforzato e pu\u00f2 mantenere un'eccellente stabilit\u00e0 sia per il trasporto di passeggeri che per il trasporto di merci, riducendo i danni alle merci o il disagio dei passeggeri causato dal tremore del corpo.<\/span><\/span><span data-string=\"true\" data-enter=\"true\" data-leaf=\"true\">\u200b<\/span><\/div>\n<h1 class=\"ace-line heading-h2\" dir=\"auto\" data-node=\"true\"><span data-leaf=\"true\"><span class=\"lb\">La produzione su larga scala garantisce una fornitura stabile<\/span><\/span><span data-string=\"true\" data-enter=\"true\" data-leaf=\"true\">\u200b<\/span><\/h1>\n<div class=\"ace-line\" dir=\"auto\" data-node=\"true\"><span data-leaf=\"true\"><span class=\"lb\">Per gli acquirenti di massa, il fornitore&#8217; La capacit\u00e0 di produzione e la stabilit\u00e0 dell'approvvigionamento influenzano direttamente i propri piani operativi, che \u00e8 anche una delle principali competitivit\u00e0 del triciclo elettrico agricolo. La nostra base di produzione ha la capacit\u00e0 di produrre <\/span><\/span><span data-leaf=\"true\"><span class=\"lb\">300.000 tricicli elettrici all'anno<\/span><\/span><span data-leaf=\"true\"><span class=\"lb\">Questo sistema di produzione su larga scala non solo pu\u00f2 soddisfare le esigenze di approvvigionamento concentrate durante le stagioni di punta e garantire la consegna puntuale degli ordini, ma riflette anche il processo di produzione maturo e i rigorosi standard di controllo di qualit\u00e0. Dall\u2019acquisto delle parti all\u2019assemblaggio dei veicoli, ogni collegamento \u00e8 gestito in modo sistematico, il che non solo garantisce la coerenza qualitativa di ogni veicolo che lascia la fabbrica, ma riduce anche i costi di produzione attraverso economie di scala. Infine, fornisce agli acquirenti di massa prezzi pi\u00f9 competitivi sul mercato e realizza la doppia garanzia di &#8220; ottimizzazione dei costi di fornitura stabile&#8221;.<\/span><\/span><span data-string=\"true\" data-enter=\"true\" data-leaf=\"true\">\u200b<\/span><\/div>\n<h1 class=\"ace-line heading-h2\" dir=\"auto\" data-node=\"true\"><span data-leaf=\"true\"><span class=\"lb\">Vantaggi sui costi evidenziano la competitivit\u00e0 del mercato<\/span><\/span><span data-string=\"true\" data-enter=\"true\" data-leaf=\"true\">\u200b<\/span><\/h1>\n<div class=\"ace-line\" dir=\"auto\" data-node=\"true\"><span data-leaf=\"true\"><span class=\"lb\">In termini di costi operativi, il triciclo elettrico agricolo presenta vantaggi incomparabili rispetto ai tradizionali veicoli a combustibile. Il <\/span><\/span><span data-leaf=\"true\"><span class=\"lb\">tempo di ricarica completo<\/span><\/span><span data-leaf=\"true\"><span class=\"lb\"> Questo modello riguarda <\/span><\/span><span data-leaf=\"true\"><span class=\"lb\">8 ore<\/span><\/span><span data-leaf=\"true\"><span class=\"lb\">Rispetto al frequente rifornimento di carburante dei veicoli alimentati a carburante, non solo riduce i costi di manodopera e tempo, ma raggiunge anche un risparmio significativo nei costi di consumo energetico. Secondo i dati dei test del settore, i costi operativi (compresa l'energia, la manutenzione, ecc.) dei tricicli elettrici possono essere ridotti fino a <\/span><\/span><span data-leaf=\"true\"><span class=\"lb\">60%<\/span><\/span><span data-leaf=\"true\"><span class=\"lb\"> rispetto ai veicoli alimentati a carburante entro un ciclo di servizio di cinque anni. Questo vantaggio di costo \u00e8 particolarmente importante per le industrie che si affidano alle attivit\u00e0 di trasporto, come ad esempio: <\/span><\/span><span data-leaf=\"true\"><span class=\"lb\">trasferimento di prodotti agricoli<\/span><\/span><span data-leaf=\"true\"><span class=\"lb\"> nel settore agricolo, <\/span><\/span><span data-leaf=\"true\"><span class=\"lb\">rifornimento magazzino<\/span><\/span><span data-leaf=\"true\"><span class=\"lb\"> nel settore del retail e &#8220; consegna dell'ultimo miglio&#8221; nel settore della logistica. Pu\u00f2 aiutare direttamente le imprese a ridurre le spese operative, aumentare i margini di profitto complessivi e diventare una forza motrice chiave per distinguersi nella concorrenza del mercato.<\/span><\/span><span data-string=\"true\" data-enter=\"true\" data-leaf=\"true\">\u200b<\/span><\/div>\n<h1 class=\"ace-line heading-h2\" dir=\"auto\" data-node=\"true\"><span data-leaf=\"true\"><span class=\"lb\">Servizi personalizzati soddisfano diverse esigenze<\/span><\/span><span data-string=\"true\" data-enter=\"true\" data-leaf=\"true\">\u200b<\/span><\/h1>\n<div class=\"ace-line\" dir=\"auto\" data-node=\"true\"><span data-leaf=\"true\"><span class=\"lb\">Siamo ben consapevoli che gli scenari di mercato serviti dagli acquirenti di massa sono diversi e che una singola configurazione di prodotto non pu\u00f2 soddisfare tutte le esigenze. Pertanto, il triciclo elettrico agricolo fornisce flessibilit\u00e0 <\/span><\/span><span data-leaf=\"true\"><span class=\"lb\">soluzioni di personalizzazione<\/span><\/span><span data-leaf=\"true\"><span class=\"lb\">. Gli acquirenti possono scegliere diversi colori della carrozzeria e configurazioni funzionali in base alle caratteristiche del mercato di destinazione: ad esempio, per scenari urbani di trasporto passeggeri a breve distanza, possono essere aggiunte configurazioni di comfort del sedile; per le esigenze di trasporto di merci rurali, la capacit\u00e0 di carico della scatola di carico pu\u00f2 essere rafforzata; per le piccole imprese logistiche, la progettazione dello spazio di stoccaggio pu\u00f2 essere ottimizzata. Sia che si tratti di operatori di taxi urbani, agricoltori rurali o piccole e medie aziende commerciali e commerciali, le specifiche del prodotto personalizzate possono consentire al JIEBAO3 di adattarsi meglio alle esigenze del mercato locale e aiutare gli acquirenti grossi a migliorare l'accettazione e la redditivit\u00e0 dei prodotti nel mercato terminale.<\/span><\/span><span data-string=\"true\" data-enter=\"true\" data-leaf=\"true\">\u200b<\/span><\/div>\n<div class=\"ace-line heading-h2\" dir=\"auto\" data-node=\"true\"><span data-leaf=\"true\"><span class=\"lb\">Attributi verdi allineati alle tendenze future<\/span><\/span><span data-string=\"true\" data-enter=\"true\" data-leaf=\"true\">\u200b<\/span><\/div>\n<div class=\"ace-line\" dir=\"auto\" data-node=\"true\"><span data-leaf=\"true\"><span class=\"lb\">Attualmente, i governi di tutto il mondo stanno promuovendo attivamente <\/span><\/span><span data-leaf=\"true\"><span class=\"lb\">transizione energetica pulita<\/span><\/span><span data-leaf=\"true\"><span class=\"lb\"> e introdurre una serie di politiche per incoraggiare l'uso di <\/span><\/span><span data-leaf=\"true\"><span class=\"lb\">veicoli a basse emissioni<\/span><\/span><span data-leaf=\"true\"><span class=\"lb\">. Scegliere di acquistare in massa tricicli elettrici agricoli pu\u00f2 non solo aiutare le imprese a ridurre le emissioni di carbonio durante il funzionamento e praticare il concetto di <\/span><\/span><span data-leaf=\"true\"><span class=\"lb\">sviluppo verde<\/span><\/span><span data-leaf=\"true\"><span class=\"lb\"> ma anche permettere loro di adattarsi in anticipo ai futuri requisiti normativi in materia di protezione ambientale ed evitare i rischi operativi causati da cambiamenti politici. Con il continuo miglioramento degli standard di protezione ambientale urbana e l'approfondimento dell'attenzione alla protezione ecologica nelle zone rurali, la domanda di tricicli elettrici con attributi sia pratici che ambientali continuer\u00e0 sicuramente a crescere. La distribuzione in questo campo in questo momento getter\u00e0 senza dubbio le basi per le imprese per cogliere le opportunit\u00e0 di mercato future.<\/span><\/span><span data-string=\"true\" data-enter=\"true\" data-leaf=\"true\">\u200b<\/span><\/div>\n<h1 class=\"ace-line heading-h2\" dir=\"auto\" data-node=\"true\"><span data-leaf=\"true\"><span class=\"lb\">Conclusione<\/span><\/span><span data-string=\"true\" data-enter=\"true\" data-leaf=\"true\">\u200b<\/span><\/h1>\n<div class=\"ace-line\" dir=\"auto\" data-node=\"true\"><span data-leaf=\"true\"><span class=\"lb\">Il triciclo elettrico agricolo non \u00e8 solo un semplice strumento di trasporto, ma un partner affidabile per gli acquirenti di massa nel processo di perseguire la durabilit\u00e0 delle attrezzature, l'ottimizzazione dei costi e la competitivit\u00e0 del mercato. Dalle prestazioni energetiche praticamente verificate alla produzione su larga scala che garantisce una fornitura stabile; dai servizi personalizzati che si adattano alle diverse esigenze agli attributi verdi che si allineano alle tendenze future, ogni vantaggio \u00e8 progettato per creare valore a lungo termine per gli acquirenti. Per le imprese che intendono espandere le loro flotte di trasporto, scegliere il triciclo elettrico agricolo significa combinare l'efficienza operativa con il concetto di sviluppo sostenibile, e questi due elementi sono al centro della definizione della direzione di sviluppo del futuro settore dei trasporti a breve distanza. Che si tratti di migliorare la redditivit\u00e0 delle imprese esistenti o esplorare nuove aree di mercato, JIEBAO3 pu\u00f2 diventare un forte supporto per le imprese per raggiungere i loro obiettivi e aiutarle a costruire vantaggi a lungo termine nella concorrenza del settore.<\/span><\/span><\/div>","protected":false},"excerpt":{"rendered":"<p><span data-leaf=\"true\"><span class=\"lb\">Sullo sfondo del continuo aumento della domanda globale di <\/span><\/span><span data-leaf=\"true\"><span class=\"lb\">veicoli a energia pulita<\/span><\/span><span data-leaf=\"true\"><span class=\"lb\">tricicli elettrici, con le loro caratteristiche flessibili e pratiche, sono diventati gradualmente una soluzione mainstream nei settori della <\/span><\/span><span data-leaf=\"true\"><span class=\"lb\">consegna merci<\/span><\/span><span data-leaf=\"true\"><span class=\"lb\"> e a breve distanza <\/span><\/span><span data-leaf=\"true\"><span class=\"lb\">trasporto passeggeri<\/span><\/span><span data-leaf=\"true\"><span class=\"lb\">. Per <\/span><\/span><span data-leaf=\"true\"><span class=\"lb\">compratori grossi<\/span><\/span><span data-leaf=\"true\"><span class=\"lb\"> che si concentrano sul valore operativo a lungo termine, perseguire la stabilit\u00e0 delle attrezzature e i benefici economici, il triciclo elettrico JIEBAO3 che abbiamo lanciato, basandosi sul suo preciso posizionamento del prodotto e sui vantaggi completi eccezionali, fornisce un <\/span><\/span><span data-leaf=\"true\"><span class=\"lb\">orientato allo sviluppo sostenibile<\/span><\/span><span data-leaf=\"true\"><span class=\"lb\"> nuova opzione per il moderno <\/span><\/span><span data-leaf=\"true\"><span class=\"lb\">distribuzione logistica<\/span><\/span><span data-leaf=\"true\"><span class=\"lb\"> e scenari di viaggio quotidiani rispetto ai tradizionali <\/span><\/span><span data-leaf=\"true\"><span class=\"lb\">veicoli a combustibile<\/span><\/span><span data-leaf=\"true\"><span class=\"lb\">.<\/span><\/span><\/p>","protected":false},"featured_media":3412,"comment_status":"open","ping_status":"closed","template":"","meta":[],"product_brand":[],"product_cat":[78],"product_tag":[],"class_list":{"0":"post-3411","1":"product","2":"type-product","3":"status-publish","4":"has-post-thumbnail","6":"product_cat-electric-tricycle","8":"first","9":"instock","10":"shipping-taxable","11":"product-type-simple"},"_links":{"self":[{"href":"https:\/\/www.tairuiauto.com\/it\/wp-json\/wp\/v2\/product\/3411","targetHints":{"allow":["GET"]}}],"collection":[{"href":"https:\/\/www.tairuiauto.com\/it\/wp-json\/wp\/v2\/product"}],"about":[{"href":"https:\/\/www.tairuiauto.com\/it\/wp-json\/wp\/v2\/types\/product"}],"replies":[{"embeddable":true,"href":"https:\/\/www.tairuiauto.com\/it\/wp-json\/wp\/v2\/comments?post=3411"}],"wp:featuredmedia":[{"embeddable":true,"href":"https:\/\/www.tairuiauto.com\/it\/wp-json\/wp\/v2\/media\/3412"}],"wp:attachment":[{"href":"https:\/\/www.tairuiauto.com\/it\/wp-json\/wp\/v2\/media?parent=3411"}],"wp:term":[{"taxonomy":"product_brand","embeddable":true,"href":"https:\/\/www.tairuiauto.com\/it\/wp-json\/wp\/v2\/product_brand?post=3411"},{"taxonomy":"product_cat","embeddable":true,"href":"https:\/\/www.tairuiauto.com\/it\/wp-json\/wp\/v2\/product_cat?post=3411"},{"taxonomy":"product_tag","embeddable":true,"href":"https:\/\/www.tairuiauto.com\/it\/wp-json\/wp\/v2\/product_tag?post=3411"}],"curies":[{"name":"WP","href":"https:\/\/api.w.org\/{rel}","templated":true}]}}