{"id":3419,"date":"2025-08-25T10:00:28","date_gmt":"2025-08-25T02:00:28","guid":{"rendered":"https:\/\/www.tairuiauto.com\/?post_type=product&#038;p=3419"},"modified":"2025-08-27T11:02:28","modified_gmt":"2025-08-27T03:02:28","slug":"jieda-electric-3-wheel-tricycle","status":"publish","type":"product","link":"https:\/\/www.tairuiauto.com\/it\/product\/jieda-electric-3-wheel-tricycle\/","title":{"rendered":"Triciclo elettrico a 3 ruote"},"content":{"rendered":"<h3 class=\"header-vfC6AV auto-hide-last-sibling-br\">Introduzione del prodotto<\/h3>\n<div class=\"auto-hide-last-sibling-br paragraph-JOTKXA paragraph-element br-paragraph-space\">Alimentato da un motore senza spazzole 48V\/60V 800W e accoppiato con batterie al piombo-acido 48V\/60V 45AH-60AH, il triciccolo elettrico a 3 ruote Jieda offre prestazioni equilibrate: una velocit\u00e0 massima di 30-40 km\/h, un raggio di carica singola di 40-60 km e un tempo di ricarica di 6-8 ore, perfettamente adatto per viaggi giornalieri a breve distanza. Le sue dimensioni compatte (circa 2700 x 1100 x 1400 mm) garantiscono una facile manovrabilit\u00e0 in strade affollate, mentre una capacit\u00e0 di carico fino a 200 kg - divisa tra la zona carico posteriore e lo stoccaggio sotto il sedile - aggiunge alla sua funzionalit\u00e0. Dotato di freni a tamburo anteriori e posteriori, ammortizzatori a molla e pneumatici antiscivolo, questo trike elettrico d\u00e0 priorit\u00e0 alla sicurezza e al comfort, consolidando il suo ruolo di soluzione di trasporto quotidiana affidabile.<\/div>\n<div><img fetchpriority=\"high\" decoding=\"async\" class=\"alignnone size-medium wp-image-3420\" src=\"https:\/\/www.tairuiauto.com\/wp-content\/uploads\/2025\/08\/1-7-300x300.jpg\" alt=\"JIEDA elettrico 3 ruote\" width=\"300\" height=\"300\" srcset=\"\" sizes=\"(max-width: 300px) 100vw, 300px\" data-srcset=\"\" \/> <img decoding=\"async\" class=\"alignnone size-medium wp-image-3422\" src=\"https:\/\/www.tairuiauto.com\/wp-content\/uploads\/2025\/08\/3-5-300x300.jpg\" alt=\"\" width=\"300\" height=\"300\" srcset=\"\" sizes=\"(max-width: 300px) 100vw, 300px\" data-srcset=\"\" \/><img decoding=\"async\" class=\"alignnone size-medium wp-image-3421\" src=\"https:\/\/www.tairuiauto.com\/wp-content\/uploads\/2025\/08\/2-5-300x300.jpg\" alt=\"\" width=\"300\" height=\"300\" srcset=\"\" sizes=\"(max-width: 300px) 100vw, 300px\" data-srcset=\"\" \/><\/div>\n<h3><strong>\u200b Elenco dei parametri<\/strong><\/h3>\n<div class=\"kche-wrap-width\">\n<div class=\"kche-t154\">\n<div class=\"kche-t154-contant\">\n<div class=\"kche-t154-list\">\n<div class=\"kche-t154-item\">\n<div class=\"kche-t154-img\">\n<div class=\"auto-hide-last-sibling-br paragraph-JOTKXA paragraph-element br-paragraph-space\">\n<table style=\"border-collapse: collapse; width: 68.7969%; height: 625px;\" border=\"0\" width=\"720\" cellspacing=\"0\" cellpadding=\"0\">\n<tbody>\n<tr style=\"height: 20.00pt;\">\n<td class=\"et4\" style=\"height: 20.00pt; width: 159.05pt;\" width=\"265\" height=\"33\">Modello<\/td>\n<td class=\"et6\" style=\"width: 273.40pt;\" width=\"455\">Triciclo elettrico JIEDA 3 ruote<\/td>\n<\/tr>\n<tr style=\"height: 20.00pt;\">\n<td class=\"et5\" style=\"height: 20.00pt; width: 159.05pt;\" width=\"265\" height=\"33\">L\u00d7L\u00d7H (mm)<\/td>\n<td class=\"et5\" style=\"width: 273.40pt;\" width=\"455\">2980\u00d71080\u00d71340<\/td>\n<\/tr>\n<tr style=\"height: 20.00pt;\">\n<td class=\"et5\" style=\"height: 20.00pt; width: 159.05pt;\" width=\"265\" height=\"33\">Dimensione della scatola di carico (mm)<\/td>\n<td class=\"et5\" style=\"width: 273.40pt;\" width=\"455\">1500\u00d71000<\/td>\n<\/tr>\n<tr style=\"height: 20.00pt;\">\n<td class=\"et5\" style=\"height: 20.00pt; width: 159.05pt;\" width=\"265\" height=\"33\">Base delle ruote (mm)<\/td>\n<td class=\"et5\" style=\"width: 273.40pt;\" width=\"455\">2040<\/td>\n<\/tr>\n<tr style=\"height: 20.00pt;\">\n<td class=\"et5\" style=\"height: 20.00pt; width: 159.05pt;\" width=\"265\" height=\"33\">pista della ruota (mm)<\/td>\n<td class=\"et5\" style=\"width: 273.40pt;\" width=\"455\">880<\/td>\n<\/tr>\n<tr style=\"height: 20.00pt;\">\n<td class=\"et5\" style=\"height: 20.00pt; width: 159.05pt;\" width=\"265\" height=\"33\">Spazio minimo da terra (mm)<\/td>\n<td class=\"et5\" style=\"width: 273.40pt;\" width=\"455\">\u2265150<\/td>\n<\/tr>\n<tr style=\"height: 20.00pt;\">\n<td class=\"et5\" style=\"height: 20.00pt; width: 159.05pt;\" width=\"265\" height=\"33\">Ragio minimo di rotazione (m)<\/td>\n<td class=\"et5\" style=\"width: 273.40pt;\" width=\"455\">\u22644<\/td>\n<\/tr>\n<tr style=\"height: 20.00pt;\">\n<td class=\"et5\" style=\"height: 20.00pt; width: 159.05pt;\" width=\"265\" height=\"33\">Peso del bordo (kg)<\/td>\n<td class=\"et5\" style=\"width: 273.40pt;\" width=\"455\">196<\/td>\n<\/tr>\n<tr style=\"height: 20.00pt;\">\n<td class=\"et5\" style=\"height: 20.00pt; width: 159.05pt;\" width=\"265\" height=\"33\">Velocit\u00e0 massima (km\/h)<\/td>\n<td class=\"et5\" style=\"width: 273.40pt;\" width=\"455\">35-45<\/td>\n<\/tr>\n<tr style=\"height: 20.00pt;\">\n<td class=\"et5\" style=\"height: 20.00pt; width: 159.05pt;\" width=\"265\" height=\"33\">Capacit\u00e0 di grado (%)<\/td>\n<td class=\"et5\" style=\"width: 273.40pt;\" width=\"455\">\u226415<\/td>\n<\/tr>\n<tr style=\"height: 20.00pt;\">\n<td class=\"et5\" style=\"height: 20.00pt; width: 159.05pt;\" width=\"265\" height=\"33\">batteria<\/td>\n<td class=\"et5\" style=\"width: 273.40pt;\" width=\"455\">48\/60V45AH-58AH<\/td>\n<\/tr>\n<tr style=\"height: 20.00pt;\">\n<td class=\"et5\" style=\"height: 20.00pt; width: 159.05pt;\" width=\"265\" height=\"33\">Motore, controllore (w)<\/td>\n<td class=\"et5\" style=\"width: 273.40pt;\" width=\"455\">Magneto permanente 48\/60V800W<\/td>\n<\/tr>\n<tr style=\"height: 20.00pt;\">\n<td class=\"et5\" style=\"height: 20.00pt; width: 159.05pt;\" width=\"265\" height=\"33\">Range per carica (km)<\/td>\n<td class=\"et5\" style=\"width: 273.40pt;\" width=\"455\">50-70<\/td>\n<\/tr>\n<tr style=\"height: 20.00pt;\">\n<td class=\"et5\" style=\"height: 20.00pt; width: 159.05pt;\" width=\"265\" height=\"33\">Tempo di carica (h)<\/td>\n<td class=\"et5\" style=\"width: 273.40pt;\" width=\"455\">6 ~ 8 ore<\/td>\n<\/tr>\n<tr style=\"height: 20.00pt;\">\n<td class=\"et5\" style=\"height: 20.00pt; width: 159.05pt;\" width=\"265\" height=\"33\">Amortizzatore anteriore<\/td>\n<td class=\"et5\" style=\"width: 273.40pt;\" width=\"455\">\u03c637 Molla esterna Tamburo ammortizzatore<\/td>\n<\/tr>\n<tr style=\"height: 20.00pt;\">\n<td class=\"et5\" style=\"height: 20.00pt; width: 159.05pt;\" width=\"265\" height=\"33\">Ammortizzatore posteriore<\/td>\n<td class=\"et5\" style=\"width: 273.40pt;\" width=\"455\">ramo foglia<\/td>\n<\/tr>\n<tr style=\"height: 20.00pt;\">\n<td class=\"et5\" style=\"height: 20.00pt; width: 159.05pt;\" width=\"265\" height=\"33\">Pneumatico anteriore\/posteriore<\/td>\n<td class=\"et5\" style=\"width: 273.40pt;\" width=\"455\">3.50-12\/3.75-12<\/td>\n<\/tr>\n<tr style=\"height: 20.00pt;\">\n<td class=\"et5\" style=\"height: 20.00pt; width: 159.05pt;\" width=\"265\" height=\"33\">Tipo di cerchio<\/td>\n<td class=\"et5\" style=\"width: 273.40pt;\" width=\"455\">acciaio<\/td>\n<\/tr>\n<tr style=\"height: 20.00pt;\">\n<td class=\"et5\" style=\"height: 20.00pt; width: 159.05pt;\" width=\"265\" height=\"33\">Tipo freno anteriore\/posteriore<\/td>\n<td class=\"et5\" style=\"width: 273.40pt;\" width=\"455\">Un trascinare tre freni a tamburo<\/td>\n<\/tr>\n<tr style=\"height: 20.00pt;\">\n<td class=\"et5\" style=\"height: 20.00pt; width: 159.05pt;\" width=\"265\" height=\"33\">Freno di parcheggio<\/td>\n<td class=\"et5\" style=\"width: 273.40pt;\" width=\"455\">Freno a mano<\/td>\n<\/tr>\n<tr style=\"height: 20.00pt;\">\n<td class=\"et5\" style=\"height: 20.00pt; width: 159.05pt;\" width=\"265\" height=\"33\">Struttura dell'asse posteriore<\/td>\n<td class=\"et5\" style=\"width: 273.40pt;\" width=\"455\">Asse posteriore integrato<\/td>\n<\/tr>\n<\/tbody>\n<\/table>\n<\/div>\n<h3 class=\"header-vfC6AV auto-hide-last-sibling-br\">Punti di vendita chiave<\/h3>\n<ol class=\"auto-hide-last-sibling-br\">\n<li>\n<div class=\"auto-hide-last-sibling-br paragraph-JOTKXA paragraph-element br-paragraph-space\"><strong>Progettazione a doppio uso per i pendolari e il trasporto leggero<\/strong><br class=\"container-utlnW2 wrapper-d0Cc1k undefined\" \/>Il triciccolo elettrico a 3 ruote Jieda brilla come un multi-tasker, passando senza problemi da un pendolare di famiglia a un trasportatore leggero. La sua spaziosa area cargo posteriore (800 x 600 mm) gestisce generi alimentari, piccoli pacchetti o utensili, mentre il comodo sedile anteriore pu\u00f2 ospitare 1-2 passeggeri, eliminando la necessit\u00e0 di veicoli separati. Che si tratti di eseguire incarichi in citt\u00e0 o di consegnare piccoli oggetti per un'azienda locale, Electric 3-Wheel Tricycle Jieda si dimostra come un e-trike flessibile Jieda che si adatta alle esigenze quotidiane senza compromessi.<\/div>\n<\/li>\n<li>\n<div class=\"auto-hide-last-sibling-br paragraph-JOTKXA paragraph-element br-paragraph-space\"><strong>Esperienza di guida fluida e confortevole<\/strong><br class=\"container-utlnW2 wrapper-d0Cc1k undefined\" \/>Il comfort di guida \u00e8 una caratteristica distintiva del triciccolo elettrico a 3 ruote Jieda, grazie ai suoi ammortizzatori a molla e al sedile imbottito che cuscina gli urti su strade irregolari. Il motore senza spazzole funziona in silenzio, riducendo l'inquinamento acustico - ideale per aree residenziali - mentre il design ergonomico del manubrio riduce al minimo la stanchezza del conducente durante lunghe corse. A differenza delle alternative a guida dura, Electric 3-Wheel Tricycle Jieda garantisce sia al conducente che ai passeggeri un viaggio fluido, rendendolo una scelta preferita per coloro che danno priorit\u00e0 al comfort in un veicolo elettrico a tre ruote.<\/div>\n<\/li>\n<li>\n<div class=\"auto-hide-last-sibling-br paragraph-JOTKXA paragraph-element br-paragraph-space\"><strong>Prestazioni affidabili della batteria per l'uso quotidiano<\/strong><br class=\"container-utlnW2 wrapper-d0Cc1k undefined\" \/>Con batterie 48V\/60V 45AH-60AH, Electric 3-Wheel Tricycle Jieda offre un raggio di 40-60 km, pi\u00f9 che sufficiente per un'intera giornata di pendolari, incarichi o consegne leggere. Il tempo di ricarica di 6-8 ore si adatta facilmente alle routine notturne, quindi il trike elettrico \u00e8 sempre pronto al mattino. Anche con carichi parziali, la batteria mantiene prestazioni costanti, evitando improvvise cadute di energia che possono interrompere i piani. Per gli utenti che necessitano di affidabilit\u00e0 quotidiana, Electric 3-Wheel Tricycle Jieda consegna senza fallimento.<\/div>\n<\/li>\n<li>\n<div class=\"auto-hide-last-sibling-br paragraph-JOTKXA paragraph-element br-paragraph-space\"><strong>Compatto e Agile per la Navigazione Urbana<\/strong><br class=\"container-utlnW2 wrapper-d0Cc1k undefined\" \/>Le dimensioni compatte (2700\u00d71100\u00d71400mm) e il raggio di giro stretto del triciccolo elettrico a 3 ruote Jieda lo rendono un maestro delle manovre urbane. Scivola attraverso vicoli stretti, si stringe in piccoli posti auto e naviga nelle strade trafficate del mercato dove i veicoli pi\u00f9 grandi lottano. Questa agilit\u00e0 riduce il tempo di viaggio e lo stress, che si tratti di darts tra blocchi di citt\u00e0 o di tessere attraverso sentieri rurali. Per gli abitanti urbani stanchi dei trasporti ingombranti, Electric 3-Wheel Tricycle Jieda offre il perfetto equilibrio tra dimensioni e funzionalit\u00e0.<\/div>\n<\/li>\n<\/ol>\n<h3 class=\"header-vfC6AV auto-hide-last-sibling-br\">Vantaggi differenziativi<\/h3>\n<ol class=\"auto-hide-last-sibling-br\">\n<li>\n<div class=\"auto-hide-last-sibling-br paragraph-JOTKXA paragraph-element br-paragraph-space\"><strong>Vera versatilit\u00e0 a doppio scopo<\/strong><br class=\"container-utlnW2 wrapper-d0Cc1k undefined\" \/>A differenza dei tricycle progettati esclusivamente per l'uso cargo o passeggeri, Electric 3-Wheel Tricycle Jieda eccelle in entrambi, con un'area carico che non sacrifica il comfort dei passeggeri. Ci\u00f2 rende la Jieda e-trike ideale per gli utenti che hanno bisogno di un veicolo per pi\u00f9 ruoli, come i genitori che fanno acquisti dopo le corse scolastiche o i proprietari di piccole imprese che pendono e consegnano.<\/div>\n<\/li>\n<li>\n<div class=\"auto-hide-last-sibling-br paragraph-JOTKXA paragraph-element br-paragraph-space\"><strong>Funzionamento silenzioso per uso nel quartiere<\/strong><br class=\"container-utlnW2 wrapper-d0Cc1k undefined\" \/>Il suo motore senza spazzole distingue Electric 3-Wheel Tricycle Jieda dai rumorosi e tradizionali trike. Questa prestazione silenziosa \u00e8 una benedizione per i viaggi mattutini o serali, evitando disturbi nelle zone residenziali, una caratteristica raramente prioritaria in altri veicoli elettrici a tre ruote.<\/div>\n<\/li>\n<li>\n<div class=\"auto-hide-last-sibling-br paragraph-JOTKXA paragraph-element br-paragraph-space\"><strong>Potenza e efficienza equilibrate<\/strong><br class=\"container-utlnW2 wrapper-d0Cc1k undefined\" \/>Il motore elettrico a 3 ruote da 800W di Jieda raggiunge un perfetto equilibrio: abbastanza potenza per gestire pendenze (\u226415% di gradibilit\u00e0) e carichi leggeri, senza un eccessivo consumo di energia che riduce la portata. Questa efficienza supera i modelli sottoalimentati che lottano con le pendici e quelli sovraccaricati che sprecano la batteria.<\/div>\n<\/li>\n<li>\n<div class=\"auto-hide-last-sibling-br paragraph-JOTKXA paragraph-element br-paragraph-space\"><strong>Ergonomia centrata sull'utente<\/strong><br class=\"container-utlnW2 wrapper-d0Cc1k undefined\" \/>Dal suo sedile imbottito ai suoi controlli di facile accesso e alla custodia sotto il sedile, Electric 3-Wheel Tricycle Jieda d\u00e0 priorit\u00e0 al comfort dell'utente in ogni dettaglio. A differenza dei trike utilitari con design rigido, garantisce ai conducenti di rimanere rilassati anche dopo ore di utilizzo, rendendo il trike elettrico una gioia da operare ogni giorno.<\/div>\n<\/li>\n<\/ol>\n<h3 class=\"header-vfC6AV auto-hide-last-sibling-br\">Domande frequenti<\/h3>\n<div class=\"auto-hide-last-sibling-br paragraph-JOTKXA paragraph-element br-paragraph-space\"><strong>Q1: Qual \u00e8 il numero massimo di passeggeri Electric 3-Wheel Tricycle Jieda pu\u00f2 trasportare?<\/strong><br class=\"container-utlnW2 wrapper-d0Cc1k undefined\" \/>R: Il seggiolino primario \u00e8 progettato per un autista adulto, con un seggiolino secondario che pu\u00f2 accogliere comodamente un bambino o un piccolo adulto, per un totale di 2 passeggeri. Per motivi di sicurezza, evitare di sovraccaricare l'area da sedere, poich\u00e9 questo pu\u00f2 influire sull'equilibrio e sulle prestazioni frenanti. L'area cargo posteriore \u00e8 strettamente per merci, non passeggeri.<\/div>\n<h3 class=\"header-vfC6AV auto-hide-last-sibling-br\"><\/h3>\n<div class=\"auto-hide-last-sibling-br paragraph-JOTKXA paragraph-element br-paragraph-space\"><strong>Q2: Come influenza la temperatura la durata della batteria del Jieda e-trike?<\/strong><br class=\"container-utlnW2 wrapper-d0Cc1k undefined\" \/>R: Le prestazioni della batteria sono sensibili alle temperature estreme. In condizioni fredde (sotto i 5\u00b0C), la gamma pu\u00f2 diminuire del 15-25% a causa della ridotta attivit\u00e0 chimica nelle batterie. In condizioni calde (sopra i 35\u00b0C), la sovraccarica deve essere evitata, poich\u00e9 le alte temperature possono degradare le celle della batteria. Per mantenere prestazioni ottimali, conservare il veicolo elettrico a tre ruote in un'area ombreggiata e a temperatura controllata quando non \u00e8 in uso e caricarlo in condizioni moderate.<\/div>\n<h3 class=\"header-vfC6AV auto-hide-last-sibling-br\"><\/h3>\n<div class=\"auto-hide-last-sibling-br paragraph-JOTKXA paragraph-element br-paragraph-space\"><strong>Q3: Quante volte dovrebbero essere mantenuti i freni e gli ammortizzatori?<\/strong><br class=\"container-utlnW2 wrapper-d0Cc1k undefined\" \/>A: Per i freni: ispezionare i freni a tamburo ogni 3 mesi o 500km. Pulire le pastiglie del freno di polvere e regolare la tensione se la frenatura si sente sciolto. Sostituire immediatamente i tamponi usurati per garantire la sicurezza. Per gli ammortizzatori: controllare le perdite o l'ammortizzazione ridotta ogni 6 mesi. Lubrifica le parti mobili ogni anno per mantenere un funzionamento fluido. La manutenzione regolare garantisce che Electric 3-Wheel Tricycle Jieda rimanga sicuro e confortevole.<\/div>\n<h3 class=\"header-vfC6AV auto-hide-last-sibling-br\"><\/h3>\n<div class=\"auto-hide-last-sibling-br paragraph-JOTKXA paragraph-element br-paragraph-space\"><strong>Q4: La batteria pu\u00f2 essere aggiornata ad una capacit\u00e0 superiore?<\/strong><br class=\"container-utlnW2 wrapper-d0Cc1k undefined\" \/>R: S\u00ec, la batteria pu\u00f2 essere aggiornata a un modello 60V 60AH (dalla base 45AH) per estendere la gamma di circa il 20-25%. Tuttavia, utilizzare sempre batterie approvate dal produttore per garantire la compatibilit\u00e0 con il motore e il sistema di ricarica. L'aggiornamento pu\u00f2 aumentare leggermente il tempo di ricarica (di 1-2 ore), ma \u00e8 un'opzione fattibile per gli utenti che hanno bisogno di un raggio giornaliero pi\u00f9 lungo. Consultare un rivenditore certificato per l'installazione per evitare l'annullamento della garanzia.<\/div>\n<\/div>\n<\/div>\n<\/div>\n<\/div>\n<\/div>\n<\/div>","protected":false},"excerpt":{"rendered":"<p>Il triciccolo elettrico a tre ruote Jieda \u00e8 un triciccolo elettrico a tre ruote versatile progettato per soddisfare sia le esigenze giornaliere di pendolarit\u00e0 che le esigenze di carico leggero, rendendolo un e-trike Jieda ideale per residenti urbani, proprietari di piccole imprese e utenti rurali. Combinando praticit\u00e0 con design intuitivo, questo veicolo elettrico a tre ruote dispone di una disposizione ergonomica dei posti a sedere, ampio spazio di stoccaggio e prestazioni affidabili per gestire scenari diversi, dal trasporto dei membri della famiglia al trasporto di piccoli beni come alimentari o forniture del negozio.<\/p>","protected":false},"featured_media":3420,"comment_status":"open","ping_status":"closed","template":"","meta":[],"product_brand":[],"product_cat":[78],"product_tag":[],"class_list":{"0":"post-3419","1":"product","2":"type-product","3":"status-publish","4":"has-post-thumbnail","6":"product_cat-electric-tricycle","8":"first","9":"instock","10":"shipping-taxable","11":"purchasable","12":"product-type-simple"},"_links":{"self":[{"href":"https:\/\/www.tairuiauto.com\/it\/wp-json\/wp\/v2\/product\/3419","targetHints":{"allow":["GET"]}}],"collection":[{"href":"https:\/\/www.tairuiauto.com\/it\/wp-json\/wp\/v2\/product"}],"about":[{"href":"https:\/\/www.tairuiauto.com\/it\/wp-json\/wp\/v2\/types\/product"}],"replies":[{"embeddable":true,"href":"https:\/\/www.tairuiauto.com\/it\/wp-json\/wp\/v2\/comments?post=3419"}],"wp:featuredmedia":[{"embeddable":true,"href":"https:\/\/www.tairuiauto.com\/it\/wp-json\/wp\/v2\/media\/3420"}],"wp:attachment":[{"href":"https:\/\/www.tairuiauto.com\/it\/wp-json\/wp\/v2\/media?parent=3419"}],"wp:term":[{"taxonomy":"product_brand","embeddable":true,"href":"https:\/\/www.tairuiauto.com\/it\/wp-json\/wp\/v2\/product_brand?post=3419"},{"taxonomy":"product_cat","embeddable":true,"href":"https:\/\/www.tairuiauto.com\/it\/wp-json\/wp\/v2\/product_cat?post=3419"},{"taxonomy":"product_tag","embeddable":true,"href":"https:\/\/www.tairuiauto.com\/it\/wp-json\/wp\/v2\/product_tag?post=3419"}],"curies":[{"name":"WP","href":"https:\/\/api.w.org\/{rel}","templated":true}]}}