{"id":3427,"date":"2025-08-26T10:10:55","date_gmt":"2025-08-26T02:10:55","guid":{"rendered":"https:\/\/www.tairuiauto.com\/?post_type=product&#038;p=3427"},"modified":"2025-09-12T13:35:01","modified_gmt":"2025-09-12T05:35:01","slug":"durable-three-wheel-electric-vehicle-for-cargo-and-business-use","status":"publish","type":"product","link":"https:\/\/www.tairuiauto.com\/it\/product\/durable-three-wheel-electric-vehicle-for-cargo-and-business-use\/","title":{"rendered":"Triciclo elettrico industriale"},"content":{"rendered":"<h1 data-start=\"670\" data-end=\"973\"><strong data-start=\"670\" data-end=\"690\">Panoramica generale<\/strong><\/h1>\n<p data-start=\"670\" data-end=\"973\">Il triciclo elettrico industriale \u00e8 un <strong data-start=\"710\" data-end=\"742\">veicolo elettrico a tre ruote<\/strong> sviluppato per il trasporto alla rinfusa e l'uso professionale. Combinando resistenza, sicurezza e bassi costi di manutenzione, questo modello \u00e8 su misura per gli acquirenti all'ingrosso che hanno bisogno di affidabilit\u00e0 nella logistica, nell'agricoltura e nella distribuzione al dettaglio.<\/p>\n<h2 data-start=\"975\" data-end=\"1263\"><strong data-start=\"975\" data-end=\"995\">Categoria di prodotto<\/strong><\/h2>\n<p data-start=\"975\" data-end=\"1263\">Questa serie appartiene a <strong data-start=\"1021\" data-end=\"1051\">veicoli cargo a tre ruote<\/strong>specificamente progettato per trasportare carichi piuttosto che passeggeri. Offre un eccellente equilibrio tra capacit\u00e0 di trasporto, efficienza e sicurezza operativa, rendendolo ideale per trasporti medi e pesanti.<\/p>\n<h2 data-start=\"1265\" data-end=\"1623\"><strong data-start=\"1265\" data-end=\"1289\">Descrizione dettagliata<\/strong><\/h2>\n<p data-start=\"1265\" data-end=\"1623\">Il Triciclo Elettrico Industriale \u00e8 dotato di dimensioni complessive di 2980\u00d71080\u00d71340 mm e di un letto di carico di 1500\u00d71000 mm, garantendo generoso spazio per le merci. Con un motore a magneti permanenti da 800W alimentato da una batteria 48\/60V 45-58AH, offre un raggio di viaggio di 50-70 km per carica. Un tempo di ricarica di 6-8 ore lo rende altamente pratico per l'uso quotidiano.<\/p>\n<h1 data-start=\"1625\" data-end=\"1644\"><strong data-start=\"1625\" data-end=\"1642\">Principali vantaggi<\/strong><\/h1>\n<ul data-start=\"1645\" data-end=\"2271\">\n<li data-start=\"1645\" data-end=\"1760\">\n<p data-start=\"1647\" data-end=\"1760\"><strong data-start=\"1647\" data-end=\"1669\">Alta resistenza al carico<\/strong>La scatola di carico della struttura in acciaio e il telaio rinforzato garantiscono il trasporto sicuro di merci ingombranti.<\/p>\n<\/li>\n<li data-start=\"1761\" data-end=\"1908\">\n<p data-start=\"1763\" data-end=\"1908\"><strong data-start=\"1763\" data-end=\"1781\">Guida senza problemi<\/strong>Dotato di sospensione posteriore a molla a foglia e ammortizzatori a tamburo a molla esterna \u00d831, riduce le vibrazioni su strade ingombrate.<\/p>\n<\/li>\n<li data-start=\"1909\" data-end=\"2024\">\n<p data-start=\"1911\" data-end=\"2024\"><strong data-start=\"1911\" data-end=\"1930\">Sicurezza affidabile<\/strong>Caratterizzato da un sistema di frenatura a tamburo a tre trascinatori combinato con un freno di parcheggio manuale.<\/p>\n<\/li>\n<li data-start=\"2025\" data-end=\"2151\">\n<p data-start=\"2027\" data-end=\"2151\"><strong data-start=\"2027\" data-end=\"2046\">Velocit\u00e0 ottimizzata<\/strong>Con una velocit\u00e0 massima di 35-45 km\/h, garantisce un funzionamento a risparmio energetico senza compromettere la produttivit\u00e0.<\/p>\n<\/li>\n<li data-start=\"2152\" data-end=\"2271\">\n<p data-start=\"2154\" data-end=\"2271\"><strong data-start=\"2154\" data-end=\"2175\">Uso multiuso<\/strong>Perfetto per aziende agricole, logistica urbana, progetti di costruzione e distribuzione al dettaglio last mile.<\/p>\n<\/li>\n<\/ul>\n<h2 data-start=\"2273\" data-end=\"2303\"><strong data-start=\"2273\" data-end=\"2301\">Specifiche tecniche<\/strong><\/h2>\n<table style=\"border-collapse: collapse; width: 93.6215%; height: 609px;\" border=\"0\" width=\"720\" cellspacing=\"0\" cellpadding=\"0\">\n<tbody>\n<tr style=\"height: 20.00pt;\">\n<td class=\"et5\" style=\"height: 20.00pt; width: 432.45pt;\" colspan=\"2\" width=\"720\" height=\"33\">Configurazione standard<\/td>\n<\/tr>\n<tr style=\"height: 20.00pt;\">\n<td class=\"et5\" style=\"height: 20.00pt;\" height=\"33\">Modello<\/td>\n<td class=\"et7\"><a href=\"#\u76ee\u5f55!A1\">C107<\/a><\/td>\n<\/tr>\n<tr style=\"height: 20.00pt;\">\n<td class=\"et6\" style=\"height: 20.00pt; width: 159.05pt;\" width=\"265\" height=\"33\">L\u00d7L\u00d7H (mm)<\/td>\n<td class=\"et6\" style=\"width: 273.40pt;\" width=\"455\">2980\u00d71080\u00d71340<\/td>\n<\/tr>\n<tr style=\"height: 20.00pt;\">\n<td class=\"et6\" style=\"height: 20.00pt; width: 159.05pt;\" width=\"265\" height=\"33\">Dimensione della scatola di carico (mm)<\/td>\n<td class=\"et6\" style=\"width: 273.40pt;\" width=\"455\">1500\u00d71000<\/td>\n<\/tr>\n<tr style=\"height: 20.00pt;\">\n<td class=\"et6\" style=\"height: 20.00pt; width: 159.05pt;\" width=\"265\" height=\"33\">Base delle ruote (mm)<\/td>\n<td class=\"et6\" style=\"width: 273.40pt;\" width=\"455\">2040<\/td>\n<\/tr>\n<tr style=\"height: 20.00pt;\">\n<td class=\"et6\" style=\"height: 20.00pt; width: 159.05pt;\" width=\"265\" height=\"33\">pista della ruota (mm)<\/td>\n<td class=\"et6\" style=\"width: 273.40pt;\" width=\"455\">880<\/td>\n<\/tr>\n<tr style=\"height: 20.00pt;\">\n<td class=\"et6\" style=\"height: 20.00pt; width: 159.05pt;\" width=\"265\" height=\"33\">Spazio minimo da terra (mm)<\/td>\n<td class=\"et6\" style=\"width: 273.40pt;\" width=\"455\">\u2265150<\/td>\n<\/tr>\n<tr style=\"height: 20.00pt;\">\n<td class=\"et6\" style=\"height: 20.00pt; width: 159.05pt;\" width=\"265\" height=\"33\">Ragio minimo di rotazione (m)<\/td>\n<td class=\"et6\" style=\"width: 273.40pt;\" width=\"455\">\u22644<\/td>\n<\/tr>\n<tr style=\"height: 20.00pt;\">\n<td class=\"et6\" style=\"height: 20.00pt; width: 159.05pt;\" width=\"265\" height=\"33\">Peso del bordo (kg)<\/td>\n<td class=\"et6\" style=\"width: 273.40pt;\" width=\"455\">196<\/td>\n<\/tr>\n<tr style=\"height: 20.00pt;\">\n<td class=\"et6\" style=\"height: 20.00pt; width: 159.05pt;\" width=\"265\" height=\"33\">Velocit\u00e0 massima (km\/h)<\/td>\n<td class=\"et6\" style=\"width: 273.40pt;\" width=\"455\">35-45<\/td>\n<\/tr>\n<tr style=\"height: 20.00pt;\">\n<td class=\"et6\" style=\"height: 20.00pt; width: 159.05pt;\" width=\"265\" height=\"33\">Capacit\u00e0 di grado (%)<\/td>\n<td class=\"et6\" style=\"width: 273.40pt;\" width=\"455\">\u226415<\/td>\n<\/tr>\n<tr style=\"height: 20.00pt;\">\n<td class=\"et6\" style=\"height: 20.00pt; width: 159.05pt;\" width=\"265\" height=\"33\">batteria<\/td>\n<td class=\"et6\" style=\"width: 273.40pt;\" width=\"455\">48\/60V45AH-58AH<\/td>\n<\/tr>\n<tr style=\"height: 20.00pt;\">\n<td class=\"et6\" style=\"height: 20.00pt; width: 159.05pt;\" width=\"265\" height=\"33\">Motore, controllore (w)<\/td>\n<td class=\"et6\" style=\"width: 273.40pt;\" width=\"455\">Magneto permanente 48\/60V800W<\/td>\n<\/tr>\n<tr style=\"height: 20.00pt;\">\n<td class=\"et6\" style=\"height: 20.00pt; width: 159.05pt;\" width=\"265\" height=\"33\">Range per carica (km)<\/td>\n<td class=\"et6\" style=\"width: 273.40pt;\" width=\"455\">50-70<\/td>\n<\/tr>\n<tr style=\"height: 20.00pt;\">\n<td class=\"et6\" style=\"height: 20.00pt; width: 159.05pt;\" width=\"265\" height=\"33\">Tempo di carica (h)<\/td>\n<td class=\"et6\" style=\"width: 273.40pt;\" width=\"455\">6 ~ 8 ore<\/td>\n<\/tr>\n<tr style=\"height: 20.00pt;\">\n<td class=\"et6\" style=\"height: 20.00pt; width: 159.05pt;\" width=\"265\" height=\"33\">Amortizzatore anteriore<\/td>\n<td class=\"et6\" style=\"width: 273.40pt;\" width=\"455\">\u03c631 Molla esterna Tamburo ammortizzatore<\/td>\n<\/tr>\n<tr style=\"height: 20.00pt;\">\n<td class=\"et6\" style=\"height: 20.00pt; width: 159.05pt;\" width=\"265\" height=\"33\">Ammortizzatore posteriore<\/td>\n<td class=\"et6\" style=\"width: 273.40pt;\" width=\"455\">ramo foglia<\/td>\n<\/tr>\n<tr style=\"height: 20.00pt;\">\n<td class=\"et6\" style=\"height: 20.00pt; width: 159.05pt;\" width=\"265\" height=\"33\">Pneumatico anteriore\/posteriore<\/td>\n<td class=\"et6\" style=\"width: 273.40pt;\" width=\"455\">3.00-12\/3.50-12<\/td>\n<\/tr>\n<tr style=\"height: 20.00pt;\">\n<td class=\"et6\" style=\"height: 20.00pt; width: 159.05pt;\" width=\"265\" height=\"33\">Tipo di cerchio<\/td>\n<td class=\"et6\" style=\"width: 273.40pt;\" width=\"455\">acciaio<\/td>\n<\/tr>\n<tr style=\"height: 20.00pt;\">\n<td class=\"et6\" style=\"height: 20.00pt; width: 159.05pt;\" width=\"265\" height=\"33\">Tipo freno anteriore\/posteriore<\/td>\n<td class=\"et6\" style=\"width: 273.40pt;\" width=\"455\">Un trascinare tre freni a tamburo<\/td>\n<\/tr>\n<tr style=\"height: 20.00pt;\">\n<td class=\"et6\" style=\"height: 20.00pt; width: 159.05pt;\" width=\"265\" height=\"33\">Freno di parcheggio<\/td>\n<td class=\"et6\" style=\"width: 273.40pt;\" width=\"455\">Freno a mano<\/td>\n<\/tr>\n<tr style=\"height: 20.00pt;\">\n<td class=\"et6\" style=\"height: 20.00pt; width: 159.05pt;\" width=\"265\" height=\"33\">Struttura dell'asse posteriore<\/td>\n<td class=\"et6\" style=\"width: 273.40pt;\" width=\"455\">Asse posteriore integrato<\/td>\n<\/tr>\n<\/tbody>\n<\/table>\n<h2 data-start=\"2711\" data-end=\"2991\"><strong data-start=\"2711\" data-end=\"2735\">Progettazione e materiali<\/strong><\/h2>\n<p data-start=\"2711\" data-end=\"2991\">Costruito con forti telaio in acciaio e cerchi in acciaio resistenti, questo <strong data-start=\"2804\" data-end=\"2837\">tre ruote alimentate a batteria<\/strong> fornisce una lunga vita di servizio. Il design ergonomico del sedile garantisce comfort per i conducenti, mentre la scatola cargo aperta consente un carico e uno scarico efficienti.<\/p>\n<h2 data-start=\"2993\" data-end=\"3075\"><strong data-start=\"2993\" data-end=\"3019\">OEM e opzioni personalizzate<\/strong><\/h2>\n<p data-start=\"2993\" data-end=\"3075\">Forniamo ampi servizi OEM per i distributori:<\/p>\n<ul data-start=\"3076\" data-end=\"3256\">\n<li data-start=\"3076\" data-end=\"3106\">\n<p data-start=\"3078\" data-end=\"3106\">Dimensioni regolabili del letto cargo<\/p>\n<\/li>\n<li data-start=\"3107\" data-end=\"3161\">\n<p data-start=\"3109\" data-end=\"3161\">Scelta dello spessore del materiale e del trattamento superficiale<\/p>\n<\/li>\n<li data-start=\"3162\" data-end=\"3209\">\n<p data-start=\"3164\" data-end=\"3209\">Opzioni di batteria estese per un chilometraggio pi\u00f9 lungo<\/p>\n<\/li>\n<li data-start=\"3210\" data-end=\"3256\">\n<p data-start=\"3212\" data-end=\"3256\">Personalizzazione del brand con i loghi dei clienti<\/p>\n<\/li>\n<\/ul>\n<h2 data-start=\"3258\" data-end=\"3363\"><strong data-start=\"3258\" data-end=\"3279\">Assicurazione qualit\u00e0<\/strong><\/h2>\n<p data-start=\"3258\" data-end=\"3363\">Ogni <strong data-start=\"3287\" data-end=\"3317\">veicolo commerciale a 3 ruote<\/strong> passa attraverso rigorose prove e ispezioni:<\/p>\n<ul data-start=\"3364\" data-end=\"3554\">\n<li data-start=\"3364\" data-end=\"3414\">\n<p data-start=\"3366\" data-end=\"3414\">Saldatura e verniciatura automatizzate per la consistenza<\/p>\n<\/li>\n<li data-start=\"3415\" data-end=\"3462\">\n<p data-start=\"3417\" data-end=\"3462\">Test di scarico della batteria e resistenza del motore<\/p>\n<\/li>\n<li data-start=\"3463\" data-end=\"3513\">\n<p data-start=\"3465\" data-end=\"3513\">Prove di carico e frenatura prima della consegna<\/p>\n<\/li>\n<li data-start=\"3514\" data-end=\"3554\">\n<p data-start=\"3516\" data-end=\"3554\">Certificato secondo le norme CE e ISO<\/p>\n<\/li>\n<\/ul>\n<h2 data-start=\"3556\" data-end=\"3581\"><strong data-start=\"3556\" data-end=\"3579\">Supporto post-vendita<\/strong><\/h2>\n<ul data-start=\"3582\" data-end=\"3888\">\n<li data-start=\"3582\" data-end=\"3649\">\n<p data-start=\"3584\" data-end=\"3649\"><strong data-start=\"3584\" data-end=\"3608\">Imballaggio &amp; Spedizione<\/strong>Imballaggio sicuro per il trasporto globale<\/p>\n<\/li>\n<li data-start=\"3650\" data-end=\"3731\">\n<p data-start=\"3652\" data-end=\"3731\"><strong data-start=\"3652\" data-end=\"3675\">Assemblaggio &amp; Formazione<\/strong>Guide facili da seguire con supporto di allenamento opzionale<\/p>\n<\/li>\n<li data-start=\"3732\" data-end=\"3804\">\n<p data-start=\"3734\" data-end=\"3804\"><strong data-start=\"3734\" data-end=\"3749\">Pezzi di ricambio<\/strong>Disponibilit\u00e0 delle parti a lungo termine con servizio tecnico<\/p>\n<\/li>\n<li data-start=\"3805\" data-end=\"3888\">\n<p data-start=\"3807\" data-end=\"3888\"><strong data-start=\"3807\" data-end=\"3819\">garanzia<\/strong>Copertura di un anno per i componenti principali, tra cui motore e batteria<\/p>\n<\/li>\n<\/ul>\n<h1 data-start=\"3890\" data-end=\"3973\"><strong data-start=\"3890\" data-end=\"3906\">Applicazioni<\/strong><\/h1>\n<p data-start=\"3890\" data-end=\"3973\">Questo <strong data-start=\"3914\" data-end=\"3948\">veicolo pesante a tre ruote<\/strong> \u00e8 ampiamente adottato per:<\/p>\n<ul data-start=\"3974\" data-end=\"4130\">\n<li data-start=\"3974\" data-end=\"4019\">\n<p data-start=\"3976\" data-end=\"4019\">Agricoltura e trasporti di approvvigionamento agricolo<\/p>\n<\/li>\n<li data-start=\"4020\" data-end=\"4054\">\n<p data-start=\"4022\" data-end=\"4054\">Consegna materiali da costruzione<\/p>\n<\/li>\n<li data-start=\"4055\" data-end=\"4090\">\n<p data-start=\"4057\" data-end=\"4090\">Distribuzione al dettaglio e alimentari<\/p>\n<\/li>\n<li data-start=\"4091\" data-end=\"4130\">\n<p data-start=\"4093\" data-end=\"4130\">Servizi urbani e raccolta rifiuti<\/p>\n<\/li>\n<\/ul>\n<h1 data-start=\"4132\" data-end=\"4258\"><strong data-start=\"4132\" data-end=\"4154\">campioni per gli acquirenti<\/strong><\/h1>\n<p data-start=\"4132\" data-end=\"4258\">Le unit\u00e0 di campione sono disponibili per i grossisti per verificare le prestazioni prima di impegnarsi in grandi ordini.<\/p>","protected":false},"excerpt":{"rendered":"<p>Il JIEBAO2 \u00e8 un <strong data-start=\"710\" data-end=\"742\">veicolo elettrico a tre ruote<\/strong> sviluppato per il trasporto alla rinfusa e l'uso professionale. Combinando resistenza, sicurezza e bassi costi di manutenzione, questo modello \u00e8 su misura per gli acquirenti all'ingrosso che hanno bisogno di affidabilit\u00e0 nella logistica, nell'agricoltura e nella distribuzione al dettaglio<\/p>","protected":false},"featured_media":3671,"comment_status":"open","ping_status":"closed","template":"","meta":[],"product_brand":[],"product_cat":[78],"product_tag":[],"class_list":{"0":"post-3427","1":"product","2":"type-product","3":"status-publish","4":"has-post-thumbnail","6":"product_cat-electric-tricycle","8":"first","9":"instock","10":"shipping-taxable","11":"purchasable","12":"product-type-simple"},"_links":{"self":[{"href":"https:\/\/www.tairuiauto.com\/it\/wp-json\/wp\/v2\/product\/3427","targetHints":{"allow":["GET"]}}],"collection":[{"href":"https:\/\/www.tairuiauto.com\/it\/wp-json\/wp\/v2\/product"}],"about":[{"href":"https:\/\/www.tairuiauto.com\/it\/wp-json\/wp\/v2\/types\/product"}],"replies":[{"embeddable":true,"href":"https:\/\/www.tairuiauto.com\/it\/wp-json\/wp\/v2\/comments?post=3427"}],"wp:featuredmedia":[{"embeddable":true,"href":"https:\/\/www.tairuiauto.com\/it\/wp-json\/wp\/v2\/media\/3671"}],"wp:attachment":[{"href":"https:\/\/www.tairuiauto.com\/it\/wp-json\/wp\/v2\/media?parent=3427"}],"wp:term":[{"taxonomy":"product_brand","embeddable":true,"href":"https:\/\/www.tairuiauto.com\/it\/wp-json\/wp\/v2\/product_brand?post=3427"},{"taxonomy":"product_cat","embeddable":true,"href":"https:\/\/www.tairuiauto.com\/it\/wp-json\/wp\/v2\/product_cat?post=3427"},{"taxonomy":"product_tag","embeddable":true,"href":"https:\/\/www.tairuiauto.com\/it\/wp-json\/wp\/v2\/product_tag?post=3427"}],"curies":[{"name":"WP","href":"https:\/\/api.w.org\/{rel}","templated":true}]}}