{"id":3428,"date":"2026-01-15T09:59:09","date_gmt":"2026-01-15T01:59:09","guid":{"rendered":"https:\/\/www.tairuiauto.com\/?post_type=product&#038;p=3428"},"modified":"2026-01-27T10:38:23","modified_gmt":"2026-01-27T02:38:23","slug":"cargo-electric-tricycle-1-3m","status":"publish","type":"product","link":"https:\/\/www.tairuiauto.com\/it\/product\/cargo-electric-tricycle-1-3m\/","title":{"rendered":"Veicolo elettrico per trasporti a breve distanza"},"content":{"rendered":"<h2 data-start=\"487\" data-end=\"506\">Panoramica del prodotto<\/h2>\n<div class=\"kche-wrap-width\">\n<div class=\"kche-t154\">\n<div class=\"kche-t154-contant\">\n<div class=\"kche-t154-list\">\n<div class=\"kche-t154-item\">\n<div class=\"kche-t154-img\">\n<div class=\"auto-hide-last-sibling-br paragraph-JOTKXA paragraph-element br-paragraph-space\">\n<div class=\"auto-hide-last-sibling-br paragraph-JOTKXA paragraph-element br-paragraph-space\">\n<p data-start=\"508\" data-end=\"814\">Il <strong data-start=\"512\" data-end=\"567\">Veicolo elettrico per trasporti a breve distanza<\/strong> \u00e8 un veicolo elettrico compatto progettato per il movimento quotidiano di carichi in ambienti urbani e semiurbani. La sua struttura leggera, il raggio di giro stretto e la capacit\u00e0 di carico pratica lo rendono ideale per operazioni ad alta frequenza a breve raggio.<\/p>\n<table style=\"border-collapse: collapse; width: 74.5993%; height: 676px;\" border=\"0\" width=\"720\" cellspacing=\"0\" cellpadding=\"0\">\n<tbody>\n<tr style=\"height: 20.00pt;\">\n<td class=\"et4\" style=\"height: 20.00pt; width: 159.05pt;\" width=\"265\" height=\"33\">Modello<\/td>\n<td class=\"et6\" style=\"width: 273.40pt;\" width=\"455\">Veicolo elettrico per trasporti a breve distanza<\/td>\n<\/tr>\n<tr style=\"height: 20.00pt;\">\n<td class=\"et5\" style=\"height: 20.00pt; width: 159.05pt;\" width=\"265\" height=\"33\">L\u00d7L\u00d7H (mm)<\/td>\n<td class=\"et5\" style=\"width: 273.40pt;\" width=\"455\">2980\u00d71080\u00d71340<\/td>\n<\/tr>\n<tr style=\"height: 20.00pt;\">\n<td class=\"et5\" style=\"height: 20.00pt; width: 159.05pt;\" width=\"265\" height=\"33\">Dimensione della scatola di carico (mm)<\/td>\n<td class=\"et5\" style=\"width: 273.40pt;\" width=\"455\">1300\u00d7950<\/td>\n<\/tr>\n<tr style=\"height: 20.00pt;\">\n<td class=\"et5\" style=\"height: 20.00pt; width: 159.05pt;\" width=\"265\" height=\"33\">Base delle ruote (mm)<\/td>\n<td class=\"et5\" style=\"width: 273.40pt;\" width=\"455\">2040<\/td>\n<\/tr>\n<tr style=\"height: 20.00pt;\">\n<td class=\"et5\" style=\"height: 20.00pt; width: 159.05pt;\" width=\"265\" height=\"33\">pista della ruota (mm)<\/td>\n<td class=\"et5\" style=\"width: 273.40pt;\" width=\"455\">880<\/td>\n<\/tr>\n<tr style=\"height: 20.00pt;\">\n<td class=\"et5\" style=\"height: 20.00pt; width: 159.05pt;\" width=\"265\" height=\"33\">Spazio minimo da terra (mm)<\/td>\n<td class=\"et5\" style=\"width: 273.40pt;\" width=\"455\">\u2265150<\/td>\n<\/tr>\n<tr style=\"height: 20.00pt;\">\n<td class=\"et5\" style=\"height: 20.00pt; width: 159.05pt;\" width=\"265\" height=\"33\">Ragio minimo di rotazione (m)<\/td>\n<td class=\"et5\" style=\"width: 273.40pt;\" width=\"455\">\u22644<\/td>\n<\/tr>\n<tr style=\"height: 20.00pt;\">\n<td class=\"et5\" style=\"height: 20.00pt; width: 159.05pt;\" width=\"265\" height=\"33\">Peso del bordo (kg)<\/td>\n<td class=\"et5\" style=\"width: 273.40pt;\" width=\"455\">196<\/td>\n<\/tr>\n<tr style=\"height: 20.00pt;\">\n<td class=\"et5\" style=\"height: 20.00pt; width: 159.05pt;\" width=\"265\" height=\"33\">Velocit\u00e0 massima (km\/h)<\/td>\n<td class=\"et5\" style=\"width: 273.40pt;\" width=\"455\">35-45<\/td>\n<\/tr>\n<tr style=\"height: 20.00pt;\">\n<td class=\"et5\" style=\"height: 20.00pt; width: 159.05pt;\" width=\"265\" height=\"33\">Capacit\u00e0 di grado (%)<\/td>\n<td class=\"et5\" style=\"width: 273.40pt;\" width=\"455\">\u226415<\/td>\n<\/tr>\n<tr style=\"height: 20.00pt;\">\n<td class=\"et5\" style=\"height: 20.00pt; width: 159.05pt;\" width=\"265\" height=\"33\">batteria<\/td>\n<td class=\"et5\" style=\"width: 273.40pt;\" width=\"455\">48\/60V45AH-58AH<\/td>\n<\/tr>\n<tr style=\"height: 20.00pt;\">\n<td class=\"et5\" style=\"height: 20.00pt; width: 159.05pt;\" width=\"265\" height=\"33\">Motore, controllore (w)<\/td>\n<td class=\"et5\" style=\"width: 273.40pt;\" width=\"455\">Magneto permanente 48\/60V 800W\/1000W<\/td>\n<\/tr>\n<tr style=\"height: 20.00pt;\">\n<td class=\"et5\" style=\"height: 20.00pt; width: 159.05pt;\" width=\"265\" height=\"33\">Range per carica (km)<\/td>\n<td class=\"et5\" style=\"width: 273.40pt;\" width=\"455\">50-70<\/td>\n<\/tr>\n<tr style=\"height: 20.00pt;\">\n<td class=\"et5\" style=\"height: 20.00pt; width: 159.05pt;\" width=\"265\" height=\"33\">Tempo di carica (h)<\/td>\n<td class=\"et5\" style=\"width: 273.40pt;\" width=\"455\">6 ~ 8 ore<\/td>\n<\/tr>\n<tr style=\"height: 20.00pt;\">\n<td class=\"et5\" style=\"height: 20.00pt; width: 159.05pt;\" width=\"265\" height=\"33\">Amortizzatore anteriore<\/td>\n<td class=\"et5\" style=\"width: 273.40pt;\" width=\"455\">\u03c631 Molla esterna Tamburo ammortizzatore<\/td>\n<\/tr>\n<tr style=\"height: 20.00pt;\">\n<td class=\"et5\" style=\"height: 20.00pt; width: 159.05pt;\" width=\"265\" height=\"33\">Ammortizzatore posteriore<\/td>\n<td class=\"et5\" style=\"width: 273.40pt;\" width=\"455\">ramo foglia<\/td>\n<\/tr>\n<tr style=\"height: 20.00pt;\">\n<td class=\"et5\" style=\"height: 20.00pt; width: 159.05pt;\" width=\"265\" height=\"33\">Pneumatico anteriore\/posteriore<\/td>\n<td class=\"et5\" style=\"width: 273.40pt;\" width=\"455\">3.00-12\/3.50-12<\/td>\n<\/tr>\n<tr style=\"height: 20.00pt;\">\n<td class=\"et5\" style=\"height: 20.00pt; width: 159.05pt;\" width=\"265\" height=\"33\">Tipo di cerchio<\/td>\n<td class=\"et5\" style=\"width: 273.40pt;\" width=\"455\">acciaio<\/td>\n<\/tr>\n<tr style=\"height: 20.00pt;\">\n<td class=\"et5\" style=\"height: 20.00pt; width: 159.05pt;\" width=\"265\" height=\"33\">Tipo freno anteriore\/posteriore<\/td>\n<td class=\"et5\" style=\"width: 273.40pt;\" width=\"455\">Un trascinare tre freni a tamburo<\/td>\n<\/tr>\n<tr style=\"height: 20.00pt;\">\n<td class=\"et5\" style=\"height: 20.00pt; width: 159.05pt;\" width=\"265\" height=\"33\">Freno di parcheggio<\/td>\n<td class=\"et5\" style=\"width: 273.40pt;\" width=\"455\">Freno a mano<\/td>\n<\/tr>\n<tr style=\"height: 20.00pt;\">\n<td class=\"et5\" style=\"height: 20.00pt; width: 159.05pt;\" width=\"265\" height=\"33\">Struttura dell'asse posteriore<\/td>\n<td class=\"et5\" style=\"width: 273.40pt;\" width=\"455\">Asse posteriore integrato<\/td>\n<\/tr>\n<\/tbody>\n<\/table>\n<hr data-start=\"816\" data-end=\"819\" \/>\n<h2 data-start=\"821\" data-end=\"843\">Descrizione del prodotto<\/h2>\n<h3 data-start=\"845\" data-end=\"867\">Categoria di prodotto<\/h3>\n<p data-start=\"868\" data-end=\"961\">Veicolo di carico elettrico\/veicolo commerciale leggero elettrico\/veicolo di trasporto a breve distanza<\/p>\n<h3 data-start=\"963\" data-end=\"988\">Descrizione del prodotto<\/h3>\n<p data-start=\"990\" data-end=\"1284\">Il <strong data-start=\"994\" data-end=\"1049\">Veicolo elettrico per trasporti a breve distanza<\/strong> \u00e8 sviluppato per soddisfare le esigenze di una logistica urbana efficiente ed economica. Con dimensioni complessive di <strong data-start=\"1153\" data-end=\"1178\">2980 \u00d7 1080 \u00d7 1340 mm<\/strong>Il veicolo offre ottima manovrabilit\u00e0 in strade strette, parchi industriali e aree residenziali.<\/p>\n<p data-start=\"1286\" data-end=\"1588\">Il veicolo dispone di una <strong data-start=\"1309\" data-end=\"1344\">dimensioni della scatola di carico di 1300 \u00d7 950 mm<\/strong>fornire spazio sufficiente per il trasporto giornaliero di merci, consegna di pacchi e forniture di servizi. Un <strong data-start=\"1446\" data-end=\"1470\">distanza tra assi di 2040 mm<\/strong> combinato con un <strong data-start=\"1487\" data-end=\"1526\">raggio minimo di rotazione di \u22644 metri<\/strong> garantisce una manovrabilit\u00e0 agile e un facile funzionamento in spazi confinati.<\/p>\n<p data-start=\"1590\" data-end=\"2054\">Alimentato da un <strong data-start=\"1603\" data-end=\"1637\">Motore a magnete permanente 48V\/60V<\/strong> con <strong data-start=\"1643\" data-end=\"1664\">Uscita 800W-1000W<\/strong>In combinazione con un controller corrispondente, il veicolo fornisce una potenza stabile ed efficiente per i compiti di trasporto a breve distanza. Il sistema di batteria offre diverse configurazioni (<strong data-start=\"1836\" data-end=\"1861\">48V o 60V, 45Ah-58Ah<\/strong>), permettendo una <strong data-start=\"1875\" data-end=\"1915\">autonomia di guida di 50-70 km per carica<\/strong>adatto per cicli di consegna urbani frequenti. Il tempo di ricarica \u00e8 di circa <strong data-start=\"1993\" data-end=\"2006\">6-8 ore<\/strong>, supportando la ricarica durante la notte e il riutilizzo giornaliero.<\/p>\n<p data-start=\"2056\" data-end=\"2316\">Il design leggero del veicolo, con una <strong data-start=\"2097\" data-end=\"2127\">peso di marciapiede di soli 196 kg<\/strong>riduce il consumo energetico e migliora l'efficienza operativa. Un <strong data-start=\"2195\" data-end=\"2234\">distanza minima da terra di \u2265150 mm<\/strong> permette di gestire strade irregolari, urti di velocit\u00e0 e terreni rurali leggeri con facilit\u00e0.<\/p>\n<p data-start=\"2318\" data-end=\"2618\">Per il comfort e la durata della guida, la sospensione anteriore utilizza un <strong data-start=\"2379\" data-end=\"2419\">\u03c631 ammortizzatore esterno tamburo molla<\/strong>mentre la sospensione posteriore adotta una <strong data-start=\"2456\" data-end=\"2481\">struttura molla foglia<\/strong>, assicurando un supporto di carico stabile. Il <strong data-start=\"2517\" data-end=\"2541\">asse posteriore integrato<\/strong> migliora la resistenza strutturale e l'affidabilit\u00e0 a lungo termine in uso continuo.<\/p>\n<p data-start=\"2620\" data-end=\"3018\">La sicurezza frenante \u00e8 garantita attraverso un <strong data-start=\"2656\" data-end=\"2692\">sistema freno a tre tamburi a trascinamento unico<\/strong>Combinato con un <strong data-start=\"2710\" data-end=\"2731\">freno manuale<\/strong> per la sicurezza del parcheggio. Il veicolo corre su <strong data-start=\"2774\" data-end=\"2814\">Pneumatici anteriori 3.00-12 e posteriori 3.50-12<\/strong>, montato su <strong data-start=\"2827\" data-end=\"2841\">cerchi in acciaio<\/strong>, dando priorit\u00e0 alla durabilit\u00e0 e alle prestazioni di carico. Con un <strong data-start=\"2904\" data-end=\"2935\">Velocit\u00e0 massima di 35-45 km\/h<\/strong> e una <strong data-start=\"2942\" data-end=\"2966\">Gradabilit\u00e0 di \u226415%<\/strong>, \u00e8 ben adatto per strade cittadine e pendenze leggere.<\/p>\n<hr data-start=\"3020\" data-end=\"3023\" \/>\n<h2 data-start=\"3025\" data-end=\"3053\">Caratteristiche principali &amp; Vantaggi<\/h2>\n<h3 data-start=\"3055\" data-end=\"3069\">Caratteristiche<\/h3>\n<ul data-start=\"3070\" data-end=\"3293\">\n<li data-start=\"3070\" data-end=\"3111\">\n<p data-start=\"3072\" data-end=\"3111\">Progettazione di veicoli da carico elettrici compatti<\/p>\n<\/li>\n<li data-start=\"3112\" data-end=\"3157\">\n<p data-start=\"3114\" data-end=\"3157\">Configurazioni flessibili di batteria e motore<\/p>\n<\/li>\n<li data-start=\"3158\" data-end=\"3202\">\n<p data-start=\"3160\" data-end=\"3202\">Raggio di rotazione stretto per il funzionamento urbano<\/p>\n<\/li>\n<li data-start=\"3203\" data-end=\"3249\">\n<p data-start=\"3205\" data-end=\"3249\">Sospensione resistente e struttura dell'asse posteriore<\/p>\n<\/li>\n<li data-start=\"3250\" data-end=\"3293\">\n<p data-start=\"3252\" data-end=\"3293\">Pratica scatola di carico per il trasporto quotidiano<\/p>\n<\/li>\n<\/ul>\n<h3 data-start=\"3295\" data-end=\"3311\">Vantaggi<\/h3>\n<ul data-start=\"3312\" data-end=\"3490\">\n<li data-start=\"3312\" data-end=\"3353\">\n<p data-start=\"3314\" data-end=\"3353\">Facile manovrabilit\u00e0 in spazi stretti<\/p>\n<\/li>\n<li data-start=\"3354\" data-end=\"3401\">\n<p data-start=\"3356\" data-end=\"3401\">Basso consumo energetico e costi di manutenzione<\/p>\n<\/li>\n<li data-start=\"3402\" data-end=\"3438\">\n<p data-start=\"3404\" data-end=\"3438\">Prestazioni di carico stabili<\/p>\n<\/li>\n<li data-start=\"3439\" data-end=\"3490\">\n<p data-start=\"3441\" data-end=\"3490\">Semplice funzionamento con minima formazione richiesta<\/p>\n<\/li>\n<\/ul>\n<h3 data-start=\"3492\" data-end=\"3512\">Vantaggi per l'acquirente<\/h3>\n<ul data-start=\"3513\" data-end=\"3713\">\n<li data-start=\"3513\" data-end=\"3553\">\n<p data-start=\"3515\" data-end=\"3553\">Riduzione dei costi logistici e di consegna<\/p>\n<\/li>\n<li data-start=\"3554\" data-end=\"3606\">\n<p data-start=\"3556\" data-end=\"3606\">Miglioramento dell'efficienza per i trasporti a breve distanza<\/p>\n<\/li>\n<li data-start=\"3607\" data-end=\"3656\">\n<p data-start=\"3609\" data-end=\"3656\">Prestazioni affidabili per uso commerciale quotidiano<\/p>\n<\/li>\n<li data-start=\"3657\" data-end=\"3713\">\n<p data-start=\"3659\" data-end=\"3713\">Adatto a scenari urbani e semiurbani multipli<\/p>\n<\/li>\n<\/ul>\n<h3 data-start=\"3715\" data-end=\"3729\">Prova<\/h3>\n<ul data-start=\"3730\" data-end=\"3863\">\n<li data-start=\"3730\" data-end=\"3774\">\n<p data-start=\"3732\" data-end=\"3774\">Tecnologia di motore a magneti permanenti collaudata<\/p>\n<\/li>\n<li data-start=\"3775\" data-end=\"3816\">\n<p data-start=\"3777\" data-end=\"3816\">Sospensione rinforzata e design dell'asse<\/p>\n<\/li>\n<li data-start=\"3817\" data-end=\"3863\">\n<p data-start=\"3819\" data-end=\"3863\">Configurazione freno meccanico ampiamente utilizzata<\/p>\n<\/li>\n<\/ul>\n<hr data-start=\"3865\" data-end=\"3868\" \/>\n<h2 data-start=\"3870\" data-end=\"3894\">Scenari di applicazione<\/h2>\n<ul data-start=\"3896\" data-end=\"4082\">\n<li data-start=\"3896\" data-end=\"3924\">\n<p data-start=\"3898\" data-end=\"3924\">Consegna urbana last mile<\/p>\n<\/li>\n<li data-start=\"3925\" data-end=\"3965\">\n<p data-start=\"3927\" data-end=\"3965\">Logistica parchi industriali e campus<\/p>\n<\/li>\n<li data-start=\"3966\" data-end=\"4011\">\n<p data-start=\"3968\" data-end=\"4011\">Trasporti comunitari e residenziali<\/p>\n<\/li>\n<li data-start=\"4012\" data-end=\"4042\">\n<p data-start=\"4014\" data-end=\"4042\">Distribuzione di forniture al dettaglio<\/p>\n<\/li>\n<li data-start=\"4043\" data-end=\"4082\">\n<p data-start=\"4045\" data-end=\"4082\">Trasporti rurali a breve distanza<\/p>\n<\/li>\n<\/ul>\n<hr data-start=\"4084\" data-end=\"4087\" \/>\n<h2 data-start=\"4089\" data-end=\"4130\">Perch\u00e9 scegliere questo veicolo elettrico<\/h2>\n<p data-start=\"4132\" data-end=\"4456\">Il <strong data-start=\"4136\" data-end=\"4191\">Veicolo elettrico per trasporti a breve distanza<\/strong> combina dimensioni compatte, flessibilit\u00e0 operativa e basso costo di propriet\u00e0. La sua efficiente trasmissione elettrica, la capacit\u00e0 di carico pratica e la struttura duratura lo rendono una soluzione affidabile per le aziende che cercano una logistica a breve distanza sostenibile ed economicamente efficace.<\/p>\n<hr data-start=\"4458\" data-end=\"4461\" \/>\n<h2 data-start=\"4463\" data-end=\"4492\">Imballaggio &amp; Trasporti<\/h2>\n<ul data-start=\"4494\" data-end=\"4649\">\n<li data-start=\"4494\" data-end=\"4537\">\n<p data-start=\"4496\" data-end=\"4537\"><strong data-start=\"4496\" data-end=\"4515\">Tipo di imballaggio:<\/strong> SKD \/ CKD disponibile<\/p>\n<\/li>\n<li data-start=\"4538\" data-end=\"4592\">\n<p data-start=\"4540\" data-end=\"4592\"><strong data-start=\"4540\" data-end=\"4562\">Caricamento del contenitore:<\/strong> Ottimizzato per la spedizione di massa<\/p>\n<\/li>\n<li data-start=\"4593\" data-end=\"4649\">\n<p data-start=\"4595\" data-end=\"4649\"><strong data-start=\"4595\" data-end=\"4614\">Trasporto:<\/strong> Trasporti marittimi e terrestri supportati<\/p>\n<\/li>\n<\/ul>\n<hr data-start=\"4651\" data-end=\"4654\" \/>\n<h2 data-start=\"4656\" data-end=\"4662\">Domande frequenti<\/h2>\n<p data-start=\"4664\" data-end=\"4826\"><strong data-start=\"4664\" data-end=\"4717\">Q1: Qual \u00e8 il raggio massimo di guida per carica?<\/strong><br data-start=\"4717\" data-end=\"4720\" \/>Il veicolo offre una gamma di <strong data-start=\"4750\" data-end=\"4762\">50\u201370 km<\/strong>a seconda della configurazione della batteria, del carico e delle condizioni stradali.<\/p>\n<p data-start=\"4828\" data-end=\"4950\"><strong data-start=\"4828\" data-end=\"4868\">Q2: Quanto tempo ci vuole per caricare?<\/strong><br data-start=\"4868\" data-end=\"4871\" \/>Il tempo di ricarica \u00e8 di circa <strong data-start=\"4902\" data-end=\"4915\">6-8 ore<\/strong> utilizzando attrezzature di ricarica standard.<\/p>\n<p data-start=\"4952\" data-end=\"5110\"><strong data-start=\"4952\" data-end=\"5008\">Q3: Questo veicolo \u00e8 adatto per un uso quotidiano frequente?<\/strong><br data-start=\"5008\" data-end=\"5011\" \/>- S\u00ec. - S\u00ec. \u00c8 progettato per operazioni ad alta frequenza a breve distanza con bassi requisiti di manutenzione.<\/p>\n<p data-start=\"5112\" data-end=\"5250\"><strong data-start=\"5112\" data-end=\"5152\">Q4: Che sistema frenante utilizza?<\/strong><br data-start=\"5152\" data-end=\"5155\" \/>Utilizza un <strong data-start=\"5165\" data-end=\"5201\">sistema freno a tre tamburi a trascinamento unico<\/strong> con un <strong data-start=\"5209\" data-end=\"5230\">freno manuale<\/strong> per la sicurezza del parcheggio.<\/p>\n<p data-start=\"5252\" data-end=\"5400\"><strong data-start=\"5252\" data-end=\"5311\">Q5: Le configurazioni della batteria e del motore possono essere personalizzate?<\/strong><br data-start=\"5311\" data-end=\"5314\" \/>- S\u00ec. - S\u00ec. La tensione della batteria e la potenza del motore possono essere personalizzate in base alle esigenze operative.<\/p>\n<\/div>\n<\/div>\n<\/div>\n<\/div>\n<\/div>\n<\/div>\n<\/div>\n<\/div>","protected":false},"excerpt":{"rendered":"<p>Questo veicolo elettrico \u00e8 progettato per trasporti efficienti a breve distanza e logistica urbana. Dotato di una struttura compatta, di una scatola di carico flessibile e di bassi costi operativi, fornisce una soluzione pratica ed ecologica per la consegna dell'ultimo miglio, la distribuzione del parco e il trasporto commerciale leggero.<\/p>","protected":false},"featured_media":5334,"comment_status":"open","ping_status":"closed","template":"","meta":[],"product_brand":[],"product_cat":[78],"product_tag":[],"class_list":{"0":"post-3428","1":"product","2":"type-product","3":"status-publish","4":"has-post-thumbnail","6":"product_cat-electric-tricycle","8":"first","9":"instock","10":"shipping-taxable","11":"purchasable","12":"product-type-simple"},"_links":{"self":[{"href":"https:\/\/www.tairuiauto.com\/it\/wp-json\/wp\/v2\/product\/3428","targetHints":{"allow":["GET"]}}],"collection":[{"href":"https:\/\/www.tairuiauto.com\/it\/wp-json\/wp\/v2\/product"}],"about":[{"href":"https:\/\/www.tairuiauto.com\/it\/wp-json\/wp\/v2\/types\/product"}],"replies":[{"embeddable":true,"href":"https:\/\/www.tairuiauto.com\/it\/wp-json\/wp\/v2\/comments?post=3428"}],"wp:featuredmedia":[{"embeddable":true,"href":"https:\/\/www.tairuiauto.com\/it\/wp-json\/wp\/v2\/media\/5334"}],"wp:attachment":[{"href":"https:\/\/www.tairuiauto.com\/it\/wp-json\/wp\/v2\/media?parent=3428"}],"wp:term":[{"taxonomy":"product_brand","embeddable":true,"href":"https:\/\/www.tairuiauto.com\/it\/wp-json\/wp\/v2\/product_brand?post=3428"},{"taxonomy":"product_cat","embeddable":true,"href":"https:\/\/www.tairuiauto.com\/it\/wp-json\/wp\/v2\/product_cat?post=3428"},{"taxonomy":"product_tag","embeddable":true,"href":"https:\/\/www.tairuiauto.com\/it\/wp-json\/wp\/v2\/product_tag?post=3428"}],"curies":[{"name":"WP","href":"https:\/\/api.w.org\/{rel}","templated":true}]}}