{"id":3455,"date":"2025-08-27T13:33:17","date_gmt":"2025-08-27T05:33:17","guid":{"rendered":"https:\/\/www.tairuiauto.com\/?post_type=product&#038;p=3455"},"modified":"2025-09-12T10:48:45","modified_gmt":"2025-09-12T02:48:45","slug":"reliable-electric-tricycle-for-cargo-and-wholesale-distribution","status":"publish","type":"product","link":"https:\/\/www.tairuiauto.com\/it\/product\/reliable-electric-tricycle-for-cargo-and-wholesale-distribution\/","title":{"rendered":"Triciclo elettrico di carico"},"content":{"rendered":"<p data-start=\"1001\" data-end=\"1284\"><strong data-start=\"1001\" data-end=\"1027\">Classificazione del prodotto<\/strong><br data-start=\"1027\" data-end=\"1030\" \/>A differenza dei veicoli per il tempo libero o dei vagoni passeggeri, il Weilong appartiene al <strong data-start=\"1102\" data-end=\"1134\">triciclo elettrico pesante<\/strong> categoria. \u00c8 costruito appositamente per il trasporto di merci, garantendo una forte integrit\u00e0 strutturale e un funzionamento affidabile sia in ambienti urbani che rurali.<\/p>\n<p data-start=\"1286\" data-end=\"1706\"><strong data-start=\"1286\" data-end=\"1309\">Descrizione del prodotto<\/strong><br data-start=\"1309\" data-end=\"1312\" \/>Il modello Weilong \u00e8 alimentato da un motore da 1000W, con opzioni di tensione 60V\/72V e un controller a 18 tubi per prestazioni stabili. Supporta una capacit\u00e0 di carico di 500-600 kg, con una velocit\u00e0 massima di 30-35 km\/h e un raggio di 50-100 km per carica. Le dimensioni del veicolo (3080 x 1180 x 1430 mm) e la piattaforma di carico rinforzata lo rendono ideale per industrie come l'agricoltura, il dettaglio e l'edilizia.<\/p>\n<p data-start=\"1708\" data-end=\"1737\"><strong data-start=\"1708\" data-end=\"1735\">Caratteristiche e vantaggi<\/strong><\/p>\n<ul data-start=\"1738\" data-end=\"2291\">\n<li data-start=\"1738\" data-end=\"1844\">\n<p data-start=\"1740\" data-end=\"1844\"><strong data-start=\"1740\" data-end=\"1764\">Forte capacit\u00e0 di carico<\/strong>Progettato per trasportare fino a 600 kg, garantendo un trasporto fluido di materiali sfusi.<\/p>\n<\/li>\n<li data-start=\"1845\" data-end=\"1965\">\n<p data-start=\"1847\" data-end=\"1965\"><strong data-start=\"1847\" data-end=\"1875\">Sistema frenante efficiente<\/strong>: Dotato di freni a tamburo anteriore e posteriore, garantendo sicurezza durante carichi pesanti.<\/p>\n<\/li>\n<li data-start=\"1966\" data-end=\"2087\">\n<p data-start=\"1968\" data-end=\"2087\"><strong data-start=\"1968\" data-end=\"1991\">Potenza di risparmio energetico<\/strong>Il design alimentato a batteria con un tempo di ricarica di 8 ore fornisce un funzionamento giornaliero economico.<\/p>\n<\/li>\n<li data-start=\"2088\" data-end=\"2195\">\n<p data-start=\"2090\" data-end=\"2195\"><strong data-start=\"2090\" data-end=\"2107\">Pneumatici duraturi<\/strong>Gli pneumatici anteriori 3.75-12 e posteriori 4.00-12 offrono stabilit\u00e0 su diverse superfici stradali.<\/p>\n<\/li>\n<li data-start=\"2196\" data-end=\"2291\">\n<p data-start=\"2198\" data-end=\"2291\"><strong data-start=\"2198\" data-end=\"2224\">Ragio di rotazione compatto<\/strong>La manovrabilit\u00e0 flessibile migliora l'usabilit\u00e0 in aree congestionate.<\/p>\n<\/li>\n<\/ul>\n<p data-start=\"2293\" data-end=\"2323\"><strong data-start=\"2293\" data-end=\"2321\">Specifiche tecniche<\/strong><\/p>\n<ul data-start=\"2324\" data-end=\"2705\">\n<li data-start=\"2324\" data-end=\"2364\">\n<table style=\"width: 90.2611%; height: 498px;\" width=\"720\">\n<tbody>\n<tr>\n<td colspan=\"2\" width=\"720\">Configurazione standard<\/td>\n<\/tr>\n<tr>\n<td>Modello<\/td>\n<td width=\"455\"><a href=\"#\u76ee\u5f55!A1\">C115<\/a><\/td>\n<\/tr>\n<tr>\n<td width=\"265\">Dimensione complessiva<\/td>\n<td width=\"455\">3080X1180X1430MM<\/td>\n<\/tr>\n<tr>\n<td width=\"265\">Capacit\u00e0 di carico<\/td>\n<td width=\"455\">500-600 kg<\/td>\n<\/tr>\n<tr>\n<td width=\"265\">Potenza del motore idraulico<\/td>\n<td width=\"455\">1000W<\/td>\n<\/tr>\n<tr>\n<td width=\"265\">Tensione standard<\/td>\n<td width=\"455\">60V \/ 72V<\/td>\n<\/tr>\n<tr>\n<td width=\"265\">Controllatore<\/td>\n<td width=\"455\">18 Tubo<\/td>\n<\/tr>\n<tr>\n<td width=\"265\">Modalit\u00e0 frenata<\/td>\n<td width=\"455\">Tamburo anteriore Tamburo posteriore<\/td>\n<\/tr>\n<tr>\n<td width=\"265\">Liberazione minima da terra<\/td>\n<td width=\"455\">135<\/td>\n<\/tr>\n<tr>\n<td width=\"265\">Capacit\u00e0 di produzione<\/td>\n<td width=\"455\">100000set\/anno<\/td>\n<\/tr>\n<tr>\n<td width=\"265\">Tempo di carica<\/td>\n<td width=\"455\">8 ore<\/td>\n<\/tr>\n<tr>\n<td width=\"265\">Pneumatico Tt anteriore\/posteriore<\/td>\n<td width=\"455\">ruote anteriori 3.75-12; ruote posteriori 4.00-12<\/td>\n<\/tr>\n<tr>\n<td width=\"265\">Scelta colore<\/td>\n<td width=\"455\">Personalizzato<\/td>\n<\/tr>\n<tr>\n<td width=\"265\">Origine<\/td>\n<td width=\"455\">Cina<\/td>\n<\/tr>\n<tr>\n<td width=\"265\">Gamma per carica\/Km<\/td>\n<td width=\"455\">50-100 km<\/td>\n<\/tr>\n<tr>\n<td width=\"265\">Velocit\u00e0 massima Km\/H<\/td>\n<td width=\"455\">30-35 km\/h<\/td>\n<\/tr>\n<tr>\n<td width=\"265\">Capacit\u00e0 di arrampicata<\/td>\n<td width=\"455\">\u226420\u00b0<\/td>\n<\/tr>\n<\/tbody>\n<\/table>\n<\/li>\n<\/ul>\n<p data-start=\"2707\" data-end=\"3006\"><strong data-start=\"2707\" data-end=\"2732\">Materiale ed esterno<\/strong><br data-start=\"2732\" data-end=\"2735\" \/>Il <strong data-start=\"2739\" data-end=\"2764\">trasporto merci trike<\/strong> \u00e8 realizzato in acciaio di alta qualit\u00e0, fornendo eccellente durata e resistenza alla ruggine. Il design enfatizza sia la praticit\u00e0 che l'aspetto, offrendo la personalizzazione dei colori (rosso, blu, verde, grigio, bianco) per soddisfare le diverse preferenze del mercato.<\/p>\n<p data-start=\"3008\" data-end=\"3335\"><strong data-start=\"3008\" data-end=\"3040\">Progettazione e personalizzazione OEM<\/strong><br data-start=\"3040\" data-end=\"3043\" \/>Forniamo OEM completo e opzioni di personalizzazione. I clienti possono scegliere la dimensione della scatola di carico, la potenza del motore, la capacit\u00e0 della batteria, i colori della vernice e le soluzioni di branding. Il <strong data-start=\"3200\" data-end=\"3237\">commerciale elettrico a tre ruote<\/strong> pu\u00f2 anche essere adattato alle esigenze specifiche del settore, rendendolo una scelta versatile per i distributori.<\/p>\n<p data-start=\"3337\" data-end=\"3669\"><strong data-start=\"3337\" data-end=\"3371\">Controllo qualit\u00e0 e produzione<\/strong><br data-start=\"3371\" data-end=\"3374\" \/>Ogni unit\u00e0 \u00e8 sottoposta a rigorose prove, tra cui la valutazione delle prestazioni del motore, i test del ciclo della batteria e le ispezioni dei freni. La nostra fabbrica ha una capacit\u00e0 di produzione annuale di 100.000 unit\u00e0, garantendo sia la qualit\u00e0 che la fornitura tempestiva. Seguiamo standard certificati ISO per garantire l'affidabilit\u00e0 del prodotto.<\/p>\n<p data-start=\"3671\" data-end=\"3984\"><strong data-start=\"3671\" data-end=\"3711\">Certificazione e impegno per la qualit\u00e0<\/strong><br data-start=\"3711\" data-end=\"3714\" \/>Il modello Weilong \u00e8 conforme alle certificazioni internazionali di sicurezza e prestazioni, rafforzando il nostro impegno a fornire soluzioni affidabili. Ogni <strong data-start=\"3867\" data-end=\"3901\">triciclo carico alimentato a batteria<\/strong> \u00e8 supportato da una garanzia che copre componenti principali come il motore e la batteria.<\/p>\n<p data-start=\"3986\" data-end=\"4037\"><strong data-start=\"3986\" data-end=\"4035\">Imballaggio, logistica e servizio post-vendita<\/strong><\/p>\n<ul data-start=\"4038\" data-end=\"4408\">\n<li data-start=\"4038\" data-end=\"4131\">\n<p data-start=\"4040\" data-end=\"4131\"><strong data-start=\"4040\" data-end=\"4053\">Imballaggio<\/strong>: standard di esportazione, imballaggio a prova di urti assicura consegna internazionale sicura.<\/p>\n<\/li>\n<li data-start=\"4132\" data-end=\"4212\">\n<p data-start=\"4134\" data-end=\"4212\"><strong data-start=\"4134\" data-end=\"4150\">Installazione<\/strong>: Sono fornite semplici istruzioni di montaggio per una configurazione rapida.<\/p>\n<\/li>\n<li data-start=\"4213\" data-end=\"4294\">\n<p data-start=\"4215\" data-end=\"4294\"><strong data-start=\"4215\" data-end=\"4237\">Formazione e utilizzo<\/strong>La guida tecnica \u00e8 disponibile per gli acquirenti all'ingrosso.<\/p>\n<\/li>\n<li data-start=\"4295\" data-end=\"4408\">\n<p data-start=\"4297\" data-end=\"4408\"><strong data-start=\"4297\" data-end=\"4320\">Servizio post-vendita<\/strong>: La garanzia di un anno, la fornitura di pezzi di ricambio e il supporto alla manutenzione garantiscono la tranquillit\u00e0.<\/p>\n<\/li>\n<\/ul>\n<p data-start=\"4410\" data-end=\"4536\"><strong data-start=\"4410\" data-end=\"4433\">Disponibilit\u00e0 del campione<\/strong><br data-start=\"4433\" data-end=\"4436\" \/>I campioni possono essere organizzati per gli acquirenti all'ingrosso per valutare le prestazioni prima di effettuare ordini pi\u00f9 grandi.<\/p>\n<p data-start=\"4538\" data-end=\"4609\"><strong data-start=\"4538\" data-end=\"4554\">Applicazioni<\/strong><br data-start=\"4554\" data-end=\"4557\" \/>Il Weilong <strong data-start=\"4569\" data-end=\"4590\">triciclo elettrico<\/strong> \u00e8 adatto per:<\/p>\n<ul data-start=\"4610\" data-end=\"4791\">\n<li data-start=\"4610\" data-end=\"4669\">\n<p data-start=\"4612\" data-end=\"4669\">Trasporto di merci agricole (fertilizzanti, colture, strumenti)<\/p>\n<\/li>\n<li data-start=\"4670\" data-end=\"4712\">\n<p data-start=\"4672\" data-end=\"4712\">Servizi di consegna al dettaglio e all'ingrosso<\/p>\n<\/li>\n<li data-start=\"4713\" data-end=\"4747\">\n<p data-start=\"4715\" data-end=\"4747\">Manipolazione dei materiali da costruzione<\/p>\n<\/li>\n<li data-start=\"4748\" data-end=\"4791\">\n<p data-start=\"4750\" data-end=\"4791\">Servizi di pulizia e servizi pubblici<\/p>\n<\/li>\n<\/ul>","protected":false},"excerpt":{"rendered":"<p>Il settore della logistica \u00e8 costantemente alla ricerca di soluzioni efficienti ed ecologiche per i trasporti a breve e media distanza. Il <strong data-start=\"721\" data-end=\"742\">triciclo elettrico<\/strong> si distingue come un veicolo pratico che combina alta capacit\u00e0 di carico utile con potenza sostenibile. Progettato per grossisti e distributori, il nostro modello Weilong offre un mix equilibrato di durata, prestazioni e personalizzazione per soddisfare varie esigenze del mercato.<\/p>","protected":false},"featured_media":3456,"comment_status":"open","ping_status":"closed","template":"","meta":[],"product_brand":[],"product_cat":[78],"product_tag":[],"class_list":{"0":"post-3455","1":"product","2":"type-product","3":"status-publish","4":"has-post-thumbnail","6":"product_cat-electric-tricycle","8":"first","9":"instock","10":"shipping-taxable","11":"purchasable","12":"product-type-simple"},"_links":{"self":[{"href":"https:\/\/www.tairuiauto.com\/it\/wp-json\/wp\/v2\/product\/3455","targetHints":{"allow":["GET"]}}],"collection":[{"href":"https:\/\/www.tairuiauto.com\/it\/wp-json\/wp\/v2\/product"}],"about":[{"href":"https:\/\/www.tairuiauto.com\/it\/wp-json\/wp\/v2\/types\/product"}],"replies":[{"embeddable":true,"href":"https:\/\/www.tairuiauto.com\/it\/wp-json\/wp\/v2\/comments?post=3455"}],"wp:featuredmedia":[{"embeddable":true,"href":"https:\/\/www.tairuiauto.com\/it\/wp-json\/wp\/v2\/media\/3456"}],"wp:attachment":[{"href":"https:\/\/www.tairuiauto.com\/it\/wp-json\/wp\/v2\/media?parent=3455"}],"wp:term":[{"taxonomy":"product_brand","embeddable":true,"href":"https:\/\/www.tairuiauto.com\/it\/wp-json\/wp\/v2\/product_brand?post=3455"},{"taxonomy":"product_cat","embeddable":true,"href":"https:\/\/www.tairuiauto.com\/it\/wp-json\/wp\/v2\/product_cat?post=3455"},{"taxonomy":"product_tag","embeddable":true,"href":"https:\/\/www.tairuiauto.com\/it\/wp-json\/wp\/v2\/product_tag?post=3455"}],"curies":[{"name":"WP","href":"https:\/\/api.w.org\/{rel}","templated":true}]}}