{"id":3486,"date":"2025-08-29T11:25:08","date_gmt":"2025-08-29T03:25:08","guid":{"rendered":"https:\/\/www.tairuiauto.com\/?post_type=product&#038;p=3486"},"modified":"2025-08-29T11:43:11","modified_gmt":"2025-08-29T03:43:11","slug":"electric-tricycle-versatile","status":"publish","type":"product","link":"https:\/\/www.tairuiauto.com\/it\/product\/electric-tricycle-versatile\/","title":{"rendered":"Triciclo elettrico versatile"},"content":{"rendered":"<h3><strong>\u200b Elenco dei parametri<\/strong><\/h3>\n<table style=\"width: 74.1333%; height: 534px;\" width=\"720\">\n<tbody>\n<tr>\n<td width=\"265\">Modello<\/td>\n<td width=\"455\">Weiba3<\/td>\n<\/tr>\n<tr>\n<td width=\"265\">Dimensione complessiva<\/td>\n<td width=\"455\">3360X1380X1425MM<\/td>\n<\/tr>\n<tr>\n<td width=\"265\">Capacit\u00e0 di carico<\/td>\n<td width=\"455\">2000kg<\/td>\n<\/tr>\n<tr>\n<td width=\"265\">Potenza del motore idraulico<\/td>\n<td width=\"455\">1500W<\/td>\n<\/tr>\n<tr>\n<td width=\"265\">Tensione standard<\/td>\n<td width=\"455\">60V \/ 72V<\/td>\n<\/tr>\n<tr>\n<td width=\"265\">Controllatore<\/td>\n<td width=\"455\">24 Tubo<\/td>\n<\/tr>\n<tr>\n<td width=\"265\">Modalit\u00e0 frenata<\/td>\n<td width=\"455\">Tamburo anteriore Tamburo posteriore<\/td>\n<\/tr>\n<tr>\n<td width=\"265\">Liberazione minima da terra<\/td>\n<td width=\"455\">135<\/td>\n<\/tr>\n<tr>\n<td width=\"265\">Capacit\u00e0 di produzione<\/td>\n<td width=\"455\">100000set\/anno<\/td>\n<\/tr>\n<tr>\n<td width=\"265\">Tempo di carica<\/td>\n<td width=\"455\">8 ore<\/td>\n<\/tr>\n<tr>\n<td width=\"265\">Pneumatico Tt anteriore\/posteriore<\/td>\n<td width=\"455\">ruote anteriori 4.00-12; ruote posteriori 4.50-12<\/td>\n<\/tr>\n<tr>\n<td width=\"265\">Scelta colore<\/td>\n<td width=\"455\">Personalizzato<\/td>\n<\/tr>\n<tr>\n<td width=\"265\">Origine<\/td>\n<td width=\"455\">Cina<\/td>\n<\/tr>\n<tr>\n<td width=\"265\">Gamma per carica\/Km<\/td>\n<td width=\"455\">50 km<\/td>\n<\/tr>\n<tr>\n<td width=\"265\">Velocit\u00e0 massima Km\/H<\/td>\n<td width=\"455\">35-45km\/h<\/td>\n<\/tr>\n<tr>\n<td width=\"265\">Capacit\u00e0 di arrampicata<\/td>\n<td width=\"455\">\u226430\u00b0<\/td>\n<\/tr>\n<\/tbody>\n<\/table>\n<h3 class=\"header-vfC6AV auto-hide-last-sibling-br\">Introduzione del prodotto<\/h3>\n<div class=\"auto-hide-last-sibling-br paragraph-JOTKXA paragraph-element br-paragraph-space\">\n<div class=\"auto-hide-last-sibling-br paragraph-JOTKXA paragraph-element br-paragraph-space\">Alimentato da un motore idraulico da 1500W accoppiato con opzioni di tensione flessibili da 60V\/72V e un controller a 24 tubi, Versatile Electric Tricycle offre una coppia eccezionale, consentendogli di salire in pendii di \u226430\u00b0, una capacit\u00e0 critica per aziende agricole o cantieri rurali collinari. Equilibra potenza con praticit\u00e0: un raggio di 50 km a carica completa (raggiunto in 8 ore di ricarica) e una velocit\u00e0 massima di 35-45 km\/h, rendendolo una \u201csoluzione affidabile per carichi pesanti\u201d sia per trasporti giornalieri costanti che per compiti sensibili al tempo. Anche la sicurezza e la stabilit\u00e0 sono prioritarie: i freni a tamburo anteriori e posteriori garantiscono una fermata affidabile anche a pieno carico, i pneumatici anteriori 4.00-12\/4.50-12 posteriori forniscono una forte trazione su superfici ruvide o scivolose e una distanza minima da terra di 135 mm naviga facilmente piccoli ostacoli come rocce o buchi. Originario della Cina con una capacit\u00e0 di produzione di 100.000 set all'anno, questo triciclo \u00e8 un cavallo da lavoro affidabile per le aziende che cercano flessibilit\u00e0 senza compromettere le prestazioni pesanti.<\/div>\n<h3 class=\"header-vfC6AV auto-hide-last-sibling-br\">Punti di vendita chiave<\/h3>\n<ol class=\"auto-hide-last-sibling-br\">\n<li>\n<div class=\"auto-hide-last-sibling-br paragraph-JOTKXA paragraph-element br-paragraph-space\"><strong>Capacit\u00e0 di carico versatile 2000KG per uso multiindustriale<\/strong><br class=\"container-utlnW2 wrapper-d0Cc1k undefined\" \/>La capacit\u00e0 di 2000KG di Versatile Electric Tricycle lo rende un vero e proprio \u201ctrasportatore versatile\u201d, adattandosi senza problemi a diverse industrie. Per le aziende di costruzione, trasporta barre d'acciaio o sacchetti di cemento; per gli agricoltori, trasporta colture raccolte o mangimi per bestiame; per i rivenditori, sposta l'inventario di massa come scatole per bevande o beni per la casa. A differenza dei tricicli monouso limitati a un solo tipo di carico, Versatile Electric Tricycle elimina la necessit\u00e0 di investire in pi\u00f9 veicoli, rendendolo una scelta economicamente efficace per le aziende con esigenze di trasporto variate. Il suo spazioso letto cargo accoglie anche oggetti di forma irregolare, migliorando ulteriormente la sua versatilit\u00e0.<\/div>\n<\/li>\n<li>\n<div class=\"auto-hide-last-sibling-br paragraph-JOTKXA paragraph-element br-paragraph-space\"><strong>Velocit\u00e0 e potenza equilibrate per prestazioni costanti<\/strong><br class=\"container-utlnW2 wrapper-d0Cc1k undefined\" \/>Con una velocit\u00e0 massima di 35-45 km\/h e un motore idraulico da 1500 W, Versatile Electric Tricycle raggiunge il perfetto equilibrio tra efficienza e sicurezza, guadagnandogli il titolo di \u201cstrumento di trasporto merci a prestazioni equilibrate\u201d. La velocit\u00e0 \u00e8 abbastanza veloce per soddisfare le scadenze di consegna giornaliere (ad esempio, trasportare prodotti agricoli sul mercato prima delle ore di punta) ma abbastanza lenta per garantire il controllo durante il trasporto di carichi da 2000 kg. La forte coppia del motore gestisce senza sforzo pendii di \u226430\u00b0, che si tratti di arrampicare colline rurali con forniture agricole o di navigare sulle rampe del cantiere con materiali da costruzione, garantendo prestazioni costanti su tutti i terreni.<\/div>\n<\/li>\n<li>\n<div class=\"auto-hide-last-sibling-br paragraph-JOTKXA paragraph-element br-paragraph-space\"><strong>Design personalizzabile per branding e funzione<\/strong><br class=\"container-utlnW2 wrapper-d0Cc1k undefined\" \/>Versatile Electric Tricycle offre la personalizzazione dei colori, trasformandolo in un \u201cbrand transport asset\u201d per le aziende che cercano di aumentare la visibilit\u00e0. Una fattoria locale potrebbe scegliere il verde per allinearsi con la sua identit\u00e0 agricola, mentre un'azienda di consegna potrebbe optare per il colore distintivo del suo marchio per distinguersi sulle strade della citt\u00e0. Oltre all'estetica, Tairui offre anche personalizzazioni funzionali (ad esempio, binari laterali per carichi sciolti, pavimenti antiscivolo per prodotti umidi), rendendo Versatile Electric Tricycle adattabile a specifiche esigenze operative. Questa combinazione di branding e funzionalit\u00e0 lo distingue dai tricicli generici con design fissi.<\/div>\n<\/li>\n<li>\n<div class=\"auto-hide-last-sibling-br paragraph-JOTKXA paragraph-element br-paragraph-space\"><strong>Costruzione durevole per uso pesante a lungo termine<\/strong><br class=\"container-utlnW2 wrapper-d0Cc1k undefined\" \/>Il triciccolo elettrico versatile \u00e8 progettato per resistere ai rigori dell'uso quotidiano pesante, rendendolo un \"investimento di trasporto merci duraturo\". Il suo robusto telaio in acciaio resiste alla piegatura sotto carichi di 2000 kg, i pneumatici rinforzati 4.00-12 \/ 4.50-12 resistono alle forature su strade rurali o cantieri di ghiaia e i freni a tamburo anteriori \/ posteriori mantengono l'efficacia anche con uso frequente. La distanza da terra di 135 mm impedisce anche i danni al sottosuolo da ostacoli, riducendo i costi di manutenzione nel tempo. Per le aziende che si affidano al trasporto coerente (ad esempio, un'azienda di costruzioni che lo utilizza quotidianamente per le corse di materiali), questa durata garantisce tempi di fermo minimi e valore a lungo termine.<\/div>\n<\/li>\n<\/ol>\n<h3 class=\"header-vfC6AV auto-hide-last-sibling-br\">Vantaggi differenziativi<\/h3>\n<ol class=\"auto-hide-last-sibling-br\">\n<li>\n<div class=\"auto-hide-last-sibling-br paragraph-JOTKXA paragraph-element br-paragraph-space\"><strong>Adattabilit\u00e0 tra settori<\/strong><br class=\"container-utlnW2 wrapper-d0Cc1k undefined\" \/>A differenza dei tricicli progettati per un singolo settore (ad esempio, solo costruzioni o solo agricoltura), Versatile Electric Tricycle funge da \u201ctrasportatore cross-industry\u201d, adattandosi perfettamente a diversi flussi di lavoro. Pu\u00f2 passare dal trasporto dei detriti di costruzione al mattino alla consegna di merci al dettaglio nel pomeriggio, senza modifiche necessarie. Questa flessibilit\u00e0 \u00e8 un cambiamento di gioco per le piccole e medie imprese che gestiscono pi\u00f9 tipi di merci, eliminando la spesa di possedere veicoli specializzati.<\/div>\n<\/li>\n<li>\n<div class=\"auto-hide-last-sibling-br paragraph-JOTKXA paragraph-element br-paragraph-space\"><strong>Equilibrio ottimale velocit\u00e0-potenza<\/strong><br class=\"container-utlnW2 wrapper-d0Cc1k undefined\" \/>Molti tricicli pesanti sacrificano la velocit\u00e0 per la potenza (con conseguenti consegne lente) o la potenza per la velocit\u00e0 (lottando con carichi pesanti). Il versatile Electric Tricycle evita questo compromesso: la sua velocit\u00e0 di 35-45 km\/h garantisce efficienza, mentre il motore da 1500 W fornisce coppia sufficiente per carichi da 2000 KG e pendii ripidi. Questo status di \"trasportatore equilibrato sulle prestazioni\" significa che le aziende non devono scegliere tra consegne tempestive e capacit\u00e0 di trasporto pesante affidabili.<\/div>\n<\/li>\n<li>\n<div class=\"auto-hide-last-sibling-br paragraph-JOTKXA paragraph-element br-paragraph-space\"><strong>Oportunit\u00e0 di branding budget-friendly<\/strong><br class=\"container-utlnW2 wrapper-d0Cc1k undefined\" \/>La personalizzazione dei colori per il triciccolo elettrico versatile \u00e8 conveniente, rendendolo un \"trasporto di marca economico\" per le piccole imprese. A differenza di costosi strumenti di marketing (ad esempio, cartelloni pubblicitari o avvolgimenti per veicoli), la personalizzazione del colore del triciccolo consente alle aziende di promuovere il loro marchio durante le operazioni quotidiane, sia che si stia guidando per le strade della citt\u00e0 che per le citt\u00e0 rurali. Questo vantaggio di marketing a basso costo \u00e8 raro nelle attrezzature di trasporto pesanti, dando agli utenti un vantaggio nel riconoscimento del marchio.<\/div>\n<\/li>\n<li>\n<div class=\"auto-hide-last-sibling-br paragraph-JOTKXA paragraph-element br-paragraph-space\"><strong>Versatilit\u00e0 operativa in tutte le aree<\/strong><br class=\"container-utlnW2 wrapper-d0Cc1k undefined\" \/>Le dimensioni e le prestazioni di Versatile Electric Tricycle lo rendono una \u201csoluzione di trasporto merci per tutte le aree\u201d, che funziona senza problemi in strade urbane, percorsi rurali e zone industriali. Le sue dimensioni compatte (3360 x 1380 x 1425 mm) attraversano stretti vicoli urbani o affollati corridoi di magazzino, mentre i suoi pneumatici da 135 mm di distanza da terra e focalizzati sulla trazione gestiscono strade rurali non asfaltate. Ci\u00f2 significa che le aziende possono utilizzare lo stesso triciclo sia per le consegne urbane che per il trasporto rurale, riducendo la complessit\u00e0 della flotta e risparmiando denaro.<\/div>\n<\/li>\n<\/ol>\n<h3 class=\"header-vfC6AV auto-hide-last-sibling-br\">Domande frequenti<\/h3>\n<div class=\"auto-hide-last-sibling-br paragraph-JOTKXA paragraph-element br-paragraph-space\"><strong>Q1: Come pu\u00f2 essere adattato il triciccolo elettrico versatile per uso agricolo?<\/strong><br class=\"container-utlnW2 wrapper-d0Cc1k undefined\" \/>R: Tairui offre modifiche su misura per trasformare il Triciclo Elettrico Versatile in un \"trasportatore agricolo\" per le esigenze agricole. Gli adattamenti comuni includono l'aggiunta di binari laterali per proteggere le colture sciolte (ad esempio, grano o mais), pavimenti di carico antiscivolo per evitare lo scivolamento dei prodotti durante il trasporto e supporti per utensili per il trasporto di attrezzature agricole come pale o forbici di potatura. Per le operazioni di allevamento, possono essere installate divisorie opzionali per trasportare mangimi senza versamenti. Basta discutere le vostre esigenze specifiche (ad esempio, tipo di coltura, dimensioni del carico) con il fornitore, e loro personalizzeranno il triciclo per adattarsi al flusso di lavoro della vostra fattoria.<\/div>\n<p><br class=\"container-utlnW2 wrapper-d0Cc1k undefined\" \/><\/p>\n<div class=\"auto-hide-last-sibling-br paragraph-JOTKXA paragraph-element br-paragraph-space\"><strong>Q2: Il raggio di 50 km \u00e8 sufficiente per i viaggi rurali giornalieri?<\/strong><br class=\"container-utlnW2 wrapper-d0Cc1k undefined\" \/>R: S\u00ec, la gamma di 50 km del triciccolo elettrico versatile soddisfa le esigenze della maggior parte dei viaggi giornalieri rurali, ad esempio, il trasporto di colture da una fattoria a un mercato locale (in genere 10-30 km di andata e ritorno) o il trasporto di mangimi da un magazzino a penne di bestiame. Per percorsi pi\u00f9 lunghi (ad esempio, 40 km di andata unica), \u00e8 possibile caricare il triciccolo a mezzogiorno durante una pausa o tenere a portata di mano una batteria di ricambio per scambi rapidi. Pianificare i percorsi in anticipo (ad esempio, evitando deviazioni inutili) aiuta anche a massimizzare la portata, garantendo che il Triciclo Elettrico Versatile rimanga affidabile durante tutto il giorno.<\/div>\n<p><br class=\"container-utlnW2 wrapper-d0Cc1k undefined\" \/><\/p>\n<div class=\"auto-hide-last-sibling-br paragraph-JOTKXA paragraph-element br-paragraph-space\"><strong>Q3: Il triciccolo elettrico versatile pu\u00f2 essere utilizzato per il trasporto di merci all'interno, come la logistica del magazzino?<\/strong><br class=\"container-utlnW2 wrapper-d0Cc1k undefined\" \/>A: Assolutamente - le sue dimensioni compatte e la manovrabilit\u00e0 rendono Versatile Electric Tricycle un \"trasportatore adatto al magazzino\" per uso all'interno. Quando si lavora all'interno, passare a una velocit\u00e0 inferiore (20-25 km \/ h) per garantire la sicurezza intorno ai lavoratori e alle attrezzature. Tairui pu\u00f2 anche modificare la scatola di carico con pavimenti piatti e rampe di facile accesso per semplificare il carico \/ scarico di pallet o scatole. Il motore elettrico del triciclo funziona in silenzio, rendendolo adatto per ambienti interni dove il rumore \u00e8 un problema (ad esempio, magazzini al dettaglio collegati ai negozi).<\/div>\n<p><br class=\"container-utlnW2 wrapper-d0Cc1k undefined\" \/><\/p>\n<div class=\"auto-hide-last-sibling-br paragraph-JOTKXA paragraph-element br-paragraph-space\"><strong>Q4: Che garanzia copre i componenti pesanti del triciclo elettrico versatile?<\/strong><br class=\"container-utlnW2 wrapper-d0Cc1k undefined\" \/>A: Tairui fornisce una garanzia standard (i termini variano a seconda della regione, ma in genere 1-2 anni) che copre componenti critici pesanti, tra cui il motore idraulico da 1500W, la batteria da 60V \/ 72V e il telaio in acciaio. Questa garanzia copre i difetti di fabbricazione (ad es. malfunzionamenti del motore o crepe del telaio) ma non comprende i danni dovuti a sovraccarico o uso improprio. Per le aziende che utilizzano Versatile Electric Tricycle per carichi pesanti giornalieri, Tairui offre anche garanzie estese opzionali a pagamento, fornendo una protezione extra. Per richiedere il servizio in garanzia, \u00e8 sufficiente contattare il rivenditore Tairui locale con la prova di acquisto e una descrizione del problema, che organizzer\u00e0 riparazioni o sostituzioni di componenti per ridurre al minimo i tempi di fermo.<\/div>\n<p><br class=\"container-utlnW2 wrapper-d0Cc1k undefined\" \/><\/p>\n<div class=\"auto-hide-last-sibling-br paragraph-JOTKXA paragraph-element br-paragraph-space\"><strong>Q5: In che modo l'asse posteriore integrato (menzionato nei modelli Tairui correlati) migliora le prestazioni di Versatile Electric Tricycle?<\/strong><br class=\"container-utlnW2 wrapper-d0Cc1k undefined\" \/>R: Sebbene non sia esplicitamente elencato nei suoi parametri, il design integrato dell'asse posteriore (una caratteristica comune nei tricicli pesanti di Tairui come il Weiba3) aumenta la stabilit\u00e0 e la durabilit\u00e0 del Versatile Electric Tricycle. Distribuisce il peso dei carichi da 2000 kg in modo uniforme sulle ruote posteriori, riducendo il \u201coscillamento\u201d durante il trasporto e evitando l\u2019usura irregolare dei pneumatici. La struttura rigida dell'asse rafforza anche il telaio del triciclo, rendendolo pi\u00f9 resistente ai danni causati da strade aspre o da impatti pesanti, fondamentali per l'uso a lungo termine in costruzioni o ambienti rurali. Questo design rende Versatile Electric Tricycle pi\u00f9 sicuro e affidabile, rafforzando il suo ruolo di \u201ctrasportatore flessibile\u201d per i lavori pesanti.<\/div>\n<\/div>","protected":false},"excerpt":{"rendered":"<p>Versatile Electric Tricycle (noto anche come Weiba3 di Tairui) \u00e8 un triciccolo elettrico multifunzionale ad alte prestazioni progettato per soddisfare diverse esigenze di trasporto di merci pesanti in tutti i settori, distinguendosi come \"trasportatore multiuso\" e \"trasportatore flessibile\" per la logistica urbana, l'agricoltura rurale, le costruzioni e il commercio al dettaglio. Dotato di un'impressionante capacit\u00e0 di carico di 2.000 kg - di gran lunga superiore ai tricicli elettrici standard - e di dimensioni complessive di 3360 x 1380 x 1425 mm, gestisce senza sforzo carichi massicci come materiali da costruzione, prodotti agricoli o merci alla rinfusa al dettaglio, eliminando la necessit\u00e0 di pi\u00f9 veicoli e riducendo i costi operativi.<\/p>","protected":false},"featured_media":3488,"comment_status":"open","ping_status":"closed","template":"","meta":[],"product_brand":[],"product_cat":[78],"product_tag":[],"class_list":{"0":"post-3486","1":"product","2":"type-product","3":"status-publish","4":"has-post-thumbnail","6":"product_cat-electric-tricycle","8":"first","9":"instock","10":"shipping-taxable","11":"purchasable","12":"product-type-simple"},"_links":{"self":[{"href":"https:\/\/www.tairuiauto.com\/it\/wp-json\/wp\/v2\/product\/3486","targetHints":{"allow":["GET"]}}],"collection":[{"href":"https:\/\/www.tairuiauto.com\/it\/wp-json\/wp\/v2\/product"}],"about":[{"href":"https:\/\/www.tairuiauto.com\/it\/wp-json\/wp\/v2\/types\/product"}],"replies":[{"embeddable":true,"href":"https:\/\/www.tairuiauto.com\/it\/wp-json\/wp\/v2\/comments?post=3486"}],"wp:featuredmedia":[{"embeddable":true,"href":"https:\/\/www.tairuiauto.com\/it\/wp-json\/wp\/v2\/media\/3488"}],"wp:attachment":[{"href":"https:\/\/www.tairuiauto.com\/it\/wp-json\/wp\/v2\/media?parent=3486"}],"wp:term":[{"taxonomy":"product_brand","embeddable":true,"href":"https:\/\/www.tairuiauto.com\/it\/wp-json\/wp\/v2\/product_brand?post=3486"},{"taxonomy":"product_cat","embeddable":true,"href":"https:\/\/www.tairuiauto.com\/it\/wp-json\/wp\/v2\/product_cat?post=3486"},{"taxonomy":"product_tag","embeddable":true,"href":"https:\/\/www.tairuiauto.com\/it\/wp-json\/wp\/v2\/product_tag?post=3486"}],"curies":[{"name":"WP","href":"https:\/\/api.w.org\/{rel}","templated":true}]}}