{"id":3510,"date":"2025-09-01T13:46:00","date_gmt":"2025-09-01T05:46:00","guid":{"rendered":"https:\/\/www.tairuiauto.com\/?post_type=product&#038;p=3510"},"modified":"2025-09-12T10:25:57","modified_gmt":"2025-09-12T02:25:57","slug":"3510","status":"publish","type":"product","link":"https:\/\/www.tairuiauto.com\/it\/product\/3510\/","title":{"rendered":"Triciclo di carico 1500W"},"content":{"rendered":"<p data-start=\"511\" data-end=\"1029\">Nel settore dei trasporti commerciali in rapida crescita, scegliere il veicolo giusto \u00e8 fondamentale per efficienza, affidabilit\u00e0 e redditivit\u00e0 a lungo termine. I nostri ultimi <strong data-start=\"669\" data-end=\"690\">triciclo elettrico<\/strong> \u00e8 specificamente progettato per ordini di massa, soddisfando le esigenze pratiche degli acquirenti all'ingrosso e dei proprietari di imprese che richiedono veicoli affidabili per le operazioni quotidiane. Costruito con materiali di alta qualit\u00e0, prestazioni potenti e caratteristiche personalizzabili, questo modello offre una soluzione ideale per il trasporto di merci in aree urbane e rurali.<\/p>\n<hr data-start=\"1031\" data-end=\"1034\" \/>\n<h2 data-start=\"1036\" data-end=\"1061\"><strong data-start=\"1039\" data-end=\"1061\">Specifiche chiave<\/strong><\/h2>\n<ul data-start=\"1063\" data-end=\"1532\">\n<li data-start=\"1063\" data-end=\"1104\">\n<table style=\"width: 95.0736%; height: 494px;\" width=\"720\">\n<tbody>\n<tr>\n<td colspan=\"2\" width=\"720\">Configurazione standard<\/td>\n<\/tr>\n<tr>\n<td>Modello<\/td>\n<td><a href=\"#\u76ee\u5f55!A1\">C122<\/a><\/td>\n<\/tr>\n<tr>\n<td width=\"265\">Dimensione complessiva<\/td>\n<td width=\"455\">3345 * 1390 * 1490mm<\/td>\n<\/tr>\n<tr>\n<td width=\"265\">Capacit\u00e0 di carico<\/td>\n<td width=\"455\">900-1000 kg<\/td>\n<\/tr>\n<tr>\n<td width=\"265\">Potenza del motore idraulico<\/td>\n<td width=\"455\">1500W<\/td>\n<\/tr>\n<tr>\n<td width=\"265\">Tensione standard<\/td>\n<td width=\"455\">60V \/ 72V<\/td>\n<\/tr>\n<tr>\n<td width=\"265\">Controllatore<\/td>\n<td width=\"455\">24 Tubo<\/td>\n<\/tr>\n<tr>\n<td width=\"265\">Modalit\u00e0 frenata<\/td>\n<td width=\"455\">Tamburo anteriore Tamburo posteriore<\/td>\n<\/tr>\n<tr>\n<td width=\"265\">Liberazione minima da terra<\/td>\n<td width=\"455\">125<\/td>\n<\/tr>\n<tr>\n<td width=\"265\">Capacit\u00e0 di produzione<\/td>\n<td width=\"455\">200000set\/anno<\/td>\n<\/tr>\n<tr>\n<td width=\"265\">Tempo di carica<\/td>\n<td width=\"455\">8 ore<\/td>\n<\/tr>\n<tr>\n<td width=\"265\">Pneumatico Tt anteriore\/posteriore<\/td>\n<td width=\"455\">ruote anteriori 4.00-12; ruote posteriori 4.50-12<\/td>\n<\/tr>\n<tr>\n<td width=\"265\">Scelta colore<\/td>\n<td width=\"455\">Personalizzato<\/td>\n<\/tr>\n<tr>\n<td width=\"265\">Origine<\/td>\n<td width=\"455\">Cina<\/td>\n<\/tr>\n<tr>\n<td width=\"265\">Gamma per carica\/Km<\/td>\n<td width=\"455\">50 km<\/td>\n<\/tr>\n<tr>\n<td width=\"265\">Velocit\u00e0 massima Km\/H<\/td>\n<td width=\"455\">30-45 km\/h<\/td>\n<\/tr>\n<tr>\n<td width=\"265\">Capacit\u00e0 di arrampicata<\/td>\n<td width=\"455\">\u226420\u00b0<\/td>\n<\/tr>\n<\/tbody>\n<\/table>\n<\/li>\n<\/ul>\n<hr data-start=\"1534\" data-end=\"1537\" \/>\n<h2 data-start=\"1539\" data-end=\"1587\"><strong data-start=\"1542\" data-end=\"1587\">Perch\u00e9 i clienti all'ingrosso scelgono questo veicolo<\/strong><\/h2>\n<h3 data-start=\"1589\" data-end=\"1627\">1. <strong data-start=\"1596\" data-end=\"1625\">Capacit\u00e0 di carico eccezionale<\/strong><\/h3>\n<p data-start=\"1628\" data-end=\"1904\">Questo <strong data-start=\"1633\" data-end=\"1660\">triciclo elettrico carico<\/strong> supporta fino a 1000 kg di merci, rendendolo una scelta affidabile per settori come la logistica, l'agricoltura e la distribuzione al dettaglio. Il letto di carico in acciaio rinforzato garantisce che gli oggetti pesanti siano trasportati in modo sicuro senza compromettere la durata.<\/p>\n<h3 data-start=\"1906\" data-end=\"1936\">2. <strong data-start=\"1913\" data-end=\"1934\">Powertrain forte<\/strong><\/h3>\n<p data-start=\"1937\" data-end=\"2173\">Alimentato da un motore da 1500 W e supportato da un controller a 24 tubi, il triciclo fornisce una coppia costante, anche quando \u00e8 pienamente caricato. Combinato con una scelta di batterie da 60V o 72V, offre flessibilit\u00e0 per soddisfare diverse esigenze aziendali.<\/p>\n<h3 data-start=\"2175\" data-end=\"2222\">3. <strong data-start=\"2182\" data-end=\"2220\">Efficienza energetica e risparmio sui costi<\/strong><\/h3>\n<p data-start=\"2223\" data-end=\"2491\">Rispetto ai veicoli a carburante, questo <strong data-start=\"2265\" data-end=\"2297\">triciclo elettrico commerciale<\/strong> riduce i costi operativi di oltre il 50%. Con un raggio medio di 50 km per carica, \u00e8 progettato per consegne a breve e media distanza, offrendo benefici sia ambientali che finanziari.<\/p>\n<h3 data-start=\"2493\" data-end=\"2529\">4. <strong data-start=\"2500\" data-end=\"2527\">Design duraturo e sicuro<\/strong><\/h3>\n<p data-start=\"2530\" data-end=\"2758\">Il sistema frenante a doppio tamburo garantisce la sicurezza sotto carichi pesanti, mentre la distanza minima da terra di 125 mm aiuta a navigare su terreni irregolari. Gli pneumatici sono progettati per gestire superfici ruvide, garantendo corse fluide anche nelle zone rurali.<\/p>\n<h3 data-start=\"2760\" data-end=\"2794\">5. <strong data-start=\"2767\" data-end=\"2792\">Opzioni di personalizzazione<\/strong><\/h3>\n<p data-start=\"2795\" data-end=\"3037\">Comprendiamo che gli acquirenti all'ingrosso spesso hanno bisogno di soluzioni su misura. Questo <strong data-start=\"2862\" data-end=\"2893\">triciclo elettrico all'ingrosso<\/strong> pu\u00f2 essere personalizzato in colore, dimensioni del letto di carico e marchio (stampa del logo OEM), aiutando i distributori a mirare efficacemente i loro mercati specifici.<\/p>\n<hr data-start=\"3039\" data-end=\"3042\" \/>\n<h2 data-start=\"3044\" data-end=\"3083\"><strong data-start=\"3047\" data-end=\"3083\">Produzione e garanzia qualit\u00e0<\/strong><\/h2>\n<p data-start=\"3085\" data-end=\"3396\">La nostra fabbrica ha una capacit\u00e0 di produzione annuale di 200.000 set, supportata da una rigorosa gestione della qualit\u00e0 certificata ISO. Ogni unit\u00e0 \u00e8 sottoposta a test di carico, test di freno e test di resistenza prima della consegna. Questa produzione su larga scala non solo garantisce la coerenza, ma garantisce anche una fornitura stabile per gli ordini di massa.<\/p>\n<hr data-start=\"3398\" data-end=\"3401\" \/>\n<h2 data-start=\"3403\" data-end=\"3422\"><strong data-start=\"3406\" data-end=\"3422\">Applicazioni<\/strong><\/h2>\n<p data-start=\"3424\" data-end=\"3482\">Questo <strong data-start=\"3429\" data-end=\"3461\">triciclo elettrico pesante<\/strong> \u00e8 ampiamente utilizzato in:<\/p>\n<ul data-start=\"3483\" data-end=\"3644\">\n<li data-start=\"3483\" data-end=\"3522\">\n<p data-start=\"3485\" data-end=\"3522\">Logistica locale e consegna pacchi<\/p>\n<\/li>\n<li data-start=\"3523\" data-end=\"3558\">\n<p data-start=\"3525\" data-end=\"3558\">Trasporto di materiali da costruzione<\/p>\n<\/li>\n<li data-start=\"3559\" data-end=\"3595\">\n<p data-start=\"3561\" data-end=\"3595\">Operazioni agricole e agricole<\/p>\n<\/li>\n<li data-start=\"3596\" data-end=\"3644\">\n<p data-start=\"3598\" data-end=\"3644\">Distribuzione della catena di fornitura al dettaglio su piccola scala<\/p>\n<\/li>\n<\/ul>\n<hr data-start=\"3646\" data-end=\"3649\" \/>\n<h2 data-start=\"3651\" data-end=\"3668\"><strong data-start=\"3654\" data-end=\"3668\">Conclusione<\/strong><\/h2>\n<p data-start=\"3670\" data-end=\"4022\">Per le aziende che cercano di espandere la loro flotta di trasporti, questo <strong data-start=\"3731\" data-end=\"3752\">triciclo elettrico<\/strong> offre un eccellente equilibrio tra capacit\u00e0 di carico, efficienza ed efficienza dei costi. Con caratteristiche personalizzabili, design durevole e qualit\u00e0 di fabbrica garantita, \u00e8 la scelta perfetta per i clienti all'ingrosso che apprezzano sia le prestazioni che il ritorno a lungo termine sull'investimento.<\/p>","protected":false},"excerpt":{"rendered":"<p>Il nostro ultimo triciclo elettrico, progettato per ordini in massa con materiali di alta qualit\u00e0, prestazioni potenti e caratteristiche personalizzabili, \u00e8 una soluzione ideale per acquirenti all'ingrosso e proprietari di imprese nel settore dei trasporti commerciali che cercano efficienza, affidabilit\u00e0 e redditivit\u00e0 per il trasporto quotidiano di merci urbane e rurali.<\/p>","protected":false},"featured_media":3513,"comment_status":"open","ping_status":"closed","template":"","meta":[],"product_brand":[],"product_cat":[78],"product_tag":[],"class_list":{"0":"post-3510","1":"product","2":"type-product","3":"status-publish","4":"has-post-thumbnail","6":"product_cat-electric-tricycle","8":"first","9":"instock","10":"shipping-taxable","11":"purchasable","12":"product-type-simple"},"_links":{"self":[{"href":"https:\/\/www.tairuiauto.com\/it\/wp-json\/wp\/v2\/product\/3510","targetHints":{"allow":["GET"]}}],"collection":[{"href":"https:\/\/www.tairuiauto.com\/it\/wp-json\/wp\/v2\/product"}],"about":[{"href":"https:\/\/www.tairuiauto.com\/it\/wp-json\/wp\/v2\/types\/product"}],"replies":[{"embeddable":true,"href":"https:\/\/www.tairuiauto.com\/it\/wp-json\/wp\/v2\/comments?post=3510"}],"wp:featuredmedia":[{"embeddable":true,"href":"https:\/\/www.tairuiauto.com\/it\/wp-json\/wp\/v2\/media\/3513"}],"wp:attachment":[{"href":"https:\/\/www.tairuiauto.com\/it\/wp-json\/wp\/v2\/media?parent=3510"}],"wp:term":[{"taxonomy":"product_brand","embeddable":true,"href":"https:\/\/www.tairuiauto.com\/it\/wp-json\/wp\/v2\/product_brand?post=3510"},{"taxonomy":"product_cat","embeddable":true,"href":"https:\/\/www.tairuiauto.com\/it\/wp-json\/wp\/v2\/product_cat?post=3510"},{"taxonomy":"product_tag","embeddable":true,"href":"https:\/\/www.tairuiauto.com\/it\/wp-json\/wp\/v2\/product_tag?post=3510"}],"curies":[{"name":"WP","href":"https:\/\/api.w.org\/{rel}","templated":true}]}}