{"id":3512,"date":"2025-09-01T13:12:54","date_gmt":"2025-09-01T05:12:54","guid":{"rendered":"https:\/\/www.tairuiauto.com\/?post_type=product&#038;p=3512"},"modified":"2025-09-12T10:41:01","modified_gmt":"2025-09-12T02:41:01","slug":"electric-tricycle-large-scale-freight","status":"publish","type":"product","link":"https:\/\/www.tairuiauto.com\/it\/product\/electric-tricycle-large-scale-freight\/","title":{"rendered":"Triciclo elettrico di trasporto merci"},"content":{"rendered":"<h3 data-start=\"542\" data-end=\"567\">Descrizione del prodotto<\/h3>\n<table width=\"720\">\n<tbody>\n<tr>\n<td colspan=\"2\" width=\"720\">Configurazione standard<\/td>\n<\/tr>\n<tr>\n<td>Modello<\/td>\n<td><a href=\"#\u76ee\u5f55!A1\">C304<\/a><\/td>\n<\/tr>\n<tr>\n<td width=\"265\">Dimensione complessiva<\/td>\n<td width=\"455\">3360X1380X1425MM<\/td>\n<\/tr>\n<tr>\n<td width=\"265\">Capacit\u00e0 di carico<\/td>\n<td width=\"455\">2000kg<\/td>\n<\/tr>\n<tr>\n<td width=\"265\">Potenza del motore idraulico<\/td>\n<td width=\"455\">1500W \/ 1800W<\/td>\n<\/tr>\n<tr>\n<td width=\"265\">Tensione standard<\/td>\n<td width=\"455\">60V \/ 72V<\/td>\n<\/tr>\n<tr>\n<td width=\"265\">Controllatore<\/td>\n<td width=\"455\">24 Tubo<\/td>\n<\/tr>\n<tr>\n<td width=\"265\">Modalit\u00e0 frenata<\/td>\n<td width=\"455\">Tamburo anteriore Tamburo posteriore<\/td>\n<\/tr>\n<tr>\n<td width=\"265\">Liberazione minima da terra<\/td>\n<td width=\"455\">135<\/td>\n<\/tr>\n<tr>\n<td width=\"265\">Capacit\u00e0 di produzione<\/td>\n<td width=\"455\">100000set\/anno<\/td>\n<\/tr>\n<tr>\n<td width=\"265\">Tempo di carica<\/td>\n<td width=\"455\">8 ore<\/td>\n<\/tr>\n<tr>\n<td width=\"265\">Pneumatico Tt anteriore\/posteriore<\/td>\n<td width=\"455\">ruote anteriori 4.00-12; ruote posteriori 4.50-12<\/td>\n<\/tr>\n<tr>\n<td width=\"265\">Scelta colore<\/td>\n<td width=\"455\">Personalizzato<\/td>\n<\/tr>\n<tr>\n<td width=\"265\">Origine<\/td>\n<td width=\"455\">Cina<\/td>\n<\/tr>\n<tr>\n<td width=\"265\">Gamma per carica\/Km<\/td>\n<td width=\"455\">50 km<\/td>\n<\/tr>\n<tr>\n<td width=\"265\">Velocit\u00e0 massima Km\/H<\/td>\n<td width=\"455\">35-45km\/h<\/td>\n<\/tr>\n<tr>\n<td width=\"265\">Capacit\u00e0 di arrampicata<\/td>\n<td width=\"455\">\u226430\u00b0<\/td>\n<\/tr>\n<\/tbody>\n<\/table>\n<hr data-start=\"1062\" data-end=\"1065\" \/>\n<h3 data-start=\"1067\" data-end=\"1111\">Caratteristiche &amp; Vantaggi (punti di vendita)<\/h3>\n<ol data-start=\"1113\" data-end=\"1976\">\n<li data-start=\"1113\" data-end=\"1339\">\n<p data-start=\"1116\" data-end=\"1339\"><strong data-start=\"1116\" data-end=\"1142\">Massima capacit\u00e0 di carico<\/strong><br data-start=\"1142\" data-end=\"1145\" \/>Questo <strong data-start=\"1150\" data-end=\"1188\">triciclo carico elettrico pesante<\/strong> offre un carico utile massimo di <strong data-start=\"1217\" data-end=\"1228\">2000 kg<\/strong>garantire un trasporto di massa affidabile per industrie che vanno dai materiali da costruzione ai beni agricoli.<\/p>\n<\/li>\n<li data-start=\"1341\" data-end=\"1556\">\n<p data-start=\"1344\" data-end=\"1556\"><strong data-start=\"1344\" data-end=\"1367\">Sistema di potenza forte<\/strong><br data-start=\"1367\" data-end=\"1370\" \/>Dotato di una <strong data-start=\"1386\" data-end=\"1420\">motore idraulico 1500W o 1800W<\/strong> e sistema 60V \/ 72V, il Triciclo Elettrico di Carico su Larga Scala offre prestazioni fluide e gestisce pendii fino a <strong data-start=\"1536\" data-end=\"1543\">30\u00b0<\/strong> con facilit\u00e0.<\/p>\n<\/li>\n<li data-start=\"1558\" data-end=\"1768\">\n<p data-start=\"1561\" data-end=\"1768\"><strong data-start=\"1561\" data-end=\"1590\">Range e velocit\u00e0 efficienti<\/strong><br data-start=\"1590\" data-end=\"1593\" \/>Il trike fornisce una <strong data-start=\"1614\" data-end=\"1629\">raggio di 50 km<\/strong> per carica e una velocit\u00e0 massima di <strong data-start=\"1660\" data-end=\"1674\">35-45 km\/h<\/strong>che lo rende adatto sia per le consegne urbane a breve distanza che per il trasporto di merci industriali.<\/p>\n<\/li>\n<li data-start=\"1770\" data-end=\"1976\">\n<p data-start=\"1773\" data-end=\"1976\"><strong data-start=\"1773\" data-end=\"1799\">Design di sicurezza affidabile<\/strong><br data-start=\"1799\" data-end=\"1802\" \/>Con freni a tamburo anteriori e posteriori, <strong data-start=\"1835\" data-end=\"1862\">135 mm di distanza da terra<\/strong>e pneumatici resistenti, questo <strong data-start=\"1888\" data-end=\"1914\">trike elettrico di trasporto merci<\/strong> garantisce un funzionamento stabile e sicuro su diversi terreni.<\/p>\n<\/li>\n<\/ol>\n<hr data-start=\"1978\" data-end=\"1981\" \/>\n<h3 data-start=\"1983\" data-end=\"2014\">Vantaggi differenziati<\/h3>\n<ol data-start=\"2016\" data-end=\"3041\">\n<li data-start=\"2016\" data-end=\"2285\">\n<p data-start=\"2019\" data-end=\"2285\"><strong data-start=\"2019\" data-end=\"2048\">Produzione ad alto volume<\/strong><br data-start=\"2048\" data-end=\"2051\" \/>Con una produzione annuale superiore a <strong data-start=\"2083\" data-end=\"2100\">100.000 unit\u00e0<\/strong>La nostra fabbrica garantisce una capacit\u00e0 di approvvigionamento su larga scala, rendendoci un partner affidabile per grossisti e distributori che cercano un approvvigionamento coerente di tricicli elettrici da carico pesanti.<\/p>\n<\/li>\n<li data-start=\"2287\" data-end=\"2514\">\n<p data-start=\"2290\" data-end=\"2514\"><strong data-start=\"2290\" data-end=\"2318\">Opzioni OEM personalizzabili<\/strong><br data-start=\"2318\" data-end=\"2321\" \/>Forniamo <strong data-start=\"2332\" data-end=\"2353\">Personalizzazione OEM<\/strong> comprese le dimensioni, il materiale e le opzioni di branding. I clienti possono personalizzare la loro triruota elettrica industriale per adattarsi all'identit\u00e0 aziendale e alle esigenze operative.<\/p>\n<\/li>\n<li data-start=\"2516\" data-end=\"2814\">\n<p data-start=\"2519\" data-end=\"2814\"><strong data-start=\"2519\" data-end=\"2550\">Applicazioni multisettoriali<\/strong><br data-start=\"2550\" data-end=\"2553\" \/>A differenza dei modelli convenzionali, il triciclo elettrico di grande scala ha dimostrato di essere efficace in diversi settori: <strong data-start=\"2668\" data-end=\"2732\">logistica, agricoltura, costruzione e distribuzione urbana<\/strong>Questa versatilit\u00e0 rafforza la sua posizione di leader nel trasporto merci elettrico.<\/p>\n<\/li>\n<li data-start=\"2816\" data-end=\"3041\">\n<p data-start=\"2819\" data-end=\"3041\"><strong data-start=\"2819\" data-end=\"2849\">Risparmio di costi Sostenibilit\u00e0<\/strong><br data-start=\"2849\" data-end=\"2852\" \/>Passare dai veicoli a carburante a questo <strong data-start=\"2889\" data-end=\"2916\">triciclo carico elettrico<\/strong> riduce sia l'impronta di carbonio che i costi operativi a lungo termine, offrendo agli acquirenti un vantaggio competitivo nella logistica verde.<\/p>\n<\/li>\n<\/ol>\n<hr data-start=\"3043\" data-end=\"3046\" \/>\n<h3 data-start=\"3048\" data-end=\"3076\">Specifiche del prodotto<\/h3>\n<ul data-start=\"3077\" data-end=\"3458\">\n<li data-start=\"3077\" data-end=\"3118\">\n<p data-start=\"3079\" data-end=\"3118\"><strong data-start=\"3079\" data-end=\"3094\">Dimensioni:<\/strong> 3360 \u00d7 1380 \u00d7 1425 mm<\/p>\n<\/li>\n<li data-start=\"3119\" data-end=\"3169\">\n<p data-start=\"3121\" data-end=\"3169\"><strong data-start=\"3121\" data-end=\"3137\">Potenza del motore:<\/strong> motore idraulico 1500W\/1800W<\/p>\n<\/li>\n<li data-start=\"3170\" data-end=\"3204\">\n<p data-start=\"3172\" data-end=\"3204\"><strong data-start=\"3172\" data-end=\"3192\">Opzioni di tensione:<\/strong> 60V \/ 72V<\/p>\n<\/li>\n<li data-start=\"3205\" data-end=\"3235\">\n<p data-start=\"3207\" data-end=\"3235\"><strong data-start=\"3207\" data-end=\"3225\">Capacit\u00e0 di carico:<\/strong> 2000 kg<\/p>\n<\/li>\n<li data-start=\"3236\" data-end=\"3265\">\n<p data-start=\"3238\" data-end=\"3265\"><strong data-start=\"3238\" data-end=\"3252\">Velocit\u00e0 massima:<\/strong> 35-45 km\/h<\/p>\n<\/li>\n<li data-start=\"3266\" data-end=\"3297\">\n<p data-start=\"3268\" data-end=\"3297\"><strong data-start=\"3268\" data-end=\"3289\">Gamma per carica:<\/strong> 50 km<\/p>\n<\/li>\n<li data-start=\"3298\" data-end=\"3328\">\n<p data-start=\"3300\" data-end=\"3328\"><strong data-start=\"3300\" data-end=\"3321\">Abilit\u00e0 di arrampicata:<\/strong> \u226430\u00b0<\/p>\n<\/li>\n<li data-start=\"3329\" data-end=\"3361\">\n<p data-start=\"3331\" data-end=\"3361\"><strong data-start=\"3331\" data-end=\"3352\">Liberazione da terra:<\/strong> 135 millimetri<\/p>\n<\/li>\n<li data-start=\"3362\" data-end=\"3409\">\n<p data-start=\"3364\" data-end=\"3409\"><strong data-start=\"3364\" data-end=\"3378\">Dimensione pneumatico:<\/strong> Anteriore 4.00-12 \/ Dietro 4.50-12<\/p>\n<\/li>\n<li data-start=\"3410\" data-end=\"3458\">\n<p data-start=\"3412\" data-end=\"3458\"><strong data-start=\"3412\" data-end=\"3431\">Sistema frenante:<\/strong> Frontale &amp; freni a tamburo posteriori<\/p>\n<\/li>\n<\/ul>\n<hr data-start=\"3460\" data-end=\"3463\" \/>\n<h3 data-start=\"3465\" data-end=\"3479\">Materiale<\/h3>\n<p data-start=\"3480\" data-end=\"3532\">Telaio in acciaio ad alta resistenza con telaio rinforzato.<\/p>\n<hr data-start=\"3534\" data-end=\"3537\" \/>\n<h3 data-start=\"3539\" data-end=\"3564\">Aspetto &amp; Progettazione<\/h3>\n<p data-start=\"3565\" data-end=\"3654\">Pratico, robusto e personalizzabile in pi\u00f9 colori per allinearsi al branding del cliente.<\/p>\n<hr data-start=\"3656\" data-end=\"3659\" \/>\n<h3 data-start=\"3661\" data-end=\"3686\">OEM \/ personalizzazione<\/h3>\n<p data-start=\"3687\" data-end=\"3785\">Le opzioni includono: <strong data-start=\"3704\" data-end=\"3782\">design, dimensioni, materiali, colori di vernice, logo di marchio e imballaggio<\/strong>.<\/p>\n<hr data-start=\"3787\" data-end=\"3790\" \/>\n<h3 data-start=\"3792\" data-end=\"3813\">Controllo qualit\u00e0<\/h3>\n<ul data-start=\"3814\" data-end=\"3969\">\n<li data-start=\"3814\" data-end=\"3848\">\n<p data-start=\"3816\" data-end=\"3848\">Rigorosi test della linea di produzione<\/p>\n<\/li>\n<li data-start=\"3849\" data-end=\"3925\">\n<p data-start=\"3851\" data-end=\"3925\">Impegno di qualit\u00e0: ogni unit\u00e0 \u00e8 sottoposta a un'ispezione completa prima della spedizione<\/p>\n<\/li>\n<li data-start=\"3926\" data-end=\"3969\">\n<p data-start=\"3928\" data-end=\"3969\">Conformit\u00e0 agli standard internazionali<\/p>\n<\/li>\n<\/ul>\n<hr data-start=\"3971\" data-end=\"3974\" \/>\n<h3 data-start=\"3976\" data-end=\"4003\">Imballaggio &amp; Logistica<\/h3>\n<ul data-start=\"4004\" data-end=\"4126\">\n<li data-start=\"4004\" data-end=\"4033\">\n<p data-start=\"4006\" data-end=\"4033\">Imballaggio standard per l'esportazione<\/p>\n<\/li>\n<li data-start=\"4034\" data-end=\"4074\">\n<p data-start=\"4036\" data-end=\"4074\">Trasporto marittimo\/terrestre<\/p>\n<\/li>\n<li data-start=\"4075\" data-end=\"4126\">\n<p data-start=\"4077\" data-end=\"4126\">Consegna rapida supportata da capacit\u00e0 ad alto volume<\/p>\n<\/li>\n<\/ul>\n<hr data-start=\"4128\" data-end=\"4131\" \/>\n<h3 data-start=\"4133\" data-end=\"4158\">Servizio post-vendita<\/h3>\n<ul data-start=\"4159\" data-end=\"4304\">\n<li data-start=\"4159\" data-end=\"4197\">\n<p data-start=\"4161\" data-end=\"4197\">Installazione &amp; orientamento di regolazione<\/p>\n<\/li>\n<li data-start=\"4198\" data-end=\"4215\">\n<p data-start=\"4200\" data-end=\"4215\">Formazione degli utenti<\/p>\n<\/li>\n<li data-start=\"4216\" data-end=\"4253\">\n<p data-start=\"4218\" data-end=\"4253\">Supporto post-vendita completo<\/p>\n<\/li>\n<li data-start=\"4254\" data-end=\"4304\">\n<p data-start=\"4256\" data-end=\"4304\">Servizio di manutenzione &amp; disponibilit\u00e0 pezzi di ricambio<\/p>\n<\/li>\n<\/ul>\n<hr data-start=\"4306\" data-end=\"4309\" \/>\n<h3 data-start=\"4311\" data-end=\"4329\">Applicazioni<\/h3>\n<ul data-start=\"4330\" data-end=\"4455\">\n<li data-start=\"4330\" data-end=\"4360\">\n<p data-start=\"4332\" data-end=\"4360\">Logistica &amp; consegna urbana<\/p>\n<\/li>\n<li data-start=\"4361\" data-end=\"4387\">\n<p data-start=\"4363\" data-end=\"4387\">Trasporti agricoli<\/p>\n<\/li>\n<li data-start=\"4388\" data-end=\"4419\">\n<p data-start=\"4390\" data-end=\"4419\">Movimento di merci industriali<\/p>\n<\/li>\n<li data-start=\"4420\" data-end=\"4455\">\n<p data-start=\"4422\" data-end=\"4455\">Trasporto merci sul cantiere<\/p>\n<\/li>\n<\/ul>\n<hr data-start=\"4457\" data-end=\"4460\" \/>\n<h3 data-start=\"4462\" data-end=\"4483\">Opzioni di pagamento<\/h3>\n<p data-start=\"4484\" data-end=\"4552\">Termini di pagamento flessibili disponibili per gli acquirenti all'ingrosso e per i progetti.<\/p>\n<hr data-start=\"4554\" data-end=\"4557\" \/>\n<h3 data-start=\"4559\" data-end=\"4568\">Domande frequenti<\/h3>\n<p data-start=\"4570\" data-end=\"4707\"><strong data-start=\"4570\" data-end=\"4615\">Q1: Qual \u00e8 la capacit\u00e0 di carico massima?<\/strong><br data-start=\"4615\" data-end=\"4618\" \/>A: Fino a <strong data-start=\"4627\" data-end=\"4638\">2000 kg<\/strong>che lo rende uno dei pi\u00f9 forti trikes elettrici di trasporto merci disponibili.<\/p>\n<p data-start=\"4709\" data-end=\"4825\"><strong data-start=\"4709\" data-end=\"4748\">Q2: Il triciclo pu\u00f2 essere personalizzato?<\/strong><br data-start=\"4748\" data-end=\"4751\" \/>A: S\u00ec, i servizi OEM includono progettazione, dimensioni, materiale e marchio.<\/p>\n<p data-start=\"4827\" data-end=\"4955\"><strong data-start=\"4827\" data-end=\"4864\">Q3: Qual \u00e8 la gamma per carica?<\/strong><br data-start=\"4864\" data-end=\"4867\" \/>A: Circa <strong data-start=\"4884\" data-end=\"4893\">50 km<\/strong>adatto alla maggior parte delle operazioni di trasporto merci industriali e urbane.<\/p>\n<p data-start=\"4957\" data-end=\"5073\"><strong data-start=\"4957\" data-end=\"5000\">Q4: Quanto \u00e8 affidabile il sistema frenante?<\/strong><br data-start=\"5000\" data-end=\"5003\" \/>A: Sia i freni a tamburo anteriori che posteriori garantiscono un funzionamento sicuro e stabile.<\/p>\n<p data-start=\"5075\" data-end=\"5257\"><strong data-start=\"5075\" data-end=\"5133\">Q5: Per quali industrie \u00e8 pi\u00f9 adatto questo prodotto?<\/strong><br data-start=\"5133\" data-end=\"5136\" \/>A: \u00e8 ideale per <strong data-start=\"5155\" data-end=\"5254\">aziende logistiche, aziende agricole, progetti di costruzione e distributori all'ingrosso<\/strong>.<\/p>","protected":false},"excerpt":{"rendered":"<p>Il <strong data-start=\"572\" data-end=\"613\">Triciclo elettrico di trasporto su larga scala<\/strong> \u00e8 progettato per le aziende che richiedono un trasporto di merci affidabile, ad alta capacit\u00e0 e sostenibile. Con un corpo in acciaio rinforzato, potenti opzioni di motore idraulico (1500W\/1800W) e un carico massimo di <strong data-start=\"819\" data-end=\"830\">2000 kg<\/strong>questo veicolo garantisce operazioni efficienti in logistica, costruzione e agricoltura. Il suo design equilibra resistenza, resistenza e prestazioni ecologiche, rendendolo una scelta leader tra i tre ruote elettriche industriali.<\/p>","protected":false},"featured_media":3514,"comment_status":"open","ping_status":"closed","template":"","meta":[],"product_brand":[],"product_cat":[78],"product_tag":[],"class_list":{"0":"post-3512","1":"product","2":"type-product","3":"status-publish","4":"has-post-thumbnail","6":"product_cat-electric-tricycle","8":"first","9":"instock","10":"shipping-taxable","11":"purchasable","12":"product-type-simple"},"_links":{"self":[{"href":"https:\/\/www.tairuiauto.com\/it\/wp-json\/wp\/v2\/product\/3512","targetHints":{"allow":["GET"]}}],"collection":[{"href":"https:\/\/www.tairuiauto.com\/it\/wp-json\/wp\/v2\/product"}],"about":[{"href":"https:\/\/www.tairuiauto.com\/it\/wp-json\/wp\/v2\/types\/product"}],"replies":[{"embeddable":true,"href":"https:\/\/www.tairuiauto.com\/it\/wp-json\/wp\/v2\/comments?post=3512"}],"wp:featuredmedia":[{"embeddable":true,"href":"https:\/\/www.tairuiauto.com\/it\/wp-json\/wp\/v2\/media\/3514"}],"wp:attachment":[{"href":"https:\/\/www.tairuiauto.com\/it\/wp-json\/wp\/v2\/media?parent=3512"}],"wp:term":[{"taxonomy":"product_brand","embeddable":true,"href":"https:\/\/www.tairuiauto.com\/it\/wp-json\/wp\/v2\/product_brand?post=3512"},{"taxonomy":"product_cat","embeddable":true,"href":"https:\/\/www.tairuiauto.com\/it\/wp-json\/wp\/v2\/product_cat?post=3512"},{"taxonomy":"product_tag","embeddable":true,"href":"https:\/\/www.tairuiauto.com\/it\/wp-json\/wp\/v2\/product_tag?post=3512"}],"curies":[{"name":"WP","href":"https:\/\/api.w.org\/{rel}","templated":true}]}}