{"id":3523,"date":"2026-01-17T09:41:16","date_gmt":"2026-01-17T01:41:16","guid":{"rendered":"https:\/\/www.tairuiauto.com\/?post_type=product&#038;p=3523"},"modified":"2026-01-27T10:41:52","modified_gmt":"2026-01-27T02:41:52","slug":"electric-lift-tricycle","status":"publish","type":"product","link":"https:\/\/www.tairuiauto.com\/it\/product\/electric-lift-tricycle\/","title":{"rendered":"Elettrico ascensore triciclo per frutteto"},"content":{"rendered":"<h2 style=\"padding-left: 40px;\" data-start=\"618\" data-end=\"642\">Panoramica del prodotto<\/h2>\n<p style=\"padding-left: 40px;\" data-start=\"643\" data-end=\"1321\">Il <strong data-start=\"507\" data-end=\"549\">Elettrico ascensore triciclo per frutteto<\/strong> \u00e8 un veicolo carico elettrico pesante progettato appositamente per ambienti frutteti e agricoli. Combina una scatola di carico rinforzata, meccanismo di sollevamento idraulico e trasmissione elettrica stabile per migliorare l'efficienza di carico e ridurre il lavoro manuale.<\/p>\n<h2 style=\"padding-left: 40px;\"><strong><b>Parametri:<\/b><\/strong><\/h2>\n<table style=\"margin-left: 40px;\">\n<tbody style=\"padding-left: 40px;\">\n<tr style=\"padding-left: 40px;\">\n<td style=\"padding-left: 40px;\" width=\"265\">Modello<\/td>\n<td style=\"padding-left: 40px;\" width=\"455\">Elettrico ascensore triciclo per frutteto<\/td>\n<\/tr>\n<tr style=\"padding-left: 40px;\">\n<td style=\"padding-left: 40px;\" width=\"265\">Dimensione della scatola di carico<\/td>\n<td style=\"padding-left: 40px;\" width=\"455\">1600 mm * 1000 mm<\/td>\n<\/tr>\n<tr style=\"padding-left: 40px;\">\n<td style=\"padding-left: 40px;\" width=\"265\">Capacit\u00e0 di carico<\/td>\n<td style=\"padding-left: 40px;\" width=\"455\">600 kg<\/td>\n<\/tr>\n<tr style=\"padding-left: 40px;\">\n<td style=\"padding-left: 40px;\" width=\"265\">Potenza del motore idraulico<\/td>\n<td style=\"padding-left: 40px;\" width=\"455\">1000W<\/td>\n<\/tr>\n<tr style=\"padding-left: 40px;\">\n<td style=\"padding-left: 40px;\" width=\"265\">Tensione standard<\/td>\n<td style=\"padding-left: 40px;\" width=\"455\">60\/72V<\/td>\n<\/tr>\n<tr style=\"padding-left: 40px;\">\n<td style=\"padding-left: 40px;\" width=\"265\">Controllatore<\/td>\n<td style=\"padding-left: 40px;\" width=\"455\">18 Tubo<\/td>\n<\/tr>\n<tr style=\"padding-left: 40px;\">\n<td style=\"padding-left: 40px;\" width=\"265\">Modalit\u00e0 frenata<\/td>\n<td style=\"padding-left: 40px;\" width=\"455\">Piede sul tamburo meccanico parcheggio manuale<\/td>\n<\/tr>\n<tr style=\"padding-left: 40px;\">\n<td style=\"padding-left: 40px;\" width=\"265\">Liberazione minima da terra<\/td>\n<td style=\"padding-left: 40px;\" width=\"455\">135<\/td>\n<\/tr>\n<tr style=\"padding-left: 40px;\">\n<td style=\"padding-left: 40px;\" width=\"265\">Capacit\u00e0 di produzione<\/td>\n<td style=\"padding-left: 40px;\" width=\"455\">100000set\/anno<\/td>\n<\/tr>\n<tr style=\"padding-left: 40px;\">\n<td style=\"padding-left: 40px;\" width=\"265\">Tempo di carica<\/td>\n<td style=\"padding-left: 40px;\" width=\"455\">8 ore<\/td>\n<\/tr>\n<tr style=\"padding-left: 40px;\">\n<td style=\"padding-left: 40px;\" width=\"265\">Pneumatico Tt anteriore\/posteriore<\/td>\n<td style=\"padding-left: 40px;\" width=\"455\">3.75-12 ruote anteriori 4.00-12 ruote posteriori<\/td>\n<\/tr>\n<tr style=\"padding-left: 40px;\">\n<td style=\"padding-left: 40px;\" width=\"265\">Scelta colore<\/td>\n<td style=\"padding-left: 40px;\" width=\"455\">Personalizzato<\/td>\n<\/tr>\n<tr style=\"padding-left: 40px;\">\n<td style=\"padding-left: 40px;\" width=\"265\">Origine<\/td>\n<td style=\"padding-left: 40px;\" width=\"455\">Cina<\/td>\n<\/tr>\n<tr style=\"padding-left: 40px;\">\n<td style=\"padding-left: 40px;\" width=\"265\">Gamma per carica\/Km<\/td>\n<td style=\"padding-left: 40px;\" width=\"455\">40 km<\/td>\n<\/tr>\n<tr style=\"padding-left: 40px;\">\n<td style=\"padding-left: 40px;\" width=\"265\">Velocit\u00e0 massima Km\/H<\/td>\n<td style=\"padding-left: 40px;\" width=\"455\">30-40 km\/h<\/td>\n<\/tr>\n<tr style=\"padding-left: 40px;\">\n<td style=\"padding-left: 40px;\" width=\"265\">Capacit\u00e0 di arrampicata<\/td>\n<td style=\"padding-left: 40px;\" width=\"455\">\u226430\u00b0<\/td>\n<\/tr>\n<\/tbody>\n<\/table>\n<hr style=\"padding-left: 40px;\" data-start=\"808\" data-end=\"811\" \/>\n<h2 style=\"padding-left: 40px;\" data-start=\"813\" data-end=\"835\">Descrizione del prodotto<\/h2>\n<h3 style=\"padding-left: 40px;\" data-start=\"837\" data-end=\"859\">Categoria di prodotto<\/h3>\n<p style=\"padding-left: 40px;\" data-start=\"860\" data-end=\"944\">Triciclo elettrico di carico \/ veicolo elettrico agricolo \/ triciclo di trasporto frutteto<\/p>\n<h3 style=\"padding-left: 40px;\" data-start=\"946\" data-end=\"971\">Descrizione del prodotto<\/h3>\n<p style=\"padding-left: 40px;\" data-start=\"973\" data-end=\"1301\">Il <strong data-start=\"977\" data-end=\"1019\">Elettrico ascensore triciclo per frutteto<\/strong> \u00e8 costruito per soddisfare le esigenti esigenze di trasporto di frutteti, fattorie e aree di produzione rurali. Dotato di una <strong data-start=\"1136\" data-end=\"1167\">Scatola di carico da 1600 mm \u00d7 1000 mm<\/strong>il veicolo fornisce ampio spazio per scatole di frutta, strumenti e materiali agricoli, con un <strong data-start=\"1262\" data-end=\"1300\">capacit\u00e0 di carico massima di 600 kg<\/strong>.<\/p>\n<p style=\"padding-left: 40px;\" data-start=\"1303\" data-end=\"1739\">Una caratteristica fondamentale di questo modello \u00e8 la sua <strong data-start=\"1338\" data-end=\"1401\">sistema di sollevamento idraulico alimentato da un motore idraulico da 1000W<\/strong>permettendo agli operatori di caricare e scaricare le merci in modo efficiente, soprattutto in terreni frutteti irregolari. Il sistema elettrico supporta <strong data-start=\"1527\" data-end=\"1574\">Configurazioni di tensione standard 60V e 72V<\/strong>Offrendo flessibilit\u00e0 per diverse esigenze di prestazioni e costi. Un <strong data-start=\"1649\" data-end=\"1671\">Controller a 18 tubi<\/strong> garantisce una potenza di uscita stabile e un funzionamento fluido sotto carichi pesanti.<\/p>\n<p style=\"padding-left: 40px;\"><img fetchpriority=\"high\" decoding=\"async\" class=\"size-medium wp-image-3531 alignleft\" src=\"https:\/\/www.tairuiauto.com\/wp-content\/uploads\/2025\/09\/3-2-300x226.jpg\" alt=\"\" width=\"300\" height=\"226\" srcset=\"\" sizes=\"(max-width: 300px) 100vw, 300px\" data-srcset=\"\" \/><img decoding=\"async\" class=\"size-medium wp-image-3530 alignright\" src=\"https:\/\/www.tairuiauto.com\/wp-content\/uploads\/2025\/09\/2-1-300x225.jpg\" alt=\"\" width=\"300\" height=\"225\" srcset=\"\" sizes=\"(max-width: 300px) 100vw, 300px\" data-srcset=\"\" \/><img decoding=\"async\" class=\"size-medium wp-image-3532 aligncenter\" src=\"https:\/\/www.tairuiauto.com\/wp-content\/uploads\/2025\/09\/4-2-300x225.jpg\" alt=\"\" width=\"300\" height=\"225\" srcset=\"\" sizes=\"(max-width: 300px) 100vw, 300px\" data-srcset=\"\" \/><\/p>\n<hr style=\"padding-left: 40px;\" data-start=\"2501\" data-end=\"2504\" \/>\n<p style=\"padding-left: 40px;\" data-start=\"1741\" data-end=\"2077\">Il triciclo \u00e8 progettato per durabilit\u00e0 e sicurezza, dotato di un <strong data-start=\"1805\" data-end=\"1857\">sistema frenante meccanico a tamburo con controllo del piede<\/strong>Combinato con un <strong data-start=\"1875\" data-end=\"1899\">freno di parcheggio manuale<\/strong> per garantire fermi sicuri sulle pendici e durante il carico. Con un <strong data-start=\"1963\" data-end=\"2001\">distanza minima da terra di 135 mm<\/strong>Il veicolo pu\u00f2 gestire facilmente sentieri aspri, strade di suolo e sentieri frutteti.<\/p>\n<p style=\"padding-left: 40px;\" data-start=\"2079\" data-end=\"2459\">La configurazione delle ruote include <strong data-start=\"2112\" data-end=\"2135\">3.75-12 pneumatici anteriori<\/strong> e <strong data-start=\"2140\" data-end=\"2162\">Pneumatici posteriori 4.00-12<\/strong>che fornisce una forte trazione e stabilit\u00e0 quando \u00e8 pienamente caricato. Il veicolo fornisce una <strong data-start=\"2246\" data-end=\"2277\">Velocit\u00e0 massima di 30-40 km\/h<\/strong> e una <strong data-start=\"2284\" data-end=\"2327\">autonomia di guida fino a 40 km per carica<\/strong>che lo rende adatto alle operazioni quotidiane del frutteto. Il tempo di ricarica \u00e8 di circa <strong data-start=\"2409\" data-end=\"2420\">8 ore<\/strong>, supportando cicli di ricarica durante la notte.<\/p>\n<p style=\"padding-left: 40px;\" data-start=\"2461\" data-end=\"2818\">Con un <strong data-start=\"2468\" data-end=\"2501\">capacit\u00e0 di arrampicata fino a 30\u00b0<\/strong>Il triciclo funziona in modo affidabile sulle pendici comunemente presenti nei frutteti collinari e nei terreni agricoli. Le opzioni di colore possono essere <strong data-start=\"2612\" data-end=\"2626\">personalizzato<\/strong> per soddisfare le preferenze di branding o operative. Prodotto in <strong data-start=\"2688\" data-end=\"2697\">Cina<\/strong>Questo modello \u00e8 supportato da un <strong data-start=\"2728\" data-end=\"2777\">capacit\u00e0 di produzione di 100.000 unit\u00e0 all'anno<\/strong>, assicurando una fornitura stabile per ordini in massa.<\/p>\n<hr style=\"padding-left: 40px;\" data-start=\"2820\" data-end=\"2823\" \/>\n<h2 style=\"padding-left: 40px;\" data-start=\"2825\" data-end=\"2853\">Caratteristiche principali &amp; Vantaggi<\/h2>\n<h3 style=\"padding-left: 40px;\" data-start=\"2855\" data-end=\"2869\">Caratteristiche<\/h3>\n<ul>\n<li style=\"list-style-type: none;\">\n<ul data-start=\"2870\" data-end=\"3073\">\n<li data-start=\"2870\" data-end=\"2912\">\n<p data-start=\"2872\" data-end=\"2912\">Sistema di sollevamento idraulico con motore da 1000W<\/p>\n<\/li>\n<li data-start=\"2913\" data-end=\"2948\">\n<p data-start=\"2915\" data-end=\"2948\">Alta capacit\u00e0 di carico fino a 600 kg<\/p>\n<\/li>\n<li data-start=\"2949\" data-end=\"2994\">\n<p data-start=\"2951\" data-end=\"2994\">Scatola di carico rinforzata per uso agricolo<\/p>\n<\/li>\n<li data-start=\"2995\" data-end=\"3030\">\n<p data-start=\"2997\" data-end=\"3030\">Opzioni di doppia tensione: 60V \/ 72V<\/p>\n<\/li>\n<li data-start=\"3031\" data-end=\"3073\">\n<p data-start=\"3033\" data-end=\"3073\">Frena a tamburo stabile con freno di parcheggio<\/p>\n<\/li>\n<\/ul>\n<\/li>\n<\/ul>\n<h3 style=\"padding-left: 40px;\" data-start=\"3075\" data-end=\"3091\">Vantaggi<\/h3>\n<ul>\n<li style=\"list-style-type: none;\">\n<ul data-start=\"3092\" data-end=\"3295\">\n<li data-start=\"3092\" data-end=\"3139\">\n<p data-start=\"3094\" data-end=\"3139\">Riduce la manovrabilit\u00e0 manuale e l'intensit\u00e0 del lavoro<\/p>\n<\/li>\n<li data-start=\"3140\" data-end=\"3190\">\n<p data-start=\"3142\" data-end=\"3190\">Carico e scarico efficienti di merci pesanti<\/p>\n<\/li>\n<li data-start=\"3191\" data-end=\"3241\">\n<p data-start=\"3193\" data-end=\"3241\">Prestazioni affidabili su terreni frutteti irregolari<\/p>\n<\/li>\n<li data-start=\"3242\" data-end=\"3295\">\n<p data-start=\"3244\" data-end=\"3295\">Configurazione flessibile per diverse esigenze del mercato<\/p>\n<\/li>\n<\/ul>\n<\/li>\n<\/ul>\n<h3 style=\"padding-left: 40px;\" data-start=\"3297\" data-end=\"3317\">Vantaggi per l'acquirente<\/h3>\n<ul>\n<li style=\"list-style-type: none;\">\n<ul data-start=\"3318\" data-end=\"3488\">\n<li data-start=\"3318\" data-end=\"3359\">\n<p data-start=\"3320\" data-end=\"3359\">Miglioramento dell'efficienza del trasporto dei frutteti<\/p>\n<\/li>\n<li data-start=\"3360\" data-end=\"3403\">\n<p data-start=\"3362\" data-end=\"3403\">Costi operativi e di manutenzione inferiori<\/p>\n<\/li>\n<li data-start=\"3404\" data-end=\"3447\">\n<p data-start=\"3406\" data-end=\"3447\">Adatto per uso agricolo a lungo termine<\/p>\n<\/li>\n<li data-start=\"3448\" data-end=\"3488\">\n<p data-start=\"3450\" data-end=\"3488\">Aspetto personalizzabile per il branding<\/p>\n<\/li>\n<\/ul>\n<\/li>\n<\/ul>\n<h3 style=\"padding-left: 40px;\" data-start=\"3490\" data-end=\"3504\">Prova<\/h3>\n<ul>\n<li style=\"list-style-type: none;\">\n<ul data-start=\"3505\" data-end=\"3624\">\n<li data-start=\"3505\" data-end=\"3543\">\n<p data-start=\"3507\" data-end=\"3543\">Struttura di sollevamento idraulica collaudata<\/p>\n<\/li>\n<li data-start=\"3544\" data-end=\"3589\">\n<p data-start=\"3546\" data-end=\"3589\">Configurazione pneumatici e telaio pesanti<\/p>\n<\/li>\n<li data-start=\"3590\" data-end=\"3624\">\n<p data-start=\"3592\" data-end=\"3624\">Sistema di controllo elettrico stabile<\/p>\n<\/li>\n<\/ul>\n<\/li>\n<\/ul>\n<hr style=\"padding-left: 40px;\" data-start=\"3626\" data-end=\"3629\" \/>\n<h2 style=\"padding-left: 40px;\" data-start=\"3631\" data-end=\"3655\">Scenari di applicazione<\/h2>\n<ul>\n<li style=\"list-style-type: none;\">\n<ul data-start=\"3657\" data-end=\"3856\">\n<li data-start=\"3657\" data-end=\"3704\">\n<p data-start=\"3659\" data-end=\"3704\">Raccolta e trasporto frutteti<\/p>\n<\/li>\n<li data-start=\"3705\" data-end=\"3731\">\n<p data-start=\"3707\" data-end=\"3731\">Logistica dei prodotti agricoli<\/p>\n<\/li>\n<li data-start=\"3732\" data-end=\"3773\">\n<p data-start=\"3734\" data-end=\"3773\">Trasporto di materiale agricolo rurale<\/p>\n<\/li>\n<li data-start=\"3774\" data-end=\"3814\">\n<p data-start=\"3776\" data-end=\"3814\">Serra e piantagioni<\/p>\n<\/li>\n<li data-start=\"3815\" data-end=\"3856\">\n<p data-start=\"3817\" data-end=\"3856\">Distribuzione agricola su piccola scala<\/p>\n<\/li>\n<\/ul>\n<\/li>\n<\/ul>\n<hr style=\"padding-left: 40px;\" data-start=\"3858\" data-end=\"3861\" \/>\n<h2 style=\"padding-left: 40px;\" data-start=\"3863\" data-end=\"3904\">Perch\u00e9 scegliere questo triciclo ascensore elettrico<\/h2>\n<p style=\"padding-left: 40px;\" data-start=\"3906\" data-end=\"4183\">Il <strong data-start=\"3910\" data-end=\"3952\">Elettrico ascensore triciclo per frutteto<\/strong> \u00e8 progettato con praticit\u00e0 e durabilit\u00e0 in mente. La sua funzione di sollevamento idraulico, forti prestazioni di arrampicata e alta capacit\u00e0 di carico lo rendono una soluzione di trasporto elettrico ideale per le moderne operazioni fruttiere e agricole.<\/p>\n<hr style=\"padding-left: 40px;\" data-start=\"4185\" data-end=\"4188\" \/>\n<h2 style=\"padding-left: 40px;\" data-start=\"4190\" data-end=\"4213\">Imballaggio &amp; Consegna<\/h2>\n<ul>\n<li style=\"list-style-type: none;\">\n<ul data-start=\"4215\" data-end=\"4383\">\n<li data-start=\"4215\" data-end=\"4248\">\n<p data-start=\"4217\" data-end=\"4248\"><strong data-start=\"4217\" data-end=\"4235\">Opzioni di colore:<\/strong> Personalizzato<\/p>\n<\/li>\n<li data-start=\"4249\" data-end=\"4270\">\n<p data-start=\"4251\" data-end=\"4270\"><strong data-start=\"4251\" data-end=\"4262\">Origine:<\/strong> Cina<\/p>\n<\/li>\n<li data-start=\"4271\" data-end=\"4321\">\n<p data-start=\"4273\" data-end=\"4321\"><strong data-start=\"4273\" data-end=\"4297\">Capacit\u00e0 di produzione:<\/strong> 100.000 insiemi all'anno<\/p>\n<\/li>\n<li data-start=\"4322\" data-end=\"4383\">\n<p data-start=\"4324\" data-end=\"4383\"><strong data-start=\"4324\" data-end=\"4342\">Modulo di consegna:<\/strong> CKD \/ SKD \/ completamente assemblato (facoltativo)<\/p>\n<\/li>\n<\/ul>\n<\/li>\n<\/ul>\n<hr style=\"padding-left: 40px;\" data-start=\"4385\" data-end=\"4388\" \/>\n<h2 style=\"padding-left: 40px;\" data-start=\"4390\" data-end=\"4396\">Domande frequenti<\/h2>\n<p style=\"padding-left: 40px;\" data-start=\"4398\" data-end=\"4545\"><strong data-start=\"4398\" data-end=\"4460\">Q1: Qual \u00e8 la capacit\u00e0 di carico massima di questo triciclo?<\/strong><br data-start=\"4460\" data-end=\"4463\" \/>La capacit\u00e0 massima di carico \u00e8 <strong data-start=\"4495\" data-end=\"4505\">600 kg<\/strong>adatto per prodotti agricoli pesanti.<\/p>\n<p style=\"padding-left: 40px;\" data-start=\"4547\" data-end=\"4687\"><strong data-start=\"4547\" data-end=\"4598\">Q2: Il veicolo supporta il sollevamento idraulico?<\/strong><br data-start=\"4598\" data-end=\"4601\" \/>- S\u00ec. - S\u00ec. \u00c8 dotato di un <strong data-start=\"4628\" data-end=\"4653\">motore idraulico 1000W<\/strong> per operazioni di sollevamento efficienti.<\/p>\n<p style=\"padding-left: 40px;\" data-start=\"4689\" data-end=\"4789\"><strong data-start=\"4689\" data-end=\"4732\">Q3: Quali opzioni di tensione sono disponibili?<\/strong><br data-start=\"4732\" data-end=\"4735\" \/>Il veicolo supporta <strong data-start=\"4756\" data-end=\"4771\">60V e 72V<\/strong> sistemi elettrici.<\/p>\n<p style=\"padding-left: 40px;\" data-start=\"4791\" data-end=\"4943\"><strong data-start=\"4791\" data-end=\"4840\">Q4: \u00c8 adatto per terreno frutteto collinare?<\/strong><br data-start=\"4840\" data-end=\"4843\" \/>- S\u00ec. - S\u00ec. Con un <strong data-start=\"4855\" data-end=\"4888\">capacit\u00e0 di arrampicata fino a 30\u00b0<\/strong> e alta distanza da terra, funziona bene sulle pendici.<\/p>\n<p style=\"padding-left: 40px;\" data-start=\"4945\" data-end=\"5057\"><strong data-start=\"4945\" data-end=\"4981\">Q5: Il colore pu\u00f2 essere personalizzato?<\/strong><br data-start=\"4981\" data-end=\"4984\" \/>- S\u00ec. - S\u00ec. La personalizzazione del colore \u00e8 disponibile secondo le esigenze del cliente.<\/p>","protected":false},"excerpt":{"rendered":"<p>Il Triciclo Elettrico Elevatore per l'uso in frutteto \u00e8 progettato per un trasporto agricolo efficiente. Dotato di un sistema di sollevamento idraulico, alta capacit\u00e0 di carico e forte capacit\u00e0 di arrampicata, fornisce una soluzione pratica e affidabile per frutteti, aziende agricole e operazioni logistiche rurali.<\/p>","protected":false},"featured_media":5336,"comment_status":"open","ping_status":"closed","template":"","meta":[],"product_brand":[],"product_cat":[78],"product_tag":[],"class_list":{"0":"post-3523","1":"product","2":"type-product","3":"status-publish","4":"has-post-thumbnail","6":"product_cat-electric-tricycle","8":"first","9":"instock","10":"shipping-taxable","11":"purchasable","12":"product-type-simple"},"_links":{"self":[{"href":"https:\/\/www.tairuiauto.com\/it\/wp-json\/wp\/v2\/product\/3523","targetHints":{"allow":["GET"]}}],"collection":[{"href":"https:\/\/www.tairuiauto.com\/it\/wp-json\/wp\/v2\/product"}],"about":[{"href":"https:\/\/www.tairuiauto.com\/it\/wp-json\/wp\/v2\/types\/product"}],"replies":[{"embeddable":true,"href":"https:\/\/www.tairuiauto.com\/it\/wp-json\/wp\/v2\/comments?post=3523"}],"wp:featuredmedia":[{"embeddable":true,"href":"https:\/\/www.tairuiauto.com\/it\/wp-json\/wp\/v2\/media\/5336"}],"wp:attachment":[{"href":"https:\/\/www.tairuiauto.com\/it\/wp-json\/wp\/v2\/media?parent=3523"}],"wp:term":[{"taxonomy":"product_brand","embeddable":true,"href":"https:\/\/www.tairuiauto.com\/it\/wp-json\/wp\/v2\/product_brand?post=3523"},{"taxonomy":"product_cat","embeddable":true,"href":"https:\/\/www.tairuiauto.com\/it\/wp-json\/wp\/v2\/product_cat?post=3523"},{"taxonomy":"product_tag","embeddable":true,"href":"https:\/\/www.tairuiauto.com\/it\/wp-json\/wp\/v2\/product_tag?post=3523"}],"curies":[{"name":"WP","href":"https:\/\/api.w.org\/{rel}","templated":true}]}}