{"id":3534,"date":"2025-09-04T11:37:13","date_gmt":"2025-09-04T03:37:13","guid":{"rendered":"https:\/\/www.tairuiauto.com\/?post_type=product&#038;p=3534"},"modified":"2025-09-12T10:24:37","modified_gmt":"2025-09-12T02:24:37","slug":"commercial-electric-tricycle-for-reliable-cargo-transport","status":"publish","type":"product","link":"https:\/\/www.tairuiauto.com\/it\/product\/commercial-electric-tricycle-for-reliable-cargo-transport\/","title":{"rendered":"Triciclo elettrico commerciale"},"content":{"rendered":"<p data-start=\"378\" data-end=\"849\">Il <strong data-start=\"382\" data-end=\"403\">triciclo elettrico<\/strong> \u00e8 cresciuta rapidamente in popolarit\u00e0 come alternativa sostenibile e pratica ai veicoli tradizionali a base di carburante. Progettato pensando al trasporto di massa, il C126 \u00e8 una soluzione di qualit\u00e0 commerciale per i clienti all'ingrosso che richiedono resistenza, durata e efficienza dei costi nelle operazioni quotidiane. La sua costruzione rinforzata e il suo sistema di alimentazione ottimizzato lo rendono una scelta eccellente per le imprese di logistica, agricoltura, vendita al dettaglio e costruzione.<\/p>\n<h2 data-start=\"851\" data-end=\"871\">Riassunto del prodotto<\/h2>\n<p data-start=\"873\" data-end=\"1333\">Costruito per applicazioni di carico esigenti, il C126 presenta un <strong data-start=\"933\" data-end=\"967\">grande letto di carico di 1800 \u00d7 1300mm<\/strong>, rendendolo adatto per carichi pesanti e di dimensioni eccessive. Con una velocit\u00e0 massima di <strong data-start=\"1043\" data-end=\"1054\">45 km\/h<\/strong> e una gamma di guida di <strong data-start=\"1078\" data-end=\"1101\">50-60 km per carica<\/strong>\u00e8 ideale per i trasporti a breve e media distanza. Il veicolo \u00e8 alimentato da un <strong data-start=\"1182\" data-end=\"1201\">motore 60V 1800W<\/strong> accoppiato con un'opzione di batteria di lunga durata che va da <strong data-start=\"1257\" data-end=\"1274\">Da 45Ah a 100Ah<\/strong>garantire una produzione costante anche in condizioni difficili.<\/p>\n<h2 data-start=\"1335\" data-end=\"1377\">Perch\u00e9 i clienti all'ingrosso scelgono il C126<\/h2>\n<h3 data-start=\"1379\" data-end=\"1413\">1. <strong data-start=\"1386\" data-end=\"1411\">Manipolazione robusta del carico<\/strong><\/h3>\n<p data-start=\"1414\" data-end=\"1664\">Questo triciclo elettrico commerciale \u00e8 progettato con acciaio ad alta resistenza, fornendo una resistenza superiore alla deformazione e all'usura. La struttura del telaio resistente supporta una variet\u00e0 di tipi di carico, garantendo una consegna sicura anche in ambienti impegnativi.<\/p>\n<h3 data-start=\"1666\" data-end=\"1708\">2. <strong data-start=\"1673\" data-end=\"1706\">Potenza ed efficienza combinate<\/strong><\/h3>\n<p data-start=\"1709\" data-end=\"1979\">Il <strong data-start=\"1713\" data-end=\"1750\">Motore 60V e controller avanzato<\/strong> fornire coppia affidabile, rendendo il triciclo in grado di gestire <strong data-start=\"1816\" data-end=\"1836\">pendenze fino al 15%<\/strong>Il suo sistema energeticamente efficiente riduce i costi operativi massimizzando al contempo le prestazioni, un fattore critico per le aziende che gestiscono grandi flotte.<\/p>\n<h3 data-start=\"1981\" data-end=\"2016\">3. <strong data-start=\"1988\" data-end=\"2014\">Progettazione orientata alla sicurezza<\/strong><\/h3>\n<p data-start=\"2017\" data-end=\"2264\">Il veicolo \u00e8 dotato di <strong data-start=\"2049\" data-end=\"2079\">freni a tamburo anteriori e posteriori<\/strong> insieme a un freno di parcheggio azionato a mano, che offre stabilit\u00e0 e distanze di fermata pi\u00f9 brevi. Ci\u00f2 lo rende altamente adatto per strade trafficate e zone di lavoro dove la sicurezza \u00e8 una priorit\u00e0.<\/p>\n<h3 data-start=\"2266\" data-end=\"2301\">4. <strong data-start=\"2273\" data-end=\"2299\">Operazioni di risparmio di tempo<\/strong><\/h3>\n<p data-start=\"2302\" data-end=\"2528\">Con un ciclo di ricarica di solo <strong data-start=\"2332\" data-end=\"2345\">6-8 ore<\/strong>Il triciclo \u00e8 pronto per pi\u00f9 viaggi in un giorno. Il suo semplice sistema elettrico richiede una manutenzione minima, riducendo i tempi di fermo e aumentando la produttivit\u00e0 per i clienti all'ingrosso.<\/p>\n<h2 data-start=\"2530\" data-end=\"2555\">Punti salienti tecnici<\/h2>\n<ul data-start=\"2557\" data-end=\"2959\">\n<li data-start=\"2557\" data-end=\"2576\">\n<table style=\"border-collapse: collapse; width: 96.2292%; height: 393px;\" border=\"0\" width=\"720\" cellspacing=\"0\" cellpadding=\"0\">\n<tbody>\n<tr style=\"height: 20.00pt;\">\n<td class=\"et5\" style=\"height: 20.00pt; width: 432.45pt;\" colspan=\"2\" width=\"720\" height=\"33\">Configurazione standard<\/td>\n<\/tr>\n<tr style=\"height: 20.00pt;\">\n<td class=\"et5\" style=\"height: 20.00pt;\" height=\"33\">Modello<\/td>\n<td class=\"et7\"><a href=\"#\u76ee\u5f55!A1\">C126<\/a><\/td>\n<\/tr>\n<tr style=\"height: 20.00pt;\">\n<td class=\"et6\" style=\"height: 20.00pt; width: 159.05pt;\" width=\"265\" height=\"33\">Colori opzionali<\/td>\n<td class=\"et6\" style=\"width: 273.40pt;\" width=\"455\">rosso, blu, verde, giallo, grigio, bianco<\/td>\n<\/tr>\n<tr style=\"height: 20.00pt;\">\n<td class=\"et6\" style=\"height: 20.00pt; width: 159.05pt;\" width=\"265\" height=\"33\">Modello<\/td>\n<td class=\"et6\" style=\"width: 273.40pt;\" width=\"455\">Zhihuiguan-180<\/td>\n<\/tr>\n<tr style=\"height: 20.00pt;\">\n<td class=\"et6\" style=\"height: 20.00pt; width: 159.05pt;\" width=\"265\" height=\"33\">Dimensione della scatola di carico (mm)<\/td>\n<td class=\"et6\" style=\"width: 273.40pt;\" width=\"455\">1800 * 1300mm<\/td>\n<\/tr>\n<tr style=\"height: 20.00pt;\">\n<td class=\"et6\" style=\"height: 20.00pt; width: 159.05pt;\" width=\"265\" height=\"33\">Velocit\u00e0 massima (km\/h)<\/td>\n<td class=\"et6\" style=\"width: 273.40pt;\" width=\"455\">45<\/td>\n<\/tr>\n<tr style=\"height: 20.00pt;\">\n<td class=\"et6\" style=\"height: 20.00pt; width: 159.05pt;\" width=\"265\" height=\"33\">Capacit\u00e0 di grado (%)<\/td>\n<td class=\"et6\" style=\"width: 273.40pt;\" width=\"455\">\u226415<\/td>\n<\/tr>\n<tr style=\"height: 20.00pt;\">\n<td class=\"et6\" style=\"height: 20.00pt; width: 159.05pt;\" width=\"265\" height=\"33\">batteria<\/td>\n<td class=\"et6\" style=\"width: 273.40pt;\" width=\"455\">60V45AH-100AH<\/td>\n<\/tr>\n<tr style=\"height: 20.00pt;\">\n<td class=\"et6\" style=\"height: 20.00pt; width: 159.05pt;\" width=\"265\" height=\"33\">Motore, controllore (w)<\/td>\n<td class=\"et6\" style=\"width: 273.40pt;\" width=\"455\">60V1800W<\/td>\n<\/tr>\n<tr style=\"height: 20.00pt;\">\n<td class=\"et6\" style=\"height: 20.00pt; width: 159.05pt;\" width=\"265\" height=\"33\">Range per carica (km)<\/td>\n<td class=\"et6\" style=\"width: 273.40pt;\" width=\"455\">50-60<\/td>\n<\/tr>\n<tr style=\"height: 20.00pt;\">\n<td class=\"et6\" style=\"height: 20.00pt; width: 159.05pt;\" width=\"265\" height=\"33\">Tempo di carica (h)<\/td>\n<td class=\"et6\" style=\"width: 273.40pt;\" width=\"455\">6 ~ 8 ore<\/td>\n<\/tr>\n<tr style=\"height: 20.00pt;\">\n<td class=\"et6\" style=\"height: 20.00pt; width: 159.05pt;\" width=\"265\" height=\"33\">Pneumatico anteriore\/posteriore<\/td>\n<td class=\"et6\" style=\"width: 273.40pt;\" width=\"455\">4.00-12\/4.50-12<\/td>\n<\/tr>\n<tr style=\"height: 20.00pt;\">\n<td class=\"et6\" style=\"height: 20.00pt; width: 159.05pt;\" width=\"265\" height=\"33\">Tipo freno anteriore\/posteriore<\/td>\n<td class=\"et6\" style=\"width: 273.40pt;\" width=\"455\">Anteriore \/ posteriore: tamburo<\/td>\n<\/tr>\n<tr style=\"height: 20.00pt;\">\n<td class=\"et6\" style=\"height: 20.00pt; width: 159.05pt;\" width=\"265\" height=\"33\">Freno di parcheggio<\/td>\n<td class=\"et6\" style=\"width: 273.40pt;\" width=\"455\">Freno a mano<\/td>\n<\/tr>\n<\/tbody>\n<\/table>\n<\/li>\n<\/ul>\n<h2 data-start=\"2961\" data-end=\"2996\">Servizi di personalizzazione e OEM<\/h2>\n<p data-start=\"2998\" data-end=\"3335\">Comprendendo le esigenze uniche dei clienti all'ingrosso, il C126 supporta un'ampia gamma di opzioni di personalizzazione. Gli acquirenti possono scegliere le dimensioni preferite del letto di carico, i colori specifici del marchio e il posizionamento del logo. Le soluzioni OEM si estendono a regolazioni delle prestazioni come batterie di maggiore capacit\u00e0 o materiali rinforzati per operazioni pesanti.<\/p>\n<h2 data-start=\"3337\" data-end=\"3363\">Campi di applicazione<\/h2>\n<p data-start=\"3365\" data-end=\"3429\">Il <strong data-start=\"3369\" data-end=\"3386\">cargo e-trike<\/strong> \u00e8 versatile in pi\u00f9 settori:<\/p>\n<ul data-start=\"3431\" data-end=\"3744\">\n<li data-start=\"3431\" data-end=\"3514\">\n<p data-start=\"3433\" data-end=\"3514\"><strong data-start=\"3433\" data-end=\"3452\">Logistica urbana<\/strong>Trasporto senza problemi di merci al dettaglio e consegne last mile.<\/p>\n<\/li>\n<li data-start=\"3515\" data-end=\"3590\">\n<p data-start=\"3517\" data-end=\"3590\"><strong data-start=\"3517\" data-end=\"3532\">Agricoltura<\/strong>Trasporto di prodotti, strumenti e fertilizzanti attraverso le aziende agricole.<\/p>\n<\/li>\n<li data-start=\"3591\" data-end=\"3667\">\n<p data-start=\"3593\" data-end=\"3667\"><strong data-start=\"3593\" data-end=\"3609\">Costruzione<\/strong>Movimento di materie prime come cemento, sabbia e mattoni.<\/p>\n<\/li>\n<li data-start=\"3668\" data-end=\"3744\">\n<p data-start=\"3670\" data-end=\"3744\"><strong data-start=\"3670\" data-end=\"3692\">Servizi comunali<\/strong>Raccolta dei rifiuti e trasporto di rifornimento comunitario.<\/p>\n<\/li>\n<\/ul>\n<h2 data-start=\"3746\" data-end=\"3778\">Un investimento economicamente efficace<\/h2>\n<p data-start=\"3780\" data-end=\"4053\">Per le aziende che acquistano in massa, il veicolo elettrico all\u2019ingrosso C126 rappresenta non solo un prodotto, ma una soluzione a lungo termine. I costi di carburante pi\u00f9 bassi, i requisiti di manutenzione ridotti e le prestazioni rispettose dell'ambiente contribuiscono tutti a un risparmio misurabile nel tempo.<\/p>\n<p data-start=\"4055\" data-end=\"4337\">Scegliendo la C126, i clienti all'ingrosso guadagnano un partner affidabile per i compiti logistici soddisfando al contempo le crescenti esigenze di trasporto sostenibile. La sua comprovata durata e la sua capacit\u00e0 di produzione scalabile garantiscono che ogni ordine venga consegnato con qualit\u00e0 e prestazioni costanti.<\/p>","protected":false},"excerpt":{"rendered":"<p>Il popolare triciclo elettrico sostenibile C126, progettato per il trasporto di massa con costruzione rinforzata e potenza ottimizzata, offre resistenza, durata e efficienza dei costi di qualit\u00e0 commerciale per i clienti all'ingrosso in logistica, agricoltura, vendita al dettaglio e costruzione.<\/p>","protected":false},"featured_media":3535,"comment_status":"open","ping_status":"closed","template":"","meta":[],"product_brand":[],"product_cat":[78],"product_tag":[],"class_list":{"0":"post-3534","1":"product","2":"type-product","3":"status-publish","4":"has-post-thumbnail","6":"product_cat-electric-tricycle","8":"first","9":"instock","10":"shipping-taxable","11":"purchasable","12":"product-type-simple"},"_links":{"self":[{"href":"https:\/\/www.tairuiauto.com\/it\/wp-json\/wp\/v2\/product\/3534","targetHints":{"allow":["GET"]}}],"collection":[{"href":"https:\/\/www.tairuiauto.com\/it\/wp-json\/wp\/v2\/product"}],"about":[{"href":"https:\/\/www.tairuiauto.com\/it\/wp-json\/wp\/v2\/types\/product"}],"replies":[{"embeddable":true,"href":"https:\/\/www.tairuiauto.com\/it\/wp-json\/wp\/v2\/comments?post=3534"}],"wp:featuredmedia":[{"embeddable":true,"href":"https:\/\/www.tairuiauto.com\/it\/wp-json\/wp\/v2\/media\/3535"}],"wp:attachment":[{"href":"https:\/\/www.tairuiauto.com\/it\/wp-json\/wp\/v2\/media?parent=3534"}],"wp:term":[{"taxonomy":"product_brand","embeddable":true,"href":"https:\/\/www.tairuiauto.com\/it\/wp-json\/wp\/v2\/product_brand?post=3534"},{"taxonomy":"product_cat","embeddable":true,"href":"https:\/\/www.tairuiauto.com\/it\/wp-json\/wp\/v2\/product_cat?post=3534"},{"taxonomy":"product_tag","embeddable":true,"href":"https:\/\/www.tairuiauto.com\/it\/wp-json\/wp\/v2\/product_tag?post=3534"}],"curies":[{"name":"WP","href":"https:\/\/api.w.org\/{rel}","templated":true}]}}