{"id":3549,"date":"2026-01-23T13:47:07","date_gmt":"2026-01-23T05:47:07","guid":{"rendered":"https:\/\/www.tairuiauto.com\/?post_type=product&#038;p=3549"},"modified":"2026-01-27T11:04:02","modified_gmt":"2026-01-27T03:04:02","slug":"compact-three-wheel-electric-car","status":"publish","type":"product","link":"https:\/\/www.tairuiauto.com\/it\/product\/compact-three-wheel-electric-car\/","title":{"rendered":"Veicolo elettrico ecologico a bassa velocit\u00e0"},"content":{"rendered":"<h2 style=\"padding-left: 40px;\" data-start=\"463\" data-end=\"482\">Panoramica del prodotto<\/h2>\n<p style=\"padding-left: 40px;\" data-start=\"484\" data-end=\"782\">Questo modello combina dimensioni compatte con prestazioni stabili, rendendolo adatto per strade urbane, aree residenziali e ambienti di traffico a velocit\u00e0 controllata. Il suo basso costo operativo, la lunga autonomia di guida e la configurazione user-friendly lo rendono ideale sia per applicazioni personali che commerciali.<\/p>\n<table style=\"border-collapse: collapse; width: 69.9827%; height: 458px; margin-left: 40px;\" border=\"0\" width=\"720\" cellspacing=\"0\" cellpadding=\"0\">\n<tbody style=\"padding-left: 40px;\">\n<tr style=\"height: 20pt; padding-left: 40px;\">\n<td class=\"et4\" style=\"height: 20px; width: 36.7213%; padding-left: 40px;\" width=\"265\" height=\"33\">Modello<\/td>\n<td class=\"et4\" style=\"width: 91.2865%; height: 20px; padding-left: 40px;\" width=\"455\">Veicolo elettrico ecologico a bassa velocit\u00e0<\/td>\n<\/tr>\n<tr style=\"height: 20pt; padding-left: 40px;\">\n<td class=\"et5\" style=\"height: 20px; width: 36.7213%; padding-left: 40px;\" width=\"265\" height=\"33\">Dimensioni (mm)<\/td>\n<td class=\"et5\" style=\"width: 91.2865%; height: 20px; padding-left: 40px;\" width=\"455\">2400*1245*1619<\/td>\n<\/tr>\n<tr style=\"height: 20pt; padding-left: 40px;\">\n<td class=\"et5\" style=\"height: 20px; width: 36.7213%; padding-left: 40px;\" width=\"265\" height=\"33\">Tipo di corpo<\/td>\n<td class=\"et5\" style=\"width: 91.2865%; height: 20px; padding-left: 40px;\" width=\"455\">corpo integrale<\/td>\n<\/tr>\n<tr style=\"height: 20pt; padding-left: 40px;\">\n<td class=\"et5\" style=\"height: 20px; width: 36.7213%; padding-left: 40px;\" width=\"265\" height=\"33\">Struttura del corpo<\/td>\n<td class=\"et5\" style=\"width: 91.2865%; height: 20px; padding-left: 40px;\" width=\"455\">2 porte e 2 posti<\/td>\n<\/tr>\n<tr style=\"height: 20pt; padding-left: 40px;\">\n<td class=\"et5\" style=\"height: 20px; width: 36.7213%; padding-left: 40px;\" width=\"265\" height=\"33\">motore<\/td>\n<td class=\"et5\" style=\"width: 91.2865%; height: 20px; padding-left: 40px;\" width=\"455\">60V1500W AC<\/td>\n<\/tr>\n<tr style=\"height: 20pt; padding-left: 40px;\">\n<td class=\"et5\" style=\"height: 20px; width: 36.7213%; padding-left: 40px;\" width=\"265\" height=\"33\">Controllatore<\/td>\n<td class=\"et5\" style=\"width: 91.2865%; height: 20px; padding-left: 40px;\" width=\"455\">60V 24 tubi<\/td>\n<\/tr>\n<tr style=\"height: 20pt; padding-left: 40px;\">\n<td class=\"et5\" style=\"height: 20px; width: 36.7213%; padding-left: 40px;\" width=\"265\" height=\"33\">Batteria (kwh)<\/td>\n<td class=\"et5\" style=\"width: 91.2865%; height: 20px; padding-left: 40px;\" width=\"455\">60V80AH<\/td>\n<\/tr>\n<tr style=\"height: 20pt; padding-left: 40px;\">\n<td class=\"et5\" style=\"height: 20px; width: 36.7213%; padding-left: 40px;\" width=\"265\" height=\"33\">Tempo di carica (H)<\/td>\n<td class=\"et5\" style=\"width: 91.2865%; height: 20px; padding-left: 40px;\" width=\"455\">6-8<\/td>\n<\/tr>\n<tr style=\"height: 20pt; padding-left: 40px;\">\n<td class=\"et5\" style=\"height: 20px; width: 36.7213%; padding-left: 40px;\" width=\"265\" height=\"33\">Range per carica\/km<\/td>\n<td class=\"et5\" style=\"width: 91.2865%; height: 20px; padding-left: 40px;\" width=\"455\">\u226590<\/td>\n<\/tr>\n<tr style=\"height: 20pt; padding-left: 40px;\">\n<td class=\"et5\" style=\"height: 20px; width: 36.7213%; padding-left: 40px;\" width=\"265\" height=\"33\">Sospensione anteriore<\/td>\n<td class=\"et5\" style=\"width: 91.2865%; height: 20px; padding-left: 40px;\" width=\"455\">shock idraulico<\/td>\n<\/tr>\n<tr style=\"height: 20pt; padding-left: 40px;\">\n<td class=\"et5\" style=\"height: 20px; width: 36.7213%; padding-left: 40px;\" width=\"265\" height=\"33\">Sospensione posteriore<\/td>\n<td class=\"et5\" style=\"width: 91.2865%; height: 20px; padding-left: 40px;\" width=\"455\">Sospensione drag-arm<\/td>\n<\/tr>\n<tr style=\"height: 20pt; padding-left: 40px;\">\n<td class=\"et5\" style=\"height: 20px; width: 36.7213%; padding-left: 40px;\" width=\"265\" height=\"33\">Pneumatico anteriore\/posteriore<\/td>\n<td class=\"et5\" style=\"width: 91.2865%; height: 20px; padding-left: 40px;\" width=\"455\">Anteriore 120\/70R12<br \/>\nDietro 135\/70R12<\/td>\n<\/tr>\n<tr style=\"height: 20pt; padding-left: 40px;\">\n<td class=\"et5\" style=\"height: 20px; width: 36.7213%; padding-left: 40px;\" width=\"265\" height=\"33\">Bordo<\/td>\n<td class=\"et5\" style=\"width: 91.2865%; height: 20px; padding-left: 40px;\" width=\"455\">Hub in lega di alluminio<\/td>\n<\/tr>\n<tr style=\"height: 20pt; padding-left: 40px;\">\n<td class=\"et5\" style=\"height: 20px; width: 36.7213%; padding-left: 40px;\" width=\"265\" height=\"33\">Sistema frenante<\/td>\n<td class=\"et5\" style=\"width: 91.2865%; height: 20px; padding-left: 40px;\" width=\"455\">anteriore\/posteriore: disco<\/td>\n<\/tr>\n<tr style=\"height: 20pt; padding-left: 40px;\">\n<td class=\"et5\" style=\"height: 20px; width: 36.7213%; padding-left: 40px;\" width=\"265\" height=\"33\">Grado di arrampicata (%)<\/td>\n<td class=\"et5\" style=\"width: 91.2865%; height: 20px; padding-left: 40px;\" width=\"455\">\u226525<\/td>\n<\/tr>\n<tr style=\"height: 20pt; padding-left: 40px;\">\n<td class=\"et5\" style=\"height: 20px; width: 36.7213%; padding-left: 40px;\" width=\"265\" height=\"33\">Velocit\u00e0 massima (km\/h)<\/td>\n<td class=\"et5\" style=\"width: 91.2865%; height: 20px; padding-left: 40px;\" width=\"455\">45 km\/h<\/td>\n<\/tr>\n<tr style=\"height: 20pt; padding-left: 40px;\">\n<td class=\"et5\" style=\"height: 20px; width: 36.7213%; padding-left: 40px;\" width=\"265\" height=\"33\">Modalit\u00e0 sterzo<\/td>\n<td class=\"et5\" style=\"width: 91.2865%; height: 20px; padding-left: 40px;\" width=\"455\">Maniglia centrale<\/td>\n<\/tr>\n<tr style=\"height: 20pt; padding-left: 40px;\">\n<td class=\"et5\" style=\"height: 20px; width: 36.7213%; padding-left: 40px;\" width=\"265\" height=\"33\">Capacit\u00e0 del contenitore<\/td>\n<td class=\"et5\" style=\"width: 91.2865%; height: 20px; padding-left: 40px;\" width=\"455\">9 PCS SKD\/40&#8217; Sede generale<\/td>\n<\/tr>\n<tr style=\"height: 20pt; padding-left: 40px;\">\n<td class=\"et5\" style=\"height: 20px; width: 36.7213%; padding-left: 40px;\" width=\"265\" height=\"33\">Certificato<\/td>\n<td class=\"et5\" style=\"width: 91.2865%; height: 20px; padding-left: 40px;\" width=\"455\">CEE \/ COC \/ L2e-P<\/td>\n<\/tr>\n<tr style=\"height: 20pt; padding-left: 40px;\">\n<td class=\"et5\" style=\"height: 78px; width: 36.7213%; padding-left: 40px;\" rowspan=\"3\" width=\"265\" height=\"100\">Dispositivo funzione<\/td>\n<td class=\"et5\" style=\"width: 91.2865%; height: 26px; padding-left: 40px;\" width=\"455\">Avvio con un pulsante<\/td>\n<\/tr>\n<tr style=\"height: 20pt; padding-left: 40px;\">\n<td class=\"et5\" style=\"width: 91.2865%; height: 26px; padding-left: 40px;\" width=\"455\">Luci a LED<\/td>\n<\/tr>\n<tr style=\"height: 20pt; padding-left: 40px;\">\n<td class=\"et5\" style=\"width: 91.2865%; height: 26px; padding-left: 40px;\" width=\"455\">Camera inversa\/riscaldatore\/finestra elettrica<\/td>\n<\/tr>\n<\/tbody>\n<\/table>\n<hr style=\"padding-left: 40px;\" data-start=\"784\" data-end=\"787\" \/>\n<h2 style=\"padding-left: 40px;\" data-start=\"789\" data-end=\"811\">Descrizione del prodotto<\/h2>\n<h3 style=\"padding-left: 40px;\" data-start=\"813\" data-end=\"835\">Categoria di prodotto<\/h3>\n<p style=\"padding-left: 40px;\" data-start=\"836\" data-end=\"919\">Veicolo elettrico a bassa velocit\u00e0\/auto elettrica urbana\/veicolo elettrico compatto di mobilit\u00e0<\/p>\n<h3 style=\"padding-left: 40px;\" data-start=\"921\" data-end=\"946\">Descrizione del prodotto<\/h3>\n<p style=\"padding-left: 40px;\" data-start=\"948\" data-end=\"1275\">Il <strong data-start=\"952\" data-end=\"995\">Veicolo elettrico ecologico a bassa velocit\u00e0<\/strong> presenta una dimensione complessiva di <strong data-start=\"1029\" data-end=\"1054\">2400 \u00d7 1245 \u00d7 1619 mm<\/strong>, fornendo un'impronta compatta mantenendo comodi posti a sedere per <strong data-start=\"1128\" data-end=\"1144\">2 passeggeri<\/strong>Il veicolo adotta un <strong data-start=\"1168\" data-end=\"1195\">struttura integrale del corpo<\/strong> con <strong data-start=\"1201\" data-end=\"1224\">2 porte e 2 posti a sedere<\/strong>Offrendo maggiore rigidit\u00e0 e stabilit\u00e0 di guida.<\/p>\n<p style=\"padding-left: 40px;\" data-start=\"1277\" data-end=\"1658\">\u00c8 alimentato da un <strong data-start=\"1296\" data-end=\"1318\">Motore AC 60V 1500W<\/strong> accoppiato con un <strong data-start=\"1333\" data-end=\"1359\">Controllatore a 24 tubi 60V<\/strong>garantire una consegna di energia fluida e un utilizzo efficiente dell'energia. Il veicolo \u00e8 dotato di un <strong data-start=\"1457\" data-end=\"1477\">Batteria 60V 80Ah<\/strong>fornire una gamma di guida di <strong data-start=\"1509\" data-end=\"1530\">\u226590 km per carica<\/strong>adatto per i pendolari giornalieri prolungati. Il tempo di ricarica \u00e8 di circa <strong data-start=\"1602\" data-end=\"1615\">6-8 ore<\/strong>, supportando la ricarica notturna conveniente.<\/p>\n<p style=\"padding-left: 40px;\" data-start=\"1277\" data-end=\"1658\"><img fetchpriority=\"high\" decoding=\"async\" class=\"aligncenter wp-image-3561 size-medium\" src=\"https:\/\/www.tairuiauto.com\/wp-content\/uploads\/2025\/09\/IMG_1605_\u526f\u672c-300x180.jpg\" alt=\"\" width=\"300\" height=\"180\" srcset=\"\" sizes=\"(max-width: 300px) 100vw, 300px\" data-srcset=\"\" \/><\/p>\n<p style=\"padding-left: 40px;\" data-start=\"1660\" data-end=\"1995\">Il sistema di sospensione \u00e8 costituito da un <strong data-start=\"1696\" data-end=\"1730\">ammortizzatore idraulico anteriore<\/strong> e una <strong data-start=\"1737\" data-end=\"1765\">sospensione trascinatore posteriore<\/strong>, migliorando efficacemente il comfort di guida e l'adattabilit\u00e0 stradale. La configurazione degli pneumatici include <strong data-start=\"1853\" data-end=\"1878\">Pneumatici anteriori 120\/70R12<\/strong> e <strong data-start=\"1883\" data-end=\"1907\">Pneumatici posteriori 135\/70R12<\/strong>Combinato con <strong data-start=\"1923\" data-end=\"1946\">hub in lega di alluminio<\/strong> per migliorare la durata e ridurre il peso complessivo.<\/p>\n<p style=\"padding-left: 40px;\" data-start=\"1997\" data-end=\"2273\">Per la sicurezza, il veicolo adotta un <strong data-start=\"2030\" data-end=\"2066\">sistema frenante a disco anteriore e posteriore<\/strong>che fornisce prestazioni frenanti affidabili in condizioni di guida urbane. Con un <strong data-start=\"2146\" data-end=\"2174\">capacit\u00e0 di arrampicata di \u226525%<\/strong> e una <strong data-start=\"2181\" data-end=\"2205\">velocit\u00e0 massima di 45 km\/h<\/strong>soddisfa i requisiti delle normative sulla mobilit\u00e0 urbana a bassa velocit\u00e0.<\/p>\n<p style=\"padding-left: 40px;\" data-start=\"2275\" data-end=\"2621\">Lo sterzo \u00e8 gestito attraverso un <strong data-start=\"2306\" data-end=\"2340\">modalit\u00e0 sterzo manubrio medio<\/strong>che offre una manipolazione facile e un controllo preciso. Il veicolo supporta <strong data-start=\"2407\" data-end=\"2423\">Spedizione SKD<\/strong>Con una capacit\u00e0 di contenitore di <strong data-start=\"2454\" data-end=\"2484\">9 unit\u00e0 per contenitore 40HQ<\/strong>ottimizzare l'efficienza dei trasporti internazionali. \u00c8 certificato sotto <strong data-start=\"2560\" data-end=\"2581\">CEE \/ COC \/ L2e-P<\/strong>soddisfare gli standard normativi europei.<\/p>\n<hr style=\"padding-left: 40px;\" data-start=\"2623\" data-end=\"2626\" \/>\n<h2 style=\"padding-left: 40px;\" data-start=\"2628\" data-end=\"2656\">Caratteristiche principali &amp; Vantaggi<\/h2>\n<h3 style=\"padding-left: 40px;\" data-start=\"2658\" data-end=\"2672\">Caratteristiche<\/h3>\n<ul>\n<li style=\"list-style-type: none;\">\n<ul data-start=\"2673\" data-end=\"2878\">\n<li data-start=\"2673\" data-end=\"2721\">\n<p data-start=\"2675\" data-end=\"2721\">Carrozzeria integrale con dimensioni compatte<\/p>\n<\/li>\n<li data-start=\"2722\" data-end=\"2768\">\n<p data-start=\"2724\" data-end=\"2768\">Motore AC 60V 1500W con controller a 24 tubi<\/p>\n<\/li>\n<li data-start=\"2769\" data-end=\"2809\">\n<p data-start=\"2771\" data-end=\"2809\">Lunga autonomia di guida \u226590 km per carica<\/p>\n<\/li>\n<li data-start=\"2810\" data-end=\"2848\">\n<p data-start=\"2812\" data-end=\"2848\">Sistema frenante a disco anteriore e posteriore<\/p>\n<\/li>\n<li data-start=\"2849\" data-end=\"2878\">\n<p data-start=\"2851\" data-end=\"2878\">Nodi di ruote in lega di alluminio<\/p>\n<\/li>\n<\/ul>\n<\/li>\n<\/ul>\n<h3 style=\"padding-left: 40px;\" data-start=\"2880\" data-end=\"2896\">Vantaggi<\/h3>\n<ul>\n<li style=\"list-style-type: none;\">\n<ul data-start=\"2897\" data-end=\"3086\">\n<li data-start=\"2897\" data-end=\"2944\">\n<p data-start=\"2899\" data-end=\"2944\">Funzionamento ecologico ed efficiente energeticamente<\/p>\n<\/li>\n<li data-start=\"2945\" data-end=\"2993\">\n<p data-start=\"2947\" data-end=\"2993\">Prestazioni stabili per le condizioni stradali urbane<\/p>\n<\/li>\n<li data-start=\"2994\" data-end=\"3041\">\n<p data-start=\"2996\" data-end=\"3041\">Sospensione confortevole e frenata affidabile<\/p>\n<\/li>\n<li data-start=\"3042\" data-end=\"3086\">\n<p data-start=\"3044\" data-end=\"3086\">Certificato per la conformit\u00e0 del mercato europeo<\/p>\n<\/li>\n<\/ul>\n<\/li>\n<\/ul>\n<h3 style=\"padding-left: 40px;\" data-start=\"3088\" data-end=\"3108\">Vantaggi per l'acquirente<\/h3>\n<ul>\n<li style=\"list-style-type: none;\">\n<ul data-start=\"3109\" data-end=\"3297\">\n<li data-start=\"3109\" data-end=\"3152\">\n<p data-start=\"3111\" data-end=\"3152\">Costi operativi e di manutenzione inferiori<\/p>\n<\/li>\n<li data-start=\"3153\" data-end=\"3192\">\n<p data-start=\"3155\" data-end=\"3192\">Conformit\u00e0 alle norme CEE\/COC<\/p>\n<\/li>\n<li data-start=\"3193\" data-end=\"3240\">\n<p data-start=\"3195\" data-end=\"3240\">Caricamento efficiente dei contenitori per l'esportazione in massa<\/p>\n<\/li>\n<li data-start=\"3241\" data-end=\"3297\">\n<p data-start=\"3243\" data-end=\"3297\">Ideale per la mobilit\u00e0 urbana e i pendolari a breve distanza<\/p>\n<\/li>\n<\/ul>\n<\/li>\n<\/ul>\n<h3 style=\"padding-left: 40px;\" data-start=\"3299\" data-end=\"3313\">Prova<\/h3>\n<ul>\n<li style=\"list-style-type: none;\">\n<ul data-start=\"3314\" data-end=\"3441\">\n<li data-start=\"3314\" data-end=\"3355\">\n<p data-start=\"3316\" data-end=\"3355\">Configurazione motore AC e controller<\/p>\n<\/li>\n<li data-start=\"3356\" data-end=\"3401\">\n<p data-start=\"3358\" data-end=\"3401\">Disposizione collaudata di sospensione e sistema frenante<\/p>\n<\/li>\n<li data-start=\"3402\" data-end=\"3441\">\n<p data-start=\"3404\" data-end=\"3441\">Supporto alla certificazione internazionale<\/p>\n<\/li>\n<\/ul>\n<\/li>\n<\/ul>\n<hr style=\"padding-left: 40px;\" data-start=\"3443\" data-end=\"3446\" \/>\n<h2 style=\"padding-left: 40px;\" data-start=\"3448\" data-end=\"3472\">Scenari di applicazione<\/h2>\n<ul>\n<li style=\"list-style-type: none;\">\n<ul data-start=\"3474\" data-end=\"3658\">\n<li data-start=\"3474\" data-end=\"3508\">\n<p data-start=\"3476\" data-end=\"3508\">Trasferimenti urbani a breve distanza<\/p>\n<\/li>\n<li data-start=\"3509\" data-end=\"3549\">\n<p data-start=\"3511\" data-end=\"3549\">Trasporti comunitari residenziali<\/p>\n<\/li>\n<li data-start=\"3550\" data-end=\"3573\">\n<p data-start=\"3552\" data-end=\"3573\">Mobilit\u00e0 urbana quotidiana<\/p>\n<\/li>\n<li data-start=\"3574\" data-end=\"3610\">\n<p data-start=\"3576\" data-end=\"3610\">Uso commerciale e di servizio leggero<\/p>\n<\/li>\n<li data-start=\"3611\" data-end=\"3658\">\n<p data-start=\"3613\" data-end=\"3658\">Progetti di trasporto ecologici<\/p>\n<\/li>\n<\/ul>\n<\/li>\n<\/ul>\n<hr style=\"padding-left: 40px;\" data-start=\"3660\" data-end=\"3663\" \/>\n<h2 style=\"padding-left: 40px;\" data-start=\"3665\" data-end=\"3723\">Perch\u00e9 scegliere questo veicolo elettrico ecologico a bassa velocit\u00e0<\/h2>\n<p style=\"padding-left: 40px;\" data-start=\"3725\" data-end=\"3974\">Questo modello offre un eccellente equilibrio tra dimensioni compatte, lunga portata e configurazione pronta per la conformit\u00e0. Il suo corpo integrato, il suo sistema elettrico efficiente e il suo design incentrato sulla sicurezza lo rendono una soluzione affidabile per i mercati del trasporto urbano a bassa velocit\u00e0.<\/p>\n<hr style=\"padding-left: 40px;\" data-start=\"3976\" data-end=\"3979\" \/>\n<h2 style=\"padding-left: 40px;\" data-start=\"3981\" data-end=\"4004\">Imballaggio &amp; Consegna<\/h2>\n<ul>\n<li style=\"list-style-type: none;\">\n<ul data-start=\"4006\" data-end=\"4166\">\n<li data-start=\"4006\" data-end=\"4046\">\n<p data-start=\"4008\" data-end=\"4046\"><strong data-start=\"4008\" data-end=\"4026\">Certificazione:<\/strong> CEE \/ COC \/ L2e-P<\/p>\n<\/li>\n<li data-start=\"4047\" data-end=\"4091\">\n<p data-start=\"4049\" data-end=\"4091\"><strong data-start=\"4049\" data-end=\"4072\">Capacit\u00e0 del contenitore:<\/strong> 9 PCS SKD \/ 40HQ<\/p>\n<\/li>\n<li data-start=\"4092\" data-end=\"4139\">\n<p data-start=\"4094\" data-end=\"4139\"><strong data-start=\"4094\" data-end=\"4113\">Metodo di imballaggio:<\/strong> Imballaggio standard di esportazione<\/p>\n<\/li>\n<li data-start=\"4140\" data-end=\"4166\">\n<p data-start=\"4142\" data-end=\"4166\"><strong data-start=\"4142\" data-end=\"4160\">Modulo di consegna:<\/strong> SKD<\/p>\n<\/li>\n<\/ul>\n<\/li>\n<\/ul>\n<hr style=\"padding-left: 40px;\" data-start=\"4168\" data-end=\"4171\" \/>\n<h2 style=\"padding-left: 40px;\" data-start=\"4173\" data-end=\"4179\">Domande frequenti<\/h2>\n<p style=\"padding-left: 40px;\" data-start=\"4181\" data-end=\"4328\"><strong data-start=\"4181\" data-end=\"4234\">Q1: Qual \u00e8 il raggio massimo di guida per carica?<\/strong><br data-start=\"4234\" data-end=\"4237\" \/>Il veicolo offre una portata di <strong data-start=\"4275\" data-end=\"4285\">\u226590 km<\/strong>a seconda del carico e delle condizioni di guida.<\/p>\n<p style=\"padding-left: 40px;\" data-start=\"4330\" data-end=\"4462\"><strong data-start=\"4330\" data-end=\"4377\">Q2: Che tipo di motore utilizza questo modello?<\/strong><br data-start=\"4377\" data-end=\"4380\" \/>\u00c8 dotato di un <strong data-start=\"4402\" data-end=\"4424\">Motore AC 60V 1500W<\/strong> per prestazioni stabili ed efficienti.<\/p>\n<p style=\"padding-left: 40px;\" data-start=\"4464\" data-end=\"4611\"><strong data-start=\"4464\" data-end=\"4518\">Q3: Questo veicolo \u00e8 adatto per i mercati europei?<\/strong><br data-start=\"4518\" data-end=\"4521\" \/>- S\u00ec. - S\u00ec. \u00c8 certificato con <strong data-start=\"4547\" data-end=\"4568\">CEE \/ COC \/ L2e-P<\/strong>soddisfare i requisiti normativi europei.<\/p>\n<p style=\"padding-left: 40px;\" data-start=\"4613\" data-end=\"4766\"><strong data-start=\"4613\" data-end=\"4655\">Q4: Quali caratteristiche di sicurezza sono incluse?<\/strong><br data-start=\"4655\" data-end=\"4658\" \/>Caratteristiche del veicolo <strong data-start=\"4679\" data-end=\"4709\">freni a disco anteriori e posteriori<\/strong>, sospensione idraulica, luci a LED, e una telecamera inversa.<\/p>\n<p style=\"padding-left: 40px;\" data-start=\"4768\" data-end=\"4873\"><strong data-start=\"4768\" data-end=\"4803\">Q5: Come viene spedito il veicolo?<\/strong><br data-start=\"4803\" data-end=\"4806\" \/>\u00c8 spedito in <strong data-start=\"4823\" data-end=\"4835\">Modulo SKD<\/strong>, con <strong data-start=\"4842\" data-end=\"4872\">9 unit\u00e0 per contenitore 40HQ<\/strong>.<\/p>","protected":false},"excerpt":{"rendered":"<p>Il <strong data-start=\"123\" data-end=\"166\">Veicolo elettrico ecologico a bassa velocit\u00e0<\/strong> \u00e8 un veicolo elettrico compatto ed efficiente in termini energetici progettato per il trasporto urbano a breve distanza. Con una struttura carrozzeria completamente integrata, un sistema di alimentazione elettrica affidabile e una configurazione di sicurezza migliorata, offre una soluzione di mobilit\u00e0 pratica per i pendolari in citt\u00e0 e l'uso quotidiano leggero.<\/p>","protected":false},"featured_media":5377,"comment_status":"open","ping_status":"closed","template":"","meta":[],"product_brand":[],"product_cat":[78],"product_tag":[],"class_list":{"0":"post-3549","1":"product","2":"type-product","3":"status-publish","4":"has-post-thumbnail","6":"product_cat-electric-tricycle","8":"first","9":"instock","10":"shipping-taxable","11":"purchasable","12":"product-type-simple"},"_links":{"self":[{"href":"https:\/\/www.tairuiauto.com\/it\/wp-json\/wp\/v2\/product\/3549","targetHints":{"allow":["GET"]}}],"collection":[{"href":"https:\/\/www.tairuiauto.com\/it\/wp-json\/wp\/v2\/product"}],"about":[{"href":"https:\/\/www.tairuiauto.com\/it\/wp-json\/wp\/v2\/types\/product"}],"replies":[{"embeddable":true,"href":"https:\/\/www.tairuiauto.com\/it\/wp-json\/wp\/v2\/comments?post=3549"}],"wp:featuredmedia":[{"embeddable":true,"href":"https:\/\/www.tairuiauto.com\/it\/wp-json\/wp\/v2\/media\/5377"}],"wp:attachment":[{"href":"https:\/\/www.tairuiauto.com\/it\/wp-json\/wp\/v2\/media?parent=3549"}],"wp:term":[{"taxonomy":"product_brand","embeddable":true,"href":"https:\/\/www.tairuiauto.com\/it\/wp-json\/wp\/v2\/product_brand?post=3549"},{"taxonomy":"product_cat","embeddable":true,"href":"https:\/\/www.tairuiauto.com\/it\/wp-json\/wp\/v2\/product_cat?post=3549"},{"taxonomy":"product_tag","embeddable":true,"href":"https:\/\/www.tairuiauto.com\/it\/wp-json\/wp\/v2\/product_tag?post=3549"}],"curies":[{"name":"WP","href":"https:\/\/api.w.org\/{rel}","templated":true}]}}