{"id":3565,"date":"2025-09-06T08:22:06","date_gmt":"2025-09-06T00:22:06","guid":{"rendered":"https:\/\/www.tairuiauto.com\/?post_type=product&#038;p=3565"},"modified":"2025-09-06T08:39:58","modified_gmt":"2025-09-06T00:39:58","slug":"electric-passenger-trike","status":"publish","type":"product","link":"https:\/\/www.tairuiauto.com\/it\/product\/electric-passenger-trike\/","title":{"rendered":"trike passeggeri elettrico"},"content":{"rendered":"<h2 data-start=\"256\" data-end=\"280\">Descrizione del prodotto<\/h2>\n<p data-start=\"843\" data-end=\"1249\">Questo <strong data-start=\"848\" data-end=\"876\">trike passeggeri elettrico<\/strong> enfatizza la stabilit\u00e0 con <strong data-start=\"903\" data-end=\"933\">freni a disco anteriori e posteriori<\/strong>, ammortizzazione idraulica e hub in lega di alluminio. Funzioni intelligenti moderne come <strong data-start=\"1018\" data-end=\"1096\">avvio a un pulsante, luci a LED, telecamera inversa, riscaldamento e finestre elettriche<\/strong> migliorare la comodit\u00e0, garantendo che l'A801 sia pi\u00f9 di un semplice <strong data-start=\"1168\" data-end=\"1193\">veicolo elettrico citt\u00e0<\/strong>Si tratta di una soluzione di mobilit\u00e0 confortevole e affidabile.<\/p>\n<table style=\"border-collapse: collapse; width: 82.7865%; height: 634px;\" border=\"0\" width=\"720\" cellspacing=\"0\" cellpadding=\"0\">\n<tbody>\n<tr style=\"height: 20.00pt;\">\n<td class=\"et4\" style=\"height: 20.00pt; width: 159.05pt;\" width=\"265\" height=\"33\">Modello<\/td>\n<td class=\"et4\" style=\"width: 273.40pt;\" width=\"455\">A801<\/td>\n<\/tr>\n<tr style=\"height: 20.00pt;\">\n<td class=\"et5\" style=\"height: 20.00pt; width: 159.05pt;\" width=\"265\" height=\"33\">Dimensioni (mm)<\/td>\n<td class=\"et5\" style=\"width: 273.40pt;\" width=\"455\">2400*1245*1619<\/td>\n<\/tr>\n<tr style=\"height: 20.00pt;\">\n<td class=\"et5\" style=\"height: 20.00pt; width: 159.05pt;\" width=\"265\" height=\"33\">Tipo di corpo<\/td>\n<td class=\"et5\" style=\"width: 273.40pt;\" width=\"455\">corpo integrale<\/td>\n<\/tr>\n<tr style=\"height: 20.00pt;\">\n<td class=\"et5\" style=\"height: 20.00pt; width: 159.05pt;\" width=\"265\" height=\"33\">Struttura del corpo<\/td>\n<td class=\"et5\" style=\"width: 273.40pt;\" width=\"455\">2 porte e 2 posti<\/td>\n<\/tr>\n<tr style=\"height: 20.00pt;\">\n<td class=\"et5\" style=\"height: 20.00pt; width: 159.05pt;\" width=\"265\" height=\"33\">motore<\/td>\n<td class=\"et5\" style=\"width: 273.40pt;\" width=\"455\">60V1500W DC<\/td>\n<\/tr>\n<tr style=\"height: 20.00pt;\">\n<td class=\"et5\" style=\"height: 20.00pt; width: 159.05pt;\" width=\"265\" height=\"33\">Controllatore<\/td>\n<td class=\"et5\" style=\"width: 273.40pt;\" width=\"455\">60V 24 tubi<\/td>\n<\/tr>\n<tr style=\"height: 20.00pt;\">\n<td class=\"et5\" style=\"height: 20.00pt; width: 159.05pt;\" width=\"265\" height=\"33\">Batteria (kwh)<\/td>\n<td class=\"et5\" style=\"width: 273.40pt;\" width=\"455\">60V80AH<\/td>\n<\/tr>\n<tr style=\"height: 20.00pt;\">\n<td class=\"et5\" style=\"height: 20.00pt; width: 159.05pt;\" width=\"265\" height=\"33\">Tempo di carica (H)<\/td>\n<td class=\"et5\" style=\"width: 273.40pt;\" width=\"455\">6-8<\/td>\n<\/tr>\n<tr style=\"height: 20.00pt;\">\n<td class=\"et5\" style=\"height: 20.00pt; width: 159.05pt;\" width=\"265\" height=\"33\">Range per carica\/km<\/td>\n<td class=\"et5\" style=\"width: 273.40pt;\" width=\"455\">\u226590<\/td>\n<\/tr>\n<tr style=\"height: 20.00pt;\">\n<td class=\"et5\" style=\"height: 20.00pt; width: 159.05pt;\" width=\"265\" height=\"33\">Sospensione anteriore<\/td>\n<td class=\"et5\" style=\"width: 273.40pt;\" width=\"455\">shock idraulico<\/td>\n<\/tr>\n<tr style=\"height: 20.00pt;\">\n<td class=\"et5\" style=\"height: 20.00pt; width: 159.05pt;\" width=\"265\" height=\"33\">Sospensione posteriore<\/td>\n<td class=\"et5\" style=\"width: 273.40pt;\" width=\"455\">Sospensione drag-arm<\/td>\n<\/tr>\n<tr style=\"height: 20.00pt;\">\n<td class=\"et5\" style=\"height: 20.00pt; width: 159.05pt;\" width=\"265\" height=\"33\">Pneumatico anteriore\/posteriore<\/td>\n<td class=\"et5\" style=\"width: 273.40pt;\" width=\"455\">Anteriore 120\/70R12<br \/>\nDietro 135\/70R12<\/td>\n<\/tr>\n<tr style=\"height: 20.00pt;\">\n<td class=\"et5\" style=\"height: 20.00pt; width: 159.05pt;\" width=\"265\" height=\"33\">Bordo<\/td>\n<td class=\"et5\" style=\"width: 273.40pt;\" width=\"455\">Hub in lega di alluminio<\/td>\n<\/tr>\n<tr style=\"height: 20.00pt;\">\n<td class=\"et5\" style=\"height: 20.00pt; width: 159.05pt;\" width=\"265\" height=\"33\">Sistema frenante<\/td>\n<td class=\"et5\" style=\"width: 273.40pt;\" width=\"455\">anteriore\/posteriore: disco<\/td>\n<\/tr>\n<tr style=\"height: 20.00pt;\">\n<td class=\"et5\" style=\"height: 20.00pt; width: 159.05pt;\" width=\"265\" height=\"33\">Grado di arrampicata (%)<\/td>\n<td class=\"et5\" style=\"width: 273.40pt;\" width=\"455\">\u226425<\/td>\n<\/tr>\n<tr style=\"height: 20.00pt;\">\n<td class=\"et5\" style=\"height: 20.00pt; width: 159.05pt;\" width=\"265\" height=\"33\">Velocit\u00e0 massima (km\/h)<\/td>\n<td class=\"et5\" style=\"width: 273.40pt;\" width=\"455\">25 km\/h<\/td>\n<\/tr>\n<tr style=\"height: 20.00pt;\">\n<td class=\"et5\" style=\"height: 20.00pt; width: 159.05pt;\" width=\"265\" height=\"33\">Modalit\u00e0 sterzo<\/td>\n<td class=\"et5\" style=\"width: 273.40pt;\" width=\"455\">Maniglia centrale<\/td>\n<\/tr>\n<tr style=\"height: 20.00pt;\">\n<td class=\"et5\" style=\"height: 20.00pt; width: 159.05pt;\" width=\"265\" height=\"33\">Capacit\u00e0 del contenitore<\/td>\n<td class=\"et5\" style=\"width: 273.40pt;\" width=\"455\">9 PCS SKD\/40&#8217; Sede generale<\/td>\n<\/tr>\n<tr style=\"height: 20.00pt;\">\n<td class=\"et5\" style=\"height: 20.00pt; width: 159.05pt;\" width=\"265\" height=\"33\">Certificato<\/td>\n<td class=\"et5\" style=\"width: 273.40pt;\" width=\"455\">CEE \/ COC \/ L2e-P<\/td>\n<\/tr>\n<tr style=\"height: 20.00pt;\">\n<td class=\"et5\" style=\"height: 60.00pt; width: 159.05pt;\" rowspan=\"3\" width=\"265\" height=\"100\">Dispositivo funzione<\/td>\n<td class=\"et5\" style=\"width: 273.40pt;\" width=\"455\">Avvio con un pulsante<\/td>\n<\/tr>\n<tr style=\"height: 20.00pt;\">\n<td class=\"et5\" style=\"width: 273.40pt;\" width=\"455\">Luci a LED<\/td>\n<\/tr>\n<tr style=\"height: 20.00pt;\">\n<td class=\"et5\" style=\"width: 273.40pt;\" width=\"455\">Camera inversa\/riscaldatore\/finestra elettrica<\/td>\n<\/tr>\n<\/tbody>\n<\/table>\n<hr data-start=\"1251\" data-end=\"1254\" \/>\n<h2 data-start=\"1256\" data-end=\"1299\">Caratteristiche &amp; Vantaggi (punti di vendita)<\/h2>\n<ol data-start=\"1301\" data-end=\"2234\">\n<li data-start=\"1301\" data-end=\"1505\">\n<p data-start=\"1304\" data-end=\"1505\"><strong data-start=\"1304\" data-end=\"1328\">Range giornaliero affidabile<\/strong><br data-start=\"1328\" data-end=\"1331\" \/>Il triciclo elettrico A801 raggiunge un <strong data-start=\"1369\" data-end=\"1396\">\u226590 km di autonomia per carica<\/strong>rendendolo affidabile <strong data-start=\"1421\" data-end=\"1442\">navetta urbana EV<\/strong> per viaggi di shopping, incarichi di famiglia e viaggi di quartiere.<\/p>\n<\/li>\n<li data-start=\"1507\" data-end=\"1755\">\n<p data-start=\"1510\" data-end=\"1755\"><strong data-start=\"1510\" data-end=\"1543\">Potenza e efficienza equilibrate<\/strong><br data-start=\"1543\" data-end=\"1546\" \/>Alimentato da un <strong data-start=\"1559\" data-end=\"1577\">motore a corrente continua 1500W<\/strong> con un <strong data-start=\"1585\" data-end=\"1611\">Controllatore a 24 tubi 60V<\/strong>L'A801 garantisce un'accelerazione costante ed efficienza energetica, posizionandolo come un <strong data-start=\"1702\" data-end=\"1730\">auto elettrica a tre ruote<\/strong> guida in citt\u00e0 sicura.<\/p>\n<\/li>\n<li data-start=\"1757\" data-end=\"1993\">\n<p data-start=\"1760\" data-end=\"1993\"><strong data-start=\"1760\" data-end=\"1787\">Design orientato al comfort<\/strong><br data-start=\"1787\" data-end=\"1790\" \/>Il <strong data-start=\"1794\" data-end=\"1845\">riscaldamento, finestre elettriche e sedili ergonomici<\/strong> fornire una guida confortevole, rendendo l'A801 non solo funzionale ma anche un <strong data-start=\"1921\" data-end=\"1958\">trike elettrico amichevole per i passeggeri<\/strong> Adatto per anziani e famiglie.<\/p>\n<\/li>\n<li data-start=\"1995\" data-end=\"2234\">\n<p data-start=\"1998\" data-end=\"2234\"><strong data-start=\"1998\" data-end=\"2026\">Caratteristiche di sicurezza migliorate<\/strong><br data-start=\"2026\" data-end=\"2029\" \/>Con <strong data-start=\"2034\" data-end=\"2116\">freni a disco anteriori e posteriori, sospensione idraulica e sospensione posteriore a braccio trascinatore<\/strong>Il triciclo elettrico A801 garantisce una maneggevolezza e stabilit\u00e0 sicure, rendendolo un <strong data-start=\"2206\" data-end=\"2231\">veicolo elettrico citt\u00e0<\/strong>.<\/p>\n<\/li>\n<\/ol>\n<hr data-start=\"2236\" data-end=\"2239\" \/>\n<h2 data-start=\"2241\" data-end=\"2271\">Vantaggi differenziati<\/h2>\n<ol data-start=\"2273\" data-end=\"3041\">\n<li data-start=\"2273\" data-end=\"2452\">\n<p data-start=\"2276\" data-end=\"2452\"><strong data-start=\"2276\" data-end=\"2305\">Compatto e user-friendly<\/strong><br data-start=\"2305\" data-end=\"2308\" \/>A differenza dei veicoli elettrici pi\u00f9 grandi, l'A801 \u00e8 progettato per essere <strong data-start=\"2354\" data-end=\"2380\">compatto ma funzionale<\/strong>ideale per gli anziani e per chi naviga nelle strette strade urbane.<\/p>\n<\/li>\n<li data-start=\"2454\" data-end=\"2635\">\n<p data-start=\"2457\" data-end=\"2635\"><strong data-start=\"2457\" data-end=\"2479\">Sicurezza prioritaria<\/strong><br data-start=\"2479\" data-end=\"2482\" \/>Dotato di <strong data-start=\"2496\" data-end=\"2526\">frenata a disco su entrambi gli assi<\/strong> e <strong data-start=\"2531\" data-end=\"2556\">hub in lega rinforzata<\/strong>L\u2019A801 supera molti trik elettrici a basso costo in termini di sicurezza stradale.<\/p>\n<\/li>\n<li data-start=\"2637\" data-end=\"2831\">\n<p data-start=\"2640\" data-end=\"2831\"><strong data-start=\"2640\" data-end=\"2675\">Soluzione di trasporto ecologica<\/strong><br data-start=\"2675\" data-end=\"2678\" \/>Come un <strong data-start=\"2683\" data-end=\"2729\">veicolo elettrico a tre ruote a emissioni zero<\/strong>L\u2019A801 contribuisce al trasporto sostenibile riducendo al contempo i costi di carburante e manutenzione a lungo termine.<\/p>\n<\/li>\n<li data-start=\"2833\" data-end=\"3041\">\n<p data-start=\"2836\" data-end=\"3041\"><strong data-start=\"2836\" data-end=\"2874\">Certificato a livello globale per l'affidabilit\u00e0<\/strong><br data-start=\"2874\" data-end=\"2877\" \/>Certificato con <strong data-start=\"2892\" data-end=\"2915\">CEE, COC e L2e-P<\/strong>Il triciclo elettrico A801 soddisfa gli standard internazionali di qualit\u00e0, rendendolo adatto sia ai mercati nazionali che all'esportazione.<\/p>\n<\/li>\n<\/ol>\n<p><img fetchpriority=\"high\" decoding=\"async\" class=\"size-medium wp-image-3572 aligncenter\" src=\"https:\/\/www.tairuiauto.com\/wp-content\/uploads\/2025\/09\/8-1-300x225.jpg\" alt=\"\" width=\"300\" height=\"225\" srcset=\"\" sizes=\"(max-width: 300px) 100vw, 300px\" data-srcset=\"\" \/><\/p>\n<hr data-start=\"3043\" data-end=\"3046\" \/>\n<h2 data-start=\"3048\" data-end=\"3075\">Specifiche del prodotto<\/h2>\n<ul data-start=\"3077\" data-end=\"3862\">\n<li data-start=\"3077\" data-end=\"3096\">\n<p data-start=\"3079\" data-end=\"3096\"><strong data-start=\"3079\" data-end=\"3089\">Modello:<\/strong> A801<\/p>\n<\/li>\n<li data-start=\"3097\" data-end=\"3138\">\n<p data-start=\"3099\" data-end=\"3138\"><strong data-start=\"3099\" data-end=\"3114\">Dimensioni:<\/strong> 2400 \u00d7 1245 \u00d7 1619 mm<\/p>\n<\/li>\n<li data-start=\"3139\" data-end=\"3171\">\n<p data-start=\"3141\" data-end=\"3171\"><strong data-start=\"3141\" data-end=\"3155\">Tipo di corpo:<\/strong> Corpo integrale<\/p>\n<\/li>\n<li data-start=\"3172\" data-end=\"3212\">\n<p data-start=\"3174\" data-end=\"3212\"><strong data-start=\"3174\" data-end=\"3193\">Struttura del corpo:<\/strong> 2 porte, 2 posti a sedere<\/p>\n<\/li>\n<li data-start=\"3213\" data-end=\"3240\">\n<p data-start=\"3215\" data-end=\"3240\"><strong data-start=\"3215\" data-end=\"3225\">Motore:<\/strong> 60V 1500W DC<\/p>\n<\/li>\n<li data-start=\"3241\" data-end=\"3273\">\n<p data-start=\"3243\" data-end=\"3273\"><strong data-start=\"3243\" data-end=\"3258\">Controllatore:<\/strong> 60 V 24 tubi<\/p>\n<\/li>\n<li data-start=\"3274\" data-end=\"3299\">\n<p data-start=\"3276\" data-end=\"3299\"><strong data-start=\"3276\" data-end=\"3288\">Batteria:<\/strong> 60 V 80 Ah<\/p>\n<\/li>\n<li data-start=\"3300\" data-end=\"3332\">\n<p data-start=\"3302\" data-end=\"3332\"><strong data-start=\"3302\" data-end=\"3320\">Tempo di carica:<\/strong> 6-8 ore<\/p>\n<\/li>\n<li data-start=\"3333\" data-end=\"3365\">\n<p data-start=\"3335\" data-end=\"3365\"><strong data-start=\"3335\" data-end=\"3356\">Gamma per carica:<\/strong> \u226590 km<\/p>\n<\/li>\n<li data-start=\"3366\" data-end=\"3392\">\n<p data-start=\"3368\" data-end=\"3392\"><strong data-start=\"3368\" data-end=\"3382\">Velocit\u00e0 massima:<\/strong> 25 km\/h<\/p>\n<\/li>\n<li data-start=\"3393\" data-end=\"3423\">\n<p data-start=\"3395\" data-end=\"3423\"><strong data-start=\"3395\" data-end=\"3416\">Abilit\u00e0 di arrampicata:<\/strong> \u226525%<\/p>\n<\/li>\n<li data-start=\"3424\" data-end=\"3467\">\n<p data-start=\"3426\" data-end=\"3467\"><strong data-start=\"3426\" data-end=\"3447\">Sospensione anteriore:<\/strong> Shock idraulico<\/p>\n<\/li>\n<li data-start=\"3468\" data-end=\"3512\">\n<p data-start=\"3470\" data-end=\"3512\"><strong data-start=\"3470\" data-end=\"3490\">Sospensione posteriore:<\/strong> Sospensione drag-arm<\/p>\n<\/li>\n<li data-start=\"3513\" data-end=\"3571\">\n<p data-start=\"3515\" data-end=\"3571\"><strong data-start=\"3515\" data-end=\"3536\">Pneumatici anteriori\/posteriori:<\/strong> Anteriore 120\/70R12 \/ Dietro 135\/70R12<\/p>\n<\/li>\n<li data-start=\"3572\" data-end=\"3603\">\n<p data-start=\"3574\" data-end=\"3603\"><strong data-start=\"3574\" data-end=\"3582\">Bordo:<\/strong> Node in lega di alluminio<\/p>\n<\/li>\n<li data-start=\"3604\" data-end=\"3643\">\n<p data-start=\"3606\" data-end=\"3643\"><strong data-start=\"3606\" data-end=\"3623\">Sistema frenante:<\/strong> Frontale &amp; disco posteriore<\/p>\n<\/li>\n<li data-start=\"3644\" data-end=\"3683\">\n<p data-start=\"3646\" data-end=\"3683\"><strong data-start=\"3646\" data-end=\"3664\">Modalit\u00e0 di sterzo:<\/strong> Manubrio medio<\/p>\n<\/li>\n<li data-start=\"3684\" data-end=\"3727\">\n<p data-start=\"3686\" data-end=\"3727\"><strong data-start=\"3686\" data-end=\"3709\">Capacit\u00e0 del contenitore:<\/strong> 9 PCS SKD\/40&#8217; Sede generale<\/p>\n<\/li>\n<li data-start=\"3728\" data-end=\"3766\">\n<p data-start=\"3730\" data-end=\"3766\"><strong data-start=\"3730\" data-end=\"3746\">Certificazione:<\/strong> CEE \/ COC \/ L2e-P<\/p>\n<\/li>\n<li data-start=\"3767\" data-end=\"3862\">\n<p data-start=\"3769\" data-end=\"3862\"><strong data-start=\"3769\" data-end=\"3790\">Dispositivi di funzione:<\/strong> Avvio a un pulsante, luci a LED, fotocamera retro, riscaldamento, finestra elettrica<\/p>\n<\/li>\n<\/ul>\n<hr data-start=\"3864\" data-end=\"3867\" \/>\n<h2 data-start=\"3869\" data-end=\"3883\">Materiali<\/h2>\n<ul data-start=\"3884\" data-end=\"4013\">\n<li data-start=\"3884\" data-end=\"3921\">\n<p data-start=\"3886\" data-end=\"3921\">Corpo integrale in acciaio ad alta resistenza<\/p>\n<\/li>\n<li data-start=\"3922\" data-end=\"3961\">\n<p data-start=\"3924\" data-end=\"3961\">Cerchi leggeri in lega di alluminio<\/p>\n<\/li>\n<li data-start=\"3962\" data-end=\"4013\">\n<p data-start=\"3964\" data-end=\"4013\">Vetro di qualit\u00e0 automobilistica e finitura di plastica durevole<\/p>\n<\/li>\n<\/ul>\n<hr data-start=\"4015\" data-end=\"4018\" \/>\n<h2 data-start=\"4020\" data-end=\"4035\">Aspetto<\/h2>\n<p data-start=\"4036\" data-end=\"4157\">Compatto, elegante e moderno con opzioni di vernice esterna personalizzabili per soddisfare le esigenze del marchio personale o aziendale.<\/p>\n<hr data-start=\"4159\" data-end=\"4162\" \/>\n<h2 data-start=\"4164\" data-end=\"4175\">Progettazione<\/h2>\n<p data-start=\"4176\" data-end=\"4314\">Minimalista ed ergonomica con un layout interno a 2 posti, porte di ingresso facili e un sistema di controllo facile da usare progettato per i conducenti urbani.<\/p>\n<hr data-start=\"4316\" data-end=\"4319\" \/>\n<h2 data-start=\"4321\" data-end=\"4351\">Opzioni di personalizzazione OEM<\/h2>\n<ul data-start=\"4352\" data-end=\"4526\">\n<li data-start=\"4352\" data-end=\"4391\">\n<p data-start=\"4354\" data-end=\"4391\">Colori esterni e decals di marchio<\/p>\n<\/li>\n<li data-start=\"4392\" data-end=\"4437\">\n<p data-start=\"4394\" data-end=\"4437\">Materiali dei sedili e aggiornamenti degli interni<\/p>\n<\/li>\n<li data-start=\"4438\" data-end=\"4474\">\n<p data-start=\"4440\" data-end=\"4474\">Opzioni di imballaggio e esportazione OEM<\/p>\n<\/li>\n<li data-start=\"4475\" data-end=\"4526\">\n<p data-start=\"4477\" data-end=\"4526\">Personalizzazione della flotta con logo per i distributori<\/p>\n<\/li>\n<\/ul>\n<hr data-start=\"4528\" data-end=\"4531\" \/>\n<h2 data-start=\"4533\" data-end=\"4553\">Controllo qualit\u00e0<\/h2>\n<h3 data-start=\"4555\" data-end=\"4579\">Processo di produzione<\/h3>\n<p data-start=\"4580\" data-end=\"4713\">Ogni triciccolo elettrico A801 viene ispezionato durante il montaggio, testato per le prestazioni della batteria e sottoposto a prove di frenatura e carico.<\/p>\n<h3 data-start=\"4715\" data-end=\"4739\">Impegno Qualit\u00e0<\/h3>\n<p data-start=\"4740\" data-end=\"4834\">Garantiamo una qualit\u00e0 del prodotto costante, con ogni unit\u00e0 testata per la conformit\u00e0 prima della consegna.<\/p>\n<h3 data-start=\"4836\" data-end=\"4863\">Certificazione del prodotto<\/h3>\n<p data-start=\"4864\" data-end=\"4949\">Certificato con <strong data-start=\"4879\" data-end=\"4902\">CEE, COC e L2e-P<\/strong>che lo rende adatto alla distribuzione globale.<\/p>\n<hr data-start=\"4951\" data-end=\"4954\" \/>\n<h2 data-start=\"4956\" data-end=\"4980\">Supporto post-vendita<\/h2>\n<ul data-start=\"4982\" data-end=\"5264\">\n<li data-start=\"4982\" data-end=\"5047\">\n<p data-start=\"4984\" data-end=\"5047\"><strong data-start=\"4984\" data-end=\"5014\">Installazione &amp; Regolazione:<\/strong> Manuali di istruzione forniti<\/p>\n<\/li>\n<li data-start=\"5048\" data-end=\"5106\">\n<p data-start=\"5050\" data-end=\"5106\"><strong data-start=\"5050\" data-end=\"5063\">Formazione:<\/strong> Offerto per gli acquirenti all'ingrosso e progetti<\/p>\n<\/li>\n<li data-start=\"5107\" data-end=\"5180\">\n<p data-start=\"5109\" data-end=\"5180\"><strong data-start=\"5109\" data-end=\"5133\">Servizio post-vendita:<\/strong> Rete di supporto tecnico per clienti globali<\/p>\n<\/li>\n<li data-start=\"5181\" data-end=\"5264\">\n<p data-start=\"5183\" data-end=\"5264\"><strong data-start=\"5183\" data-end=\"5213\">Manutenzione &amp; Pezzi di ricambio:<\/strong> Catena di fornitura a lungo termine per ricambi e componenti<\/p>\n<\/li>\n<\/ul>\n<hr data-start=\"5266\" data-end=\"5269\" \/>\n<h2 data-start=\"5271\" data-end=\"5288\">Applicazioni<\/h2>\n<ul data-start=\"5289\" data-end=\"5460\">\n<li data-start=\"5289\" data-end=\"5329\">\n<p data-start=\"5291\" data-end=\"5329\">Trasporti per anziani o anziani<\/p>\n<\/li>\n<li data-start=\"5330\" data-end=\"5365\">\n<p data-start=\"5332\" data-end=\"5365\">Viaggi familiari a breve distanza<\/p>\n<\/li>\n<li data-start=\"5366\" data-end=\"5417\">\n<p data-start=\"5368\" data-end=\"5417\">Navetta turistica nelle comunit\u00e0 o nei parchi<\/p>\n<\/li>\n<li data-start=\"5418\" data-end=\"5460\">\n<p data-start=\"5420\" data-end=\"5460\">Servizio taxi di quartiere ecologico<\/p>\n<\/li>\n<\/ul>\n<hr data-start=\"5462\" data-end=\"5465\" \/>\n<h2 data-start=\"5467\" data-end=\"5487\">Opzioni di pagamento<\/h2>\n<ul data-start=\"5488\" data-end=\"5583\">\n<li data-start=\"5488\" data-end=\"5540\">\n<p data-start=\"5490\" data-end=\"5540\">Termini flessibili di pagamento all'ingrosso e al distributore<\/p>\n<\/li>\n<li data-start=\"5541\" data-end=\"5583\">\n<p data-start=\"5543\" data-end=\"5583\">Sconti disponibili per gli acquisti in massa<\/p>\n<\/li>\n<\/ul>\n<hr data-start=\"5585\" data-end=\"5588\" \/>\n<h2 data-start=\"5590\" data-end=\"5598\">Domande frequenti<\/h2>\n<p data-start=\"5600\" data-end=\"5743\"><strong data-start=\"5600\" data-end=\"5646\">Q1: Qual \u00e8 la velocit\u00e0 massima dell'A801?<\/strong><br data-start=\"5646\" data-end=\"5649\" \/>A: Il triciclo elettrico A801 raggiunge <strong data-start=\"5687\" data-end=\"5698\">25 km\/h<\/strong>garantire la sicurezza e il controllo dell'uso urbano.<\/p>\n<p data-start=\"5745\" data-end=\"5856\"><strong data-start=\"5745\" data-end=\"5786\">Q2: Quanti passeggeri pu\u00f2 trasportare?<\/strong><br data-start=\"5786\" data-end=\"5789\" \/>A: Ha <strong data-start=\"5799\" data-end=\"5810\">2 posti<\/strong>adatto al trasporto personale o condiviso.<\/p>\n<p data-start=\"5858\" data-end=\"5982\"><strong data-start=\"5858\" data-end=\"5895\">Q3: Qual \u00e8 la gamma per carica?<\/strong><br data-start=\"5895\" data-end=\"5898\" \/>R: L'A801 fornisce <strong data-start=\"5919\" data-end=\"5940\">\u226590 km per carica<\/strong>a seconda delle condizioni stradali e di carico.<\/p>\n<p data-start=\"5984\" data-end=\"6130\"><strong data-start=\"5984\" data-end=\"6027\">Q4: Ha certificazioni di sicurezza?<\/strong><br data-start=\"6027\" data-end=\"6030\" \/>A: S\u00ec, \u00e8 certificato con <strong data-start=\"6059\" data-end=\"6082\">CEE, COC e L2e-P<\/strong>garantire la conformit\u00e0 per le vendite internazionali.<\/p>\n<p data-start=\"6132\" data-end=\"6277\"><strong data-start=\"6132\" data-end=\"6175\">Q5: Pu\u00f2 essere personalizzato per l'uso della flotta?<\/strong><br data-start=\"6175\" data-end=\"6178\" \/>A: S\u00ec, <strong data-start=\"6186\" data-end=\"6207\">Personalizzazione OEM<\/strong> \u00e8 disponibile per le flotte, incluse le opzioni di colore e il marchio del logo.<\/p>","protected":false},"excerpt":{"rendered":"<p>Il <strong data-start=\"285\" data-end=\"311\">A801 Triciclo elettrico<\/strong> \u00e8 un veicolo elettrico a tre ruote compatto e pratico su misura per i pendolari quotidiani, la mobilit\u00e0 degli anziani e i viaggi urbani a breve distanza. Con un <strong data-start=\"465\" data-end=\"489\">disegno corpo integrale<\/strong> con <strong data-start=\"495\" data-end=\"522\">due porte e due sedili<\/strong>bilancia comfort e accessibilit\u00e0 offrendo prestazioni affidabili. Dotato di una <strong data-start=\"615\" data-end=\"637\">Motore DC 60V 1500W<\/strong> e una <strong data-start=\"644\" data-end=\"664\">Batteria 60V 80Ah<\/strong>Il triciclo elettrico A801 offre una gamma di guida di <strong data-start=\"721\" data-end=\"742\">\u226590 km per carica<\/strong> una velocit\u00e0 massima di <strong data-start=\"766\" data-end=\"777\">25 km\/h<\/strong>che lo rende una scelta ecologica per viaggiare in modo sicuro e costante.<\/p>","protected":false},"featured_media":3566,"comment_status":"open","ping_status":"closed","template":"","meta":[],"product_brand":[],"product_cat":[78],"product_tag":[],"class_list":{"0":"post-3565","1":"product","2":"type-product","3":"status-publish","4":"has-post-thumbnail","6":"product_cat-electric-tricycle","8":"first","9":"instock","10":"shipping-taxable","11":"purchasable","12":"product-type-simple"},"_links":{"self":[{"href":"https:\/\/www.tairuiauto.com\/it\/wp-json\/wp\/v2\/product\/3565","targetHints":{"allow":["GET"]}}],"collection":[{"href":"https:\/\/www.tairuiauto.com\/it\/wp-json\/wp\/v2\/product"}],"about":[{"href":"https:\/\/www.tairuiauto.com\/it\/wp-json\/wp\/v2\/types\/product"}],"replies":[{"embeddable":true,"href":"https:\/\/www.tairuiauto.com\/it\/wp-json\/wp\/v2\/comments?post=3565"}],"wp:featuredmedia":[{"embeddable":true,"href":"https:\/\/www.tairuiauto.com\/it\/wp-json\/wp\/v2\/media\/3566"}],"wp:attachment":[{"href":"https:\/\/www.tairuiauto.com\/it\/wp-json\/wp\/v2\/media?parent=3565"}],"wp:term":[{"taxonomy":"product_brand","embeddable":true,"href":"https:\/\/www.tairuiauto.com\/it\/wp-json\/wp\/v2\/product_brand?post=3565"},{"taxonomy":"product_cat","embeddable":true,"href":"https:\/\/www.tairuiauto.com\/it\/wp-json\/wp\/v2\/product_cat?post=3565"},{"taxonomy":"product_tag","embeddable":true,"href":"https:\/\/www.tairuiauto.com\/it\/wp-json\/wp\/v2\/product_tag?post=3565"}],"curies":[{"name":"WP","href":"https:\/\/api.w.org\/{rel}","templated":true}]}}