{"id":3648,"date":"2025-09-12T10:21:25","date_gmt":"2025-09-12T02:21:25","guid":{"rendered":"https:\/\/www.tairuiauto.com\/?post_type=product&#038;p=3648"},"modified":"2025-09-12T11:24:47","modified_gmt":"2025-09-12T03:24:47","slug":"electric-tuk-tuk","status":"publish","type":"product","link":"https:\/\/www.tairuiauto.com\/it\/product\/electric-tuk-tuk\/","title":{"rendered":"Elettrico Tuk Tuk"},"content":{"rendered":"<h3 data-start=\"4538\" data-end=\"4563\">Descrizione del prodotto<\/h3>\n<p data-start=\"4564\" data-end=\"5078\">Il <strong data-start=\"4568\" data-end=\"4592\">Elettrico Tuk Tuk<\/strong> \u00e8 un\u2019alta capacit\u00e0 <strong data-start=\"4612\" data-end=\"4645\">Rickshaw elettrico a tre ruote<\/strong> costruito per servizi commerciali di passeggeri e trasporti urbani ecologici.<\/p>\n<table style=\"border-collapse: collapse; width: 72.6307%;\" border=\"0\" width=\"720\" cellspacing=\"0\" cellpadding=\"0\">\n<tbody>\n<tr style=\"height: 20.00pt;\">\n<td class=\"et4\" style=\"height: 20pt; width: 38.4083%;\" width=\"265\" height=\"33\">Modello<\/td>\n<td class=\"et4\" style=\"width: 103.287%;\" width=\"455\">Elettrico Tuk Tuk<\/td>\n<\/tr>\n<tr style=\"height: 20.00pt;\">\n<td class=\"et5\" style=\"height: 20pt; width: 38.4083%;\" width=\"265\" height=\"33\">Dim complessivo (mm)<\/td>\n<td class=\"et5\" style=\"width: 103.287%;\" width=\"455\">2800*1250*1780<\/td>\n<\/tr>\n<tr style=\"height: 20.00pt;\">\n<td class=\"et5\" style=\"height: 20pt; width: 38.4083%;\" width=\"265\" height=\"33\">CurbWeight (senza batteria\/kg)<\/td>\n<td class=\"et5\" style=\"width: 103.287%;\" width=\"455\">310 kg<\/td>\n<\/tr>\n<tr style=\"height: 20.00pt;\">\n<td class=\"et5\" style=\"height: 20pt; width: 38.4083%;\" width=\"265\" height=\"33\">passeggeri<\/td>\n<td class=\"et5\" style=\"width: 103.287%;\" width=\"455\">1 conducente 5 passeggeri<\/td>\n<\/tr>\n<tr style=\"height: 20.00pt;\">\n<td class=\"et5\" style=\"height: 20pt; width: 38.4083%;\" width=\"265\" height=\"33\">motore<\/td>\n<td class=\"et5\" style=\"width: 103.287%;\" width=\"455\">60V2400W<\/td>\n<\/tr>\n<tr style=\"height: 20.00pt;\">\n<td class=\"et5\" style=\"height: 20pt; width: 38.4083%;\" width=\"265\" height=\"33\">Controllatore<\/td>\n<td class=\"et5\" style=\"width: 103.287%;\" width=\"455\">60V2400W<\/td>\n<\/tr>\n<tr style=\"height: 20.00pt;\">\n<td class=\"et5\" style=\"height: 20pt; width: 38.4083%;\" width=\"265\" height=\"33\">Velocit\u00e0 massima (km\/h)<\/td>\n<td class=\"et5\" style=\"width: 103.287%;\" width=\"455\">45 km\/h<\/td>\n<\/tr>\n<tr style=\"height: 20.00pt;\">\n<td class=\"et5\" style=\"height: 20pt; width: 38.4083%;\" width=\"265\" height=\"33\">Assorbitore anteriore<\/td>\n<td class=\"et5\" style=\"width: 103.287%;\" width=\"455\">anteriore 43 assorbitore idraulico<\/td>\n<\/tr>\n<tr style=\"height: 20.00pt;\">\n<td class=\"et5\" style=\"height: 20pt; width: 38.4083%;\" width=\"265\" height=\"33\">Assorbitore posteriore<\/td>\n<td class=\"et5\" style=\"width: 103.287%;\" width=\"455\">sospensione semi-indipendente<\/td>\n<\/tr>\n<tr style=\"height: 20.00pt;\">\n<td class=\"et5\" style=\"height: 20pt; width: 38.4083%;\" width=\"265\" height=\"33\">Freno<\/td>\n<td class=\"et5\" style=\"width: 103.287%;\" width=\"455\">anteriore: disco \/ posteriore: tamburo<\/td>\n<\/tr>\n<tr style=\"height: 20.00pt;\">\n<td class=\"et5\" style=\"height: 20pt; width: 38.4083%;\" width=\"265\" height=\"33\">Pneumatici<\/td>\n<td class=\"et5\" style=\"width: 103.287%;\" width=\"455\">Anteriore 3.75-12 posteriore 4.00-12<\/td>\n<\/tr>\n<tr style=\"height: 20.00pt;\">\n<td class=\"et5\" style=\"height: 20pt; width: 38.4083%;\" width=\"265\" height=\"33\">contatore<\/td>\n<td class=\"et5\" style=\"width: 103.287%;\" width=\"455\">Contatore LCD<\/td>\n<\/tr>\n<tr style=\"height: 20.00pt;\">\n<td class=\"et5\" style=\"height: 20pt; width: 38.4083%;\" width=\"265\" height=\"33\">Range per carica\/km<\/td>\n<td class=\"et5\" style=\"width: 103.287%;\" width=\"455\">90<\/td>\n<\/tr>\n<tr style=\"height: 20.00pt;\">\n<td class=\"et5\" style=\"height: 20pt; width: 38.4083%;\" width=\"265\" height=\"33\">Grado di arrampicata (%)<\/td>\n<td class=\"et5\" style=\"width: 103.287%;\" width=\"455\">\u226425<\/td>\n<\/tr>\n<tr style=\"height: 20.00pt;\">\n<td class=\"et5\" style=\"height: 20pt; width: 38.4083%;\" width=\"265\" height=\"33\">batteria<\/td>\n<td class=\"et5\" style=\"width: 103.287%;\" width=\"455\">Batteria acida al piombo 60V100AH<\/td>\n<\/tr>\n<tr style=\"height: 20.00pt;\">\n<td class=\"et5\" style=\"height: 20pt; width: 38.4083%;\" width=\"265\" height=\"33\">Video posteriore<\/td>\n<td class=\"et5\" style=\"width: 103.287%;\" width=\"455\">s\u00ec<\/td>\n<\/tr>\n<tr style=\"height: 20.00pt;\">\n<td class=\"et5\" style=\"height: 20pt; width: 38.4083%;\" width=\"265\" height=\"33\">Caricatore USB<\/td>\n<td class=\"et5\" style=\"width: 103.287%;\" width=\"455\">s\u00ec<\/td>\n<\/tr>\n<tr style=\"height: 20.00pt;\">\n<td class=\"et5\" style=\"height: 20pt; width: 38.4083%;\" width=\"265\" height=\"33\">allarme<\/td>\n<td class=\"et5\" style=\"width: 103.287%;\" width=\"455\">s\u00ec<\/td>\n<\/tr>\n<tr style=\"height: 20.00pt;\">\n<td class=\"et5\" style=\"height: 20pt; width: 38.4083%;\" width=\"265\" height=\"33\">Tenda da pioggia<\/td>\n<td class=\"et5\" style=\"width: 103.287%;\" width=\"455\">s\u00ec<\/td>\n<\/tr>\n<tr style=\"height: 20.00pt;\">\n<td class=\"et5\" style=\"height: 20pt; width: 38.4083%;\" width=\"265\" height=\"33\">Capacit\u00e0 del contenitore<\/td>\n<td class=\"et5\" style=\"width: 103.287%;\" width=\"455\">40PCS CKD\/40&#8217; Sede generale<\/td>\n<\/tr>\n<\/tbody>\n<\/table>\n<hr \/>\n<h3 data-start=\"5080\" data-end=\"5104\">Punti di vendita chiave<\/h3>\n<ol data-start=\"5105\" data-end=\"5653\">\n<li data-start=\"5105\" data-end=\"5236\">\n<p data-start=\"5108\" data-end=\"5236\"><strong data-start=\"5108\" data-end=\"5143\">Soluzione di trasporto ecologica<\/strong> \u2013 A differenza dei tuk tuk a combustibile, l\u2019E5 produce <strong data-start=\"5184\" data-end=\"5202\">emissioni zero<\/strong>ridurre l'impatto ambientale.<\/p>\n<\/li>\n<li data-start=\"5237\" data-end=\"5362\">\n<p data-start=\"5240\" data-end=\"5362\"><strong data-start=\"5240\" data-end=\"5266\">Grandi posti a sedere<\/strong> Con spazio per <strong data-start=\"5284\" data-end=\"5311\">1 conducente 5 passeggeri<\/strong>\u00e8 un'opzione efficiente per i pendolari pubblici.<\/p>\n<\/li>\n<li data-start=\"5363\" data-end=\"5486\">\n<p data-start=\"5366\" data-end=\"5486\"><strong data-start=\"5366\" data-end=\"5389\">Bassi costi operativi<\/strong> \u2013 Il <strong data-start=\"5396\" data-end=\"5417\">Batteria 60V\/100AH<\/strong> riduce la dipendenza dal carburante, rendendolo redditizio per gli operatori di flotte.<\/p>\n<\/li>\n<li data-start=\"5487\" data-end=\"5653\">\n<p data-start=\"5490\" data-end=\"5653\"><strong data-start=\"5490\" data-end=\"5521\">Sospensione duratura &amp; Sicurezza<\/strong> \u2013 Dotato di <strong data-start=\"5538\" data-end=\"5566\">assorbitore idraulico anteriore<\/strong> e <strong data-start=\"5571\" data-end=\"5602\">sospensione semi-indipendente<\/strong>garantire il comfort dei passeggeri anche su strade difficili.<\/p>\n<\/li>\n<\/ol>\n<hr \/>\n<h3 data-start=\"5655\" data-end=\"5686\">Vantaggi differenziati<\/h3>\n<ol data-start=\"5687\" data-end=\"6148\">\n<li data-start=\"5687\" data-end=\"5807\">\n<p data-start=\"5690\" data-end=\"5807\"><strong data-start=\"5690\" data-end=\"5718\">Utilit\u00e0 di grado commerciale<\/strong> \u2013 costruito appositamente per un alto traffico di passeggeri, rendendolo ideale per le imprese di taxi.<\/p>\n<\/li>\n<li data-start=\"5808\" data-end=\"5924\">\n<p data-start=\"5811\" data-end=\"5924\"><strong data-start=\"5811\" data-end=\"5838\">Personalizzabile per flotte<\/strong> \u2013 Offre opzioni di branding OEM, rendendo facile adattarsi alle cooperative di taxi locali.<\/p>\n<\/li>\n<li data-start=\"5925\" data-end=\"6035\">\n<p data-start=\"5928\" data-end=\"6035\"><strong data-start=\"5928\" data-end=\"5949\">Usaggio globale provato<\/strong> \u2013 Gi\u00e0 adottato in pi\u00f9 paesi per la sua affidabilit\u00e0 e funzionamento economico.<\/p>\n<\/li>\n<li data-start=\"6036\" data-end=\"6148\">\n<p data-start=\"6039\" data-end=\"6148\"><strong data-start=\"6039\" data-end=\"6063\">Aggiunte funzionalit\u00e0 intelligenti<\/strong> \u2013 Viene con <strong data-start=\"6077\" data-end=\"6122\">video posteriore, caricatore USB e sistema di allarme<\/strong> per migliorare la comodit\u00e0.<\/p>\n<\/li>\n<\/ol>\n<p><img fetchpriority=\"high\" decoding=\"async\" class=\"alignnone size-medium wp-image-3664\" src=\"https:\/\/www.tairuiauto.com\/wp-content\/uploads\/2025\/09\/\u5fae\u4fe1\u56fe\u7247_20241010145910_\u526f\u672c-300x200.jpg\" alt=\"\" width=\"300\" height=\"200\" srcset=\"\" sizes=\"(max-width: 300px) 100vw, 300px\" data-srcset=\"\" \/> <img decoding=\"async\" class=\"alignnone size-medium wp-image-3663\" src=\"https:\/\/www.tairuiauto.com\/wp-content\/uploads\/2025\/09\/\u5fae\u4fe1\u56fe\u7247_20241010145908_\u526f\u672c-300x200.jpg\" alt=\"\" width=\"300\" height=\"200\" srcset=\"\" sizes=\"(max-width: 300px) 100vw, 300px\" data-srcset=\"\" \/> <img decoding=\"async\" class=\"alignnone size-medium wp-image-3668\" src=\"https:\/\/www.tairuiauto.com\/wp-content\/uploads\/2025\/09\/\u5fae\u4fe1\u56fe\u7247_20241010150005_\u526f\u672c-300x200.jpg\" alt=\"\" width=\"300\" height=\"200\" srcset=\"\" sizes=\"(max-width: 300px) 100vw, 300px\" data-srcset=\"\" \/><\/p>\n<hr \/>\n<h3 data-start=\"6236\" data-end=\"6250\">Materiale<\/h3>\n<p data-start=\"6251\" data-end=\"6340\">Telaio in acciaio con finitura resistente alla corrosione, sedili resistenti e baldacchino resistente alle intemperie.<\/p>\n<h3 data-start=\"6342\" data-end=\"6358\">Aspetto<\/h3>\n<p data-start=\"6359\" data-end=\"6425\">Carrozzeria luminosa e accattivante con tetto a baldacchino e sedili all'aperto.<\/p>\n<h3 data-start=\"6427\" data-end=\"6439\">Progettazione<\/h3>\n<p data-start=\"6440\" data-end=\"6548\">Layout rickshaw funzionale con display LCD, seggiolino ergonomico e facile accesso laterale per i passeggeri.<\/p>\n<h3 data-start=\"6550\" data-end=\"6573\">Customizzazione OEM<\/h3>\n<p data-start=\"6574\" data-end=\"6646\">Copertina personalizzata, vernice per carrozzeria e marchio disponibili per le flotte aziendali.<\/p>\n<h3 data-start=\"6648\" data-end=\"6669\">Controllo qualit\u00e0<\/h3>\n<p data-start=\"6670\" data-end=\"6770\">Ogni triciclo viene testato per le prestazioni del motore, la sicurezza della batteria e la durata in condizioni urbane.<\/p>\n<h3 data-start=\"6772\" data-end=\"6797\">Servizio post-vendita<\/h3>\n<ul data-start=\"6798\" data-end=\"6915\">\n<li data-start=\"6798\" data-end=\"6819\">\n<p data-start=\"6800\" data-end=\"6819\">Garanzia di un anno<\/p>\n<\/li>\n<li data-start=\"6820\" data-end=\"6848\">\n<p data-start=\"6822\" data-end=\"6848\">Catena di fornitura di ricambi<\/p>\n<\/li>\n<li data-start=\"6849\" data-end=\"6888\">\n<p data-start=\"6851\" data-end=\"6888\">Supporto tecnico per i rivenditori locali<\/p>\n<\/li>\n<li data-start=\"6889\" data-end=\"6915\">\n<p data-start=\"6891\" data-end=\"6915\">Formazione per operatori<\/p>\n<\/li>\n<\/ul>\n<h3 data-start=\"6917\" data-end=\"6941\">Campi di applicazione<\/h3>\n<ul data-start=\"6942\" data-end=\"7088\">\n<li data-start=\"6942\" data-end=\"6977\">\n<p data-start=\"6944\" data-end=\"6977\">City commuting e ride-sharing<\/p>\n<\/li>\n<li data-start=\"6978\" data-end=\"7020\">\n<p data-start=\"6980\" data-end=\"7020\">Trasporti pubblici nelle regioni in via di sviluppo<\/p>\n<\/li>\n<li data-start=\"7021\" data-end=\"7054\">\n<p data-start=\"7023\" data-end=\"7054\">Turismo e escursioni turistiche<\/p>\n<\/li>\n<li data-start=\"7055\" data-end=\"7088\">\n<p data-start=\"7057\" data-end=\"7088\">Servizi taxi e flotte locali<\/p>\n<\/li>\n<\/ul>\n<h3 data-start=\"7090\" data-end=\"7111\">Metodi di pagamento<\/h3>\n<p data-start=\"7112\" data-end=\"7159\">Supporto <strong data-start=\"7121\" data-end=\"7156\">T\/T, L\/C, Western Union, PayPal<\/strong>.<\/p>\n<hr \/>\n<h3 data-start=\"7161\" data-end=\"7170\">Domande frequenti<\/h3>\n<p data-start=\"7171\" data-end=\"7270\"><strong data-start=\"7171\" data-end=\"7232\">Q1: Qual \u00e8 la velocit\u00e0 massima del Tuk Tuk elettrico?<\/strong><br data-start=\"7232\" data-end=\"7235\" \/>A: Pu\u00f2 raggiungere fino a <strong data-start=\"7257\" data-end=\"7267\">45 km\/h<\/strong>.<\/p>\n<p data-start=\"7272\" data-end=\"7354\"><strong data-start=\"7272\" data-end=\"7313\">Q2: Quanti passeggeri pu\u00f2 sedere?<\/strong><br data-start=\"7313\" data-end=\"7316\" \/>Una: <strong data-start=\"7319\" data-end=\"7351\">5 passeggeri pi\u00f9 il conducente<\/strong>.<\/p>\n<p data-start=\"7356\" data-end=\"7453\"><strong data-start=\"7356\" data-end=\"7392\">Q3: Qual \u00e8 la gamma per carica?<\/strong><br data-start=\"7392\" data-end=\"7395\" \/>A: Fino a <strong data-start=\"7404\" data-end=\"7412\">90 km<\/strong> a seconda delle condizioni stradali e di carico.<\/p>\n<p data-start=\"7455\" data-end=\"7551\"><strong data-start=\"7455\" data-end=\"7492\">Q4: Il baldacchino pu\u00f2 essere personalizzato?<\/strong><br data-start=\"7492\" data-end=\"7495\" \/>A: S\u00ec, le opzioni di copertura e marchio dell'OEM sono disponibili.<\/p>","protected":false},"excerpt":{"rendered":"<p>Il <strong data-start=\"4568\" data-end=\"4592\">Elettrico Tuk Tuk<\/strong> \u00e8 un\u2019alta capacit\u00e0 <strong data-start=\"4612\" data-end=\"4645\">Rickshaw elettrico a tre ruote<\/strong> costruito per servizi commerciali di passeggeri e trasporti urbani ecologici. Con spazio per <strong data-start=\"4738\" data-end=\"4771\">6 persone compreso l'autista<\/strong>questo <strong data-start=\"4778\" data-end=\"4798\">tuk tuk elettrico<\/strong> \u00e8 ampiamente adottato in Asia, Africa e America Latina per i suoi bassi costi operativi e la tecnologia verde. Alimentato da un <strong data-start=\"4914\" data-end=\"4933\">motore 60V\/2400W<\/strong>L'E5 raggiunge un <strong data-start=\"4952\" data-end=\"4975\">velocit\u00e0 massima di 45km\/h<\/strong> e fornisce una <strong data-start=\"4991\" data-end=\"5005\">raggio di 90 km<\/strong>che lo rende un veicolo perfetto per il trasporto quotidiano di passeggeri.<\/p>","protected":false},"featured_media":3658,"comment_status":"open","ping_status":"closed","template":"","meta":[],"product_brand":[],"product_cat":[78],"product_tag":[],"class_list":{"0":"post-3648","1":"product","2":"type-product","3":"status-publish","4":"has-post-thumbnail","6":"product_cat-electric-tricycle","8":"first","9":"instock","10":"shipping-taxable","11":"purchasable","12":"product-type-simple"},"_links":{"self":[{"href":"https:\/\/www.tairuiauto.com\/it\/wp-json\/wp\/v2\/product\/3648","targetHints":{"allow":["GET"]}}],"collection":[{"href":"https:\/\/www.tairuiauto.com\/it\/wp-json\/wp\/v2\/product"}],"about":[{"href":"https:\/\/www.tairuiauto.com\/it\/wp-json\/wp\/v2\/types\/product"}],"replies":[{"embeddable":true,"href":"https:\/\/www.tairuiauto.com\/it\/wp-json\/wp\/v2\/comments?post=3648"}],"wp:featuredmedia":[{"embeddable":true,"href":"https:\/\/www.tairuiauto.com\/it\/wp-json\/wp\/v2\/media\/3658"}],"wp:attachment":[{"href":"https:\/\/www.tairuiauto.com\/it\/wp-json\/wp\/v2\/media?parent=3648"}],"wp:term":[{"taxonomy":"product_brand","embeddable":true,"href":"https:\/\/www.tairuiauto.com\/it\/wp-json\/wp\/v2\/product_brand?post=3648"},{"taxonomy":"product_cat","embeddable":true,"href":"https:\/\/www.tairuiauto.com\/it\/wp-json\/wp\/v2\/product_cat?post=3648"},{"taxonomy":"product_tag","embeddable":true,"href":"https:\/\/www.tairuiauto.com\/it\/wp-json\/wp\/v2\/product_tag?post=3648"}],"curies":[{"name":"WP","href":"https:\/\/api.w.org\/{rel}","templated":true}]}}