{"id":3672,"date":"2026-01-19T10:35:14","date_gmt":"2026-01-19T02:35:14","guid":{"rendered":"https:\/\/www.tairuiauto.com\/?post_type=product&#038;p=3672"},"modified":"2026-01-27T10:47:27","modified_gmt":"2026-01-27T02:47:27","slug":"three-wheel-electric-cargo-trike","status":"publish","type":"product","link":"https:\/\/www.tairuiauto.com\/it\/product\/three-wheel-electric-cargo-trike\/","title":{"rendered":"Mini veicolo di carico elettrico per uso urbano"},"content":{"rendered":"<h2 style=\"padding-left: 40px;\" data-start=\"451\" data-end=\"470\">Panoramica del prodotto<\/h2>\n<p style=\"padding-left: 40px;\" data-start=\"472\" data-end=\"788\">Il <strong data-start=\"476\" data-end=\"520\">Mini veicolo di carico elettrico per uso urbano<\/strong> \u00e8 progettato per ambienti urbani dove flessibilit\u00e0, basso consumo energetico e manovrabilit\u00e0 sono essenziali. Caratterizzato da dimensioni compatte della carrozzeria, layout a due porte a due posti e trasmissione elettrica affidabile, soddisfa le esigenze del trasporto di piccoli carichi e della logistica urbana.<\/p>\n<table style=\"border-collapse: collapse; width: 72.6042%; height: 618px; margin-left: 40px;\" border=\"0\" width=\"720\" cellspacing=\"0\" cellpadding=\"0\">\n<tbody style=\"padding-left: 40px;\">\n<tr style=\"height: 20pt; padding-left: 40px;\">\n<td class=\"et4\" style=\"height: 20pt; width: 159.05pt; padding-left: 40px;\" width=\"265\" height=\"33\">Modello<\/td>\n<td class=\"et4\" style=\"width: 273.4pt; padding-left: 40px;\" width=\"455\">Mini veicolo di carico elettrico per uso urbano<\/td>\n<\/tr>\n<tr style=\"height: 20pt; padding-left: 40px;\">\n<td class=\"et5\" style=\"height: 20pt; width: 159.05pt; padding-left: 40px;\" width=\"265\" height=\"33\">Dimensioni (mm)<\/td>\n<td class=\"et5\" style=\"width: 273.4pt; padding-left: 40px;\" width=\"455\">2770*1180*1615<\/td>\n<\/tr>\n<tr style=\"height: 20pt; padding-left: 40px;\">\n<td class=\"et5\" style=\"height: 20pt; width: 159.05pt; padding-left: 40px;\" width=\"265\" height=\"33\">Tipo di corpo<\/td>\n<td class=\"et5\" style=\"width: 273.4pt; padding-left: 40px;\" width=\"455\">corpo semi-integrale<\/td>\n<\/tr>\n<tr style=\"height: 20pt; padding-left: 40px;\">\n<td class=\"et5\" style=\"height: 20pt; width: 159.05pt; padding-left: 40px;\" width=\"265\" height=\"33\">Struttura del corpo<\/td>\n<td class=\"et5\" style=\"width: 273.4pt; padding-left: 40px;\" width=\"455\">2 porte e 2 posti<\/td>\n<\/tr>\n<tr style=\"height: 20pt; padding-left: 40px;\">\n<td class=\"et5\" style=\"height: 20pt; width: 159.05pt; padding-left: 40px;\" width=\"265\" height=\"33\">motore<\/td>\n<td class=\"et5\" style=\"width: 273.4pt; padding-left: 40px;\" width=\"455\">60V1000W<\/td>\n<\/tr>\n<tr style=\"height: 20pt; padding-left: 40px;\">\n<td class=\"et5\" style=\"height: 20pt; width: 159.05pt; padding-left: 40px;\" width=\"265\" height=\"33\">Controllatore<\/td>\n<td class=\"et5\" style=\"width: 273.4pt; padding-left: 40px;\" width=\"455\">60V24tubi<\/td>\n<\/tr>\n<tr style=\"height: 20pt; padding-left: 40px;\">\n<td class=\"et5\" style=\"height: 20pt; width: 159.05pt; padding-left: 40px;\" width=\"265\" height=\"33\">batteria<\/td>\n<td class=\"et5\" style=\"width: 273.4pt; padding-left: 40px;\" width=\"455\">60V45Ah<\/td>\n<\/tr>\n<tr style=\"height: 20pt; padding-left: 40px;\">\n<td class=\"et5\" style=\"height: 20pt; width: 159.05pt; padding-left: 40px;\" width=\"265\" height=\"33\">Tempo di carica (H)<\/td>\n<td class=\"et5\" style=\"width: 273.4pt; padding-left: 40px;\" width=\"455\">6-8<\/td>\n<\/tr>\n<tr style=\"height: 20pt; padding-left: 40px;\">\n<td class=\"et5\" style=\"height: 20pt; width: 159.05pt; padding-left: 40px;\" width=\"265\" height=\"33\">Range per carica\/km<\/td>\n<td class=\"et5\" style=\"width: 273.4pt; padding-left: 40px;\" width=\"455\">50 km<\/td>\n<\/tr>\n<tr style=\"height: 20pt; padding-left: 40px;\">\n<td class=\"et5\" style=\"height: 20pt; width: 159.05pt; padding-left: 40px;\" width=\"265\" height=\"33\">Capacit\u00e0 di carico\/kg<\/td>\n<td class=\"et5\" style=\"width: 273.4pt; padding-left: 40px;\" width=\"455\">400 kg<\/td>\n<\/tr>\n<tr style=\"height: 20pt; padding-left: 40px;\">\n<td class=\"et5\" style=\"height: 20pt; width: 159.05pt; padding-left: 40px;\" width=\"265\" height=\"33\">Sospensione anteriore<\/td>\n<td class=\"et5\" style=\"width: 273.4pt; padding-left: 40px;\" width=\"455\">forchetta idraulica \u044437<\/td>\n<\/tr>\n<tr style=\"height: 20pt; padding-left: 40px;\">\n<td class=\"et5\" style=\"height: 20pt; width: 159.05pt; padding-left: 40px;\" width=\"265\" height=\"33\">Sospensione posteriore<\/td>\n<td class=\"et5\" style=\"width: 273.4pt; padding-left: 40px;\" width=\"455\">Asse posteriore integrato<\/td>\n<\/tr>\n<tr style=\"height: 20pt; padding-left: 40px;\">\n<td class=\"et5\" style=\"height: 20pt; width: 159.05pt; padding-left: 40px;\" width=\"265\" height=\"33\">Pneumatico anteriore\/posteriore<\/td>\n<td class=\"et5\" style=\"width: 273.4pt; padding-left: 40px;\" width=\"455\">4.0-10\/4.0-10<\/td>\n<\/tr>\n<tr style=\"height: 20pt; padding-left: 40px;\">\n<td class=\"et5\" style=\"height: 20pt; width: 159.05pt; padding-left: 40px;\" width=\"265\" height=\"33\">Bordo<\/td>\n<td class=\"et5\" style=\"width: 273.4pt; padding-left: 40px;\" width=\"455\">Hub in lega di alluminio<\/td>\n<\/tr>\n<tr style=\"height: 20pt; padding-left: 40px;\">\n<td class=\"et5\" style=\"height: 20pt; width: 159.05pt; padding-left: 40px;\" width=\"265\" height=\"33\">Sistema frenante<\/td>\n<td class=\"et5\" style=\"width: 273.4pt; padding-left: 40px;\" width=\"455\">anteriore: disco \/ posteriore: tamburo<\/td>\n<\/tr>\n<tr style=\"height: 20pt; padding-left: 40px;\">\n<td class=\"et5\" style=\"height: 20pt; width: 159.05pt; padding-left: 40px;\" width=\"265\" height=\"33\">Grado di arrampicata (%)<\/td>\n<td class=\"et5\" style=\"width: 273.4pt; padding-left: 40px;\" width=\"455\">\u226420<\/td>\n<\/tr>\n<tr style=\"height: 20pt; padding-left: 40px;\">\n<td class=\"et5\" style=\"height: 20pt; width: 159.05pt; padding-left: 40px;\" width=\"265\" height=\"33\">Velocit\u00e0 massima (km\/h)<\/td>\n<td class=\"et5\" style=\"width: 273.4pt; padding-left: 40px;\" width=\"455\">30 km\/h<\/td>\n<\/tr>\n<tr style=\"height: 20pt; padding-left: 40px;\">\n<td class=\"et5\" style=\"height: 20pt; width: 159.05pt; padding-left: 40px;\" width=\"265\" height=\"33\">Modalit\u00e0 sterzo<\/td>\n<td class=\"et5\" style=\"width: 273.4pt; padding-left: 40px;\" width=\"455\">manubrio<\/td>\n<\/tr>\n<tr style=\"height: 20pt; padding-left: 40px;\">\n<td class=\"et5\" style=\"height: 20pt; width: 159.05pt; padding-left: 40px;\" width=\"265\" height=\"33\">Certificato<\/td>\n<td class=\"et5\" style=\"width: 273.4pt; padding-left: 40px;\" width=\"455\">CCC<\/td>\n<\/tr>\n<tr style=\"height: 20pt; padding-left: 40px;\">\n<td class=\"et5\" style=\"height: 20pt; width: 159.05pt; padding-left: 40px;\" width=\"265\" height=\"33\">Capacit\u00e0 del contenitore<\/td>\n<td class=\"et5\" style=\"width: 273.4pt; padding-left: 40px;\" width=\"455\">10 PCS SKD\/40&#8217; Sede generale<\/td>\n<\/tr>\n<tr style=\"height: 20pt; padding-left: 40px;\">\n<td class=\"et5\" style=\"height: 40pt; width: 159.05pt; padding-left: 40px;\" rowspan=\"2\" width=\"265\" height=\"66\">Dispositivo funzione<\/td>\n<td class=\"et5\" style=\"width: 273.4pt; padding-left: 40px;\" width=\"455\">Luci a LED<\/td>\n<\/tr>\n<tr style=\"height: 20pt; padding-left: 40px;\">\n<td class=\"et5\" style=\"width: 273.4pt; padding-left: 40px;\" width=\"455\">telecamera inversa<\/td>\n<\/tr>\n<\/tbody>\n<\/table>\n<hr style=\"padding-left: 40px;\" \/>\n<h2 style=\"padding-left: 40px;\" data-start=\"795\" data-end=\"817\">Descrizione del prodotto<\/h2>\n<h3 style=\"padding-left: 40px;\" data-start=\"819\" data-end=\"841\">Categoria di prodotto<\/h3>\n<p style=\"padding-left: 40px;\" data-start=\"842\" data-end=\"921\">Mini veicolo elettrico di carico\/veicolo elettrico urbano di utilit\u00e0\/EV di consegna della citt\u00e0<\/p>\n<h3 style=\"padding-left: 40px;\" data-start=\"923\" data-end=\"948\">Descrizione del prodotto<\/h3>\n<p style=\"padding-left: 40px;\" data-start=\"950\" data-end=\"1277\">Il <strong data-start=\"954\" data-end=\"998\">Mini veicolo di carico elettrico per uso urbano<\/strong> adotta a <strong data-start=\"1008\" data-end=\"1040\">struttura del corpo semi-integrale<\/strong> con una dimensione compatta di <strong data-start=\"1069\" data-end=\"1094\">2770 \u00d7 1180 \u00d7 1615 mm<\/strong>permettendo una facile manovra attraverso strette strade della citt\u00e0 e aree residenziali. Il <strong data-start=\"1177\" data-end=\"1195\">2 porte, 2 posti<\/strong> il design offre comfort pratico di guida mantenendo spazio di carico sufficiente.<\/p>\n<p style=\"padding-left: 40px;\" data-start=\"1279\" data-end=\"1667\">Alimentato da un <strong data-start=\"1292\" data-end=\"1320\">Motore elettrico 60V 1000W<\/strong> e controllato da un <strong data-start=\"1341\" data-end=\"1367\">Controllatore a 24 tubi 60V<\/strong>Il veicolo fornisce una potenza stabile e un'accelerazione fluida per le operazioni urbane quotidiane. Il <strong data-start=\"1460\" data-end=\"1480\">Batteria 60V 45Ah<\/strong> fornisce una <strong data-start=\"1492\" data-end=\"1535\">autonomia di guida fino a 50 km per carica<\/strong>che lo rende adatto per i compiti di consegna a breve distanza. Il tempo di ricarica \u00e8 di circa <strong data-start=\"1622\" data-end=\"1635\">6-8 ore<\/strong>, supportando la ricarica durante la notte.<\/p>\n<p style=\"padding-left: 40px;\">\n<hr style=\"padding-left: 40px;\" \/>\n<p style=\"padding-left: 40px;\" data-start=\"1669\" data-end=\"2065\">Con un <strong data-start=\"1676\" data-end=\"1714\">capacit\u00e0 di carico massima di 400 kg<\/strong>, questo mini veicolo cargo \u00e8 ben adatto per il trasporto commerciale leggero. Il sistema di sospensione comprende un <strong data-start=\"1820\" data-end=\"1848\">forchetta frontale idraulica \u03c637<\/strong> e un <strong data-start=\"1856\" data-end=\"1880\">asse posteriore integrato<\/strong>garantire stabilit\u00e0 e comfort di guida sotto carico. Il veicolo \u00e8 dotato di <strong data-start=\"1962\" data-end=\"1993\">4.0-10 pneumatici anteriori e posteriori<\/strong> e <strong data-start=\"1998\" data-end=\"2021\">hub in lega di alluminio<\/strong>che offre durata e maneggevolezza migliorata.<\/p>\n<p style=\"padding-left: 40px;\" data-start=\"2067\" data-end=\"2437\">Per la sicurezza, il sistema frenante dispone di un <strong data-start=\"2109\" data-end=\"2149\">freno a disco anteriore e freno a tamburo posteriore<\/strong>che fornisce prestazioni di fermata affidabili. Il veicolo supporta una <strong data-start=\"2215\" data-end=\"2248\">Capacit\u00e0 di arrampicata fino al 20%<\/strong> e raggiunge una <strong data-start=\"2263\" data-end=\"2287\">velocit\u00e0 massima di 30 km\/h<\/strong>bilanciare sicurezza ed efficienza nelle condizioni del traffico urbano. Lo sterzo \u00e8 gestito tramite un <strong data-start=\"2377\" data-end=\"2398\">controllo manubrio<\/strong>, rendendo facile guidare e mantenere.<\/p>\n<p style=\"padding-left: 40px;\" data-start=\"2439\" data-end=\"2753\">Il veicolo \u00e8 dotato di dispositivi funzionali essenziali tra cui <strong data-start=\"2507\" data-end=\"2521\">Luci a LED<\/strong> Migliorare la visibilit\u00e0 e una <strong data-start=\"2552\" data-end=\"2570\">fotocamera inversa<\/strong> per migliorare la sicurezza di guida durante il parcheggio e l'inversione. Si incontra <strong data-start=\"2636\" data-end=\"2657\">Certificazione CCC<\/strong> Requisiti e supporti <strong data-start=\"2684\" data-end=\"2700\">Spedizione SKD<\/strong>Con una capacit\u00e0 di contenitore di <strong data-start=\"2731\" data-end=\"2752\">10 unit\u00e0 per 40HQ<\/strong>.<\/p>\n<hr style=\"padding-left: 40px;\" data-start=\"2755\" data-end=\"2758\" \/>\n<h2 style=\"padding-left: 40px;\" data-start=\"2760\" data-end=\"2788\">Caratteristiche principali &amp; Vantaggi<\/h2>\n<h3 style=\"padding-left: 40px;\" data-start=\"2790\" data-end=\"2804\">Caratteristiche<\/h3>\n<ul>\n<li style=\"list-style-type: none;\">\n<ul data-start=\"2805\" data-end=\"3015\">\n<li data-start=\"2805\" data-end=\"2840\">\n<p data-start=\"2807\" data-end=\"2840\">Dimensioni compatte per uso urbano<\/p>\n<\/li>\n<li data-start=\"2841\" data-end=\"2892\">\n<p data-start=\"2843\" data-end=\"2892\">Motore elettrico 60V 1000W con controller stabile<\/p>\n<\/li>\n<li data-start=\"2893\" data-end=\"2935\">\n<p data-start=\"2895\" data-end=\"2935\">2 porte, 2 posti configurazione pratica<\/p>\n<\/li>\n<li data-start=\"2936\" data-end=\"2979\">\n<p data-start=\"2938\" data-end=\"2979\">Sistema frenante a disco anteriore e a tamburo posteriore<\/p>\n<\/li>\n<li data-start=\"2980\" data-end=\"3015\">\n<p data-start=\"2982\" data-end=\"3015\">Illuminazione LED e fotocamera retro<\/p>\n<\/li>\n<\/ul>\n<\/li>\n<\/ul>\n<h3 style=\"padding-left: 40px;\" data-start=\"3017\" data-end=\"3033\">Vantaggi<\/h3>\n<ul>\n<li style=\"list-style-type: none;\">\n<ul data-start=\"3034\" data-end=\"3200\">\n<li data-start=\"3034\" data-end=\"3075\">\n<p data-start=\"3036\" data-end=\"3075\">Facile funzionamento nelle strette strade della citt\u00e0<\/p>\n<\/li>\n<li data-start=\"3076\" data-end=\"3114\">\n<p data-start=\"3078\" data-end=\"3114\">Bassi costi operativi e di manutenzione<\/p>\n<\/li>\n<li data-start=\"3115\" data-end=\"3157\">\n<p data-start=\"3117\" data-end=\"3157\">Prestazioni stabili per la logistica quotidiana<\/p>\n<\/li>\n<li data-start=\"3158\" data-end=\"3200\">\n<p data-start=\"3160\" data-end=\"3200\">Sistema di azionamento elettrico ad efficienza energetica<\/p>\n<\/li>\n<\/ul>\n<\/li>\n<\/ul>\n<h3 style=\"padding-left: 40px;\" data-start=\"3202\" data-end=\"3222\">Vantaggi per l'acquirente<\/h3>\n<ul>\n<li style=\"list-style-type: none;\">\n<ul data-start=\"3223\" data-end=\"3394\">\n<li data-start=\"3223\" data-end=\"3261\">\n<p data-start=\"3225\" data-end=\"3261\">Ideale per consegne urbane last mile<\/p>\n<\/li>\n<li data-start=\"3262\" data-end=\"3303\">\n<p data-start=\"3264\" data-end=\"3303\">Riduzione delle spese di carburante e manutenzione<\/p>\n<\/li>\n<li data-start=\"3304\" data-end=\"3343\">\n<p data-start=\"3306\" data-end=\"3343\">Struttura semplice per una facile manutenzione<\/p>\n<\/li>\n<li data-start=\"3344\" data-end=\"3394\">\n<p data-start=\"3346\" data-end=\"3394\">Conforme agli standard locali per veicoli elettrici<\/p>\n<\/li>\n<\/ul>\n<\/li>\n<\/ul>\n<h3 style=\"padding-left: 40px;\" data-start=\"3396\" data-end=\"3410\">Prova<\/h3>\n<ul>\n<li style=\"list-style-type: none;\">\n<ul data-start=\"3411\" data-end=\"3534\">\n<li data-start=\"3411\" data-end=\"3455\">\n<p data-start=\"3413\" data-end=\"3455\">Configurazione della trasmissione elettrica provata<\/p>\n<\/li>\n<li data-start=\"3456\" data-end=\"3500\">\n<p data-start=\"3458\" data-end=\"3500\">Telaio rinforzato e sistema di sospensione<\/p>\n<\/li>\n<li data-start=\"3501\" data-end=\"3534\">\n<p data-start=\"3503\" data-end=\"3534\">Certificato secondo gli standard CCC<\/p>\n<\/li>\n<\/ul>\n<\/li>\n<\/ul>\n<hr style=\"padding-left: 40px;\" data-start=\"3536\" data-end=\"3539\" \/>\n<h2 style=\"padding-left: 40px;\" data-start=\"3541\" data-end=\"3565\">Scenari di applicazione<\/h2>\n<ul>\n<li style=\"list-style-type: none;\">\n<ul data-start=\"3567\" data-end=\"3763\">\n<li data-start=\"3567\" data-end=\"3595\">\n<p data-start=\"3569\" data-end=\"3595\">Consegna urbana last mile<\/p>\n<\/li>\n<li data-start=\"3596\" data-end=\"3640\">\n<p data-start=\"3598\" data-end=\"3640\">Logistica comunitaria e servizi espressi<\/p>\n<\/li>\n<li data-start=\"3641\" data-end=\"3680\">\n<p data-start=\"3643\" data-end=\"3680\">Trasporto merci per piccole imprese<\/p>\n<\/li>\n<li data-start=\"3681\" data-end=\"3730\">\n<p data-start=\"3683\" data-end=\"3730\">Gestione immobiliare e trasporto di manutenzione<\/p>\n<\/li>\n<li data-start=\"3731\" data-end=\"3763\">\n<p data-start=\"3733\" data-end=\"3763\">Distribuzione commerciale della citt\u00e0<\/p>\n<\/li>\n<\/ul>\n<\/li>\n<\/ul>\n<hr style=\"padding-left: 40px;\" data-start=\"3765\" data-end=\"3768\" \/>\n<h2 style=\"padding-left: 40px;\" data-start=\"3770\" data-end=\"3816\">Perch\u00e9 scegliere questo mini veicolo elettrico<\/h2>\n<p style=\"padding-left: 40px;\" data-start=\"3818\" data-end=\"4096\">Il <strong data-start=\"3822\" data-end=\"3866\">Mini veicolo di carico elettrico per uso urbano<\/strong> combina dimensioni compatte, prestazioni elettriche affidabili e capacit\u00e0 di carico pratica. \u00c8 una scelta ideale per le aziende che cercano una soluzione economica ed ecologica per il trasporto urbano e la logistica a breve distanza.<\/p>\n<hr style=\"padding-left: 40px;\" data-start=\"4098\" data-end=\"4101\" \/>\n<h2 style=\"padding-left: 40px;\" data-start=\"4103\" data-end=\"4126\">Imballaggio &amp; Consegna<\/h2>\n<ul>\n<li style=\"list-style-type: none;\">\n<ul data-start=\"4128\" data-end=\"4287\">\n<li data-start=\"4128\" data-end=\"4154\">\n<p data-start=\"4130\" data-end=\"4154\"><strong data-start=\"4130\" data-end=\"4148\">Certificazione:<\/strong> CCC<\/p>\n<\/li>\n<li data-start=\"4155\" data-end=\"4200\">\n<p data-start=\"4157\" data-end=\"4200\"><strong data-start=\"4157\" data-end=\"4180\">Capacit\u00e0 del contenitore:<\/strong> 10 PCS SKD\/40HQ<\/p>\n<\/li>\n<li data-start=\"4201\" data-end=\"4246\">\n<p data-start=\"4203\" data-end=\"4246\"><strong data-start=\"4203\" data-end=\"4223\">Metodo di consegna:<\/strong> SKD \/ CKD (facoltativo)<\/p>\n<\/li>\n<li data-start=\"4247\" data-end=\"4287\">\n<p data-start=\"4249\" data-end=\"4287\"><strong data-start=\"4249\" data-end=\"4261\">Imballaggio:<\/strong> Imballaggio standard di esportazione<\/p>\n<\/li>\n<\/ul>\n<\/li>\n<\/ul>\n<hr style=\"padding-left: 40px;\" data-start=\"4289\" data-end=\"4292\" \/>\n<h2 style=\"padding-left: 40px;\" data-start=\"4294\" data-end=\"4300\">Domande frequenti<\/h2>\n<p style=\"padding-left: 40px;\" data-start=\"4302\" data-end=\"4409\"><strong data-start=\"4302\" data-end=\"4363\">Q1: Qual \u00e8 la capacit\u00e0 di carico massima di questo veicolo?<\/strong><br data-start=\"4363\" data-end=\"4366\" \/>La capacit\u00e0 massima di carico \u00e8 <strong data-start=\"4398\" data-end=\"4408\">400 kg<\/strong>.<\/p>\n<p style=\"padding-left: 40px;\" data-start=\"4411\" data-end=\"4553\"><strong data-start=\"4411\" data-end=\"4456\">Q2: Qual \u00e8 la gamma di guida per carica?<\/strong><br data-start=\"4456\" data-end=\"4459\" \/>Il veicolo pu\u00f2 viaggiare fino a <strong data-start=\"4488\" data-end=\"4513\">50 km per carica completa<\/strong>a seconda del carico e delle condizioni stradali.<\/p>\n<p style=\"padding-left: 40px;\" data-start=\"4555\" data-end=\"4694\"><strong data-start=\"4555\" data-end=\"4597\">Q3: Quali caratteristiche di sicurezza sono incluse?<\/strong><br data-start=\"4597\" data-end=\"4600\" \/>\u00c8 dotato di <strong data-start=\"4620\" data-end=\"4693\">freni a disco anteriori, freni a tamburo posteriori, luci a LED e telecamera posteriore<\/strong>.<\/p>\n<p style=\"padding-left: 40px;\" data-start=\"4696\" data-end=\"4838\"><strong data-start=\"4696\" data-end=\"4744\">Q4: Questo veicolo \u00e8 adatto per le strade della citt\u00e0?<\/strong><br data-start=\"4744\" data-end=\"4747\" \/>- S\u00ec. - S\u00ec. Le sue dimensioni compatte e lo sterzo del manubrio lo rendono ideale per aree urbane e residenziali.<\/p>\n<p style=\"padding-left: 40px;\" data-start=\"4840\" data-end=\"4946\"><strong data-start=\"4840\" data-end=\"4875\">Q5: Come viene spedito il veicolo?<\/strong><br data-start=\"4875\" data-end=\"4878\" \/>\u00c8 spedito in <strong data-start=\"4895\" data-end=\"4907\">Modulo SKD<\/strong>, con <strong data-start=\"4914\" data-end=\"4945\">10 unit\u00e0 per contenitore 40HQ<\/strong>.<\/p>","protected":false},"excerpt":{"rendered":"<p>Il Mini Cargo Vehicle elettrico per uso urbano \u00e8 una soluzione di trasporto elettrico compatta ed efficiente progettata per la logistica urbana e la consegna a breve distanza. Con un corpo semiintegrale, sistema elettrico stabile e capacit\u00e0 di carico pratica, \u00e8 ideale per la distribuzione urbana e l'uso commerciale quotidiano.<\/p>","protected":false},"featured_media":5337,"comment_status":"open","ping_status":"closed","template":"","meta":[],"product_brand":[],"product_cat":[78],"product_tag":[],"class_list":{"0":"post-3672","1":"product","2":"type-product","3":"status-publish","4":"has-post-thumbnail","6":"product_cat-electric-tricycle","8":"first","9":"instock","10":"shipping-taxable","11":"purchasable","12":"product-type-simple"},"_links":{"self":[{"href":"https:\/\/www.tairuiauto.com\/it\/wp-json\/wp\/v2\/product\/3672","targetHints":{"allow":["GET"]}}],"collection":[{"href":"https:\/\/www.tairuiauto.com\/it\/wp-json\/wp\/v2\/product"}],"about":[{"href":"https:\/\/www.tairuiauto.com\/it\/wp-json\/wp\/v2\/types\/product"}],"replies":[{"embeddable":true,"href":"https:\/\/www.tairuiauto.com\/it\/wp-json\/wp\/v2\/comments?post=3672"}],"wp:featuredmedia":[{"embeddable":true,"href":"https:\/\/www.tairuiauto.com\/it\/wp-json\/wp\/v2\/media\/5337"}],"wp:attachment":[{"href":"https:\/\/www.tairuiauto.com\/it\/wp-json\/wp\/v2\/media?parent=3672"}],"wp:term":[{"taxonomy":"product_brand","embeddable":true,"href":"https:\/\/www.tairuiauto.com\/it\/wp-json\/wp\/v2\/product_brand?post=3672"},{"taxonomy":"product_cat","embeddable":true,"href":"https:\/\/www.tairuiauto.com\/it\/wp-json\/wp\/v2\/product_cat?post=3672"},{"taxonomy":"product_tag","embeddable":true,"href":"https:\/\/www.tairuiauto.com\/it\/wp-json\/wp\/v2\/product_tag?post=3672"}],"curies":[{"name":"WP","href":"https:\/\/api.w.org\/{rel}","templated":true}]}}