{"id":3689,"date":"2026-01-20T10:26:03","date_gmt":"2026-01-20T02:26:03","guid":{"rendered":"https:\/\/www.tairuiauto.com\/?post_type=product&#038;p=3689"},"modified":"2026-01-27T10:52:34","modified_gmt":"2026-01-27T02:52:34","slug":"passenger-electric-tricycle","status":"publish","type":"product","link":"https:\/\/www.tairuiauto.com\/it\/product\/passenger-electric-tricycle\/","title":{"rendered":"Mini veicolo passeggeri elettrico per uso urbano"},"content":{"rendered":"<h2 style=\"padding-left: 40px;\" data-start=\"420\" data-end=\"439\">Panoramica del prodotto<\/h2>\n<p style=\"padding-left: 40px;\" data-start=\"441\" data-end=\"732\">Il <strong data-start=\"445\" data-end=\"493\">Mini veicolo passeggeri elettrico per uso urbano<\/strong> presenta una piccola impronta e una struttura meccanica semplice, rendendolo ideale per strade urbane congestionate, comunit\u00e0 residenziali e viaggi giornalieri a breve distanza. Il suo design energeticamente efficiente garantisce bassi costi operativi e una facile manutenzione.<\/p>\n<table style=\"border-collapse: collapse; width: 60.1113%; margin-left: 40px;\" border=\"0\" width=\"720\" cellspacing=\"0\" cellpadding=\"0\">\n<tbody style=\"padding-left: 40px;\">\n<tr style=\"height: 20pt; padding-left: 40px;\">\n<td class=\"et5\" style=\"height: 20pt; width: 39.2734%; padding-left: 40px;\" width=\"265\" height=\"33\">Modello<\/td>\n<td class=\"et6\" style=\"width: 78.1404%; padding-left: 40px;\" width=\"455\">Mini veicolo passeggeri elettrico per uso urbano<\/td>\n<\/tr>\n<tr style=\"height: 20pt; padding-left: 40px;\">\n<td class=\"et7\" style=\"height: 20pt; width: 39.2734%; padding-left: 40px;\" width=\"265\" height=\"33\">Dim complessivo (mm)<\/td>\n<td class=\"et7\" style=\"width: 78.1404%; padding-left: 40px;\" width=\"455\">1547*801*1077<\/td>\n<\/tr>\n<tr style=\"height: 20pt; padding-left: 40px;\">\n<td class=\"et7\" style=\"height: 20pt; width: 39.2734%; padding-left: 40px;\" width=\"265\" height=\"33\">Forca anteriore<\/td>\n<td class=\"et7\" style=\"width: 78.1404%; padding-left: 40px;\" width=\"455\">\u044427 urtatore idraulico<\/td>\n<\/tr>\n<tr style=\"height: 20pt; padding-left: 40px;\">\n<td class=\"et7\" style=\"height: 20pt; width: 39.2734%; padding-left: 40px;\" width=\"265\" height=\"33\">motore<\/td>\n<td class=\"et7\" style=\"width: 78.1404%; padding-left: 40px;\" width=\"455\">60V1000W<\/td>\n<\/tr>\n<tr style=\"height: 20pt; padding-left: 40px;\">\n<td class=\"et7\" style=\"height: 20pt; width: 39.2734%; padding-left: 40px;\" width=\"265\" height=\"33\">Controllatore<\/td>\n<td class=\"et7\" style=\"width: 78.1404%; padding-left: 40px;\" width=\"455\">60V 18tubi<\/td>\n<\/tr>\n<tr style=\"height: 20pt; padding-left: 40px;\">\n<td class=\"et7\" style=\"height: 20pt; width: 39.2734%; padding-left: 40px;\" width=\"265\" height=\"33\">Pneumatico anteriore\/posteriore<\/td>\n<td class=\"et7\" style=\"width: 78.1404%; padding-left: 40px;\" width=\"455\">Pneumatico senza tubi 3.0-10<\/td>\n<\/tr>\n<tr style=\"height: 20pt; padding-left: 40px;\">\n<td class=\"et7\" style=\"height: 20pt; width: 39.2734%; padding-left: 40px;\" width=\"265\" height=\"33\">Bordo<\/td>\n<td class=\"et7\" style=\"width: 78.1404%; padding-left: 40px;\" width=\"455\">Hub in lega di alluminio<\/td>\n<\/tr>\n<tr style=\"height: 20pt; padding-left: 40px;\">\n<td class=\"et7\" style=\"height: 20pt; width: 39.2734%; padding-left: 40px;\" width=\"265\" height=\"33\">Sistema frenante<\/td>\n<td class=\"et7\" style=\"width: 78.1404%; padding-left: 40px;\" width=\"455\">anteriore: disco \/ posteriore: tamburo<\/td>\n<\/tr>\n<tr style=\"height: 20pt; padding-left: 40px;\">\n<td class=\"et7\" style=\"height: 20pt; width: 39.2734%; padding-left: 40px;\" width=\"265\" height=\"33\">Tempo di carica (H)<\/td>\n<td class=\"et7\" style=\"width: 78.1404%; padding-left: 40px;\" width=\"455\">6-8<\/td>\n<\/tr>\n<tr style=\"height: 20pt; padding-left: 40px;\">\n<td class=\"et7\" style=\"height: 20pt; width: 39.2734%; padding-left: 40px;\" width=\"265\" height=\"33\">Range per carica\/km<\/td>\n<td class=\"et7\" style=\"width: 78.1404%; padding-left: 40px;\" width=\"455\">40-60<\/td>\n<\/tr>\n<tr style=\"height: 20pt; padding-left: 40px;\">\n<td class=\"et7\" style=\"height: 20pt; width: 39.2734%; padding-left: 40px;\" width=\"265\" height=\"33\">Grado di arrampicata (%)<\/td>\n<td class=\"et7\" style=\"width: 78.1404%; padding-left: 40px;\" width=\"455\">\u226525<\/td>\n<\/tr>\n<tr style=\"height: 20pt; padding-left: 40px;\">\n<td class=\"et7\" style=\"height: 20pt; width: 39.2734%; padding-left: 40px;\" width=\"265\" height=\"33\">batteria<\/td>\n<td class=\"et7\" style=\"width: 78.1404%; padding-left: 40px;\" width=\"455\">Batteria acida al piombo 60V20AH<\/td>\n<\/tr>\n<tr style=\"height: 20pt; padding-left: 40px;\">\n<td class=\"et7\" style=\"height: 20pt; width: 39.2734%; padding-left: 40px;\" width=\"265\" height=\"33\">Velocit\u00e0 massima (km\/h)<\/td>\n<td class=\"et7\" style=\"width: 78.1404%; padding-left: 40px;\" width=\"455\">25 km\/h<\/td>\n<\/tr>\n<tr style=\"height: 20pt; padding-left: 40px;\">\n<td class=\"et7\" style=\"height: 20pt; width: 39.2734%; padding-left: 40px;\" width=\"265\" height=\"33\">Capacit\u00e0 del contenitore<\/td>\n<td class=\"et7\" style=\"width: 78.1404%; padding-left: 40px;\" width=\"455\">99 PCS SKD\/40&#8217; Sede generale<\/td>\n<\/tr>\n<tr style=\"height: 20pt; padding-left: 40px;\">\n<td class=\"et7\" style=\"height: 20pt; width: 39.2734%; padding-left: 40px;\" width=\"265\" height=\"33\">Certificato<\/td>\n<td class=\"et7\" style=\"width: 78.1404%; padding-left: 40px;\" width=\"455\">CEE \/ COC \/ L2e-P<\/td>\n<\/tr>\n<\/tbody>\n<\/table>\n<hr style=\"padding-left: 40px;\" data-start=\"734\" data-end=\"737\" \/>\n<h2 style=\"padding-left: 40px;\" data-start=\"739\" data-end=\"761\">Descrizione del prodotto<\/h2>\n<h3 style=\"padding-left: 40px;\" data-start=\"763\" data-end=\"785\">Categoria di prodotto<\/h3>\n<p style=\"padding-left: 40px;\" data-start=\"786\" data-end=\"869\">Mini veicolo passeggeri elettrico\/veicolo di mobilit\u00e0 elettrica urbana\/EV compatto della citt\u00e0<\/p>\n<h3 style=\"padding-left: 40px;\" data-start=\"871\" data-end=\"896\">Descrizione del prodotto<\/h3>\n<p style=\"padding-left: 40px;\" data-start=\"898\" data-end=\"1193\">Il <strong data-start=\"902\" data-end=\"950\">Mini veicolo passeggeri elettrico per uso urbano<\/strong> adotta una dimensione complessiva compatta di <strong data-start=\"989\" data-end=\"1013\">1547 \u00d7 801 \u00d7 1077 mm<\/strong>permettendo una facile manovrabilit\u00e0 in strade strette e in ambienti urbani densi. Il suo design leggero della carrozzeria migliora la stabilit\u00e0 di guida e l'efficienza energetica durante i pendolari quotidiani.<\/p>\n<p style=\"padding-left: 40px;\" data-start=\"1195\" data-end=\"1579\">Il veicolo \u00e8 alimentato da un <strong data-start=\"1223\" data-end=\"1251\">Motore elettrico 60V 1000W<\/strong>accoppiato con un <strong data-start=\"1267\" data-end=\"1293\">Controller a 18 tubi 60V<\/strong>, assicurando potenza stabile e accelerazione fluida per le condizioni di guida della citt\u00e0. Un <strong data-start=\"1378\" data-end=\"1408\">Batteria piombo-acida 60V 20Ah<\/strong> fornisce una <strong data-start=\"1420\" data-end=\"1460\">autonomia di guida di 40-60 km per carica<\/strong>a seconda delle condizioni stradali e del carico. Il tempo di ricarica \u00e8 di circa <strong data-start=\"1532\" data-end=\"1545\">6-8 ore<\/strong>adatto per la ricarica durante la notte.<\/p>\n<p style=\"padding-left: 40px;\" data-start=\"1195\" data-end=\"1579\">\u00a0 \u00a0 \u00a0 \u00a0 \u00a0 \u00a0 \u00a0 \u00a0 \u00a0 \u00a0 \u00a0 \u00a0 \u00a0 \u00a0<img fetchpriority=\"high\" decoding=\"async\" class=\"size-medium wp-image-5349 alignnone\" src=\"https:\/\/www.tairuiauto.com\/wp-content\/uploads\/2026\/01\/3-300x300.webp\" alt=\"\" width=\"300\" height=\"300\" srcset=\"https:\/\/www.tairuiauto.com\/wp-content\/uploads\/2026\/01\/3-300x300.webp 300w, https:\/\/www.tairuiauto.com\/wp-content\/uploads\/2026\/01\/3-150x150.webp 150w, https:\/\/www.tairuiauto.com\/wp-content\/uploads\/2026\/01\/3-12x12.webp 12w, https:\/\/www.tairuiauto.com\/wp-content\/uploads\/2026\/01\/3-600x600.webp 600w, https:\/\/www.tairuiauto.com\/wp-content\/uploads\/2026\/01\/3-100x100.webp 100w, https:\/\/www.tairuiauto.com\/wp-content\/uploads\/2026\/01\/3.webp 750w\" sizes=\"(max-width: 300px) 100vw, 300px\" \/> <img decoding=\"async\" class=\"size-medium wp-image-5348 alignnone\" src=\"https:\/\/www.tairuiauto.com\/wp-content\/uploads\/2026\/01\/2-1-300x300.jpg\" alt=\"\" width=\"300\" height=\"300\" srcset=\"https:\/\/www.tairuiauto.com\/wp-content\/uploads\/2026\/01\/2-1-300x300.jpg 300w, https:\/\/www.tairuiauto.com\/wp-content\/uploads\/2026\/01\/2-1-1024x1024.jpg 1024w, https:\/\/www.tairuiauto.com\/wp-content\/uploads\/2026\/01\/2-1-150x150.jpg 150w, https:\/\/www.tairuiauto.com\/wp-content\/uploads\/2026\/01\/2-1-768x768.jpg 768w, https:\/\/www.tairuiauto.com\/wp-content\/uploads\/2026\/01\/2-1-1536x1536.jpg 1536w, https:\/\/www.tairuiauto.com\/wp-content\/uploads\/2026\/01\/2-1-2048x2048.jpg 2048w, https:\/\/www.tairuiauto.com\/wp-content\/uploads\/2026\/01\/2-1-12x12.jpg 12w, https:\/\/www.tairuiauto.com\/wp-content\/uploads\/2026\/01\/2-1-600x600.jpg 600w, https:\/\/www.tairuiauto.com\/wp-content\/uploads\/2026\/01\/2-1-100x100.jpg 100w\" sizes=\"(max-width: 300px) 100vw, 300px\" \/><\/p>\n<p style=\"padding-left: 40px;\" data-start=\"1581\" data-end=\"1886\">Per comfort di guida e adattabilit\u00e0 stradale, la sospensione anteriore \u00e8 dotata di <strong data-start=\"1663\" data-end=\"1695\">ammortizzatore idraulico \u03c627<\/strong>riducendo efficacemente le vibrazioni sulle strade urbane irregolari. Il veicolo utilizza <strong data-start=\"1768\" data-end=\"1793\">3.0-10 pneumatici senza tubi<\/strong> combinato con <strong data-start=\"1808\" data-end=\"1831\">hub in lega di alluminio<\/strong>che offre buona durata, aderenza e stabilit\u00e0 di guida.<\/p>\n<p style=\"padding-left: 40px;\" data-start=\"1888\" data-end=\"2191\">Il sistema frenante \u00e8 costituito da un <strong data-start=\"1921\" data-end=\"1961\">freno a disco anteriore e freno a tamburo posteriore<\/strong>che fornisce prestazioni di fermo affidabili e sicurezza migliorata. Con un <strong data-start=\"2031\" data-end=\"2059\">capacit\u00e0 di arrampicata di \u226525%<\/strong> e una <strong data-start=\"2066\" data-end=\"2090\">velocit\u00e0 massima di 25 km\/h<\/strong>Il veicolo offre prestazioni equilibrate per la mobilit\u00e0 urbana, rispettando al contempo le normative locali sulla velocit\u00e0.<\/p>\n<p style=\"padding-left: 40px;\" data-start=\"2193\" data-end=\"2436\">Progettato per i mercati di esportazione, il veicolo supporta <strong data-start=\"2243\" data-end=\"2260\">Imballaggio SKD<\/strong>con un <strong data-start=\"2269\" data-end=\"2312\">capacit\u00e0 del contenitore di 99 unit\u00e0 per 40HQ<\/strong>. \u00c8 conforme con <strong data-start=\"2331\" data-end=\"2366\">Certificazione CEE \/ COC \/ L2e-P<\/strong>che lo rende adatto per l'uso stradale legale in molti mercati internazionali.<\/p>\n<hr style=\"padding-left: 40px;\" data-start=\"2438\" data-end=\"2441\" \/>\n<h2 style=\"padding-left: 40px;\" data-start=\"2443\" data-end=\"2471\">Caratteristiche principali &amp; Vantaggi<\/h2>\n<h3 style=\"padding-left: 40px;\" data-start=\"2473\" data-end=\"2487\">Caratteristiche<\/h3>\n<ul>\n<li style=\"list-style-type: none;\">\n<ul data-start=\"2488\" data-end=\"2716\">\n<li data-start=\"2488\" data-end=\"2537\">\n<p data-start=\"2490\" data-end=\"2537\">Design compatto e leggero per passeggeri cittadini<\/p>\n<\/li>\n<li data-start=\"2538\" data-end=\"2589\">\n<p data-start=\"2540\" data-end=\"2589\">Motore elettrico 60V 1000W con controller stabile<\/p>\n<\/li>\n<li data-start=\"2590\" data-end=\"2633\">\n<p data-start=\"2592\" data-end=\"2633\">Sistema frenante a disco anteriore e a tamburo posteriore<\/p>\n<\/li>\n<li data-start=\"2634\" data-end=\"2677\">\n<p data-start=\"2636\" data-end=\"2677\">Pneumatici senza tubi con mozzi in lega di alluminio<\/p>\n<\/li>\n<li data-start=\"2678\" data-end=\"2716\">\n<p data-start=\"2680\" data-end=\"2716\">Sistema efficiente di batterie piombo-acido<\/p>\n<\/li>\n<\/ul>\n<\/li>\n<\/ul>\n<h3 style=\"padding-left: 40px;\" data-start=\"2718\" data-end=\"2734\">Vantaggi<\/h3>\n<ul>\n<li style=\"list-style-type: none;\">\n<ul data-start=\"2735\" data-end=\"2918\">\n<li data-start=\"2735\" data-end=\"2778\">\n<p data-start=\"2737\" data-end=\"2778\">Facilit\u00e0 di manovra in aree urbane affollate<\/p>\n<\/li>\n<li data-start=\"2779\" data-end=\"2824\">\n<p data-start=\"2781\" data-end=\"2824\">Basso consumo energetico e costi operativi<\/p>\n<\/li>\n<li data-start=\"2825\" data-end=\"2866\">\n<p data-start=\"2827\" data-end=\"2866\">Struttura semplice per una facile manutenzione<\/p>\n<\/li>\n<li data-start=\"2867\" data-end=\"2918\">\n<p data-start=\"2869\" data-end=\"2918\">Prestazioni stabili per i pendolari a breve distanza<\/p>\n<\/li>\n<\/ul>\n<\/li>\n<\/ul>\n<h3 style=\"padding-left: 40px;\" data-start=\"2920\" data-end=\"2940\">Vantaggi per l'acquirente<\/h3>\n<ul>\n<li style=\"list-style-type: none;\">\n<ul data-start=\"2941\" data-end=\"3124\">\n<li data-start=\"2941\" data-end=\"2991\">\n<p data-start=\"2943\" data-end=\"2991\">Ideale per viaggi quotidiani in citt\u00e0 e brevi pendolari<\/p>\n<\/li>\n<li data-start=\"2992\" data-end=\"3033\">\n<p data-start=\"2994\" data-end=\"3033\">Riduzione delle spese di carburante e manutenzione<\/p>\n<\/li>\n<li data-start=\"3034\" data-end=\"3075\">\n<p data-start=\"3036\" data-end=\"3075\">Adatto per l'esportazione e la spedizione di massa<\/p>\n<\/li>\n<li data-start=\"3076\" data-end=\"3124\">\n<p data-start=\"3078\" data-end=\"3124\">Certificato per pi\u00f9 mercati internazionali<\/p>\n<\/li>\n<\/ul>\n<\/li>\n<\/ul>\n<h3 style=\"padding-left: 40px;\" data-start=\"3126\" data-end=\"3140\">Prova<\/h3>\n<ul>\n<li style=\"list-style-type: none;\">\n<ul data-start=\"3141\" data-end=\"3281\">\n<li data-start=\"3141\" data-end=\"3185\">\n<p data-start=\"3143\" data-end=\"3185\">Configurazione della trasmissione elettrica matura<\/p>\n<\/li>\n<li data-start=\"3186\" data-end=\"3233\">\n<p data-start=\"3188\" data-end=\"3233\">Certificato secondo le norme CEE \/ COC \/ L2e-P<\/p>\n<\/li>\n<li data-start=\"3234\" data-end=\"3281\">\n<p data-start=\"3236\" data-end=\"3281\">Provata progettazione del sistema di sospensione e frenatura<\/p>\n<\/li>\n<\/ul>\n<\/li>\n<\/ul>\n<hr style=\"padding-left: 40px;\" data-start=\"3283\" data-end=\"3286\" \/>\n<h2 style=\"padding-left: 40px;\" data-start=\"3288\" data-end=\"3312\">Scenari di applicazione<\/h2>\n<ul>\n<li style=\"list-style-type: none;\">\n<ul data-start=\"3314\" data-end=\"3478\">\n<li data-start=\"3314\" data-end=\"3348\">\n<p data-start=\"3316\" data-end=\"3348\">Trasferimenti urbani a breve distanza<\/p>\n<\/li>\n<li data-start=\"3349\" data-end=\"3389\">\n<p data-start=\"3351\" data-end=\"3389\">Trasporti comunitari residenziali<\/p>\n<\/li>\n<li data-start=\"3390\" data-end=\"3418\">\n<p data-start=\"3392\" data-end=\"3418\">Mobilit\u00e0 campus e parco<\/p>\n<\/li>\n<li data-start=\"3419\" data-end=\"3444\">\n<p data-start=\"3421\" data-end=\"3444\">Viaggi personali giornalieri<\/p>\n<\/li>\n<li data-start=\"3445\" data-end=\"3478\">\n<p data-start=\"3447\" data-end=\"3478\">Progetti di mobilit\u00e0 condivisa urbana<\/p>\n<\/li>\n<\/ul>\n<\/li>\n<\/ul>\n<hr style=\"padding-left: 40px;\" data-start=\"3480\" data-end=\"3483\" \/>\n<h2 style=\"padding-left: 40px;\" data-start=\"3485\" data-end=\"3535\">Perch\u00e9 scegliere questo mini veicolo elettrico<\/h2>\n<p style=\"padding-left: 40px;\" data-start=\"3537\" data-end=\"3819\">Il <strong data-start=\"3541\" data-end=\"3589\">Mini veicolo passeggeri elettrico per uso urbano<\/strong> combina dimensioni compatte, prestazioni elettriche affidabili e certificazione internazionale. \u00c8 una scelta ideale per i distributori e gli utenti finali che cercano una soluzione economica ed ecologica per il trasporto urbano di passeggeri.<\/p>\n<hr style=\"padding-left: 40px;\" data-start=\"3821\" data-end=\"3824\" \/>\n<h2 style=\"padding-left: 40px;\" data-start=\"3826\" data-end=\"3849\">Imballaggio &amp; Consegna<\/h2>\n<ul>\n<li style=\"list-style-type: none;\">\n<ul data-start=\"3851\" data-end=\"4029\">\n<li data-start=\"3851\" data-end=\"3891\">\n<p data-start=\"3853\" data-end=\"3891\"><strong data-start=\"3853\" data-end=\"3871\">Certificazione:<\/strong> CEE \/ COC \/ L2e-P<\/p>\n<\/li>\n<li data-start=\"3892\" data-end=\"3937\">\n<p data-start=\"3894\" data-end=\"3937\"><strong data-start=\"3894\" data-end=\"3917\">Capacit\u00e0 del contenitore:<\/strong> 99 pezzi SKD \/ 40HQ<\/p>\n<\/li>\n<li data-start=\"3938\" data-end=\"3985\">\n<p data-start=\"3940\" data-end=\"3985\"><strong data-start=\"3940\" data-end=\"3959\">Metodo di imballaggio:<\/strong> Imballaggio standard di esportazione<\/p>\n<\/li>\n<li data-start=\"3986\" data-end=\"4029\">\n<p data-start=\"3988\" data-end=\"4029\"><strong data-start=\"3988\" data-end=\"4006\">Modulo di consegna:<\/strong> SKD \/ CKD (facoltativo)<\/p>\n<\/li>\n<\/ul>\n<\/li>\n<\/ul>\n<hr style=\"padding-left: 40px;\" data-start=\"4031\" data-end=\"4034\" \/>\n<h2 style=\"padding-left: 40px;\" data-start=\"4036\" data-end=\"4042\">Domande frequenti<\/h2>\n<p style=\"padding-left: 40px;\" data-start=\"4044\" data-end=\"4202\"><strong data-start=\"4044\" data-end=\"4097\">Q1: Qual \u00e8 il raggio massimo di guida per carica?<\/strong><br data-start=\"4097\" data-end=\"4100\" \/>Il veicolo offre una gamma di <strong data-start=\"4130\" data-end=\"4142\">40-60 km<\/strong> a carico, a seconda delle condizioni stradali e delle abitudini di guida.<\/p>\n<p style=\"padding-left: 40px;\" data-start=\"4204\" data-end=\"4348\"><strong data-start=\"4204\" data-end=\"4255\">Q2: Che tipo di batteria utilizza questo veicolo?<\/strong><br data-start=\"4255\" data-end=\"4258\" \/>Utilizza un <strong data-start=\"4268\" data-end=\"4298\">Batteria piombo-acida 60V 20Ah<\/strong>che fornisce prestazioni stabili ed economicamente efficaci.<\/p>\n<p style=\"padding-left: 40px;\" data-start=\"4350\" data-end=\"4482\"><strong data-start=\"4350\" data-end=\"4399\">Q3: Questo veicolo \u00e8 adatto per strade urbane?<\/strong><br data-start=\"4399\" data-end=\"4402\" \/>- S\u00ec. - S\u00ec. Le sue dimensioni compatte e la velocit\u00e0 massima controllata lo rendono ideale per i pendolari in citt\u00e0.<\/p>\n<p style=\"padding-left: 40px;\" data-start=\"4484\" data-end=\"4624\"><strong data-start=\"4484\" data-end=\"4533\">Q4: Quali certificazioni ha questo modello?<\/strong><br data-start=\"4533\" data-end=\"4536\" \/>Il veicolo \u00e8 certificato con <strong data-start=\"4566\" data-end=\"4587\">CEE \/ COC \/ L2e-P<\/strong>consentendo l'uso legale in molti mercati.<\/p>\n<p style=\"padding-left: 40px;\" data-start=\"4626\" data-end=\"4732\"><strong data-start=\"4626\" data-end=\"4661\">Q5: Come viene spedito il veicolo?<\/strong><br data-start=\"4661\" data-end=\"4664\" \/>\u00c8 spedito in <strong data-start=\"4681\" data-end=\"4693\">Modulo SKD<\/strong>, con <strong data-start=\"4700\" data-end=\"4731\">99 unit\u00e0 per contenitore 40HQ<\/strong>.<\/p>","protected":false},"excerpt":{"rendered":"<p>Il <strong data-start=\"131\" data-end=\"179\">Mini veicolo passeggeri elettrico per uso urbano<\/strong> \u00e8 una soluzione compatta di mobilit\u00e0 elettrica progettata per i pendolari urbani a breve distanza. Con una struttura leggera, un efficiente sistema di trasmissione elettrico e un sistema frenante stabile, offre un trasporto sicuro ed economico per gli utenti della citt\u00e0.<\/p>","protected":false},"featured_media":5347,"comment_status":"open","ping_status":"closed","template":"","meta":[],"product_brand":[],"product_cat":[78],"product_tag":[],"class_list":{"0":"post-3689","1":"product","2":"type-product","3":"status-publish","4":"has-post-thumbnail","6":"product_cat-electric-tricycle","8":"first","9":"instock","10":"shipping-taxable","11":"product-type-simple"},"_links":{"self":[{"href":"https:\/\/www.tairuiauto.com\/it\/wp-json\/wp\/v2\/product\/3689","targetHints":{"allow":["GET"]}}],"collection":[{"href":"https:\/\/www.tairuiauto.com\/it\/wp-json\/wp\/v2\/product"}],"about":[{"href":"https:\/\/www.tairuiauto.com\/it\/wp-json\/wp\/v2\/types\/product"}],"replies":[{"embeddable":true,"href":"https:\/\/www.tairuiauto.com\/it\/wp-json\/wp\/v2\/comments?post=3689"}],"wp:featuredmedia":[{"embeddable":true,"href":"https:\/\/www.tairuiauto.com\/it\/wp-json\/wp\/v2\/media\/5347"}],"wp:attachment":[{"href":"https:\/\/www.tairuiauto.com\/it\/wp-json\/wp\/v2\/media?parent=3689"}],"wp:term":[{"taxonomy":"product_brand","embeddable":true,"href":"https:\/\/www.tairuiauto.com\/it\/wp-json\/wp\/v2\/product_brand?post=3689"},{"taxonomy":"product_cat","embeddable":true,"href":"https:\/\/www.tairuiauto.com\/it\/wp-json\/wp\/v2\/product_cat?post=3689"},{"taxonomy":"product_tag","embeddable":true,"href":"https:\/\/www.tairuiauto.com\/it\/wp-json\/wp\/v2\/product_tag?post=3689"}],"curies":[{"name":"WP","href":"https:\/\/api.w.org\/{rel}","templated":true}]}}