{"id":3697,"date":"2025-09-15T10:06:38","date_gmt":"2025-09-15T02:06:38","guid":{"rendered":"https:\/\/www.tairuiauto.com\/?post_type=product&#038;p=3697"},"modified":"2025-09-15T10:06:38","modified_gmt":"2025-09-15T02:06:38","slug":"electric-tricycle-for-passengers","status":"publish","type":"product","link":"https:\/\/www.tairuiauto.com\/it\/product\/electric-tricycle-for-passengers\/","title":{"rendered":"Triciclo elettrico per passeggeri"},"content":{"rendered":"<h2 data-start=\"929\" data-end=\"974\">Struttura forte e dimensioni compatte<\/h2>\n<p data-start=\"975\" data-end=\"1363\">Con una dimensione complessiva di <strong data-start=\"999\" data-end=\"1019\">1547\u00d7801\u00d71077 millimetri<\/strong>Il triciclo mantiene un'impronta compatta che rende facile la manovra attraverso le strade della citt\u00e0 trafficate, fornendo comunque comodi posti a sedere per due passeggeri. Per i grossisti, questa combinazione di piccole dimensioni e design funzionale garantisce un ampio appeal per i clienti, dai singoli utenti familiari ai piccoli operatori di servizi di trasporto.<\/p>\n<h2 data-start=\"975\" data-end=\"1363\">Parametri<\/h2>\n<table style=\"border-collapse: collapse; width: 84.7101%; height: 440px;\" border=\"0\" width=\"720\" cellspacing=\"0\" cellpadding=\"0\">\n<tbody>\n<tr style=\"height: 20.00pt;\">\n<td class=\"et5\" style=\"height: 20.00pt; width: 432.45pt;\" colspan=\"2\" width=\"720\" height=\"33\">Configurazione standard<\/td>\n<\/tr>\n<tr style=\"height: 20.00pt;\">\n<td class=\"et5\" style=\"height: 20.00pt;\" height=\"33\">Modello<\/td>\n<td class=\"et7\"><a href=\"#\u76ee\u5f55!A1\">P102<\/a><\/td>\n<\/tr>\n<tr style=\"height: 20.00pt;\">\n<td class=\"et6\" style=\"height: 20.00pt; width: 159.05pt;\" width=\"265\" height=\"33\">Dim complessivo (mm)<\/td>\n<td class=\"et6\" style=\"width: 273.40pt;\" width=\"455\">2285*975*1048<\/td>\n<\/tr>\n<tr style=\"height: 20.00pt;\">\n<td class=\"et6\" style=\"height: 20.00pt; width: 159.05pt;\" width=\"265\" height=\"33\">Forca anteriore<\/td>\n<td class=\"et6\" style=\"width: 273.40pt;\" width=\"455\">\u044431 urtatore idraulico<\/td>\n<\/tr>\n<tr style=\"height: 20.00pt;\">\n<td class=\"et6\" style=\"height: 20.00pt; width: 159.05pt;\" width=\"265\" height=\"33\">motore<\/td>\n<td class=\"et6\" style=\"width: 273.40pt;\" width=\"455\">60V1000W<\/td>\n<\/tr>\n<tr style=\"height: 20.00pt;\">\n<td class=\"et6\" style=\"height: 20.00pt; width: 159.05pt;\" width=\"265\" height=\"33\">Controllatore<\/td>\n<td class=\"et6\" style=\"width: 273.40pt;\" width=\"455\">60V 18tubi<\/td>\n<\/tr>\n<tr style=\"height: 20.00pt;\">\n<td class=\"et6\" style=\"height: 20.00pt; width: 159.05pt;\" width=\"265\" height=\"33\">Pneumatico anteriore\/posteriore<\/td>\n<td class=\"et6\" style=\"width: 273.40pt;\" width=\"455\">Pneumatico senza tubi 3.0-10<\/td>\n<\/tr>\n<tr style=\"height: 20.00pt;\">\n<td class=\"et6\" style=\"height: 20.00pt; width: 159.05pt;\" width=\"265\" height=\"33\">Bordo<\/td>\n<td class=\"et6\" style=\"width: 273.40pt;\" width=\"455\">Hub in lega di alluminio<\/td>\n<\/tr>\n<tr style=\"height: 20.00pt;\">\n<td class=\"et6\" style=\"height: 20.00pt; width: 159.05pt;\" width=\"265\" height=\"33\">Sistema frenante<\/td>\n<td class=\"et6\" style=\"width: 273.40pt;\" width=\"455\">anteriore: disco \/ posteriore: tamburo<\/td>\n<\/tr>\n<tr style=\"height: 20.00pt;\">\n<td class=\"et6\" style=\"height: 20.00pt; width: 159.05pt;\" width=\"265\" height=\"33\">Tempo di carica (H)<\/td>\n<td class=\"et6\" style=\"width: 273.40pt;\" width=\"455\">6-8<\/td>\n<\/tr>\n<tr style=\"height: 20.00pt;\">\n<td class=\"et6\" style=\"height: 20.00pt; width: 159.05pt;\" width=\"265\" height=\"33\">Range per carica\/km<\/td>\n<td class=\"et6\" style=\"width: 273.40pt;\" width=\"455\">40-60<\/td>\n<\/tr>\n<tr style=\"height: 20.00pt;\">\n<td class=\"et6\" style=\"height: 20.00pt; width: 159.05pt;\" width=\"265\" height=\"33\">Grado di arrampicata (%)<\/td>\n<td class=\"et6\" style=\"width: 273.40pt;\" width=\"455\">\u226525<\/td>\n<\/tr>\n<tr style=\"height: 20.00pt;\">\n<td class=\"et6\" style=\"height: 20.00pt; width: 159.05pt;\" width=\"265\" height=\"33\">batteria<\/td>\n<td class=\"et6\" style=\"width: 273.40pt;\" width=\"455\">Batteria acida al piombo 60V20AH<\/td>\n<\/tr>\n<tr style=\"height: 20.00pt;\">\n<td class=\"et6\" style=\"height: 20.00pt; width: 159.05pt;\" width=\"265\" height=\"33\">Velocit\u00e0 massima (km\/h)<\/td>\n<td class=\"et6\" style=\"width: 273.40pt;\" width=\"455\">25 km\/h<\/td>\n<\/tr>\n<tr style=\"height: 20.00pt;\">\n<td class=\"et6\" style=\"height: 20.00pt; width: 159.05pt;\" width=\"265\" height=\"33\">Capacit\u00e0 del contenitore<\/td>\n<td class=\"et6\" style=\"width: 273.40pt;\" width=\"455\">48 PCS SKD\/40&#8217; Sede generale<\/td>\n<\/tr>\n<tr style=\"height: 20.00pt;\">\n<td class=\"et6\" style=\"height: 20.00pt; width: 159.05pt;\" width=\"265\" height=\"33\">Certificato<\/td>\n<td class=\"et6\" style=\"width: 273.40pt;\" width=\"455\">CEE \/ COC \/ L2e-P<\/td>\n<\/tr>\n<\/tbody>\n<\/table>\n<h2 data-start=\"1365\" data-end=\"1402\">Efficienza del motore e del controller<\/h2>\n<p data-start=\"1403\" data-end=\"1787\">Dotato di una <strong data-start=\"1419\" data-end=\"1437\">motore 60V1000W<\/strong> e controllato da un <strong data-start=\"1458\" data-end=\"1484\">Controller a 18 tubi 60V<\/strong>, il veicolo fornisce potenza di uscita stabile e funzionamento fluido. Questa configurazione garantisce prestazioni coerenti, sia che siano utilizzate per brevi pendoli, incarichi giornalieri o servizi passeggeri di quartiere. Per gli acquirenti di massa, la stabilit\u00e0 tecnica riduce i problemi post-vendita e garantisce la soddisfazione del cliente.<\/p>\n<h2 data-start=\"1789\" data-end=\"1821\">Batteria e autonomia affidabili<\/h2>\n<p data-start=\"1822\" data-end=\"2225\">Il <strong data-start=\"1826\" data-end=\"1855\">Batteria piombo-acida 60V20AH<\/strong> supporta una distanza di viaggio di <strong data-start=\"1886\" data-end=\"1909\">40-60 km per carica<\/strong>con un tempo di ricarica di <strong data-start=\"1935\" data-end=\"1948\">6-8 ore<\/strong>Ci\u00f2 lo rende adatto per l'uso quotidiano dei passeggeri mantenendo i costi operativi bassi. I distributori all'ingrosso possono promuovere con fiducia il triciclo come scelta economica, poich\u00e9 il sistema di batteria ha dimostrato di gestire cicli di ricarica frequenti senza una significativa perdita di prestazioni.<\/p>\n<h2 data-start=\"2227\" data-end=\"2260\">Caratteristiche di sicurezza e comfort<\/h2>\n<p data-start=\"2261\" data-end=\"2743\">La sicurezza \u00e8 uno dei punti di vendita pi\u00f9 forti di questo modello. Il fronte <strong data-start=\"2332\" data-end=\"2364\">ammortizzatore idraulico \u03c627<\/strong> garantisce una manipolazione fluida, mentre il <strong data-start=\"2401\" data-end=\"2426\">3.0-10 pneumatici senza tubi<\/strong> e <strong data-start=\"2431\" data-end=\"2454\">hub in lega di alluminio<\/strong> migliorare la durabilit\u00e0 e la stabilit\u00e0 stradale. Il <strong data-start=\"2498\" data-end=\"2539\">sistema freno a disco anteriore e a tamburo posteriore<\/strong> garantisce una frenata efficace in condizioni di guida diverse, un fattore essenziale per la sicurezza dei passeggeri. Questi dettagli di progettazione lo rendono una scelta affidabile per strade urbane e percorsi rurali moderatamente irregolari.<\/p>\n<h2 data-start=\"2745\" data-end=\"2776\">Prestazioni e usabilit\u00e0<\/h2>\n<p data-start=\"2777\" data-end=\"3141\">Con una velocit\u00e0 massima di <strong data-start=\"2801\" data-end=\"2812\">25 km\/h<\/strong>Il triciclo \u00e8 conforme alla maggior parte delle norme regionali di velocit\u00e0 per i veicoli passeggeri. La sua capacit\u00e0 di arrampicata di <strong data-start=\"2921\" data-end=\"2929\">\u226525%<\/strong> permette di operare con fiducia in aree con pendenze o inclinazioni lievi. Per i grossisti, questo significa che il prodotto \u00e8 adattabile in pi\u00f9 regioni con terreni diversi, espandendo ulteriormente le opportunit\u00e0 di mercato.<\/p>\n<h2 data-start=\"3143\" data-end=\"3182\">Vantaggio all'ingrosso e logistico<\/h2>\n<p data-start=\"3183\" data-end=\"3518\">Il veicolo ha una capacit\u00e0 di carico di <strong data-start=\"3231\" data-end=\"3251\">99 PCS SKD\/40'HQ<\/strong>, che offre un'eccellente efficienza dei costi per ordini in massa. Questo \u00e8 un vantaggio critico per i distributori che cercano di ottimizzare la logistica e massimizzare i margini di profitto. Fornendo una densit\u00e0 unitaria pi\u00f9 elevata per spedizione, gli acquirenti beneficiano di spese di spedizione ridotte per triciclo.<\/p>\n<h2 data-start=\"3520\" data-end=\"3561\">Certificazione e fiducia del mercato<\/h2>\n<p data-start=\"3562\" data-end=\"3884\">Certificato sotto <strong data-start=\"3578\" data-end=\"3599\">CEE \/ COC \/ L2e-P<\/strong>Il modello soddisfa gli standard di qualit\u00e0 e sicurezza europei e internazionali. La certificazione \u00e8 un forte punto di vendita per i distributori, in quanto garantisce la conformit\u00e0 alle normative globali e costruisce fiducia con gli utenti finali. Ci\u00f2 riduce i potenziali rischi legali o operativi nei mercati di esportazione.<\/p>\n<h2 data-start=\"3886\" data-end=\"3914\">Perch\u00e9 scegliere questo modello?<\/h2>\n<ul data-start=\"3915\" data-end=\"4354\">\n<li data-start=\"3915\" data-end=\"3980\">\n<p data-start=\"3917\" data-end=\"3980\"><strong data-start=\"3917\" data-end=\"3941\">Costruzione duratura<\/strong> con struttura compatta ma robusta<\/p>\n<\/li>\n<li data-start=\"3981\" data-end=\"4048\">\n<p data-start=\"3983\" data-end=\"4048\"><strong data-start=\"3983\" data-end=\"4017\">Motore e controller efficienti<\/strong> per una guida fluida e affidabile<\/p>\n<\/li>\n<li data-start=\"4049\" data-end=\"4124\">\n<p data-start=\"4051\" data-end=\"4124\"><strong data-start=\"4051\" data-end=\"4076\">Sistema di batteria provato<\/strong> con portata pratica e ciclo di ricarica rapido<\/p>\n<\/li>\n<li data-start=\"4125\" data-end=\"4212\">\n<p data-start=\"4127\" data-end=\"4212\"><strong data-start=\"4127\" data-end=\"4155\">Caratteristiche di sicurezza avanzate<\/strong> compresa sospensione idraulica e doppio sistema frenante<\/p>\n<\/li>\n<li data-start=\"4213\" data-end=\"4282\">\n<p data-start=\"4215\" data-end=\"4282\"><strong data-start=\"4215\" data-end=\"4243\">Logistica economicamente efficiente<\/strong> con alta capacit\u00e0 di carico del contenitore<\/p>\n<\/li>\n<li data-start=\"4283\" data-end=\"4354\">\n<p data-start=\"4285\" data-end=\"4354\"><strong data-start=\"4285\" data-end=\"4322\">Certificato per vendite internazionali<\/strong>Garantire un ingresso fluido sul mercato<\/p>\n<\/li>\n<\/ul>\n<p data-start=\"4356\" data-end=\"4793\">Il <strong data-start=\"4360\" data-end=\"4396\">triciclo elettrico per passeggeri<\/strong> si distingue come una scelta sicura, efficiente e redditizia per gli acquirenti di massa. Se promosso come un <strong data-start=\"4491\" data-end=\"4540\">triciclo elettrico di alta qualit\u00e0 per passeggeri<\/strong>, offerto da <strong data-start=\"4553\" data-end=\"4609\">all'ingrosso triciclo elettrico per passeggeri fornitori<\/strong>o commercializzato come <strong data-start=\"4629\" data-end=\"4686\">triciclo elettrico ecologico per veicoli passeggeri<\/strong>Questo modello soddisfa le esigenze dei trasporti moderni fornendo al contempo un forte valore commerciale per i distributori.<\/p>","protected":false},"excerpt":{"rendered":"<p>Il <strong data-start=\"587\" data-end=\"623\">triciclo elettrico per passeggeri<\/strong> \u00e8 una soluzione di mobilit\u00e0 versatile, ecologica e pratica, ideale sia per i pendolari urbani che per i trasporti rurali. Progettato con durabilit\u00e0 ed efficienza in mente, questo modello \u00e8 altamente adatto per gli acquirenti all'ingrosso che hanno bisogno di veicoli affidabili che combinano prestazioni, sicurezza e valore a lungo termine.<\/p>","protected":false},"featured_media":3699,"comment_status":"open","ping_status":"closed","template":"","meta":[],"product_brand":[],"product_cat":[78],"product_tag":[],"class_list":{"0":"post-3697","1":"product","2":"type-product","3":"status-publish","4":"has-post-thumbnail","6":"product_cat-electric-tricycle","8":"first","9":"instock","10":"shipping-taxable","11":"product-type-simple"},"_links":{"self":[{"href":"https:\/\/www.tairuiauto.com\/it\/wp-json\/wp\/v2\/product\/3697","targetHints":{"allow":["GET"]}}],"collection":[{"href":"https:\/\/www.tairuiauto.com\/it\/wp-json\/wp\/v2\/product"}],"about":[{"href":"https:\/\/www.tairuiauto.com\/it\/wp-json\/wp\/v2\/types\/product"}],"replies":[{"embeddable":true,"href":"https:\/\/www.tairuiauto.com\/it\/wp-json\/wp\/v2\/comments?post=3697"}],"wp:featuredmedia":[{"embeddable":true,"href":"https:\/\/www.tairuiauto.com\/it\/wp-json\/wp\/v2\/media\/3699"}],"wp:attachment":[{"href":"https:\/\/www.tairuiauto.com\/it\/wp-json\/wp\/v2\/media?parent=3697"}],"wp:term":[{"taxonomy":"product_brand","embeddable":true,"href":"https:\/\/www.tairuiauto.com\/it\/wp-json\/wp\/v2\/product_brand?post=3697"},{"taxonomy":"product_cat","embeddable":true,"href":"https:\/\/www.tairuiauto.com\/it\/wp-json\/wp\/v2\/product_cat?post=3697"},{"taxonomy":"product_tag","embeddable":true,"href":"https:\/\/www.tairuiauto.com\/it\/wp-json\/wp\/v2\/product_tag?post=3697"}],"curies":[{"name":"WP","href":"https:\/\/api.w.org\/{rel}","templated":true}]}}