{"id":3708,"date":"2026-01-21T11:03:46","date_gmt":"2026-01-21T03:03:46","guid":{"rendered":"https:\/\/www.tairuiauto.com\/?post_type=product&#038;p=3708"},"modified":"2026-01-27T10:55:01","modified_gmt":"2026-01-27T02:55:01","slug":"eco-friendly-electric-tuk","status":"publish","type":"product","link":"https:\/\/www.tairuiauto.com\/it\/product\/eco-friendly-electric-tuk\/","title":{"rendered":"Bassa velocit\u00e0 elettrica City Tuk"},"content":{"rendered":"<h2 style=\"padding-left: 40px;\" data-start=\"430\" data-end=\"449\">Panoramica del prodotto<\/h2>\n<p style=\"padding-left: 40px;\" data-start=\"4030\" data-end=\"4444\">Il <strong data-start=\"455\" data-end=\"486\">Bassa velocit\u00e0 elettrica City Tuk<\/strong> Caratterizza una carrozzeria compatta e una struttura meccanica semplice, rendendola adatta per strade strette, comunit\u00e0 urbane e ambienti di traffico urbano a bassa velocit\u00e0. Il suo sistema di azionamento elettrico garantisce un funzionamento silenzioso, bassi costi di manutenzione e prestazioni ecologiche.<\/p>\n<table style=\"border-collapse: collapse; width: 74.5521%; height: 482px; margin-left: 40px;\" border=\"0\" width=\"720\" cellspacing=\"0\" cellpadding=\"0\">\n<tbody style=\"padding-left: 40px;\">\n<tr style=\"height: 20pt; padding-left: 40px;\">\n<td class=\"et4\" style=\"height: 20pt; width: 159.05pt; padding-left: 40px;\" width=\"265\" height=\"33\">Modello<\/td>\n<td class=\"et4\" style=\"width: 273.4pt; padding-left: 40px;\" width=\"455\">Bassa velocit\u00e0 elettrica City Tuk<\/td>\n<\/tr>\n<tr style=\"height: 20pt; padding-left: 40px;\">\n<td class=\"et5\" style=\"height: 20pt; width: 159.05pt; padding-left: 40px;\" width=\"265\" height=\"33\">Dim complessivo (mm)<\/td>\n<td class=\"et5\" style=\"width: 273.4pt; padding-left: 40px;\" width=\"455\">2200*1050*1700<\/td>\n<\/tr>\n<tr style=\"height: 20pt; padding-left: 40px;\">\n<td class=\"et5\" style=\"height: 20pt; width: 159.05pt; padding-left: 40px;\" width=\"265\" height=\"33\">Forca anteriore<\/td>\n<td class=\"et5\" style=\"width: 273.4pt; padding-left: 40px;\" width=\"455\">\u044431 urtatore idraulico<\/td>\n<\/tr>\n<tr style=\"height: 20pt; padding-left: 40px;\">\n<td class=\"et5\" style=\"height: 20pt; width: 159.05pt; padding-left: 40px;\" width=\"265\" height=\"33\">motore<\/td>\n<td class=\"et5\" style=\"width: 273.4pt; padding-left: 40px;\" width=\"455\">60V1000W<\/td>\n<\/tr>\n<tr style=\"height: 20pt; padding-left: 40px;\">\n<td class=\"et5\" style=\"height: 20pt; width: 159.05pt; padding-left: 40px;\" width=\"265\" height=\"33\">Controllatore<\/td>\n<td class=\"et5\" style=\"width: 273.4pt; padding-left: 40px;\" width=\"455\">60V 18tubi<\/td>\n<\/tr>\n<tr style=\"height: 20pt; padding-left: 40px;\">\n<td class=\"et5\" style=\"height: 20pt; width: 159.05pt; padding-left: 40px;\" width=\"265\" height=\"33\">Pneumatico anteriore\/posteriore<\/td>\n<td class=\"et5\" style=\"width: 273.4pt; padding-left: 40px;\" width=\"455\">Pneumatico senza tubi 3.0-10<\/td>\n<\/tr>\n<tr style=\"height: 20pt; padding-left: 40px;\">\n<td class=\"et5\" style=\"height: 20pt; width: 159.05pt; padding-left: 40px;\" width=\"265\" height=\"33\">Bordo<\/td>\n<td class=\"et5\" style=\"width: 273.4pt; padding-left: 40px;\" width=\"455\">anteriore: mozzo in lega di alluminio<br \/>\nposteriore: mozzo in ferro<\/td>\n<\/tr>\n<tr style=\"height: 20pt; padding-left: 40px;\">\n<td class=\"et5\" style=\"height: 20pt; width: 159.05pt; padding-left: 40px;\" width=\"265\" height=\"33\">Sistema frenante<\/td>\n<td class=\"et5\" style=\"width: 273.4pt; padding-left: 40px;\" width=\"455\">anteriore: disco \/ posteriore: tamburo<\/td>\n<\/tr>\n<tr style=\"height: 20pt; padding-left: 40px;\">\n<td class=\"et5\" style=\"height: 20pt; width: 159.05pt; padding-left: 40px;\" width=\"265\" height=\"33\">Tempo di carica (H)<\/td>\n<td class=\"et5\" style=\"width: 273.4pt; padding-left: 40px;\" width=\"455\">6-8<\/td>\n<\/tr>\n<tr style=\"height: 20pt; padding-left: 40px;\">\n<td class=\"et5\" style=\"height: 20pt; width: 159.05pt; padding-left: 40px;\" width=\"265\" height=\"33\">Range per carica\/km<\/td>\n<td class=\"et5\" style=\"width: 273.4pt; padding-left: 40px;\" width=\"455\">40-60<\/td>\n<\/tr>\n<tr style=\"height: 20pt; padding-left: 40px;\">\n<td class=\"et5\" style=\"height: 20pt; width: 159.05pt; padding-left: 40px;\" width=\"265\" height=\"33\">Grado di arrampicata (%)<\/td>\n<td class=\"et5\" style=\"width: 273.4pt; padding-left: 40px;\" width=\"455\">\u226425<\/td>\n<\/tr>\n<tr style=\"height: 20pt; padding-left: 40px;\">\n<td class=\"et5\" style=\"height: 20pt; width: 159.05pt; padding-left: 40px;\" width=\"265\" height=\"33\">batteria<\/td>\n<td class=\"et5\" style=\"width: 273.4pt; padding-left: 40px;\" width=\"455\">Batteria a piombo acido 60V32AH<\/td>\n<\/tr>\n<tr style=\"height: 20pt; padding-left: 40px;\">\n<td class=\"et5\" style=\"height: 20pt; width: 159.05pt; padding-left: 40px;\" width=\"265\" height=\"33\">Velocit\u00e0 massima (km\/h)<\/td>\n<td class=\"et5\" style=\"width: 273.4pt; padding-left: 40px;\" width=\"455\">25 km\/h<\/td>\n<\/tr>\n<tr style=\"height: 20pt; padding-left: 40px;\">\n<td class=\"et5\" style=\"height: 20pt; width: 159.05pt; padding-left: 40px;\" width=\"265\" height=\"33\">Capacit\u00e0 del contenitore<\/td>\n<td class=\"et5\" style=\"width: 273.4pt; padding-left: 40px;\" width=\"455\">33 PCS SKD\/40&#8217; Sede generale<\/td>\n<\/tr>\n<tr style=\"height: 20pt; padding-left: 40px;\">\n<td class=\"et5\" style=\"height: 20pt; width: 159.05pt; padding-left: 40px;\" width=\"265\" height=\"33\">Certificato<\/td>\n<td class=\"et5\" style=\"width: 273.4pt; padding-left: 40px;\" width=\"455\">CCC<\/td>\n<\/tr>\n<\/tbody>\n<\/table>\n<h2 style=\"padding-left: 40px;\" data-start=\"430\" data-end=\"449\"><\/h2>\n<hr style=\"padding-left: 40px;\" data-start=\"753\" data-end=\"756\" \/>\n<h2 style=\"padding-left: 40px;\" data-start=\"758\" data-end=\"780\">Descrizione del prodotto<\/h2>\n<h3 style=\"padding-left: 40px;\" data-start=\"782\" data-end=\"804\">Categoria di prodotto<\/h3>\n<p style=\"padding-left: 40px;\" data-start=\"805\" data-end=\"877\">Tuk elettrico a bassa velocit\u00e0\/veicolo elettrico a tre ruote elettrico\/urbano<\/p>\n<h3 style=\"padding-left: 40px;\" data-start=\"879\" data-end=\"904\">Descrizione del prodotto<\/h3>\n<p style=\"padding-left: 40px;\" data-start=\"906\" data-end=\"1122\">Il <strong data-start=\"910\" data-end=\"941\">Bassa velocit\u00e0 elettrica City Tuk<\/strong> adotta una dimensione generale di <strong data-start=\"973\" data-end=\"998\">2200 \u00d7 1050 \u00d7 1700 mm<\/strong>Offrendo ottima manovrabilit\u00e0 in ambienti urbani affollati mantenendo allo stesso tempo spazio interno sufficiente per l'uso quotidiano.<\/p>\n<p style=\"padding-left: 40px;\" data-start=\"1124\" data-end=\"1515\">\u00c8 dotato di un <strong data-start=\"1146\" data-end=\"1174\">Motore elettrico 60V 1000W<\/strong> e una <strong data-start=\"1181\" data-end=\"1207\">Controller a 18 tubi 60V<\/strong>che fornisce potenza stabile per le strade urbane. Il veicolo utilizza una <strong data-start=\"1276\" data-end=\"1306\">Batteria piombo-acida 60V 32Ah<\/strong>che fornisce una gamma di guida di <strong data-start=\"1337\" data-end=\"1360\">40-60 km per carica<\/strong>adatto per i pendolari a breve distanza e i trasporti locali. Il tempo di ricarica \u00e8 di circa <strong data-start=\"1461\" data-end=\"1474\">6-8 ore<\/strong>che consente una conveniente ricarica durante la notte.<\/p>\n<h3 style=\"padding-left: 40px;\" data-start=\"6401\" data-end=\"6410\"><img fetchpriority=\"high\" decoding=\"async\" class=\"size-medium wp-image-5359 alignnone\" src=\"https:\/\/www.tairuiauto.com\/wp-content\/uploads\/2026\/01\/5-1-300x300.jpg\" alt=\"Bassa velocit\u00e0 elettrica City Tuk\" width=\"300\" height=\"300\" srcset=\"https:\/\/www.tairuiauto.com\/wp-content\/uploads\/2026\/01\/5-1-300x300.jpg 300w, https:\/\/www.tairuiauto.com\/wp-content\/uploads\/2026\/01\/5-1-1024x1024.jpg 1024w, https:\/\/www.tairuiauto.com\/wp-content\/uploads\/2026\/01\/5-1-150x150.jpg 150w, https:\/\/www.tairuiauto.com\/wp-content\/uploads\/2026\/01\/5-1-768x768.jpg 768w, https:\/\/www.tairuiauto.com\/wp-content\/uploads\/2026\/01\/5-1-1536x1536.jpg 1536w, https:\/\/www.tairuiauto.com\/wp-content\/uploads\/2026\/01\/5-1-2048x2048.jpg 2048w, https:\/\/www.tairuiauto.com\/wp-content\/uploads\/2026\/01\/5-1-12x12.jpg 12w, https:\/\/www.tairuiauto.com\/wp-content\/uploads\/2026\/01\/5-1-600x600.jpg 600w, https:\/\/www.tairuiauto.com\/wp-content\/uploads\/2026\/01\/5-1-100x100.jpg 100w\" sizes=\"(max-width: 300px) 100vw, 300px\" \/> <img decoding=\"async\" class=\"size-medium wp-image-5361 alignnone\" src=\"https:\/\/www.tairuiauto.com\/wp-content\/uploads\/2026\/01\/7-1-300x300.jpg\" alt=\"\" width=\"300\" height=\"300\" srcset=\"https:\/\/www.tairuiauto.com\/wp-content\/uploads\/2026\/01\/7-1-300x300.jpg 300w, https:\/\/www.tairuiauto.com\/wp-content\/uploads\/2026\/01\/7-1-1024x1024.jpg 1024w, https:\/\/www.tairuiauto.com\/wp-content\/uploads\/2026\/01\/7-1-150x150.jpg 150w, https:\/\/www.tairuiauto.com\/wp-content\/uploads\/2026\/01\/7-1-768x768.jpg 768w, https:\/\/www.tairuiauto.com\/wp-content\/uploads\/2026\/01\/7-1-1536x1536.jpg 1536w, https:\/\/www.tairuiauto.com\/wp-content\/uploads\/2026\/01\/7-1-2048x2048.jpg 2048w, https:\/\/www.tairuiauto.com\/wp-content\/uploads\/2026\/01\/7-1-12x12.jpg 12w, https:\/\/www.tairuiauto.com\/wp-content\/uploads\/2026\/01\/7-1-600x600.jpg 600w, https:\/\/www.tairuiauto.com\/wp-content\/uploads\/2026\/01\/7-1-100x100.jpg 100w\" sizes=\"(max-width: 300px) 100vw, 300px\" \/> <img decoding=\"async\" class=\"size-medium wp-image-5360 alignnone\" src=\"https:\/\/www.tairuiauto.com\/wp-content\/uploads\/2026\/01\/6-1-300x300.jpg\" alt=\"\" width=\"300\" height=\"300\" srcset=\"https:\/\/www.tairuiauto.com\/wp-content\/uploads\/2026\/01\/6-1-300x300.jpg 300w, https:\/\/www.tairuiauto.com\/wp-content\/uploads\/2026\/01\/6-1-1024x1024.jpg 1024w, https:\/\/www.tairuiauto.com\/wp-content\/uploads\/2026\/01\/6-1-150x150.jpg 150w, https:\/\/www.tairuiauto.com\/wp-content\/uploads\/2026\/01\/6-1-768x768.jpg 768w, https:\/\/www.tairuiauto.com\/wp-content\/uploads\/2026\/01\/6-1-1536x1536.jpg 1536w, https:\/\/www.tairuiauto.com\/wp-content\/uploads\/2026\/01\/6-1-2048x2048.jpg 2048w, https:\/\/www.tairuiauto.com\/wp-content\/uploads\/2026\/01\/6-1-12x12.jpg 12w, https:\/\/www.tairuiauto.com\/wp-content\/uploads\/2026\/01\/6-1-600x600.jpg 600w, https:\/\/www.tairuiauto.com\/wp-content\/uploads\/2026\/01\/6-1-100x100.jpg 100w\" sizes=\"(max-width: 300px) 100vw, 300px\" \/><\/h3>\n<p style=\"padding-left: 40px;\" data-start=\"1517\" data-end=\"1909\">Per migliorare il comfort di guida e la durata, la sospensione anteriore \u00e8 dotata di <strong data-start=\"1599\" data-end=\"1631\">\u03c631 ammortizzatore idraulico<\/strong>assorbendo efficacemente le vibrazioni stradali. Il veicolo corre su <strong data-start=\"1692\" data-end=\"1717\">3.0-10 pneumatici senza tubi<\/strong>, migliorando la presa sulla strada e la resistenza alle forature. La configurazione del cerchio \u00e8 costituita da un <strong data-start=\"1801\" data-end=\"1836\">mozzo in lega di alluminio sulla parte anteriore<\/strong> e un <strong data-start=\"1844\" data-end=\"1868\">mozzo in ferro sul retro<\/strong>, resistenza di bilanciamento ed efficienza dei costi.<\/p>\n<p style=\"padding-left: 40px;\" data-start=\"1911\" data-end=\"2178\">Il sistema frenante dispone di un <strong data-start=\"1941\" data-end=\"1981\">freno a disco anteriore e freno a tamburo posteriore<\/strong>garantire prestazioni di frenatura affidabili e sicurezza di guida. Con un <strong data-start=\"2048\" data-end=\"2076\">capacit\u00e0 di arrampicata di \u226425%<\/strong> e una <strong data-start=\"2083\" data-end=\"2111\">Velocit\u00e0 massima di 25 km\/h<\/strong>Il veicolo \u00e8 adatto al traffico urbano a bassa velocit\u00e0 regolato.<\/p>\n<p style=\"padding-left: 40px;\" data-start=\"2180\" data-end=\"2393\">Per la logistica internazionale, il veicolo supporta <strong data-start=\"2230\" data-end=\"2247\">Imballaggio SKD<\/strong>con un <strong data-start=\"2256\" data-end=\"2309\">capacit\u00e0 del contenitore di 33 unit\u00e0 per contenitore 40HQ<\/strong>. \u00c8 certificato sotto <strong data-start=\"2333\" data-end=\"2350\">Norme CCC<\/strong>soddisfare i requisiti di conformit\u00e0 nazionali.<\/p>\n<hr style=\"padding-left: 40px;\" data-start=\"2395\" data-end=\"2398\" \/>\n<h2 style=\"padding-left: 40px;\" data-start=\"2400\" data-end=\"2428\">Caratteristiche principali &amp; Vantaggi<\/h2>\n<h3 style=\"padding-left: 40px;\" data-start=\"2430\" data-end=\"2444\">Caratteristiche<\/h3>\n<ul>\n<li style=\"list-style-type: none;\">\n<ul data-start=\"2445\" data-end=\"2683\">\n<li data-start=\"2445\" data-end=\"2486\">\n<p data-start=\"2447\" data-end=\"2486\">Compatto tuk elettrico a bassa velocit\u00e0<\/p>\n<\/li>\n<li data-start=\"2487\" data-end=\"2538\">\n<p data-start=\"2489\" data-end=\"2538\">Motore elettrico 60V 1000W con controller stabile<\/p>\n<\/li>\n<li data-start=\"2539\" data-end=\"2582\">\n<p data-start=\"2541\" data-end=\"2582\">Sistema frenante a disco anteriore e a tamburo posteriore<\/p>\n<\/li>\n<li data-start=\"2583\" data-end=\"2632\">\n<p data-start=\"2585\" data-end=\"2632\">Pneumatici senza tubi con mopi in lega e ferro misti<\/p>\n<\/li>\n<li data-start=\"2633\" data-end=\"2683\">\n<p data-start=\"2635\" data-end=\"2683\">Batteria piombo-acida per un funzionamento economico<\/p>\n<\/li>\n<\/ul>\n<\/li>\n<\/ul>\n<h3 style=\"padding-left: 40px;\" data-start=\"2685\" data-end=\"2701\">Vantaggi<\/h3>\n<ul>\n<li style=\"list-style-type: none;\">\n<ul data-start=\"2702\" data-end=\"2880\">\n<li data-start=\"2702\" data-end=\"2744\">\n<p data-start=\"2704\" data-end=\"2744\">Facile funzionamento in strade urbane strette<\/p>\n<\/li>\n<li data-start=\"2745\" data-end=\"2792\">\n<p data-start=\"2747\" data-end=\"2792\">Basso consumo energetico e costi di manutenzione<\/p>\n<\/li>\n<li data-start=\"2793\" data-end=\"2833\">\n<p data-start=\"2795\" data-end=\"2833\">Sistema di frenatura e sospensione stabile<\/p>\n<\/li>\n<li data-start=\"2834\" data-end=\"2880\">\n<p data-start=\"2836\" data-end=\"2880\">Adatto per i trasporti urbani a breve distanza<\/p>\n<\/li>\n<\/ul>\n<\/li>\n<\/ul>\n<h3 style=\"padding-left: 40px;\" data-start=\"2882\" data-end=\"2902\">Vantaggi per l'acquirente<\/h3>\n<ul>\n<li style=\"list-style-type: none;\">\n<ul data-start=\"2903\" data-end=\"3096\">\n<li data-start=\"2903\" data-end=\"2939\">\n<p data-start=\"2905\" data-end=\"2939\">Riduzione dei costi operativi e di carburante<\/p>\n<\/li>\n<li data-start=\"2940\" data-end=\"2989\">\n<p data-start=\"2942\" data-end=\"2989\">Facile manutenzione e disponibilit\u00e0 di ricambi<\/p>\n<\/li>\n<li data-start=\"2990\" data-end=\"3037\">\n<p data-start=\"2992\" data-end=\"3037\">Caricamento efficiente dei contenitori per ordini di massa<\/p>\n<\/li>\n<li data-start=\"3038\" data-end=\"3096\">\n<p data-start=\"3040\" data-end=\"3096\">Ideale per i distributori che si rivolgono ai mercati della mobilit\u00e0 urbana<\/p>\n<\/li>\n<\/ul>\n<\/li>\n<\/ul>\n<h3 style=\"padding-left: 40px;\" data-start=\"3098\" data-end=\"3112\">Prova<\/h3>\n<ul>\n<li style=\"list-style-type: none;\">\n<ul data-start=\"3113\" data-end=\"3237\">\n<li data-start=\"3113\" data-end=\"3157\">\n<p data-start=\"3115\" data-end=\"3157\">Configurazione della trasmissione elettrica provata<\/p>\n<\/li>\n<li data-start=\"3158\" data-end=\"3200\">\n<p data-start=\"3160\" data-end=\"3200\">Sospensione e frenatura affidabili<\/p>\n<\/li>\n<li data-start=\"3201\" data-end=\"3237\">\n<p data-start=\"3203\" data-end=\"3237\">Conformit\u00e0 dei prodotti certificati CCC<\/p>\n<\/li>\n<\/ul>\n<\/li>\n<\/ul>\n<hr style=\"padding-left: 40px;\" data-start=\"3239\" data-end=\"3242\" \/>\n<h2 style=\"padding-left: 40px;\" data-start=\"3244\" data-end=\"3268\">Scenari di applicazione<\/h2>\n<ul>\n<li style=\"list-style-type: none;\">\n<ul data-start=\"3270\" data-end=\"3463\">\n<li data-start=\"3270\" data-end=\"3304\">\n<p data-start=\"3272\" data-end=\"3304\">Trasferimenti urbani a breve distanza<\/p>\n<\/li>\n<li data-start=\"3305\" data-end=\"3345\">\n<p data-start=\"3307\" data-end=\"3345\">Trasporti comunitari residenziali<\/p>\n<\/li>\n<li data-start=\"3346\" data-end=\"3390\">\n<p data-start=\"3348\" data-end=\"3390\">City shuttle e servizi di mobilit\u00e0 locale<\/p>\n<\/li>\n<li data-start=\"3391\" data-end=\"3424\">\n<p data-start=\"3393\" data-end=\"3424\">Trasporto personale giornaliero<\/p>\n<\/li>\n<li data-start=\"3425\" data-end=\"3463\">\n<p data-start=\"3427\" data-end=\"3463\">Progetti di trasporto urbano a bassa velocit\u00e0<\/p>\n<\/li>\n<\/ul>\n<\/li>\n<\/ul>\n<hr style=\"padding-left: 40px;\" data-start=\"3465\" data-end=\"3468\" \/>\n<h2 style=\"padding-left: 40px;\" data-start=\"3470\" data-end=\"3516\">Perch\u00e9 scegliere questo Tuk elettrico a bassa velocit\u00e0<\/h2>\n<p style=\"padding-left: 40px;\" data-start=\"3518\" data-end=\"3795\">Il <strong data-start=\"3522\" data-end=\"3553\">Bassa velocit\u00e0 elettrica City Tuk<\/strong> offre una combinazione equilibrata di dimensioni compatte, prestazioni elettriche stabili ed efficienza dei costi. La sua struttura semplice, componenti affidabili e certificazione di conformit\u00e0 lo rendono una scelta pratica per soluzioni di trasporto urbano a bassa velocit\u00e0.<\/p>\n<hr style=\"padding-left: 40px;\" data-start=\"3797\" data-end=\"3800\" \/>\n<h2 style=\"padding-left: 40px;\" data-start=\"3802\" data-end=\"3825\">Imballaggio &amp; Consegna<\/h2>\n<ul>\n<li style=\"list-style-type: none;\">\n<ul data-start=\"3827\" data-end=\"3974\">\n<li data-start=\"3827\" data-end=\"3853\">\n<p data-start=\"3829\" data-end=\"3853\"><strong data-start=\"3829\" data-end=\"3847\">Certificazione:<\/strong> CCC<\/p>\n<\/li>\n<li data-start=\"3854\" data-end=\"3899\">\n<p data-start=\"3856\" data-end=\"3899\"><strong data-start=\"3856\" data-end=\"3879\">Capacit\u00e0 del contenitore:<\/strong> 33 PCS SKD \/ 40HQ<\/p>\n<\/li>\n<li data-start=\"3900\" data-end=\"3947\">\n<p data-start=\"3902\" data-end=\"3947\"><strong data-start=\"3902\" data-end=\"3921\">Metodo di imballaggio:<\/strong> Imballaggio standard di esportazione<\/p>\n<\/li>\n<li data-start=\"3948\" data-end=\"3974\">\n<p data-start=\"3950\" data-end=\"3974\"><strong data-start=\"3950\" data-end=\"3968\">Modulo di consegna:<\/strong> SKD<\/p>\n<\/li>\n<\/ul>\n<\/li>\n<\/ul>\n<hr style=\"padding-left: 40px;\" data-start=\"3976\" data-end=\"3979\" \/>\n<h2 style=\"padding-left: 40px;\" data-start=\"3981\" data-end=\"3987\">Domande frequenti<\/h2>\n<p style=\"padding-left: 40px;\" data-start=\"3989\" data-end=\"4140\"><strong data-start=\"3989\" data-end=\"4034\">Q1: Qual \u00e8 la gamma di guida per carica?<\/strong><br data-start=\"4034\" data-end=\"4037\" \/>Il veicolo offre una portata di <strong data-start=\"4077\" data-end=\"4089\">40-60 km<\/strong> a carico, a seconda del carico e delle condizioni stradali.<\/p>\n<p style=\"padding-left: 40px;\" data-start=\"4142\" data-end=\"4285\"><strong data-start=\"4142\" data-end=\"4191\">Q2: Che tipo di batteria utilizza questo modello?<\/strong><br data-start=\"4191\" data-end=\"4194\" \/>Utilizza un <strong data-start=\"4204\" data-end=\"4234\">Batteria piombo-acida 60V 32Ah<\/strong>che offre prestazioni stabili e facile manutenzione.<\/p>\n<p style=\"padding-left: 40px;\" data-start=\"4287\" data-end=\"4446\"><strong data-start=\"4287\" data-end=\"4335\">Q3: Questo veicolo \u00e8 adatto per le strade della citt\u00e0?<\/strong><br data-start=\"4335\" data-end=\"4338\" \/>- S\u00ec. - S\u00ec. La sua bassa velocit\u00e0, dimensioni compatte e sistema frenante stabile lo rendono adatto per ambienti di traffico urbano.<\/p>\n<p style=\"padding-left: 40px;\" data-start=\"4448\" data-end=\"4548\"><strong data-start=\"4448\" data-end=\"4497\">Q4: Quali certificazioni ha questo modello?<\/strong><br data-start=\"4497\" data-end=\"4500\" \/>Questo modello \u00e8 certificato sotto <strong data-start=\"4530\" data-end=\"4547\">Norme CCC<\/strong>.<\/p>\n<p style=\"padding-left: 40px;\" data-start=\"4550\" data-end=\"4656\"><strong data-start=\"4550\" data-end=\"4585\">Q5: Come viene spedito il veicolo?<\/strong><br data-start=\"4585\" data-end=\"4588\" \/>\u00c8 spedito in <strong data-start=\"4605\" data-end=\"4617\">Modulo SKD<\/strong>, con <strong data-start=\"4624\" data-end=\"4655\">33 unit\u00e0 per contenitore 40HQ<\/strong>.<\/p>","protected":false},"excerpt":{"rendered":"<p>Il <strong data-start=\"124\" data-end=\"155\">Bassa velocit\u00e0 elettrica City Tuk<\/strong> \u00e8 un tre ruote elettrico compatto progettato per il trasporto urbano a breve distanza. Con un sistema di alimentazione elettrica stabile, una struttura di telaio resistente e efficienti prestazioni frenanti, fornisce una soluzione economicamente efficace per i pendolari in citt\u00e0 e i trasporti leggeri.<\/p>","protected":false},"featured_media":5359,"comment_status":"open","ping_status":"closed","template":"","meta":[],"product_brand":[],"product_cat":[78],"product_tag":[],"class_list":{"0":"post-3708","1":"product","2":"type-product","3":"status-publish","4":"has-post-thumbnail","6":"product_cat-electric-tricycle","8":"first","9":"instock","10":"shipping-taxable","11":"purchasable","12":"product-type-simple"},"_links":{"self":[{"href":"https:\/\/www.tairuiauto.com\/it\/wp-json\/wp\/v2\/product\/3708","targetHints":{"allow":["GET"]}}],"collection":[{"href":"https:\/\/www.tairuiauto.com\/it\/wp-json\/wp\/v2\/product"}],"about":[{"href":"https:\/\/www.tairuiauto.com\/it\/wp-json\/wp\/v2\/types\/product"}],"replies":[{"embeddable":true,"href":"https:\/\/www.tairuiauto.com\/it\/wp-json\/wp\/v2\/comments?post=3708"}],"wp:featuredmedia":[{"embeddable":true,"href":"https:\/\/www.tairuiauto.com\/it\/wp-json\/wp\/v2\/media\/5359"}],"wp:attachment":[{"href":"https:\/\/www.tairuiauto.com\/it\/wp-json\/wp\/v2\/media?parent=3708"}],"wp:term":[{"taxonomy":"product_brand","embeddable":true,"href":"https:\/\/www.tairuiauto.com\/it\/wp-json\/wp\/v2\/product_brand?post=3708"},{"taxonomy":"product_cat","embeddable":true,"href":"https:\/\/www.tairuiauto.com\/it\/wp-json\/wp\/v2\/product_cat?post=3708"},{"taxonomy":"product_tag","embeddable":true,"href":"https:\/\/www.tairuiauto.com\/it\/wp-json\/wp\/v2\/product_tag?post=3708"}],"curies":[{"name":"WP","href":"https:\/\/api.w.org\/{rel}","templated":true}]}}